{"id":23712,"date":"2025-06-13T13:04:43","date_gmt":"2025-06-13T13:04:43","guid":{"rendered":"https:\/\/vikingforce.se\/fury-line\/fury-beta-alanin\/"},"modified":"2025-06-13T13:04:43","modified_gmt":"2025-06-13T13:04:43","slug":"fury-beta-alanin","status":"publish","type":"page","link":"https:\/\/vikingforce.se\/sv\/fury-line\/fury-beta-alanin\/","title":{"rendered":"FURY BETA ALANIN"},"content":{"rendered":"<p><div class=\"fusion-fullwidth fullwidth-box fusion-builder-row-1 hundred-percent-fullwidth non-hundred-percent-height-scrolling fusion-equal-height-columns\" style=\"--awb-background-position:left top;--awb-border-color:#f6f6f6;--awb-border-radius-top-left:0px;--awb-border-radius-top-right:0px;--awb-border-radius-bottom-right:0px;--awb-border-radius-bottom-left:0px;--awb-padding-top:1px;--awb-padding-right:0px;--awb-padding-bottom:30px;--awb-padding-left:0px;--awb-background-color:#fff;--awb-border-sizes-top:0px;--awb-border-sizes-bottom:0px;--awb-flex-wrap:wrap;\" ><div class=\"fusion-builder-row fusion-row\"><div class=\"fusion-layout-column fusion_builder_column fusion-builder-column-0 fusion_builder_column_1_2 1_2 fusion-one-half fusion-column-first\" style=\"--awb-bg-size:cover;width:48%; margin-right: 4%;\"><div class=\"fusion-column-wrapper fusion-flex-column-wrapper-legacy\"><div class=\"fusion-sep-clear\"><\/div><div class=\"fusion-separator fusion-full-width-sep\" style=\"margin-left: auto;margin-right: auto;margin-top:60px;width:100%;\"><\/div><div class=\"fusion-sep-clear\"><\/div><div class=\"fusion-text fusion-text-1\"><p><a href=\"https:\/\/vikingforce.se\/wp-content\/uploads\/2024\/11\/Viking-Fury-Beta-Alanine.jpg\"><img decoding=\"async\" class=\"alignnone wp-image-23022 size-full\" src=\"https:\/\/vikingforce.se\/wp-content\/uploads\/2024\/11\/Viking-Fury-Beta-Alanine.jpg\" alt=\"\" width=\"2000\" height=\"2000\" srcset=\"https:\/\/vikingforce.se\/wp-content\/uploads\/2024\/11\/Viking-Fury-Beta-Alanine-66x66.jpg 66w, https:\/\/vikingforce.se\/wp-content\/uploads\/2024\/11\/Viking-Fury-Beta-Alanine-150x150.jpg 150w, https:\/\/vikingforce.se\/wp-content\/uploads\/2024\/11\/Viking-Fury-Beta-Alanine-200x200.jpg 200w, https:\/\/vikingforce.se\/wp-content\/uploads\/2024\/11\/Viking-Fury-Beta-Alanine-300x300.jpg 300w, https:\/\/vikingforce.se\/wp-content\/uploads\/2024\/11\/Viking-Fury-Beta-Alanine-400x400.jpg 400w, https:\/\/vikingforce.se\/wp-content\/uploads\/2024\/11\/Viking-Fury-Beta-Alanine-600x600.jpg 600w, https:\/\/vikingforce.se\/wp-content\/uploads\/2024\/11\/Viking-Fury-Beta-Alanine-768x768.jpg 768w, https:\/\/vikingforce.se\/wp-content\/uploads\/2024\/11\/Viking-Fury-Beta-Alanine-800x800.jpg 800w, https:\/\/vikingforce.se\/wp-content\/uploads\/2024\/11\/Viking-Fury-Beta-Alanine-1024x1024.jpg 1024w, https:\/\/vikingforce.se\/wp-content\/uploads\/2024\/11\/Viking-Fury-Beta-Alanine-1200x1200.jpg 1200w, https:\/\/vikingforce.se\/wp-content\/uploads\/2024\/11\/Viking-Fury-Beta-Alanine-1536x1536.jpg 1536w, https:\/\/vikingforce.se\/wp-content\/uploads\/2024\/11\/Viking-Fury-Beta-Alanine.jpg 2000w\" sizes=\"(max-width: 2000px) 100vw, 2000px\" \/><\/a><\/p>\n<\/div><div class=\"fusion-clearfix\"><\/div><\/div><\/div><div class=\"fusion-layout-column fusion_builder_column fusion-builder-column-1 fusion_builder_column_1_2 1_2 fusion-one-half fusion-column-last\" style=\"--awb-bg-size:cover;width:48%;\"><div class=\"fusion-column-wrapper fusion-flex-column-wrapper-legacy\"><div class=\"fusion-sep-clear\"><\/div><div class=\"fusion-separator fusion-full-width-sep\" style=\"margin-left: auto;margin-right: auto;margin-top:30px;width:100%;\"><\/div><div class=\"fusion-sep-clear\"><\/div><div class=\"fusion-title title fusion-title-1 fusion-sep-none fusion-title-text fusion-title-size-one title-wg\" style=\"--awb-margin-bottom:5px;\"><h1 class=\"fusion-title-heading title-heading-left\" style=\"margin:0;\"><span style=\"font-size: var(--h1_typography-font-size); font-style: var(--h1_typography-font-style,normal); font-weight: var(--h1_typography-font-weight); letter-spacing: var(--h1_typography-letter-spacing);\">FURY BETA ALANIN<\/span><\/h1><\/div><div class=\"fusion-text fusion-text-2\"><p style=\"text-align: center;\">(Kosttillskott)<\/p>\n<\/div><div class=\"fusion-text fusion-text-3\"><p class=\"subtitle-wg\" style=\"text-align: center;\">Nettovikt: 300 g<\/p>\n<p class=\"subtitle-wg\" style=\"text-align: center;\">Portioner\/beh\u00e5llare : 150<\/p>\n<\/div><div class=\"fusion-clearfix\"><\/div><\/div><\/div><\/div><\/div><div class=\"fusion-fullwidth fullwidth-box fusion-builder-row-2 nonhundred-percent-fullwidth non-hundred-percent-height-scrolling\" style=\"--awb-border-color:#f6f6f6;--awb-border-radius-top-left:0px;--awb-border-radius-top-right:0px;--awb-border-radius-bottom-right:0px;--awb-border-radius-bottom-left:0px;--awb-padding-top:10px;--awb-padding-right:0px;--awb-padding-bottom:0px;--awb-padding-left:0px;--awb-background-color:#fff;--awb-border-sizes-top:0px;--awb-border-sizes-bottom:0px;--awb-flex-wrap:wrap;\" ><div class=\"fusion-builder-row fusion-row\"><div class=\"fusion-layout-column fusion_builder_column fusion-builder-column-2 fusion_builder_column_2_5 2_5 fusion-two-fifth fusion-column-first\" style=\"--awb-bg-size:cover;width:37.6%; margin-right: 4%;\"><div class=\"fusion-column-wrapper fusion-flex-column-wrapper-legacy\"><div class=\"fusion-text fusion-text-4\"><p class=\"subtitle-aa\"><span style=\"color: #c46f00;\">Smaker :<\/span> <span style=\"font-weight: normal; color: #747474;\">Natur<\/span><\/p>\n<p style=\"color: #c46f00;\"><b>Riktning f\u00f6r anv\u00e4ndning:<\/b><\/p>\n<p>Ta 2 &#8211; 4 g (\u00bd &#8211; 1 skopa) blandat med kallt vatten eller din favoritdryck. Konsumera en portion per dag 20-30 minuter f\u00f6re tr\u00e4ning. P\u00e5 vilodagar tar du 1 portion 1-2 g\u00e5nger om dagen, helst mellan m\u00e5ltiderna. F\u00f6r b\u00e4sta resultat, anv\u00e4nd produkten kontinuerligt i minst 8 veckor varefter ett uppeh\u00e5ll p\u00e5 2-3 veckor rekommenderas. Vissa individer kan m\u00e4rka en stickning och rodnad av hudk\u00e4nslan som \u00e4r ofarlig och tillskrivs beta-alanin.    <\/p>\n<p class=\"subtitle-aa\"><span style=\"color: #c46f00;\">Ingrediens<\/span><span style=\"color: #c46f00;\"><span style=\"color: #c46f00;\">tioner<\/span>:<\/span><\/p>\n<p>Beta-alanin.<\/p>\n<p><span style=\"color: #747474;\"><b style=\"color: #c46f00;\">Information om allergener:<\/b><\/span><\/p>\n<p><span style=\"color: var(--body_typography-color); font-family: var(--body_typography-font-family); font-size: var(--body_typography-font-size); font-style: var(--body_typography-font-style,normal); font-weight: var(--body_typography-font-weight); letter-spacing: var(--body_typography-letter-spacing);\">Tillverkad i en anl\u00e4ggning som \u00e4ven bearbetar mj\u00f6lk-, soja-, \u00e4gg- och veteproteiner (gluten).<\/span><\/p>\n<p><span style=\"font-family: var(--body_typography-font-family); font-size: var(--body_typography-font-size); font-style: var(--body_typography-font-style,normal); font-weight: var(--body_typography-font-weight); letter-spacing: var(--body_typography-letter-spacing); color: rgb(196, 111, 0);\"><b>Viktig information :  <\/b><\/span><\/p>\n<p><span style=\"color: var(--body_typography-color); font-family: var(--body_typography-font-family); font-size: var(--body_typography-font-size); font-style: var(--body_typography-font-style,normal); font-weight: var(--body_typography-font-weight); letter-spacing: var(--body_typography-letter-spacing);\">Denna produkt \u00e4r ett kosttillskott. Anv\u00e4nd denna produkt tillsammans med mat som en del av en h\u00e4lsosam, balanserad kost, inte som en ers\u00e4ttning f\u00f6r s\u00e5dan. F\u00f6rvaras o\u00e5tkomligt f\u00f6r barn. Rekommenderas inte f\u00f6r anv\u00e4ndning av barn, gravida eller ammande kvinnor! \u00d6verskrid inte den rekommenderade dagliga dosen.    <\/span><\/p>\n<p><span style=\"font-family: var(--body_typography-font-family); font-size: var(--body_typography-font-size); font-style: var(--body_typography-font-style,normal); font-weight: var(--body_typography-font-weight); letter-spacing: var(--body_typography-letter-spacing); color: rgb(196, 111, 0);\"><b>F\u00f6rvaringsf\u00f6rh\u00e5llanden:<\/b><\/span><span style=\"color: var(--body_typography-color); font-family: var(--body_typography-font-family); font-size: var(--body_typography-font-size); font-style: var(--body_typography-font-style,normal); font-weight: var(--body_typography-font-weight); letter-spacing: var(--body_typography-letter-spacing);\"> <\/span><\/p>\n<p><span style=\"color: var(--body_typography-color); font-family: var(--body_typography-font-family); font-size: var(--body_typography-font-size); font-style: var(--body_typography-font-style,normal); font-weight: var(--body_typography-font-weight); letter-spacing: var(--body_typography-letter-spacing);\">F\u00f6rvara p\u00e5 en sval och torr plats. F\u00e5r inte uts\u00e4ttas f\u00f6r \u00f6verdriven v\u00e4rme, fukt eller solljus. B\u00e4st f\u00f6re utg\u00e5ngsdatumet som anges p\u00e5 f\u00f6rpackningen.  <\/span><\/p>\n<\/div><div class=\"fusion-clearfix\"><\/div><\/div><\/div><div class=\"fusion-layout-column fusion_builder_column fusion-builder-column-3 fusion_builder_column_3_5 3_5 fusion-three-fifth fusion-column-last\" style=\"--awb-bg-size:cover;--awb-margin-bottom:1px;width:58.4%;\"><div class=\"fusion-column-wrapper fusion-flex-column-wrapper-legacy\"><div class=\"fusion-text fusion-text-5\"><p style=\"color: #c46f00;\"><strong>N\u00c4RINGSFAKTA<\/strong><\/p>\n<\/div><div class=\"fusion-text fusion-text-6\"><div class=\"table-1\">\n<table class=\"tb\" width=\"100%\">\n<tbody>\n<tr class=\"table-row_border\">\n<td colspan=\"3\"><strong>Portionsstorlek: 2g<\/strong><\/td>\n<td><b>2 g<\/b><\/td>\n<td><b>100 g<\/b><\/td>\n<\/tr>\n<tr>\n<td colspan=\"3\">Beta-Alanin<\/td>\n<td>2000 mg<\/td>\n<td>100 g<\/td>\n<\/tr>\n<\/tbody>\n<\/table>\n<\/div>\n<\/div><div class=\"fusion-clearfix\"><\/div><\/div><\/div><\/div><\/div><\/p>\n","protected":false},"excerpt":{"rendered":"","protected":false},"author":1,"featured_media":0,"parent":21557,"menu_order":0,"comment_status":"closed","ping_status":"closed","template":"","meta":{"footnotes":""},"class_list":["post-23712","page","type-page","status-publish","hentry"],"_links":{"self":[{"href":"https:\/\/vikingforce.se\/sv\/wp-json\/wp\/v2\/pages\/23712","targetHints":{"allow":["GET"]}}],"collection":[{"href":"https:\/\/vikingforce.se\/sv\/wp-json\/wp\/v2\/pages"}],"about":[{"href":"https:\/\/vikingforce.se\/sv\/wp-json\/wp\/v2\/types\/page"}],"author":[{"embeddable":true,"href":"https:\/\/vikingforce.se\/sv\/wp-json\/wp\/v2\/users\/1"}],"replies":[{"embeddable":true,"href":"https:\/\/vikingforce.se\/sv\/wp-json\/wp\/v2\/comments?post=23712"}],"version-history":[{"count":2,"href":"https:\/\/vikingforce.se\/sv\/wp-json\/wp\/v2\/pages\/23712\/revisions"}],"predecessor-version":[{"id":23714,"href":"https:\/\/vikingforce.se\/sv\/wp-json\/wp\/v2\/pages\/23712\/revisions\/23714"}],"up":[{"embeddable":true,"href":"https:\/\/vikingforce.se\/sv\/wp-json\/wp\/v2\/pages\/21557"}],"wp:attachment":[{"href":"https:\/\/vikingforce.se\/sv\/wp-json\/wp\/v2\/media?parent=23712"}],"curies":[{"name":"wp","href":"https:\/\/api.w.org\/{rel}","templated":true}]}}