{"id":23690,"date":"2025-06-13T08:44:52","date_gmt":"2025-06-13T08:44:52","guid":{"rendered":"https:\/\/vikingforce.se\/fury-line\/fury-gainer\/"},"modified":"2025-06-13T08:44:53","modified_gmt":"2025-06-13T08:44:53","slug":"fury-gainer","status":"publish","type":"page","link":"https:\/\/vikingforce.se\/sv\/fury-line\/fury-gainer\/","title":{"rendered":"FURY GAINER"},"content":{"rendered":"<p><div class=\"fusion-fullwidth fullwidth-box fusion-builder-row-1 hundred-percent-fullwidth non-hundred-percent-height-scrolling fusion-equal-height-columns\" style=\"--awb-background-position:left top;--awb-border-color:#f6f6f6;--awb-border-radius-top-left:0px;--awb-border-radius-top-right:0px;--awb-border-radius-bottom-right:0px;--awb-border-radius-bottom-left:0px;--awb-padding-top:1px;--awb-padding-right:0px;--awb-padding-bottom:30px;--awb-padding-left:0px;--awb-background-color:#fff;--awb-border-sizes-top:0px;--awb-border-sizes-bottom:0px;--awb-flex-wrap:wrap;\" ><div class=\"fusion-builder-row fusion-row\"><div class=\"fusion-layout-column fusion_builder_column fusion-builder-column-0 fusion_builder_column_1_2 1_2 fusion-one-half fusion-column-first\" style=\"--awb-bg-size:cover;width:48%; margin-right: 4%;\"><div class=\"fusion-column-wrapper fusion-flex-column-wrapper-legacy\"><div class=\"fusion-sep-clear\"><\/div><div class=\"fusion-separator fusion-full-width-sep\" style=\"margin-left: auto;margin-right: auto;margin-top:60px;width:100%;\"><\/div><div class=\"fusion-sep-clear\"><\/div><div class=\"fusion-image-carousel fusion-image-carousel-auto fusion-image-carousel-1 fusion-carousel-border\"><div class=\"awb-carousel awb-swiper awb-swiper-carousel awb-swiper-dots-position-bottom awb-carousel--carousel\" data-layout=\"carousel\" data-autoplay=\"no\" data-autoplayspeed=\"2500\" data-autoplaypause=\"no\" data-columns=\"1\" data-itemmargin=\"13\" data-itemwidth=\"180\" data-touchscroll=\"no\" data-freemode=\"no\" data-imagesize=\"auto\" data-scrollitems=\"0\" data-centeredslides=\"no\" data-rotationangle=\"50\" data-depth=\"100\" data-speed=\"500\" data-shadow=\"no\" style=\"--awb-columns:1;--awb-border-width:1px;--awb-border-color:#e9eaee;\"><div class=\"swiper-wrapper awb-image-carousel-wrapper fusion-flex-align-items-center\"><div class=\"swiper-slide\"><div class=\"fusion-carousel-item-wrapper\"><div class=\"fusion-image-wrapper hover-type-none\"><img decoding=\"async\" width=\"2000\" height=\"2000\" src=\"https:\/\/vikingforce.se\/wp-content\/uploads\/2024\/11\/Viking-Fury-Gainer-chocolate.jpg\" class=\"attachment-full size-full\" alt=\"\" srcset=\"https:\/\/vikingforce.se\/wp-content\/uploads\/2024\/11\/Viking-Fury-Gainer-chocolate-66x66.jpg 66w, https:\/\/vikingforce.se\/wp-content\/uploads\/2024\/11\/Viking-Fury-Gainer-chocolate-150x150.jpg 150w, https:\/\/vikingforce.se\/wp-content\/uploads\/2024\/11\/Viking-Fury-Gainer-chocolate-200x200.jpg 200w, https:\/\/vikingforce.se\/wp-content\/uploads\/2024\/11\/Viking-Fury-Gainer-chocolate-300x300.jpg 300w, https:\/\/vikingforce.se\/wp-content\/uploads\/2024\/11\/Viking-Fury-Gainer-chocolate-400x400.jpg 400w, https:\/\/vikingforce.se\/wp-content\/uploads\/2024\/11\/Viking-Fury-Gainer-chocolate-600x600.jpg 600w, https:\/\/vikingforce.se\/wp-content\/uploads\/2024\/11\/Viking-Fury-Gainer-chocolate-768x768.jpg 768w, https:\/\/vikingforce.se\/wp-content\/uploads\/2024\/11\/Viking-Fury-Gainer-chocolate-800x800.jpg 800w, https:\/\/vikingforce.se\/wp-content\/uploads\/2024\/11\/Viking-Fury-Gainer-chocolate-1024x1024.jpg 1024w, https:\/\/vikingforce.se\/wp-content\/uploads\/2024\/11\/Viking-Fury-Gainer-chocolate-1200x1200.jpg 1200w, https:\/\/vikingforce.se\/wp-content\/uploads\/2024\/11\/Viking-Fury-Gainer-chocolate-1536x1536.jpg 1536w, https:\/\/vikingforce.se\/wp-content\/uploads\/2024\/11\/Viking-Fury-Gainer-chocolate.jpg 2000w\" sizes=\"(max-width: 2000px) 100vw, 2000px\" \/><\/div><\/div><\/div><div class=\"swiper-slide\"><div class=\"fusion-carousel-item-wrapper\"><div class=\"fusion-image-wrapper hover-type-none\"><img decoding=\"async\" width=\"2000\" height=\"2000\" src=\"https:\/\/vikingforce.se\/wp-content\/uploads\/2024\/11\/Viking-Fury-Gainer-dark-cookies.jpg\" class=\"attachment-full size-full\" alt=\"\" srcset=\"https:\/\/vikingforce.se\/wp-content\/uploads\/2024\/11\/Viking-Fury-Gainer-dark-cookies-66x66.jpg 66w, https:\/\/vikingforce.se\/wp-content\/uploads\/2024\/11\/Viking-Fury-Gainer-dark-cookies-150x150.jpg 150w, https:\/\/vikingforce.se\/wp-content\/uploads\/2024\/11\/Viking-Fury-Gainer-dark-cookies-200x200.jpg 200w, https:\/\/vikingforce.se\/wp-content\/uploads\/2024\/11\/Viking-Fury-Gainer-dark-cookies-300x300.jpg 300w, https:\/\/vikingforce.se\/wp-content\/uploads\/2024\/11\/Viking-Fury-Gainer-dark-cookies-400x400.jpg 400w, https:\/\/vikingforce.se\/wp-content\/uploads\/2024\/11\/Viking-Fury-Gainer-dark-cookies-600x600.jpg 600w, https:\/\/vikingforce.se\/wp-content\/uploads\/2024\/11\/Viking-Fury-Gainer-dark-cookies-768x768.jpg 768w, https:\/\/vikingforce.se\/wp-content\/uploads\/2024\/11\/Viking-Fury-Gainer-dark-cookies-800x800.jpg 800w, https:\/\/vikingforce.se\/wp-content\/uploads\/2024\/11\/Viking-Fury-Gainer-dark-cookies-1024x1024.jpg 1024w, https:\/\/vikingforce.se\/wp-content\/uploads\/2024\/11\/Viking-Fury-Gainer-dark-cookies-1200x1200.jpg 1200w, https:\/\/vikingforce.se\/wp-content\/uploads\/2024\/11\/Viking-Fury-Gainer-dark-cookies-1536x1536.jpg 1536w, https:\/\/vikingforce.se\/wp-content\/uploads\/2024\/11\/Viking-Fury-Gainer-dark-cookies.jpg 2000w\" sizes=\"(max-width: 2000px) 100vw, 2000px\" \/><\/div><\/div><\/div><div class=\"swiper-slide\"><div class=\"fusion-carousel-item-wrapper\"><div class=\"fusion-image-wrapper hover-type-none\"><img decoding=\"async\" width=\"2000\" height=\"2000\" src=\"https:\/\/vikingforce.se\/wp-content\/uploads\/2024\/11\/Viking-Fury-Gainer-coconut-1.jpg\" class=\"attachment-full size-full\" alt=\"\" srcset=\"https:\/\/vikingforce.se\/wp-content\/uploads\/2024\/11\/Viking-Fury-Gainer-coconut-1-66x66.jpg 66w, https:\/\/vikingforce.se\/wp-content\/uploads\/2024\/11\/Viking-Fury-Gainer-coconut-1-150x150.jpg 150w, https:\/\/vikingforce.se\/wp-content\/uploads\/2024\/11\/Viking-Fury-Gainer-coconut-1-200x200.jpg 200w, https:\/\/vikingforce.se\/wp-content\/uploads\/2024\/11\/Viking-Fury-Gainer-coconut-1-300x300.jpg 300w, https:\/\/vikingforce.se\/wp-content\/uploads\/2024\/11\/Viking-Fury-Gainer-coconut-1-400x400.jpg 400w, https:\/\/vikingforce.se\/wp-content\/uploads\/2024\/11\/Viking-Fury-Gainer-coconut-1-600x600.jpg 600w, https:\/\/vikingforce.se\/wp-content\/uploads\/2024\/11\/Viking-Fury-Gainer-coconut-1-768x768.jpg 768w, https:\/\/vikingforce.se\/wp-content\/uploads\/2024\/11\/Viking-Fury-Gainer-coconut-1-800x800.jpg 800w, https:\/\/vikingforce.se\/wp-content\/uploads\/2024\/11\/Viking-Fury-Gainer-coconut-1-1024x1024.jpg 1024w, https:\/\/vikingforce.se\/wp-content\/uploads\/2024\/11\/Viking-Fury-Gainer-coconut-1-1200x1200.jpg 1200w, https:\/\/vikingforce.se\/wp-content\/uploads\/2024\/11\/Viking-Fury-Gainer-coconut-1-1536x1536.jpg 1536w, https:\/\/vikingforce.se\/wp-content\/uploads\/2024\/11\/Viking-Fury-Gainer-coconut-1.jpg 2000w\" sizes=\"(max-width: 2000px) 100vw, 2000px\" \/><\/div><\/div><\/div><\/div><div class=\"awb-swiper-button awb-swiper-button-prev\"><i class=\"awb-icon-angle-left\" aria-hidden=\"true\"><\/i><\/div><div class=\"awb-swiper-button awb-swiper-button-next\"><i class=\"awb-icon-angle-right\" aria-hidden=\"true\"><\/i><\/div><\/div><\/div><div class=\"fusion-text fusion-text-1\"><\/div><div class=\"fusion-clearfix\"><\/div><\/div><\/div><div class=\"fusion-layout-column fusion_builder_column fusion-builder-column-1 fusion_builder_column_1_2 1_2 fusion-one-half fusion-column-last\" style=\"--awb-bg-size:cover;width:48%;\"><div class=\"fusion-column-wrapper fusion-flex-column-wrapper-legacy\"><div class=\"fusion-title title fusion-title-1 fusion-sep-none fusion-title-text fusion-title-size-one title-wg\" style=\"--awb-margin-bottom:5px;\"><h1 class=\"fusion-title-heading title-heading-left\" style=\"margin:0;\"><div style=\"text-align: center;\"><span style=\"font-size: var(--h1_typography-font-size); font-style: var(--h1_typography-font-style,normal); font-weight: var(--h1_typography-font-weight); letter-spacing: var(--h1_typography-letter-spacing);\">FURY GAINER<\/span><\/div><\/h1><\/div><div class=\"fusion-text fusion-text-2\"><p style=\"text-align: center;\">(Kosttillskott)<\/p>\n<\/div><div class=\"fusion-text fusion-text-3\"><p class=\"subtitle-wg\" style=\"text-align: center;\">Nettovikt: 3000 g<\/p>\n<p class=\"subtitle-wg\" style=\"text-align: center;\">Portioner\/beh\u00e5llare : 30<\/p>\n<\/div><div class=\"fusion-clearfix\"><\/div><\/div><\/div><\/div><\/div><div class=\"fusion-fullwidth fullwidth-box fusion-builder-row-2 nonhundred-percent-fullwidth non-hundred-percent-height-scrolling\" style=\"--awb-border-color:#f6f6f6;--awb-border-radius-top-left:0px;--awb-border-radius-top-right:0px;--awb-border-radius-bottom-right:0px;--awb-border-radius-bottom-left:0px;--awb-padding-top:10px;--awb-padding-right:0px;--awb-padding-bottom:0px;--awb-padding-left:0px;--awb-background-color:#fff;--awb-border-sizes-top:0px;--awb-border-sizes-bottom:0px;--awb-flex-wrap:wrap;\" ><div class=\"fusion-builder-row fusion-row\"><div class=\"fusion-layout-column fusion_builder_column fusion-builder-column-2 fusion_builder_column_2_5 2_5 fusion-two-fifth fusion-column-first\" style=\"--awb-bg-size:cover;width:37.6%; margin-right: 4%;\"><div class=\"fusion-column-wrapper fusion-flex-column-wrapper-legacy\"><div class=\"fusion-text fusion-text-4\"><p class=\"subtitle-aa\"><span style=\"color: #c46f00;\">Smaker :<\/span> <font color=\"#747474\"><span style=\"font-weight: 400;\">Choklad , M\u00f6rka kakor , Kokosn\u00f6t<\/span><\/font><\/p>\n<p style=\"color: #c46f00;\"><b>Riktning f\u00f6r anv\u00e4ndning:<\/b><\/p>\n<p><span style=\"color: var(--body_typography-color); font-family: var(--body_typography-font-family); font-size: var(--body_typography-font-size); font-style: var(--body_typography-font-style,normal); font-weight: var(--body_typography-font-weight); letter-spacing: var(--body_typography-letter-spacing);\">Blanda 2 stora skopor (100 g) med 300-350 ml vatten och drick omedelbart efter tillagning. Ta 1-2 portioner dagligen under en period av 2-3 m\u00e5nader: 1 portion 1 timme f\u00f6re tr\u00e4ning och 1 portion 1 timme efter tr\u00e4ning. <\/span><\/p>\n<p><span style=\"font-weight: bold; font-family: var(--body_typography-font-family); font-size: var(--body_typography-font-size); font-style: var(--body_typography-font-style,normal); letter-spacing: var(--body_typography-letter-spacing); color: rgb(196, 111, 0);\">Ingrediens<\/span><span style=\"font-weight: bold; font-family: var(--body_typography-font-family); font-size: var(--body_typography-font-size); font-style: var(--body_typography-font-style,normal); letter-spacing: var(--body_typography-letter-spacing); color: rgb(196, 111, 0);\">tioner:<\/span><\/p>\n<p><b><u>Choklad<\/u><\/b>: Kolhydratmix (maltodextrin, dextros monohydrat), proteinmix (vassleproteinkoncentrat, kalciumkaseinat, totalt mj\u00f6lkprotein), fettreducerat kakaopulver, klumpf\u00f6rebyggande medel (trikalciumfosfat, sillikondioxid), vitamin- och mineralblandning (trinatriumcitrat, natriumklorid, kaliumklorid, trikalciumcitrat, vitamin C, trimagnesiumcitrat, niacin, pantotensyra, vitamin B6, tiamin, vitamin B12, folsyra), aromer, f\u00f6rtjockningsmedel (xantangummi), Digezyme\u00ae multienzymkomplex (alfa-amylas, proteas, laktas, lipas, cellulas), s\u00f6tningsmedel (sukralos, acesulfam K).<\/p>\n<p><b><u>M\u00f6rka kakor:<\/u><\/b> Kolhydratmix (maltodextrin, dextros monohydrat), proteinmix (vassleproteinkoncentrat, kalciumkaseinat, totalt mj\u00f6lkprotein), fettreducerat kakaopulver, klumpf\u00f6rebyggande medel (trikalciumfosfat, sillikondioxid), vitamin- och mineralblandning (trinatriumcitrat, natriumklorid, kaliumklorid, trikalciumcitrat, vitamin C, trimagnesiumcitrat, niacin, pantotensyra, vitamin B6, tiamin, vitamin B12, folsyra), aromer, f\u00f6rtjockningsmedel (xantangummi), Digezyme\u00ae multienzymkomplex (alfa-amylas, proteas, laktas, lipas, cellulas), s\u00f6tningsmedel (sukralos, acesulfam K).<\/p>\n<p><b><u>Kokosn\u00f6t:<\/u><\/b> Kolhydratmix (maltodextrin, dextros monohydrat), proteinmix (vassleproteinkoncentrat, kalciumkaseinat, totalt mj\u00f6lkprotein), klumpf\u00f6rebyggande medel (trikalciumfosfat, sillikondioxid), vitamin- och mineralblandning (trinatriumcitrat, natriumklorid, kaliumklorid, trikalciumcitrat, vitamin C, trimagnesiumcitrat, niacin, pantotensyra, vitamin B6, tiamin, vitamin B12, folsyra), aromer, f\u00f6rtjockningsmedel (xantangummi), Digezyme\u00ae multienzymkomplex (alfa-amylas, proteas, laktas, lipas, cellulas), s\u00f6tningsmedel (sukralos, acesulfam K).<\/p>\n<p style=\"color: #c46f00;\"><b style=\"font-family: var(--body_typography-font-family); font-size: var(--body_typography-font-size); font-style: var(--body_typography-font-style,normal); letter-spacing: var(--body_typography-letter-spacing);\">Information om allergener:<\/b><\/p>\n<p><span style=\"color: var(--body_typography-color); font-family: var(--body_typography-font-family); font-size: var(--body_typography-font-size); font-style: var(--body_typography-font-style,normal); font-weight: var(--body_typography-font-weight); letter-spacing: var(--body_typography-letter-spacing);\">Tillverkad av mj\u00f6lk. Kan inneh\u00e5lla sp\u00e5r av soja, \u00e4gg och vete (gluten). <\/span><\/p>\n<p><span style=\"font-family: var(--body_typography-font-family); font-size: var(--body_typography-font-size); font-style: var(--body_typography-font-style,normal); font-weight: var(--body_typography-font-weight); letter-spacing: var(--body_typography-letter-spacing); color: rgb(196, 111, 0);\"><b>Viktig information:<\/b><\/span><\/p>\n<p><span style=\"color: var(--body_typography-color); font-family: var(--body_typography-font-family); font-size: var(--body_typography-font-size); font-style: var(--body_typography-font-style,normal); font-weight: var(--body_typography-font-weight); letter-spacing: var(--body_typography-letter-spacing);\">Denna produkt \u00e4r ett kosttillskott. \u00d6verskrid inte den rekommenderade dagliga dosen. Anv\u00e4nd denna produkt tillsammans med mat som en del av en h\u00e4lsosam, balanserad kost, inte som en ers\u00e4ttning f\u00f6r s\u00e5dan. F\u00f6rvaras o\u00e5tkomligt f\u00f6r barn. Rekommenderas inte f\u00f6r anv\u00e4ndning av barn, gravida eller ammande kvinnor!    <\/span><\/p>\n<p><span style=\"font-family: var(--body_typography-font-family); font-size: var(--body_typography-font-size); font-style: var(--body_typography-font-style,normal); font-weight: var(--body_typography-font-weight); letter-spacing: var(--body_typography-letter-spacing); color: rgb(196, 111, 0);\"><b>F\u00f6rvaring och villkor:<\/b><\/span><span style=\"color: var(--body_typography-color); font-family: var(--body_typography-font-family); font-size: var(--body_typography-font-size); font-style: var(--body_typography-font-style,normal); font-weight: var(--body_typography-font-weight); letter-spacing: var(--body_typography-letter-spacing);\"> <\/span><\/p>\n<p><span style=\"color: var(--body_typography-color); font-family: var(--body_typography-font-family); font-size: var(--body_typography-font-size); font-style: var(--body_typography-font-style,normal); font-weight: var(--body_typography-font-weight); letter-spacing: var(--body_typography-letter-spacing);\">F\u00f6rvara p\u00e5 en sval och torr plats. F\u00e5r inte uts\u00e4ttas f\u00f6r \u00f6verdriven v\u00e4rme, fukt eller solljus. B\u00e4st f\u00f6re utg\u00e5ngsdatumet som anges p\u00e5 f\u00f6rpackningen.  <\/span><\/p>\n<\/div><div class=\"fusion-clearfix\"><\/div><\/div><\/div><div class=\"fusion-layout-column fusion_builder_column fusion-builder-column-3 fusion_builder_column_3_5 3_5 fusion-three-fifth fusion-column-last\" style=\"--awb-bg-size:cover;--awb-margin-bottom:1px;width:58.4%;\"><div class=\"fusion-column-wrapper fusion-flex-column-wrapper-legacy\"><div class=\"fusion-text fusion-text-5\"><p style=\"color: #c46f00;\"><strong>N\u00c4RINGSFAKTA<\/strong><\/p>\n<\/div><div class=\"fusion-text fusion-text-6\"><div class=\"table-1\">\n<table class=\"tb\" width=\"100%\">\n<tbody>\n<tr class=\"table-row_border\">\n<td colspan=\"3\"><strong>Portioner per beh\u00e5llare: 30 portioner<\/strong><\/td>\n<td><strong>Per 100 g produkt<\/strong><\/td>\n<\/tr>\n<tr>\n<td colspan=\"3\">Energiv\u00e4rde<\/td>\n<td>1533,7 kJ \/ 361,1 kcal<\/td>\n<\/tr>\n<tr>\n<td colspan=\"3\">Fett<\/td>\n<td>0.70 g<\/td>\n<\/tr>\n<tr>\n<td colspan=\"3\">&#8211; Varav m\u00e4ttade fettsyror<\/td>\n<td>0.54 g<\/td>\n<\/tr>\n<tr>\n<td colspan=\"3\">Kolhydrater<\/td>\n<td>67.5 g<\/td>\n<\/tr>\n<tr>\n<td colspan=\"3\">&#8211; Varav sockerarter<\/td>\n<td>35.2 g<\/td>\n<\/tr>\n<tr>\n<td colspan=\"3\">protein<\/td>\n<td>21.0 g<\/td>\n<\/tr>\n<tr>\n<td colspan=\"3\">Salt<\/td>\n<td>0.72 g<\/td>\n<\/tr>\n<tr>\n<td colspan=\"5\"><em><strong>Vitaminer och mineraler:<\/strong><\/em><\/td>\n<\/tr>\n<tr>\n<td colspan=\"3\">kalium<\/td>\n<td>123,1 mg<\/td>\n<\/tr>\n<tr>\n<td colspan=\"3\">Kalcium<\/td>\n<td>454,9 mg<\/td>\n<\/tr>\n<tr>\n<td colspan=\"3\">Klorid<\/td>\n<td>137,6 mg<\/td>\n<\/tr>\n<tr>\n<td colspan=\"3\">Magnesium<\/td>\n<td>16,9 mg<\/td>\n<\/tr>\n<tr>\n<td colspan=\"3\">C-vitamin<\/td>\n<td>83,0 mg<\/td>\n<\/tr>\n<tr>\n<td colspan=\"3\">Niacin<\/td>\n<td>15,0 mg Niacin<\/td>\n<\/tr>\n<tr>\n<td colspan=\"3\">Pantotensyra<\/td>\n<td>6,0 mg<\/td>\n<\/tr>\n<tr>\n<td colspan=\"3\">Vitamin B6<\/td>\n<td>2,0 mg<\/td>\n<\/tr>\n<tr>\n<td colspan=\"3\">Tiamin<\/td>\n<td>1,4 mg<\/td>\n<\/tr>\n<tr>\n<td colspan=\"3\">Folsyra<\/td>\n<td>190 \u00b5g<\/td>\n<\/tr>\n<tr>\n<td colspan=\"3\">Vitamin B12<\/td>\n<td>0,8 \u00b5g<\/td>\n<\/tr>\n<tr>\n<td colspan=\"3\"><em><strong>Digezyme\u00ae Multienzyme Complex:<\/strong><\/em><\/td>\n<td>150 mg<\/td>\n<\/tr>\n<tr>\n<td colspan=\"3\">&#8211; Varav Alfa-Amylas<\/td>\n<td>90 mg<\/td>\n<\/tr>\n<tr>\n<td colspan=\"3\">&#8211; Varav Proteas<\/td>\n<td>6,15 mg<\/td>\n<\/tr>\n<tr>\n<td colspan=\"3\">&#8211; Varav Laktas<\/td>\n<td>44 mg<\/td>\n<\/tr>\n<tr>\n<td colspan=\"3\">&#8211; Varav lipas<\/td>\n<td>1,0 mg<\/td>\n<\/tr>\n<tr>\n<td colspan=\"3\">&#8211; Varav Cellulas<\/td>\n<td>9,5 mg<\/td>\n<\/tr>\n<tr>\n<td colspan=\"5\"><em>*NRV &#8211; Referensv\u00e4rden f\u00f6r n\u00e4rings\u00e4mnen<\/em><\/td>\n<\/tr>\n<\/tbody>\n<\/table>\n<\/div>\n<\/div><div class=\"fusion-clearfix\"><\/div><\/div><\/div><\/div><\/div><\/p>\n","protected":false},"excerpt":{"rendered":"","protected":false},"author":1,"featured_media":0,"parent":21557,"menu_order":0,"comment_status":"closed","ping_status":"closed","template":"","meta":{"footnotes":""},"class_list":["post-23690","page","type-page","status-publish","hentry"],"_links":{"self":[{"href":"https:\/\/vikingforce.se\/sv\/wp-json\/wp\/v2\/pages\/23690","targetHints":{"allow":["GET"]}}],"collection":[{"href":"https:\/\/vikingforce.se\/sv\/wp-json\/wp\/v2\/pages"}],"about":[{"href":"https:\/\/vikingforce.se\/sv\/wp-json\/wp\/v2\/types\/page"}],"author":[{"embeddable":true,"href":"https:\/\/vikingforce.se\/sv\/wp-json\/wp\/v2\/users\/1"}],"replies":[{"embeddable":true,"href":"https:\/\/vikingforce.se\/sv\/wp-json\/wp\/v2\/comments?post=23690"}],"version-history":[{"count":2,"href":"https:\/\/vikingforce.se\/sv\/wp-json\/wp\/v2\/pages\/23690\/revisions"}],"predecessor-version":[{"id":23692,"href":"https:\/\/vikingforce.se\/sv\/wp-json\/wp\/v2\/pages\/23690\/revisions\/23692"}],"up":[{"embeddable":true,"href":"https:\/\/vikingforce.se\/sv\/wp-json\/wp\/v2\/pages\/21557"}],"wp:attachment":[{"href":"https:\/\/vikingforce.se\/sv\/wp-json\/wp\/v2\/media?parent=23690"}],"curies":[{"name":"wp","href":"https:\/\/api.w.org\/{rel}","templated":true}]}}