{"id":23683,"date":"2025-06-12T12:34:27","date_gmt":"2025-06-12T12:34:27","guid":{"rendered":"https:\/\/vikingforce.se\/fury-line\/fury-isolate\/"},"modified":"2025-06-12T12:34:28","modified_gmt":"2025-06-12T12:34:28","slug":"fury-isolate","status":"publish","type":"page","link":"https:\/\/vikingforce.se\/sv\/fury-line\/fury-isolate\/","title":{"rendered":"FURY ISOLATE"},"content":{"rendered":"<p><div class=\"fusion-fullwidth fullwidth-box fusion-builder-row-1 hundred-percent-fullwidth non-hundred-percent-height-scrolling fusion-equal-height-columns\" style=\"--awb-background-position:left top;--awb-border-color:#f6f6f6;--awb-border-radius-top-left:0px;--awb-border-radius-top-right:0px;--awb-border-radius-bottom-right:0px;--awb-border-radius-bottom-left:0px;--awb-padding-top:1px;--awb-padding-right:0px;--awb-padding-bottom:30px;--awb-padding-left:0px;--awb-background-color:#fff;--awb-border-sizes-top:0px;--awb-border-sizes-bottom:0px;--awb-flex-wrap:wrap;\" ><div class=\"fusion-builder-row fusion-row\"><div class=\"fusion-layout-column fusion_builder_column fusion-builder-column-0 fusion_builder_column_1_2 1_2 fusion-one-half fusion-column-first\" style=\"--awb-bg-size:cover;width:48%; margin-right: 4%;\"><div class=\"fusion-column-wrapper fusion-flex-column-wrapper-legacy\"><div class=\"fusion-sep-clear\"><\/div><div class=\"fusion-separator fusion-full-width-sep\" style=\"margin-left: auto;margin-right: auto;margin-top:60px;width:100%;\"><\/div><div class=\"fusion-sep-clear\"><\/div><div class=\"fusion-image-carousel fusion-image-carousel-auto fusion-image-carousel-1 fusion-carousel-border\"><div class=\"awb-carousel awb-swiper awb-swiper-carousel awb-swiper-dots-position-bottom awb-carousel--carousel\" data-layout=\"carousel\" data-autoplay=\"no\" data-autoplayspeed=\"2500\" data-autoplaypause=\"no\" data-columns=\"1\" data-itemmargin=\"13\" data-itemwidth=\"180\" data-touchscroll=\"no\" data-freemode=\"no\" data-imagesize=\"auto\" data-scrollitems=\"0\" data-centeredslides=\"no\" data-rotationangle=\"50\" data-depth=\"100\" data-speed=\"500\" data-shadow=\"no\" style=\"--awb-columns:1;--awb-border-width:1px;--awb-border-color:#e9eaee;\"><div class=\"swiper-wrapper awb-image-carousel-wrapper fusion-flex-align-items-center\"><div class=\"swiper-slide\"><div class=\"fusion-carousel-item-wrapper\"><div class=\"fusion-image-wrapper hover-type-none\"><img decoding=\"async\" width=\"2000\" height=\"2000\" src=\"https:\/\/vikingforce.se\/wp-content\/uploads\/2024\/11\/Viking-Fury-Isolate-Raspberry.jpg\" class=\"attachment-full size-full\" alt=\"\" srcset=\"https:\/\/vikingforce.se\/wp-content\/uploads\/2024\/11\/Viking-Fury-Isolate-Raspberry-66x66.jpg 66w, https:\/\/vikingforce.se\/wp-content\/uploads\/2024\/11\/Viking-Fury-Isolate-Raspberry-150x150.jpg 150w, https:\/\/vikingforce.se\/wp-content\/uploads\/2024\/11\/Viking-Fury-Isolate-Raspberry-200x200.jpg 200w, https:\/\/vikingforce.se\/wp-content\/uploads\/2024\/11\/Viking-Fury-Isolate-Raspberry-300x300.jpg 300w, https:\/\/vikingforce.se\/wp-content\/uploads\/2024\/11\/Viking-Fury-Isolate-Raspberry-400x400.jpg 400w, https:\/\/vikingforce.se\/wp-content\/uploads\/2024\/11\/Viking-Fury-Isolate-Raspberry-600x600.jpg 600w, https:\/\/vikingforce.se\/wp-content\/uploads\/2024\/11\/Viking-Fury-Isolate-Raspberry-768x768.jpg 768w, https:\/\/vikingforce.se\/wp-content\/uploads\/2024\/11\/Viking-Fury-Isolate-Raspberry-800x800.jpg 800w, https:\/\/vikingforce.se\/wp-content\/uploads\/2024\/11\/Viking-Fury-Isolate-Raspberry-1024x1024.jpg 1024w, https:\/\/vikingforce.se\/wp-content\/uploads\/2024\/11\/Viking-Fury-Isolate-Raspberry-1200x1200.jpg 1200w, https:\/\/vikingforce.se\/wp-content\/uploads\/2024\/11\/Viking-Fury-Isolate-Raspberry-1536x1536.jpg 1536w, https:\/\/vikingforce.se\/wp-content\/uploads\/2024\/11\/Viking-Fury-Isolate-Raspberry.jpg 2000w\" sizes=\"(max-width: 2000px) 100vw, 2000px\" \/><\/div><\/div><\/div><div class=\"swiper-slide\"><div class=\"fusion-carousel-item-wrapper\"><div class=\"fusion-image-wrapper hover-type-none\"><img decoding=\"async\" width=\"2000\" height=\"2000\" src=\"https:\/\/vikingforce.se\/wp-content\/uploads\/2024\/11\/Viking-Fury-Isolate-chocolate.jpg\" class=\"attachment-full size-full\" alt=\"\" srcset=\"https:\/\/vikingforce.se\/wp-content\/uploads\/2024\/11\/Viking-Fury-Isolate-chocolate-66x66.jpg 66w, https:\/\/vikingforce.se\/wp-content\/uploads\/2024\/11\/Viking-Fury-Isolate-chocolate-150x150.jpg 150w, https:\/\/vikingforce.se\/wp-content\/uploads\/2024\/11\/Viking-Fury-Isolate-chocolate-200x200.jpg 200w, https:\/\/vikingforce.se\/wp-content\/uploads\/2024\/11\/Viking-Fury-Isolate-chocolate-300x300.jpg 300w, https:\/\/vikingforce.se\/wp-content\/uploads\/2024\/11\/Viking-Fury-Isolate-chocolate-400x400.jpg 400w, https:\/\/vikingforce.se\/wp-content\/uploads\/2024\/11\/Viking-Fury-Isolate-chocolate-600x600.jpg 600w, https:\/\/vikingforce.se\/wp-content\/uploads\/2024\/11\/Viking-Fury-Isolate-chocolate-768x768.jpg 768w, https:\/\/vikingforce.se\/wp-content\/uploads\/2024\/11\/Viking-Fury-Isolate-chocolate-800x800.jpg 800w, https:\/\/vikingforce.se\/wp-content\/uploads\/2024\/11\/Viking-Fury-Isolate-chocolate-1024x1024.jpg 1024w, https:\/\/vikingforce.se\/wp-content\/uploads\/2024\/11\/Viking-Fury-Isolate-chocolate-1200x1200.jpg 1200w, https:\/\/vikingforce.se\/wp-content\/uploads\/2024\/11\/Viking-Fury-Isolate-chocolate-1536x1536.jpg 1536w, https:\/\/vikingforce.se\/wp-content\/uploads\/2024\/11\/Viking-Fury-Isolate-chocolate.jpg 2000w\" sizes=\"(max-width: 2000px) 100vw, 2000px\" \/><\/div><\/div><\/div><\/div><div class=\"awb-swiper-button awb-swiper-button-prev\"><i class=\"awb-icon-angle-left\" aria-hidden=\"true\"><\/i><\/div><div class=\"awb-swiper-button awb-swiper-button-next\"><i class=\"awb-icon-angle-right\" aria-hidden=\"true\"><\/i><\/div><\/div><\/div><div class=\"fusion-text fusion-text-1\"><\/div><div class=\"fusion-clearfix\"><\/div><\/div><\/div><div class=\"fusion-layout-column fusion_builder_column fusion-builder-column-1 fusion_builder_column_1_2 1_2 fusion-one-half fusion-column-last\" style=\"--awb-bg-size:cover;width:48%;\"><div class=\"fusion-column-wrapper fusion-flex-column-wrapper-legacy\"><div class=\"fusion-sep-clear\"><\/div><div class=\"fusion-separator fusion-full-width-sep\" style=\"margin-left: auto;margin-right: auto;margin-top:30px;width:100%;\"><\/div><div class=\"fusion-sep-clear\"><\/div><div class=\"fusion-title title fusion-title-1 fusion-sep-none fusion-title-text fusion-title-size-one title-wg\" style=\"--awb-margin-bottom:5px;\"><h1 class=\"fusion-title-heading title-heading-left\" style=\"margin:0;\"><div style=\"text-align: center;\"><span style=\"font-size: var(--h1_typography-font-size); font-style: var(--h1_typography-font-style,normal); font-weight: var(--h1_typography-font-weight); letter-spacing: var(--h1_typography-letter-spacing);\">FURY ISOLATE<\/span><\/div>\n<p><\/h1><\/div><div class=\"fusion-text fusion-text-2\"><p style=\"text-align: center;\">(Kosttillskott)<\/p>\n<\/div><div class=\"fusion-sep-clear\"><\/div><div class=\"fusion-separator fusion-full-width-sep\" style=\"margin-left: auto;margin-right: auto;margin-top:10px;width:100%;\"><\/div><div class=\"fusion-sep-clear\"><\/div><div class=\"fusion-text fusion-text-3\"><p class=\"subtitle-wg\" style=\"text-align: center;\">Nettovikt: 2000 g<\/p>\n<\/p>\n<p class=\"subtitle-wg\" style=\"text-align: center;\">Portioner\/Beh\u00e5llare: 80<\/p>\n<\/div><div class=\"fusion-clearfix\"><\/div><\/div><\/div><\/div><\/div><div class=\"fusion-fullwidth fullwidth-box fusion-builder-row-2 nonhundred-percent-fullwidth non-hundred-percent-height-scrolling\" style=\"--awb-border-color:#f6f6f6;--awb-border-radius-top-left:0px;--awb-border-radius-top-right:0px;--awb-border-radius-bottom-right:0px;--awb-border-radius-bottom-left:0px;--awb-padding-top:10px;--awb-padding-right:0px;--awb-padding-bottom:0px;--awb-padding-left:0px;--awb-background-color:#fff;--awb-border-sizes-top:0px;--awb-border-sizes-bottom:0px;--awb-flex-wrap:wrap;\" ><div class=\"fusion-builder-row fusion-row\"><div class=\"fusion-layout-column fusion_builder_column fusion-builder-column-2 fusion_builder_column_2_5 2_5 fusion-two-fifth fusion-column-first\" style=\"--awb-bg-size:cover;width:37.6%; margin-right: 4%;\"><div class=\"fusion-column-wrapper fusion-flex-column-wrapper-legacy\"><div class=\"fusion-text fusion-text-4\"><p class=\"subtitle-aa\"><span style=\"color: #c46f00;\">Smaker:<\/span> <span style=\"color: #747474;\"><span style=\"font-weight: 400;\">Choklad, Hallon<\/span><\/span><\/p>\n<p style=\"color: #c46f00;\"><b>Anv\u00e4ndningsanvisning:<\/b><\/p>\n<p><span style=\"color: var(--body_typography-color); font-family: var(--body_typography-font-family); font-size: var(--body_typography-font-size); font-style: var(--body_typography-font-style,normal); font-weight: var(--body_typography-font-weight); letter-spacing: var(--body_typography-letter-spacing);\"><br \/>\nBlanda en skopa (cirka 25 g) med 150\u2013200 ml vatten eller mj\u00f6lk och skaka i 30 sekunder. Drick en portion omedelbart efter tr\u00e4ning. Du kan ocks\u00e5 dricka ytterligare 1\u20133 portioner per dag mellan m\u00e5ltiderna f\u00f6r att komplettera din kost.<br \/>\n<\/span><\/p>\n<p><span style=\"font-family: var(--body_typography-font-family); font-size: var(--body_typography-font-size); font-style: var(--body_typography-font-style,normal); letter-spacing: var(--body_typography-letter-spacing); font-weight: bold; color: #c46f00;\">Ingredienser:<\/span><\/p>\n<p><b><u>Choklad<\/u><\/b>: Proteinkomplex (Vassleproteinisolat (inneh\u00e5ller sojalecitin), Hydrolyserat vassleproteinisolat, Vassleproteinkoncentrat), Fettreducerat kakaopulver, BCAA 2:1:1 (L-Leucin, L-Isoleucin, L-Valin), L-Glutamin, Aromer, F\u00f6rtjockningsmedel (Xantangummi), S\u00f6tningsmedel (Sukralos, Acesulfam K).<\/p>\n<p><b><u>Hallon:<\/u><\/b> Proteinkomplex (Vassleproteinisolat (inneh\u00e5ller sojalecitin), Hydrolyserat vassleproteinisolat, Vassleproteinkoncentrat), BCAA 2:1:1 (L-Leucin, L-Isoleucin, L-Valin), L-Glutamin, Aromer, F\u00f6rtjockningsmedel (Xantangummi), S\u00f6tningsmedel (Sukralos, Acesulfam K), F\u00e4rg\u00e4mnen (Karmin).<\/p>\n<p><b style=\"color: #c46f00; font-family: var(--body_typography-font-family); font-size: var(--body_typography-font-size); font-style: var(--body_typography-font-style,normal); letter-spacing: var(--body_typography-letter-spacing);\">Allergiinformation:<\/b><\/p>\n<p><span style=\"color: var(--body_typography-color); font-family: var(--body_typography-font-family); font-size: var(--body_typography-font-size); font-style: var(--body_typography-font-style,normal); font-weight: var(--body_typography-font-weight); letter-spacing: var(--body_typography-letter-spacing);\"><br \/>\nInneh\u00e5ller mj\u00f6lk. Kan inneh\u00e5lla sp\u00e5r av soja, \u00e4gg och vete (gluten).<br \/>\n<\/span><\/p>\n<p><span style=\"font-family: var(--body_typography-font-family); font-size: var(--body_typography-font-size); font-style: var(--body_typography-font-style,normal); font-weight: var(--body_typography-font-weight); letter-spacing: var(--body_typography-letter-spacing); color: #c46f00;\"><b>Viktig information:<\/b><\/span><\/p>\n<p><span style=\"color: var(--body_typography-color); font-family: var(--body_typography-font-family); font-size: var(--body_typography-font-size); font-style: var(--body_typography-font-style,normal); font-weight: var(--body_typography-font-weight); letter-spacing: var(--body_typography-letter-spacing);\"><br \/>\nDenna produkt \u00e4r ett kosttillskott. \u00d6verskrid inte den rekommenderade dagliga dosen. Anv\u00e4nd denna produkt tillsammans med mat som en del av en h\u00e4lsosam och balanserad kost, inte som ers\u00e4ttning f\u00f6r s\u00e5dan. F\u00f6rvaras utom r\u00e4ckh\u00e5ll f\u00f6r barn. Rekommenderas ej f\u00f6r barn, gravida eller ammande kvinnor!<br \/>\n<\/span><\/p>\n<p><span style=\"font-family: var(--body_typography-font-family); font-size: var(--body_typography-font-size); font-style: var(--body_typography-font-style,normal); font-weight: var(--body_typography-font-weight); letter-spacing: var(--body_typography-letter-spacing); color: #c46f00;\"><b>F\u00f6rvaring och villkor:<\/b><\/span><\/p>\n<p><span style=\"color: var(--body_typography-color); font-family: var(--body_typography-font-family); font-size: var(--body_typography-font-size); font-style: var(--body_typography-font-style,normal); font-weight: var(--body_typography-font-weight); letter-spacing: var(--body_typography-letter-spacing);\"><br \/>\nF\u00f6rvaras svalt och torrt. Uts\u00e4tt inte f\u00f6r \u00f6verdriven v\u00e4rme, fukt eller solljus. B\u00e4st f\u00f6re utg\u00e5ngsdatum som anges p\u00e5 f\u00f6rpackningen.<br \/>\n<\/span><\/p>\n<\/div><div class=\"fusion-clearfix\"><\/div><\/div><\/div><div class=\"fusion-layout-column fusion_builder_column fusion-builder-column-3 fusion_builder_column_3_5 3_5 fusion-three-fifth fusion-column-last\" style=\"--awb-bg-size:cover;--awb-margin-bottom:1px;width:58.4%;\"><div class=\"fusion-column-wrapper fusion-flex-column-wrapper-legacy\"><div class=\"fusion-text fusion-text-5\"><p style=\"color: #c46f00;\"><strong>N\u00c4RINGSFAKTA<\/strong><\/p>\n<\/div><div class=\"fusion-text fusion-text-6\"><div class=\"table-1\">\n<table class=\"tb\" width=\"100%\">\n<tbody>\n<tr class=\"table-row_border\">\n<td colspan=\"3\"><strong>Portioner per f\u00f6rpackning: 80<\/strong><\/td>\n<td><strong>Per 25 g<\/strong><\/td>\n<td><strong>Per 100 g<\/strong><\/td>\n<\/tr>\n<tr>\n<td colspan=\"3\">Energiinneh\u00e5ll<\/td>\n<td>393.7 kJ \/ 94.2 kcal<\/td>\n<td>1574.8 kJ \/ 376.8 kcal<\/td>\n<\/tr>\n<tr>\n<td colspan=\"3\">Fett<\/td>\n<td>0.29 g<\/td>\n<td>1.2 g<\/td>\n<\/tr>\n<tr>\n<td colspan=\"3\">&#8211; varav m\u00e4ttat fett<\/td>\n<td>0.12 g<\/td>\n<td>0.47 g<\/td>\n<\/tr>\n<tr>\n<td colspan=\"3\">Kolhydrater<\/td>\n<td>0.57 g<\/td>\n<td>2.3 g<\/td>\n<\/tr>\n<tr>\n<td colspan=\"3\">&#8211; varav sockerarter<\/td>\n<td>0.57 g<\/td>\n<td>2.3 g<\/td>\n<\/tr>\n<tr>\n<td colspan=\"3\">Fiber<\/td>\n<td>0.20 g<\/td>\n<td>0.8 g<\/td>\n<\/tr>\n<tr>\n<td colspan=\"3\">Protein<\/td>\n<td>22.3 g<\/td>\n<td>89.3 g<\/td>\n<\/tr>\n<tr>\n<td colspan=\"3\">Salt<\/td>\n<td>0.14 g<\/td>\n<td>0.57 g<\/td>\n<\/tr>\n<tr>\n<td colspan=\"5\"><em><strong>Mineraler:<\/strong><\/em><\/td>\n<\/tr>\n<tr>\n<td colspan=\"3\">Kalium<\/td>\n<td>105 mg (5.3%*)<\/td>\n<td>424 mg (21.2%*)<\/td>\n<\/tr>\n<tr>\n<td colspan=\"3\">Kalcium<\/td>\n<td>101 mg (12.6%*)<\/td>\n<td>404 mg (50.5%*)<\/td>\n<\/tr>\n<tr>\n<td colspan=\"3\">Fosfor<\/td>\n<td>56 mg (8%*)<\/td>\n<td>223 mg (31.9%*)<\/td>\n<\/tr>\n<tr>\n<td colspan=\"3\">Magnesium<\/td>\n<td>18 mg (4.8%*)<\/td>\n<td>71 mg (18.9%*)<\/td>\n<\/tr>\n<tr>\n<td colspan=\"3\"><em><strong>BCAA 2:1:1<\/strong><\/em><\/td>\n<td>1000 mg<\/td>\n<td>4000 mg<\/td>\n<\/tr>\n<tr>\n<td colspan=\"3\">&#8211; L-Leucin<\/td>\n<td>500 mg<\/td>\n<td>2000 mg<\/td>\n<\/tr>\n<tr>\n<td colspan=\"3\">&#8211; L-Isoleucin<\/td>\n<td>250 mg<\/td>\n<td>1000 mg<\/td>\n<\/tr>\n<tr>\n<td colspan=\"3\">&#8211; L-Valin<\/td>\n<td>250 mg<\/td>\n<td>1000 mg<\/td>\n<\/tr>\n<tr>\n<td colspan=\"3\">L-Glutamin<\/td>\n<td>1000 mg<\/td>\n<td>4000 mg<\/td>\n<\/tr>\n<tr>\n<td colspan=\"5\"><em><strong>Typisk aminosyraprofil:<\/strong><\/em><\/td>\n<\/tr>\n<tr>\n<td colspan=\"3\">Leucin<\/td>\n<td>2395 mg<\/td>\n<td>9578 mg<\/td>\n<\/tr>\n<tr>\n<td colspan=\"3\">Isoleucin<\/td>\n<td>1581 mg<\/td>\n<td>6325 mg<\/td>\n<\/tr>\n<tr>\n<td colspan=\"3\">Valin<\/td>\n<td>1375 mg<\/td>\n<td>5502 mg<\/td>\n<\/tr>\n<tr>\n<td colspan=\"3\">Asparaginsyra<\/td>\n<td>2532 mg<\/td>\n<td>10127 mg<\/td>\n<\/tr>\n<tr>\n<td colspan=\"3\">Glutaminsyra<\/td>\n<td>3951 mg<\/td>\n<td>15803 mg<\/td>\n<\/tr>\n<tr>\n<td colspan=\"3\">Serin<\/td>\n<td>881 mg<\/td>\n<td>3524 mg<\/td>\n<\/tr>\n<tr>\n<td colspan=\"3\">Glycin<\/td>\n<td>368 mg<\/td>\n<td>1473 mg<\/td>\n<\/tr>\n<tr>\n<td colspan=\"3\">Histidin<\/td>\n<td>340 mg<\/td>\n<td>1362 mg<\/td>\n<\/tr>\n<tr>\n<td colspan=\"3\">Arginin<\/td>\n<td>401 mg<\/td>\n<td>1605 mg<\/td>\n<\/tr>\n<tr>\n<td colspan=\"3\">Treonin<\/td>\n<td>1521 mg<\/td>\n<td>6082 mg<\/td>\n<\/tr>\n<tr>\n<td colspan=\"3\">Alanin<\/td>\n<td>1117 mg<\/td>\n<td>4467 mg<\/td>\n<\/tr>\n<tr>\n<td colspan=\"3\">Prolin<\/td>\n<td>1373 mg<\/td>\n<td>5494 mg<\/td>\n<\/tr>\n<tr>\n<td colspan=\"3\">Tyrosin<\/td>\n<td>635 mg<\/td>\n<td>2540 mg<\/td>\n<\/tr>\n<tr>\n<td colspan=\"3\">Metionin<\/td>\n<td>497 mg<\/td>\n<td>1989 mg<\/td>\n<\/tr>\n<tr>\n<td colspan=\"3\">Cystein<\/td>\n<td>508 mg<\/td>\n<td>2034 mg<\/td>\n<\/tr>\n<tr>\n<td colspan=\"3\">Fenylalanin<\/td>\n<td>686 mg<\/td>\n<td>2742 mg<\/td>\n<\/tr>\n<tr>\n<td colspan=\"3\">Lysin<\/td>\n<td>2054 mg<\/td>\n<td>8214 mg<\/td>\n<\/tr>\n<tr>\n<td colspan=\"3\">Tryptofan<\/td>\n<td>412 mg<\/td>\n<td>1648 mg<\/td>\n<\/tr>\n<tr>\n<td colspan=\"5\"><em>* % NRV \u2013 N\u00e4ringsreferensv\u00e4rde<\/em><\/td>\n<\/tr>\n<tr>\n<td colspan=\"5\"><em>**N\u00e4ringsinformationen kan variera n\u00e5got mellan smakerna.<\/em><\/td>\n<\/tr>\n<\/tbody>\n<\/table>\n<\/div>\n<p>\n<\/div><div class=\"fusion-clearfix\"><\/div><\/div><\/div><\/div><\/div><\/p>\n","protected":false},"excerpt":{"rendered":"","protected":false},"author":1,"featured_media":0,"parent":21557,"menu_order":0,"comment_status":"closed","ping_status":"closed","template":"","meta":{"footnotes":""},"class_list":["post-23683","page","type-page","status-publish","hentry"],"_links":{"self":[{"href":"https:\/\/vikingforce.se\/sv\/wp-json\/wp\/v2\/pages\/23683","targetHints":{"allow":["GET"]}}],"collection":[{"href":"https:\/\/vikingforce.se\/sv\/wp-json\/wp\/v2\/pages"}],"about":[{"href":"https:\/\/vikingforce.se\/sv\/wp-json\/wp\/v2\/types\/page"}],"author":[{"embeddable":true,"href":"https:\/\/vikingforce.se\/sv\/wp-json\/wp\/v2\/users\/1"}],"replies":[{"embeddable":true,"href":"https:\/\/vikingforce.se\/sv\/wp-json\/wp\/v2\/comments?post=23683"}],"version-history":[{"count":2,"href":"https:\/\/vikingforce.se\/sv\/wp-json\/wp\/v2\/pages\/23683\/revisions"}],"predecessor-version":[{"id":23685,"href":"https:\/\/vikingforce.se\/sv\/wp-json\/wp\/v2\/pages\/23683\/revisions\/23685"}],"up":[{"embeddable":true,"href":"https:\/\/vikingforce.se\/sv\/wp-json\/wp\/v2\/pages\/21557"}],"wp:attachment":[{"href":"https:\/\/vikingforce.se\/sv\/wp-json\/wp\/v2\/media?parent=23683"}],"curies":[{"name":"wp","href":"https:\/\/api.w.org\/{rel}","templated":true}]}}