{"id":23544,"date":"2025-05-16T09:45:28","date_gmt":"2025-05-16T09:45:28","guid":{"rendered":"https:\/\/vikingforce.se\/beauty-line\/waterless\/"},"modified":"2025-05-16T09:45:29","modified_gmt":"2025-05-16T09:45:29","slug":"waterless","status":"publish","type":"page","link":"https:\/\/vikingforce.se\/sv\/beauty-line\/waterless\/","title":{"rendered":"waterless"},"content":{"rendered":"<p><div class=\"fusion-fullwidth fullwidth-box fusion-builder-row-1 nonhundred-percent-fullwidth non-hundred-percent-height-scrolling\" style=\"--awb-background-position:center top;--awb-border-color:#f6f6f6;--awb-border-radius-top-left:0px;--awb-border-radius-top-right:0px;--awb-border-radius-bottom-right:0px;--awb-border-radius-bottom-left:0px;--awb-padding-top:1px;--awb-padding-right:0px;--awb-padding-bottom:30px;--awb-padding-left:0px;--awb-background-color:#fff;--awb-border-sizes-top:1px;--awb-border-sizes-bottom:1px;--awb-flex-wrap:wrap;\" ><div class=\"fusion-builder-row fusion-row\"><div class=\"fusion-layout-column fusion_builder_column fusion-builder-column-0 fusion_builder_column_1_2 1_2 fusion-one-half fusion-column-first\" style=\"--awb-bg-size:cover;width:48%; margin-right: 4%;\"><div class=\"fusion-column-wrapper fusion-flex-column-wrapper-legacy\"><div class=\"fusion-sep-clear\"><\/div><div class=\"fusion-separator fusion-full-width-sep\" style=\"margin-left: auto;margin-right: auto;margin-top:60px;width:100%;\"><\/div><div class=\"fusion-sep-clear\"><\/div><div class=\"fusion-text fusion-text-1\"><p style=\"text-align: center;\"><a href=\"https:\/\/vikingforce.se\/wp-content\/uploads\/2024\/04\/WATER-LESS.png\"><img decoding=\"async\" class=\"alignnone wp-image-21918 size-full\" src=\"https:\/\/vikingforce.se\/wp-content\/uploads\/2024\/04\/WATER-LESS.png\" alt=\"\" width=\"2048\" height=\"2048\" srcset=\"https:\/\/vikingforce.se\/wp-content\/uploads\/2024\/04\/WATER-LESS-66x66.png 66w, https:\/\/vikingforce.se\/wp-content\/uploads\/2024\/04\/WATER-LESS-150x150.png 150w, https:\/\/vikingforce.se\/wp-content\/uploads\/2024\/04\/WATER-LESS-200x200.png 200w, https:\/\/vikingforce.se\/wp-content\/uploads\/2024\/04\/WATER-LESS-300x300.png 300w, https:\/\/vikingforce.se\/wp-content\/uploads\/2024\/04\/WATER-LESS-400x400.png 400w, https:\/\/vikingforce.se\/wp-content\/uploads\/2024\/04\/WATER-LESS-600x600.png 600w, https:\/\/vikingforce.se\/wp-content\/uploads\/2024\/04\/WATER-LESS-768x768.png 768w, https:\/\/vikingforce.se\/wp-content\/uploads\/2024\/04\/WATER-LESS-800x800.png 800w, https:\/\/vikingforce.se\/wp-content\/uploads\/2024\/04\/WATER-LESS-1024x1024.png 1024w, https:\/\/vikingforce.se\/wp-content\/uploads\/2024\/04\/WATER-LESS-1200x1200.png 1200w, https:\/\/vikingforce.se\/wp-content\/uploads\/2024\/04\/WATER-LESS-1536x1536.png 1536w, https:\/\/vikingforce.se\/wp-content\/uploads\/2024\/04\/WATER-LESS.png 2048w\" sizes=\"(max-width: 2048px) 100vw, 2048px\" \/><\/a><\/p>\n<\/div><div class=\"fusion-clearfix\"><\/div><\/div><\/div><div class=\"fusion-layout-column fusion_builder_column fusion-builder-column-1 fusion_builder_column_1_2 1_2 fusion-one-half fusion-column-last\" style=\"--awb-bg-size:cover;width:48%;\"><div class=\"fusion-column-wrapper fusion-flex-column-wrapper-legacy\"><div class=\"fusion-title title fusion-title-1 fusion-sep-none fusion-title-text fusion-title-size-one title-wg\" style=\"--awb-margin-bottom:5px;\"><h1 class=\"fusion-title-heading title-heading-left\" style=\"margin:0;\"><div style=\"text-align: center;\"><span style=\"font-size: var(--h1_typography-font-size); font-style: var(--h1_typography-font-style,normal); font-weight: var(--h1_typography-font-weight); letter-spacing: var(--h1_typography-letter-spacing);\">VIKING<\/span><span style=\"font-size: var(--h1_typography-font-size); font-style: var(--h1_typography-font-style,normal); font-weight: var(--h1_typography-font-weight); letter-spacing: var(--h1_typography-letter-spacing);\"><br \/>\n<\/span><span style=\"font-size: var(--h1_typography-font-size); font-style: var(--h1_typography-font-style,normal); font-weight: var(--h1_typography-font-weight); letter-spacing: var(--h1_typography-letter-spacing);\">WATERLESS<\/span><\/div><\/h1><\/div><div class=\"fusion-text fusion-text-2\"><p style=\"text-align: center;\">(Kosttillskott)<\/p>\n<\/div><div class=\"fusion-text fusion-text-3\"><p><!--<img decoding=\"async\" class=\"wp-image-11807 aligncenter\" src=\"https:\/\/vikingforce.se\/wp-content\/uploads\/2015\/12\/serving-empire-whey.jpg\" alt=\"serving-empire-whey\" width=\"147\" height=\"115\" \/>--><\/p>\n<\/div><div class=\"fusion-text fusion-text-4\"><p class=\"subtitle-wg\" style=\"text-align: center;\">Nettovikt: 90 g<\/p>\n<p class=\"subtitle-wg\" style=\"text-align: center;\">90 st per beh\u00e5llare<\/p>\n<\/div><div class=\"fusion-clearfix\"><\/div><\/div><\/div><\/div><\/div><div class=\"fusion-fullwidth fullwidth-box fusion-builder-row-2 nonhundred-percent-fullwidth non-hundred-percent-height-scrolling\" style=\"--awb-border-color:#f6f6f6;--awb-border-radius-top-left:0px;--awb-border-radius-top-right:0px;--awb-border-radius-bottom-right:0px;--awb-border-radius-bottom-left:0px;--awb-padding-top:10px;--awb-padding-right:0px;--awb-padding-bottom:0px;--awb-padding-left:0px;--awb-background-color:#fff;--awb-border-sizes-top:0px;--awb-border-sizes-bottom:0px;--awb-flex-wrap:wrap;\" ><div class=\"fusion-builder-row fusion-row\"><div class=\"fusion-layout-column fusion_builder_column fusion-builder-column-2 fusion_builder_column_1_2 1_2 fusion-one-half fusion-column-first\" style=\"--awb-bg-size:cover;width:48%; margin-right: 4%;\"><div class=\"fusion-column-wrapper fusion-flex-column-wrapper-legacy\"><div class=\"fusion-text fusion-text-5\"><p class=\"subtitle-b\">Anv\u00e4ndningsriktning:<\/p>\n<p>Som ett kosttillskott, ta 3 kapslar dagligen mellan m\u00e5ltiderna.<\/p>\n<p class=\"subtitle-b\"><strong>Ingredienser<\/strong>:<\/p>\n<p>Sammans\u00e4ttning \/ 3 kapslar: Kalium (fr\u00e5n kaliumklorid) 300 mg (15 % *NRV), Maskrotsrotextrakt (Taraxacum officinale Web, 2 % inulin) 315 mg, Bj\u00f6rkl\u00f6vsextrakt (Betula pend. Roth,<br \/>\n<span style=\"color: var(--body_typography-color); font-family: var(--body_typography-font-family); font-size: var(--body_typography-font-size); font-style: var(--body_typography-font-style,normal); font-weight: var(--body_typography-font-weight); letter-spacing: var(--body_typography-letter-spacing);\"><br \/>\n2,5 % hyperosid) 250 mg, Sparrisrotextrakt 1:4 (Asparagus officinalis L.) 250 mg, Gr\u00f6nt te-bladextrakt (Camelia Sinensis L. Kuntze, 50 % polyfenoler &#8211; 125 mg, 30 % katechiner \u2013 75 mg, 7 % koffein \u2013 17,5 mg) 250 mg, Magnesium (fr\u00e5n magnesiumkarbonat) 60 mg (16 % RDI), \u00c5kerfr\u00e4kenbladextrakt (Equisetum arvense L.) 210 mg, Askl\u00f6vsextrakt (Fraxinus excelsior L., 2<br \/>\n<\/span><span style=\"color: var(--body_typography-color); font-family: var(--body_typography-font-family); font-size: var(--body_typography-font-size); font-style: var(--body_typography-font-style,normal); font-weight: var(--body_typography-font-weight); letter-spacing: var(--body_typography-letter-spacing);\"><br \/>\n% klorogensyra) 150 mg, Ortosifonbladextrakt (Orthosiphon Stamineus Benth, 0,2 % sinensetin) 150 mg, Askorbinsyra 60 mg (750 % *NRV).<\/span><\/p>\n<p class=\"subtitle-b\">Inaktiva ingredienser:<\/p>\n<p class=\"subtitle-b\"><span style=\"font-weight: normal; color: #747474;\">Fyllnadsmedel (maltodextrin), kapselskal (gelatin, zinkoxid), klumpf\u00f6rebyggande medel (magnesiumstearat, kiseldioxid, trikalciumfosfat).<\/span><\/p>\n<p class=\"subtitle-b\">\n<\/div><div class=\"fusion-clearfix\"><\/div><\/div><\/div><div class=\"fusion-layout-column fusion_builder_column fusion-builder-column-3 fusion_builder_column_1_2 1_2 fusion-one-half fusion-column-last\" style=\"--awb-bg-size:cover;width:48%;\"><div class=\"fusion-column-wrapper fusion-column-has-shadow fusion-flex-column-wrapper-legacy\"><div class=\"fusion-text fusion-text-6\"><p><b style=\"color: #a23a06;\">Observera:<\/b><\/p>\n<p>Inneh\u00e5ller koffein 17,5 mg \/ portion. Undvik att konsumera koffein eller synefrin fr\u00e5n andra k\u00e4llor. Det rekommenderas att inte konsumera om du intar andra produkter som inneh\u00e5ller gr\u00f6nt te samma dag.<\/p>\n<p><b style=\"color: #a23a06;\">Allergeninformation:<\/b><\/p>\n<p>Tillverkad i en anl\u00e4ggning som hanterar mj\u00f6lk, soja och \u00e4ggproteiner samt gluten!<\/p>\n<p><b style=\"color: #a23a06;\">Viktig information:<\/b><\/p>\n<p>Denna produkt \u00e4r ett kosttillskott. Anv\u00e4nd denna produkt tillsammans med mat som en del av en h\u00e4lsosam och balanserad kost, inte som ers\u00e4ttning f\u00f6r s\u00e5dan. F\u00f6rvaras o\u00e5tkomligt f\u00f6r barn. Ej avsedd f\u00f6r gravida eller ammande kvinnor! \u00d6verskrid ej den rekommenderade dagliga dosen. F\u00f6rvaras svalt och torrt. Uts\u00e4tt inte f\u00f6r \u00f6verdriven v\u00e4rme, fukt eller solljus. Anv\u00e4nd f\u00f6re utg\u00e5ngsdatumet som anges p\u00e5 f\u00f6rpackningen.<\/p>\n<\/div><div class=\"fusion-clearfix\"><\/div><\/div><\/div><div class=\"fusion-layout-column fusion_builder_column fusion-builder-column-4 fusion_builder_column_3_4 3_4 fusion-three-fourth fusion-column-first\" style=\"--awb-bg-size:cover;width:74%; margin-right: 4%;\"><div class=\"fusion-column-wrapper fusion-flex-column-wrapper-legacy\"><div class=\"fusion-text fusion-text-7\"><\/div><div class=\"fusion-text fusion-text-8\"><\/div><div class=\"fusion-clearfix\"><\/div><\/div><\/div><\/div><\/div><\/p>\n","protected":false},"excerpt":{"rendered":"","protected":false},"author":1,"featured_media":0,"parent":18869,"menu_order":0,"comment_status":"closed","ping_status":"closed","template":"","meta":{"footnotes":""},"class_list":["post-23544","page","type-page","status-publish","hentry"],"_links":{"self":[{"href":"https:\/\/vikingforce.se\/sv\/wp-json\/wp\/v2\/pages\/23544","targetHints":{"allow":["GET"]}}],"collection":[{"href":"https:\/\/vikingforce.se\/sv\/wp-json\/wp\/v2\/pages"}],"about":[{"href":"https:\/\/vikingforce.se\/sv\/wp-json\/wp\/v2\/types\/page"}],"author":[{"embeddable":true,"href":"https:\/\/vikingforce.se\/sv\/wp-json\/wp\/v2\/users\/1"}],"replies":[{"embeddable":true,"href":"https:\/\/vikingforce.se\/sv\/wp-json\/wp\/v2\/comments?post=23544"}],"version-history":[{"count":2,"href":"https:\/\/vikingforce.se\/sv\/wp-json\/wp\/v2\/pages\/23544\/revisions"}],"predecessor-version":[{"id":23546,"href":"https:\/\/vikingforce.se\/sv\/wp-json\/wp\/v2\/pages\/23544\/revisions\/23546"}],"up":[{"embeddable":true,"href":"https:\/\/vikingforce.se\/sv\/wp-json\/wp\/v2\/pages\/18869"}],"wp:attachment":[{"href":"https:\/\/vikingforce.se\/sv\/wp-json\/wp\/v2\/media?parent=23544"}],"curies":[{"name":"wp","href":"https:\/\/api.w.org\/{rel}","templated":true}]}}