{"id":23473,"date":"2025-05-14T12:01:42","date_gmt":"2025-05-14T12:01:42","guid":{"rendered":"https:\/\/vikingforce.se\/gold-line\/gold-supreme-mass\/"},"modified":"2025-05-14T12:01:43","modified_gmt":"2025-05-14T12:01:43","slug":"gold-supreme-mass","status":"publish","type":"page","link":"https:\/\/vikingforce.se\/sv\/gold-line\/gold-supreme-mass\/","title":{"rendered":"GOLD SUPREME MASS"},"content":{"rendered":"<p><div class=\"fusion-fullwidth fullwidth-box fusion-builder-row-1 hundred-percent-fullwidth non-hundred-percent-height-scrolling fusion-equal-height-columns\" style=\"--awb-background-position:left top;--awb-border-color:#f6f6f6;--awb-border-radius-top-left:0px;--awb-border-radius-top-right:0px;--awb-border-radius-bottom-right:0px;--awb-border-radius-bottom-left:0px;--awb-padding-top:1px;--awb-padding-right:0px;--awb-padding-bottom:30px;--awb-padding-left:0px;--awb-background-color:#fff;--awb-border-sizes-top:0px;--awb-border-sizes-bottom:0px;--awb-flex-wrap:wrap;\" ><div class=\"fusion-builder-row fusion-row\"><div class=\"fusion-layout-column fusion_builder_column fusion-builder-column-0 fusion_builder_column_1_2 1_2 fusion-one-half fusion-column-first\" style=\"--awb-bg-size:cover;width:48%; margin-right: 4%;\"><div class=\"fusion-column-wrapper fusion-flex-column-wrapper-legacy\"><div class=\"fusion-image-carousel fusion-image-carousel-auto fusion-image-carousel-1 fusion-carousel-border\"><div class=\"awb-carousel awb-swiper awb-swiper-carousel awb-swiper-dots-position-bottom awb-carousel--carousel\" data-layout=\"carousel\" data-autoplay=\"no\" data-autoplayspeed=\"2500\" data-autoplaypause=\"no\" data-columns=\"1\" data-itemmargin=\"13\" data-itemwidth=\"180\" data-touchscroll=\"no\" data-freemode=\"no\" data-imagesize=\"auto\" data-scrollitems=\"0\" data-centeredslides=\"no\" data-rotationangle=\"50\" data-depth=\"100\" data-speed=\"500\" data-shadow=\"no\" style=\"--awb-columns:1;--awb-border-width:1px;--awb-border-color:#e9eaee;\"><div class=\"swiper-wrapper awb-image-carousel-wrapper fusion-flex-align-items-center\"><div class=\"swiper-slide\"><div class=\"fusion-carousel-item-wrapper\"><div class=\"fusion-image-wrapper hover-type-none\"><img decoding=\"async\" width=\"1500\" height=\"1500\" src=\"https:\/\/vikingforce.se\/wp-content\/uploads\/2024\/11\/VIKING-GOLD-Supreme-Mass-dark-cookies.jpg\" class=\"attachment-full size-full\" alt=\"\" srcset=\"https:\/\/vikingforce.se\/wp-content\/uploads\/2024\/11\/VIKING-GOLD-Supreme-Mass-dark-cookies-66x66.jpg 66w, https:\/\/vikingforce.se\/wp-content\/uploads\/2024\/11\/VIKING-GOLD-Supreme-Mass-dark-cookies-150x150.jpg 150w, https:\/\/vikingforce.se\/wp-content\/uploads\/2024\/11\/VIKING-GOLD-Supreme-Mass-dark-cookies-200x200.jpg 200w, https:\/\/vikingforce.se\/wp-content\/uploads\/2024\/11\/VIKING-GOLD-Supreme-Mass-dark-cookies-300x300.jpg 300w, https:\/\/vikingforce.se\/wp-content\/uploads\/2024\/11\/VIKING-GOLD-Supreme-Mass-dark-cookies-400x400.jpg 400w, https:\/\/vikingforce.se\/wp-content\/uploads\/2024\/11\/VIKING-GOLD-Supreme-Mass-dark-cookies-600x600.jpg 600w, https:\/\/vikingforce.se\/wp-content\/uploads\/2024\/11\/VIKING-GOLD-Supreme-Mass-dark-cookies-768x768.jpg 768w, https:\/\/vikingforce.se\/wp-content\/uploads\/2024\/11\/VIKING-GOLD-Supreme-Mass-dark-cookies-800x800.jpg 800w, https:\/\/vikingforce.se\/wp-content\/uploads\/2024\/11\/VIKING-GOLD-Supreme-Mass-dark-cookies-1024x1024.jpg 1024w, https:\/\/vikingforce.se\/wp-content\/uploads\/2024\/11\/VIKING-GOLD-Supreme-Mass-dark-cookies-1200x1200.jpg 1200w, https:\/\/vikingforce.se\/wp-content\/uploads\/2024\/11\/VIKING-GOLD-Supreme-Mass-dark-cookies.jpg 1500w\" sizes=\"(max-width: 1500px) 100vw, 1500px\" \/><\/div><\/div><\/div><div class=\"swiper-slide\"><div class=\"fusion-carousel-item-wrapper\"><div class=\"fusion-image-wrapper hover-type-none\"><img decoding=\"async\" width=\"1500\" height=\"1500\" src=\"https:\/\/vikingforce.se\/wp-content\/uploads\/2024\/11\/VIKING-GOLD-Supreme-Mass-chocolate.jpg\" class=\"attachment-full size-full\" alt=\"\" srcset=\"https:\/\/vikingforce.se\/wp-content\/uploads\/2024\/11\/VIKING-GOLD-Supreme-Mass-chocolate-66x66.jpg 66w, https:\/\/vikingforce.se\/wp-content\/uploads\/2024\/11\/VIKING-GOLD-Supreme-Mass-chocolate-150x150.jpg 150w, https:\/\/vikingforce.se\/wp-content\/uploads\/2024\/11\/VIKING-GOLD-Supreme-Mass-chocolate-200x200.jpg 200w, https:\/\/vikingforce.se\/wp-content\/uploads\/2024\/11\/VIKING-GOLD-Supreme-Mass-chocolate-300x300.jpg 300w, https:\/\/vikingforce.se\/wp-content\/uploads\/2024\/11\/VIKING-GOLD-Supreme-Mass-chocolate-400x400.jpg 400w, https:\/\/vikingforce.se\/wp-content\/uploads\/2024\/11\/VIKING-GOLD-Supreme-Mass-chocolate-600x600.jpg 600w, https:\/\/vikingforce.se\/wp-content\/uploads\/2024\/11\/VIKING-GOLD-Supreme-Mass-chocolate-768x768.jpg 768w, https:\/\/vikingforce.se\/wp-content\/uploads\/2024\/11\/VIKING-GOLD-Supreme-Mass-chocolate-800x800.jpg 800w, https:\/\/vikingforce.se\/wp-content\/uploads\/2024\/11\/VIKING-GOLD-Supreme-Mass-chocolate-1024x1024.jpg 1024w, https:\/\/vikingforce.se\/wp-content\/uploads\/2024\/11\/VIKING-GOLD-Supreme-Mass-chocolate-1200x1200.jpg 1200w, https:\/\/vikingforce.se\/wp-content\/uploads\/2024\/11\/VIKING-GOLD-Supreme-Mass-chocolate.jpg 1500w\" sizes=\"(max-width: 1500px) 100vw, 1500px\" \/><\/div><\/div><\/div><\/div><div class=\"awb-swiper-button awb-swiper-button-prev\"><i class=\"awb-icon-angle-left\" aria-hidden=\"true\"><\/i><\/div><div class=\"awb-swiper-button awb-swiper-button-next\"><i class=\"awb-icon-angle-right\" aria-hidden=\"true\"><\/i><\/div><\/div><\/div><div class=\"fusion-clearfix\"><\/div><\/div><\/div><div class=\"fusion-layout-column fusion_builder_column fusion-builder-column-1 fusion_builder_column_1_2 1_2 fusion-one-half fusion-column-last\" style=\"--awb-bg-size:cover;width:48%;\"><div class=\"fusion-column-wrapper fusion-flex-column-wrapper-legacy\"><div class=\"fusion-title title fusion-title-1 fusion-sep-none fusion-title-text fusion-title-size-one title-wg\" style=\"--awb-margin-bottom:5px;\"><h1 class=\"fusion-title-heading title-heading-left\" style=\"margin:0;\"><div style=\"text-align: center;\"><span style=\"font-size: var(--h1_typography-font-size); font-style: var(--h1_typography-font-style,normal); font-weight: var(--h1_typography-font-weight); letter-spacing: var(--h1_typography-letter-spacing);\">GOLD SUPREME MASS<\/span><\/div><\/h1><\/div><div class=\"fusion-text fusion-text-1\"><p style=\"text-align: center;\">(Kosttillskott)<\/p>\n<\/div><div class=\"fusion-text fusion-text-2\"><p class=\"subtitle-wg\" style=\"text-align: center;\">Nettovikt: 5500 g<\/p>\n<p class=\"subtitle-wg\" style=\"text-align: center;\">250 portioner<\/p>\n<\/div><div class=\"fusion-clearfix\"><\/div><\/div><\/div><\/div><\/div><div class=\"fusion-fullwidth fullwidth-box fusion-builder-row-2 nonhundred-percent-fullwidth non-hundred-percent-height-scrolling\" style=\"--awb-border-color:#f6f6f6;--awb-border-radius-top-left:0px;--awb-border-radius-top-right:0px;--awb-border-radius-bottom-right:0px;--awb-border-radius-bottom-left:0px;--awb-padding-top:10px;--awb-padding-right:0px;--awb-padding-bottom:0px;--awb-padding-left:0px;--awb-background-color:#fff;--awb-border-sizes-top:0px;--awb-border-sizes-bottom:0px;--awb-flex-wrap:wrap;\" ><div class=\"fusion-builder-row fusion-row\"><div class=\"fusion-layout-column fusion_builder_column fusion-builder-column-2 fusion_builder_column_2_5 2_5 fusion-two-fifth fusion-column-first\" style=\"--awb-bg-size:cover;width:37.6%; margin-right: 4%;\"><div class=\"fusion-column-wrapper fusion-column-has-shadow fusion-flex-column-wrapper-legacy\"><div class=\"fusion-text fusion-text-3\"><p class=\"subtitle-st\"><span style=\"font-family: var(--body_typography-font-family); font-size: var(--body_typography-font-size); font-style: var(--body_typography-font-style,normal); letter-spacing: var(--body_typography-letter-spacing);\">Smaker: <\/span><span style=\"font-family: var(--body_typography-font-family); font-size: var(--body_typography-font-size); font-style: var(--body_typography-font-style,normal); letter-spacing: var(--body_typography-letter-spacing); color: #747474;\"><span style=\"font-weight: 400;\">Choklad, M\u00f6rka Cookies<\/span><\/span><\/p>\n<p style=\"color: #e47822;\"><span style=\"font-weight: bold; font-family: var(--body_typography-font-family); font-size: var(--body_typography-font-size); font-style: var(--body_typography-font-style,normal); letter-spacing: var(--body_typography-letter-spacing);\">Anvisningar<\/span><span style=\"font-weight: bold; font-family: var(--body_typography-font-family); font-size: var(--body_typography-font-size); font-style: var(--body_typography-font-style,normal); letter-spacing: var(--body_typography-letter-spacing);\"> f<span style=\"color: rgb(228, 120, 34);\">\u00f6r anv\u00e4ndning:<\/span><\/span><\/p>\n<p><span style=\"color: var(--body_typography-color); font-family: var(--body_typography-font-family); font-size: var(--body_typography-font-size); font-style: var(--body_typography-font-style,normal); font-weight: var(--body_typography-font-weight); letter-spacing: var(--body_typography-letter-spacing);\">Tills\u00e4tt 3 \u00bd skopor (250 g) i 500 ml vatten eller skummj\u00f6lk och blanda v\u00e4l. Konsumera 1 till 3 portioner per dag beroende p\u00e5 ditt kaloribehov.<\/span><\/p>\n<p><b style=\"color: #e47822; font-family: var(--body_typography-font-family); font-size: var(--body_typography-font-size); font-style: var(--body_typography-font-style,normal); letter-spacing: var(--body_typography-letter-spacing);\">Ingredienser:<\/b><\/p>\n<p style=\"color: #e47822;\"><span style=\"color: #747474;\">Kolhydratkomplex (dextrosmonohydrat, maltodextrin, vaxmajsst\u00e4rkelse, fruktos), proteinkomplex (vassleproteinkoncentrat, <u>soja<\/u>proteinisolat, <u>skummj\u00f6lk<\/u>spulver, <u>mj\u00f6lk<\/u>proteinkoncentrat), aminosyrakomplex (L-glutamin, BCAA 2:1:1 (leucin, isoleucin och valin), glycin, taurin, kalcium \u2013 HMB, D-asparaginsyra), kakaopulver \u2013 f\u00f6r smak av Choklad och M\u00f6rk Cookie, kreatinmonohydrat, klumpf\u00f6rebyggande medel (trikalciumfosfat, kiseldioxid), aromer, enzymkomplex (amylas, proteas, cellulase, laktas, lipas), s\u00f6tningsmedel (sukralos, acesulfam K).<\/span><\/p>\n<p><b style=\"color: rgb(228, 120, 34);\">Viktig information:<\/b><\/p>\n<p>Denna produkt \u00e4r ett kosttillskott. Anv\u00e4nd denna produkt tillsammans med mat som en del av en h\u00e4lsosam, balanserad kost, inte som ett substitut f\u00f6r s\u00e5dan.<\/p>\n<p><span style=\"color: var(--body_typography-color); font-family: var(--body_typography-font-family); font-size: var(--body_typography-font-size); font-style: var(--body_typography-font-style,normal); font-weight: var(--body_typography-font-weight); letter-spacing: var(--body_typography-letter-spacing);\">F\u00f6rvaras o\u00e5tkomligt f\u00f6r barn. Endast avsedd f\u00f6r personer \u00f6ver 18 \u00e5r. Rekommenderas inte f\u00f6r gravida eller ammande kvinnor! \u00d6verskrid inte den rekommenderade dagliga dosen.<\/span><\/p>\n<p>F\u00f6rvara p\u00e5 en sval, torr plats. Uts\u00e4tt inte f\u00f6r \u00f6verdriven v\u00e4rme, fukt eller solljus.<\/p>\n<p>B\u00e4st f\u00f6re utg\u00e5ngsdatumet som anges p\u00e5 f\u00f6rpackningen.<\/p>\n<p><b style=\"color: rgb(228, 120, 34);\">Allergiinformation:<\/b><\/p>\n<p>Tillverkad av mj\u00f6lk och soja. Kan inneh\u00e5lla sp\u00e5r av vete och \u00e4gg.<\/p>\n<\/div><div class=\"fusion-clearfix\"><\/div><\/div><\/div><div class=\"fusion-layout-column fusion_builder_column fusion-builder-column-3 fusion_builder_column_3_5 3_5 fusion-three-fifth fusion-column-last\" style=\"--awb-bg-size:cover;width:58.4%;\"><div class=\"fusion-column-wrapper fusion-flex-column-wrapper-legacy\"><div class=\"fusion-text fusion-text-4\"><p class=\"subtitle-st\">N\u00c4RINGSFAKTA<\/p>\n<\/div><div class=\"fusion-text fusion-text-5\"><table class=\"table-1\" width=\"100%\">\n<tbody>\n<tr class=\"table-row_border\">\n<td colspan=\"5\"><strong>Portioner per f\u00f6rpackning: 22<\/strong><\/td>\n<\/tr>\n<tr>\n<td colspan=\"2\">Portionsstorlek: 250 g<\/td>\n<td><strong>100 g<\/strong><\/td>\n<td><strong>250 g<\/strong><\/td>\n<td><strong>RI % \/ portion<\/strong><\/td>\n<\/tr>\n<tr>\n<td colspan=\"2\">Energiinneh\u00e5ll<\/td>\n<td>360,4 kcal \/ 1528,8 kJ<\/td>\n<td>900,9 kcal \/ 3821,9 kJ<\/td>\n<td>45 %<\/td>\n<\/tr>\n<tr>\n<td colspan=\"2\">Fett<\/td>\n<td>1,7 g<\/td>\n<td>4,3 g<\/td>\n<td>6,1 %<\/td>\n<\/tr>\n<tr>\n<td colspan=\"2\">&#8211; varav m\u00e4ttat fett<\/td>\n<td>0,9 g<\/td>\n<td>2,3 g<\/td>\n<td>11,5 %<\/td>\n<\/tr>\n<tr>\n<td colspan=\"2\">Kolhydrater<\/td>\n<td>65,6 g<\/td>\n<td>164 g<\/td>\n<td>63 %<\/td>\n<\/tr>\n<tr>\n<td colspan=\"2\">&#8211; varav sockerarter<\/td>\n<td>38 g<\/td>\n<td>95 g<\/td>\n<td>105,5 %<\/td>\n<\/tr>\n<tr>\n<td colspan=\"2\">Protein<\/td>\n<td>20 g<\/td>\n<td>50 g<\/td>\n<td>100 %<\/td>\n<\/tr>\n<tr>\n<td colspan=\"2\">Fiber<\/td>\n<td>1,2 g<\/td>\n<td>3,1 g<\/td>\n<td>13,3 g<\/td>\n<\/tr>\n<tr>\n<td colspan=\"2\">Salt<\/td>\n<td>0,3 g<\/td>\n<td>0,8 g<\/td>\n<td><\/td>\n<\/tr>\n<tr>\n<td colspan=\"2\"><strong>Kolhydratkomplex<\/strong> (Dextrosmonohydrat, Maltodextrin, Vaxmajsst\u00e4rkelse, Fruktos)<\/td>\n<td>60 g<\/td>\n<td>150 g<\/td>\n<td><\/td>\n<\/tr>\n<tr>\n<td colspan=\"2\"><strong>Proteinkomplex<\/strong> (Vassleproteinkoncentrat, Sojaproteinisolat, Skummj\u00f6lkspulver, Mj\u00f6lkproteinkoncentrat)<\/td>\n<td>20 g<\/td>\n<td>50 g<\/td>\n<td><\/td>\n<\/tr>\n<tr>\n<td colspan=\"2\"><strong>Aminosyrekomplex<\/strong> (L-Glutamin, BCAA 2:1:1, Glycin, Taurin, HMB, D-Asparaginsyra)<\/td>\n<td>8,9 g<\/td>\n<td>22,5 g<\/td>\n<td><\/td>\n<\/tr>\n<tr>\n<td colspan=\"2\"><strong>Kreatinmonohydrat:<\/strong><\/td>\n<td>1,5 g<\/td>\n<td>3,75 g<\/td>\n<td><\/td>\n<\/tr>\n<tr>\n<td colspan=\"2\"><strong>Enzymkomplex:<\/strong><\/td>\n<td>24 mg<\/td>\n<td>60 mg<\/td>\n<td><\/td>\n<\/tr>\n<tr>\n<td colspan=\"5\"><em><br \/>\n        *Referensintag f\u00f6r en genomsnittlig vuxen (8400 kJ \/ 2000 kcal).<br \/>\n        <\/em><\/td>\n<\/tr>\n<\/tbody>\n<\/table>\n<\/div><div class=\"fusion-text fusion-text-6\"><p class=\"subtitle-st\">\n<\/div><div class=\"fusion-clearfix\"><\/div><\/div><\/div><\/div><\/div><\/p>\n","protected":false},"excerpt":{"rendered":"","protected":false},"author":1,"featured_media":0,"parent":21546,"menu_order":0,"comment_status":"closed","ping_status":"closed","template":"","meta":{"footnotes":""},"class_list":["post-23473","page","type-page","status-publish","hentry"],"_links":{"self":[{"href":"https:\/\/vikingforce.se\/sv\/wp-json\/wp\/v2\/pages\/23473","targetHints":{"allow":["GET"]}}],"collection":[{"href":"https:\/\/vikingforce.se\/sv\/wp-json\/wp\/v2\/pages"}],"about":[{"href":"https:\/\/vikingforce.se\/sv\/wp-json\/wp\/v2\/types\/page"}],"author":[{"embeddable":true,"href":"https:\/\/vikingforce.se\/sv\/wp-json\/wp\/v2\/users\/1"}],"replies":[{"embeddable":true,"href":"https:\/\/vikingforce.se\/sv\/wp-json\/wp\/v2\/comments?post=23473"}],"version-history":[{"count":2,"href":"https:\/\/vikingforce.se\/sv\/wp-json\/wp\/v2\/pages\/23473\/revisions"}],"predecessor-version":[{"id":23475,"href":"https:\/\/vikingforce.se\/sv\/wp-json\/wp\/v2\/pages\/23473\/revisions\/23475"}],"up":[{"embeddable":true,"href":"https:\/\/vikingforce.se\/sv\/wp-json\/wp\/v2\/pages\/21546"}],"wp:attachment":[{"href":"https:\/\/vikingforce.se\/sv\/wp-json\/wp\/v2\/media?parent=23473"}],"curies":[{"name":"wp","href":"https:\/\/api.w.org\/{rel}","templated":true}]}}