{"id":23265,"date":"2025-03-15T09:00:47","date_gmt":"2025-03-15T09:00:47","guid":{"rendered":"https:\/\/vikingforce.se\/vital-vitamins\/viking-stop-stress\/"},"modified":"2025-05-14T11:22:25","modified_gmt":"2025-05-14T11:22:25","slug":"viking-stop-stress","status":"publish","type":"page","link":"https:\/\/vikingforce.se\/sv\/vital-vitamins\/viking-stop-stress\/","title":{"rendered":"Viking Stop Stress"},"content":{"rendered":"<p><div class=\"fusion-fullwidth fullwidth-box fusion-builder-row-1 nonhundred-percent-fullwidth non-hundred-percent-height-scrolling\" style=\"--awb-background-position:center top;--awb-border-color:#f6f6f6;--awb-border-radius-top-left:0px;--awb-border-radius-top-right:0px;--awb-border-radius-bottom-right:0px;--awb-border-radius-bottom-left:0px;--awb-padding-top:1px;--awb-padding-right:0px;--awb-padding-bottom:30px;--awb-padding-left:0px;--awb-background-color:#fff;--awb-border-sizes-top:1px;--awb-border-sizes-bottom:1px;--awb-flex-wrap:wrap;\" ><div class=\"fusion-builder-row fusion-row\"><div class=\"fusion-layout-column fusion_builder_column fusion-builder-column-0 fusion_builder_column_1_2 1_2 fusion-one-half fusion-column-first\" style=\"--awb-bg-size:cover;width:48%; margin-right: 4%;\"><div class=\"fusion-column-wrapper fusion-flex-column-wrapper-legacy\"><div class=\"fusion-sep-clear\"><\/div><div class=\"fusion-separator fusion-full-width-sep\" style=\"margin-left: auto;margin-right: auto;margin-top:60px;width:100%;\"><\/div><div class=\"fusion-sep-clear\"><\/div><div class=\"fusion-image-carousel fusion-image-carousel-auto fusion-image-carousel-1 fusion-carousel-border\"><div class=\"awb-carousel awb-swiper awb-swiper-carousel awb-swiper-dots-position-bottom awb-carousel--carousel\" data-layout=\"carousel\" data-autoplay=\"yes\" data-autoplayspeed=\"2500\" data-autoplaypause=\"no\" data-columns=\"1\" data-itemmargin=\"13\" data-itemwidth=\"180\" data-touchscroll=\"no\" data-freemode=\"no\" data-imagesize=\"auto\" data-scrollitems=\"0\" data-centeredslides=\"no\" data-rotationangle=\"50\" data-depth=\"100\" data-speed=\"500\" data-shadow=\"no\" style=\"--awb-columns:1;--awb-border-width:1px;--awb-border-color:#e9eaee;\"><div class=\"swiper-wrapper awb-image-carousel-wrapper fusion-flex-align-items-center\"><div class=\"swiper-slide\"><div class=\"fusion-carousel-item-wrapper\"><div class=\"fusion-image-wrapper hover-type-none\"><img decoding=\"async\" width=\"882\" height=\"862\" src=\"https:\/\/vikingforce.se\/wp-content\/uploads\/2024\/04\/Viking-StopStress.png\" class=\"attachment-full size-full\" alt=\"\" srcset=\"https:\/\/vikingforce.se\/wp-content\/uploads\/2024\/04\/Viking-StopStress-66x66.png 66w, https:\/\/vikingforce.se\/wp-content\/uploads\/2024\/04\/Viking-StopStress-200x195.png 200w, https:\/\/vikingforce.se\/wp-content\/uploads\/2024\/04\/Viking-StopStress-300x293.png 300w, https:\/\/vikingforce.se\/wp-content\/uploads\/2024\/04\/Viking-StopStress-400x391.png 400w, https:\/\/vikingforce.se\/wp-content\/uploads\/2024\/04\/Viking-StopStress-600x586.png 600w, https:\/\/vikingforce.se\/wp-content\/uploads\/2024\/04\/Viking-StopStress-768x751.png 768w, https:\/\/vikingforce.se\/wp-content\/uploads\/2024\/04\/Viking-StopStress-800x782.png 800w, https:\/\/vikingforce.se\/wp-content\/uploads\/2024\/04\/Viking-StopStress.png 882w\" sizes=\"(max-width: 882px) 100vw, 882px\" \/><\/div><\/div><\/div><div class=\"swiper-slide\"><div class=\"fusion-carousel-item-wrapper\"><div class=\"fusion-image-wrapper hover-type-none\"><img decoding=\"async\" width=\"882\" height=\"862\" src=\"https:\/\/vikingforce.se\/wp-content\/uploads\/2024\/04\/Viking-StopStress-back-view.png\" class=\"attachment-full size-full\" alt=\"\" srcset=\"https:\/\/vikingforce.se\/wp-content\/uploads\/2024\/04\/Viking-StopStress-back-view-66x66.png 66w, https:\/\/vikingforce.se\/wp-content\/uploads\/2024\/04\/Viking-StopStress-back-view-200x195.png 200w, https:\/\/vikingforce.se\/wp-content\/uploads\/2024\/04\/Viking-StopStress-back-view-300x293.png 300w, https:\/\/vikingforce.se\/wp-content\/uploads\/2024\/04\/Viking-StopStress-back-view-400x391.png 400w, https:\/\/vikingforce.se\/wp-content\/uploads\/2024\/04\/Viking-StopStress-back-view-600x586.png 600w, https:\/\/vikingforce.se\/wp-content\/uploads\/2024\/04\/Viking-StopStress-back-view-768x751.png 768w, https:\/\/vikingforce.se\/wp-content\/uploads\/2024\/04\/Viking-StopStress-back-view-800x782.png 800w, https:\/\/vikingforce.se\/wp-content\/uploads\/2024\/04\/Viking-StopStress-back-view.png 882w\" sizes=\"(max-width: 882px) 100vw, 882px\" \/><\/div><\/div><\/div><\/div><div class=\"awb-swiper-button awb-swiper-button-prev\"><i class=\"awb-icon-angle-left\" aria-hidden=\"true\"><\/i><\/div><div class=\"awb-swiper-button awb-swiper-button-next\"><i class=\"awb-icon-angle-right\" aria-hidden=\"true\"><\/i><\/div><\/div><\/div><div class=\"fusion-text fusion-text-1\"><\/div><div class=\"fusion-clearfix\"><\/div><\/div><\/div><div class=\"fusion-layout-column fusion_builder_column fusion-builder-column-1 fusion_builder_column_1_2 1_2 fusion-one-half fusion-column-last\" style=\"--awb-bg-size:cover;width:48%;\"><div class=\"fusion-column-wrapper fusion-flex-column-wrapper-legacy\"><div class=\"fusion-sep-clear\"><\/div><div class=\"fusion-separator fusion-full-width-sep\" style=\"margin-left: auto;margin-right: auto;margin-top:30px;width:100%;\"><\/div><div class=\"fusion-sep-clear\"><\/div><div class=\"fusion-title title fusion-title-1 fusion-sep-none fusion-title-text fusion-title-size-one title-wg\" style=\"--awb-margin-bottom:5px;\"><h1 class=\"fusion-title-heading title-heading-left\" style=\"margin:0;\">VIKING STOP STRESS<\/h1><\/div><div class=\"fusion-text fusion-text-2\"><p style=\"text-align: center;\">(Kosttillskott)<\/p>\n<\/div><div class=\"fusion-text fusion-text-3\"><p><!--<img decoding=\"async\" class=\"size-large wp-image-11808 aligncenter\" src=\"https:\/\/vikingforce.se\/wp-content\/uploads\/2015\/12\/aroma-empire-whey-1024x110.jpg\" alt=\"aroma-empire-whey\" width=\"669\" height=\"72\" srcset=\"https:\/\/vikingforce.se\/wp-content\/uploads\/2015\/12\/aroma-empire-whey-300x32.jpg 300w, https:\/\/vikingforce.se\/wp-content\/uploads\/2015\/12\/aroma-empire-whey-1024x110.jpg 1024w\" sizes=\"(max-width: 669px) 100vw, 669px\" \/>--><\/p>\n<\/div><div class=\"fusion-text fusion-text-4\"><p><!--<img decoding=\"async\" class=\"wp-image-11807 aligncenter\" src=\"https:\/\/vikingforce.se\/wp-content\/uploads\/2015\/12\/serving-empire-whey.jpg\" alt=\"serving-empire-whey\" width=\"147\" height=\"115\" \/>--><\/p>\n<\/div><div class=\"fusion-text fusion-text-5\"><p class=\"subtitle-wg\" style=\"text-align: center;\">Nettovikt: 15,75 g<\/p>\n<\/div><div class=\"fusion-text fusion-text-6\"><p class=\"subtitle-wg\" style=\"text-align: center;\">45 surfplattor<\/p>\n<\/div><div class=\"fusion-clearfix\"><\/div><\/div><\/div><\/div><\/div><div class=\"fusion-fullwidth fullwidth-box fusion-builder-row-2 nonhundred-percent-fullwidth non-hundred-percent-height-scrolling\" style=\"--awb-border-color:#f6f6f6;--awb-border-radius-top-left:0px;--awb-border-radius-top-right:0px;--awb-border-radius-bottom-right:0px;--awb-border-radius-bottom-left:0px;--awb-padding-top:10px;--awb-padding-right:0px;--awb-padding-bottom:0px;--awb-padding-left:0px;--awb-background-color:#fff;--awb-border-sizes-top:0px;--awb-border-sizes-bottom:0px;--awb-flex-wrap:wrap;\" ><div class=\"fusion-builder-row fusion-row\"><div class=\"fusion-layout-column fusion_builder_column fusion-builder-column-2 fusion_builder_column_1_2 1_2 fusion-one-half fusion-column-first\" style=\"--awb-bg-size:cover;width:48%; margin-right: 4%;\"><div class=\"fusion-column-wrapper fusion-flex-column-wrapper-legacy\"><div class=\"fusion-text fusion-text-7\"><p><b style=\"color: #89160d;\">VIKING STOP STRESS<\/b><\/p>\n<p>Produkten inneh\u00e5ller naturliga \u00f6rtingredienser: humlekotteextrakt, valerianarotextrakt <span style=\"color: var(--body_typography-color); font-family: var(--body_typography-font-family); font-size: var(--body_typography-font-size); font-style: var(--body_typography-font-style,normal); font-weight: var(--body_typography-font-weight); letter-spacing: var(--body_typography-letter-spacing);\">och gentianarotextrakt. Produkten rekommenderas f\u00f6r vuxna och ungdomar \u00f6ver <\/span><span style=\"color: var(--body_typography-color); font-family: var(--body_typography-font-family); font-size: var(--body_typography-font-size); font-style: var(--body_typography-font-style,normal); font-weight: var(--body_typography-font-weight); letter-spacing: var(--body_typography-letter-spacing);\">12 \u00e5r vid: k\u00e4nslor av mild nerv\u00f6s sp\u00e4nning; s\u00f6mnproblem. *Humle (Humulus lupulus): har en lugnande effekt p\u00e5 nervsystemet; anv\u00e4nds vid centrala <\/span><span style=\"color: var(--body_typography-color); font-family: var(--body_typography-font-family); font-size: var(--body_typography-font-size); font-style: var(--body_typography-font-style,normal); font-weight: var(--body_typography-font-weight); letter-spacing: var(--body_typography-letter-spacing);\">nervsystemstimulering och sv\u00e5righeter att somna. **Valeriana (Valeriana officinalis): hj\u00e4lper till att uppr\u00e4tth\u00e5lla naturlig s\u00f6mn; bidrar till god s\u00f6mnkvalitet; hj\u00e4lper till att <\/span><span style=\"color: var(--body_typography-color); font-family: var(--body_typography-font-family); font-size: var(--body_typography-font-size); font-style: var(--body_typography-font-style,normal); font-weight: var(--body_typography-font-weight); letter-spacing: var(--body_typography-letter-spacing);\">hantera stress kopplad till en intensiv livsstil; st\u00f6djer mentalt v\u00e4lbefinnande vid <\/span><span style=\"color: var(--body_typography-color); font-family: var(--body_typography-font-family); font-size: var(--body_typography-font-size); font-style: var(--body_typography-font-style,normal); font-weight: var(--body_typography-font-weight); letter-spacing: var(--body_typography-letter-spacing);\">sp\u00e4nning och stress; fr\u00e4mjar mental och fysisk avslappning; hj\u00e4lper till att somna. <\/span><span style=\"color: var(--body_typography-color); font-family: var(--body_typography-font-family); font-size: var(--body_typography-font-size); font-style: var(--body_typography-font-style,normal); font-weight: var(--body_typography-font-weight); letter-spacing: var(--body_typography-letter-spacing);\">Gentiana (Gentiana lutea): traditionellt anv\u00e4nd vid mental och fysisk tr\u00f6tthet; st\u00f6djer fysiska och mentala f\u00f6rm\u00e5gor.<\/span><\/p>\n<p><b style=\"color: #89160d; font-family: var(--body_typography-font-family); font-size: var(--body_typography-font-size); font-style: var(--body_typography-font-style,normal); letter-spacing: var(--body_typography-letter-spacing);\">Anv\u00e4ndning:<\/b><\/p>\n<p>Vuxna och ungdomar \u00f6ver 12 \u00e5r: vid l\u00e4tt nerv\u00f6s sp\u00e4nning: 1-2 tabletter per dag. Som s\u00f6mnmedel: 1 tablett en timme f\u00f6re s\u00e4ngg\u00e5endet. <span style=\"color: var(--body_typography-color); font-family: var(--body_typography-font-family); font-size: var(--body_typography-font-size); font-style: var(--body_typography-font-style,normal); font-weight: var(--body_typography-font-weight); letter-spacing: var(--body_typography-letter-spacing);\">\u00d6verskrid inte den rekommenderade dagliga portionen. Kosttillskott b\u00f6r inte anv\u00e4ndas som ers\u00e4ttning f\u00f6r en varierad kost. En varierad och balanserad kost och en h\u00e4lsosam livsstil \u00e4r viktiga.<\/span> <span style=\"color: var(--body_typography-color); font-family: var(--body_typography-font-family); font-size: var(--body_typography-font-size); font-style: var(--body_typography-font-style,normal); font-weight: var(--body_typography-font-weight); letter-spacing: var(--body_typography-letter-spacing);\">\u00d6verdriven konsumtion kan ge laxerande effekter. Produkten \u00e4r avsedd f\u00f6r <\/span><span style=\"color: var(--body_typography-color); font-family: var(--body_typography-font-family); font-size: var(--body_typography-font-size); font-style: var(--body_typography-font-style,normal); font-weight: var(--body_typography-font-weight); letter-spacing: var(--body_typography-letter-spacing);\">vuxna och ungdomar \u00f6ver 12 \u00e5r. Personer som tar produkten b\u00f6r inte k\u00f6ra bil <\/span><span style=\"color: var(--body_typography-color); font-family: var(--body_typography-font-family); font-size: var(--body_typography-font-size); font-style: var(--body_typography-font-style,normal); font-weight: var(--body_typography-font-weight); letter-spacing: var(--body_typography-letter-spacing);\">eller hantera maskiner, om de k\u00e4nner sig d\u00e5siga.<\/span><\/p>\n<p style=\"color: #89160d;\"><b><span style=\"color: #89160d;\">Ingredienser:<\/span><\/b><\/p>\n<p>Fyllnadsmedel: sorbitol, humle (Humulus lupulus) kottextrakt, valerianarotextrakt (Valeriana officinalis), gentianarotextrakt (Gentiana lutea), antiklumpmedel: magnesiumsalter av fettsyror. Produkten kan inneh\u00e5lla derivat av: spannm\u00e5l som inneh\u00e5ller gluten, soja, mj\u00f6lk.<\/p>\n<p><span style=\"color: var(--body_typography-color); font-family: var(--body_typography-font-family); font-size: var(--body_typography-font-size); font-style: var(--body_typography-font-style,normal); letter-spacing: var(--body_typography-letter-spacing);\"><span style=\"color: #747474;\"><b style=\"color: #89160d;\">B\u00c4ST F\u00d6RE:<\/b><\/span><span style=\"font-weight: var(--body_typography-font-weight);\"> Datum och batchnummer anges l\u00e4ngst ner p\u00e5 etiketten.<\/span><\/span><\/p>\n<p><span style=\"color: var(--body_typography-color); font-family: var(--body_typography-font-family); font-size: var(--body_typography-font-size); font-style: var(--body_typography-font-style,normal); letter-spacing: var(--body_typography-letter-spacing);\"><b style=\"color: #89160d;\">F\u00d6RVARING:<\/b><span style=\"font-weight: var(--body_typography-font-weight);\"> F\u00f6rvara p\u00e5 rumstemperatur, i en torr plats, i f\u00f6rsluten f\u00f6rpackning, utom r\u00e4ckh\u00e5ll f\u00f6r sm\u00e5 barn.<\/span><\/span><\/p>\n<p style=\"color: #89160d;\">\n<\/div><div class=\"fusion-clearfix\"><\/div><\/div><\/div><div class=\"fusion-layout-column fusion_builder_column fusion-builder-column-3 fusion_builder_column_1_2 1_2 fusion-one-half fusion-column-last\" style=\"--awb-bg-size:cover;width:48%;\"><div class=\"fusion-column-wrapper fusion-flex-column-wrapper-legacy\"><div class=\"fusion-text fusion-text-8\"><p style=\"color: #89160d;\"><b>N\u00c4RINGSFAKTA<\/b><\/p>\n<\/div><div class=\"fusion-text fusion-text-9\"><div class=\"table-1\">\n<table class=\"tb\" width=\"100%\">\n<tbody>\n<tr class=\"table-row_border\">\n<td colspan=\"6\"><b>Visningsstorlek: <\/b><\/td>\n<td colspan=\"4\" style=\"text-align: center;\"><b>1 surfplatta<\/b><\/td>\n<td style=\"text-align: center;\" colspan=\"4\"><b>2 surfplattor<\/b><\/td>\n<\/tr>\n<tr>\n<td colspan=\"6\">Extrakt av humlekotte <\/td>\n<td colspan=\"4\" style=\"text-align: center;\">45 mg<\/td>\n<td style=\"text-align: center;\" colspan=\"4\">90 mg<\/td>\n<\/tr>\n<tr>\n<td colspan=\"6\">Valerianaextrakt <\/td>\n<td colspan=\"4\" style=\"text-align: center;\">33,75 mg<\/td>\n<td style=\"text-align: center;\" colspan=\"4\">67,5 mg<\/td>\n<\/tr>\n<tr>\n<td colspan=\"6\">Entianaextrakt <\/td>\n<td style=\"text-align: center;\" colspan=\"4\">22,5 mg<\/td>\n<td style=\"text-align: center;\" colspan=\"4\">45 mg<\/td>\n<\/tr>\n<\/tbody>\n<\/table>\n<p>* % av n\u00e4rings\u00e4mnesreferensv\u00e4rdet<\/p>\n<\/div>\n<\/div><div class=\"fusion-clearfix\"><\/div><\/div><\/div><\/div><\/div><\/p>\n","protected":false},"excerpt":{"rendered":"","protected":false},"author":1,"featured_media":0,"parent":22204,"menu_order":0,"comment_status":"closed","ping_status":"closed","template":"","meta":{"footnotes":""},"class_list":["post-23265","page","type-page","status-publish","hentry"],"_links":{"self":[{"href":"https:\/\/vikingforce.se\/sv\/wp-json\/wp\/v2\/pages\/23265","targetHints":{"allow":["GET"]}}],"collection":[{"href":"https:\/\/vikingforce.se\/sv\/wp-json\/wp\/v2\/pages"}],"about":[{"href":"https:\/\/vikingforce.se\/sv\/wp-json\/wp\/v2\/types\/page"}],"author":[{"embeddable":true,"href":"https:\/\/vikingforce.se\/sv\/wp-json\/wp\/v2\/users\/1"}],"replies":[{"embeddable":true,"href":"https:\/\/vikingforce.se\/sv\/wp-json\/wp\/v2\/comments?post=23265"}],"version-history":[{"count":7,"href":"https:\/\/vikingforce.se\/sv\/wp-json\/wp\/v2\/pages\/23265\/revisions"}],"predecessor-version":[{"id":23454,"href":"https:\/\/vikingforce.se\/sv\/wp-json\/wp\/v2\/pages\/23265\/revisions\/23454"}],"up":[{"embeddable":true,"href":"https:\/\/vikingforce.se\/sv\/wp-json\/wp\/v2\/pages\/22204"}],"wp:attachment":[{"href":"https:\/\/vikingforce.se\/sv\/wp-json\/wp\/v2\/media?parent=23265"}],"curies":[{"name":"wp","href":"https:\/\/api.w.org\/{rel}","templated":true}]}}