{"id":23254,"date":"2025-03-15T08:47:53","date_gmt":"2025-03-15T08:47:53","guid":{"rendered":"https:\/\/vikingforce.se\/vital-vitamins\/viking-vitamin-d3\/"},"modified":"2025-05-14T11:18:58","modified_gmt":"2025-05-14T11:18:58","slug":"viking-vitamin-d3","status":"publish","type":"page","link":"https:\/\/vikingforce.se\/sv\/vital-vitamins\/viking-vitamin-d3\/","title":{"rendered":"viking vitamin D3"},"content":{"rendered":"<p><div class=\"fusion-fullwidth fullwidth-box fusion-builder-row-1 nonhundred-percent-fullwidth non-hundred-percent-height-scrolling\" style=\"--awb-background-position:center top;--awb-border-color:#f6f6f6;--awb-border-radius-top-left:0px;--awb-border-radius-top-right:0px;--awb-border-radius-bottom-right:0px;--awb-border-radius-bottom-left:0px;--awb-padding-top:1px;--awb-padding-right:0px;--awb-padding-bottom:30px;--awb-padding-left:0px;--awb-background-color:#fff;--awb-border-sizes-top:1px;--awb-border-sizes-bottom:1px;--awb-flex-wrap:wrap;\" ><div class=\"fusion-builder-row fusion-row\"><div class=\"fusion-layout-column fusion_builder_column fusion-builder-column-0 fusion_builder_column_1_2 1_2 fusion-one-half fusion-column-first\" style=\"--awb-bg-size:cover;width:48%; margin-right: 4%;\"><div class=\"fusion-column-wrapper fusion-flex-column-wrapper-legacy\"><div class=\"fusion-sep-clear\"><\/div><div class=\"fusion-separator fusion-full-width-sep\" style=\"margin-left: auto;margin-right: auto;margin-top:60px;width:100%;\"><\/div><div class=\"fusion-sep-clear\"><\/div><div class=\"fusion-image-carousel fusion-image-carousel-auto fusion-image-carousel-1 fusion-carousel-border\"><div class=\"awb-carousel awb-swiper awb-swiper-carousel awb-swiper-dots-position-bottom awb-carousel--carousel\" data-layout=\"carousel\" data-autoplay=\"yes\" data-autoplayspeed=\"2500\" data-autoplaypause=\"no\" data-columns=\"1\" data-itemmargin=\"13\" data-itemwidth=\"180\" data-touchscroll=\"no\" data-freemode=\"no\" data-imagesize=\"auto\" data-scrollitems=\"0\" data-centeredslides=\"no\" data-rotationangle=\"50\" data-depth=\"100\" data-speed=\"500\" data-shadow=\"no\" style=\"--awb-columns:1;--awb-border-width:1px;--awb-border-color:#e9eaee;\"><div class=\"swiper-wrapper awb-image-carousel-wrapper fusion-flex-align-items-center\"><div class=\"swiper-slide\"><div class=\"fusion-carousel-item-wrapper\"><div class=\"fusion-image-wrapper hover-type-none\"><img decoding=\"async\" width=\"882\" height=\"862\" src=\"https:\/\/vikingforce.se\/wp-content\/uploads\/2024\/04\/Viking-Vitamin-D3-4000-back-view.png\" class=\"attachment-full size-full\" alt=\"\" srcset=\"https:\/\/vikingforce.se\/wp-content\/uploads\/2024\/04\/Viking-Vitamin-D3-4000-back-view-66x66.png 66w, https:\/\/vikingforce.se\/wp-content\/uploads\/2024\/04\/Viking-Vitamin-D3-4000-back-view-200x195.png 200w, https:\/\/vikingforce.se\/wp-content\/uploads\/2024\/04\/Viking-Vitamin-D3-4000-back-view-300x293.png 300w, https:\/\/vikingforce.se\/wp-content\/uploads\/2024\/04\/Viking-Vitamin-D3-4000-back-view-400x391.png 400w, https:\/\/vikingforce.se\/wp-content\/uploads\/2024\/04\/Viking-Vitamin-D3-4000-back-view-600x586.png 600w, https:\/\/vikingforce.se\/wp-content\/uploads\/2024\/04\/Viking-Vitamin-D3-4000-back-view-768x751.png 768w, https:\/\/vikingforce.se\/wp-content\/uploads\/2024\/04\/Viking-Vitamin-D3-4000-back-view-800x782.png 800w, https:\/\/vikingforce.se\/wp-content\/uploads\/2024\/04\/Viking-Vitamin-D3-4000-back-view.png 882w\" sizes=\"(max-width: 882px) 100vw, 882px\" \/><\/div><\/div><\/div><div class=\"swiper-slide\"><div class=\"fusion-carousel-item-wrapper\"><div class=\"fusion-image-wrapper hover-type-none\"><img decoding=\"async\" width=\"1500\" height=\"1500\" src=\"https:\/\/vikingforce.se\/wp-content\/uploads\/2024\/04\/Viking-Vitamin-D3-4000.png\" class=\"attachment-full size-full\" alt=\"\" srcset=\"https:\/\/vikingforce.se\/wp-content\/uploads\/2024\/04\/Viking-Vitamin-D3-4000-66x66.png 66w, https:\/\/vikingforce.se\/wp-content\/uploads\/2024\/04\/Viking-Vitamin-D3-4000-150x150.png 150w, https:\/\/vikingforce.se\/wp-content\/uploads\/2024\/04\/Viking-Vitamin-D3-4000-200x200.png 200w, https:\/\/vikingforce.se\/wp-content\/uploads\/2024\/04\/Viking-Vitamin-D3-4000-300x300.png 300w, https:\/\/vikingforce.se\/wp-content\/uploads\/2024\/04\/Viking-Vitamin-D3-4000-400x400.png 400w, https:\/\/vikingforce.se\/wp-content\/uploads\/2024\/04\/Viking-Vitamin-D3-4000-600x600.png 600w, https:\/\/vikingforce.se\/wp-content\/uploads\/2024\/04\/Viking-Vitamin-D3-4000-768x768.png 768w, https:\/\/vikingforce.se\/wp-content\/uploads\/2024\/04\/Viking-Vitamin-D3-4000-800x800.png 800w, https:\/\/vikingforce.se\/wp-content\/uploads\/2024\/04\/Viking-Vitamin-D3-4000-1024x1024.png 1024w, https:\/\/vikingforce.se\/wp-content\/uploads\/2024\/04\/Viking-Vitamin-D3-4000-1200x1200.png 1200w, https:\/\/vikingforce.se\/wp-content\/uploads\/2024\/04\/Viking-Vitamin-D3-4000.png 1500w\" sizes=\"(max-width: 1500px) 100vw, 1500px\" \/><\/div><\/div><\/div><\/div><div class=\"awb-swiper-button awb-swiper-button-prev\"><i class=\"awb-icon-angle-left\" aria-hidden=\"true\"><\/i><\/div><div class=\"awb-swiper-button awb-swiper-button-next\"><i class=\"awb-icon-angle-right\" aria-hidden=\"true\"><\/i><\/div><\/div><\/div><div class=\"fusion-text fusion-text-1\"><\/div><div class=\"fusion-clearfix\"><\/div><\/div><\/div><div class=\"fusion-layout-column fusion_builder_column fusion-builder-column-1 fusion_builder_column_1_2 1_2 fusion-one-half fusion-column-last\" style=\"--awb-bg-size:cover;width:48%;\"><div class=\"fusion-column-wrapper fusion-flex-column-wrapper-legacy\"><div class=\"fusion-sep-clear\"><\/div><div class=\"fusion-separator fusion-full-width-sep\" style=\"margin-left: auto;margin-right: auto;margin-top:30px;width:100%;\"><\/div><div class=\"fusion-sep-clear\"><\/div><div class=\"fusion-title title fusion-title-1 fusion-sep-none fusion-title-text fusion-title-size-one title-wg\" style=\"--awb-margin-bottom:5px;\"><h1 class=\"fusion-title-heading title-heading-left\" style=\"margin:0;\">VIKING VITAMIN D3<br \/>4000 IU<br \/><\/h1><\/div><div class=\"fusion-text fusion-text-2\"><p style=\"text-align: center;\">(Kosttillskott)<\/p>\n<\/div><div class=\"fusion-text fusion-text-3\"><p><!--<img decoding=\"async\" class=\"size-large wp-image-11808 aligncenter\" src=\"https:\/\/vikingforce.se\/wp-content\/uploads\/2015\/12\/aroma-empire-whey-1024x110.jpg\" alt=\"aroma-empire-whey\" width=\"669\" height=\"72\" srcset=\"https:\/\/vikingforce.se\/wp-content\/uploads\/2015\/12\/aroma-empire-whey-300x32.jpg 300w, https:\/\/vikingforce.se\/wp-content\/uploads\/2015\/12\/aroma-empire-whey-1024x110.jpg 1024w\" sizes=\"(max-width: 669px) 100vw, 669px\" \/>--><\/p>\n<\/div><div class=\"fusion-text fusion-text-4\"><p><!--<img decoding=\"async\" class=\"wp-image-11807 aligncenter\" src=\"https:\/\/vikingforce.se\/wp-content\/uploads\/2015\/12\/serving-empire-whey.jpg\" alt=\"serving-empire-whey\" width=\"147\" height=\"115\" \/>--><\/p>\n<\/div><div class=\"fusion-text fusion-text-5\"><p class=\"subtitle-wg\" style=\"text-align: center;\">60 kapslar.<\/p>\n<\/div><div class=\"fusion-clearfix\"><\/div><\/div><\/div><\/div><\/div><div class=\"fusion-fullwidth fullwidth-box fusion-builder-row-2 nonhundred-percent-fullwidth non-hundred-percent-height-scrolling\" style=\"--awb-border-color:#f6f6f6;--awb-border-radius-top-left:0px;--awb-border-radius-top-right:0px;--awb-border-radius-bottom-right:0px;--awb-border-radius-bottom-left:0px;--awb-padding-top:10px;--awb-padding-right:0px;--awb-padding-bottom:0px;--awb-padding-left:0px;--awb-background-color:#fff;--awb-border-sizes-top:0px;--awb-border-sizes-bottom:0px;--awb-flex-wrap:wrap;\" ><div class=\"fusion-builder-row fusion-row\"><div class=\"fusion-layout-column fusion_builder_column fusion-builder-column-2 fusion_builder_column_1_2 1_2 fusion-one-half fusion-column-first\" style=\"--awb-bg-size:cover;width:48%; margin-right: 4%;\"><div class=\"fusion-column-wrapper fusion-flex-column-wrapper-legacy\"><div class=\"fusion-text fusion-text-6\"><p><b style=\"color: #89160d;\">VIKING VITAMIN D3 4000 IE<\/b><\/p>\n<p>Produkten inneh\u00e5ller s\u00e5 mycket som 4 000 IE vitamin D3 l\u00f6st i solrosor <span style=\"color: var(--body_typography-color); font-family: var(--body_typography-font-family); font-size: var(--body_typography-font-size); : var(--body_typography-letter-spacing);\">olja. * Vitamin D: hj\u00e4lper till att fungera v\u00e4l av immunsystemet; hj\u00e4lper <\/span><span style=\"color: var(--body_typography-color); font-family: var(--body_typography-font-family); font-size: var(--body_typography-font-size) ; font-style: var(--body_typography-font-style, normal font-weight: var(--body_typography-font-weight: var(--body_typography-bokstavsmellanrum);\"> bibeh\u00e5lla friska ben och t\u00e4nder; bidrar till underh\u00e5llet av <\/span><span style=\"color: var(--body_typography-color); font-family: var(--body_typography-font-family); font-size: var(--body_typography -font-size); mellanrum);\">r\u00e4tt niv\u00e5 av kalcium i blodet; hj\u00e4lper till med korrekt absorption och anv\u00e4ndning av <\/span><span style=\"color: var(--body_typography-color); font-family: var(--body_typography-font-family); font-size: var(- -body_typography-font-size: var(--body_typography-font-style,normal) letter-spacing);\">kalcium och fosfor.<\/span><\/p>\n<p><b style=\"color: rgb(137, 22, 13); font-family: var(--body_typography-font-family); font-size: var(--body_typography-font-size); font -style: var(--body_typography-font-style,normal);\n\n\n\n\n<p>1 kapsel. \u00d6verskrid inte rekommenderade <span style=\"color: var(--body_typography-color); font-family: var(--body_typography-font-family); font-size: var(--body_typography-font-size); font-style: var(--body_typography-font-style,normal); font-weight: var(--body_typography-font-weight); del. Kosttillskott b\u00f6r inte anv\u00e4ndas som ers\u00e4ttning f\u00f6r en <\/span><span style=\"color: var(--body_typography-color); font-family: var(--body_typography-font-family); font-size: var(--body_typography-font-size: var(--body_typography-font-style,normal): var(--body_typography-font-sacing: var(-); -body_typography-letter-spacing);\">varierad kost. En varierad och balanserad kost och en h\u00e4lsosam livsstil \u00e4r viktigt.<\/span><\/p>\n<p style=\"color: #89160d;\"><b>O<span style=\"color: rgb(137, 22, 13);\">\u00f6vriga ingredienser:<\/span><\/b><\/p>\n<p> Sol\u00f6rsolja, skal (n\u00f6tk\u00f6ttsgelatin, fuktighetsbevarande medel: glycerol), <span style=\"color: var(--body_typography-color); font-family: var(--body_typography-font-family); font- storlek: var(--body_typography-font-size: var(--body_typography-font-style,normal); (--body_typography-letter-spacing);\">kolekalciferol (vitamin D3). <\/span><\/p>\n<p><span style=\"color: var(--body_typography-color); font-family: var(--body_typography-font-family); font-size: var(--body_typography-font-size); font -style: var(--body_typography-font-style,normal letter-spacing: var(--body_typography-letter-spacing);\"><span style=\"color: rgb(116, 116, 116);\" ><b style=\"color: rgb(137, 22, 13);\">B\u00c4ST F\u00d6RE:<\/b><\/span><span style=\"font-weight: var(--body_typography-font-weight); \"> Datum och batchnummer anges l\u00e4ngst ner p\u00e5 etiketten.<\/span><\/span><\/p>\n<p><span style=\"color: var(--body_typography-color); font-family: var(--body_typography-font-family); font-size: var(--body_typography-font-size); font -style: var(--body_typography-font-style,normal letter-spacing: var(--body_typography-letter-spacing);\"><span style=\"font-weight: var(--body_typography-font-); weight);\"><\/span><b style=\"color: rgb(137, 22, 13);\">LAGRING:<\/b><span style=\"font-weight: var(--body_typography-font- weight);\"> F\u00f6rvara i rumstemperatur, p\u00e5 en torr plats, i en sluten f\u00f6rpackning, utom r\u00e4ckh\u00e5ll f\u00f6r sm\u00e5 barn.<\/span><\/span><\/p>\n<p style=\"color: rgb(137, 22, 13);\">\n<\/div><div class=\"fusion-clearfix\"><\/div><\/div><\/div><div class=\"fusion-layout-column fusion_builder_column fusion-builder-column-3 fusion_builder_column_1_2 1_2 fusion-one-half fusion-column-last\" style=\"--awb-bg-size:cover;width:48%;\"><div class=\"fusion-column-wrapper fusion-flex-column-wrapper-legacy\"><div class=\"fusion-text fusion-text-7\"><p style=\"color: #89160d;\"><b>N\u00c4RINGSFAKTA<\/b><\/p>\n<\/div><div class=\"fusion-text fusion-text-8\"><div class=\"table-1\">\n<table class=\"tb\" width=\"100%\">\n<tbody>\n<tr class=\"table-row_border\">\n<td colspan=\"6\"><b>Portionsstorlek: 1 kapsel<\/b><\/td>\n<td style=\"text-align: center;\" colspan=\"4\"><b>N\u00e4ringsv\u00e4rde<\/b><\/td>\n<\/tr>\n<tr>\n<td colspan=\"6\">D-vitamin<\/td>\n<td style=\"text-align: center;\" colspan=\"4\">100 \u00b5g (4000 IE) 2000 %**<\/td>\n<\/tr>\n<\/tbody>\n<\/table>\n<p>* % av n\u00e4rings\u00e4mnesreferensv\u00e4rdet<\/p>\n<\/div>\n<\/div><div class=\"fusion-clearfix\"><\/div><\/div><\/div><\/div><\/div><\/p>\n","protected":false},"excerpt":{"rendered":"","protected":false},"author":1,"featured_media":0,"parent":22204,"menu_order":0,"comment_status":"closed","ping_status":"closed","template":"","meta":{"footnotes":""},"class_list":["post-23254","page","type-page","status-publish","hentry"],"_links":{"self":[{"href":"https:\/\/vikingforce.se\/sv\/wp-json\/wp\/v2\/pages\/23254","targetHints":{"allow":["GET"]}}],"collection":[{"href":"https:\/\/vikingforce.se\/sv\/wp-json\/wp\/v2\/pages"}],"about":[{"href":"https:\/\/vikingforce.se\/sv\/wp-json\/wp\/v2\/types\/page"}],"author":[{"embeddable":true,"href":"https:\/\/vikingforce.se\/sv\/wp-json\/wp\/v2\/users\/1"}],"replies":[{"embeddable":true,"href":"https:\/\/vikingforce.se\/sv\/wp-json\/wp\/v2\/comments?post=23254"}],"version-history":[{"count":7,"href":"https:\/\/vikingforce.se\/sv\/wp-json\/wp\/v2\/pages\/23254\/revisions"}],"predecessor-version":[{"id":23450,"href":"https:\/\/vikingforce.se\/sv\/wp-json\/wp\/v2\/pages\/23254\/revisions\/23450"}],"up":[{"embeddable":true,"href":"https:\/\/vikingforce.se\/sv\/wp-json\/wp\/v2\/pages\/22204"}],"wp:attachment":[{"href":"https:\/\/vikingforce.se\/sv\/wp-json\/wp\/v2\/media?parent=23254"}],"curies":[{"name":"wp","href":"https:\/\/api.w.org\/{rel}","templated":true}]}}