{"id":23249,"date":"2025-03-15T08:45:16","date_gmt":"2025-03-15T08:45:16","guid":{"rendered":"https:\/\/vikingforce.se\/vital-vitamins\/viking-probiotic\/"},"modified":"2025-05-14T11:12:55","modified_gmt":"2025-05-14T11:12:55","slug":"viking-probiotic","status":"publish","type":"page","link":"https:\/\/vikingforce.se\/sv\/vital-vitamins\/viking-probiotic\/","title":{"rendered":"Viking Probiotic"},"content":{"rendered":"<p><div class=\"fusion-fullwidth fullwidth-box fusion-builder-row-1 nonhundred-percent-fullwidth non-hundred-percent-height-scrolling\" style=\"--awb-background-position:center top;--awb-border-color:#f6f6f6;--awb-border-radius-top-left:0px;--awb-border-radius-top-right:0px;--awb-border-radius-bottom-right:0px;--awb-border-radius-bottom-left:0px;--awb-padding-top:1px;--awb-padding-right:0px;--awb-padding-bottom:30px;--awb-padding-left:0px;--awb-background-color:#fff;--awb-border-sizes-top:1px;--awb-border-sizes-bottom:1px;--awb-flex-wrap:wrap;\" ><div class=\"fusion-builder-row fusion-row\"><div class=\"fusion-layout-column fusion_builder_column fusion-builder-column-0 fusion_builder_column_1_2 1_2 fusion-one-half fusion-column-first\" style=\"--awb-bg-size:cover;width:48%; margin-right: 4%;\"><div class=\"fusion-column-wrapper fusion-flex-column-wrapper-legacy\"><div class=\"fusion-sep-clear\"><\/div><div class=\"fusion-separator fusion-full-width-sep\" style=\"margin-left: auto;margin-right: auto;margin-top:60px;width:100%;\"><\/div><div class=\"fusion-sep-clear\"><\/div><div class=\"fusion-image-carousel fusion-image-carousel-auto fusion-image-carousel-1 fusion-carousel-border\"><div class=\"awb-carousel awb-swiper awb-swiper-carousel awb-swiper-dots-position-bottom awb-carousel--carousel\" data-layout=\"carousel\" data-autoplay=\"yes\" data-autoplayspeed=\"2500\" data-autoplaypause=\"no\" data-columns=\"1\" data-itemmargin=\"13\" data-itemwidth=\"180\" data-touchscroll=\"no\" data-freemode=\"no\" data-imagesize=\"auto\" data-scrollitems=\"0\" data-centeredslides=\"no\" data-rotationangle=\"50\" data-depth=\"100\" data-speed=\"500\" data-shadow=\"no\" style=\"--awb-columns:1;--awb-border-width:1px;--awb-border-color:#e9eaee;\"><div class=\"swiper-wrapper awb-image-carousel-wrapper fusion-flex-align-items-center\"><div class=\"swiper-slide\"><div class=\"fusion-carousel-item-wrapper\"><div class=\"fusion-image-wrapper hover-type-none\"><img decoding=\"async\" width=\"1600\" height=\"1600\" src=\"https:\/\/vikingforce.se\/wp-content\/uploads\/2025\/01\/viking-probiotic.png\" class=\"attachment-full size-full\" alt=\"\" srcset=\"https:\/\/vikingforce.se\/wp-content\/uploads\/2025\/01\/viking-probiotic-66x66.png 66w, https:\/\/vikingforce.se\/wp-content\/uploads\/2025\/01\/viking-probiotic-150x150.png 150w, https:\/\/vikingforce.se\/wp-content\/uploads\/2025\/01\/viking-probiotic-200x200.png 200w, https:\/\/vikingforce.se\/wp-content\/uploads\/2025\/01\/viking-probiotic-300x300.png 300w, https:\/\/vikingforce.se\/wp-content\/uploads\/2025\/01\/viking-probiotic-400x400.png 400w, https:\/\/vikingforce.se\/wp-content\/uploads\/2025\/01\/viking-probiotic-600x600.png 600w, https:\/\/vikingforce.se\/wp-content\/uploads\/2025\/01\/viking-probiotic-768x768.png 768w, https:\/\/vikingforce.se\/wp-content\/uploads\/2025\/01\/viking-probiotic-800x800.png 800w, https:\/\/vikingforce.se\/wp-content\/uploads\/2025\/01\/viking-probiotic-1024x1024.png 1024w, https:\/\/vikingforce.se\/wp-content\/uploads\/2025\/01\/viking-probiotic-1200x1200.png 1200w, https:\/\/vikingforce.se\/wp-content\/uploads\/2025\/01\/viking-probiotic-1536x1536.png 1536w, https:\/\/vikingforce.se\/wp-content\/uploads\/2025\/01\/viking-probiotic.png 1600w\" sizes=\"(max-width: 1600px) 100vw, 1600px\" \/><\/div><\/div><\/div><\/div><div class=\"awb-swiper-button awb-swiper-button-prev\"><i class=\"awb-icon-angle-left\" aria-hidden=\"true\"><\/i><\/div><div class=\"awb-swiper-button awb-swiper-button-next\"><i class=\"awb-icon-angle-right\" aria-hidden=\"true\"><\/i><\/div><\/div><\/div><div class=\"fusion-text fusion-text-1\"><\/div><div class=\"fusion-clearfix\"><\/div><\/div><\/div><div class=\"fusion-layout-column fusion_builder_column fusion-builder-column-1 fusion_builder_column_1_2 1_2 fusion-one-half fusion-column-last\" style=\"--awb-bg-size:cover;width:48%;\"><div class=\"fusion-column-wrapper fusion-flex-column-wrapper-legacy\"><div class=\"fusion-sep-clear\"><\/div><div class=\"fusion-separator fusion-full-width-sep\" style=\"margin-left: auto;margin-right: auto;margin-top:30px;width:100%;\"><\/div><div class=\"fusion-sep-clear\"><\/div><div class=\"fusion-title title fusion-title-1 fusion-sep-none fusion-title-text fusion-title-size-one title-wg\" style=\"--awb-margin-bottom:5px;\"><h1 class=\"fusion-title-heading title-heading-left\" style=\"margin:0;\"><div style=\"text-align: center;\">VIKING PROBIOTIC<\/div><\/h1><\/div><div class=\"fusion-text fusion-text-2\"><p><!--<img decoding=\"async\" class=\"size-large wp-image-11808 aligncenter\" src=\"https:\/\/vikingforce.se\/wp-content\/uploads\/2015\/12\/aroma-empire-whey-1024x110.jpg\" alt=\"aroma-empire-whey\" width=\"669\" height=\"72\" srcset=\"https:\/\/vikingforce.se\/wp-content\/uploads\/2015\/12\/aroma-empire-whey-300x32.jpg 300w, https:\/\/vikingforce.se\/wp-content\/uploads\/2015\/12\/aroma-empire-whey-1024x110.jpg 1024w\" sizes=\"(max-width: 669px) 100vw, 669px\" \/>--><\/p>\n<\/div><div class=\"fusion-text fusion-text-3\"><p style=\"text-align: center;\">(Kosttillskott)<\/p>\n<\/div><div class=\"fusion-text fusion-text-4\"><p><!--<img decoding=\"async\" class=\"wp-image-11807 aligncenter\" src=\"https:\/\/vikingforce.se\/wp-content\/uploads\/2015\/12\/serving-empire-whey.jpg\" alt=\"serving-empire-whey\" width=\"147\" height=\"115\" \/>--><\/p>\n<\/div><div class=\"fusion-text fusion-text-5\"><p class=\"subtitle-wg\" style=\"text-align: center;\">30 kapslar<\/p>\n<\/div><div class=\"fusion-clearfix\"><\/div><\/div><\/div><\/div><\/div><div class=\"fusion-fullwidth fullwidth-box fusion-builder-row-2 nonhundred-percent-fullwidth non-hundred-percent-height-scrolling\" style=\"--awb-border-color:#f6f6f6;--awb-border-radius-top-left:0px;--awb-border-radius-top-right:0px;--awb-border-radius-bottom-right:0px;--awb-border-radius-bottom-left:0px;--awb-padding-top:10px;--awb-padding-right:0px;--awb-padding-bottom:0px;--awb-padding-left:0px;--awb-background-color:#fff;--awb-border-sizes-top:0px;--awb-border-sizes-bottom:0px;--awb-flex-wrap:wrap;\" ><div class=\"fusion-builder-row fusion-row\"><div class=\"fusion-layout-column fusion_builder_column fusion-builder-column-2 fusion_builder_column_1_2 1_2 fusion-one-half fusion-column-first\" style=\"--awb-bg-size:cover;width:48%; margin-right: 4%;\"><div class=\"fusion-column-wrapper fusion-flex-column-wrapper-legacy\"><div class=\"fusion-text fusion-text-6\"><p><b style=\"color: #89160d;\">VIKING PROBIOTIC<\/b><\/p>\n<p><b>Egenskaper<\/b><\/p>\n<p>\u2022 Frystorkad Saccharomyces boulardii-j\u00e4st (250 mg) \u2013 Saccharomyces boulardii \u00e4r en probiotisk j\u00e4st avsedd f\u00f6r anv\u00e4ndning under och efter antibiotikabehandling f\u00f6r att komplettera tarmfloran. Saccharomyces boulardii anv\u00e4nds ocks\u00e5 f\u00f6re och under resor, s\u00e4rskilt till andra klimatzoner, vid f\u00f6r\u00e4ndringar i kost, klimat och kontakt med annan bakterieflora.<\/p>\n<p><b>Indikationer<\/b><\/p>\n<p>\u2022 F\u00f6r personer under och efter antibiotikabehandling<\/p>\n<p>\u2022 Profylaktiskt f\u00f6r att f\u00f6rebygga diarr\u00e9<\/p>\n<p>\u2022 F\u00f6rebyggande av postantibiotisk diarr\u00e9<\/p>\n<p>\u2022 Behandling av akut infekti\u00f6s diarr\u00e9<\/p>\n<p>\u2022 F\u00f6rebyggande av turistdiarr\u00e9<\/p>\n<p>\u2022 Komplettering av tarmfloran<\/p>\n<p style=\"color: #89160d;\"><b>Bruksanvisning:<\/b><\/p>\n<p>1 eller 2 kapslar. \u00d6verskrid inte den rekommenderade dagliga <span style=\"color: var(--body_typography-color); font-family: var(--body_typography-font-family); font-size: var(--body_typography-font-size); font-style: var(--body_typography-font-style,normal); font-weight: var(--body_typography-font-weight); letter-spacing: var(--body_typography-letter-spacing);\">dosen. Kosttillskott b\u00f6r inte anv\u00e4ndas som ers\u00e4ttning f\u00f6r en varierad kost. En <\/span><span style=\"color: var(--body_typography-color); font-family: var(--body_typography-font-family); font-size: var(--body_typography-font-size); font-style: var(--body_typography-font-style,normal); font-weight: var(--body_typography-font-weight); letter-spacing: var(--body_typography-letter-spacing);\">varierad och balanserad kost samt en h\u00e4lsosam livsstil \u00e4r viktiga.<\/span><\/p>\n<p style=\"color: #89160d;\"><b><span style=\"color: #89160d;\">Ingredienser:<\/span><\/b><\/p>\n<p>Frystorkad probiotisk j\u00e4st Saccharomyces boulardii (10 x 10\u2079 cfu\/g), oligofruktos, gelatin (kapsel), klumpf\u00f6rebyggande medel &#8211; magnesiumsalter av fettsyror. Produkten kan inneh\u00e5lla sp\u00e5r av: spannm\u00e5l som inneh\u00e5ller <b>gluten, sojab\u00f6nor, mj\u00f6lk<\/b>.<\/p>\n<p><span style=\"color: var(--body_typography-color); font-family: var(--body_typography-font-family); font-size: var(--body_typography-font-size); font-style: var(--body_typography-font-style,normal); letter-spacing: var(--body_typography-letter-spacing);\"><span style=\"color: #747474;\"><b style=\"color: #89160d;\">B\u00c4ST F\u00d6RE:<\/b><\/span><span style=\"font-weight: var(--body_typography-font-weight);\"> Datum och batchnummer anges l\u00e4ngst ner p\u00e5 etiketten.<\/span><\/span><\/p>\n<p><span style=\"color: var(--body_typography-color); font-family: var(--body_typography-font-family); font-size: var(--body_typography-font-size); font-style: var(--body_typography-font-style,normal); letter-spacing: var(--body_typography-letter-spacing);\"><b style=\"color: #89160d;\">F\u00d6RVARING:<\/b><span style=\"font-weight: var(--body_typography-font-weight);\"> F\u00f6rvaras i rumstemperatur, p\u00e5 en torr plats, i en st\u00e4ngd f\u00f6rpackning, utom r\u00e4ckh\u00e5ll f\u00f6r sm\u00e5 barn.<\/span><\/span><\/p>\n<p style=\"color: #89160d;\">\n<\/div><div class=\"fusion-clearfix\"><\/div><\/div><\/div><div class=\"fusion-layout-column fusion_builder_column fusion-builder-column-3 fusion_builder_column_1_2 1_2 fusion-one-half fusion-column-last\" style=\"--awb-bg-size:cover;width:48%;\"><div class=\"fusion-column-wrapper fusion-flex-column-wrapper-legacy\"><div class=\"fusion-text fusion-text-7\"><p style=\"color: #89160d;\"><b>N\u00c4RINGSV\u00c4RDEN<\/b><\/p>\n<\/div><div class=\"fusion-text fusion-text-8\"><div class=\"table-1\">\n<table class=\"tb\" width=\"100%\">\n<tbody>\n<tr class=\"table-row_border\">\n<td colspan=\"6\"><b>N\u00e4ringsv\u00e4rde<\/b><\/td>\n<td colspan=\"4\" style=\"text-align: center;\"><b>1 Kapsel<\/b><\/td>\n<td style=\"text-align: center;\" colspan=\"4\"><b>2 Kapslar<\/b><\/td>\n<\/tr>\n<tr>\n<td colspan=\"6\">Saccharomyces boulardii<\/td>\n<td colspan=\"4\" style=\"text-align: center;\">250 mg<\/td>\n<td style=\"text-align: center;\" colspan=\"4\">500 mg<\/td>\n<\/tr>\n<\/tbody>\n<\/table>\n<\/div>\n<\/div><div class=\"fusion-clearfix\"><\/div><\/div><\/div><\/div><\/div><\/p>\n","protected":false},"excerpt":{"rendered":"","protected":false},"author":1,"featured_media":0,"parent":22204,"menu_order":0,"comment_status":"closed","ping_status":"closed","template":"","meta":{"footnotes":""},"class_list":["post-23249","page","type-page","status-publish","hentry"],"_links":{"self":[{"href":"https:\/\/vikingforce.se\/sv\/wp-json\/wp\/v2\/pages\/23249","targetHints":{"allow":["GET"]}}],"collection":[{"href":"https:\/\/vikingforce.se\/sv\/wp-json\/wp\/v2\/pages"}],"about":[{"href":"https:\/\/vikingforce.se\/sv\/wp-json\/wp\/v2\/types\/page"}],"author":[{"embeddable":true,"href":"https:\/\/vikingforce.se\/sv\/wp-json\/wp\/v2\/users\/1"}],"replies":[{"embeddable":true,"href":"https:\/\/vikingforce.se\/sv\/wp-json\/wp\/v2\/comments?post=23249"}],"version-history":[{"count":4,"href":"https:\/\/vikingforce.se\/sv\/wp-json\/wp\/v2\/pages\/23249\/revisions"}],"predecessor-version":[{"id":23443,"href":"https:\/\/vikingforce.se\/sv\/wp-json\/wp\/v2\/pages\/23249\/revisions\/23443"}],"up":[{"embeddable":true,"href":"https:\/\/vikingforce.se\/sv\/wp-json\/wp\/v2\/pages\/22204"}],"wp:attachment":[{"href":"https:\/\/vikingforce.se\/sv\/wp-json\/wp\/v2\/media?parent=23249"}],"curies":[{"name":"wp","href":"https:\/\/api.w.org\/{rel}","templated":true}]}}