{"id":23244,"date":"2025-03-15T08:38:47","date_gmt":"2025-03-15T08:38:47","guid":{"rendered":"https:\/\/vikingforce.se\/vital-vitamins\/viking-omega3-vital-vitamin\/"},"modified":"2025-05-14T11:10:34","modified_gmt":"2025-05-14T11:10:34","slug":"viking-omega3-vital-vitamin","status":"publish","type":"page","link":"https:\/\/vikingforce.se\/sv\/vital-vitamins\/viking-omega3-vital-vitamin\/","title":{"rendered":"Viking Omega3 vital vitamin"},"content":{"rendered":"<p><div class=\"fusion-fullwidth fullwidth-box fusion-builder-row-1 nonhundred-percent-fullwidth non-hundred-percent-height-scrolling\" style=\"--awb-background-position:center top;--awb-border-color:#f6f6f6;--awb-border-radius-top-left:0px;--awb-border-radius-top-right:0px;--awb-border-radius-bottom-right:0px;--awb-border-radius-bottom-left:0px;--awb-padding-top:1px;--awb-padding-right:0px;--awb-padding-bottom:30px;--awb-padding-left:0px;--awb-background-color:#fff;--awb-border-sizes-top:1px;--awb-border-sizes-bottom:1px;--awb-flex-wrap:wrap;\" ><div class=\"fusion-builder-row fusion-row\"><div class=\"fusion-layout-column fusion_builder_column fusion-builder-column-0 fusion_builder_column_1_2 1_2 fusion-one-half fusion-column-first\" style=\"--awb-bg-size:cover;width:48%; margin-right: 4%;\"><div class=\"fusion-column-wrapper fusion-flex-column-wrapper-legacy\"><div class=\"fusion-sep-clear\"><\/div><div class=\"fusion-separator fusion-full-width-sep\" style=\"margin-left: auto;margin-right: auto;margin-top:60px;width:100%;\"><\/div><div class=\"fusion-sep-clear\"><\/div><div class=\"fusion-image-carousel fusion-image-carousel-auto fusion-image-carousel-1 fusion-carousel-border\"><div class=\"awb-carousel awb-swiper awb-swiper-carousel awb-swiper-dots-position-bottom awb-carousel--carousel\" data-layout=\"carousel\" data-autoplay=\"yes\" data-autoplayspeed=\"2500\" data-autoplaypause=\"no\" data-columns=\"1\" data-itemmargin=\"13\" data-itemwidth=\"180\" data-touchscroll=\"no\" data-freemode=\"no\" data-imagesize=\"auto\" data-scrollitems=\"0\" data-centeredslides=\"no\" data-rotationangle=\"50\" data-depth=\"100\" data-speed=\"500\" data-shadow=\"no\" style=\"--awb-columns:1;--awb-border-width:1px;--awb-border-color:#e9eaee;\"><div class=\"swiper-wrapper awb-image-carousel-wrapper fusion-flex-align-items-center\"><div class=\"swiper-slide\"><div class=\"fusion-carousel-item-wrapper\"><div class=\"fusion-image-wrapper hover-type-none\"><img decoding=\"async\" width=\"1600\" height=\"1600\" src=\"https:\/\/vikingforce.se\/wp-content\/uploads\/2025\/01\/viking-omega-3-vital-vitamin.png\" class=\"attachment-full size-full\" alt=\"\" srcset=\"https:\/\/vikingforce.se\/wp-content\/uploads\/2025\/01\/viking-omega-3-vital-vitamin-66x66.png 66w, https:\/\/vikingforce.se\/wp-content\/uploads\/2025\/01\/viking-omega-3-vital-vitamin-150x150.png 150w, https:\/\/vikingforce.se\/wp-content\/uploads\/2025\/01\/viking-omega-3-vital-vitamin-200x200.png 200w, https:\/\/vikingforce.se\/wp-content\/uploads\/2025\/01\/viking-omega-3-vital-vitamin-300x300.png 300w, https:\/\/vikingforce.se\/wp-content\/uploads\/2025\/01\/viking-omega-3-vital-vitamin-400x400.png 400w, https:\/\/vikingforce.se\/wp-content\/uploads\/2025\/01\/viking-omega-3-vital-vitamin-600x600.png 600w, https:\/\/vikingforce.se\/wp-content\/uploads\/2025\/01\/viking-omega-3-vital-vitamin-768x768.png 768w, https:\/\/vikingforce.se\/wp-content\/uploads\/2025\/01\/viking-omega-3-vital-vitamin-800x800.png 800w, https:\/\/vikingforce.se\/wp-content\/uploads\/2025\/01\/viking-omega-3-vital-vitamin-1024x1024.png 1024w, https:\/\/vikingforce.se\/wp-content\/uploads\/2025\/01\/viking-omega-3-vital-vitamin-1200x1200.png 1200w, https:\/\/vikingforce.se\/wp-content\/uploads\/2025\/01\/viking-omega-3-vital-vitamin-1536x1536.png 1536w, https:\/\/vikingforce.se\/wp-content\/uploads\/2025\/01\/viking-omega-3-vital-vitamin.png 1600w\" sizes=\"(max-width: 1600px) 100vw, 1600px\" \/><\/div><\/div><\/div><\/div><div class=\"awb-swiper-button awb-swiper-button-prev\"><i class=\"awb-icon-angle-left\" aria-hidden=\"true\"><\/i><\/div><div class=\"awb-swiper-button awb-swiper-button-next\"><i class=\"awb-icon-angle-right\" aria-hidden=\"true\"><\/i><\/div><\/div><\/div><div class=\"fusion-text fusion-text-1\"><\/div><div class=\"fusion-clearfix\"><\/div><\/div><\/div><div class=\"fusion-layout-column fusion_builder_column fusion-builder-column-1 fusion_builder_column_1_2 1_2 fusion-one-half fusion-column-last\" style=\"--awb-bg-size:cover;width:48%;\"><div class=\"fusion-column-wrapper fusion-flex-column-wrapper-legacy\"><div class=\"fusion-title title fusion-title-1 fusion-sep-none fusion-title-text fusion-title-size-one title-wg\" style=\"--awb-margin-bottom:5px;\"><h1 class=\"fusion-title-heading title-heading-left\" style=\"margin:0;\"><div style=\"text-align: center;\"><span style=\"color: rgb(23, 28, 19);\">VIKING OMEGA 3<\/span><\/div><\/h1><\/div><div class=\"fusion-text fusion-text-2\"><p style=\"text-align: center;\">(Kosttillskott)<\/p>\n<\/div><div class=\"fusion-text fusion-text-3\"><p><!--<img decoding=\"async\" class=\"size-large wp-image-11808 aligncenter\" src=\"https:\/\/vikingforce.se\/wp-content\/uploads\/2015\/12\/aroma-empire-whey-1024x110.jpg\" alt=\"aroma-empire-whey\" width=\"669\" height=\"72\" srcset=\"https:\/\/vikingforce.se\/wp-content\/uploads\/2015\/12\/aroma-empire-whey-300x32.jpg 300w, https:\/\/vikingforce.se\/wp-content\/uploads\/2015\/12\/aroma-empire-whey-1024x110.jpg 1024w\" sizes=\"(max-width: 669px) 100vw, 669px\" \/>--><\/p>\n<\/div><div class=\"fusion-text fusion-text-4\"><p><!--<img decoding=\"async\" class=\"wp-image-11807 aligncenter\" src=\"https:\/\/vikingforce.se\/wp-content\/uploads\/2015\/12\/serving-empire-whey.jpg\" alt=\"serving-empire-whey\" width=\"147\" height=\"115\" \/>--><\/p>\n<\/div><div class=\"fusion-text fusion-text-5\"><p class=\"subtitle-wg\" style=\"text-align: center;\">30 kapslar<\/p>\n<\/div><div class=\"fusion-clearfix\"><\/div><\/div><\/div><\/div><\/div><div class=\"fusion-fullwidth fullwidth-box fusion-builder-row-2 nonhundred-percent-fullwidth non-hundred-percent-height-scrolling\" style=\"--awb-border-color:#f6f6f6;--awb-border-radius-top-left:0px;--awb-border-radius-top-right:0px;--awb-border-radius-bottom-right:0px;--awb-border-radius-bottom-left:0px;--awb-padding-top:10px;--awb-padding-right:0px;--awb-padding-bottom:0px;--awb-padding-left:0px;--awb-background-color:#fff;--awb-border-sizes-top:0px;--awb-border-sizes-bottom:0px;--awb-flex-wrap:wrap;\" ><div class=\"fusion-builder-row fusion-row\"><div class=\"fusion-layout-column fusion_builder_column fusion-builder-column-2 fusion_builder_column_1_2 1_2 fusion-one-half fusion-column-first\" style=\"--awb-bg-size:cover;width:48%; margin-right: 4%;\"><div class=\"fusion-column-wrapper fusion-flex-column-wrapper-legacy\"><div class=\"fusion-text fusion-text-6\"><p><b style=\"color: #89160d;\">VIKING OMEGA 3<\/b><\/p>\n<p>Stark kombination av omega-3-fettsyror och vitamin E<\/p>\n<p><b>Egenskaper:<\/b><\/p>\n<p>Produkten inneh\u00e5ller h\u00f6gkvalitativt marint fiskolja, som \u00e4r en k\u00e4lla till EPA- och DHA-syror.<\/p>\n<p>Eikosapentaensyra (EPA) och dokosahexaensyra (DHA) bidrar till hj\u00e4rtats normala funktion.<\/p>\n<p>Dokosahexaensyra (DHA) bidrar till att uppr\u00e4tth\u00e5lla hj\u00e4rnans normala funktion och normal syn.<\/p>\n<p>DHA och EPA hj\u00e4lper till att bibeh\u00e5lla normala niv\u00e5er av triglycerider i blodet (den gynnsamma effekten uppn\u00e5s vid konsumtion av 2 g EPA och DHA per dag).<\/p>\n<p><span style=\"color: var(--body_typography-color); font-family: var(--body_typography-font-family); font-size: var(--body_typography-font-size); font-style: var(--body_typography-font-style,normal); font-weight: var(--body_typography-font-weight); letter-spacing: var(--body_typography-letter-spacing);\">Vitamin E bidrar till att skydda cellkomponenter mot oxidativ skada.<\/span><\/p>\n<p><b style=\"color: #89160d; font-family: var(--body_typography-font-family); font-size: var(--body_typography-font-size); font-style: var(--body_typography-font-style,normal); letter-spacing: var(--body_typography-letter-spacing);\">Anv\u00e4ndningsinstruktioner:<\/b><\/p>\n<p>1 kapsel. \u00d6verskrid inte den rekommenderade dagliga <span style=\"color: var(--body_typography-color); font-family: var(--body_typography-font-family); font-size: var(--body_typography-font-size); font-style: var(--body_typography-font-style,normal); font-weight: var(--body_typography-font-weight); letter-spacing: var(--body_typography-letter-spacing);\">dosen. Kosttillskott b\u00f6r inte anv\u00e4ndas som ers\u00e4ttning f\u00f6r en varierad kost. En <\/span><span style=\"color: var(--body_typography-color); font-family: var(--body_typography-font-family); font-size: var(--body_typography-font-size); font-style: var(--body_typography-font-style,normal); font-weight: var(--body_typography-font-weight); letter-spacing: var(--body_typography-letter-spacing);\">varierad och balanserad kost samt en h\u00e4lsosam livsstil \u00e4r viktiga.<\/span><\/p>\n<p style=\"color: #89160d;\"><b><span style=\"color: #89160d;\">Ingredienser:<\/span><\/b><\/p>\n<p><span style=\"color: var(--body_typography-color); font-family: var(--body_typography-font-family); font-size: var(--body_typography-font-size); font-style: var(--body_typography-font-style,normal); letter-spacing: var(--body_typography-letter-spacing);\"><b>Fisk<\/b><\/span><span style=\"color: var(--body_typography-color); font-family: var(--body_typography-font-family); font-size: var(--body_typography-font-size); font-style: var(--body_typography-font-style,normal); font-weight: var(--body_typography-font-weight); letter-spacing: var(--body_typography-letter-spacing);\">olja, kapsel (n\u00f6tk\u00f6ttsgelatin, fuktighetsbevarande medel: glycerol, vatten), D-alfa-tokoferol (vitamin E).<\/span><\/p>\n<p><span style=\"font-family: var(--body_typography-font-family); font-size: var(--body_typography-font-size); font-style: var(--body_typography-font-style,normal); letter-spacing: var(--body_typography-letter-spacing); font-weight: var(--body_typography-font-weight);\"><b style=\"color: #89160d;\">B\u00c4ST F\u00d6RE:<\/b><\/span><span style=\"color: var(--body_typography-color); font-family: var(--body_typography-font-family); font-size: var(--body_typography-font-size); font-style: var(--body_typography-font-style,normal); letter-spacing: var(--body_typography-letter-spacing); font-weight: var(--body_typography-font-weight);\"> Datum och batchnummer finns p\u00e5 etikettens undersida.<\/span><\/p>\n<p><span style=\"color: var(--body_typography-color); font-family: var(--body_typography-font-family); font-size: var(--body_typography-font-size); font-style: var(--body_typography-font-style,normal); letter-spacing: var(--body_typography-letter-spacing);\"><b style=\"color: #89160d;\">F\u00d6RVARING:<\/b><span style=\"font-weight: var(--body_typography-font-weight);\"> F\u00f6rvara i rumstemperatur, p\u00e5 en torr plats, i en st\u00e4ngd f\u00f6rpackning, utom r\u00e4ckh\u00e5ll f\u00f6r sm\u00e5 barn.<\/span><\/span><\/p>\n<\/div><div class=\"fusion-clearfix\"><\/div><\/div><\/div><div class=\"fusion-layout-column fusion_builder_column fusion-builder-column-3 fusion_builder_column_1_2 1_2 fusion-one-half fusion-column-last\" style=\"--awb-bg-size:cover;width:48%;\"><div class=\"fusion-column-wrapper fusion-flex-column-wrapper-legacy\"><div class=\"fusion-text fusion-text-7\"><p style=\"color: #89160d;\"><b>N\u00c4RINGSV\u00c4RDEN<\/b><\/p>\n<\/div><div class=\"fusion-text fusion-text-8\"><div class=\"table-1\">\n<table class=\"tb\" width=\"100%\">\n<tbody>\n<tr class=\"table-row_border\">\n<td colspan=\"6\"><b>N\u00e4ringsv\u00e4rde<\/b><\/td>\n<td style=\"text-align: center;\" colspan=\"4\"><b>1 Kapsel<\/b><\/td>\n<\/tr>\n<tr>\n<td colspan=\"6\">Fiskolja (30 % omega-3-fettsyror)<\/td>\n<td style=\"text-align: center;\" colspan=\"4\">1000 mg<\/td>\n<\/tr>\n<tr>\n<td colspan=\"6\">&#8211;<i>varav<\/i> eikosapentaensyra (EPA)<\/td>\n<td style=\"text-align: center;\" colspan=\"4\">180 mg<\/td>\n<\/tr>\n<tr>\n<td colspan=\"6\">&#8211;<i>varav<\/i> dokosahexaensyra (DHA)<\/td>\n<td style=\"text-align: center;\" colspan=\"4\">120 mg<\/td>\n<\/tr>\n<tr>\n<td colspan=\"6\">Vitamin E<\/td>\n<td style=\"text-align: center;\" colspan=\"4\">5 mg 42%*<\/td>\n<\/tr>\n<tr>\n<td colspan=\"10\">* % av n\u00e4ringsreferensv\u00e4rdet<\/td>\n<\/tr>\n<\/tbody>\n<\/table>\n<\/div>\n<\/div><div class=\"fusion-clearfix\"><\/div><\/div><\/div><\/div><\/div><\/p>\n","protected":false},"excerpt":{"rendered":"","protected":false},"author":1,"featured_media":0,"parent":22204,"menu_order":0,"comment_status":"closed","ping_status":"closed","template":"","meta":{"footnotes":""},"class_list":["post-23244","page","type-page","status-publish","hentry"],"_links":{"self":[{"href":"https:\/\/vikingforce.se\/sv\/wp-json\/wp\/v2\/pages\/23244","targetHints":{"allow":["GET"]}}],"collection":[{"href":"https:\/\/vikingforce.se\/sv\/wp-json\/wp\/v2\/pages"}],"about":[{"href":"https:\/\/vikingforce.se\/sv\/wp-json\/wp\/v2\/types\/page"}],"author":[{"embeddable":true,"href":"https:\/\/vikingforce.se\/sv\/wp-json\/wp\/v2\/users\/1"}],"replies":[{"embeddable":true,"href":"https:\/\/vikingforce.se\/sv\/wp-json\/wp\/v2\/comments?post=23244"}],"version-history":[{"count":8,"href":"https:\/\/vikingforce.se\/sv\/wp-json\/wp\/v2\/pages\/23244\/revisions"}],"predecessor-version":[{"id":23441,"href":"https:\/\/vikingforce.se\/sv\/wp-json\/wp\/v2\/pages\/23244\/revisions\/23441"}],"up":[{"embeddable":true,"href":"https:\/\/vikingforce.se\/sv\/wp-json\/wp\/v2\/pages\/22204"}],"wp:attachment":[{"href":"https:\/\/vikingforce.se\/sv\/wp-json\/wp\/v2\/media?parent=23244"}],"curies":[{"name":"wp","href":"https:\/\/api.w.org\/{rel}","templated":true}]}}