{"id":23237,"date":"2025-03-15T08:26:38","date_gmt":"2025-03-15T08:26:38","guid":{"rendered":"https:\/\/vikingforce.se\/vital-vitamins\/viking-zinc-15mg\/"},"modified":"2025-05-14T11:14:26","modified_gmt":"2025-05-14T11:14:26","slug":"viking-zinc-15mg","status":"publish","type":"page","link":"https:\/\/vikingforce.se\/sv\/vital-vitamins\/viking-zinc-15mg\/","title":{"rendered":"Viking Zinc 15mg"},"content":{"rendered":"<p><div class=\"fusion-fullwidth fullwidth-box fusion-builder-row-1 nonhundred-percent-fullwidth non-hundred-percent-height-scrolling\" style=\"--awb-background-position:center top;--awb-border-color:#f6f6f6;--awb-border-radius-top-left:0px;--awb-border-radius-top-right:0px;--awb-border-radius-bottom-right:0px;--awb-border-radius-bottom-left:0px;--awb-padding-top:1px;--awb-padding-right:0px;--awb-padding-bottom:30px;--awb-padding-left:0px;--awb-background-color:#fff;--awb-border-sizes-top:1px;--awb-border-sizes-bottom:1px;--awb-flex-wrap:wrap;\" ><div class=\"fusion-builder-row fusion-row\"><div class=\"fusion-layout-column fusion_builder_column fusion-builder-column-0 fusion_builder_column_1_2 1_2 fusion-one-half fusion-column-first\" style=\"--awb-bg-size:cover;width:48%; margin-right: 4%;\"><div class=\"fusion-column-wrapper fusion-flex-column-wrapper-legacy\"><div class=\"fusion-sep-clear\"><\/div><div class=\"fusion-separator fusion-full-width-sep\" style=\"margin-left: auto;margin-right: auto;margin-top:60px;width:100%;\"><\/div><div class=\"fusion-sep-clear\"><\/div><div class=\"fusion-image-carousel fusion-image-carousel-auto fusion-image-carousel-1 fusion-carousel-border\"><div class=\"awb-carousel awb-swiper awb-swiper-carousel awb-swiper-dots-position-bottom awb-carousel--carousel\" data-layout=\"carousel\" data-autoplay=\"yes\" data-autoplayspeed=\"2500\" data-autoplaypause=\"no\" data-columns=\"1\" data-itemmargin=\"13\" data-itemwidth=\"180\" data-touchscroll=\"no\" data-freemode=\"no\" data-imagesize=\"auto\" data-scrollitems=\"0\" data-centeredslides=\"no\" data-rotationangle=\"50\" data-depth=\"100\" data-speed=\"500\" data-shadow=\"no\" style=\"--awb-columns:1;--awb-border-width:1px;--awb-border-color:#e9eaee;\"><div class=\"swiper-wrapper awb-image-carousel-wrapper fusion-flex-align-items-center\"><div class=\"swiper-slide\"><div class=\"fusion-carousel-item-wrapper\"><div class=\"fusion-image-wrapper hover-type-none\"><img decoding=\"async\" width=\"882\" height=\"862\" src=\"https:\/\/vikingforce.se\/wp-content\/uploads\/2024\/04\/Viking-Zinc-15-mg.png\" class=\"attachment-full size-full\" alt=\"\" srcset=\"https:\/\/vikingforce.se\/wp-content\/uploads\/2024\/04\/Viking-Zinc-15-mg-66x66.png 66w, https:\/\/vikingforce.se\/wp-content\/uploads\/2024\/04\/Viking-Zinc-15-mg-200x195.png 200w, https:\/\/vikingforce.se\/wp-content\/uploads\/2024\/04\/Viking-Zinc-15-mg-300x293.png 300w, https:\/\/vikingforce.se\/wp-content\/uploads\/2024\/04\/Viking-Zinc-15-mg-400x391.png 400w, https:\/\/vikingforce.se\/wp-content\/uploads\/2024\/04\/Viking-Zinc-15-mg-600x586.png 600w, https:\/\/vikingforce.se\/wp-content\/uploads\/2024\/04\/Viking-Zinc-15-mg-768x751.png 768w, https:\/\/vikingforce.se\/wp-content\/uploads\/2024\/04\/Viking-Zinc-15-mg-800x782.png 800w, https:\/\/vikingforce.se\/wp-content\/uploads\/2024\/04\/Viking-Zinc-15-mg.png 882w\" sizes=\"(max-width: 882px) 100vw, 882px\" \/><\/div><\/div><\/div><div class=\"swiper-slide\"><div class=\"fusion-carousel-item-wrapper\"><div class=\"fusion-image-wrapper hover-type-none\"><img decoding=\"async\" width=\"882\" height=\"862\" src=\"https:\/\/vikingforce.se\/wp-content\/uploads\/2024\/04\/Viking-Zinc-15-mg-back-view.png\" class=\"attachment-full size-full\" alt=\"\" srcset=\"https:\/\/vikingforce.se\/wp-content\/uploads\/2024\/04\/Viking-Zinc-15-mg-back-view-66x66.png 66w, https:\/\/vikingforce.se\/wp-content\/uploads\/2024\/04\/Viking-Zinc-15-mg-back-view-200x195.png 200w, https:\/\/vikingforce.se\/wp-content\/uploads\/2024\/04\/Viking-Zinc-15-mg-back-view-300x293.png 300w, https:\/\/vikingforce.se\/wp-content\/uploads\/2024\/04\/Viking-Zinc-15-mg-back-view-400x391.png 400w, https:\/\/vikingforce.se\/wp-content\/uploads\/2024\/04\/Viking-Zinc-15-mg-back-view-600x586.png 600w, https:\/\/vikingforce.se\/wp-content\/uploads\/2024\/04\/Viking-Zinc-15-mg-back-view-768x751.png 768w, https:\/\/vikingforce.se\/wp-content\/uploads\/2024\/04\/Viking-Zinc-15-mg-back-view-800x782.png 800w, https:\/\/vikingforce.se\/wp-content\/uploads\/2024\/04\/Viking-Zinc-15-mg-back-view.png 882w\" sizes=\"(max-width: 882px) 100vw, 882px\" \/><\/div><\/div><\/div><\/div><div class=\"awb-swiper-button awb-swiper-button-prev\"><i class=\"awb-icon-angle-left\" aria-hidden=\"true\"><\/i><\/div><div class=\"awb-swiper-button awb-swiper-button-next\"><i class=\"awb-icon-angle-right\" aria-hidden=\"true\"><\/i><\/div><\/div><\/div><div class=\"fusion-text fusion-text-1\"><\/div><div class=\"fusion-clearfix\"><\/div><\/div><\/div><div class=\"fusion-layout-column fusion_builder_column fusion-builder-column-1 fusion_builder_column_1_2 1_2 fusion-one-half fusion-column-last\" style=\"--awb-bg-size:cover;width:48%;\"><div class=\"fusion-column-wrapper fusion-flex-column-wrapper-legacy\"><div class=\"fusion-title title fusion-title-1 fusion-sep-none fusion-title-text fusion-title-size-one title-wg\" style=\"--awb-margin-bottom:5px;\"><h1 class=\"fusion-title-heading title-heading-left\" style=\"margin:0;\"><div style=\"text-align: center;\">VIKING ZINC 15 MG<\/div><\/h1><\/div><div class=\"fusion-text fusion-text-2\"><p style=\"text-align: center;\">(Kosttillskott)<\/p>\n<\/div><div class=\"fusion-text fusion-text-3\"><p><!--<img decoding=\"async\" class=\"size-large wp-image-11808 aligncenter\" src=\"https:\/\/vikingforce.se\/wp-content\/uploads\/2015\/12\/aroma-empire-whey-1024x110.jpg\" alt=\"aroma-empire-whey\" width=\"669\" height=\"72\" srcset=\"https:\/\/vikingforce.se\/wp-content\/uploads\/2015\/12\/aroma-empire-whey-300x32.jpg 300w, https:\/\/vikingforce.se\/wp-content\/uploads\/2015\/12\/aroma-empire-whey-1024x110.jpg 1024w\" sizes=\"(max-width: 669px) 100vw, 669px\" \/>--><\/p>\n<\/div><div class=\"fusion-text fusion-text-4\"><p><!--<img decoding=\"async\" class=\"wp-image-11807 aligncenter\" src=\"https:\/\/vikingforce.se\/wp-content\/uploads\/2015\/12\/serving-empire-whey.jpg\" alt=\"serving-empire-whey\" width=\"147\" height=\"115\" \/>--><\/p>\n<\/div><div class=\"fusion-text fusion-text-5\"><p class=\"subtitle-wg\" style=\"text-align: center;\">Nettovikt: 15,75 g<\/p>\n<\/div><div class=\"fusion-text fusion-text-6\"><p class=\"subtitle-wg\" style=\"text-align: center;\">45 surfplattor<\/p>\n<\/div><div class=\"fusion-clearfix\"><\/div><\/div><\/div><\/div><\/div><div class=\"fusion-fullwidth fullwidth-box fusion-builder-row-2 nonhundred-percent-fullwidth non-hundred-percent-height-scrolling\" style=\"--awb-border-color:#f6f6f6;--awb-border-radius-top-left:0px;--awb-border-radius-top-right:0px;--awb-border-radius-bottom-right:0px;--awb-border-radius-bottom-left:0px;--awb-padding-top:10px;--awb-padding-right:0px;--awb-padding-bottom:0px;--awb-padding-left:0px;--awb-background-color:#fff;--awb-border-sizes-top:0px;--awb-border-sizes-bottom:0px;--awb-flex-wrap:wrap;\" ><div class=\"fusion-builder-row fusion-row\"><div class=\"fusion-layout-column fusion_builder_column fusion-builder-column-2 fusion_builder_column_1_2 1_2 fusion-one-half fusion-column-first\" style=\"--awb-bg-size:cover;width:48%; margin-right: 4%;\"><div class=\"fusion-column-wrapper fusion-flex-column-wrapper-legacy\"><div class=\"fusion-text fusion-text-7\"><p><b style=\"color: #89160d;\">VIKING ZINC 15 MG<\/b><\/p>\n<p>Produkten \u00e4r en k\u00e4lla till zink, i form av ett mycket biotillg\u00e4ngligt aminosyrakelat. Zink bidrar till normal fertilitet och reproduktion samt normal DNA-syntes. Detta element bidrar ocks\u00e5 till att uppr\u00e4tth\u00e5lla normala testosteronniv\u00e5er i blodet. Zink bidrar till normal metabolism av makron\u00e4rings\u00e4mnen, inklusive fettsyror och kolhydrater. Zink \u00e4r avg\u00f6rande f\u00f6r normal proteinsyntes, vilket bidrar till att underh\u00e5lla normala ben, h\u00e5r, naglar och hud. Zink bidrar till normal metabolism av vitamin A, vilket \u00e4r relaterat till uppr\u00e4tth\u00e5llandet av normal syn. Zink st\u00e4rker immunf\u00f6rsvaret och skyddar cellerna mot oxidativ stress. Koppar bidrar till immunsystemets och nervsystemets normala funktion, till normal h\u00e5r- och hudpigmentering, till normal j\u00e4rntransport i kroppen.<\/p>\n<p style=\"color: #89160d;\"><b>Anv\u00e4ndningsanvisning:<\/b><\/p>\n<p>1 tablett. \u00d6verskrid inte rekommenderade dagliga <span style=\"color: var(--body_typography-color); font-family: var(--body_typography-font-family); font-size: var(--body_typography-font-size) ; font-style: var(--body_typography-font-style, normal font-weight: var(--body_typography-font-weight: var(--body_typography-bokstavsmellanrum);\"> del. Kosttillskott b\u00f6r inte anv\u00e4ndas som ers\u00e4ttning f\u00f6r en varierad kost. A <\/span><span style=\"color: var(--body_typography-color); font-family: var(--body_typography-font-family); font-size: var(--body_typography-font-size) ; font-style: var(--body_typography-font-style, normal font-weight: var(--body_typography-font-weight: var(--body_typography-bokstavsmellanrum);\"> varierad och balanserad kost och en h\u00e4lsosam livsstil \u00e4r viktigt.<\/span><\/p>\n<p style=\"color: #89160d;\"><b>O<span style=\"color: #89160d;\">andra ingredienser:<\/span><\/b><\/p>\n<p>Bulkmedel: sorbitoler, zinkbisglycinat, klumpf\u00f6rebyggande medel: magne<span style=\"color: var(--body_typography-color); font-family: var(--body_typography-font-family); font-size: var (--body_typography-font-size: var(--body_typography-font-style,normal): var(--body_typography-font-weight); body_typography-letter-spacing);\">siumsalter av fettsyror, kopparbisglycinat. Produkten kan inneh\u00e5lla derivator av: <\/span><span style=\"color: var(--body_typography-color); font-family: var(--body_typography-font-family); font-size: var(-- body_typography-font-size); font-style: var(--body_typography-font-style,normal); mj\u00f6lk.<\/b><\/span><\/p>\n<p><span style=\"color: var(--body_typography-color); font-family: var(--body_typography-font-family); font-size: var(--body_typography-font-size); font-style: var(--body_typography-font-style,normal letter-spacing: var(--body_typography-letter-spacing);\"><span style=\"color: #747474;\"><b style=\"color: # 89160d;\">B\u00c4ST F\u00d6RE:<\/b><\/span><span style=\"font-weight: var(--body_typography-font-weight);\"> Datum och batchnummer anges l\u00e4ngst ner p\u00e5 etiketten. <\/span><\/span><\/p>\n<p><span style=\"color: var(--body_typography-color); font-family: var(--body_typography-font-family); font-size: var(--body_typography-font-size); font-style: var(--body_typography-font-style,normal letter-spacing: var(--body_typography-letter-spacing);\"><b style=\"color: #89160d;\">LAGRING:<\/b><span style=\"font-weight: var(--body_typography-font-weight);\"> F\u00f6rvara i rumstemperatur, p\u00e5 en torr plats, i en sluten f\u00f6rpackning, utom r\u00e4ckh\u00e5ll f\u00f6r sm\u00e5 barn.<\/span><\/span ><\/p>\n<p style=\"color: #89160d;\">\n<\/div><div class=\"fusion-clearfix\"><\/div><\/div><\/div><div class=\"fusion-layout-column fusion_builder_column fusion-builder-column-3 fusion_builder_column_1_2 1_2 fusion-one-half fusion-column-last\" style=\"--awb-bg-size:cover;width:48%;\"><div class=\"fusion-column-wrapper fusion-flex-column-wrapper-legacy\"><div class=\"fusion-text fusion-text-8\"><p style=\"color: #89160d;\"><b>N\u00c4RINGSFAKTA<\/b><\/p>\n<\/div><div class=\"fusion-text fusion-text-9\"><div class=\"table-1\">\n<table class=\"tb\" width=\"100%\">\n<tbody>\n<tr class=\"table-row_border\">\n<td colspan=\"6\"><b>N\u00e4ringsv\u00e4rde<\/b><\/td>\n<td style=\"text-align: center;\" colspan=\"4\"><b>Portionsstorlek: 1 surfplatta<\/b><\/td>\n<\/tr>\n<tr>\n<td colspan=\"6\">zink<\/td>\n<td style=\"text-align: center;\" colspan=\"4\">15 mg (150 %*)<\/td>\n<\/tr>\n<tr>\n<td colspan=\"6\">koppar<\/td>\n<td style=\"text-align: center;\" colspan=\"4\">1,5 mg (150 %*)<\/td>\n<\/tr>\n<\/tbody>\n<\/table>\n<p>* % av n\u00e4rings\u00e4mnesreferensv\u00e4rdet<\/p>\n<\/div>\n<\/div><div class=\"fusion-clearfix\"><\/div><\/div><\/div><\/div><\/div><\/p>\n","protected":false},"excerpt":{"rendered":"","protected":false},"author":1,"featured_media":0,"parent":22204,"menu_order":0,"comment_status":"closed","ping_status":"closed","template":"","meta":{"footnotes":""},"class_list":["post-23237","page","type-page","status-publish","hentry"],"_links":{"self":[{"href":"https:\/\/vikingforce.se\/sv\/wp-json\/wp\/v2\/pages\/23237","targetHints":{"allow":["GET"]}}],"collection":[{"href":"https:\/\/vikingforce.se\/sv\/wp-json\/wp\/v2\/pages"}],"about":[{"href":"https:\/\/vikingforce.se\/sv\/wp-json\/wp\/v2\/types\/page"}],"author":[{"embeddable":true,"href":"https:\/\/vikingforce.se\/sv\/wp-json\/wp\/v2\/users\/1"}],"replies":[{"embeddable":true,"href":"https:\/\/vikingforce.se\/sv\/wp-json\/wp\/v2\/comments?post=23237"}],"version-history":[{"count":7,"href":"https:\/\/vikingforce.se\/sv\/wp-json\/wp\/v2\/pages\/23237\/revisions"}],"predecessor-version":[{"id":23445,"href":"https:\/\/vikingforce.se\/sv\/wp-json\/wp\/v2\/pages\/23237\/revisions\/23445"}],"up":[{"embeddable":true,"href":"https:\/\/vikingforce.se\/sv\/wp-json\/wp\/v2\/pages\/22204"}],"wp:attachment":[{"href":"https:\/\/vikingforce.se\/sv\/wp-json\/wp\/v2\/media?parent=23237"}],"curies":[{"name":"wp","href":"https:\/\/api.w.org\/{rel}","templated":true}]}}