{"id":22992,"date":"2024-11-02T09:16:14","date_gmt":"2024-11-02T09:16:14","guid":{"rendered":"https:\/\/vikingforce.se\/beauty-line\/viking-fish-kollagen\/"},"modified":"2025-05-16T09:40:46","modified_gmt":"2025-05-16T09:40:46","slug":"viking-fish-kollagen","status":"publish","type":"page","link":"https:\/\/vikingforce.se\/sv\/beauty-line\/viking-fish-kollagen\/","title":{"rendered":"VIKING FISH KOLLAGEN"},"content":{"rendered":"<p><div class=\"fusion-fullwidth fullwidth-box fusion-builder-row-1 nonhundred-percent-fullwidth non-hundred-percent-height-scrolling\" style=\"--awb-background-position:center top;--awb-border-color:#f6f6f6;--awb-border-radius-top-left:0px;--awb-border-radius-top-right:0px;--awb-border-radius-bottom-right:0px;--awb-border-radius-bottom-left:0px;--awb-padding-top:1px;--awb-padding-right:0px;--awb-padding-bottom:30px;--awb-padding-left:0px;--awb-background-color:#fff;--awb-border-sizes-top:1px;--awb-border-sizes-bottom:1px;--awb-flex-wrap:wrap;\" ><div class=\"fusion-builder-row fusion-row\"><div class=\"fusion-layout-column fusion_builder_column fusion-builder-column-0 fusion_builder_column_1_2 1_2 fusion-one-half fusion-column-first\" style=\"--awb-bg-size:cover;width:48%; margin-right: 4%;\"><div class=\"fusion-column-wrapper fusion-flex-column-wrapper-legacy\"><div class=\"fusion-text fusion-text-1\"><p><a href=\"https:\/\/vikingforce.se\/wp-content\/uploads\/2024\/11\/VIKING-FISH-KOLLAGEN-1.png\"><img decoding=\"async\" class=\"alignnone wp-image-22983 size-full\" src=\"https:\/\/vikingforce.se\/wp-content\/uploads\/2024\/11\/VIKING-FISH-KOLLAGEN-1.png\" alt=\"\" width=\"1080\" height=\"1080\" srcset=\"https:\/\/vikingforce.se\/wp-content\/uploads\/2024\/11\/VIKING-FISH-KOLLAGEN-1-66x66.png 66w, https:\/\/vikingforce.se\/wp-content\/uploads\/2024\/11\/VIKING-FISH-KOLLAGEN-1-150x150.png 150w, https:\/\/vikingforce.se\/wp-content\/uploads\/2024\/11\/VIKING-FISH-KOLLAGEN-1-200x200.png 200w, https:\/\/vikingforce.se\/wp-content\/uploads\/2024\/11\/VIKING-FISH-KOLLAGEN-1-300x300.png 300w, https:\/\/vikingforce.se\/wp-content\/uploads\/2024\/11\/VIKING-FISH-KOLLAGEN-1-400x400.png 400w, https:\/\/vikingforce.se\/wp-content\/uploads\/2024\/11\/VIKING-FISH-KOLLAGEN-1-600x600.png 600w, https:\/\/vikingforce.se\/wp-content\/uploads\/2024\/11\/VIKING-FISH-KOLLAGEN-1-768x768.png 768w, https:\/\/vikingforce.se\/wp-content\/uploads\/2024\/11\/VIKING-FISH-KOLLAGEN-1-800x800.png 800w, https:\/\/vikingforce.se\/wp-content\/uploads\/2024\/11\/VIKING-FISH-KOLLAGEN-1-1024x1024.png 1024w, https:\/\/vikingforce.se\/wp-content\/uploads\/2024\/11\/VIKING-FISH-KOLLAGEN-1.png 1080w\" sizes=\"(max-width: 1080px) 100vw, 1080px\" \/><\/a><\/p>\n<\/div><div class=\"fusion-clearfix\"><\/div><\/div><\/div><div class=\"fusion-layout-column fusion_builder_column fusion-builder-column-1 fusion_builder_column_1_2 1_2 fusion-one-half fusion-column-last\" style=\"--awb-bg-size:cover;width:48%;\"><div class=\"fusion-column-wrapper fusion-flex-column-wrapper-legacy\"><div class=\"fusion-title title fusion-title-1 fusion-sep-none fusion-title-text fusion-title-size-one title-wg\" style=\"--awb-margin-bottom:5px;\"><h1 class=\"fusion-title-heading title-heading-left\" style=\"margin:0;\"><div style=\"text-align: center;\"><span style=\"font-size: var(--h1_typography-font-size); font-style: var(--h1_typography-font-style,normal); font-weight: var(--h1_typography-font-weight); letter-spacing: var(--h1_typography-letter-spacing);\">FISH KOLLAGEN<\/span><\/div><\/h1><\/div><div class=\"fusion-text fusion-text-2\"><p style=\"text-align: center;\">(Kosttillskott)<\/p>\n<\/div><div class=\"fusion-text fusion-text-3\"><p><!--<img decoding=\"async\" class=\"size-large wp-image-11808 aligncenter\" src=\"https:\/\/vikingforce.se\/wp-content\/uploads\/2015\/12\/aroma-empire-whey-1024x110.jpg\" alt=\"aroma-empire-whey\" width=\"669\" height=\"72\" srcset=\"https:\/\/vikingforce.se\/wp-content\/uploads\/2015\/12\/aroma-empire-whey-300x32.jpg 300w, https:\/\/vikingforce.se\/wp-content\/uploads\/2015\/12\/aroma-empire-whey-1024x110.jpg 1024w\" sizes=\"(max-width: 669px) 100vw, 669px\" \/>--><\/p>\n<\/div><div class=\"fusion-text fusion-text-4\"><p><!--<img decoding=\"async\" class=\"wp-image-11807 aligncenter\" src=\"https:\/\/vikingforce.se\/wp-content\/uploads\/2015\/12\/serving-empire-whey.jpg\" alt=\"serving-empire-whey\" width=\"147\" height=\"115\" \/>--><\/p>\n<\/div><div class=\"fusion-text fusion-text-5\"><p class=\"subtitle-wg\" style=\"text-align: center;\">Nettovikt: 500 ml<\/p>\n<p class=\"subtitle-wg\" style=\"text-align: center;\">Portioner per beh\u00e5llare: 20<\/p>\n<\/div><div class=\"fusion-clearfix\"><\/div><\/div><\/div><\/div><\/div><div class=\"fusion-fullwidth fullwidth-box fusion-builder-row-2 nonhundred-percent-fullwidth non-hundred-percent-height-scrolling\" style=\"--awb-border-color:#f6f6f6;--awb-border-radius-top-left:0px;--awb-border-radius-top-right:0px;--awb-border-radius-bottom-right:0px;--awb-border-radius-bottom-left:0px;--awb-padding-top:10px;--awb-padding-right:0px;--awb-padding-bottom:0px;--awb-padding-left:0px;--awb-background-color:#fff;--awb-border-sizes-top:0px;--awb-border-sizes-bottom:0px;--awb-flex-wrap:wrap;\" ><div class=\"fusion-builder-row fusion-row\"><div class=\"fusion-layout-column fusion_builder_column fusion-builder-column-2 fusion_builder_column_1_1 1_1 fusion-one-full fusion-column-first fusion-column-last\" style=\"--awb-bg-size:cover;\"><div class=\"fusion-column-wrapper fusion-flex-column-wrapper-legacy\"><div class=\"fusion-text fusion-text-6\"><p class=\"subtitle-b\">VIKING FISH KOLLAGEN<\/p>\n<p>Flytande kosttillskott baserat p\u00e5 kollagen infunderat med vitaminer, mineraler, MSM och hyaluronsyra. Med s\u00f6tningsmedel.<\/p>\n<p>\u2022 7 vitaminer och mineraler<\/p>\n<p>\u2022 Inneh\u00e5ller 1000 mg MSM, 100 mg hyaluronsyra och 25 mg koenzym Q10 per portion<\/p>\n<p>\u2022 V\u00e4labsorberande och sm\u00e4ltbar form<\/p>\n<p class=\"subtitle-b\">Smaker:<\/p>\n<p>Vilda b\u00e4r<\/p>\n<\/div><div class=\"fusion-clearfix\"><\/div><\/div><\/div><div class=\"fusion-layout-column fusion_builder_column fusion-builder-column-3 fusion_builder_column_1_2 1_2 fusion-one-half fusion-column-first\" style=\"--awb-bg-size:cover;width:48%; margin-right: 4%;\"><div class=\"fusion-column-wrapper fusion-flex-column-wrapper-legacy\"><div class=\"fusion-text fusion-text-7\"><p class=\"subtitle-b\">Anv\u00e4ndningsanvisningar:<\/p>\n<p><span style=\"color: var(--body_typography-color); font-family: var(--body_typography-font-family); font-size: var(--body_typography-font-size); font-style: var(--body_typography-font-style,normal); font-weight: var(--body_typography-font-weight); letter-spacing: var(--body_typography-letter-spacing);\"><br \/>\nTa 25 ml upp till 50 ml dagligen, helst p\u00e5 morgonen. Ta direkt eller utsp\u00e4tt i vatten. Anv\u00e4nd inom 2 m\u00e5nader efter \u00f6ppning.<br \/>\n<\/span><\/p>\n<p><span style=\"color: #a23a06; font-weight: bold; font-family: var(--body_typography-font-family); font-size: var(--body_typography-font-size); font-style: var(--body_typography-font-style,normal); letter-spacing: var(--body_typography-letter-spacing);\">Ingredienser:<\/span><\/p>\n<p><span style=\"color: var(--body_typography-color); font-family: var(--body_typography-font-family); font-size: var(--body_typography-font-size); font-style: var(--body_typography-font-style,normal); font-weight: var(--body_typography-font-weight); letter-spacing: var(--body_typography-letter-spacing);\"><br \/>\nRenat vatten, ren peptidhydrolyserad fiskkollagen (&gt; 91% protein), MSM (metylsulfonylmetan), naturliga s\u00f6tningsmedel (erytritol, steviolglykosider), vildb\u00e4rssmak, surhetsreglerande medel (citronsyra), vitamin C (L-askorbinsyra), hyaluronsyra (natriumhyaluronat), druvk\u00e4rneextrakt (Vitis Vinifera, 95% proantocyanidiner), zinkcitrat, koenzym Q10-pulver, konserveringsmedel (kaliumsorbat), s\u00f6tningsmedel (sukralos, acesulfam K), vitamin B12 (cyanokobalamin), vitamin D3 (kolekalciferol), vitamin B5 (kalcium D-pantotenat), vitamin B6 (pyridoxinhydroklorid), D-biotin.<br \/>\n<\/span><\/p>\n<p><span style=\"color: #a23a06; font-weight: bold; font-family: var(--body_typography-font-family); font-size: var(--body_typography-font-size); font-style: var(--body_typography-font-style,normal); letter-spacing: var(--body_typography-letter-spacing);\">Allergiinformation:<\/span><\/p>\n<p><span style=\"color: var(--body_typography-color); font-family: var(--body_typography-font-family); font-size: var(--body_typography-font-size); font-style: var(--body_typography-font-style,normal); letter-spacing: var(--body_typography-letter-spacing);\"><br \/>\n<b>Fisk<\/b><\/span><span style=\"color: var(--body_typography-color); font-family: var(--body_typography-font-family); font-size: var(--body_typography-font-size); font-style: var(--body_typography-font-style,normal); font-weight: var(--body_typography-font-weight); letter-spacing: var(--body_typography-letter-spacing);\">. Tillverkat i en anl\u00e4ggning som ocks\u00e5 bearbetar mj\u00f6lk, \u00e4gg, soja och veteprotein!<br \/>\n<\/span><\/p>\n<p><span style=\"color: #a23a06; font-weight: bold; font-family: var(--body_typography-font-family); font-size: var(--body_typography-font-size); font-style: var(--body_typography-font-style,normal); letter-spacing: var(--body_typography-letter-spacing);\">Viktig information:<\/span><\/p>\n<p>Denna produkt \u00e4r ett kosttillskott. Anv\u00e4nd denna produkt tillsammans med mat som en del av en h\u00e4lsosam, balanserad kost, inte som en ers\u00e4ttning f\u00f6r s\u00e5dan. F\u00f6rvaras utom r\u00e4ckh\u00e5ll f\u00f6r barn. Ej avsedd f\u00f6r gravida eller ammande kvinnor! \u00d6verskrid ej den rekommenderade dagliga dosen.<\/p>\n<p><b style=\"color: #721a1a;\">F\u00f6rvaring:<\/b><\/p>\n<p>F\u00f6rvara p\u00e5 en sval, torr plats. Uts\u00e4tt ej f\u00f6r \u00f6verdriven v\u00e4rme, fukt eller solljus. B\u00e4st f\u00f6re utg\u00e5ngsdatumet som anges p\u00e5 f\u00f6rpackningen.<\/p>\n<\/div><div class=\"fusion-clearfix\"><\/div><\/div><\/div><div class=\"fusion-layout-column fusion_builder_column fusion-builder-column-4 fusion_builder_column_1_2 1_2 fusion-one-half fusion-column-last\" style=\"--awb-bg-size:cover;width:48%;\"><div class=\"fusion-column-wrapper fusion-flex-column-wrapper-legacy\"><div class=\"fusion-text fusion-text-8\"><p class=\"subtitle-b\">N\u00c4RINGSFAKTA<\/p>\n<\/div><div class=\"fusion-text fusion-text-9\"><div class=\"table-1\">\n<p><!-- Vitaminer och Mineraler --><\/p>\n<table class=\"tb\" width=\"100%\">\n<tbody>\n<tr class=\"table-row_border\">\n<td><strong>Fakta om n\u00e4ringsinneh\u00e5ll**<\/strong><\/td>\n<td style=\"text-align: center;\"><strong>25 ml<\/strong><\/td>\n<td style=\"text-align: center;\"><strong>100 ml<\/strong><\/td>\n<td style=\"text-align: center;\"><strong>%RI*\/%NRV** per portion<\/strong><\/td>\n<\/tr>\n<tr>\n<td>Energiv\u00e4rde<\/td>\n<td>149,2 kcal \/ 633,8 kJ<\/td>\n<td>37,3 kcal \/ 158,5 kJ<\/td>\n<td>1,9%<\/td>\n<\/tr>\n<tr>\n<td>Fett<\/td>\n<td>0 g<\/td>\n<td>0 g<\/td>\n<td><\/td>\n<\/tr>\n<tr>\n<td>&#8211; varav m\u00e4ttade fettsyror<\/td>\n<td>0 g<\/td>\n<td>0 g<\/td>\n<td><\/td>\n<\/tr>\n<tr>\n<td>Kolhydrater<\/td>\n<td>1,5 g<\/td>\n<td>0,4 g<\/td>\n<td>0,1%<\/td>\n<\/tr>\n<tr>\n<td>&#8211; varav sockerarter<\/td>\n<td>0 g<\/td>\n<td>0 g<\/td>\n<td><\/td>\n<\/tr>\n<tr>\n<td>&#8211; varav polyoler<\/td>\n<td>1,5 g<\/td>\n<td>0,4 g<\/td>\n<td><\/td>\n<\/tr>\n<tr>\n<td>Protein<\/td>\n<td>36,4 g<\/td>\n<td>13,7 g<\/td>\n<td>27,4%<\/td>\n<\/tr>\n<tr>\n<td>Salt<\/td>\n<td>0 g<\/td>\n<td>0 g<\/td>\n<td><\/td>\n<\/tr>\n<tr>\n<td colspan=\"4\"><strong>Vitaminer, Mineraler och Andra Komponenter<\/strong><\/td>\n<\/tr>\n<tr>\n<td>Hydrolyserat Kollagen<\/td>\n<td>40000 mg<\/td>\n<td>10000 mg<\/td>\n<td>200%<\/td>\n<\/tr>\n<tr>\n<td>MSM<\/td>\n<td>4000 mg<\/td>\n<td>1000 mg<\/td>\n<td><\/td>\n<\/tr>\n<tr>\n<td>Vitamin C<\/td>\n<td>640 mg<\/td>\n<td>160 mg<\/td>\n<td>300%<\/td>\n<\/tr>\n<tr>\n<td>Hyaluronsyra<\/td>\n<td>400 mg<\/td>\n<td>100 mg<\/td>\n<td>100%<\/td>\n<\/tr>\n<tr>\n<td>Vindruvsk\u00e4rnextrakt<\/td>\n<td>400 mg<\/td>\n<td>100 mg<\/td>\n<td>100%<\/td>\n<\/tr>\n<tr>\n<td>&#8211; varav proantocyanidiner<\/td>\n<td>380 mg<\/td>\n<td>95 mg<\/td>\n<td>300%<\/td>\n<\/tr>\n<tr>\n<td>Zink<\/td>\n<td>40 mg<\/td>\n<td>10 mg<\/td>\n<td>100%<\/td>\n<\/tr>\n<tr>\n<td>Koenzym Q10<\/td>\n<td>100 mg<\/td>\n<td>25 mg<\/td>\n<td><\/td>\n<\/tr>\n<tr>\n<td>Vitamin D<\/td>\n<td>60 \u00b5g<\/td>\n<td>15 \u00b5g<\/td>\n<td>300%<\/td>\n<\/tr>\n<tr>\n<td>Vitamin B5<\/td>\n<td>24 mg<\/td>\n<td>6 mg<\/td>\n<td>100%<\/td>\n<\/tr>\n<tr>\n<td>Vitamin B6<\/td>\n<td>5,6 mg<\/td>\n<td>1,4 mg<\/td>\n<td>100%<\/td>\n<\/tr>\n<tr>\n<td>Vitamin B12<\/td>\n<td>30 \u00b5g<\/td>\n<td>7,5 \u00b5g<\/td>\n<td>300%<\/td>\n<\/tr>\n<tr>\n<td>Biotin<\/td>\n<td>600 \u00b5g<\/td>\n<td>150 \u00b5g<\/td>\n<td>300%<\/td>\n<\/tr>\n<tr>\n<td colspan=\"4\">* NRVs &#8211; N\u00e4ringsreferensv\u00e4rden<br \/>\n** NRV ej fastst\u00e4lld.<br \/>\nReferensintag f\u00f6r en genomsnittlig vuxen (8400 kJ\/2000 kcal)<\/td>\n<\/tr>\n<\/tbody>\n<\/table>\n<\/div>\n<\/div><div class=\"fusion-clearfix\"><\/div><\/div><\/div><\/div><\/div><\/p>\n","protected":false},"excerpt":{"rendered":"","protected":false},"author":1,"featured_media":0,"parent":18869,"menu_order":0,"comment_status":"closed","ping_status":"closed","template":"","meta":{"footnotes":""},"class_list":["post-22992","page","type-page","status-publish","hentry"],"_links":{"self":[{"href":"https:\/\/vikingforce.se\/sv\/wp-json\/wp\/v2\/pages\/22992","targetHints":{"allow":["GET"]}}],"collection":[{"href":"https:\/\/vikingforce.se\/sv\/wp-json\/wp\/v2\/pages"}],"about":[{"href":"https:\/\/vikingforce.se\/sv\/wp-json\/wp\/v2\/types\/page"}],"author":[{"embeddable":true,"href":"https:\/\/vikingforce.se\/sv\/wp-json\/wp\/v2\/users\/1"}],"replies":[{"embeddable":true,"href":"https:\/\/vikingforce.se\/sv\/wp-json\/wp\/v2\/comments?post=22992"}],"version-history":[{"count":11,"href":"https:\/\/vikingforce.se\/sv\/wp-json\/wp\/v2\/pages\/22992\/revisions"}],"predecessor-version":[{"id":23543,"href":"https:\/\/vikingforce.se\/sv\/wp-json\/wp\/v2\/pages\/22992\/revisions\/23543"}],"up":[{"embeddable":true,"href":"https:\/\/vikingforce.se\/sv\/wp-json\/wp\/v2\/pages\/18869"}],"wp:attachment":[{"href":"https:\/\/vikingforce.se\/sv\/wp-json\/wp\/v2\/media?parent=22992"}],"curies":[{"name":"wp","href":"https:\/\/api.w.org\/{rel}","templated":true}]}}