{"id":22622,"date":"2024-06-12T07:21:44","date_gmt":"2024-06-12T07:21:44","guid":{"rendered":"https:\/\/vikingforce.se\/amino-acids\/viking-taurine\/"},"modified":"2025-05-15T09:03:11","modified_gmt":"2025-05-15T09:03:11","slug":"viking-taurine","status":"publish","type":"page","link":"https:\/\/vikingforce.se\/sv\/amino-acids\/viking-taurine\/","title":{"rendered":"viking Taurine"},"content":{"rendered":"<p><div class=\"fusion-fullwidth fullwidth-box fusion-builder-row-1 nonhundred-percent-fullwidth non-hundred-percent-height-scrolling\" style=\"--awb-background-position:center top;--awb-border-color:#f6f6f6;--awb-border-radius-top-left:0px;--awb-border-radius-top-right:0px;--awb-border-radius-bottom-right:0px;--awb-border-radius-bottom-left:0px;--awb-padding-top:1px;--awb-padding-right:0px;--awb-padding-bottom:30px;--awb-padding-left:0px;--awb-background-color:#fff;--awb-border-sizes-top:1px;--awb-border-sizes-bottom:1px;--awb-flex-wrap:wrap;\" ><div class=\"fusion-builder-row fusion-row\"><div class=\"fusion-layout-column fusion_builder_column fusion-builder-column-0 fusion_builder_column_1_2 1_2 fusion-one-half fusion-column-first\" style=\"--awb-bg-size:cover;width:48%; margin-right: 4%;\"><div class=\"fusion-column-wrapper fusion-flex-column-wrapper-legacy\"><div class=\"fusion-sep-clear\"><\/div><div class=\"fusion-separator fusion-full-width-sep\" style=\"margin-left: auto;margin-right: auto;margin-top:60px;width:100%;\"><\/div><div class=\"fusion-sep-clear\"><\/div><div class=\"fusion-text fusion-text-1\"><p><a href=\"https:\/\/vikingforce.se\/wp-content\/uploads\/2024\/04\/VIKING-Taurine.png\"><img decoding=\"async\" class=\"alignnone wp-image-21882 size-full\" src=\"https:\/\/vikingforce.se\/wp-content\/uploads\/2024\/04\/VIKING-Taurine.png\" alt=\"\" width=\"1800\" height=\"1800\" srcset=\"https:\/\/vikingforce.se\/wp-content\/uploads\/2024\/04\/VIKING-Taurine-66x66.png 66w, https:\/\/vikingforce.se\/wp-content\/uploads\/2024\/04\/VIKING-Taurine-150x150.png 150w, https:\/\/vikingforce.se\/wp-content\/uploads\/2024\/04\/VIKING-Taurine-200x200.png 200w, https:\/\/vikingforce.se\/wp-content\/uploads\/2024\/04\/VIKING-Taurine-300x300.png 300w, https:\/\/vikingforce.se\/wp-content\/uploads\/2024\/04\/VIKING-Taurine-400x400.png 400w, https:\/\/vikingforce.se\/wp-content\/uploads\/2024\/04\/VIKING-Taurine-600x600.png 600w, https:\/\/vikingforce.se\/wp-content\/uploads\/2024\/04\/VIKING-Taurine-768x768.png 768w, https:\/\/vikingforce.se\/wp-content\/uploads\/2024\/04\/VIKING-Taurine-800x800.png 800w, https:\/\/vikingforce.se\/wp-content\/uploads\/2024\/04\/VIKING-Taurine-1024x1024.png 1024w, https:\/\/vikingforce.se\/wp-content\/uploads\/2024\/04\/VIKING-Taurine-1200x1200.png 1200w, https:\/\/vikingforce.se\/wp-content\/uploads\/2024\/04\/VIKING-Taurine-1536x1536.png 1536w, https:\/\/vikingforce.se\/wp-content\/uploads\/2024\/04\/VIKING-Taurine.png 1800w\" sizes=\"(max-width: 1800px) 100vw, 1800px\" \/><\/a><\/p>\n<\/div><div class=\"fusion-clearfix\"><\/div><\/div><\/div><div class=\"fusion-layout-column fusion_builder_column fusion-builder-column-1 fusion_builder_column_1_2 1_2 fusion-one-half fusion-column-last\" style=\"--awb-bg-size:cover;width:48%;\"><div class=\"fusion-column-wrapper fusion-flex-column-wrapper-legacy\"><div class=\"fusion-title title fusion-title-1 fusion-sep-none fusion-title-text fusion-title-size-one title-wg\" style=\"--awb-margin-bottom:5px;\"><h1 class=\"fusion-title-heading title-heading-left\" style=\"margin:0;\"><div style=\"text-align: center;\"><span style=\"font-size: var(--h1_typography-font-size); font-style: var(--h1_typography-font-style,normal); font-weight: var(--h1_typography-font-weight); letter-spacing: var(--h1_typography-letter-spacing);\">VIKING TAURINE<\/span><\/div><\/h1><\/div><div class=\"fusion-text fusion-text-2\"><p style=\"text-align: center;\">(Kosttillskott)<\/p>\n<\/div><div class=\"fusion-text fusion-text-3\"><p class=\"subtitle-wg\" style=\"text-align: center;\">Nettovikt:<strong> 71.5<\/strong> g<\/p>\n<\/div><div class=\"fusion-text fusion-text-4\"><p class=\"subtitle-wg\" style=\"text-align: center;\">50 Tabletter<\/p>\n<\/div><div class=\"fusion-clearfix\"><\/div><\/div><\/div><\/div><\/div><div class=\"fusion-fullwidth fullwidth-box fusion-builder-row-2 nonhundred-percent-fullwidth non-hundred-percent-height-scrolling\" style=\"--awb-border-color:#f6f6f6;--awb-border-radius-top-left:0px;--awb-border-radius-top-right:0px;--awb-border-radius-bottom-right:0px;--awb-border-radius-bottom-left:0px;--awb-padding-top:10px;--awb-padding-right:0px;--awb-padding-bottom:0px;--awb-padding-left:0px;--awb-background-color:#fff;--awb-border-sizes-top:0px;--awb-border-sizes-bottom:0px;--awb-flex-wrap:wrap;\" ><div class=\"fusion-builder-row fusion-row\"><div class=\"fusion-layout-column fusion_builder_column fusion-builder-column-2 fusion_builder_column_1_2 1_2 fusion-one-half fusion-column-first\" style=\"--awb-bg-size:cover;width:48%; margin-right: 4%;\"><div class=\"fusion-column-wrapper fusion-flex-column-wrapper-legacy\"><div class=\"fusion-text fusion-text-5\"><p style=\"color: #db5f00;\"><b>\u00d6vriga ingredienser:<\/b><\/p>\n<p>Fyllnadsmedel (mikrokristallin cellulosa), klumpf\u00f6rebyggande medel (hydrogenerad bomullsfr\u00f6olja, kiseldioxid, magnesiumstearat)<\/p>\n<p style=\"color: #db5f00;\"><b>Anvisningar f\u00f6r anv\u00e4ndning:<\/b><\/p>\n<p>Ta 1 tablett per dag f\u00f6re en m\u00e5ltid.<\/p>\n<p style=\"color: #db5f00;\"><b>Notera:<\/b><\/p>\n<p>Anv\u00e4ndning av denna produkt kan orsaka tillf\u00e4llig hudrodnad, kl\u00e5da, br\u00e4nnande k\u00e4nsla och utslag. Detta orsakas av en \u00f6kning av blodfl\u00f6det n\u00e4ra huden. Ta inte p\u00e5 fastande mage.<\/p>\n<p style=\"color: #db5f00;\"><b>Allergiinformation:<\/b><\/p>\n<p>Kan inneh\u00e5lla sp\u00e5r av mj\u00f6lk, soja, \u00e4gg och vete (gluten).<\/p>\n<p style=\"color: #db5f00;\"><b>Viktig information:<\/b><\/p>\n<p>Denna produkt \u00e4r ett kosttillskott. Anv\u00e4nd denna produkt tillsammans med mat som en del av en h\u00e4lsosam, balanserad diet, inte som en ers\u00e4ttning f\u00f6r s\u00e5dan. F\u00f6rvaras utom r\u00e4ckh\u00e5ll f\u00f6r barn. Ej avsedd f\u00f6r anv\u00e4ndning av gravida eller ammande kvinnor! \u00d6verskrid inte den rekommenderade dagliga dosen. F\u00f6rvara p\u00e5 en sval, torr plats. Uts\u00e4tt inte f\u00f6r \u00f6verdriven v\u00e4rme, fukt eller solljus. B\u00e4st f\u00f6re utg\u00e5ngsdatumet som st\u00e5r p\u00e5 f\u00f6rpackningen.<\/p>\n<\/div><div class=\"fusion-clearfix\"><\/div><\/div><\/div><div class=\"fusion-layout-column fusion_builder_column fusion-builder-column-3 fusion_builder_column_1_2 1_2 fusion-one-half fusion-column-last\" style=\"--awb-bg-size:cover;width:48%;\"><div class=\"fusion-column-wrapper fusion-flex-column-wrapper-legacy\"><div class=\"fusion-text fusion-text-6\"><p class=\"subtitle-aa\">N\u00e4ringsfakta<\/p>\n<\/div><div class=\"fusion-text fusion-text-7\"><div class=\"table-1\">\n<table class=\"tb\" width=\"100%\">\n<tbody>\n<tr class=\"table-row_border\">\n<td colspan=\"3\"><strong>Portionsstorlek: 1 kapsel<\/strong><\/td>\n<td colspan=\"2\"><strong>Portioner per beh\u00e5llare: 50<\/strong><\/td>\n<\/tr>\n<tr>\n<td colspan=\"3\"><b>Kompletterande fakta per:<\/b><\/td>\n<td colspan=\"2\"><b>1 surfplatta<\/b><\/td>\n<\/tr>\n<tr>\n<td colspan=\"3\">Taurine<\/td>\n<td colspan=\"2\">1000 mg<\/td>\n<\/tr>\n<\/tbody>\n<\/table>\n<\/div>\n<\/div><div class=\"fusion-clearfix\"><\/div><\/div><\/div><\/div><\/div><\/p>\n","protected":false},"excerpt":{"rendered":"","protected":false},"author":1,"featured_media":0,"parent":12370,"menu_order":0,"comment_status":"closed","ping_status":"closed","template":"","meta":{"footnotes":""},"class_list":["post-22622","page","type-page","status-publish","hentry"],"_links":{"self":[{"href":"https:\/\/vikingforce.se\/sv\/wp-json\/wp\/v2\/pages\/22622","targetHints":{"allow":["GET"]}}],"collection":[{"href":"https:\/\/vikingforce.se\/sv\/wp-json\/wp\/v2\/pages"}],"about":[{"href":"https:\/\/vikingforce.se\/sv\/wp-json\/wp\/v2\/types\/page"}],"author":[{"embeddable":true,"href":"https:\/\/vikingforce.se\/sv\/wp-json\/wp\/v2\/users\/1"}],"replies":[{"embeddable":true,"href":"https:\/\/vikingforce.se\/sv\/wp-json\/wp\/v2\/comments?post=22622"}],"version-history":[{"count":7,"href":"https:\/\/vikingforce.se\/sv\/wp-json\/wp\/v2\/pages\/22622\/revisions"}],"predecessor-version":[{"id":23510,"href":"https:\/\/vikingforce.se\/sv\/wp-json\/wp\/v2\/pages\/22622\/revisions\/23510"}],"up":[{"embeddable":true,"href":"https:\/\/vikingforce.se\/sv\/wp-json\/wp\/v2\/pages\/12370"}],"wp:attachment":[{"href":"https:\/\/vikingforce.se\/sv\/wp-json\/wp\/v2\/media?parent=22622"}],"curies":[{"name":"wp","href":"https:\/\/api.w.org\/{rel}","templated":true}]}}