{"id":22563,"date":"2024-06-11T11:45:42","date_gmt":"2024-06-11T11:45:42","guid":{"rendered":"https:\/\/vikingforce.se\/beauty-line\/viking-water-less\/"},"modified":"2024-06-11T11:45:42","modified_gmt":"2024-06-11T11:45:42","slug":"viking-water-less","status":"publish","type":"page","link":"https:\/\/vikingforce.se\/sv\/beauty-line\/viking-water-less\/","title":{"rendered":"VIKING WATER LESS"},"content":{"rendered":"<p><div class=\"fusion-fullwidth fullwidth-box fusion-builder-row-1 nonhundred-percent-fullwidth non-hundred-percent-height-scrolling\" style=\"--awb-background-position:center top;--awb-border-color:#f6f6f6;--awb-border-radius-top-left:0px;--awb-border-radius-top-right:0px;--awb-border-radius-bottom-right:0px;--awb-border-radius-bottom-left:0px;--awb-padding-top:1px;--awb-padding-right:0px;--awb-padding-bottom:30px;--awb-padding-left:0px;--awb-background-color:#fff;--awb-border-sizes-top:1px;--awb-border-sizes-bottom:1px;--awb-flex-wrap:wrap;\" ><div class=\"fusion-builder-row fusion-row\"><div class=\"fusion-layout-column fusion_builder_column fusion-builder-column-0 fusion_builder_column_1_2 1_2 fusion-one-half fusion-column-first\" style=\"--awb-bg-size:cover;width:48%; margin-right: 4%;\"><div class=\"fusion-column-wrapper fusion-flex-column-wrapper-legacy\"><div class=\"fusion-sep-clear\"><\/div><div class=\"fusion-separator fusion-full-width-sep\" style=\"margin-left: auto;margin-right: auto;margin-top:60px;width:100%;\"><\/div><div class=\"fusion-sep-clear\"><\/div><div class=\"fusion-text fusion-text-1\"><p><a href=\"https:\/\/vikingforce.se\/wp-content\/uploads\/2024\/04\/VIKING-Water-Less.png\"><img decoding=\"async\" class=\"alignnone wp-image-21899 size-full\" src=\"https:\/\/vikingforce.se\/wp-content\/uploads\/2024\/04\/VIKING-Water-Less.png\" alt=\"\" width=\"1800\" height=\"1800\" srcset=\"https:\/\/vikingforce.se\/wp-content\/uploads\/2024\/04\/VIKING-Water-Less-66x66.png 66w, https:\/\/vikingforce.se\/wp-content\/uploads\/2024\/04\/VIKING-Water-Less-150x150.png 150w, https:\/\/vikingforce.se\/wp-content\/uploads\/2024\/04\/VIKING-Water-Less-200x200.png 200w, https:\/\/vikingforce.se\/wp-content\/uploads\/2024\/04\/VIKING-Water-Less-300x300.png 300w, https:\/\/vikingforce.se\/wp-content\/uploads\/2024\/04\/VIKING-Water-Less-400x400.png 400w, https:\/\/vikingforce.se\/wp-content\/uploads\/2024\/04\/VIKING-Water-Less-600x600.png 600w, https:\/\/vikingforce.se\/wp-content\/uploads\/2024\/04\/VIKING-Water-Less-768x768.png 768w, https:\/\/vikingforce.se\/wp-content\/uploads\/2024\/04\/VIKING-Water-Less-800x800.png 800w, https:\/\/vikingforce.se\/wp-content\/uploads\/2024\/04\/VIKING-Water-Less-1024x1024.png 1024w, https:\/\/vikingforce.se\/wp-content\/uploads\/2024\/04\/VIKING-Water-Less-1200x1200.png 1200w, https:\/\/vikingforce.se\/wp-content\/uploads\/2024\/04\/VIKING-Water-Less-1536x1536.png 1536w, https:\/\/vikingforce.se\/wp-content\/uploads\/2024\/04\/VIKING-Water-Less.png 1800w\" sizes=\"(max-width: 1800px) 100vw, 1800px\" \/><\/a><\/p>\n<\/div><div class=\"fusion-clearfix\"><\/div><\/div><\/div><div class=\"fusion-layout-column fusion_builder_column fusion-builder-column-1 fusion_builder_column_1_2 1_2 fusion-one-half fusion-column-last\" style=\"--awb-bg-size:cover;width:48%;\"><div class=\"fusion-column-wrapper fusion-flex-column-wrapper-legacy\"><div class=\"fusion-title title fusion-title-1 fusion-sep-none fusion-title-text fusion-title-size-one title-wg\" style=\"--awb-margin-bottom:5px;\"><h1 class=\"fusion-title-heading title-heading-left\" style=\"margin:0;\">VIKING WATER LESS<\/h1><\/div><div class=\"fusion-text fusion-text-2\"><p class=\"subtitle-wg\" style=\"text-align: center;\">Nettovikt : 90 g<\/p>\n<\/div><div class=\"fusion-text fusion-text-3\"><p class=\"subtitle-wg\" style=\"text-align: center;\">90 Kapslar<\/p>\n<\/div><div class=\"fusion-clearfix\"><\/div><\/div><\/div><\/div><\/div><div class=\"fusion-fullwidth fullwidth-box fusion-builder-row-2 nonhundred-percent-fullwidth non-hundred-percent-height-scrolling\" style=\"--awb-border-color:#f6f6f6;--awb-border-radius-top-left:0px;--awb-border-radius-top-right:0px;--awb-border-radius-bottom-right:0px;--awb-border-radius-bottom-left:0px;--awb-padding-top:10px;--awb-padding-right:0px;--awb-padding-bottom:0px;--awb-padding-left:0px;--awb-background-color:#fff;--awb-border-sizes-top:0px;--awb-border-sizes-bottom:0px;--awb-flex-wrap:wrap;\" ><div class=\"fusion-builder-row fusion-row\"><div class=\"fusion-layout-column fusion_builder_column fusion-builder-column-2 fusion_builder_column_1_1 1_1 fusion-one-full fusion-column-first fusion-column-last\" style=\"--awb-bg-size:cover;\"><div class=\"fusion-column-wrapper fusion-flex-column-wrapper-legacy\"><div class=\"fusion-text fusion-text-4\"><p class=\"subtitle-aa\">Sammans\u00e4ttning \/ 3 kapslar:<\/p>\n<p>Kalium (fr\u00e5n Kaliumklorid) 300 mg (15 % NRV), Maskrosrotsextrakt (Taraxacum officinale Web, 2 % inulin) 315 mg, Bj\u00f6rkbladsextrakt (Betula pend. Roth, 2,5 % hyperosid) 240 mg, Sparrisrotsextrakt 1:4 (Asparagus officinalis L.) 240 mg, Gr\u00f6nt te-bladextrakt (Camelia Sinensis L. Kuntze, 98 % polyfenoler, 30 % katechiner \u2013 72 mg, 7 % koffein \u2013 16,8 mg) 240 mg, Magnesium (fr\u00e5n Magnesiumkarbonat) 60 mg (16 % NRV), \u00c5kerfr\u00e4kenbladsextrakt (Equisetum arvense L.) 150 mg, Askbladsextrakt (Fraxinus excelsior L., 2 % klorogensyra) 150 mg, Ortosifonbladsextrakt (Orthosiphon Stamineus Benth, 0,2 % sinensetin) 150 mg, Citrus Aurantium-fruktextrakt (Citrus aurantium L., 6 % synefrin \u2013 5,4 mg) 90 mg, Askorbinsyra 60 mg (75 % NRV).<\/p>\n<p>*NRV \u2013 Referensv\u00e4rde f\u00f6r n\u00e4rings\u00e4mnen<\/p>\n<\/div><div class=\"fusion-clearfix\"><\/div><\/div><\/div><div class=\"fusion-layout-column fusion_builder_column fusion-builder-column-3 fusion_builder_column_1_2 1_2 fusion-one-half fusion-column-first\" style=\"--awb-bg-size:cover;width:48%; margin-right: 4%;\"><div class=\"fusion-column-wrapper fusion-flex-column-wrapper-legacy\"><div class=\"fusion-text fusion-text-5\"><p class=\"subtitle-aa\">Inaktiva ingredienser:<\/p>\n<p><span style=\"color: var(--body_typography-color); font-family: var(--body_typography-font-family); font-size: var(--body_typography-font-size); font-style: var(--body_typography-font-style,normal); font-weight: var(--body_typography-font-weight); letter-spacing: var(--body_typography-letter-spacing);\">Fyllnadsmedel (Maltodextrin), Kapselskal (Gelatin, zinkoxid), Antiklumpmedel (Magnesiumstearat, Kiseldioxid, Trikalciumfosfat).<\/span><\/p>\n<p><span style=\"color: #009746; font-weight: bold; font-family: var(--body_typography-font-family); font-size: var(--body_typography-font-size); font-style: var(--body_typography-font-style,normal); letter-spacing: var(--body_typography-letter-spacing);\">Bruksanvisning:<\/span><\/p>\n<p>Som kosttillskott, ta 3 kapslar dagligen mellan m\u00e5ltiderna.<\/p>\n<p class=\"subtitle-aa\">Viktig information:<\/p>\n<p>Denna produkt \u00e4r ett kosttillskott. Anv\u00e4nd denna produkt i kombination med mat som en del av en h\u00e4lsosam och balanserad kost, inte som en ers\u00e4ttning f\u00f6r s\u00e5dan. F\u00f6rvaras utom r\u00e4ckh\u00e5ll f\u00f6r barn. Ej avsedd f\u00f6r anv\u00e4ndning av gravida eller ammande kvinnor! \u00d6verskrid inte rekommenderad daglig dos. F\u00f6rvara p\u00e5 en sval, torr plats. Uts\u00e4tt inte f\u00f6r \u00f6verdriven v\u00e4rme, fukt eller solljus. B\u00e4st f\u00f6re utg\u00e5ngsdatum som st\u00e5r p\u00e5 f\u00f6rpackningen.<\/p>\n<p style=\"color: #009746;\"><b>Allergiinformation:<\/b><\/p>\n<p style=\"color: #009746;\"><span style=\"color: #747474;\">Tillverkad i en anl\u00e4ggning som hanterar mj\u00f6lk, soja- och \u00e4ggproteiner samt gluten!<\/span><b><\/b><\/p>\n<p><b style=\"color: #009746;\">Notera:<\/b><\/p>\n<p>Inneh\u00e5ller koffein 5,6 mg\/kapsel. Konsumera inte koffein eller synefrin fr\u00e5n andra k\u00e4llor. Det rekommenderas att inte konsumera om du anv\u00e4nder andra produkter som inneh\u00e5ller gr\u00f6nt te <span style=\"color: #747474;\">samma dag.<\/span><\/p>\n<p>Konsumera inte p\u00e5 fastande mage.<\/p>\n<\/div><div class=\"fusion-clearfix\"><\/div><\/div><\/div><\/div><\/div><\/p>\n","protected":false},"excerpt":{"rendered":"","protected":false},"author":1,"featured_media":0,"parent":18869,"menu_order":0,"comment_status":"closed","ping_status":"closed","template":"","meta":{"footnotes":""},"class_list":["post-22563","page","type-page","status-publish","hentry"],"_links":{"self":[{"href":"https:\/\/vikingforce.se\/sv\/wp-json\/wp\/v2\/pages\/22563","targetHints":{"allow":["GET"]}}],"collection":[{"href":"https:\/\/vikingforce.se\/sv\/wp-json\/wp\/v2\/pages"}],"about":[{"href":"https:\/\/vikingforce.se\/sv\/wp-json\/wp\/v2\/types\/page"}],"author":[{"embeddable":true,"href":"https:\/\/vikingforce.se\/sv\/wp-json\/wp\/v2\/users\/1"}],"replies":[{"embeddable":true,"href":"https:\/\/vikingforce.se\/sv\/wp-json\/wp\/v2\/comments?post=22563"}],"version-history":[{"count":2,"href":"https:\/\/vikingforce.se\/sv\/wp-json\/wp\/v2\/pages\/22563\/revisions"}],"predecessor-version":[{"id":22565,"href":"https:\/\/vikingforce.se\/sv\/wp-json\/wp\/v2\/pages\/22563\/revisions\/22565"}],"up":[{"embeddable":true,"href":"https:\/\/vikingforce.se\/sv\/wp-json\/wp\/v2\/pages\/18869"}],"wp:attachment":[{"href":"https:\/\/vikingforce.se\/sv\/wp-json\/wp\/v2\/media?parent=22563"}],"curies":[{"name":"wp","href":"https:\/\/api.w.org\/{rel}","templated":true}]}}