{"id":22498,"date":"2024-06-11T07:03:38","date_gmt":"2024-06-11T07:03:38","guid":{"rendered":"https:\/\/vikingforce.se\/vitamins\/viking-niacin\/"},"modified":"2025-05-16T15:24:10","modified_gmt":"2025-05-16T15:24:10","slug":"viking-niacin","status":"publish","type":"page","link":"https:\/\/vikingforce.se\/sv\/vitamins\/viking-niacin\/","title":{"rendered":"Viking Niacin"},"content":{"rendered":"<p><div class=\"fusion-fullwidth fullwidth-box fusion-builder-row-1 nonhundred-percent-fullwidth non-hundred-percent-height-scrolling\" style=\"--awb-background-position:center top;--awb-border-color:#f6f6f6;--awb-border-radius-top-left:0px;--awb-border-radius-top-right:0px;--awb-border-radius-bottom-right:0px;--awb-border-radius-bottom-left:0px;--awb-padding-top:1px;--awb-padding-right:0px;--awb-padding-bottom:30px;--awb-padding-left:0px;--awb-background-color:#fff;--awb-border-sizes-top:1px;--awb-border-sizes-bottom:1px;--awb-flex-wrap:wrap;\" ><div class=\"fusion-builder-row fusion-row\"><div class=\"fusion-layout-column fusion_builder_column fusion-builder-column-0 fusion_builder_column_1_2 1_2 fusion-one-half fusion-column-first\" style=\"--awb-bg-size:cover;width:48%; margin-right: 4%;\"><div class=\"fusion-column-wrapper fusion-flex-column-wrapper-legacy\"><div class=\"fusion-sep-clear\"><\/div><div class=\"fusion-separator fusion-full-width-sep\" style=\"margin-left: auto;margin-right: auto;margin-top:60px;width:100%;\"><\/div><div class=\"fusion-sep-clear\"><\/div><div class=\"fusion-text fusion-text-1\"><p><a href=\"https:\/\/vikingforce.se\/wp-content\/uploads\/2024\/04\/VIKING-Niacin.png\"><img decoding=\"async\" class=\"alignnone size-full wp-image-21864\" src=\"https:\/\/vikingforce.se\/wp-content\/uploads\/2024\/04\/VIKING-Niacin.png\" alt=\"\" width=\"1800\" height=\"1800\" srcset=\"https:\/\/vikingforce.se\/wp-content\/uploads\/2024\/04\/VIKING-Niacin-66x66.png 66w, https:\/\/vikingforce.se\/wp-content\/uploads\/2024\/04\/VIKING-Niacin-150x150.png 150w, https:\/\/vikingforce.se\/wp-content\/uploads\/2024\/04\/VIKING-Niacin-200x200.png 200w, https:\/\/vikingforce.se\/wp-content\/uploads\/2024\/04\/VIKING-Niacin-300x300.png 300w, https:\/\/vikingforce.se\/wp-content\/uploads\/2024\/04\/VIKING-Niacin-400x400.png 400w, https:\/\/vikingforce.se\/wp-content\/uploads\/2024\/04\/VIKING-Niacin-600x600.png 600w, https:\/\/vikingforce.se\/wp-content\/uploads\/2024\/04\/VIKING-Niacin-768x768.png 768w, https:\/\/vikingforce.se\/wp-content\/uploads\/2024\/04\/VIKING-Niacin-800x800.png 800w, https:\/\/vikingforce.se\/wp-content\/uploads\/2024\/04\/VIKING-Niacin-1024x1024.png 1024w, https:\/\/vikingforce.se\/wp-content\/uploads\/2024\/04\/VIKING-Niacin-1200x1200.png 1200w, https:\/\/vikingforce.se\/wp-content\/uploads\/2024\/04\/VIKING-Niacin-1536x1536.png 1536w, https:\/\/vikingforce.se\/wp-content\/uploads\/2024\/04\/VIKING-Niacin.png 1800w\" sizes=\"(max-width: 1800px) 100vw, 1800px\" \/><\/a><\/p>\n<\/div><div class=\"fusion-clearfix\"><\/div><\/div><\/div><div class=\"fusion-layout-column fusion_builder_column fusion-builder-column-1 fusion_builder_column_1_2 1_2 fusion-one-half fusion-column-last\" style=\"--awb-bg-size:cover;width:48%;\"><div class=\"fusion-column-wrapper fusion-flex-column-wrapper-legacy\"><div class=\"fusion-title title fusion-title-1 fusion-sep-none fusion-title-text fusion-title-size-one title-wg\" style=\"--awb-margin-bottom:5px;\"><h1 class=\"fusion-title-heading title-heading-left\" style=\"margin:0;\"><div style=\"text-align: center;\"><span style=\"font-size: var(--h1_typography-font-size); font-style: var(--h1_typography-font-style,normal); font-weight: var(--h1_typography-font-weight); letter-spacing: var(--h1_typography-letter-spacing);\">VIKING NIACIN<\/span><\/div><\/h1><\/div><div class=\"fusion-text fusion-text-2\"><p style=\"text-align: center;\">(Kosttillskott)<\/p>\n<\/div><div class=\"fusion-text fusion-text-3\"><p><!--<img decoding=\"async\" class=\"size-large wp-image-11808 aligncenter\" src=\"https:\/\/vikingforce.se\/wp-content\/uploads\/2015\/12\/aroma-empire-whey-1024x110.jpg\" alt=\"aroma-empire-whey\" width=\"669\" height=\"72\" srcset=\"https:\/\/vikingforce.se\/wp-content\/uploads\/2015\/12\/aroma-empire-whey-300x32.jpg 300w, https:\/\/vikingforce.se\/wp-content\/uploads\/2015\/12\/aroma-empire-whey-1024x110.jpg 1024w\" sizes=\"(max-width: 669px) 100vw, 669px\" \/>--><\/p>\n<\/div><div class=\"fusion-text fusion-text-4\"><p><!--<img decoding=\"async\" class=\"wp-image-11807 aligncenter\" src=\"https:\/\/vikingforce.se\/wp-content\/uploads\/2015\/12\/serving-empire-whey.jpg\" alt=\"serving-empire-whey\" width=\"147\" height=\"115\" \/>--><\/p>\n<\/div><div class=\"fusion-text fusion-text-5\"><p class=\"subtitle-wg\" style=\"text-align: center;\">Nettovikt: 63 g<\/p>\n<\/div><div class=\"fusion-text fusion-text-6\"><p class=\"subtitle-wg\" style=\"text-align: center;\">100 Kapslar<\/p>\n<\/div><div class=\"fusion-clearfix\"><\/div><\/div><\/div><\/div><\/div><div class=\"fusion-fullwidth fullwidth-box fusion-builder-row-2 nonhundred-percent-fullwidth non-hundred-percent-height-scrolling\" style=\"--awb-border-color:#f6f6f6;--awb-border-radius-top-left:0px;--awb-border-radius-top-right:0px;--awb-border-radius-bottom-right:0px;--awb-border-radius-bottom-left:0px;--awb-padding-top:10px;--awb-padding-right:0px;--awb-padding-bottom:0px;--awb-padding-left:0px;--awb-background-color:#fff;--awb-border-sizes-top:0px;--awb-border-sizes-bottom:0px;--awb-flex-wrap:wrap;\" ><div class=\"fusion-builder-row fusion-row\"><div class=\"fusion-layout-column fusion_builder_column fusion-builder-column-2 fusion_builder_column_1_2 1_2 fusion-one-half fusion-column-first\" style=\"--awb-bg-size:cover;width:48%; margin-right: 4%;\"><div class=\"fusion-column-wrapper fusion-flex-column-wrapper-legacy\"><div class=\"fusion-text fusion-text-7\"><p class=\"subtitle-vit\">Bruksanvisning:<\/p>\n<p>Ta 1 kapsel per dag med mat och vatten.<\/p>\n<p class=\"subtitle-vit\">\u00d6vriga ingredienser:<\/p>\n<p>Kapselskal (bovint gelatin), fyllnadsmedel (maltodextrin).<\/p>\n<p><span style=\"color: #7eb33f;\"><b>Observera: <\/b><\/span><span style=\"color: var(--body_typography-color); font-family: var(--body_typography-font-family); font-size: var(--body_typography-font-size); font-style: var(--body_typography-font-style,normal); font-weight: var(--body_typography-font-weight); letter-spacing: var(--body_typography-letter-spacing);\">Anv\u00e4ndning av denna produkt kan orsaka tillf\u00e4llig rodnad, kl\u00e5da, br\u00e4nnande k\u00e4nsla och utslag p\u00e5 huden. Detta beror p\u00e5 \u00f6kat blodfl\u00f6de n\u00e4ra huden. Ta inte p\u00e5 fastande mage.<\/span><\/p>\n<p class=\"subtitle-vit\">Allergiinformation:<\/p>\n<p>Kan inneh\u00e5lla sp\u00e5r av mj\u00f6lk, soja, \u00e4gg och vete (gluten).<\/p>\n<p class=\"subtitle-vit\">Viktig information:<\/p>\n<p>Denna produkt \u00e4r ett kosttillskott. Anv\u00e4nd denna produkt tillsammans med mat som en del av en h\u00e4lsosam och balanserad kost, inte som en ers\u00e4ttning f\u00f6r s\u00e5dan. F\u00f6rvaras o\u00e5tkomligt f\u00f6r barn. Ej avsedd f\u00f6r anv\u00e4ndning av gravida eller ammande kvinnor! \u00d6verskrid inte den rekommenderade dagliga dosen. F\u00f6rvara p\u00e5 en sval, torr plats. Uts\u00e4tt inte f\u00f6r \u00f6verdriven v\u00e4rme, fukt eller solljus. B\u00e4st f\u00f6re utg\u00e5ngsdatum som anges p\u00e5 f\u00f6rpackningen.<\/p>\n<\/div><div class=\"fusion-clearfix\"><\/div><\/div><\/div><div class=\"fusion-layout-column fusion_builder_column fusion-builder-column-3 fusion_builder_column_1_2 1_2 fusion-one-half fusion-column-last\" style=\"--awb-bg-size:cover;width:48%;\"><div class=\"fusion-column-wrapper fusion-flex-column-wrapper-legacy\"><div class=\"fusion-text fusion-text-8\"><p class=\"subtitle-vit\">N\u00c4RINGSINNEH\u00c5LL<\/p>\n<\/div><div class=\"fusion-text fusion-text-9\"><div class=\"table-1\">\n<table class=\"tb\" width=\"100%\">\n<tbody>\n<tr class=\"table-row_border\">\n<td colspan=\"6\">Portionsstorlek: 1 kapsel<\/td>\n<td style=\"text-align: center;\" colspan=\"4\">Portioner per beh\u00e5llare: 100<\/td>\n<\/tr>\n<tr>\n<td colspan=\"6\"><strong>Tillskottsfakta per:<\/strong><\/td>\n<td style=\"text-align: center;\" colspan=\"4\"><strong>1 portion (1 kapsel)<\/strong><\/td>\n<\/tr>\n<tr>\n<td colspan=\"6\">Niacin<\/td>\n<td style=\"text-align: center;\" colspan=\"4\">500 mg (3125%*)<\/td>\n<\/tr>\n<tr>\n<td colspan=\"6\">&#8211; varav Nikotinamid (vit.B3)<\/td>\n<td style=\"text-align: center;\" colspan=\"4\">450 mg<\/td>\n<\/tr>\n<tr>\n<td colspan=\"6\">&#8211; varav Nikotinsyra<\/td>\n<td style=\"text-align: center;\" colspan=\"4\">10 mg<\/td>\n<\/tr>\n<tr>\n<td colspan=\"7\">* NRVs \u2013 N\u00e4ringsreferensv\u00e4rden<\/td>\n<\/tr>\n<\/tbody>\n<\/table>\n<\/div>\n<\/div><div class=\"fusion-clearfix\"><\/div><\/div><\/div><\/div><\/div><\/p>\n","protected":false},"excerpt":{"rendered":"","protected":false},"author":1,"featured_media":0,"parent":12511,"menu_order":0,"comment_status":"closed","ping_status":"closed","template":"","meta":{"footnotes":""},"class_list":["post-22498","page","type-page","status-publish","hentry"],"_links":{"self":[{"href":"https:\/\/vikingforce.se\/sv\/wp-json\/wp\/v2\/pages\/22498","targetHints":{"allow":["GET"]}}],"collection":[{"href":"https:\/\/vikingforce.se\/sv\/wp-json\/wp\/v2\/pages"}],"about":[{"href":"https:\/\/vikingforce.se\/sv\/wp-json\/wp\/v2\/types\/page"}],"author":[{"embeddable":true,"href":"https:\/\/vikingforce.se\/sv\/wp-json\/wp\/v2\/users\/1"}],"replies":[{"embeddable":true,"href":"https:\/\/vikingforce.se\/sv\/wp-json\/wp\/v2\/comments?post=22498"}],"version-history":[{"count":4,"href":"https:\/\/vikingforce.se\/sv\/wp-json\/wp\/v2\/pages\/22498\/revisions"}],"predecessor-version":[{"id":23629,"href":"https:\/\/vikingforce.se\/sv\/wp-json\/wp\/v2\/pages\/22498\/revisions\/23629"}],"up":[{"embeddable":true,"href":"https:\/\/vikingforce.se\/sv\/wp-json\/wp\/v2\/pages\/12511"}],"wp:attachment":[{"href":"https:\/\/vikingforce.se\/sv\/wp-json\/wp\/v2\/media?parent=22498"}],"curies":[{"name":"wp","href":"https:\/\/api.w.org\/{rel}","templated":true}]}}