{"id":22195,"date":"2024-05-15T11:26:48","date_gmt":"2024-05-15T11:26:48","guid":{"rendered":"https:\/\/vikingforce.se\/hair-care\/"},"modified":"2025-05-14T11:51:06","modified_gmt":"2025-05-14T11:51:06","slug":"hair-care","status":"publish","type":"page","link":"https:\/\/vikingforce.se\/sv\/vital-vitamins\/hair-care\/","title":{"rendered":"Hair Care"},"content":{"rendered":"<p><div class=\"fusion-fullwidth fullwidth-box fusion-builder-row-1 nonhundred-percent-fullwidth non-hundred-percent-height-scrolling\" style=\"--awb-background-position:left top;--awb-border-radius-top-left:0px;--awb-border-radius-top-right:0px;--awb-border-radius-bottom-right:0px;--awb-border-radius-bottom-left:0px;--awb-padding-top:20px;--awb-padding-bottom:20px;--awb-border-sizes-top:0px;--awb-border-sizes-bottom:0px;--awb-flex-wrap:wrap;\" ><div class=\"fusion-builder-row fusion-row\"><div class=\"fusion-layout-column fusion_builder_column fusion-builder-column-0 fusion_builder_column_1_2 1_2 fusion-one-half fusion-column-first\" style=\"--awb-bg-size:cover;width:48%; margin-right: 4%;\"><div class=\"fusion-column-wrapper fusion-flex-column-wrapper-legacy\"><div class=\"fusion-sep-clear\"><\/div><div class=\"fusion-separator fusion-full-width-sep\" style=\"margin-left: auto;margin-right: auto;width:100%;\"><\/div><div class=\"fusion-sep-clear\"><\/div><div class=\"fusion-image-carousel fusion-image-carousel-auto fusion-image-carousel-1 fusion-carousel-border\"><div class=\"awb-carousel awb-swiper awb-swiper-carousel awb-swiper-dots-position-bottom awb-carousel--carousel\" data-layout=\"carousel\" data-autoplay=\"no\" data-autoplayspeed=\"2500\" data-autoplaypause=\"no\" data-columns=\"1\" data-itemmargin=\"13\" data-itemwidth=\"180\" data-touchscroll=\"no\" data-freemode=\"no\" data-imagesize=\"auto\" data-scrollitems=\"0\" data-centeredslides=\"no\" data-rotationangle=\"50\" data-depth=\"100\" data-speed=\"500\" data-shadow=\"no\" style=\"--awb-columns:1;--awb-border-width:1px;--awb-border-color:#e9eaee;\"><div class=\"swiper-wrapper awb-image-carousel-wrapper fusion-flex-align-items-center\"><div class=\"swiper-slide\"><div class=\"fusion-carousel-item-wrapper\"><div class=\"fusion-image-wrapper hover-type-none\"><img decoding=\"async\" width=\"882\" height=\"862\" src=\"https:\/\/vikingforce.se\/wp-content\/uploads\/2024\/04\/Viking-Hair-Care-back-view.png\" class=\"attachment-full size-full\" alt=\"\" srcset=\"https:\/\/vikingforce.se\/wp-content\/uploads\/2024\/04\/Viking-Hair-Care-back-view-66x66.png 66w, https:\/\/vikingforce.se\/wp-content\/uploads\/2024\/04\/Viking-Hair-Care-back-view-200x195.png 200w, https:\/\/vikingforce.se\/wp-content\/uploads\/2024\/04\/Viking-Hair-Care-back-view-300x293.png 300w, https:\/\/vikingforce.se\/wp-content\/uploads\/2024\/04\/Viking-Hair-Care-back-view-400x391.png 400w, https:\/\/vikingforce.se\/wp-content\/uploads\/2024\/04\/Viking-Hair-Care-back-view-600x586.png 600w, https:\/\/vikingforce.se\/wp-content\/uploads\/2024\/04\/Viking-Hair-Care-back-view-768x751.png 768w, https:\/\/vikingforce.se\/wp-content\/uploads\/2024\/04\/Viking-Hair-Care-back-view-800x782.png 800w, https:\/\/vikingforce.se\/wp-content\/uploads\/2024\/04\/Viking-Hair-Care-back-view.png 882w\" sizes=\"(max-width: 882px) 100vw, 882px\" \/><\/div><\/div><\/div><div class=\"swiper-slide\"><div class=\"fusion-carousel-item-wrapper\"><div class=\"fusion-image-wrapper hover-type-none\"><img decoding=\"async\" width=\"882\" height=\"862\" src=\"https:\/\/vikingforce.se\/wp-content\/uploads\/2024\/04\/Viking-Hair-Care.png\" class=\"attachment-full size-full\" alt=\"\" srcset=\"https:\/\/vikingforce.se\/wp-content\/uploads\/2024\/04\/Viking-Hair-Care-66x66.png 66w, https:\/\/vikingforce.se\/wp-content\/uploads\/2024\/04\/Viking-Hair-Care-200x195.png 200w, https:\/\/vikingforce.se\/wp-content\/uploads\/2024\/04\/Viking-Hair-Care-300x293.png 300w, https:\/\/vikingforce.se\/wp-content\/uploads\/2024\/04\/Viking-Hair-Care-400x391.png 400w, https:\/\/vikingforce.se\/wp-content\/uploads\/2024\/04\/Viking-Hair-Care-600x586.png 600w, https:\/\/vikingforce.se\/wp-content\/uploads\/2024\/04\/Viking-Hair-Care-768x751.png 768w, https:\/\/vikingforce.se\/wp-content\/uploads\/2024\/04\/Viking-Hair-Care-800x782.png 800w, https:\/\/vikingforce.se\/wp-content\/uploads\/2024\/04\/Viking-Hair-Care.png 882w\" sizes=\"(max-width: 882px) 100vw, 882px\" \/><\/div><\/div><\/div><\/div><div class=\"awb-swiper-button awb-swiper-button-prev\"><i class=\"awb-icon-angle-left\" aria-hidden=\"true\"><\/i><\/div><div class=\"awb-swiper-button awb-swiper-button-next\"><i class=\"awb-icon-angle-right\" aria-hidden=\"true\"><\/i><\/div><\/div><\/div><div class=\"fusion-text fusion-text-1\"><\/div><div class=\"fusion-clearfix\"><\/div><\/div><\/div><div class=\"fusion-layout-column fusion_builder_column fusion-builder-column-1 fusion_builder_column_1_2 1_2 fusion-one-half fusion-column-last\" style=\"--awb-bg-size:cover;width:48%;\"><div class=\"fusion-column-wrapper fusion-flex-column-wrapper-legacy\"><div class=\"fusion-title title fusion-title-1 fusion-sep-none fusion-title-text fusion-title-size-one title-wg\" style=\"--awb-margin-bottom:5px;\"><h1 class=\"fusion-title-heading title-heading-left\" style=\"margin:0;\"><div style=\"text-align: center;\"><span style=\"font-size: var(--h1_typography-font-size); font-style: var(--h1_typography-font-style,normal); font-weight: var(--h1_typography-font-weight); letter-spacing: var(--h1_typography-letter-spacing); background-color: rgba(255, 255, 255, 0);\">HAIR CARE<\/span><\/div><\/h1><\/div><div class=\"fusion-text fusion-text-2\"><p style=\"text-align: center;\">(Kosttillskott)<\/p>\n<\/div><div class=\"fusion-text fusion-text-3\"><p class=\"subtitle-wg\" style=\"text-align: center;\">Nettovikt: 30 g<\/p>\n<p class=\"subtitle-wg\" style=\"text-align: center;\">60 Tabletter<\/p>\n<\/div><div class=\"fusion-clearfix\"><\/div><\/div><\/div><\/div><\/div><div class=\"fusion-fullwidth fullwidth-box fusion-builder-row-2 nonhundred-percent-fullwidth non-hundred-percent-height-scrolling\" style=\"--awb-background-position:left top;--awb-border-radius-top-left:0px;--awb-border-radius-top-right:0px;--awb-border-radius-bottom-right:0px;--awb-border-radius-bottom-left:0px;--awb-padding-top:20px;--awb-padding-bottom:20px;--awb-border-sizes-top:0px;--awb-border-sizes-bottom:0px;--awb-flex-wrap:wrap;\" ><div class=\"fusion-builder-row fusion-row\"><div class=\"fusion-layout-column fusion_builder_column fusion-builder-column-2 fusion_builder_column_1_1 1_1 fusion-one-full fusion-column-first fusion-column-last\" style=\"--awb-bg-size:cover;\"><div class=\"fusion-column-wrapper fusion-flex-column-wrapper-legacy\"><div class=\"fusion-text fusion-text-4\"><p><span style=\"color: #720202;\"><b>Viking H\u00e5rv\u00e5rd<\/b><\/span><\/p>\n<p>Produkten inneh\u00e5ller en unik sammans\u00e4ttning av 17 aktiva ingredienser, utvecklade f\u00f6r <span style=\"background-color: rgba(255, 255, 255, 0); color: var(--body_typography-color); font-family: var( --body_typography-font-family); font-size: var(--body_typography-font-size); -font-weight); letter-spacing: var(--body_typography-letter-spacing);\">m\u00e4nniskor som k\u00e4mpar med problemet med: f\u00f6rsvagat, sk\u00f6rt och fallande h\u00e5r; <\/span><span style=\"background-color: rgba(255, 255, 255, 0); f\u00e4rg: var(--body_typography-color); font-family: var(--body_typography-font-family); font-size: var(--body_typography-font-size);\">h\u00e5r utan glans; matt, skadad av fris\u00f6rbehandlingar; spr\u00f6da, sprickande naglar; <\/span><span style=\"background-color: rgba(255, 255, 255, 0); f\u00e4rg: var(--body_typography-color); font-family: var(--body_typography-font-family); font-size: var(--body_typography-font-size);\">tr\u00e5kig, gr\u00e5 hy, utan utstr\u00e5lning. Cystein och metionin (svavelaminosyror) <\/span><span style=\"background-color: rgba(255, 255, 255, 0); f\u00e4rg: var(--body_typography-color); font-family: var(- -body_typography-font-family); font-weight); letter-spacing: var(--body_typography-letter-spacing);\">\u00e4r n\u00f6dv\u00e4ndiga f\u00f6r korrekt syntes av keratin, den grundl\u00e4ggande komponenten i h\u00e5r och naglar. <\/span><span style=\"background-color: rgba(255, 255, 255, 0); f\u00e4rg: var(--body_typography-color); font-family: var(--body_typography-font-family); font-size: var(--body_typography-font-size);\">Vitamin A och niacin hj\u00e4lper till att bibeh\u00e5lla en frisk hud. Vitamin E hj\u00e4lper till att skydda cellerna mot <\/span><span style=\"background-color: rgba(255, 255, 255, 0); color: var(--body_typography-color); font-family: var(--body_typography) -typsnittsfamilj); vikt); bokstavsavst\u00e5nd: var(--kroppstypografi-bokstavsavst\u00e5nd);\">oxidativ stress. Vitamin C hj\u00e4lper till med korrekt produktion av kollagen f\u00f6r att s\u00e4kerst\u00e4lla <\/span><span style=\"background-color: rgba(255, 255, 255, 0); color: var(--body_typography-color); font-family: var(--body_typography-font-size: var(--body_typography-font-size: var(--body_typography-font-style,normal); --body_typography-font-weight); bokstavsmellanrum: var(--body_typography-letter-spacing);\">skinnets korrekta funktion. Biotin hj\u00e4lper till att uppr\u00e4tth\u00e5lla friskt h\u00e5r och hud. Zink hj\u00e4lper <\/span><span style=\"background-color: rgba(255, 255, 255, 0); color: var(--body_typography-color); font-family: var(--body_typography-font-family ); font-size: var(--body_typography-font-size: var(--body_typography-font-weight: var(--body_typography-font-weight); -spacing: var(--body_typography-letter-spacing);\">h\u00e5ll naglar, h\u00e5r och hud friska.<\/span><\/p>\n<\/div><div class=\"fusion-clearfix\"><\/div><\/div><\/div><\/div><\/div><div class=\"fusion-fullwidth fullwidth-box fusion-builder-row-3 hundred-percent-fullwidth non-hundred-percent-height-scrolling\" style=\"--awb-border-radius-top-left:0px;--awb-border-radius-top-right:0px;--awb-border-radius-bottom-right:0px;--awb-border-radius-bottom-left:0px;--awb-overflow:visible;--awb-flex-wrap:wrap;\" ><div class=\"fusion-builder-row fusion-row\"><div class=\"fusion-layout-column fusion_builder_column fusion-builder-column-3 fusion_builder_column_1_2 1_2 fusion-one-half fusion-column-first\" style=\"--awb-bg-size:cover;width:48%; margin-right: 4%;\"><div class=\"fusion-column-wrapper fusion-flex-column-wrapper-legacy\"><div class=\"fusion-text fusion-text-5\"><p style=\"color: #720606;\"><b>Anv\u00e4ndningsinstruktion:<\/b><\/p>\n<p>2 tabletter. \u00d6verskrid inte den rekommenderade dagliga <span style=\"background-color: rgba(255, 255, 255, 0); color: var(--body_typography-color); font-family: var(--body_typography-font-family); font-size: var(--body_typography-font-size); font-style: var(--body_typography-font-style,normal); font-weight: var(--body_typography-font-weight); letter-spacing: var(--body_typography-letter-spacing);\">dosen. Kosttillskott b\u00f6r inte anv\u00e4ndas som ett substitut f\u00f6r en varierad kost.<\/span><\/p>\n<p><span style=\"color: #720606;\"><b style=\"color: #720606;\">B\u00c4ST <\/b><\/span><span style=\"background-color: rgba(255, 255, 255, 0); color: var(--body_typography-color); font-family: var(--body_typography-font-family); font-size: var(--body_typography-font-size); font-style: var(--body_typography-font-style,normal); letter-spacing: var(--body_typography-letter-spacing);\"><span style=\"color: #720606;\"><b style=\"color: #720606;\">F\u00d6RE:<\/b><\/span><span style=\"font-weight: var(--body_typography-font-weight);\"> Datum och batchnummer finns l\u00e4ngst ner p\u00e5 etiketten. <\/span><\/span><\/p>\n<p><span style=\"background-color: rgba(255, 255, 255, 0); color: var(--body_typography-color); font-family: var(--body_typography-font-family); font-size: var(--body_typography-font-size); font-style: var(--body_typography-font-style,normal); letter-spacing: var(--body_typography-letter-spacing);\"><b style=\"color: #720606;\">F\u00d6RVARING:<\/b><\/span><span style=\"background-color: rgba(255, 255, 255, 0); color: var(--body_typography-color); font-family: var(--body_typography-font-family); font-size: var(--body_typography-font-size); font-style: var(--body_typography-font-style,normal); font-weight: var(--body_typography-font-weight); letter-spacing: var(--body_typography-letter-spacing);\"> F\u00f6rvara <\/span><span style=\"background-color: rgba(255, 255, 255, 0); color: var(--body_typography-color); font-family: var(--body_typography-font-family); font-size: var(--body_typography-font-size); font-style: var(--body_typography-font-style,normal); font-weight: var(--body_typography-font-weight); letter-spacing: var(--body_typography-letter-spacing);\">i rumstemperatur, torrt, i f\u00f6rsluten f\u00f6rpackning, o\u00e5tkomligt f\u00f6r sm\u00e5 barn.<\/span><\/p>\n<p class=\"subtitle-vit\"><span style=\"background-color: rgba(255, 255, 255, 0); color: #720606; font-family: var(--body_typography-font-family); font-size: var(--body_typography-font-size); font-style: var(--body_typography-font-style,normal); letter-spacing: var(--body_typography-letter-spacing);\">Ingredienser:<\/span><\/p>\n<p>Fyllnadsmedel: sorbitoler, vitaminer (L-askorbinsyra, nikotinamid, DL-al<span style=\"background-color: rgba(255, 255, 255, 0); color: var(--body_typography-color); font-family: var(--body_typography-font-family); font-size: var(--body_typography-font-size); font-style: var(--body_typography-font-style,normal); font-weight: var(--body_typography-font-weight); letter-spacing: var(--body_typography-letter-spacing);\">fa-tokoferylacetat, kalcium-D-pantotenat, pyridoxinhydroklorid, riboflavin, <\/span><span style=\"background-color: rgba(255, 255, 255, 0); color: var(--body_typography-color); font-family: var(--body_typography-font-family); font-size: var(--body_typography-font-size); font-style: var(--body_typography-font-style,normal); font-weight: var(--body_typography-font-weight); letter-spacing: var(--body_typography-letter-spacing);\">tiaminmononitrat, tiaminhydroklorid, retinylacetat, pteroylmonoglutaminsyra, <\/span><span style=\"background-color: rgba(255, 255, 255, 0); color: var(--body_typography-color); font-family: var(--body_typography-font-family); font-size: var(--body_typography-font-size); font-style: var(--body_typography-font-style,normal); font-weight: var(--body_typography-font-weight); letter-spacing: var(--body_typography-letter-spacing);\">fyllokinon, D-biotin, kolekalciferol, cyanokobalamin), j\u00e4rnbisglycinat, <\/span><span style=\"background-color: rgba(255, 255, 255, 0); color: var(--body_typography-color); font-family: var(--body_typography-font-family); font-size: var(--body_typography-font-size); font-style: var(--body_typography-font-style,normal); font-weight: var(--body_typography-font-weight); letter-spacing: var(--body_typography-letter-spacing);\">L-metionin, L-cystein, zinkbisglycinat, klumpf\u00f6rebyggande medel: magnesiumsalter av fettsyror, <\/span><span style=\"background-color: rgba(255, 255, 255, 0); color: var(--body_typography-color); font-family: var(--body_typography-font-family); font-size: var(--body_typography-font-size); font-style: var(--body_typography-font-style,normal); font-weight: var(--body_typography-font-weight); letter-spacing: var(--body_typography-letter-spacing);\">r\u00f6dbetskoncentrat. Produkten kan inneh\u00e5lla sp\u00e5r av: spannm\u00e5l som inneh\u00e5ller <\/span><span style=\"background-color: rgba(255, 255, 255, 0); color: var(--body_typography-color); font-family: var(--body_typography-font-family); font-size: var(--body_typography-font-size); font-style: var(--body_typography-font-style,normal); font-weight: var(--body_typography-font-weight); letter-spacing: var(--body_typography-letter-spacing);\">gluten, sojab\u00f6nor, mj\u00f6lk.<\/span><\/p>\n<\/div><div class=\"fusion-clearfix\"><\/div><\/div><\/div><div class=\"fusion-layout-column fusion_builder_column fusion-builder-column-4 fusion_builder_column_1_2 1_2 fusion-one-half fusion-column-last\" style=\"--awb-bg-size:cover;width:48%;\"><div class=\"fusion-column-wrapper fusion-flex-column-wrapper-legacy\"><div class=\"fusion-text fusion-text-6\"><p style=\"color: #490e02;\"><b>N\u00c4RINGSFAKTA<\/b><\/p>\n<\/div><div class=\"fusion-text fusion-text-7\"><div class=\"table-1\">\n<table class=\"tb\" width=\"100%\">\n<tbody>\n<tr class=\"table-row_border\">\n<td colspan=\"3\"><strong>N\u00c4RINGSFAKTA<\/strong><\/td>\n<td colspan=\"2\"><b>daglig portion (2 tabletter)<\/b><\/td>\n<\/tr>\n<tr>\n<td colspan=\"3\">Vitamin A<\/td>\n<td colspan=\"2\">800 \u03bcg (100 %*)<\/td>\n<\/tr>\n<tr>\n<td colspan=\"3\">D-vitamin<\/td>\n<td colspan=\"2\">6 \u03bcg (120 %*)<\/td>\n<\/tr>\n<tr>\n<td colspan=\"3\">Vitamin E<\/td>\n<td colspan=\"2\">14,4 mg (120 %*)<\/td>\n<\/tr>\n<tr>\n<td colspan=\"3\">Vitamin K<\/td>\n<td colspan=\"2\">90 \u03bcg (120 %*)<\/td>\n<\/tr>\n<tr>\n<td colspan=\"3\">C-vitamin<\/td>\n<td colspan=\"2\">120 mg (150 %*)<\/td>\n<\/tr>\n<tr>\n<td colspan=\"3\">Tiamin (Vitamin B1)<\/td>\n<td colspan=\"2\">2,4 mg (218 %*)<\/td>\n<\/tr>\n<tr>\n<td colspan=\"3\">Riboflavin (Vitamin B2)<\/td>\n<td colspan=\"2\">2,6 mg (186 %*)<\/td>\n<\/tr>\n<tr>\n<td colspan=\"3\">Niacin<\/td>\n<td colspan=\"2\">30 mg (188 %*)<\/td>\n<\/tr>\n<tr>\n<td colspan=\"3\">Pantotensyra<\/td>\n<td colspan=\"2\">7,2 mg (120 %*)<\/td>\n<\/tr>\n<tr>\n<td colspan=\"3\">Vitamin B6<\/td>\n<td colspan=\"2\">3,2 mg (229 %*)<\/td>\n<\/tr>\n<tr>\n<td colspan=\"3\">Biotin<\/td>\n<td colspan=\"2\">60 \u03bcg (120 %*)<\/td>\n<\/tr>\n<tr>\n<td colspan=\"3\">Folsyra<\/td>\n<td colspan=\"2\">400 \u03bcg (200 %*)<\/td>\n<\/tr>\n<tr>\n<td colspan=\"3\">Vitamin B12<\/td>\n<td colspan=\"2\">3 \u03bcg (120 %*)<\/td>\n<\/tr>\n<tr>\n<td colspan=\"3\">J\u00e4rn<\/td>\n<td colspan=\"2\">5 mg (36 %*)<\/td>\n<\/tr>\n<tr>\n<td colspan=\"3\">Zink<\/td>\n<td colspan=\"2\">5 mg (50 %*)<\/td>\n<\/tr>\n<tr>\n<td colspan=\"3\">L-cystein<\/td>\n<td colspan=\"2\">55 mg<\/td>\n<\/tr>\n<tr>\n<td colspan=\"3\">L-metionin<\/td>\n<td colspan=\"2\">55 mg<\/td>\n<\/tr>\n<\/tbody>\n<\/table>\n<\/div>\n<\/div><div class=\"fusion-clearfix\"><\/div><\/div><\/div><\/div><\/div><\/p>\n","protected":false},"excerpt":{"rendered":"","protected":false},"author":1,"featured_media":0,"parent":22204,"menu_order":0,"comment_status":"closed","ping_status":"closed","template":"","meta":{"footnotes":""},"class_list":["post-22195","page","type-page","status-publish","hentry"],"_links":{"self":[{"href":"https:\/\/vikingforce.se\/sv\/wp-json\/wp\/v2\/pages\/22195","targetHints":{"allow":["GET"]}}],"collection":[{"href":"https:\/\/vikingforce.se\/sv\/wp-json\/wp\/v2\/pages"}],"about":[{"href":"https:\/\/vikingforce.se\/sv\/wp-json\/wp\/v2\/types\/page"}],"author":[{"embeddable":true,"href":"https:\/\/vikingforce.se\/sv\/wp-json\/wp\/v2\/users\/1"}],"replies":[{"embeddable":true,"href":"https:\/\/vikingforce.se\/sv\/wp-json\/wp\/v2\/comments?post=22195"}],"version-history":[{"count":4,"href":"https:\/\/vikingforce.se\/sv\/wp-json\/wp\/v2\/pages\/22195\/revisions"}],"predecessor-version":[{"id":23472,"href":"https:\/\/vikingforce.se\/sv\/wp-json\/wp\/v2\/pages\/22195\/revisions\/23472"}],"up":[{"embeddable":true,"href":"https:\/\/vikingforce.se\/sv\/wp-json\/wp\/v2\/pages\/22204"}],"wp:attachment":[{"href":"https:\/\/vikingforce.se\/sv\/wp-json\/wp\/v2\/media?parent=22195"}],"curies":[{"name":"wp","href":"https:\/\/api.w.org\/{rel}","templated":true}]}}