{"id":22192,"date":"2024-05-15T11:23:04","date_gmt":"2024-05-15T11:23:04","guid":{"rendered":"https:\/\/vikingforce.se\/vitamin-b-complex\/"},"modified":"2025-05-14T11:46:25","modified_gmt":"2025-05-14T11:46:25","slug":"vitamin-b-complex","status":"publish","type":"page","link":"https:\/\/vikingforce.se\/sv\/vital-vitamins\/vitamin-b-complex\/","title":{"rendered":"Vitamin B Complex"},"content":{"rendered":"<p><div class=\"fusion-fullwidth fullwidth-box fusion-builder-row-1 nonhundred-percent-fullwidth non-hundred-percent-height-scrolling\" style=\"--awb-background-position:left top;--awb-border-radius-top-left:0px;--awb-border-radius-top-right:0px;--awb-border-radius-bottom-right:0px;--awb-border-radius-bottom-left:0px;--awb-padding-top:20px;--awb-padding-bottom:20px;--awb-border-sizes-top:0px;--awb-border-sizes-bottom:0px;--awb-flex-wrap:wrap;\" ><div class=\"fusion-builder-row fusion-row\"><div class=\"fusion-layout-column fusion_builder_column fusion-builder-column-0 fusion_builder_column_1_2 1_2 fusion-one-half fusion-column-first\" style=\"--awb-bg-size:cover;width:48%; margin-right: 4%;\"><div class=\"fusion-column-wrapper fusion-flex-column-wrapper-legacy\"><div class=\"fusion-sep-clear\"><\/div><div class=\"fusion-separator fusion-full-width-sep\" style=\"margin-left: auto;margin-right: auto;width:100%;\"><\/div><div class=\"fusion-sep-clear\"><\/div><div class=\"fusion-image-carousel fusion-image-carousel-auto fusion-image-carousel-1 fusion-carousel-border\"><div class=\"awb-carousel awb-swiper awb-swiper-carousel awb-swiper-dots-position-bottom awb-carousel--carousel\" data-layout=\"carousel\" data-autoplay=\"no\" data-autoplayspeed=\"2500\" data-autoplaypause=\"no\" data-columns=\"1\" data-itemmargin=\"13\" data-itemwidth=\"180\" data-touchscroll=\"no\" data-freemode=\"no\" data-imagesize=\"auto\" data-scrollitems=\"0\" data-centeredslides=\"no\" data-rotationangle=\"50\" data-depth=\"100\" data-speed=\"500\" data-shadow=\"no\" style=\"--awb-columns:1;--awb-border-width:1px;--awb-border-color:#e9eaee;\"><div class=\"swiper-wrapper awb-image-carousel-wrapper fusion-flex-align-items-center\"><div class=\"swiper-slide\"><div class=\"fusion-carousel-item-wrapper\"><div class=\"fusion-image-wrapper hover-type-none\"><img decoding=\"async\" width=\"882\" height=\"862\" src=\"https:\/\/vikingforce.se\/wp-content\/uploads\/2024\/04\/Viking-Vitamin-B-complex.png\" class=\"attachment-full size-full\" alt=\"\" srcset=\"https:\/\/vikingforce.se\/wp-content\/uploads\/2024\/04\/Viking-Vitamin-B-complex-66x66.png 66w, https:\/\/vikingforce.se\/wp-content\/uploads\/2024\/04\/Viking-Vitamin-B-complex-200x195.png 200w, https:\/\/vikingforce.se\/wp-content\/uploads\/2024\/04\/Viking-Vitamin-B-complex-300x293.png 300w, https:\/\/vikingforce.se\/wp-content\/uploads\/2024\/04\/Viking-Vitamin-B-complex-400x391.png 400w, https:\/\/vikingforce.se\/wp-content\/uploads\/2024\/04\/Viking-Vitamin-B-complex-600x586.png 600w, https:\/\/vikingforce.se\/wp-content\/uploads\/2024\/04\/Viking-Vitamin-B-complex-768x751.png 768w, https:\/\/vikingforce.se\/wp-content\/uploads\/2024\/04\/Viking-Vitamin-B-complex-800x782.png 800w, https:\/\/vikingforce.se\/wp-content\/uploads\/2024\/04\/Viking-Vitamin-B-complex.png 882w\" sizes=\"(max-width: 882px) 100vw, 882px\" \/><\/div><\/div><\/div><div class=\"swiper-slide\"><div class=\"fusion-carousel-item-wrapper\"><div class=\"fusion-image-wrapper hover-type-none\"><img decoding=\"async\" width=\"882\" height=\"862\" src=\"https:\/\/vikingforce.se\/wp-content\/uploads\/2024\/04\/Viking-Vitamin-B-complex-back-view.png\" class=\"attachment-full size-full\" alt=\"\" srcset=\"https:\/\/vikingforce.se\/wp-content\/uploads\/2024\/04\/Viking-Vitamin-B-complex-back-view-66x66.png 66w, https:\/\/vikingforce.se\/wp-content\/uploads\/2024\/04\/Viking-Vitamin-B-complex-back-view-200x195.png 200w, https:\/\/vikingforce.se\/wp-content\/uploads\/2024\/04\/Viking-Vitamin-B-complex-back-view-300x293.png 300w, https:\/\/vikingforce.se\/wp-content\/uploads\/2024\/04\/Viking-Vitamin-B-complex-back-view-400x391.png 400w, https:\/\/vikingforce.se\/wp-content\/uploads\/2024\/04\/Viking-Vitamin-B-complex-back-view-600x586.png 600w, https:\/\/vikingforce.se\/wp-content\/uploads\/2024\/04\/Viking-Vitamin-B-complex-back-view-768x751.png 768w, https:\/\/vikingforce.se\/wp-content\/uploads\/2024\/04\/Viking-Vitamin-B-complex-back-view-800x782.png 800w, https:\/\/vikingforce.se\/wp-content\/uploads\/2024\/04\/Viking-Vitamin-B-complex-back-view.png 882w\" sizes=\"(max-width: 882px) 100vw, 882px\" \/><\/div><\/div><\/div><\/div><div class=\"awb-swiper-button awb-swiper-button-prev\"><i class=\"awb-icon-angle-left\" aria-hidden=\"true\"><\/i><\/div><div class=\"awb-swiper-button awb-swiper-button-next\"><i class=\"awb-icon-angle-right\" aria-hidden=\"true\"><\/i><\/div><\/div><\/div><div class=\"fusion-text fusion-text-1\"><\/div><div class=\"fusion-clearfix\"><\/div><\/div><\/div><div class=\"fusion-layout-column fusion_builder_column fusion-builder-column-1 fusion_builder_column_1_2 1_2 fusion-one-half fusion-column-last\" style=\"--awb-bg-size:cover;width:48%;\"><div class=\"fusion-column-wrapper fusion-flex-column-wrapper-legacy\"><div class=\"fusion-title title fusion-title-1 fusion-sep-none fusion-title-text fusion-title-size-one title-wg\" style=\"--awb-margin-bottom:5px;\"><h1 class=\"fusion-title-heading title-heading-left\" style=\"margin:0;\"><div style=\"text-align: center;\"><span style=\"background-color: rgba(255, 255, 255, 0);\">Vitamin B Complex<\/span><\/div><\/h1><\/div><div class=\"fusion-text fusion-text-2\"><p style=\"text-align: center;\">(Kosttillskott)<\/p>\n<\/div><div class=\"fusion-text fusion-text-3\"><p class=\"subtitle-wg\" style=\"text-align: center;\">Nettovikt : 20.25 g<\/p>\n<p class=\"subtitle-wg\" style=\"text-align: center;\">45 Tabletter<\/p>\n<\/div><div class=\"fusion-clearfix\"><\/div><\/div><\/div><\/div><\/div><div class=\"fusion-fullwidth fullwidth-box fusion-builder-row-2 nonhundred-percent-fullwidth non-hundred-percent-height-scrolling\" style=\"--awb-background-position:left top;--awb-border-radius-top-left:0px;--awb-border-radius-top-right:0px;--awb-border-radius-bottom-right:0px;--awb-border-radius-bottom-left:0px;--awb-padding-top:20px;--awb-padding-bottom:20px;--awb-border-sizes-top:0px;--awb-border-sizes-bottom:0px;--awb-flex-wrap:wrap;\" ><div class=\"fusion-builder-row fusion-row\"><div class=\"fusion-layout-column fusion_builder_column fusion-builder-column-2 fusion_builder_column_1_1 1_1 fusion-one-full fusion-column-first fusion-column-last\" style=\"--awb-bg-size:cover;\"><div class=\"fusion-column-wrapper fusion-flex-column-wrapper-legacy\"><div class=\"fusion-text fusion-text-4\"><p><b style=\"color: #720202;\">VITAMIN B-KOMPLEX<\/b><\/p>\n<p>Produkten inneh\u00e5ller en upps\u00e4ttning B-vitaminer. Vitaminer B6, B12, biotin, niacin och <span style=\"background-color: rgba(255, 255, 255, 0); f\u00e4rg: var(--body_typography-color); font-family: var(--body_typography- font-family); font-size: var(--body_typography-font-size); ); bokstavsmellanrum: var(--body_typography-letter-spacing);\">tiamin st\u00f6der uppr\u00e4tth\u00e5llandet av normala psykologiska funktioner. Vita<\/span><span style=\"background-color: rgba(255, 255, 255, 0); f\u00e4rg: var(--body_typography-color); font-family: var(--body_typography-font-family) ; font-size: var(--body_typography-font-size: var(--body_typography-font-weight: var(--body_typography-font-weight); mellanrum: var(--body_typography-letter-spacing);\">minst B6, B12, folsyra, pantotensyra, niacin och ribo avin bidrar till <\/span><span style=\"background-color: rgba(255, 255) , 255, 0); f\u00e4rg: var(--kroppstypografi-typsnittstyp); : var(--body_typography-font-style,normal: var(--body_typography-font-weight): var(--body_typography-letter-spacing);\">minskningen av tr\u00f6tthet); och tr\u00f6tthet. Pantotensyra hj\u00e4lper till att underh\u00e5lla <\/span><span style=\"background-color: rgba(255, 255, 255, 0); color: var(--body_typography-color); font-family: var(--body_typography-font -familj); ; letter-spacing: var(--body_typography-letter-spacing);\">mental prestation p\u00e5 r\u00e4tt niv\u00e5. Biotin st\u00f6der underh\u00e5llet av <\/span><span style=\"background-color: rgba(255, 255, 255, 0); color: var(--body_typography-color); font-family: var(--body_typography- font-family); font-size: var(--body_typography-font-size); ); Letter-spacing: var(--body_typography-letter-spacing);\">den r\u00e4tta makron\u00e4ringsmetabolismen, friskt h\u00e5r och hud.<\/span><\/p>\n<\/div><div class=\"fusion-clearfix\"><\/div><\/div><\/div><\/div><\/div><div class=\"fusion-fullwidth fullwidth-box fusion-builder-row-3 hundred-percent-fullwidth non-hundred-percent-height-scrolling\" style=\"--awb-border-radius-top-left:0px;--awb-border-radius-top-right:0px;--awb-border-radius-bottom-right:0px;--awb-border-radius-bottom-left:0px;--awb-overflow:visible;--awb-flex-wrap:wrap;\" ><div class=\"fusion-builder-row fusion-row\"><div class=\"fusion-layout-column fusion_builder_column fusion-builder-column-3 fusion_builder_column_1_2 1_2 fusion-one-half fusion-column-first\" style=\"--awb-bg-size:cover;width:48%; margin-right: 4%;\"><div class=\"fusion-column-wrapper fusion-flex-column-wrapper-legacy\"><div class=\"fusion-text fusion-text-5\"><p style=\"color: #720606;\"><b>Anvisningar f\u00f6r anv\u00e4ndning:<\/b><\/p>\n<p>1 tablett. \u00d6verskrid inte den rekommenderade dagliga <span style=\"background-color: rgba(255, 255, 255, 0); color: var(--body_typography-color); font-family: var(--body_typography-font-family); font-size: var(--body_typography-font-size); font-style: var(--body_typography-font-style,normal); font-weight: var(--body_typography-font-weight); letter-spacing: var(--body_typography-letter-spacing);\">dosen. Kosttillskott b\u00f6r inte anv\u00e4ndas som ett alternativ till en varierad kost.<\/span><\/p>\n<p><span style=\"color: #720606;\"><b style=\"color: #720606;\">B\u00c4ST <\/b><\/span><span style=\"background-color: rgba(255, 255, 255, 0); color: var(--body_typography-color); font-family: var(--body_typography-font-family); font-size: var(--body_typography-font-size); font-style: var(--body_typography-font-style,normal); letter-spacing: var(--body_typography-letter-spacing);\"><span style=\"color: #720606;\"><b style=\"color: #720606;\">F\u00d6RE:<\/b><\/span><span style=\"font-weight: var(--body_typography-font-weight);\"> Datum och batchnummer anges p\u00e5 etikettens undersida.<\/span><\/span><\/p>\n<p><span style=\"background-color: rgba(255, 255, 255, 0); color: var(--body_typography-color); font-family: var(--body_typography-font-family); font-size: var(--body_typography-font-size); font-style: var(--body_typography-font-style,normal); letter-spacing: var(--body_typography-letter-spacing);\"><b style=\"color: #720606;\">F\u00d6RVARING:<\/b><\/span><span style=\"background-color: rgba(255, 255, 255, 0); color: var(--body_typography-color); font-family: var(--body_typography-font-family); font-size: var(--body_typography-font-size); font-style: var(--body_typography-font-style,normal); font-weight: var(--body_typography-font-weight); letter-spacing: var(--body_typography-letter-spacing);\"> F\u00f6rvaras i rumstemperatur, p\u00e5 en torr plats, i sluten f\u00f6rpackning, utom r\u00e4ckh\u00e5ll f\u00f6r sm\u00e5<\/span><\/p>\n<p class=\"subtitle-vit\"><span style=\"background-color: rgba(255, 255, 255, 0); color: #720606; font-family: var(--body_typography-font-family); font-size: var(--body_typography-font-size); font-style: var(--body_typography-font-style,normal); letter-spacing: var(--body_typography-letter-spacing);\">Ingredienser:<\/span><\/p>\n<p>Fyllnadsmedel: sorbitoler, vitaminer (nikotinamid, kalcium<span style=\"background-color: rgba(255, 255, 255, 0); color: var(--body_typography-color); font-family: var(--body_typography-font-family); font-size: var(--body_typography-font-size); font-style: var(--body_typography-font-style,normal); font-weight: var(--body_typography-font-weight); letter-spacing: var(--body_typography-letter-spacing);\">D-pantotenat, pyridoxinhydroklorid, tiaminmononitrat, riboflavin, <\/span><span style=\"background-color: rgba(255, 255, 255, 0); color: var(--body_typography-color); font-family: var(--body_typography-font-family); font-size: var(--body_typography-font-size); font-style: var(--body_typography-font-style,normal); font-weight: var(--body_typography-font-weight); letter-spacing: var(--body_typography-letter-spacing);\">pteroylmonoglutaminsyra, D-biotin, cyanokobalamin), klumpf\u00f6rebyggande medel: <\/span><span style=\"background-color: rgba(255, 255, 255, 0); color: var(--body_typography-color); font-family: var(--body_typography-font-family); font-size: var(--body_typography-font-size); font-style: var(--body_typography-font-style,normal); font-weight: var(--body_typography-font-weight); letter-spacing: var(--body_typography-letter-spacing);\">magnesiumsalter av fettsyror. Produkten kan inneh\u00e5lla derivat av: spannm\u00e5l som inneh\u00e5ller gluten, sojab\u00f6nor, mj\u00f6lk.<\/span><\/p>\n<\/div><div class=\"fusion-clearfix\"><\/div><\/div><\/div><div class=\"fusion-layout-column fusion_builder_column fusion-builder-column-4 fusion_builder_column_1_2 1_2 fusion-one-half fusion-column-last\" style=\"--awb-bg-size:cover;width:48%;\"><div class=\"fusion-column-wrapper fusion-flex-column-wrapper-legacy\"><div class=\"fusion-text fusion-text-6\"><p style=\"color: #490e02;\"><b>N\u00c4RINGSFAKTA<\/b><\/p>\n<\/div><div class=\"fusion-text fusion-text-7\"><div class=\"table-1\">\n<table class=\"tb\" width=\"100%\">\n<tbody>\n<tr class=\"table-row_border\">\n<td colspan=\"3\"><strong>N\u00c4RINGSFAKTA<\/strong><\/td>\n<td colspan=\"2\"><b>daglig portion (1 tablett)<\/b><\/td>\n<\/tr>\n<tr>\n<td colspan=\"3\">Tiamin<\/td>\n<td colspan=\"2\">3,3 mg (300 %*)<\/td>\n<\/tr>\n<tr>\n<td colspan=\"3\">Riboflavin<\/td>\n<td colspan=\"2\">4,2 mg (300 %*)<\/td>\n<\/tr>\n<tr>\n<td colspan=\"3\">Niacin<\/td>\n<td colspan=\"2\">48 mg (300 %*)<\/td>\n<\/tr>\n<tr>\n<td colspan=\"3\">Pantotensyra<\/td>\n<td colspan=\"2\">18 mg (300 %*)<\/td>\n<\/tr>\n<tr>\n<td colspan=\"3\">Vitamin B6<\/td>\n<td colspan=\"2\">4,2 mg (300 %*)<\/td>\n<\/tr>\n<tr>\n<td colspan=\"3\">Biotin<\/td>\n<td colspan=\"2\">150 \u00b5g (300 %*)<\/td>\n<\/tr>\n<tr>\n<td colspan=\"3\">Folsyra<\/td>\n<td colspan=\"2\">600 \u00b5g (300 %*)<\/td>\n<\/tr>\n<tr>\n<td colspan=\"3\">Vitamin B12<\/td>\n<td colspan=\"2\">7,5 \u00b5g (300 %*)<\/td>\n<\/tr>\n<\/tbody>\n<\/table>\n<\/div>\n<\/div><div class=\"fusion-clearfix\"><\/div><\/div><\/div><\/div><\/div><\/p>\n","protected":false},"excerpt":{"rendered":"","protected":false},"author":1,"featured_media":0,"parent":22204,"menu_order":0,"comment_status":"closed","ping_status":"closed","template":"","meta":{"footnotes":""},"class_list":["post-22192","page","type-page","status-publish","hentry"],"_links":{"self":[{"href":"https:\/\/vikingforce.se\/sv\/wp-json\/wp\/v2\/pages\/22192","targetHints":{"allow":["GET"]}}],"collection":[{"href":"https:\/\/vikingforce.se\/sv\/wp-json\/wp\/v2\/pages"}],"about":[{"href":"https:\/\/vikingforce.se\/sv\/wp-json\/wp\/v2\/types\/page"}],"author":[{"embeddable":true,"href":"https:\/\/vikingforce.se\/sv\/wp-json\/wp\/v2\/users\/1"}],"replies":[{"embeddable":true,"href":"https:\/\/vikingforce.se\/sv\/wp-json\/wp\/v2\/comments?post=22192"}],"version-history":[{"count":7,"href":"https:\/\/vikingforce.se\/sv\/wp-json\/wp\/v2\/pages\/22192\/revisions"}],"predecessor-version":[{"id":23470,"href":"https:\/\/vikingforce.se\/sv\/wp-json\/wp\/v2\/pages\/22192\/revisions\/23470"}],"up":[{"embeddable":true,"href":"https:\/\/vikingforce.se\/sv\/wp-json\/wp\/v2\/pages\/22204"}],"wp:attachment":[{"href":"https:\/\/vikingforce.se\/sv\/wp-json\/wp\/v2\/media?parent=22192"}],"curies":[{"name":"wp","href":"https:\/\/api.w.org\/{rel}","templated":true}]}}