{"id":21758,"date":"2024-03-04T10:41:11","date_gmt":"2024-03-04T10:41:11","guid":{"rendered":"https:\/\/vikingforce.se\/gold-line\/gold-glutamine\/"},"modified":"2025-05-14T14:47:20","modified_gmt":"2025-05-14T14:47:20","slug":"gold-glutamine","status":"publish","type":"page","link":"https:\/\/vikingforce.se\/sv\/gold-line\/gold-glutamine\/","title":{"rendered":"GOLD GLUTAMINE"},"content":{"rendered":"<p><div class=\"fusion-fullwidth fullwidth-box fusion-builder-row-1 hundred-percent-fullwidth non-hundred-percent-height-scrolling fusion-equal-height-columns\" style=\"--awb-background-position:left top;--awb-border-color:#f6f6f6;--awb-border-radius-top-left:0px;--awb-border-radius-top-right:0px;--awb-border-radius-bottom-right:0px;--awb-border-radius-bottom-left:0px;--awb-padding-top:1px;--awb-padding-right:0px;--awb-padding-bottom:30px;--awb-padding-left:0px;--awb-background-color:#fff;--awb-border-sizes-top:0px;--awb-border-sizes-bottom:0px;--awb-flex-wrap:wrap;\" ><div class=\"fusion-builder-row fusion-row\"><div class=\"fusion-layout-column fusion_builder_column fusion-builder-column-0 fusion_builder_column_1_2 1_2 fusion-one-half fusion-column-first\" style=\"--awb-bg-size:cover;width:48%; margin-right: 4%;\"><div class=\"fusion-column-wrapper fusion-flex-column-wrapper-legacy\"><div class=\"fusion-image-carousel fusion-image-carousel-auto fusion-image-carousel-1 fusion-carousel-border\"><div class=\"awb-carousel awb-swiper awb-swiper-carousel awb-swiper-dots-position-bottom awb-carousel--carousel\" data-layout=\"carousel\" data-autoplay=\"no\" data-autoplayspeed=\"2500\" data-autoplaypause=\"no\" data-columns=\"1\" data-itemmargin=\"13\" data-itemwidth=\"180\" data-touchscroll=\"no\" data-freemode=\"no\" data-imagesize=\"auto\" data-scrollitems=\"0\" data-centeredslides=\"no\" data-rotationangle=\"50\" data-depth=\"100\" data-speed=\"500\" data-shadow=\"no\" style=\"--awb-columns:1;--awb-border-width:1px;--awb-border-color:#e9eaee;\"><div class=\"swiper-wrapper awb-image-carousel-wrapper fusion-flex-align-items-center\"><div class=\"swiper-slide\"><div class=\"fusion-carousel-item-wrapper\"><div class=\"fusion-image-wrapper hover-type-none\"><img decoding=\"async\" width=\"1400\" height=\"1400\" src=\"https:\/\/vikingforce.se\/wp-content\/uploads\/2024\/03\/VIKING-GOLD-GLUTAMINE-blueberry-Current-View.png\" class=\"attachment-full size-full\" alt=\"\" srcset=\"https:\/\/vikingforce.se\/wp-content\/uploads\/2024\/03\/VIKING-GOLD-GLUTAMINE-blueberry-Current-View-66x66.png 66w, https:\/\/vikingforce.se\/wp-content\/uploads\/2024\/03\/VIKING-GOLD-GLUTAMINE-blueberry-Current-View-150x150.png 150w, https:\/\/vikingforce.se\/wp-content\/uploads\/2024\/03\/VIKING-GOLD-GLUTAMINE-blueberry-Current-View-200x200.png 200w, https:\/\/vikingforce.se\/wp-content\/uploads\/2024\/03\/VIKING-GOLD-GLUTAMINE-blueberry-Current-View-300x300.png 300w, https:\/\/vikingforce.se\/wp-content\/uploads\/2024\/03\/VIKING-GOLD-GLUTAMINE-blueberry-Current-View-400x400.png 400w, https:\/\/vikingforce.se\/wp-content\/uploads\/2024\/03\/VIKING-GOLD-GLUTAMINE-blueberry-Current-View-600x600.png 600w, https:\/\/vikingforce.se\/wp-content\/uploads\/2024\/03\/VIKING-GOLD-GLUTAMINE-blueberry-Current-View-768x768.png 768w, https:\/\/vikingforce.se\/wp-content\/uploads\/2024\/03\/VIKING-GOLD-GLUTAMINE-blueberry-Current-View-800x800.png 800w, https:\/\/vikingforce.se\/wp-content\/uploads\/2024\/03\/VIKING-GOLD-GLUTAMINE-blueberry-Current-View-1024x1024.png 1024w, https:\/\/vikingforce.se\/wp-content\/uploads\/2024\/03\/VIKING-GOLD-GLUTAMINE-blueberry-Current-View-1200x1200.png 1200w, https:\/\/vikingforce.se\/wp-content\/uploads\/2024\/03\/VIKING-GOLD-GLUTAMINE-blueberry-Current-View.png 1400w\" sizes=\"(max-width: 1400px) 100vw, 1400px\" \/><\/div><\/div><\/div><div class=\"swiper-slide\"><div class=\"fusion-carousel-item-wrapper\"><div class=\"fusion-image-wrapper hover-type-none\"><img decoding=\"async\" width=\"1400\" height=\"1400\" src=\"https:\/\/vikingforce.se\/wp-content\/uploads\/2024\/03\/VIKING-GOLD-GLUTAMINE-mojito-Current-View.png\" class=\"attachment-full size-full\" alt=\"\" srcset=\"https:\/\/vikingforce.se\/wp-content\/uploads\/2024\/03\/VIKING-GOLD-GLUTAMINE-mojito-Current-View-66x66.png 66w, https:\/\/vikingforce.se\/wp-content\/uploads\/2024\/03\/VIKING-GOLD-GLUTAMINE-mojito-Current-View-150x150.png 150w, https:\/\/vikingforce.se\/wp-content\/uploads\/2024\/03\/VIKING-GOLD-GLUTAMINE-mojito-Current-View-200x200.png 200w, https:\/\/vikingforce.se\/wp-content\/uploads\/2024\/03\/VIKING-GOLD-GLUTAMINE-mojito-Current-View-300x300.png 300w, https:\/\/vikingforce.se\/wp-content\/uploads\/2024\/03\/VIKING-GOLD-GLUTAMINE-mojito-Current-View-400x400.png 400w, https:\/\/vikingforce.se\/wp-content\/uploads\/2024\/03\/VIKING-GOLD-GLUTAMINE-mojito-Current-View-600x600.png 600w, https:\/\/vikingforce.se\/wp-content\/uploads\/2024\/03\/VIKING-GOLD-GLUTAMINE-mojito-Current-View-768x768.png 768w, https:\/\/vikingforce.se\/wp-content\/uploads\/2024\/03\/VIKING-GOLD-GLUTAMINE-mojito-Current-View-800x800.png 800w, https:\/\/vikingforce.se\/wp-content\/uploads\/2024\/03\/VIKING-GOLD-GLUTAMINE-mojito-Current-View-1024x1024.png 1024w, https:\/\/vikingforce.se\/wp-content\/uploads\/2024\/03\/VIKING-GOLD-GLUTAMINE-mojito-Current-View-1200x1200.png 1200w, https:\/\/vikingforce.se\/wp-content\/uploads\/2024\/03\/VIKING-GOLD-GLUTAMINE-mojito-Current-View.png 1400w\" sizes=\"(max-width: 1400px) 100vw, 1400px\" \/><\/div><\/div><\/div><\/div><div class=\"awb-swiper-button awb-swiper-button-prev\"><i class=\"awb-icon-angle-left\" aria-hidden=\"true\"><\/i><\/div><div class=\"awb-swiper-button awb-swiper-button-next\"><i class=\"awb-icon-angle-right\" aria-hidden=\"true\"><\/i><\/div><\/div><\/div><div class=\"fusion-text fusion-text-1\"><\/div><div class=\"fusion-clearfix\"><\/div><\/div><\/div><div class=\"fusion-layout-column fusion_builder_column fusion-builder-column-1 fusion_builder_column_1_2 1_2 fusion-one-half fusion-column-last\" style=\"--awb-bg-size:cover;width:48%;\"><div class=\"fusion-column-wrapper fusion-flex-column-wrapper-legacy\"><div class=\"fusion-sep-clear\"><\/div><div class=\"fusion-separator fusion-full-width-sep\" style=\"margin-left: auto;margin-right: auto;margin-top:30px;width:100%;\"><\/div><div class=\"fusion-sep-clear\"><\/div><div class=\"fusion-title title fusion-title-1 fusion-sep-none fusion-title-text fusion-title-size-one title-wg\" style=\"--awb-margin-bottom:5px;\"><h1 class=\"fusion-title-heading title-heading-left\" style=\"margin:0;\"><div style=\"text-align: center;\"><span style=\"font-size: var(--h1_typography-font-size); font-style: var(--h1_typography-font-style,normal); font-weight: var(--h1_typography-font-weight); letter-spacing: var(--h1_typography-letter-spacing);\">GOLD GLUTAMINE<\/span><\/div><\/h1><\/div><div class=\"fusion-text fusion-text-2\"><p style=\"text-align: center;\">(Kosttillskott)<\/p>\n<\/div><div class=\"fusion-text fusion-text-3\"><p class=\"subtitle-wg\" style=\"text-align: center;\">Nettovikt: 300 g<\/p>\n<p class=\"subtitle-wg\" style=\"text-align: center;\">Portioner\/Beh\u00e5llare: 60<\/p>\n<\/div><div class=\"fusion-clearfix\"><\/div><\/div><\/div><\/div><\/div><div class=\"fusion-fullwidth fullwidth-box fusion-builder-row-2 nonhundred-percent-fullwidth non-hundred-percent-height-scrolling\" style=\"--awb-border-color:#f6f6f6;--awb-border-radius-top-left:0px;--awb-border-radius-top-right:0px;--awb-border-radius-bottom-right:0px;--awb-border-radius-bottom-left:0px;--awb-padding-top:10px;--awb-padding-right:0px;--awb-padding-bottom:0px;--awb-padding-left:0px;--awb-background-color:#fff;--awb-border-sizes-top:0px;--awb-border-sizes-bottom:0px;--awb-flex-wrap:wrap;\" ><div class=\"fusion-builder-row fusion-row\"><div class=\"fusion-layout-column fusion_builder_column fusion-builder-column-2 fusion_builder_column_2_5 2_5 fusion-two-fifth fusion-column-first\" style=\"--awb-bg-size:cover;width:37.6%; margin-right: 4%;\"><div class=\"fusion-column-wrapper fusion-column-has-shadow fusion-flex-column-wrapper-legacy\"><div class=\"fusion-text fusion-text-4\"><p class=\"subtitle-st\">Smaker : <span style=\"color: #747474;\"><span style=\"font-weight: 400;\">Bl\u00e5b\u00e4r, Mojito<\/span><\/span><\/p>\n<p class=\"subtitle-st\">Anvisningar<span style=\"color: #e47822;\"> f\u00f6r anv\u00e4ndning:<\/span><\/p>\n<p>Blanda 5 gram pulver (1 r\u00e5gad skopa) med 150 \u2013 200 ml vatten i en shaker och skaka i 30 sekunder. Konsumera en portion dagligen.<\/p>\n<p style=\"color: #e47822;\"><b>Ingredienser:<\/b><\/p>\n<p style=\"color: #e47822;\">-f\u00f6r Bl\u00e5b\u00e4rssmak<\/p>\n<p><span style=\"color: var(--body_typography-color); font-family: var(--body_typography-font-family); font-size: var(--body_typography-font-size); font-style: var(--body_typography-font-style,normal); font-weight: var(--body_typography-font-weight); letter-spacing: var(--body_typography-letter-spacing);\">L-Glutamin, Maltodextrin, Surhetsreglerande medel (citronsyra), smak\u00e4mne, f\u00e4rg\u00e4mne (spirulinabl\u00e5), s\u00f6tningsmedel (sukralos, acesulfam K).<\/span><\/p>\n<p style=\"color: #e47822;\">-f\u00f6r Mojitosmak<\/p>\n<p>L-Glutamin, Maltodextrin, Surhetsreglerande medel (citronsyra), smak\u00e4mne, f\u00e4rg\u00e4mne (koppar<span style=\"color: var(--body_typography-color); font-family: var(--body_typography-font-family); font-size: var(--body_typography-font-size); font-style: var(--body_typography-font-style,normal); font-weight: var(--body_typography-font-weight); letter-spacing: var(--body_typography-letter-spacing);\">klorofyllin), s\u00f6tningsmedel (sukralos, acesulfam K).<\/span><br \/>\n<span style=\"color: #e47822; font-weight: bold; font-family: var(--body_typography-font-family); font-size: var(--body_typography-font-size); font-style: var(--body_typography-font-style,normal); letter-spacing: var(--body_typography-letter-spacing);\">Viktig Information:<\/span><\/p>\n<p>Denna produkt \u00e4r ett kosttillskott. Anv\u00e4nd denna produkt i kombination med mat som en del av en h\u00e4lsosam, balanserad kost, inte som en ers\u00e4ttning f\u00f6r s\u00e5dan. F\u00f6rvara utom r\u00e4ckh\u00e5ll f\u00f6r barn. Den \u00e4r avsedd f\u00f6r endast personer 18 \u00e5r eller \u00e4ldre. Ej avsedd f\u00f6r anv\u00e4ndning av gravida eller ammande kvinnor! \u00d6verskrid inte den rekommenderade dagliga dosen.<\/p>\n<p>F\u00f6rvara p\u00e5 en sval, torr plats. Uts\u00e4tt inte f\u00f6r \u00f6verdriven v\u00e4rme, fukt eller solljus. B\u00e4st f\u00f6re utg\u00e5ngsdatumet som st\u00e5r skrivet p\u00e5 f\u00f6rpackningen.<\/p>\n<p><b style=\"color: #e47822;\">Allergiinformation :<\/b><\/p>\n<p>Inneh\u00e5ller sp\u00e5r av mj\u00f6lk, soja, \u00e4gg och vete (gluten).<b style=\"color: #e47822;\"><br \/>\n<\/b><\/p>\n<\/div><div class=\"fusion-clearfix\"><\/div><\/div><\/div><div class=\"fusion-layout-column fusion_builder_column fusion-builder-column-3 fusion_builder_column_3_5 3_5 fusion-three-fifth fusion-column-last\" style=\"--awb-bg-size:cover;width:58.4%;\"><div class=\"fusion-column-wrapper fusion-flex-column-wrapper-legacy\"><div class=\"fusion-text fusion-text-5\"><p class=\"subtitle-st\">N\u00c4RINGSFAKTA<\/p>\n<\/div><div class=\"fusion-text fusion-text-6\"><div class=\"table-1\">\n<table class=\"tb\" width=\"100%\">\n<tbody>\n<tr class=\"table-row_border\">\n<td colspan=\"3\"><strong>Portioner per beh\u00e5llare: 60<br \/>\n<\/strong><\/p>\n<p><b>Portionsstorlek: 5 g<\/b><strong><br \/>\n<\/strong><\/td>\n<td><b>5 g<\/b><\/td>\n<td><b>100 g<\/b><\/td>\n<\/tr>\n<tr>\n<td colspan=\"3\">Energiv\u00e4rde<\/td>\n<td>78,0 kJ \/ 18,7 kcal<\/td>\n<td>1560,0 kJ \/ 373,2 kcal<\/td>\n<\/tr>\n<tr>\n<td colspan=\"3\">Fetter<\/td>\n<td>0,0 g<\/td>\n<td>0,0 g<\/td>\n<\/tr>\n<tr>\n<td colspan=\"3\">Kolhydrater<\/td>\n<td>0,67 g<\/td>\n<td>13,3 g<\/td>\n<\/tr>\n<tr>\n<td colspan=\"3\"><i>-varav Socker<\/i><\/td>\n<td>0,05 g<\/td>\n<td>0,97 g<\/td>\n<\/tr>\n<tr>\n<td colspan=\"3\">Proteiner (som fria aminosyror)<\/td>\n<td>4 g<\/td>\n<td>80 g<\/td>\n<\/tr>\n<tr>\n<td colspan=\"3\">L-Glutamin<\/td>\n<td>4000 mg<\/td>\n<td>80000 g<\/td>\n<\/tr>\n<\/tbody>\n<\/table>\n<\/div>\n<\/div><div class=\"fusion-clearfix\"><\/div><\/div><\/div><\/div><\/div><\/p>\n","protected":false},"excerpt":{"rendered":"","protected":false},"author":1,"featured_media":0,"parent":21546,"menu_order":0,"comment_status":"closed","ping_status":"closed","template":"","meta":{"footnotes":""},"class_list":["post-21758","page","type-page","status-publish","hentry"],"_links":{"self":[{"href":"https:\/\/vikingforce.se\/sv\/wp-json\/wp\/v2\/pages\/21758","targetHints":{"allow":["GET"]}}],"collection":[{"href":"https:\/\/vikingforce.se\/sv\/wp-json\/wp\/v2\/pages"}],"about":[{"href":"https:\/\/vikingforce.se\/sv\/wp-json\/wp\/v2\/types\/page"}],"author":[{"embeddable":true,"href":"https:\/\/vikingforce.se\/sv\/wp-json\/wp\/v2\/users\/1"}],"replies":[{"embeddable":true,"href":"https:\/\/vikingforce.se\/sv\/wp-json\/wp\/v2\/comments?post=21758"}],"version-history":[{"count":13,"href":"https:\/\/vikingforce.se\/sv\/wp-json\/wp\/v2\/pages\/21758\/revisions"}],"predecessor-version":[{"id":23481,"href":"https:\/\/vikingforce.se\/sv\/wp-json\/wp\/v2\/pages\/21758\/revisions\/23481"}],"up":[{"embeddable":true,"href":"https:\/\/vikingforce.se\/sv\/wp-json\/wp\/v2\/pages\/21546"}],"wp:attachment":[{"href":"https:\/\/vikingforce.se\/sv\/wp-json\/wp\/v2\/media?parent=21758"}],"curies":[{"name":"wp","href":"https:\/\/api.w.org\/{rel}","templated":true}]}}