{"id":21598,"date":"2024-02-06T09:17:37","date_gmt":"2024-02-06T09:17:37","guid":{"rendered":"https:\/\/vikingforce.se\/fury-line\/fury-whey-amino\/"},"modified":"2025-06-13T14:07:27","modified_gmt":"2025-06-13T14:07:27","slug":"fury-whey-amino","status":"publish","type":"page","link":"https:\/\/vikingforce.se\/sv\/fury-line\/fury-whey-amino\/","title":{"rendered":"FURY WHEY AMINO"},"content":{"rendered":"<p><div class=\"fusion-fullwidth fullwidth-box fusion-builder-row-1 nonhundred-percent-fullwidth non-hundred-percent-height-scrolling\" style=\"--awb-background-position:center top;--awb-border-color:#f6f6f6;--awb-border-radius-top-left:0px;--awb-border-radius-top-right:0px;--awb-border-radius-bottom-right:0px;--awb-border-radius-bottom-left:0px;--awb-padding-top:1px;--awb-padding-right:0px;--awb-padding-bottom:30px;--awb-padding-left:0px;--awb-background-color:#fff;--awb-border-sizes-top:1px;--awb-border-sizes-bottom:1px;--awb-flex-wrap:wrap;\" ><div class=\"fusion-builder-row fusion-row\"><div class=\"fusion-layout-column fusion_builder_column fusion-builder-column-0 fusion_builder_column_1_2 1_2 fusion-one-half fusion-column-first\" style=\"--awb-bg-size:cover;width:48%; margin-right: 4%;\"><div class=\"fusion-column-wrapper fusion-flex-column-wrapper-legacy\"><div class=\"fusion-sep-clear\"><\/div><div class=\"fusion-separator fusion-full-width-sep\" style=\"margin-left: auto;margin-right: auto;margin-top:60px;width:100%;\"><\/div><div class=\"fusion-sep-clear\"><\/div><div class=\"fusion-text fusion-text-1\"><p><a href=\"https:\/\/vikingforce.se\/wp-content\/uploads\/2024\/01\/FURY-WHEY-AMINO-CHOCOLATE.png\"><img decoding=\"async\" class=\"size-full wp-image-21363\" src=\"https:\/\/vikingforce.se\/wp-content\/uploads\/2024\/01\/FURY-WHEY-AMINO-CHOCOLATE.png\" alt=\"\" width=\"600\" height=\"600\" srcset=\"https:\/\/vikingforce.se\/wp-content\/uploads\/2024\/01\/FURY-WHEY-AMINO-CHOCOLATE-66x66.png 66w, https:\/\/vikingforce.se\/wp-content\/uploads\/2024\/01\/FURY-WHEY-AMINO-CHOCOLATE-150x150.png 150w, https:\/\/vikingforce.se\/wp-content\/uploads\/2024\/01\/FURY-WHEY-AMINO-CHOCOLATE-200x200.png 200w, https:\/\/vikingforce.se\/wp-content\/uploads\/2024\/01\/FURY-WHEY-AMINO-CHOCOLATE-300x300.png 300w, https:\/\/vikingforce.se\/wp-content\/uploads\/2024\/01\/FURY-WHEY-AMINO-CHOCOLATE-400x400.png 400w, https:\/\/vikingforce.se\/wp-content\/uploads\/2024\/01\/FURY-WHEY-AMINO-CHOCOLATE.png 600w\" sizes=\"(max-width: 600px) 100vw, 600px\" \/><\/a><\/p>\n<p>\n<\/div><div class=\"fusion-clearfix\"><\/div><\/div><\/div><div class=\"fusion-layout-column fusion_builder_column fusion-builder-column-1 fusion_builder_column_1_2 1_2 fusion-one-half fusion-column-last\" style=\"--awb-bg-size:cover;width:48%;\"><div class=\"fusion-column-wrapper fusion-flex-column-wrapper-legacy\"><div class=\"fusion-title title fusion-title-1 fusion-sep-none fusion-title-text fusion-title-size-one title-wg\" style=\"--awb-margin-bottom:5px;\"><h1 class=\"fusion-title-heading title-heading-left\" style=\"margin:0;\"><div style=\"text-align: center;\"><strong style=\"font-size: var(--h1_typography-font-size); font-style: var(--h1_typography-font-style,normal); letter-spacing: var(--h1_typography-letter-spacing);\">FURY WHEY AMINO<\/strong><\/div>\n<p><\/p>\n<div style=\"text-align: center;\">(smaksatt)<\/div><\/h1><\/div><div class=\"fusion-text fusion-text-2\"><p style=\"text-align: center;\">(Kosttillskott)<\/p>\n<\/div><div class=\"fusion-text fusion-text-3\"><p class=\"subtitle-wg\" style=\"text-align: center;\">Nettovikt:<strong> 450 g<\/strong><br \/>\n300 Tabletter<\/p>\n<\/div><div class=\"fusion-clearfix\"><\/div><\/div><\/div><\/div><\/div><div class=\"fusion-fullwidth fullwidth-box fusion-builder-row-2 nonhundred-percent-fullwidth non-hundred-percent-height-scrolling\" style=\"--awb-border-color:#f6f6f6;--awb-border-radius-top-left:0px;--awb-border-radius-top-right:0px;--awb-border-radius-bottom-right:0px;--awb-border-radius-bottom-left:0px;--awb-padding-top:10px;--awb-padding-right:0px;--awb-padding-bottom:0px;--awb-padding-left:0px;--awb-background-color:#fff;--awb-border-sizes-top:0px;--awb-border-sizes-bottom:0px;--awb-flex-wrap:wrap;\" ><div class=\"fusion-builder-row fusion-row\"><div class=\"fusion-layout-column fusion_builder_column fusion-builder-column-2 fusion_builder_column_1_2 1_2 fusion-one-half fusion-column-first\" style=\"--awb-bg-size:cover;width:48%; margin-right: 4%;\"><div class=\"fusion-column-wrapper fusion-flex-column-wrapper-legacy\"><div class=\"fusion-text fusion-text-4\"><p class=\"subtitle-wg\">FURY WHEY AMINO <span style=\"color: var(--body_typography-color); font-family: var(--body_typography-font-family); font-size: var(--body_typography-font-size); font-style: var(--body_typography-font-style,normal); font-weight: var(--body_typography-font-weight); letter-spacing: var(--body_typography-letter-spacing);\">levererar ett komplett spektrum av essentiella och icke-essentiella aminosyror i form av goda tuggtabletter. H\u00e4rstammar fr\u00e5n en blandning av vassleprotein och vasslepeptider, Viking Amino Whey \u00e4r f\u00f6rst\u00e4rkt med ytterligare grenade aminosyror f\u00f6r att ge dig 3 g protein per portion.<\/span><\/p>\n<ul>\n<li>300 goda tuggtabletter<\/li>\n<li>H\u00e4rstammar fr\u00e5n h\u00f6gkvalitativt vassleprotein<\/li>\n<li>Komplett och optimalt aminogram<\/li>\n<\/ul>\n<p class=\"subtitle-wg\">Smaker: <span style=\"font-weight: 400;\">Choklad, Vanilj<\/span><\/p>\n<\/p>\n<p class=\"subtitle-wg\">Anvisningar f\u00f6r anv\u00e4ndning:<\/p>\n<p>Ta 1 portion (3 tabletter) 1 till 3 g\u00e5nger dagligen. Konsumera mellan m\u00e5ltider, 30-45 minuter f\u00f6re tr\u00e4ningspass och\/eller omedelbart efter tr\u00e4ningspass.<\/p>\n<p class=\"subtitle-wg\">Ingredienser:<\/p>\n<\/p>\n<p class=\"subtitle-wg\">-f\u00f6r chokladsmak :<\/p>\n<p><span style=\"color: var(--body_typography-color); font-family: var(--body_typography-font-family); font-size: var(--body_typography-font-size); font-style: var(--body_typography-font-style,normal); font-weight: var(--body_typography-font-weight); letter-spacing: var(--body_typography-letter-spacing);\"><u>Vassle<\/u> Proteinkoncentrat, <u>Vassle<\/u> Proteinisolat, L\u00e5gfett kakaopulver, BCAA &#8211; Grenade aminosyror (L-Leucin, L-Valin, L-Isoleucin), Fyllnadsmedel (Mikrokristallin cellulosa, Dikalciumfosfat), Antiklumpningsmedel (Magnesiumstearat, Kiseldioxid, Hydrogenerad bomullsfr\u00f6olja), Aromer, S\u00f6tningsmedel (Sukralos, Acesulfam K), \u00d6verdragsmedel (Polyvinylalkohol, Polyetylenglykol, Talk).<\/span><\/p>\n<p class=\"subtitle-wg\">-f\u00f6r vaniljsmak :<\/p>\n<p><u>Vassle<\/u> Proteinkoncentrat, <u>Vassle<\/u> Proteinisolat, BCAA &#8211; Grenade aminosyror (L-Leucin, L-Valin, L-Isoleucin), Fyllnadsmedel (Mikrokristallin cellulosa, Dikalciumfosfat), Antiklumpningsmedel (Magnesiumstearat, Kiseldioxid, Hydrogenerad bomullsfr\u00f6olja), Aromer, S\u00f6tningsmedel (Sukralos, Acesulfam K), \u00d6verdragsmedel (Polyvinylalkohol, Polyetylenglykol, Talk).<\/p>\n<p><span style=\"color: #050607; font-weight: bold; font-family: var(--body_typography-font-family); font-size: var(--body_typography-font-size); font-style: var(--body_typography-font-style,normal); letter-spacing: var(--body_typography-letter-spacing);\">Allergiinformation:<\/span><\/p>\n<p>Inneh\u00e5ller mj\u00f6lk. Tillverkas i en anl\u00e4ggning som ocks\u00e5 bearbetar \u00e4gg, soja och veteprotein!<\/p>\n<p class=\"subtitle-wg\">Viktig information:<\/p>\n<p>Denna produkt \u00e4r ett kosttillskott. Anv\u00e4nd denna produkt tillsammans med mat som en del av en h\u00e4lsosam och balanserad diet, inte som en ers\u00e4ttning f\u00f6r en s\u00e5dan. F\u00f6rvaras utom r\u00e4ckh\u00e5ll f\u00f6r barn. Inte avsedd f\u00f6r anv\u00e4ndning av barn och gravida eller ammande kvinnor! \u00d6verskrid inte den rekommenderade dagliga dosen.<\/p>\n<p>F\u00f6rvara p\u00e5 en sval, torr plats. Uts\u00e4tt inte f\u00f6r \u00f6verdriven v\u00e4rme, fukt eller solljus. B\u00e4st f\u00f6re utg\u00e5ngsdatumet skrivet p\u00e5 f\u00f6rpackningen.<\/p>\n<\/div><div class=\"fusion-clearfix\"><\/div><\/div><\/div><div class=\"fusion-layout-column fusion_builder_column fusion-builder-column-3 fusion_builder_column_1_2 1_2 fusion-one-half fusion-column-last\" style=\"--awb-bg-size:cover;--awb-margin-bottom:1px;width:48%;\"><div class=\"fusion-column-wrapper fusion-flex-column-wrapper-legacy\"><div class=\"fusion-text fusion-text-5\"><p class=\"subtitle-wg\">N\u00c4RINGSINNEH\u00c5LL<\/p>\n<\/div><div class=\"fusion-text fusion-text-6\"><div class=\"table-1\">\n<table class=\"tb\" style=\"height: 371px;\" width=\"859\">\n<tbody>\n<tr>\n<td colspan=\"2\"><strong>Portioner per beh\u00e5llare: 100<\/strong><\/td>\n<td><strong>1 portion (3 tabletter = 4,5 g)<\/strong><\/td>\n<td><strong>1 portion (3 tabletter 3,6 g)<\/strong><\/td>\n<\/tr>\n<tr>\n<td colspan=\"2\">Energiv\u00e4rde<\/td>\n<td>63,8 kJ \/ 15,2 kcal<\/td>\n<td>1419,6 kJ \/ 338,0 kcal<\/td>\n<\/tr>\n<tr>\n<td colspan=\"2\">Fett<\/td>\n<td>0 g<\/td>\n<td>0 g<\/td>\n<\/tr>\n<tr>\n<td colspan=\"2\">Kolhydrater<\/td>\n<td>0,8 g<\/td>\n<td>17,8 g<\/td>\n<\/tr>\n<tr>\n<td colspan=\"2\">-varav socker<\/td>\n<td>0,8 g<\/td>\n<td>17,8 g<\/td>\n<\/tr>\n<tr>\n<td colspan=\"2\">Proteiner<\/td>\n<td>3 g<\/td>\n<td>66,7 g<\/td>\n<\/tr>\n<tr class=\"table-row_border\">\n<td colspan=\"4\"><strong>Typisk aminosyraprofil per 100 g<\/strong><\/td>\n<\/tr>\n<tr>\n<td>Leucin<\/td>\n<td>4650 mg<\/td>\n<td>Threonine<\/td>\n<td>3475 mg<\/td>\n<\/tr>\n<tr>\n<td>Isoleucin<\/td>\n<td>2400 mg<\/td>\n<td>Alanine<\/td>\n<td>2555 mg<\/td>\n<\/tr>\n<tr>\n<td>Valine<\/td>\n<td>2370 mg<\/td>\n<td>Proline<\/td>\n<td>2825 mg<\/td>\n<\/tr>\n<tr>\n<td>Asparaginsyra<\/td>\n<td>5525 mg<\/td>\n<td>Tyrosin<\/td>\n<td>1365 mg<\/td>\n<\/tr>\n<tr>\n<td>Glutaminsyra<\/td>\n<td>8050 mg<\/td>\n<td>Metionin<\/td>\n<td>1070 mg<\/td>\n<\/tr>\n<tr>\n<td>Serine<\/td>\n<td>2530 mg<\/td>\n<td>Cystein<\/td>\n<td>1165 mg<\/td>\n<\/tr>\n<tr>\n<td>Glycin<\/td>\n<td>820 mg<\/td>\n<td>Fenylalanin<\/td>\n<td>1460 mg<\/td>\n<\/tr>\n<tr>\n<td>Hystidine<\/td>\n<td>710 mg<\/td>\n<td>Lysine<\/td>\n<td>4360 mg<\/td>\n<\/tr>\n<tr>\n<td>Arginin<\/td>\n<td>925 mg<\/td>\n<td>Triptofan<\/td>\n<td>950 mg<\/td>\n<\/tr>\n<\/tbody>\n<\/table>\n<\/div>\n<\/div><div class=\"fusion-clearfix\"><\/div><\/div><\/div><\/div><\/div><\/p>\n","protected":false},"excerpt":{"rendered":"","protected":false},"author":1,"featured_media":0,"parent":21557,"menu_order":0,"comment_status":"closed","ping_status":"closed","template":"","meta":{"footnotes":""},"class_list":["post-21598","page","type-page","status-publish","hentry"],"_links":{"self":[{"href":"https:\/\/vikingforce.se\/sv\/wp-json\/wp\/v2\/pages\/21598","targetHints":{"allow":["GET"]}}],"collection":[{"href":"https:\/\/vikingforce.se\/sv\/wp-json\/wp\/v2\/pages"}],"about":[{"href":"https:\/\/vikingforce.se\/sv\/wp-json\/wp\/v2\/types\/page"}],"author":[{"embeddable":true,"href":"https:\/\/vikingforce.se\/sv\/wp-json\/wp\/v2\/users\/1"}],"replies":[{"embeddable":true,"href":"https:\/\/vikingforce.se\/sv\/wp-json\/wp\/v2\/comments?post=21598"}],"version-history":[{"count":8,"href":"https:\/\/vikingforce.se\/sv\/wp-json\/wp\/v2\/pages\/21598\/revisions"}],"predecessor-version":[{"id":23732,"href":"https:\/\/vikingforce.se\/sv\/wp-json\/wp\/v2\/pages\/21598\/revisions\/23732"}],"up":[{"embeddable":true,"href":"https:\/\/vikingforce.se\/sv\/wp-json\/wp\/v2\/pages\/21557"}],"wp:attachment":[{"href":"https:\/\/vikingforce.se\/sv\/wp-json\/wp\/v2\/media?parent=21598"}],"curies":[{"name":"wp","href":"https:\/\/api.w.org\/{rel}","templated":true}]}}