{"id":21595,"date":"2024-02-06T09:09:30","date_gmt":"2024-02-06T09:09:30","guid":{"rendered":"https:\/\/vikingforce.se\/fury-line\/fury-100-protein\/"},"modified":"2025-06-13T13:21:46","modified_gmt":"2025-06-13T13:21:46","slug":"fury-100-protein","status":"publish","type":"page","link":"https:\/\/vikingforce.se\/sv\/fury-line\/fury-100-protein\/","title":{"rendered":"fury 100% protein"},"content":{"rendered":"<p><div class=\"fusion-fullwidth fullwidth-box fusion-builder-row-1 nonhundred-percent-fullwidth non-hundred-percent-height-scrolling\" style=\"--awb-background-position:center top;--awb-border-color:#f6f6f6;--awb-border-radius-top-left:0px;--awb-border-radius-top-right:0px;--awb-border-radius-bottom-right:0px;--awb-border-radius-bottom-left:0px;--awb-padding-top:1px;--awb-padding-right:0px;--awb-padding-bottom:30px;--awb-padding-left:0px;--awb-background-color:#fff;--awb-border-sizes-top:1px;--awb-border-sizes-bottom:1px;--awb-flex-wrap:wrap;\" ><div class=\"fusion-builder-row fusion-row\"><div class=\"fusion-layout-column fusion_builder_column fusion-builder-column-0 fusion_builder_column_1_2 1_2 fusion-one-half fusion-column-first\" style=\"--awb-bg-size:cover;width:48%; margin-right: 4%;\"><div class=\"fusion-column-wrapper fusion-flex-column-wrapper-legacy\"><div class=\"fusion-sep-clear\"><\/div><div class=\"fusion-separator fusion-full-width-sep\" style=\"margin-left: auto;margin-right: auto;margin-top:60px;width:100%;\"><\/div><div class=\"fusion-sep-clear\"><\/div><div class=\"fusion-image-carousel fusion-image-carousel-auto fusion-image-carousel-1 fusion-carousel-border\"><div class=\"awb-carousel awb-swiper awb-swiper-carousel awb-swiper-dots-position-bottom awb-carousel--carousel\" data-layout=\"carousel\" data-autoplay=\"no\" data-autoplayspeed=\"2500\" data-autoplaypause=\"no\" data-columns=\"1\" data-itemmargin=\"13\" data-itemwidth=\"180\" data-touchscroll=\"no\" data-freemode=\"no\" data-imagesize=\"auto\" data-scrollitems=\"0\" data-centeredslides=\"no\" data-rotationangle=\"50\" data-depth=\"100\" data-speed=\"500\" data-shadow=\"no\" style=\"--awb-columns:1;--awb-border-width:1px;--awb-border-color:#e9eaee;\"><div class=\"swiper-wrapper awb-image-carousel-wrapper fusion-flex-align-items-center\"><div class=\"swiper-slide\"><div class=\"fusion-carousel-item-wrapper\"><div class=\"fusion-image-wrapper hover-type-zoomin\"><img decoding=\"async\" width=\"600\" height=\"600\" src=\"https:\/\/vikingforce.se\/wp-content\/uploads\/2024\/02\/fury-100-protein-raspberry.png\" class=\"attachment-full size-full\" alt=\"\" srcset=\"https:\/\/vikingforce.se\/wp-content\/uploads\/2024\/02\/fury-100-protein-raspberry-66x66.png 66w, https:\/\/vikingforce.se\/wp-content\/uploads\/2024\/02\/fury-100-protein-raspberry-150x150.png 150w, https:\/\/vikingforce.se\/wp-content\/uploads\/2024\/02\/fury-100-protein-raspberry-200x200.png 200w, https:\/\/vikingforce.se\/wp-content\/uploads\/2024\/02\/fury-100-protein-raspberry-300x300.png 300w, https:\/\/vikingforce.se\/wp-content\/uploads\/2024\/02\/fury-100-protein-raspberry-400x400.png 400w, https:\/\/vikingforce.se\/wp-content\/uploads\/2024\/02\/fury-100-protein-raspberry.png 600w\" sizes=\"(max-width: 600px) 100vw, 600px\" \/><\/div><\/div><\/div><div class=\"swiper-slide\"><div class=\"fusion-carousel-item-wrapper\"><div class=\"fusion-image-wrapper hover-type-zoomin\"><img decoding=\"async\" width=\"600\" height=\"600\" src=\"https:\/\/vikingforce.se\/wp-content\/uploads\/2024\/02\/fury-100-protein-chocol.png\" class=\"attachment-full size-full\" alt=\"\" srcset=\"https:\/\/vikingforce.se\/wp-content\/uploads\/2024\/02\/fury-100-protein-chocol-66x66.png 66w, https:\/\/vikingforce.se\/wp-content\/uploads\/2024\/02\/fury-100-protein-chocol-150x150.png 150w, https:\/\/vikingforce.se\/wp-content\/uploads\/2024\/02\/fury-100-protein-chocol-200x200.png 200w, https:\/\/vikingforce.se\/wp-content\/uploads\/2024\/02\/fury-100-protein-chocol-300x300.png 300w, https:\/\/vikingforce.se\/wp-content\/uploads\/2024\/02\/fury-100-protein-chocol-400x400.png 400w, https:\/\/vikingforce.se\/wp-content\/uploads\/2024\/02\/fury-100-protein-chocol.png 600w\" sizes=\"(max-width: 600px) 100vw, 600px\" \/><\/div><\/div><\/div><div class=\"swiper-slide\"><div class=\"fusion-carousel-item-wrapper\"><div class=\"fusion-image-wrapper hover-type-zoomin\"><img decoding=\"async\" width=\"600\" height=\"600\" src=\"https:\/\/vikingforce.se\/wp-content\/uploads\/2024\/02\/fury-1005-protein-blueberry-vanil.png\" class=\"attachment-full size-full\" alt=\"\" srcset=\"https:\/\/vikingforce.se\/wp-content\/uploads\/2024\/02\/fury-1005-protein-blueberry-vanil-66x66.png 66w, https:\/\/vikingforce.se\/wp-content\/uploads\/2024\/02\/fury-1005-protein-blueberry-vanil-150x150.png 150w, https:\/\/vikingforce.se\/wp-content\/uploads\/2024\/02\/fury-1005-protein-blueberry-vanil-200x200.png 200w, https:\/\/vikingforce.se\/wp-content\/uploads\/2024\/02\/fury-1005-protein-blueberry-vanil-300x300.png 300w, https:\/\/vikingforce.se\/wp-content\/uploads\/2024\/02\/fury-1005-protein-blueberry-vanil-400x400.png 400w, https:\/\/vikingforce.se\/wp-content\/uploads\/2024\/02\/fury-1005-protein-blueberry-vanil.png 600w\" sizes=\"(max-width: 600px) 100vw, 600px\" \/><\/div><\/div><\/div><\/div><div class=\"awb-swiper-button awb-swiper-button-prev\"><i class=\"awb-icon-angle-left\" aria-hidden=\"true\"><\/i><\/div><div class=\"awb-swiper-button awb-swiper-button-next\"><i class=\"awb-icon-angle-right\" aria-hidden=\"true\"><\/i><\/div><\/div><\/div><div class=\"fusion-text fusion-text-1\"><\/div><div class=\"fusion-clearfix\"><\/div><\/div><\/div><div class=\"fusion-layout-column fusion_builder_column fusion-builder-column-1 fusion_builder_column_1_2 1_2 fusion-one-half fusion-column-last\" style=\"--awb-bg-size:cover;width:48%;\"><div class=\"fusion-column-wrapper fusion-flex-column-wrapper-legacy\"><div class=\"fusion-title title fusion-title-1 fusion-sep-none fusion-title-text fusion-title-size-one title-wg\" style=\"--awb-margin-bottom:5px;\"><h1 class=\"fusion-title-heading title-heading-left\" style=\"margin:0;\"><div style=\"text-align: center;\">FURY100% PROTEIN<\/div><\/h1><\/div><div class=\"fusion-text fusion-text-2\"><p style=\"text-align: center;\">(Kosttillskott)<\/p>\n<\/div><div class=\"fusion-text fusion-text-3\"><p class=\"subtitle-wg\" style=\"text-align: center;\">Nettovikt: 1800 g<\/p>\n<\/p>\n<p class=\"subtitle-wg\" style=\"text-align: center;\">Portioner\/Beh\u00e5llare: 15<\/p>\n<\/div><div class=\"fusion-text fusion-text-4\"><h2 style=\"text-align: center;\"><\/h2>\n<p>\n<\/div><div class=\"fusion-sep-clear\"><\/div><div class=\"fusion-separator fusion-full-width-sep\" style=\"margin-left: auto;margin-right: auto;margin-top:10px;width:100%;\"><\/div><div class=\"fusion-sep-clear\"><\/div><div class=\"fusion-clearfix\"><\/div><\/div><\/div><\/div><\/div><div class=\"fusion-fullwidth fullwidth-box fusion-builder-row-2 nonhundred-percent-fullwidth non-hundred-percent-height-scrolling\" style=\"--awb-border-radius-top-left:0px;--awb-border-radius-top-right:0px;--awb-border-radius-bottom-right:0px;--awb-border-radius-bottom-left:0px;--awb-flex-wrap:wrap;\" ><div class=\"fusion-builder-row fusion-row\"><div class=\"fusion-layout-column fusion_builder_column fusion-builder-column-2 fusion_builder_column_1_2 1_2 fusion-one-half fusion-column-first\" style=\"--awb-bg-size:cover;width:50%;width:calc(50% - ( ( 4% ) * 0.5 ) );margin-right: 4%;\"><div class=\"fusion-column-wrapper fusion-column-has-shadow fusion-flex-column-wrapper-legacy\"><div class=\"fusion-text fusion-text-5\"><p class=\"subtitle\"><b>VIKING FURY 100% PROTEIN<\/b><\/p>\n<\/p>\n<p class=\"subtitle\"><b>Smaker<\/b>: Choklad, Bl\u00e5b\u00e4r Vanilj, Hallon<b><\/b><\/p>\n<\/p>\n<p class=\"subtitle\"><b>Anv\u00e4ndningsinstruktioner:<\/b><\/p>\n<p>Blanda 1 \u00f6verfull skopa (~35g) pulver med 150-250 ml vatten och konsumera omedelbart efter beredning.<\/p>\n<p class=\"subtitle\"><b>Ingredienser:<\/b><\/p>\n<\/p>\n<p class=\"subtitle\"><b>-f\u00f6r chokladsmak<\/b><\/p>\n<p><span style=\"color: var(--body_typography-color); font-family: var(--body_typography-font-family); font-size: var(--body_typography-font-size); font-style: var(--body_typography-font-style,normal); font-weight: var(--body_typography-font-weight); letter-spacing: var(--body_typography-letter-spacing);\">peptidbundet glutamin [fr\u00e5n hydrolyserat <u>vete<\/u>protein (<u>gluten<\/u>)], total<u>mj\u00f6lk<\/u>pulver, <u>soja<\/u>proteinisolat, fettreducerat kakaopulver, chokladbitar (inneh\u00e5ller emulgeringsmedel: <u>soja<\/u>lecitin), smaker, s\u00f6tningsmedel (sukralos, acesulfam K).<\/span><\/p>\n<p><span style=\"color: var(--body_typography-color); font-family: var(--body_typography-font-family); font-size: var(--body_typography-font-size); font-style: var(--body_typography-font-style,normal); letter-spacing: var(--body_typography-letter-spacing);\"><b>&#8211;<\/b><\/span><span style=\"color: var(--body_typography-color); font-family: var(--body_typography-font-family); font-size: var(--body_typography-font-size); font-style: var(--body_typography-font-style,normal); letter-spacing: var(--body_typography-letter-spacing);\"><b>f\u00f6r bl\u00e5b\u00e4r-vaniljsmak<\/b><\/span><\/p>\n<p>peptidbundet glutamin [fr\u00e5n hydrolyserat <u>vete<\/u>protein (<u>gluten<\/u>)], total <u>mj\u00f6lk<\/u>pulver, <u>soja<\/u>proteinisolat, bl\u00e5b\u00e4rsbitar, smaker, s\u00f6tningsmedel (sukralos, acesulfam K).<b><\/b><\/p>\n<p><b>-f\u00f6r hallonsmak<\/b><\/p>\n<p>peptidbundet glutamin [fr\u00e5n hydrolyserat <u>vete<\/u>protein (<u>gluten<\/u>)], total <u>mj\u00f6lk<\/u>pulver, <u>soja<\/u>proteinisolat, hallonbitar, smaker, f\u00e4rg\u00e4mne (karmin), s\u00f6tningsmedel (sukralos, acesulfam K).<b><\/b><\/p>\n<p><b style=\"background-color: rgba(255, 255, 255, 0); color: var(--body_typography-color); font-family: var(--body_typography-font-family); font-size: var(--body_typography-font-size); font-style: var(--body_typography-font-style,normal); letter-spacing: var(--body_typography-letter-spacing);\">Allergiinformation:<\/b><\/p>\n<p>Tillverkas i en anl\u00e4ggning som ocks\u00e5 hanterar \u00e4ggproteiner!<\/p>\n<p class=\"subtitle\"><b>Viktig information:<\/b><\/p>\n<p>Denna produkt \u00e4r ett kosttillskott. Anv\u00e4nd denna produkt tillsammans med mat som en del av en h\u00e4lsosam och balanserad kost, inte som en ers\u00e4ttning f\u00f6r s\u00e5dan.<br \/>F\u00f6rvaras utom r\u00e4ckh\u00e5ll f\u00f6r barn. Endast avsedd f\u00f6r personer som \u00e4r 18 \u00e5r eller \u00e4ldre. Ej avsedd f\u00f6r anv\u00e4ndning av gravida eller ammande kvinnor! \u00d6verskrid inte den rekommenderade dagliga dosen.<br \/>F\u00f6rvaras svalt och torrt. Uts\u00e4tt inte f\u00f6r \u00f6verdriven v\u00e4rme, fukt eller solljus.<br \/>B\u00e4st f\u00f6re utg\u00e5ngsdatumet som st\u00e5r p\u00e5 f\u00f6rpackningen.<\/p>\n<\/div><div class=\"fusion-clearfix\"><\/div><\/div><\/div><div class=\"fusion-layout-column fusion_builder_column fusion-builder-column-3 fusion_builder_column_1_2 1_2 fusion-one-half fusion-column-last\" style=\"--awb-bg-size:cover;width:50%;width:calc(50% - ( ( 4% ) * 0.5 ) );\"><div class=\"fusion-column-wrapper fusion-column-has-shadow fusion-flex-column-wrapper-legacy\"><div class=\"fusion-text fusion-text-6\"><p class=\"subtitle\"><b>N\u00c4RINGSF\u00d6RTECKNING<\/b><\/p>\n<div class=\"table-1\">\n<table class=\"tb\" style=\"height: 1223px;\" width=\"477\">\n<tbody>\n<tr class=\"table-row_border\">\n<td colspan=\"3\"><strong>N\u00e4ringsinneh\u00e5ll per:<\/strong><\/p>\n<p>Serveringsstorlek: 1 riklig skopa (35 g)<\/td>\n<td colspan=\"2\"><strong>100 g<\/strong><\/td>\n<td colspan=\"2\"><strong>35 g<\/strong><\/td>\n<\/tr>\n<tr>\n<td colspan=\"3\">Energi<\/td>\n<td colspan=\"2\">1589,7 kJ \/ 374,8 kcal<\/td>\n<td colspan=\"2\">556,4 kJ \/ 131,2 kcal<\/td>\n<\/tr>\n<tr>\n<td colspan=\"3\">Proteiner<\/td>\n<td colspan=\"2\">68 g<\/td>\n<td colspan=\"2\">23,8 g<\/td>\n<\/tr>\n<tr>\n<td colspan=\"3\">Kolhydrater<\/td>\n<td colspan=\"2\">19,9 g<\/td>\n<td colspan=\"2\">7,0 g<\/td>\n<\/tr>\n<tr>\n<td colspan=\"3\">&#8211; varav sockerarter<\/td>\n<td colspan=\"2\">19,3 g<\/td>\n<td colspan=\"2\">6,8 g<\/td>\n<\/tr>\n<tr>\n<td colspan=\"3\">Totalt fett<\/td>\n<td colspan=\"2\">2,7 g<\/td>\n<td colspan=\"2\">0,95 g<\/td>\n<\/tr>\n<tr>\n<td colspan=\"3\">&#8211; varav m\u00e4ttat fett<\/td>\n<td colspan=\"2\">0,5 g<\/td>\n<td colspan=\"2\">0,18 g<\/td>\n<\/tr>\n<tr>\n<td colspan=\"3\">Fiber<\/td>\n<td colspan=\"2\">1,5 g<\/td>\n<td colspan=\"2\">0,53 g<\/td>\n<\/tr>\n<tr>\n<td colspan=\"3\">Salt<\/td>\n<td colspan=\"2\">0,74 g<\/td>\n<td colspan=\"2\">0,26 g<\/td>\n<\/tr>\n<tr>\n<td colspan=\"3\">Kalcium<\/td>\n<td colspan=\"2\">341 mg (42,6 %* )<\/td>\n<td colspan=\"2\">119 mg (14,9 %* )<\/td>\n<\/tr>\n<tr>\n<td colspan=\"3\">Fosfor<\/td>\n<td colspan=\"2\">331 mg (47,3 %*)<\/td>\n<td colspan=\"2\">116 mg (16,6 %*)<\/td>\n<\/tr>\n<tr>\n<td colspan=\"3\">Leucin<\/td>\n<td colspan=\"2\">6550 mg<\/td>\n<td colspan=\"2\">2293 mg<\/td>\n<\/tr>\n<tr>\n<td colspan=\"3\">Isoleucin<\/td>\n<td colspan=\"2\">3305 mg<\/td>\n<td colspan=\"2\">1157 mg<\/td>\n<\/tr>\n<tr>\n<td colspan=\"3\">Valin<\/td>\n<td colspan=\"2\">3730 mg<\/td>\n<td colspan=\"2\">1306 mg<\/td>\n<\/tr>\n<tr>\n<td colspan=\"3\">Asparaginsyra<\/td>\n<td colspan=\"2\">2490 mg<\/td>\n<td colspan=\"2\">872 mg<\/td>\n<\/tr>\n<tr>\n<td colspan=\"3\">Glutaminsyra<\/td>\n<td colspan=\"2\">7484 mg<\/td>\n<td colspan=\"2\">2619 mg<\/td>\n<\/tr>\n<tr>\n<td colspan=\"3\">Serin<\/td>\n<td colspan=\"2\">4806 mg<\/td>\n<td colspan=\"2\">1682 mg<\/td>\n<\/tr>\n<tr>\n<td colspan=\"3\">Glycin<\/td>\n<td colspan=\"2\">2956 mg<\/td>\n<td colspan=\"2\">1035 mg<\/td>\n<\/tr>\n<tr>\n<td colspan=\"3\">Histidin<\/td>\n<td colspan=\"2\">1916 mg<\/td>\n<td colspan=\"2\">671 mg<\/td>\n<\/tr>\n<tr>\n<td colspan=\"3\">Arginin<\/td>\n<td colspan=\"2\">3107 mg<\/td>\n<td colspan=\"2\">1087 mg<\/td>\n<\/tr>\n<tr>\n<td colspan=\"3\">Treonin<\/td>\n<td colspan=\"2\">2561 mg<\/td>\n<td colspan=\"2\">896 mg<\/td>\n<\/tr>\n<tr>\n<td colspan=\"3\">Alanin<\/td>\n<td colspan=\"2\">2332 mg<\/td>\n<td colspan=\"2\">816 mg<\/td>\n<\/tr>\n<tr>\n<td colspan=\"3\">Prolin<\/td>\n<td colspan=\"2\">1552 mg<\/td>\n<td colspan=\"2\">4043 mg<\/td>\n<\/tr>\n<tr>\n<td colspan=\"3\">Tyrosin<\/td>\n<td colspan=\"2\">3047 mg<\/td>\n<td colspan=\"2\">1066 mg<\/td>\n<\/tr>\n<tr>\n<td colspan=\"3\">Metionin<\/td>\n<td colspan=\"2\">1369 mg<\/td>\n<td colspan=\"2\">479 mg<\/td>\n<\/tr>\n<tr>\n<td colspan=\"3\">Cystein<\/td>\n<td colspan=\"2\">981 mg<\/td>\n<td colspan=\"2\">343 mg<\/td>\n<\/tr>\n<tr>\n<td colspan=\"3\">Fenylalanin<\/td>\n<td colspan=\"2\">5021 mg<\/td>\n<td colspan=\"2\">1757 mg<\/td>\n<\/tr>\n<tr>\n<td colspan=\"3\">Lysin<\/td>\n<td colspan=\"2\">3707 mg<\/td>\n<td colspan=\"2\">1297 mg<\/td>\n<\/tr>\n<tr>\n<td colspan=\"3\">Triptofan<\/td>\n<td colspan=\"2\">1084 mg<\/td>\n<td colspan=\"2\">379 mg<\/td>\n<\/tr>\n<tr>\n<td colspan=\"7\">*NRV &#8211; N\u00e4ringsrekommenderat v\u00e4rde<\/td>\n<\/tr>\n<\/tbody>\n<\/table>\n<\/div>\n<\/div><div class=\"fusion-clearfix\"><\/div><\/div><\/div><\/div><\/div><\/p>\n","protected":false},"excerpt":{"rendered":"","protected":false},"author":1,"featured_media":0,"parent":21557,"menu_order":0,"comment_status":"closed","ping_status":"closed","template":"","meta":{"footnotes":""},"class_list":["post-21595","page","type-page","status-publish","hentry"],"_links":{"self":[{"href":"https:\/\/vikingforce.se\/sv\/wp-json\/wp\/v2\/pages\/21595","targetHints":{"allow":["GET"]}}],"collection":[{"href":"https:\/\/vikingforce.se\/sv\/wp-json\/wp\/v2\/pages"}],"about":[{"href":"https:\/\/vikingforce.se\/sv\/wp-json\/wp\/v2\/types\/page"}],"author":[{"embeddable":true,"href":"https:\/\/vikingforce.se\/sv\/wp-json\/wp\/v2\/users\/1"}],"replies":[{"embeddable":true,"href":"https:\/\/vikingforce.se\/sv\/wp-json\/wp\/v2\/comments?post=21595"}],"version-history":[{"count":10,"href":"https:\/\/vikingforce.se\/sv\/wp-json\/wp\/v2\/pages\/21595\/revisions"}],"predecessor-version":[{"id":23719,"href":"https:\/\/vikingforce.se\/sv\/wp-json\/wp\/v2\/pages\/21595\/revisions\/23719"}],"up":[{"embeddable":true,"href":"https:\/\/vikingforce.se\/sv\/wp-json\/wp\/v2\/pages\/21557"}],"wp:attachment":[{"href":"https:\/\/vikingforce.se\/sv\/wp-json\/wp\/v2\/media?parent=21595"}],"curies":[{"name":"wp","href":"https:\/\/api.w.org\/{rel}","templated":true}]}}