{"id":21589,"date":"2024-02-06T08:59:28","date_gmt":"2024-02-06T08:59:28","guid":{"rendered":"https:\/\/vikingforce.se\/fury-line\/fury-glutamin\/"},"modified":"2025-06-13T14:11:07","modified_gmt":"2025-06-13T14:11:07","slug":"fury-glutamin","status":"publish","type":"page","link":"https:\/\/vikingforce.se\/sv\/fury-line\/fury-glutamin\/","title":{"rendered":"FURY GLUTAMIN"},"content":{"rendered":"<p><div class=\"fusion-fullwidth fullwidth-box fusion-builder-row-1 hundred-percent-fullwidth non-hundred-percent-height-scrolling fusion-equal-height-columns\" style=\"--awb-background-position:left top;--awb-border-color:#f6f6f6;--awb-border-radius-top-left:0px;--awb-border-radius-top-right:0px;--awb-border-radius-bottom-right:0px;--awb-border-radius-bottom-left:0px;--awb-padding-top:1px;--awb-padding-right:0px;--awb-padding-bottom:30px;--awb-padding-left:0px;--awb-background-color:#fff;--awb-border-sizes-top:0px;--awb-border-sizes-bottom:0px;--awb-flex-wrap:wrap;\" ><div class=\"fusion-builder-row fusion-row\"><div class=\"fusion-layout-column fusion_builder_column fusion-builder-column-0 fusion_builder_column_1_2 1_2 fusion-one-half fusion-column-first\" style=\"--awb-bg-size:cover;width:48%; margin-right: 4%;\"><div class=\"fusion-column-wrapper fusion-flex-column-wrapper-legacy\"><div class=\"fusion-sep-clear\"><\/div><div class=\"fusion-separator fusion-full-width-sep\" style=\"margin-left: auto;margin-right: auto;margin-top:60px;width:100%;\"><\/div><div class=\"fusion-sep-clear\"><\/div><div class=\"fusion-image-carousel fusion-image-carousel-auto fusion-image-carousel-1 fusion-carousel-border\"><div class=\"awb-carousel awb-swiper awb-swiper-carousel awb-swiper-dots-position-bottom awb-carousel--carousel\" data-layout=\"carousel\" data-autoplay=\"no\" data-autoplayspeed=\"2500\" data-autoplaypause=\"no\" data-columns=\"1\" data-itemmargin=\"13\" data-itemwidth=\"180\" data-touchscroll=\"no\" data-freemode=\"no\" data-imagesize=\"auto\" data-scrollitems=\"0\" data-centeredslides=\"no\" data-rotationangle=\"50\" data-depth=\"100\" data-speed=\"500\" data-shadow=\"no\" style=\"--awb-columns:1;--awb-border-width:1px;--awb-border-color:#e9eaee;\"><div class=\"swiper-wrapper awb-image-carousel-wrapper fusion-flex-align-items-center\"><div class=\"swiper-slide\"><div class=\"fusion-carousel-item-wrapper\"><div class=\"fusion-image-wrapper hover-type-none\"><img decoding=\"async\" width=\"600\" height=\"600\" src=\"https:\/\/vikingforce.se\/wp-content\/uploads\/2024\/02\/fury-glutamine-cherry.png\" class=\"attachment-full size-full\" alt=\"\" srcset=\"https:\/\/vikingforce.se\/wp-content\/uploads\/2024\/02\/fury-glutamine-cherry-66x66.png 66w, https:\/\/vikingforce.se\/wp-content\/uploads\/2024\/02\/fury-glutamine-cherry-150x150.png 150w, https:\/\/vikingforce.se\/wp-content\/uploads\/2024\/02\/fury-glutamine-cherry-200x200.png 200w, https:\/\/vikingforce.se\/wp-content\/uploads\/2024\/02\/fury-glutamine-cherry-300x300.png 300w, https:\/\/vikingforce.se\/wp-content\/uploads\/2024\/02\/fury-glutamine-cherry-400x400.png 400w, https:\/\/vikingforce.se\/wp-content\/uploads\/2024\/02\/fury-glutamine-cherry.png 600w\" sizes=\"(max-width: 600px) 100vw, 600px\" \/><\/div><\/div><\/div><div class=\"swiper-slide\"><div class=\"fusion-carousel-item-wrapper\"><div class=\"fusion-image-wrapper hover-type-none\"><img decoding=\"async\" width=\"600\" height=\"600\" src=\"https:\/\/vikingforce.se\/wp-content\/uploads\/2024\/02\/fury-glutamine-cola.png\" class=\"attachment-full size-full\" alt=\"\" srcset=\"https:\/\/vikingforce.se\/wp-content\/uploads\/2024\/02\/fury-glutamine-cola-66x66.png 66w, https:\/\/vikingforce.se\/wp-content\/uploads\/2024\/02\/fury-glutamine-cola-150x150.png 150w, https:\/\/vikingforce.se\/wp-content\/uploads\/2024\/02\/fury-glutamine-cola-200x200.png 200w, https:\/\/vikingforce.se\/wp-content\/uploads\/2024\/02\/fury-glutamine-cola-300x300.png 300w, https:\/\/vikingforce.se\/wp-content\/uploads\/2024\/02\/fury-glutamine-cola-400x400.png 400w, https:\/\/vikingforce.se\/wp-content\/uploads\/2024\/02\/fury-glutamine-cola.png 600w\" sizes=\"(max-width: 600px) 100vw, 600px\" \/><\/div><\/div><\/div><\/div><div class=\"awb-swiper-button awb-swiper-button-prev\"><i class=\"awb-icon-angle-left\" aria-hidden=\"true\"><\/i><\/div><div class=\"awb-swiper-button awb-swiper-button-next\"><i class=\"awb-icon-angle-right\" aria-hidden=\"true\"><\/i><\/div><\/div><\/div><div class=\"fusion-text fusion-text-1\"><\/div><div class=\"fusion-clearfix\"><\/div><\/div><\/div><div class=\"fusion-layout-column fusion_builder_column fusion-builder-column-1 fusion_builder_column_1_2 1_2 fusion-one-half fusion-column-last\" style=\"--awb-bg-size:cover;width:48%;\"><div class=\"fusion-column-wrapper fusion-flex-column-wrapper-legacy\"><div class=\"fusion-title title fusion-title-1 fusion-sep-none fusion-title-text fusion-title-size-one title-wg\" style=\"--awb-margin-bottom:5px;\"><h1 class=\"fusion-title-heading title-heading-left\" style=\"margin:0;\"><div style=\"text-align: center;\"><span style=\"font-size: var(--h1_typography-font-size); font-style: var(--h1_typography-font-style,normal); font-weight: var(--h1_typography-font-weight); letter-spacing: var(--h1_typography-letter-spacing);\">VIKING FURY GLUTAMIN<\/span><\/div><\/h1><\/div><div class=\"fusion-text fusion-text-2\"><p style=\"text-align: center;\">(Kosttillskott)<\/p>\n<\/div><div class=\"fusion-text fusion-text-3\"><p class=\"subtitle-wg\" style=\"text-align: center;\">Nettovikt: 300 g<\/p>\n<\/p>\n<p class=\"subtitle-wg\" style=\"text-align: center;\">Portioner\/Beh\u00e5llare: 60<\/p>\n<\/div><div class=\"fusion-clearfix\"><\/div><\/div><\/div><\/div><\/div><div class=\"fusion-fullwidth fullwidth-box fusion-builder-row-2 nonhundred-percent-fullwidth non-hundred-percent-height-scrolling\" style=\"--awb-border-color:#f6f6f6;--awb-border-radius-top-left:0px;--awb-border-radius-top-right:0px;--awb-border-radius-bottom-right:0px;--awb-border-radius-bottom-left:0px;--awb-padding-top:10px;--awb-padding-right:0px;--awb-padding-bottom:0px;--awb-padding-left:0px;--awb-background-color:#fff;--awb-border-sizes-top:0px;--awb-border-sizes-bottom:0px;--awb-flex-wrap:wrap;\" ><div class=\"fusion-builder-row fusion-row\"><div class=\"fusion-layout-column fusion_builder_column fusion-builder-column-2 fusion_builder_column_2_5 2_5 fusion-two-fifth fusion-column-first\" style=\"--awb-bg-size:cover;width:37.6%; margin-right: 4%;\"><div class=\"fusion-column-wrapper fusion-column-has-shadow fusion-flex-column-wrapper-legacy\"><div class=\"fusion-text fusion-text-4\"><p class=\"subtitle-st\">Smaker: <span style=\"color: #747474;\"><span style=\"font-weight: 400;\">K\u00f6rsb\u00e4r, Cola<\/span><\/span><\/p>\n<\/p>\n<p class=\"subtitle-st\">Anv\u00e4ndningsinstruktioner:<\/p>\n<p>Blanda 5 gram pulver (1 skopa) med 150\u2013200 ml vatten i en shaker <span style=\"color: var(--body_typography-color); font-family: var(--body_typography-font-family); font-size: var(--body_typography-font-size); font-style: var(--body_typography-font-style,normal); font-weight: var(--body_typography-font-weight); letter-spacing: var(--body_typography-letter-spacing);\">och skaka i 30 sekunder. Konsumera en portion dagligen.<\/span><\/p>\n<p style=\"color: #e47822;\"><b>Ingredienser:<\/b><\/p>\n<\/p>\n<p style=\"color: #e47822;\"><b>&#8211;<\/b>f\u00f6r colasmak<\/p>\n<p>L-Glutamin, Maltodextrin, F\u00f6rtjockningsmedel (Citronsyra), Smak, F\u00e4rg\u00e4mne (karamell), S\u00f6tningsmedel (Sukralos, Acesulfam K).<\/p>\n<p><b style=\"color: #e47822;\">&#8211;<\/b><span style=\"color: #e47822;\">f\u00f6r k\u00f6rsb\u00e4rssmak<\/span><\/p>\n<p>L-Glutamin, Maltodextrin, F\u00f6rtjockningsmedel (Citronsyra), Smak, F\u00e4rg\u00e4mne (Karmin), S\u00f6tningsmedel (Sukralos, Acesulfam K). <b style=\"color: #e47822;\"><br \/>\n<\/b><\/p>\n<p class=\"subtitle-st\">Viktig information:<\/p>\n<p>Denna produkt \u00e4r ett kosttillskott. Anv\u00e4nd denna produkt tillsammans med mat som en del av en h\u00e4lsosam och balanserad kost, inte som ett substitut f\u00f6r s\u00e5dan. F\u00f6rvara utom r\u00e4ckh\u00e5ll f\u00f6r barn. Den \u00e4r avsedd endast f\u00f6r personer som \u00e4r 18 \u00e5r eller \u00e4ldre. Ej avsedd f\u00f6r anv\u00e4ndning av barn, gravida eller ammande kvinnor! \u00d6verskrid inte den rekommenderade dagliga dosen.<\/p>\n<p>F\u00f6rvara p\u00e5 en sval, torr plats. Uts\u00e4tt inte f\u00f6r \u00f6verdriven v\u00e4rme, fuktighet eller solljus. B\u00e4st f\u00f6re datumet som anges p\u00e5 f\u00f6rpackningen.<\/p>\n<p><b style=\"color: #e47822;\">Allergiinformation:<\/b><\/p>\n<p>Kan inneh\u00e5lla sp\u00e5r av mj\u00f6lk, soja, \u00e4gg och vete (gluten).<b style=\"color: #e47822;\"><br \/>\n<\/b><\/p>\n<\/div><div class=\"fusion-clearfix\"><\/div><\/div><\/div><div class=\"fusion-layout-column fusion_builder_column fusion-builder-column-3 fusion_builder_column_3_5 3_5 fusion-three-fifth fusion-column-last\" style=\"--awb-bg-size:cover;width:58.4%;\"><div class=\"fusion-column-wrapper fusion-flex-column-wrapper-legacy\"><div class=\"fusion-text fusion-text-5\"><p class=\"subtitle-st\">N\u00c4RINGSINNEH\u00c5LL<\/p>\n<p>\n<\/div><div class=\"fusion-text fusion-text-6\"><div class=\"table-1\">\n<table class=\"tb\" width=\"100%\">\n<tbody>\n<tr class=\"table-row_border\">\n<td colspan=\"3\"><strong>Portioner per beh\u00e5llare : 60<br \/>\n<\/strong><b>Portionsstorlek: 1 skopa (cirka 5 g)<\/b><strong><br \/>\n<\/strong><\/td>\n<td><b>5 g<\/b><\/td>\n<td><b>100 g<\/b><\/td>\n<\/tr>\n<tr>\n<td colspan=\"3\">Energiv\u00e4rde<\/td>\n<td>75,6 kJ \/18,1 kcal<\/td>\n<td>1511,8 kJ\/361,7 kcal<\/td>\n<\/tr>\n<tr>\n<td colspan=\"3\">Fett<\/td>\n<td>0,0 g<\/td>\n<td>0,0 g<\/td>\n<\/tr>\n<tr>\n<td colspan=\"3\">Kolhydrater<\/td>\n<td>0,87 g<\/td>\n<td>17,4 g<\/td>\n<\/tr>\n<tr>\n<td colspan=\"3\"><i>-varav socker<\/i><\/td>\n<td>0,06 g<\/td>\n<td>1,3 g<\/td>\n<\/tr>\n<tr>\n<td colspan=\"3\">Proteiner (som fria aminosyror)<\/td>\n<td>3,7 g<\/td>\n<td>73 g<\/td>\n<\/tr>\n<tr>\n<td colspan=\"3\">L- Glutamin<\/td>\n<td>3650 mg<\/td>\n<td>73 000 g<\/td>\n<\/tr>\n<\/tbody>\n<\/table>\n<\/div>\n<\/div><div class=\"fusion-clearfix\"><\/div><\/div><\/div><\/div><\/div><\/p>\n","protected":false},"excerpt":{"rendered":"","protected":false},"author":1,"featured_media":0,"parent":21557,"menu_order":0,"comment_status":"closed","ping_status":"closed","template":"","meta":{"footnotes":""},"class_list":["post-21589","page","type-page","status-publish","hentry"],"_links":{"self":[{"href":"https:\/\/vikingforce.se\/sv\/wp-json\/wp\/v2\/pages\/21589","targetHints":{"allow":["GET"]}}],"collection":[{"href":"https:\/\/vikingforce.se\/sv\/wp-json\/wp\/v2\/pages"}],"about":[{"href":"https:\/\/vikingforce.se\/sv\/wp-json\/wp\/v2\/types\/page"}],"author":[{"embeddable":true,"href":"https:\/\/vikingforce.se\/sv\/wp-json\/wp\/v2\/users\/1"}],"replies":[{"embeddable":true,"href":"https:\/\/vikingforce.se\/sv\/wp-json\/wp\/v2\/comments?post=21589"}],"version-history":[{"count":17,"href":"https:\/\/vikingforce.se\/sv\/wp-json\/wp\/v2\/pages\/21589\/revisions"}],"predecessor-version":[{"id":23739,"href":"https:\/\/vikingforce.se\/sv\/wp-json\/wp\/v2\/pages\/21589\/revisions\/23739"}],"up":[{"embeddable":true,"href":"https:\/\/vikingforce.se\/sv\/wp-json\/wp\/v2\/pages\/21557"}],"wp:attachment":[{"href":"https:\/\/vikingforce.se\/sv\/wp-json\/wp\/v2\/media?parent=21589"}],"curies":[{"name":"wp","href":"https:\/\/api.w.org\/{rel}","templated":true}]}}