{"id":21583,"date":"2024-01-29T09:40:19","date_gmt":"2024-01-29T09:40:19","guid":{"rendered":"https:\/\/vikingforce.se\/fury-line\/fury-eaa\/"},"modified":"2025-06-13T13:27:22","modified_gmt":"2025-06-13T13:27:22","slug":"fury-eaa","status":"publish","type":"page","link":"https:\/\/vikingforce.se\/sv\/fury-line\/fury-eaa\/","title":{"rendered":"FURY EAA"},"content":{"rendered":"<p><div class=\"fusion-fullwidth fullwidth-box fusion-builder-row-1 nonhundred-percent-fullwidth non-hundred-percent-height-scrolling\" style=\"--awb-background-position:center top;--awb-border-sizes-top:1px;--awb-border-sizes-bottom:1px;--awb-border-sizes-left:0px;--awb-border-sizes-right:0px;--awb-border-color:#f6f6f6;--awb-border-radius-top-left:0px;--awb-border-radius-top-right:0px;--awb-border-radius-bottom-right:0px;--awb-border-radius-bottom-left:0px;--awb-padding-top:1px;--awb-padding-right:0px;--awb-padding-bottom:30px;--awb-padding-left:0px;--awb-background-color:#fff;--awb-flex-wrap:wrap;\" ><div class=\"fusion-builder-row fusion-row\"><div class=\"fusion-layout-column fusion_builder_column fusion-builder-column-0 fusion_builder_column_1_2 1_2 fusion-one-half fusion-column-first\" style=\"--awb-bg-size:cover;width:48%; margin-right: 4%;\"><div class=\"fusion-column-wrapper fusion-flex-column-wrapper-legacy\"><div class=\"fusion-sep-clear\"><\/div><div class=\"fusion-separator fusion-full-width-sep\" style=\"margin-left: auto;margin-right: auto;margin-top:60px;width:100%;\"><\/div><div class=\"fusion-sep-clear\"><\/div><div class=\"fusion-image-carousel fusion-image-carousel-auto fusion-image-carousel-1 fusion-carousel-border\"><div class=\"awb-carousel awb-swiper awb-swiper-carousel awb-swiper-dots-position-bottom awb-carousel--carousel\" data-layout=\"carousel\" data-autoplay=\"no\" data-autoplayspeed=\"2500\" data-autoplaypause=\"no\" data-columns=\"1\" data-itemmargin=\"13\" data-itemwidth=\"180\" data-touchscroll=\"no\" data-freemode=\"no\" data-imagesize=\"auto\" data-scrollitems=\"0\" data-centeredslides=\"no\" data-rotationangle=\"50\" data-depth=\"100\" data-speed=\"500\" data-shadow=\"no\" style=\"--awb-columns:1;--awb-border-width:1px;--awb-border-color:#e9eaee;\"><div class=\"swiper-wrapper awb-image-carousel-wrapper fusion-flex-align-items-center\"><div class=\"swiper-slide\"><div class=\"fusion-carousel-item-wrapper\"><div class=\"fusion-image-wrapper hover-type-none\"><img decoding=\"async\" width=\"600\" height=\"600\" src=\"https:\/\/vikingforce.se\/wp-content\/uploads\/2024\/02\/fury-eaa-raspberry.png\" class=\"attachment-full size-full\" alt=\"\" srcset=\"https:\/\/vikingforce.se\/wp-content\/uploads\/2024\/02\/fury-eaa-raspberry-66x66.png 66w, https:\/\/vikingforce.se\/wp-content\/uploads\/2024\/02\/fury-eaa-raspberry-150x150.png 150w, https:\/\/vikingforce.se\/wp-content\/uploads\/2024\/02\/fury-eaa-raspberry-200x200.png 200w, https:\/\/vikingforce.se\/wp-content\/uploads\/2024\/02\/fury-eaa-raspberry-300x300.png 300w, https:\/\/vikingforce.se\/wp-content\/uploads\/2024\/02\/fury-eaa-raspberry-400x400.png 400w, https:\/\/vikingforce.se\/wp-content\/uploads\/2024\/02\/fury-eaa-raspberry.png 600w\" sizes=\"(max-width: 600px) 100vw, 600px\" \/><\/div><\/div><\/div><div class=\"swiper-slide\"><div class=\"fusion-carousel-item-wrapper\"><div class=\"fusion-image-wrapper hover-type-none\"><img decoding=\"async\" width=\"600\" height=\"600\" src=\"https:\/\/vikingforce.se\/wp-content\/uploads\/2024\/02\/fury-eaa-cola.png\" class=\"attachment-full size-full\" alt=\"\" srcset=\"https:\/\/vikingforce.se\/wp-content\/uploads\/2024\/02\/fury-eaa-cola-66x66.png 66w, https:\/\/vikingforce.se\/wp-content\/uploads\/2024\/02\/fury-eaa-cola-150x150.png 150w, https:\/\/vikingforce.se\/wp-content\/uploads\/2024\/02\/fury-eaa-cola-200x200.png 200w, https:\/\/vikingforce.se\/wp-content\/uploads\/2024\/02\/fury-eaa-cola-300x300.png 300w, https:\/\/vikingforce.se\/wp-content\/uploads\/2024\/02\/fury-eaa-cola-400x400.png 400w, https:\/\/vikingforce.se\/wp-content\/uploads\/2024\/02\/fury-eaa-cola.png 600w\" sizes=\"(max-width: 600px) 100vw, 600px\" \/><\/div><\/div><\/div><\/div><div class=\"awb-swiper-button awb-swiper-button-prev\"><i class=\"awb-icon-angle-left\" aria-hidden=\"true\"><\/i><\/div><div class=\"awb-swiper-button awb-swiper-button-next\"><i class=\"awb-icon-angle-right\" aria-hidden=\"true\"><\/i><\/div><\/div><\/div><div class=\"fusion-text fusion-text-1\"><\/div><div class=\"fusion-clearfix\"><\/div><\/div><\/div><div class=\"fusion-layout-column fusion_builder_column fusion-builder-column-1 fusion_builder_column_1_2 1_2 fusion-one-half fusion-column-last\" style=\"--awb-bg-size:cover;width:48%;\"><div class=\"fusion-column-wrapper fusion-flex-column-wrapper-legacy\"><div class=\"fusion-sep-clear\"><\/div><div class=\"fusion-separator fusion-full-width-sep\" style=\"margin-left: auto;margin-right: auto;margin-top:30px;width:100%;\"><\/div><div class=\"fusion-sep-clear\"><\/div><div class=\"fusion-title title fusion-title-1 fusion-sep-none fusion-title-text fusion-title-size-one title-wg\" style=\"--awb-margin-bottom:5px;\"><h1 class=\"fusion-title-heading title-heading-left\" style=\"margin:0;\"><strong>VIKING FURY ESSENTIAL AMINO ACID<\/strong><strong><br \/>\n<\/strong><\/h1><\/div><div class=\"fusion-text fusion-text-2\"><p style=\"text-align: center;\">(Kosttillskott)<\/p>\n<\/div><div class=\"fusion-text fusion-text-3\"><p class=\"subtitle-wg\" style=\"text-align: center;\">Netto vikt:<strong>\u00a0<\/strong>300 g<\/p>\n<p class=\"subtitle-wg\" style=\"text-align: center;\">Portioner\/beh\u00e5llare : 30<\/p>\n<\/div><div class=\"fusion-clearfix\"><\/div><\/div><\/div><\/div><\/div><div class=\"fusion-fullwidth fullwidth-box fusion-builder-row-2 nonhundred-percent-fullwidth non-hundred-percent-height-scrolling\" style=\"--awb-border-sizes-top:0px;--awb-border-sizes-bottom:0px;--awb-border-sizes-left:0px;--awb-border-sizes-right:0px;--awb-border-color:#f6f6f6;--awb-border-radius-top-left:0px;--awb-border-radius-top-right:0px;--awb-border-radius-bottom-right:0px;--awb-border-radius-bottom-left:0px;--awb-padding-top:10px;--awb-padding-right:0px;--awb-padding-bottom:0px;--awb-padding-left:0px;--awb-background-color:#fff;--awb-flex-wrap:wrap;\" ><div class=\"fusion-builder-row fusion-row\"><div class=\"fusion-layout-column fusion_builder_column fusion-builder-column-2 fusion_builder_column_1_1 1_1 fusion-one-full fusion-column-first fusion-column-last\" style=\"--awb-bg-size:cover;\"><div class=\"fusion-column-wrapper fusion-flex-column-wrapper-legacy\"><div class=\"fusion-text fusion-text-4\"><p class=\"subtitle-aa\"><strong>VIKING FURY EAA<\/strong><\/p>\n<p><strong><span style=\"color: #009746;\">Smaker:<\/span> <\/strong>Hallon, Cola , Apelsin<\/p>\n<p>&nbsp;<\/p>\n<\/div><div class=\"fusion-clearfix\"><\/div><\/div><\/div><div class=\"fusion-layout-column fusion_builder_column fusion-builder-column-3 fusion_builder_column_1_2 1_2 fusion-one-half fusion-column-first\" style=\"--awb-bg-size:cover;width:48%; margin-right: 4%;\"><div class=\"fusion-column-wrapper fusion-flex-column-wrapper-legacy\"><div class=\"fusion-text fusion-text-5\"><p><span style=\"color: #009746; font-family: var(--body_typography-font-family); font-size: var(--body_typography-font-size); font-style: var(--body_typography- font-style,normal letter-spacing: var(--body_typography-letter-spacing);\"><b>BRUKSANVISNING:<\/b><\/span><br \/>Blanda 10 gram pulver (1 skopa) med 150 \u2013 200 ml vatten i en shaker och skaka i 30 sekunder. Konsumera en portion dagligen.<\/p>\n<p><span style=\"color: #009746; font-family: var(--body_typography-font-family); font-size: var(--body_typography-font-size); font-style: var(--body_typography- font-style,normal letter-spacing: var(--body_typography-letter-spacing);\"><b>INGREDIENSER:<\/b><\/span><\/p>\n<p>Blandning av essentiella aminosyror (L-leucin, L-valin, L-isoleucin, L-lysin, L-fenylalanin, L-treonin, L-metionin, L-tryptofan), maltodextrin, surhetsmedel (citronsyra, \u00e4ppelsyra), mineraler och vitaminblandning (kaliumcitrat, trikalciumcitrat, trinatriumcitrat, magnesiumcitrat, natriumklorid, askorbinsyra, pyridoxinhydroklorid), arom, s\u00f6tningsmedel (sukralos, acesulfam K), f\u00e4rg\u00e4mne (karmin).<\/p>\n<p><span style=\"color: #009746; font-family: var(--body_typography-font-family); font-size: var(--body_typography-font-size); font-style: var(--body_typography- font-style,normal letter-spacing: var(--body_typography-letter-spacing);\"><b>ALLERGIINFORMATION:<\/b><\/span><\/p>\n<p>Kan inneh\u00e5lla sp\u00e5r av mj\u00f6lk, soja, \u00e4gg och vete (gluten).<\/p>\n<p><span style=\"color: #009746; font-family: var(--body_typography-font-family); font-size: var(--body_typography-font-size); font-style: var(--body_typography- font-style,normal letter-spacing: var(--body_typography-letter-spacing);\"><b>VIKTIG INFORMATION:<\/b><\/span><\/p>\n<p>Denna produkt \u00e4r ett kosttillskott. Anv\u00e4nd denna produkt tillsammans med mat som en del av en h\u00e4lsosam, balanserad kost, inte som en ers\u00e4ttning f\u00f6r s\u00e5dan. F\u00f6rvara utom r\u00e4ckh\u00e5ll f\u00f6r barn. Ej avsedd f\u00f6r anv\u00e4ndning av barn och gravida eller ammande kvinnor! \u00d6verskrid inte den rekommenderade dagliga dosen.<\/p>\n<p>F\u00f6rvara p\u00e5 en kall och torr plats. Uts\u00e4tt inte f\u00f6r stark v\u00e4rme, fukt eller solljus. B\u00e4st f\u00f6re utg\u00e5ngsdatumet skrivet p\u00e5 f\u00f6rpackningen.<\/p>\n<\/div><div class=\"fusion-clearfix\"><\/div><\/div><\/div><div class=\"fusion-layout-column fusion_builder_column fusion-builder-column-4 fusion_builder_column_1_2 1_2 fusion-one-half fusion-column-last\" style=\"--awb-bg-size:cover;width:48%;\"><div class=\"fusion-column-wrapper fusion-flex-column-wrapper-legacy\"><div class=\"fusion-text fusion-text-6\"><p class=\"subtitle-aa\">N\u00c4RINGSINNEH\u00c5LL<\/p>\n<\/div><div class=\"fusion-text fusion-text-7\"><div class=\"table-1\">\n<table class=\"tb\" width=\"100%\">\n<tbody>\n<tr class=\"table-row_border\">\n<td colspan=\"3\"><strong>**N\u00e4ringsfakta<\/strong><\/p>\n<p>Serveringar per beh\u00e5llare: 30<\/p>\n<p>Serveringsstorlek: 10 g<\/td>\n<td colspan=\"2\"><strong>10 g<\/strong><\/td>\n<td colspan=\"2\"><strong>100 g<\/strong><\/td>\n<\/tr>\n<tr>\n<td colspan=\"3\">Energi<\/td>\n<td colspan=\"2\">134,0 kJ \/ 32,1 kcal<\/td>\n<td colspan=\"2\">1340,1 kJ \/ 320,6 kcal<\/td>\n<\/tr>\n<tr>\n<td colspan=\"3\">Proteiner (som fria aminosyror)<\/td>\n<td colspan=\"2\">5,6 g<\/td>\n<td colspan=\"2\">56,3 g<\/td>\n<\/tr>\n<tr>\n<td colspan=\"3\">Kolhydrater<\/td>\n<td colspan=\"2\">2,4 g<\/td>\n<td colspan=\"2\">23,9 g<\/td>\n<\/tr>\n<tr>\n<td colspan=\"3\">&#8211; varav sockerarter<\/td>\n<td colspan=\"2\">0,17 g<\/td>\n<td colspan=\"2\">1,7 g<\/td>\n<\/tr>\n<tr>\n<td colspan=\"3\">Fetter<\/td>\n<td colspan=\"2\">0 g<\/td>\n<td colspan=\"2\">0 g<\/td>\n<\/tr>\n<tr>\n<td colspan=\"3\"><strong>Essentiella aminosyror<\/strong><\/td>\n<td colspan=\"2\"><strong>5630 mg<\/strong><\/td>\n<td colspan=\"2\"><strong>56300 mg<\/strong><\/td>\n<\/tr>\n<tr>\n<td colspan=\"3\">L-Leucin<\/td>\n<td colspan=\"2\">1126 mg<\/td>\n<td colspan=\"2\">11260 mg<\/td>\n<\/tr>\n<tr>\n<td colspan=\"3\">L-Valin<\/td>\n<td colspan=\"2\">900 mg<\/td>\n<td colspan=\"2\">9000 mg<\/td>\n<\/tr>\n<tr>\n<td colspan=\"3\">L-Isoleucin<\/td>\n<td colspan=\"2\">845 mg<\/td>\n<td colspan=\"2\">8450 mg<\/td>\n<\/tr>\n<tr>\n<td colspan=\"3\">L-Lysin<\/td>\n<td colspan=\"2\">788 mg<\/td>\n<td colspan=\"2\">7880 mg<\/td>\n<\/tr>\n<tr>\n<td colspan=\"3\">L-Fenylalanin<\/td>\n<td colspan=\"2\">732 mg<\/td>\n<td colspan=\"2\">7320 mg<\/td>\n<\/tr>\n<tr>\n<td colspan=\"3\">L-Treonin<\/td>\n<td colspan=\"2\">620 mg<\/td>\n<td colspan=\"2\">6200 mg<\/td>\n<\/tr>\n<tr>\n<td colspan=\"3\">L-Metionin<\/td>\n<td colspan=\"2\">394 mg<\/td>\n<td colspan=\"2\">3940 mg<\/td>\n<\/tr>\n<tr>\n<td colspan=\"3\">L-Tryptofan<\/td>\n<td colspan=\"2\">225 mg<\/td>\n<td colspan=\"2\">2250 mg<\/td>\n<\/tr>\n<tr>\n<td colspan=\"7\"><strong>Vitaminer och mineralblandning<\/strong><\/td>\n<\/tr>\n<tr>\n<td colspan=\"3\">Kalium (som kaliumcitrat)<\/td>\n<td colspan=\"2\">76 mg (3,8%*)<\/td>\n<td colspan=\"2\">760 mg (38,0%*)<\/td>\n<\/tr>\n<tr>\n<td colspan=\"3\">Natrium (som trinatriumcitrat, natriumklorid)<\/td>\n<td colspan=\"2\">74 mg<\/td>\n<td colspan=\"2\">740 mg<\/td>\n<\/tr>\n<tr>\n<td colspan=\"3\">Kalcium (som trikalciumcitrat)<\/td>\n<td colspan=\"2\">43 mg (5,4%*)<\/td>\n<td colspan=\"2\">430 mg (53,8%*)<\/td>\n<\/tr>\n<tr>\n<td colspan=\"3\">Magnesium (som magnesiumcitrat)<\/td>\n<td colspan=\"2\">24 mg (6,4%*)<\/td>\n<td colspan=\"2\">240 mg (64,0%*)<\/td>\n<\/tr>\n<tr>\n<td colspan=\"3\">Vitamin C (askorbinsyra)<\/td>\n<td colspan=\"2\">60 mg (75,0%*)<\/td>\n<td colspan=\"2\">600 mg (750%*)<\/td>\n<\/tr>\n<tr>\n<td colspan=\"3\">Vitamin B6 (pyridoxinhydroklorid)<\/td>\n<td colspan=\"2\">0,66 mg (47,1%*)<\/td>\n<td colspan=\"2\">6,6 mg (471,4%*)<\/td>\n<\/tr>\n<tr>\n<td colspan=\"7\">** N\u00e4ringsinformation kan variera n\u00e5got mellan olika smaker.<\/p>\n<p>NRVs-N\u00e4ringsreferensv\u00e4rden<\/td>\n<\/tr>\n<\/tbody>\n<\/table>\n<\/div>\n<\/div><div class=\"fusion-clearfix\"><\/div><\/div><\/div><\/div><\/div><\/p>\n","protected":false},"excerpt":{"rendered":"","protected":false},"author":1,"featured_media":0,"parent":21557,"menu_order":0,"comment_status":"closed","ping_status":"closed","template":"","meta":{"footnotes":""},"class_list":["post-21583","page","type-page","status-publish","hentry"],"_links":{"self":[{"href":"https:\/\/vikingforce.se\/sv\/wp-json\/wp\/v2\/pages\/21583","targetHints":{"allow":["GET"]}}],"collection":[{"href":"https:\/\/vikingforce.se\/sv\/wp-json\/wp\/v2\/pages"}],"about":[{"href":"https:\/\/vikingforce.se\/sv\/wp-json\/wp\/v2\/types\/page"}],"author":[{"embeddable":true,"href":"https:\/\/vikingforce.se\/sv\/wp-json\/wp\/v2\/users\/1"}],"replies":[{"embeddable":true,"href":"https:\/\/vikingforce.se\/sv\/wp-json\/wp\/v2\/comments?post=21583"}],"version-history":[{"count":7,"href":"https:\/\/vikingforce.se\/sv\/wp-json\/wp\/v2\/pages\/21583\/revisions"}],"predecessor-version":[{"id":23728,"href":"https:\/\/vikingforce.se\/sv\/wp-json\/wp\/v2\/pages\/21583\/revisions\/23728"}],"up":[{"embeddable":true,"href":"https:\/\/vikingforce.se\/sv\/wp-json\/wp\/v2\/pages\/21557"}],"wp:attachment":[{"href":"https:\/\/vikingforce.se\/sv\/wp-json\/wp\/v2\/media?parent=21583"}],"curies":[{"name":"wp","href":"https:\/\/api.w.org\/{rel}","templated":true}]}}