{"id":21570,"date":"2024-02-06T08:29:11","date_gmt":"2024-02-06T08:29:11","guid":{"rendered":"https:\/\/vikingforce.se\/fury-line\/fury-bcaa\/"},"modified":"2025-06-13T13:22:23","modified_gmt":"2025-06-13T13:22:23","slug":"fury-bcaa","status":"publish","type":"page","link":"https:\/\/vikingforce.se\/sv\/fury-line\/fury-bcaa\/","title":{"rendered":"FURY BCAA"},"content":{"rendered":"<p><div class=\"fusion-fullwidth fullwidth-box fusion-builder-row-1 hundred-percent-fullwidth non-hundred-percent-height-scrolling fusion-equal-height-columns\" style=\"--awb-background-position:left top;--awb-border-color:#f6f6f6;--awb-border-radius-top-left:0px;--awb-border-radius-top-right:0px;--awb-border-radius-bottom-right:0px;--awb-border-radius-bottom-left:0px;--awb-padding-top:1px;--awb-padding-right:0px;--awb-padding-bottom:30px;--awb-padding-left:0px;--awb-background-color:#fff;--awb-border-sizes-top:0px;--awb-border-sizes-bottom:0px;--awb-flex-wrap:wrap;\" ><div class=\"fusion-builder-row fusion-row\"><div class=\"fusion-layout-column fusion_builder_column fusion-builder-column-0 fusion_builder_column_1_2 1_2 fusion-one-half fusion-column-first\" style=\"--awb-bg-size:cover;width:48%; margin-right: 4%;\"><div class=\"fusion-column-wrapper fusion-flex-column-wrapper-legacy\"><div class=\"fusion-sep-clear\"><\/div><div class=\"fusion-separator fusion-full-width-sep\" style=\"margin-left: auto;margin-right: auto;margin-top:60px;width:100%;\"><\/div><div class=\"fusion-sep-clear\"><\/div><div class=\"fusion-text fusion-text-1\"><p><a href=\"https:\/\/vikingforce.se\/wp-content\/uploads\/2024\/02\/fury-bcaa.png\"><img decoding=\"async\" class=\"alignnone size-full wp-image-21617\" src=\"https:\/\/vikingforce.se\/wp-content\/uploads\/2024\/02\/fury-bcaa.png\" alt=\"\" width=\"600\" height=\"600\" srcset=\"https:\/\/vikingforce.se\/wp-content\/uploads\/2024\/02\/fury-bcaa-66x66.png 66w, https:\/\/vikingforce.se\/wp-content\/uploads\/2024\/02\/fury-bcaa-150x150.png 150w, https:\/\/vikingforce.se\/wp-content\/uploads\/2024\/02\/fury-bcaa-200x200.png 200w, https:\/\/vikingforce.se\/wp-content\/uploads\/2024\/02\/fury-bcaa-300x300.png 300w, https:\/\/vikingforce.se\/wp-content\/uploads\/2024\/02\/fury-bcaa-400x400.png 400w, https:\/\/vikingforce.se\/wp-content\/uploads\/2024\/02\/fury-bcaa.png 600w\" sizes=\"(max-width: 600px) 100vw, 600px\" \/><\/a><\/p>\n<\/div><div class=\"fusion-clearfix\"><\/div><\/div><\/div><div class=\"fusion-layout-column fusion_builder_column fusion-builder-column-1 fusion_builder_column_1_2 1_2 fusion-one-half fusion-column-last\" style=\"--awb-bg-size:cover;width:48%;\"><div class=\"fusion-column-wrapper fusion-flex-column-wrapper-legacy\"><div class=\"fusion-title title fusion-title-1 fusion-sep-none fusion-title-text fusion-title-size-one title-wg\" style=\"--awb-margin-bottom:5px;\"><h1 class=\"fusion-title-heading title-heading-left\" style=\"margin:0;\"><span style=\"font-size: var(--h1_typography-font-size); font-style: var(--h1_typography-font-style,normal); font-weight: var(--h1_typography-font-weight); letter-spacing: var(--h1_typography-letter-spacing);\">FURY BCAA <\/span><\/h1><\/div><div class=\"fusion-text fusion-text-2\"><p style=\"text-align: center;\">(Kosttillskott)<\/p>\n<\/div><div class=\"fusion-text fusion-text-3\"><p class=\"subtitle-wg\" style=\"text-align: center;\">Nettovikt: 450 g<\/p>\n<\/p>\n<p class=\"subtitle-wg\" style=\"text-align: center;\">F\u00f6rpackning: 300 tabletter<\/p>\n<\/div><div class=\"fusion-clearfix\"><\/div><\/div><\/div><\/div><\/div><div class=\"fusion-fullwidth fullwidth-box fusion-builder-row-2 nonhundred-percent-fullwidth non-hundred-percent-height-scrolling\" style=\"--awb-border-color:#f6f6f6;--awb-border-radius-top-left:0px;--awb-border-radius-top-right:0px;--awb-border-radius-bottom-right:0px;--awb-border-radius-bottom-left:0px;--awb-padding-top:10px;--awb-padding-right:0px;--awb-padding-bottom:0px;--awb-padding-left:0px;--awb-background-color:#fff;--awb-border-sizes-top:0px;--awb-border-sizes-bottom:0px;--awb-flex-wrap:wrap;\" ><div class=\"fusion-builder-row fusion-row\"><div class=\"fusion-layout-column fusion_builder_column fusion-builder-column-2 fusion_builder_column_2_5 2_5 fusion-two-fifth fusion-column-first\" style=\"--awb-bg-size:cover;width:37.6%; margin-right: 4%;\"><div class=\"fusion-column-wrapper fusion-flex-column-wrapper-legacy\"><div class=\"fusion-text fusion-text-4\"><p class=\"subtitle-aa\"><span style=\"color: #c46f00;\">Smaker :<\/span> <span style=\"font-weight: normal; color: #747474;\">Naturell<\/span><\/p>\n<\/p>\n<p style=\"color: #c46f00;\"><b>Anvisningar f\u00f6r anv\u00e4ndning:<\/b><\/p>\n<p>Ta 4 tabletter dagligen: f\u00f6re eller omedelbart efter tr\u00e4ning.<\/p>\n<p class=\"subtitle-aa\"><span style=\"color: #c46f00;\">Ingredi<\/span><span style=\"color: #c46f00;\"><span style=\"color: #c46f00;\">enser<\/span>:<\/span><\/p>\n<p>BCAA 2:1:1 (L-Leucin, L-Valin, L-Isoleucin).<\/p>\n<p style=\"color: #c46f00;\"><b>Inaktiva<span style=\"color: #c46f00;\"> ingredienser:<\/span><\/b><\/p>\n<p>Fyllnadsmedel (mikrokristallin cellulosa, dikalciumfosfat), klumpf\u00f6rebyggande medel (magnesiumstearat, kiseldioxid, hydrogenerad bomullsfr\u00f6olja).<\/p>\n<p><span style=\"color: #747474;\"><b style=\"color: #c46f00;\">Allergiinformation:<\/b><\/span><\/p>\n<p>Tillverkas i en anl\u00e4ggning som ocks\u00e5 bearbetar mj\u00f6lk, soja, \u00e4gg och veteproteiner!<span style=\"color: #747474;\"><br \/>\n<\/span><\/p>\n<p><span style=\"color: #c46f00;\"><b>Varningar! <\/b><\/span>F\u00f6rvaras o\u00e5tkomligt och utom synh\u00e5ll f\u00f6r barn! Ej avsedd f\u00f6r gravida eller ammande kvinnor! \u00d6verskrid inte den rekommenderade dagliga dosen. Kosttillskott ers\u00e4tter inte en varierad kost. R\u00e5dfr\u00e5ga din l\u00e4kare innan anv\u00e4ndning.<\/p>\n<p><span style=\"color: #c46f00;\"><b>F\u00f6rvaringsf\u00f6rh\u00e5llanden:<\/b><\/span> F\u00f6rvara svalt och torrt. Uts\u00e4tt inte f\u00f6r \u00f6verdriven v\u00e4rme, fukt eller solljus.<\/p>\n<p><span style=\"color: #c46f00;\"><b>H\u00e5llbarhet: <\/b><\/span>B\u00e4st f\u00f6re utg\u00e5ngsdatumet p\u00e5 f\u00f6rpackningen<\/p>\n<p>&nbsp;<\/p>\n<\/div><div class=\"fusion-clearfix\"><\/div><\/div><\/div><div class=\"fusion-layout-column fusion_builder_column fusion-builder-column-3 fusion_builder_column_3_5 3_5 fusion-three-fifth fusion-column-last\" style=\"--awb-bg-size:cover;--awb-margin-bottom:1px;width:58.4%;\"><div class=\"fusion-column-wrapper fusion-flex-column-wrapper-legacy\"><div class=\"fusion-text fusion-text-5\"><p style=\"color: #c46f00;\"><strong>N\u00c4RINGSFAKTA<\/strong><\/p>\n<\/div><div class=\"fusion-text fusion-text-6\"><div class=\"table-1\">\n<table class=\"tb\" width=\"100%\">\n<tbody>\n<tr class=\"table-row_border\">\n<td colspan=\"3\"><strong>Portionsstorlek: 4 tabletter<\/strong><\/td>\n<td><b>Per 100 g produkt<\/b><\/td>\n<td><strong>Per portion<\/strong><\/td>\n<\/tr>\n<tr>\n<td colspan=\"3\">BCAA 2:1:1<\/td>\n<td>80 000 mg<\/td>\n<td>4800 mg<\/td>\n<\/tr>\n<tr>\n<td colspan=\"5\"><em><strong> varav: <\/strong><\/em><\/td>\n<\/tr>\n<tr>\n<td colspan=\"3\">L-leucin<\/td>\n<td>40 000 mg<\/td>\n<td>2400 mg<\/td>\n<\/tr>\n<tr>\n<td colspan=\"3\">L-valin<\/td>\n<td>20 000 mg<\/td>\n<td>1200 mg<\/td>\n<\/tr>\n<tr>\n<td colspan=\"3\">L-isoleucin<\/td>\n<td>20 000 mg<\/td>\n<td>1200 mg<\/td>\n<\/tr>\n<\/tbody>\n<\/table>\n<\/div>\n<\/div><div class=\"fusion-clearfix\"><\/div><\/div><\/div><\/div><\/div><\/p>\n","protected":false},"excerpt":{"rendered":"","protected":false},"author":1,"featured_media":0,"parent":21557,"menu_order":0,"comment_status":"closed","ping_status":"closed","template":"","meta":{"footnotes":""},"class_list":["post-21570","page","type-page","status-publish","hentry"],"_links":{"self":[{"href":"https:\/\/vikingforce.se\/sv\/wp-json\/wp\/v2\/pages\/21570","targetHints":{"allow":["GET"]}}],"collection":[{"href":"https:\/\/vikingforce.se\/sv\/wp-json\/wp\/v2\/pages"}],"about":[{"href":"https:\/\/vikingforce.se\/sv\/wp-json\/wp\/v2\/types\/page"}],"author":[{"embeddable":true,"href":"https:\/\/vikingforce.se\/sv\/wp-json\/wp\/v2\/users\/1"}],"replies":[{"embeddable":true,"href":"https:\/\/vikingforce.se\/sv\/wp-json\/wp\/v2\/comments?post=21570"}],"version-history":[{"count":8,"href":"https:\/\/vikingforce.se\/sv\/wp-json\/wp\/v2\/pages\/21570\/revisions"}],"predecessor-version":[{"id":23721,"href":"https:\/\/vikingforce.se\/sv\/wp-json\/wp\/v2\/pages\/21570\/revisions\/23721"}],"up":[{"embeddable":true,"href":"https:\/\/vikingforce.se\/sv\/wp-json\/wp\/v2\/pages\/21557"}],"wp:attachment":[{"href":"https:\/\/vikingforce.se\/sv\/wp-json\/wp\/v2\/media?parent=21570"}],"curies":[{"name":"wp","href":"https:\/\/api.w.org\/{rel}","templated":true}]}}