{"id":21566,"date":"2024-02-06T08:22:50","date_gmt":"2024-02-06T08:22:50","guid":{"rendered":"https:\/\/vikingforce.se\/fury-line\/fury-creatine\/"},"modified":"2025-06-13T13:24:17","modified_gmt":"2025-06-13T13:24:17","slug":"fury-creatine","status":"publish","type":"page","link":"https:\/\/vikingforce.se\/sv\/fury-line\/fury-creatine\/","title":{"rendered":"FURY CREATINE"},"content":{"rendered":"<p><div class=\"fusion-fullwidth fullwidth-box fusion-builder-row-1 nonhundred-percent-fullwidth non-hundred-percent-height-scrolling\" style=\"--awb-border-radius-top-left:0px;--awb-border-radius-top-right:0px;--awb-border-radius-bottom-right:0px;--awb-border-radius-bottom-left:0px;--awb-flex-wrap:wrap;\" ><div class=\"fusion-builder-row fusion-row\"><div class=\"fusion-layout-column fusion_builder_column fusion-builder-column-0 fusion_builder_column_1_2 1_2 fusion-one-half fusion-column-first\" style=\"--awb-bg-size:cover;width:50%;width:calc(50% - ( ( 4% ) * 0.5 ) );margin-right: 4%;\"><div class=\"fusion-column-wrapper fusion-column-has-shadow fusion-flex-column-wrapper-legacy\"><div class=\"fusion-image-carousel fusion-image-carousel-auto fusion-image-carousel-1 fusion-carousel-border\"><div class=\"awb-carousel awb-swiper awb-swiper-carousel awb-swiper-dots-position-bottom awb-carousel--carousel\" data-layout=\"carousel\" data-autoplay=\"no\" data-autoplayspeed=\"2500\" data-autoplaypause=\"no\" data-columns=\"1\" data-itemmargin=\"13\" data-itemwidth=\"180\" data-touchscroll=\"no\" data-freemode=\"no\" data-imagesize=\"auto\" data-scrollitems=\"0\" data-centeredslides=\"no\" data-rotationangle=\"50\" data-depth=\"100\" data-speed=\"500\" data-shadow=\"no\" style=\"--awb-columns:1;--awb-border-width:1px;--awb-border-color:#e9eaee;\"><div class=\"swiper-wrapper awb-image-carousel-wrapper fusion-flex-align-items-center\"><div class=\"swiper-slide\"><div class=\"fusion-carousel-item-wrapper\"><div class=\"fusion-image-wrapper hover-type-none\"><img decoding=\"async\" width=\"600\" height=\"600\" src=\"https:\/\/vikingforce.se\/wp-content\/uploads\/2024\/02\/fury-creatine-cherry.png\" class=\"attachment-full size-full\" alt=\"\" srcset=\"https:\/\/vikingforce.se\/wp-content\/uploads\/2024\/02\/fury-creatine-cherry-66x66.png 66w, https:\/\/vikingforce.se\/wp-content\/uploads\/2024\/02\/fury-creatine-cherry-150x150.png 150w, https:\/\/vikingforce.se\/wp-content\/uploads\/2024\/02\/fury-creatine-cherry-200x200.png 200w, https:\/\/vikingforce.se\/wp-content\/uploads\/2024\/02\/fury-creatine-cherry-300x300.png 300w, https:\/\/vikingforce.se\/wp-content\/uploads\/2024\/02\/fury-creatine-cherry-400x400.png 400w, https:\/\/vikingforce.se\/wp-content\/uploads\/2024\/02\/fury-creatine-cherry.png 600w\" sizes=\"(max-width: 600px) 100vw, 600px\" \/><\/div><\/div><\/div><div class=\"swiper-slide\"><div class=\"fusion-carousel-item-wrapper\"><div class=\"fusion-image-wrapper hover-type-none\"><img decoding=\"async\" width=\"600\" height=\"600\" src=\"https:\/\/vikingforce.se\/wp-content\/uploads\/2024\/02\/fury-creatine-cola-new-1.png\" class=\"attachment-full size-full\" alt=\"\" srcset=\"https:\/\/vikingforce.se\/wp-content\/uploads\/2024\/02\/fury-creatine-cola-new-1-66x66.png 66w, https:\/\/vikingforce.se\/wp-content\/uploads\/2024\/02\/fury-creatine-cola-new-1-150x150.png 150w, https:\/\/vikingforce.se\/wp-content\/uploads\/2024\/02\/fury-creatine-cola-new-1-200x200.png 200w, https:\/\/vikingforce.se\/wp-content\/uploads\/2024\/02\/fury-creatine-cola-new-1-300x300.png 300w, https:\/\/vikingforce.se\/wp-content\/uploads\/2024\/02\/fury-creatine-cola-new-1-400x400.png 400w, https:\/\/vikingforce.se\/wp-content\/uploads\/2024\/02\/fury-creatine-cola-new-1.png 600w\" sizes=\"(max-width: 600px) 100vw, 600px\" \/><\/div><\/div><\/div><\/div><div class=\"awb-swiper-button awb-swiper-button-prev\"><i class=\"awb-icon-angle-left\" aria-hidden=\"true\"><\/i><\/div><div class=\"awb-swiper-button awb-swiper-button-next\"><i class=\"awb-icon-angle-right\" aria-hidden=\"true\"><\/i><\/div><\/div><\/div><div class=\"fusion-clearfix\"><\/div><\/div><\/div><div class=\"fusion-layout-column fusion_builder_column fusion-builder-column-1 fusion_builder_column_1_2 1_2 fusion-one-half fusion-column-last\" style=\"--awb-bg-size:cover;width:50%;width:calc(50% - ( ( 4% ) * 0.5 ) );\"><div class=\"fusion-column-wrapper fusion-column-has-shadow fusion-flex-column-wrapper-legacy\"><div class=\"fusion-title title fusion-title-1 fusion-sep-none fusion-title-text fusion-title-size-one title-wg\" style=\"--awb-margin-bottom:5px;\"><h1 class=\"fusion-title-heading title-heading-left\" style=\"margin:0;\"><div style=\"text-align: center;\"><span style=\"font-size: var(--h1_typography-font-size); font-style: var(--h1_typography-font-style,normal); font-weight: var(--h1_typography-font-weight); letter-spacing: var(--h1_typography-letter-spacing); background-color: rgba(255, 255, 255, 0);\">VIKING FURY CREATINE <\/span><\/div><\/h1><\/div><div class=\"fusion-text fusion-text-1\"><p style=\"text-align: center;\">(Kosttillskott)<\/p>\n<\/div><div class=\"fusion-text fusion-text-2\"><p class=\"subtitle-wg\" style=\"text-align: center;\">NETTOVIKT: 300 g<\/p>\n<\/p>\n<p class=\"subtitle-wg\" style=\"text-align: center;\">Portioner\/Beh\u00e5llare: 50<\/p>\n<\/div><div class=\"fusion-clearfix\"><\/div><\/div><\/div><\/div><\/div><div class=\"fusion-fullwidth fullwidth-box fusion-builder-row-2 nonhundred-percent-fullwidth non-hundred-percent-height-scrolling\" style=\"--awb-border-color:#f6f6f6;--awb-border-radius-top-left:0px;--awb-border-radius-top-right:0px;--awb-border-radius-bottom-right:0px;--awb-border-radius-bottom-left:0px;--awb-padding-top:10px;--awb-padding-right:0px;--awb-padding-bottom:0px;--awb-padding-left:0px;--awb-background-color:#fff;--awb-border-sizes-top:0px;--awb-border-sizes-bottom:0px;--awb-flex-wrap:wrap;\" ><div class=\"fusion-builder-row fusion-row\"><div class=\"fusion-layout-column fusion_builder_column fusion-builder-column-2 fusion_builder_column_1_1 1_1 fusion-one-full fusion-column-first fusion-column-last\" style=\"--awb-bg-size:cover;\"><div class=\"fusion-column-wrapper fusion-flex-column-wrapper-legacy\"><div class=\"fusion-text fusion-text-3\"><p class=\"subtitle-wg\">Smaker : <span style=\"font-weight: normal; color: #747474;\">Cola , k\u00f6rsb\u00e4r<\/span><\/p>\n<\/div><div class=\"fusion-clearfix\"><\/div><\/div><\/div><div class=\"fusion-layout-column fusion_builder_column fusion-builder-column-3 fusion_builder_column_1_2 1_2 fusion-one-half fusion-column-first\" style=\"--awb-bg-size:cover;width:48%; margin-right: 4%;\"><div class=\"fusion-column-wrapper fusion-flex-column-wrapper-legacy\"><div class=\"fusion-text fusion-text-4\"><p class=\"subtitle-wg\">Anv\u00e4ndningsinstruktioner:<\/p>\n<p><span style=\"color: var(--body_typography-color); font-family: var(--body_typography-font-family); font-size: var(--body_typography-font-size); font-style: var(--body_typography-font-style,normal); font-weight: var(--body_typography-font-weight); letter-spacing: var(--body_typography-letter-spacing);\">Blanda 6 gram (1\/2 skopa) med 150 ml vatten i en shaker och skaka i 30 sekunder. Konsumera 1 portion dagligen, 30 minuter f\u00f6re tr\u00e4ning.<\/span><\/p>\n<p class=\"subtitle-wg\">Ingredienser :<\/p>\n<\/p>\n<p class=\"subtitle-wg\">&#8211; f\u00f6r cola smak<\/p>\n<p>Kreatinmonohydrat, Maltodextrin, F\u00f6rtjockningsmedel (Citronsyra), Smak\u00e4mnen, S\u00f6tningsmedel (Sukralos, Acesulfam K), F\u00e4rg\u00e4mne (Karamell), Pyridoxinhydroklorid.<\/p>\n<p style=\"color: #000000;\"><b>&#8211; f\u00f6r k\u00f6rsb\u00e4rssmak<\/b><\/p>\n<\/p>\n<p style=\"color: #000000;\"><span style=\"color: #747474;\">Kreatinmonohydrat, F\u00f6rtjockningsmedel (Citronsyra), Maltodextrin, Antiklumpningsmedel (Kiseldioxid), Smak\u00e4mnen, S\u00f6tningsmedel (Sukralos, Acesulfam K), F\u00e4rg\u00e4mne (Karmin), Pyridoxinhydroklorid. <\/span><\/p>\n<\/p>\n<p class=\"subtitle-wg\">Allergiinformation :<\/p>\n<p>Kan inneh\u00e5lla sp\u00e5r av mj\u00f6lk, soja, \u00e4gg och vete (gluten).<\/p>\n<p class=\"subtitle-wg\">Viktig information :<\/p>\n<p>Denna produkt \u00e4r ett kosttillskott. Anv\u00e4nd denna produkt tillsammans med mat som en del av en h\u00e4lsosam och balanserad kost, inte som ett substitut f\u00f6r s\u00e5dan. F\u00f6rvara utom r\u00e4ckh\u00e5ll f\u00f6r barn. Ej avsedd f\u00f6r anv\u00e4ndning av barn, gravida eller ammande kvinnor! \u00d6verskrid inte den rekommenderade dagliga dosen.<\/p>\n<p>F\u00f6rvara p\u00e5 en sval, torr plats. Uts\u00e4tt inte f\u00f6r \u00f6verdriven v\u00e4rme, fuktighet eller solljus. B\u00e4st f\u00f6re datumet som anges p\u00e5 f\u00f6rpackningen.<\/p>\n<\/div><div class=\"fusion-clearfix\"><\/div><\/div><\/div><div class=\"fusion-layout-column fusion_builder_column fusion-builder-column-4 fusion_builder_column_1_2 1_2 fusion-one-half fusion-column-last\" style=\"--awb-bg-size:cover;width:48%;\"><div class=\"fusion-column-wrapper fusion-flex-column-wrapper-legacy\"><div class=\"fusion-text fusion-text-5\"><p class=\"subtitle-wg\">N\u00c4RINGSFAKTA<\/p>\n<\/div><div class=\"fusion-text fusion-text-6\"><div class=\"table-1\">\n<table class=\"tb\" width=\"100%\">\n<tbody>\n<tr class=\"table-row_border\">\n<td colspan=\"3\"><strong>N\u00e4ringsinneh\u00e5ll per:<\/strong><\/p>\n<p>Portioner per beh\u00e5llare: 50<\/p>\n<p>Portionsstorlek: 6 g (1\/2 skopa)<\/td>\n<td colspan=\"2\"><b>6 g<\/b><\/td>\n<td colspan=\"2\"><b>100 g<\/b><\/td>\n<\/tr>\n<tr>\n<td colspan=\"3\">Energiv\u00e4rde<\/td>\n<td colspan=\"2\">9,4 kJ \/ 2,3 kcal<\/td>\n<td colspan=\"2\">156,7 kJ \/ 37,5 kcal<\/td>\n<\/tr>\n<tr>\n<td colspan=\"3\">Kolhydrater<\/td>\n<td colspan=\"2\">0,56 g<\/td>\n<td colspan=\"2\">9,4 g<\/td>\n<\/tr>\n<tr>\n<td colspan=\"3\">&#8211; varav socker<\/td>\n<td colspan=\"2\">0,04 g<\/td>\n<td colspan=\"2\">0,69 g<\/td>\n<\/tr>\n<tr>\n<td colspan=\"3\">Kreatinmonohydrat<\/td>\n<td colspan=\"2\">5000 mg<\/td>\n<td colspan=\"2\">84000 mg<\/td>\n<\/tr>\n<tr>\n<td colspan=\"3\">Vitamin B6 (Pyridoxinhydroklorid)<\/td>\n<td colspan=\"2\">0,40 mg (28,6 %*)<\/td>\n<td colspan=\"2\">6,6 mg (471,4 %*)<\/td>\n<\/tr>\n<tr>\n<td colspan=\"7\">*NRV &#8211; N\u00e4ringsreferensv\u00e4rde<\/td>\n<\/tr>\n<\/tbody>\n<\/table>\n<\/div>\n<\/div><div class=\"fusion-clearfix\"><\/div><\/div><\/div><\/div><\/div><\/p>\n","protected":false},"excerpt":{"rendered":"","protected":false},"author":1,"featured_media":0,"parent":21557,"menu_order":0,"comment_status":"closed","ping_status":"closed","template":"","meta":{"footnotes":""},"class_list":["post-21566","page","type-page","status-publish","hentry"],"_links":{"self":[{"href":"https:\/\/vikingforce.se\/sv\/wp-json\/wp\/v2\/pages\/21566","targetHints":{"allow":["GET"]}}],"collection":[{"href":"https:\/\/vikingforce.se\/sv\/wp-json\/wp\/v2\/pages"}],"about":[{"href":"https:\/\/vikingforce.se\/sv\/wp-json\/wp\/v2\/types\/page"}],"author":[{"embeddable":true,"href":"https:\/\/vikingforce.se\/sv\/wp-json\/wp\/v2\/users\/1"}],"replies":[{"embeddable":true,"href":"https:\/\/vikingforce.se\/sv\/wp-json\/wp\/v2\/comments?post=21566"}],"version-history":[{"count":8,"href":"https:\/\/vikingforce.se\/sv\/wp-json\/wp\/v2\/pages\/21566\/revisions"}],"predecessor-version":[{"id":23725,"href":"https:\/\/vikingforce.se\/sv\/wp-json\/wp\/v2\/pages\/21566\/revisions\/23725"}],"up":[{"embeddable":true,"href":"https:\/\/vikingforce.se\/sv\/wp-json\/wp\/v2\/pages\/21557"}],"wp:attachment":[{"href":"https:\/\/vikingforce.se\/sv\/wp-json\/wp\/v2\/media?parent=21566"}],"curies":[{"name":"wp","href":"https:\/\/api.w.org\/{rel}","templated":true}]}}