{"id":21347,"date":"2024-01-23T09:05:57","date_gmt":"2024-01-23T09:05:57","guid":{"rendered":"https:\/\/vikingforce.se\/weight-gainers\/gold-creatine\/"},"modified":"2025-05-15T08:03:02","modified_gmt":"2025-05-15T08:03:02","slug":"gold-creatine","status":"publish","type":"page","link":"https:\/\/vikingforce.se\/sv\/gold-line\/gold-creatine\/","title":{"rendered":"GOLD CREATINE"},"content":{"rendered":"<p><div class=\"fusion-fullwidth fullwidth-box fusion-builder-row-1 hundred-percent-fullwidth non-hundred-percent-height-scrolling fusion-equal-height-columns\" style=\"--awb-background-position:left top;--awb-border-color:#f6f6f6;--awb-border-radius-top-left:0px;--awb-border-radius-top-right:0px;--awb-border-radius-bottom-right:0px;--awb-border-radius-bottom-left:0px;--awb-padding-top:1px;--awb-padding-right:0px;--awb-padding-bottom:30px;--awb-padding-left:0px;--awb-background-color:#fff;--awb-border-sizes-top:0px;--awb-border-sizes-bottom:0px;--awb-flex-wrap:wrap;\" ><div class=\"fusion-builder-row fusion-row\"><div class=\"fusion-layout-column fusion_builder_column fusion-builder-column-0 fusion_builder_column_1_2 1_2 fusion-one-half fusion-column-first\" style=\"--awb-bg-size:cover;width:48%; margin-right: 4%;\"><div class=\"fusion-column-wrapper fusion-flex-column-wrapper-legacy\"><div class=\"fusion-sep-clear\"><\/div><div class=\"fusion-separator fusion-full-width-sep\" style=\"margin-left: auto;margin-right: auto;margin-top:60px;width:100%;\"><\/div><div class=\"fusion-sep-clear\"><\/div><div class=\"fusion-text fusion-text-1\"><p style=\"text-align: center;\"><a href=\"https:\/\/vikingforce.se\/wp-content\/uploads\/2023\/06\/GOLD-CREATINE.png\"><img decoding=\"async\" class=\"alignnone wp-image-20953 size-full\" src=\"https:\/\/vikingforce.se\/wp-content\/uploads\/2023\/06\/GOLD-CREATINE.png\" alt=\"\" width=\"1080\" height=\"1080\" srcset=\"https:\/\/vikingforce.se\/wp-content\/uploads\/2023\/06\/GOLD-CREATINE-66x66.png 66w, https:\/\/vikingforce.se\/wp-content\/uploads\/2023\/06\/GOLD-CREATINE-150x150.png 150w, https:\/\/vikingforce.se\/wp-content\/uploads\/2023\/06\/GOLD-CREATINE-200x200.png 200w, https:\/\/vikingforce.se\/wp-content\/uploads\/2023\/06\/GOLD-CREATINE-300x300.png 300w, https:\/\/vikingforce.se\/wp-content\/uploads\/2023\/06\/GOLD-CREATINE-400x400.png 400w, https:\/\/vikingforce.se\/wp-content\/uploads\/2023\/06\/GOLD-CREATINE-600x600.png 600w, https:\/\/vikingforce.se\/wp-content\/uploads\/2023\/06\/GOLD-CREATINE-768x768.png 768w, https:\/\/vikingforce.se\/wp-content\/uploads\/2023\/06\/GOLD-CREATINE-800x800.png 800w, https:\/\/vikingforce.se\/wp-content\/uploads\/2023\/06\/GOLD-CREATINE-1024x1024.png 1024w, https:\/\/vikingforce.se\/wp-content\/uploads\/2023\/06\/GOLD-CREATINE.png 1080w\" sizes=\"(max-width: 1080px) 100vw, 1080px\" \/><\/a><\/p>\n<\/div><div class=\"fusion-clearfix\"><\/div><\/div><\/div><div class=\"fusion-layout-column fusion_builder_column fusion-builder-column-1 fusion_builder_column_1_2 1_2 fusion-one-half fusion-column-last\" style=\"--awb-bg-size:cover;width:48%;\"><div class=\"fusion-column-wrapper fusion-flex-column-wrapper-legacy\"><div class=\"fusion-title title fusion-title-1 fusion-sep-none fusion-title-text fusion-title-size-one title-wg\" style=\"--awb-margin-bottom:5px;\"><h1 class=\"fusion-title-heading title-heading-left\" style=\"margin:0;\"><div style=\"text-align: center;\"><span style=\"font-size: var(--h1_typography-font-size); font-style: var(--h1_typography-font-style,normal); font-weight: var(--h1_typography-font-weight); letter-spacing: var(--h1_typography-letter-spacing);\">VIKING GOLD CREATINE<\/span><\/div><\/h1><\/div><div class=\"fusion-text fusion-text-2\"><p style=\"text-align: center;\">(Kosttillskott)<\/p>\n<\/div><div class=\"fusion-text fusion-text-3\"><p class=\"subtitle-wg\" style=\"text-align: center;\">Nettovikt: 320 g<\/p>\n<p class=\"subtitle-wg\" style=\"text-align: center;\">Portioner\/beh\u00e5llare : 32<\/p>\n<\/div><div class=\"fusion-clearfix\"><\/div><\/div><\/div><\/div><\/div><div class=\"fusion-fullwidth fullwidth-box fusion-builder-row-2 nonhundred-percent-fullwidth non-hundred-percent-height-scrolling\" style=\"--awb-border-color:#f6f6f6;--awb-border-radius-top-left:0px;--awb-border-radius-top-right:0px;--awb-border-radius-bottom-right:0px;--awb-border-radius-bottom-left:0px;--awb-padding-top:10px;--awb-padding-right:0px;--awb-padding-bottom:0px;--awb-padding-left:0px;--awb-background-color:#fff;--awb-border-sizes-top:0px;--awb-border-sizes-bottom:0px;--awb-flex-wrap:wrap;\" ><div class=\"fusion-builder-row fusion-row\"><div class=\"fusion-layout-column fusion_builder_column fusion-builder-column-2 fusion_builder_column_2_5 2_5 fusion-two-fifth fusion-column-first\" style=\"--awb-bg-size:cover;width:37.6%; margin-right: 4%;\"><div class=\"fusion-column-wrapper fusion-flex-column-wrapper-legacy\"><div class=\"fusion-text fusion-text-4\"><p class=\"subtitle-st\">Smaker: <span style=\"color: var(--body_typography-color); font-family: var(--body_typography-font-family); font-size: var(- -body_typography-font-size: var(--body_typography-font-style,normal) letter-spacing);\">Hallon , Kiwi-Strawberry<\/span><\/p>\n<p class=\"subtitle-st\">Anv\u00e4ndningsanvisning:<\/p>\n<p>Blanda 10 gram (1 skopa) med 1,5 dl vatten i en shaker och skaka i 30 sekunder. Drick 2 portioner dagligen: 30 minuter f\u00f6re tr\u00e4ning och en direkt efter tr\u00e4ning.<\/p>\n<p style=\"color: #e47822;\"><b>Ingredienser:<\/b><\/p>\n<p>Kreatinmonohydrat, maltodextrin, L-glutamin, surhetsmedel (citronsyra), taurin, BCAA-mix (4:1:1), L-arginin, smak\u00e4mnen, s\u00f6tningsmedel (sukralos, acesulfam k), f\u00e4rg (karmin).<\/p>\n<p class=\"subtitle-st\">Import<span style=\"color: #e47822;\">nt information<\/span>mation:<\/p>\n<p>Denna produkt \u00e4r ett kosttillskott. Anv\u00e4nd denna produkt tillsammans med mat som en del av en h\u00e4lsosam, balanserad kost, inte som en ers\u00e4ttning f\u00f6r s\u00e5dan. F\u00f6rvara utom r\u00e4ckh\u00e5ll f\u00f6r barn. Ej avsedd f\u00f6r anv\u00e4ndning av gravida eller ammande kvinnor! \u00d6verskrid inte den rekommenderade dagliga dosen. F\u00f6rvara p\u00e5 en kall och torr plats. Uts\u00e4tt inte f\u00f6r stark v\u00e4rme, fukt eller solljus. Anv\u00e4nd f\u00f6re utg\u00e5ngsdatumet skrivet p\u00e5 f\u00f6rpackningen.<\/p>\n<p><b style=\"color: #e47822;\">Allergiinformation:<\/b><\/p>\n<p>Kan inneh\u00e5lla sp\u00e5r av mj\u00f6lk, soja, \u00e4gg och vete (gluten).<\/p>\n<p class=\"subtitle-st\">\n<\/div><div class=\"fusion-clearfix\"><\/div><\/div><\/div><div class=\"fusion-layout-column fusion_builder_column fusion-builder-column-3 fusion_builder_column_3_5 3_5 fusion-three-fifth fusion-column-last\" style=\"--awb-bg-size:cover;width:58.4%;\"><div class=\"fusion-column-wrapper fusion-flex-column-wrapper-legacy\"><div class=\"fusion-text fusion-text-5\"><p class=\"subtitle-st\">N\u00c4RINGSINNEH\u00c5LL<\/p>\n<\/div><div class=\"fusion-text fusion-text-6\"><div class=\"table-1\">\n<table class=\"tb\" width=\"100%\">\n<tbody>\n<tr class=\"table-row_border\">\n<td colspan=\"3\"><b>Portioner per beh\u00e5llare: 32<\/b><\/p>\n<p><b>Portionsstorlek: 1 skopa (cirka 10 g)<\/b><\/td>\n<td><b>10 g<\/b><\/td>\n<td><b>100 g<\/b><\/td>\n<\/tr>\n<tr>\n<td colspan=\"3\">Energiv\u00e4rde<\/td>\n<td>48,2 \u200b\u200bkJ \/ 11,5 kcal<\/td>\n<td>481,6 kJ \/ 115,2 kcal<\/td>\n<\/tr>\n<tr>\n<td colspan=\"3\">Kolhydrater<\/td>\n<td>2,9 g<\/td>\n<td>28,8 g<\/td>\n<\/tr>\n<tr>\n<td colspan=\"3\"><i>Varav socker<\/i><\/td>\n<td><i>0,03 g<\/i><\/td>\n<td><i>0,30 g<\/i><\/td>\n<\/tr>\n<tr>\n<td colspan=\"3\">Kreatinmonohydrat<\/td>\n<td>5000 mg<\/td>\n<td>50 000 mg<\/td>\n<\/tr>\n<tr>\n<td colspan=\"3\">L-glutamin<\/td>\n<td>600 mg<\/td>\n<td>6000 mg<\/td>\n<\/tr>\n<tr>\n<td colspan=\"3\">Taurine<\/td>\n<td>340 mg<\/td>\n<td>3400 mg<\/td>\n<\/tr>\n<tr>\n<td colspan=\"3\">BCAA 4:1:1<\/td>\n<td>300 mg<\/td>\n<td>3000 mg<\/td>\n<\/tr>\n<tr>\n<td colspan=\"3\"><i>L-Leucin<\/i><\/td>\n<td><i>200 mg<\/i><\/td>\n<td><i>2000 mg<\/i><\/td>\n<\/tr>\n<tr>\n<td colspan=\"3\"><i>L-isoleucin<\/i><\/td>\n<td><i>50 mg<\/i><\/td>\n<td><i>500 mg<\/i><\/td>\n<\/tr>\n<tr>\n<td colspan=\"3\"><i>L-Valine<\/i><\/td>\n<td><i>50 mg<\/i><\/td>\n<td><i>500 mg<\/i><\/td>\n<\/tr>\n<tr>\n<td colspan=\"3\">L-arginin<\/td>\n<td>150 mg<\/td>\n<td>1500 mg<\/td>\n<\/tr>\n<\/tbody>\n<\/table>\n<\/div>\n<\/div><div class=\"fusion-clearfix\"><\/div><\/div><\/div><\/div><\/div><\/p>\n","protected":false},"excerpt":{"rendered":"","protected":false},"author":1,"featured_media":0,"parent":21546,"menu_order":0,"comment_status":"closed","ping_status":"closed","template":"","meta":{"footnotes":""},"class_list":["post-21347","page","type-page","status-publish","hentry"],"_links":{"self":[{"href":"https:\/\/vikingforce.se\/sv\/wp-json\/wp\/v2\/pages\/21347","targetHints":{"allow":["GET"]}}],"collection":[{"href":"https:\/\/vikingforce.se\/sv\/wp-json\/wp\/v2\/pages"}],"about":[{"href":"https:\/\/vikingforce.se\/sv\/wp-json\/wp\/v2\/types\/page"}],"author":[{"embeddable":true,"href":"https:\/\/vikingforce.se\/sv\/wp-json\/wp\/v2\/users\/1"}],"replies":[{"embeddable":true,"href":"https:\/\/vikingforce.se\/sv\/wp-json\/wp\/v2\/comments?post=21347"}],"version-history":[{"count":15,"href":"https:\/\/vikingforce.se\/sv\/wp-json\/wp\/v2\/pages\/21347\/revisions"}],"predecessor-version":[{"id":23493,"href":"https:\/\/vikingforce.se\/sv\/wp-json\/wp\/v2\/pages\/21347\/revisions\/23493"}],"up":[{"embeddable":true,"href":"https:\/\/vikingforce.se\/sv\/wp-json\/wp\/v2\/pages\/21546"}],"wp:attachment":[{"href":"https:\/\/vikingforce.se\/sv\/wp-json\/wp\/v2\/media?parent=21347"}],"curies":[{"name":"wp","href":"https:\/\/api.w.org\/{rel}","templated":true}]}}