{"id":21342,"date":"2024-01-23T08:59:53","date_gmt":"2024-01-23T08:59:53","guid":{"rendered":"https:\/\/vikingforce.se\/weight-gainers\/gold-gainer\/"},"modified":"2025-05-14T14:55:54","modified_gmt":"2025-05-14T14:55:54","slug":"gold-gainer","status":"publish","type":"page","link":"https:\/\/vikingforce.se\/sv\/gold-line\/gold-gainer\/","title":{"rendered":"GOLD GAINER"},"content":{"rendered":"<p><div class=\"fusion-fullwidth fullwidth-box fusion-builder-row-1 hundred-percent-fullwidth non-hundred-percent-height-scrolling fusion-equal-height-columns\" style=\"--awb-background-position:left top;--awb-border-color:#f6f6f6;--awb-border-radius-top-left:0px;--awb-border-radius-top-right:0px;--awb-border-radius-bottom-right:0px;--awb-border-radius-bottom-left:0px;--awb-padding-top:1px;--awb-padding-right:0px;--awb-padding-bottom:30px;--awb-padding-left:0px;--awb-background-color:#fff;--awb-border-sizes-top:0px;--awb-border-sizes-bottom:0px;--awb-flex-wrap:wrap;\" ><div class=\"fusion-builder-row fusion-row\"><div class=\"fusion-layout-column fusion_builder_column fusion-builder-column-0 fusion_builder_column_1_2 1_2 fusion-one-half fusion-column-first\" style=\"--awb-bg-size:cover;width:48%; margin-right: 4%;\"><div class=\"fusion-column-wrapper fusion-flex-column-wrapper-legacy\"><div class=\"fusion-sep-clear\"><\/div><div class=\"fusion-separator fusion-full-width-sep\" style=\"margin-left: auto;margin-right: auto;margin-top:60px;width:100%;\"><\/div><div class=\"fusion-sep-clear\"><\/div><div class=\"fusion-text fusion-text-1\"><p style=\"text-align: center;\"><a href=\"https:\/\/vikingforce.se\/wp-content\/uploads\/2024\/07\/viking-gold-gainer-dark-cookies.png\"><img decoding=\"async\" class=\"alignnone wp-image-22911 size-full\" src=\"https:\/\/vikingforce.se\/wp-content\/uploads\/2024\/07\/viking-gold-gainer-dark-cookies.png\" alt=\"\" width=\"1080\" height=\"1080\" srcset=\"https:\/\/vikingforce.se\/wp-content\/uploads\/2024\/07\/viking-gold-gainer-dark-cookies-66x66.png 66w, https:\/\/vikingforce.se\/wp-content\/uploads\/2024\/07\/viking-gold-gainer-dark-cookies-150x150.png 150w, https:\/\/vikingforce.se\/wp-content\/uploads\/2024\/07\/viking-gold-gainer-dark-cookies-200x200.png 200w, https:\/\/vikingforce.se\/wp-content\/uploads\/2024\/07\/viking-gold-gainer-dark-cookies-300x300.png 300w, https:\/\/vikingforce.se\/wp-content\/uploads\/2024\/07\/viking-gold-gainer-dark-cookies-400x400.png 400w, https:\/\/vikingforce.se\/wp-content\/uploads\/2024\/07\/viking-gold-gainer-dark-cookies-600x600.png 600w, https:\/\/vikingforce.se\/wp-content\/uploads\/2024\/07\/viking-gold-gainer-dark-cookies-768x768.png 768w, https:\/\/vikingforce.se\/wp-content\/uploads\/2024\/07\/viking-gold-gainer-dark-cookies-800x800.png 800w, https:\/\/vikingforce.se\/wp-content\/uploads\/2024\/07\/viking-gold-gainer-dark-cookies-1024x1024.png 1024w, https:\/\/vikingforce.se\/wp-content\/uploads\/2024\/07\/viking-gold-gainer-dark-cookies.png 1080w\" sizes=\"(max-width: 1080px) 100vw, 1080px\" \/><\/a><\/p>\n<\/div><div class=\"fusion-clearfix\"><\/div><\/div><\/div><div class=\"fusion-layout-column fusion_builder_column fusion-builder-column-1 fusion_builder_column_1_2 1_2 fusion-one-half fusion-column-last\" style=\"--awb-bg-size:cover;width:48%;\"><div class=\"fusion-column-wrapper fusion-flex-column-wrapper-legacy\"><div class=\"fusion-title title fusion-title-1 fusion-sep-none fusion-title-text fusion-title-size-one title-wg\" style=\"--awb-margin-bottom:5px;\"><h1 class=\"fusion-title-heading title-heading-left\" style=\"margin:0;\">VIKING GOLD GAINER<\/h1><\/div><div class=\"fusion-text fusion-text-2\"><p style=\"text-align: center;\">(Kosttillskott)<\/p>\n<\/div><div class=\"fusion-text fusion-text-3\"><p class=\"subtitle-wg\" style=\"text-align: center;\">Nettovikt: 3500 g<\/p>\n<p class=\"subtitle-wg\" style=\"text-align: center;\">Portioner\/Beh\u00e5llare: 50<\/p>\n<\/div><div class=\"fusion-clearfix\"><\/div><\/div><\/div><\/div><\/div><div class=\"fusion-fullwidth fullwidth-box fusion-builder-row-2 nonhundred-percent-fullwidth non-hundred-percent-height-scrolling\" style=\"--awb-border-color:#f6f6f6;--awb-border-radius-top-left:0px;--awb-border-radius-top-right:0px;--awb-border-radius-bottom-right:0px;--awb-border-radius-bottom-left:0px;--awb-padding-top:10px;--awb-padding-right:0px;--awb-padding-bottom:0px;--awb-padding-left:0px;--awb-background-color:#fff;--awb-border-sizes-top:0px;--awb-border-sizes-bottom:0px;--awb-flex-wrap:wrap;\" ><div class=\"fusion-builder-row fusion-row\"><div class=\"fusion-layout-column fusion_builder_column fusion-builder-column-2 fusion_builder_column_2_5 2_5 fusion-two-fifth fusion-column-first\" style=\"--awb-bg-size:cover;width:37.6%; margin-right: 4%;\"><div class=\"fusion-column-wrapper fusion-flex-column-wrapper-legacy\"><div class=\"fusion-text fusion-text-4\"><p class=\"subtitle-st\">Smaker: <span style=\"color: var(--body_typography-color); font-family: var(--body_typography-font-family); font-size: var(--body_typography-font-size); font-style: var(--body_typography-font-style,normal); font-weight: var(--body_typography-font-weight); letter-spacing: var(--body_typography-letter-spacing);\">choklad, m\u00f6rka kakor, hallon<\/span><\/p>\n<p class=\"subtitle-st\">Anv\u00e4ndningsinstruktioner:<\/p>\n<p>Blanda 2 skopor (70 g) med 300-350 ml vatten. Beroende p\u00e5 dina n\u00e4ringsbehov, anv\u00e4nd 2-4 portioner dagligen.<\/p>\n<p style=\"color: #e47822;\"><b>Ingredienser:<\/b><\/p>\n<p>Maltodextrin, <u>vassle<\/u> proteinkoncentrat, skummat <u>mj\u00f6lk<\/u>pulver, <u>soja<\/u> proteinisolat, kakaopulver \u2013 f\u00f6r choklad- och m\u00f6rka kaksmaker, <u>vete<\/u>protein, glycin, L-lysin, smak\u00e4mne, f\u00f6rtjockningsmedel (xantangummi), f\u00e4rg\u00e4mne (karmin) \u2013 f\u00f6r hallonsmak, s\u00f6tningsmedel (sukralos, acesulfam K).<\/p>\n<p class=\"subtitle-st\">Viktig Information:<\/p>\n<p>Denna produkt \u00e4r ett kosttillskott. Anv\u00e4nd denna produkt tillsammans med mat som en del av en h\u00e4lsosam, balanserad kost, inte som en ers\u00e4ttning f\u00f6r s\u00e5dan. F\u00f6rvara utom r\u00e4ckh\u00e5ll f\u00f6r barn. Inte avsedd f\u00f6r anv\u00e4ndning av barn och gravida eller ammande kvinnor! \u00d6verskrid inte den rekommenderade dagliga dosen. F\u00f6rvara svalt och torrt. Uts\u00e4tt inte f\u00f6r \u00f6verdriven v\u00e4rme, fukt eller solljus. B\u00e4st f\u00f6re utg\u00e5ngsdatumet som st\u00e5r p\u00e5 f\u00f6rpackningen.<\/p>\n<p style=\"color: #e47822;\"><b>Allergiinformation:<\/b><\/p>\n<p>Tillverkad av mj\u00f6lk, soja och vete. Kan inneh\u00e5lla sp\u00e5r av \u00e4gg.<\/p>\n<p class=\"subtitle-st\">\n<\/div><div class=\"fusion-clearfix\"><\/div><\/div><\/div><div class=\"fusion-layout-column fusion_builder_column fusion-builder-column-3 fusion_builder_column_3_5 3_5 fusion-three-fifth fusion-column-last\" style=\"--awb-bg-size:cover;width:58.4%;\"><div class=\"fusion-column-wrapper fusion-flex-column-wrapper-legacy\"><div class=\"fusion-text fusion-text-5\"><p class=\"subtitle-st\">N\u00c4RINGSINNEH\u00c5LL<\/p>\n<\/div><div class=\"fusion-text fusion-text-6\"><div class=\"table-1\">\n<table class=\"tb\" width=\"100%\">\n<tbody>\n<tr class=\"table-row_border\">\n<td colspan=\"3\"><strong>**N\u00e4ringsfakta<\/strong><strong>Serveringar per beh\u00e5llare: 50<\/strong><\/p>\n<p>Serveringsstorlek: 2 skopor (cirka 70 g)<\/td>\n<td><strong>70 g<\/strong><\/td>\n<td><strong>100 g<\/strong><\/td>\n<\/tr>\n<tr>\n<td colspan=\"3\">Energi<\/td>\n<td>1103,2 kJ \/ 263,9 kcal<\/td>\n<td>1576,1 kJ \/ 377,0 kcal<\/td>\n<\/tr>\n<tr>\n<td colspan=\"3\">Proteiner<\/td>\n<td>28,1 g<\/td>\n<td>40,2 g<\/td>\n<\/tr>\n<tr>\n<td colspan=\"3\">Kolhydrater<\/td>\n<td>35,1 g<\/td>\n<td>50,1 g<\/td>\n<\/tr>\n<tr>\n<td colspan=\"3\"><i>Socker<\/i><\/td>\n<td>3,1 g<\/td>\n<td>4,4 g<\/td>\n<\/tr>\n<tr>\n<td colspan=\"3\">Fetter<\/td>\n<td>1,2 g<\/td>\n<td>1,8 g<\/td>\n<\/tr>\n<tr>\n<td colspan=\"3\"><i>M\u00e4ttade fettsyror<\/i><\/td>\n<td><i>0,79 g<\/i><\/td>\n<td><i>1,1 g<\/i><\/td>\n<\/tr>\n<tr>\n<td colspan=\"3\">Fibrer<\/td>\n<td>0,07 g<\/td>\n<td>0,1 g<\/td>\n<\/tr>\n<tr>\n<td colspan=\"3\">Natrium<\/td>\n<td>0,12 g<\/td>\n<td>0,17 g<\/td>\n<\/tr>\n<tr>\n<td colspan=\"3\">Alanin<\/td>\n<td>982 mg<\/td>\n<td>1403 mg<\/td>\n<\/tr>\n<tr>\n<td colspan=\"3\">Arginin<\/td>\n<td>5530 mg<\/td>\n<td>7900 mg<\/td>\n<\/tr>\n<tr>\n<td colspan=\"3\">Asparaginsyra<\/td>\n<td>2263 mg<\/td>\n<td>3233 mg<\/td>\n<\/tr>\n<tr>\n<td colspan=\"3\">Cystein<\/td>\n<td>424 mg<\/td>\n<td>606 mg<\/td>\n<\/tr>\n<tr>\n<td colspan=\"3\">Glutaminsyra<\/td>\n<td>5246 mg<\/td>\n<td>7494 mg<\/td>\n<\/tr>\n<tr>\n<td colspan=\"3\">Glycin<\/td>\n<td>788 mg<\/td>\n<td>1126 mg<\/td>\n<\/tr>\n<tr>\n<td colspan=\"3\">Histidin<\/td>\n<td>679 mg<\/td>\n<td>970 mg<\/td>\n<\/tr>\n<tr>\n<td colspan=\"3\">Isoleucin<\/td>\n<td>1243 mg<\/td>\n<td>1776 mg<\/td>\n<\/tr>\n<tr>\n<td colspan=\"3\">Leucin<\/td>\n<td>2225 mg<\/td>\n<td>3178 mg<\/td>\n<\/tr>\n<tr>\n<td colspan=\"3\">Lysin<\/td>\n<td>1377 mg<\/td>\n<td>1967 mg<\/td>\n<\/tr>\n<tr>\n<td colspan=\"3\">Metionin<\/td>\n<td>436 mg<\/td>\n<td>623 mg<\/td>\n<\/tr>\n<tr>\n<td colspan=\"3\">Fenylalanin<\/td>\n<td>1059 mg<\/td>\n<td>1513 mg<\/td>\n<\/tr>\n<tr>\n<td colspan=\"3\">Prolin<\/td>\n<td>1813 mg<\/td>\n<td>2590 mg<\/td>\n<\/tr>\n<tr>\n<td colspan=\"3\">Serin<\/td>\n<td>1307 mg<\/td>\n<td>1867 mg<\/td>\n<\/tr>\n<tr>\n<td colspan=\"3\">Treonin<\/td>\n<td>1243 mg<\/td>\n<td>1776 mg<\/td>\n<\/tr>\n<tr>\n<td colspan=\"3\">Tryptofan<\/td>\n<td>334 mg<\/td>\n<td>477 mg<\/td>\n<\/tr>\n<tr>\n<td colspan=\"3\">Tyrosin<\/td>\n<td>912 mg<\/td>\n<td>1303 mg<\/td>\n<\/tr>\n<tr>\n<td colspan=\"3\">Valin<\/td>\n<td>1277 mg<\/td>\n<td>1824 mg<\/td>\n<\/tr>\n<tr>\n<td colspan=\"6\">**N\u00e4ringsinformation kan variera n\u00e5got mellan smaker.<\/td>\n<\/tr>\n<\/tbody>\n<\/table>\n<\/div>\n<\/div><div class=\"fusion-clearfix\"><\/div><\/div><\/div><\/div><\/div><\/p>\n","protected":false},"excerpt":{"rendered":"","protected":false},"author":1,"featured_media":0,"parent":21546,"menu_order":0,"comment_status":"closed","ping_status":"closed","template":"","meta":{"footnotes":""},"class_list":["post-21342","page","type-page","status-publish","hentry"],"_links":{"self":[{"href":"https:\/\/vikingforce.se\/sv\/wp-json\/wp\/v2\/pages\/21342","targetHints":{"allow":["GET"]}}],"collection":[{"href":"https:\/\/vikingforce.se\/sv\/wp-json\/wp\/v2\/pages"}],"about":[{"href":"https:\/\/vikingforce.se\/sv\/wp-json\/wp\/v2\/types\/page"}],"author":[{"embeddable":true,"href":"https:\/\/vikingforce.se\/sv\/wp-json\/wp\/v2\/users\/1"}],"replies":[{"embeddable":true,"href":"https:\/\/vikingforce.se\/sv\/wp-json\/wp\/v2\/comments?post=21342"}],"version-history":[{"count":8,"href":"https:\/\/vikingforce.se\/sv\/wp-json\/wp\/v2\/pages\/21342\/revisions"}],"predecessor-version":[{"id":23491,"href":"https:\/\/vikingforce.se\/sv\/wp-json\/wp\/v2\/pages\/21342\/revisions\/23491"}],"up":[{"embeddable":true,"href":"https:\/\/vikingforce.se\/sv\/wp-json\/wp\/v2\/pages\/21546"}],"wp:attachment":[{"href":"https:\/\/vikingforce.se\/sv\/wp-json\/wp\/v2\/media?parent=21342"}],"curies":[{"name":"wp","href":"https:\/\/api.w.org\/{rel}","templated":true}]}}