{"id":21330,"date":"2024-01-23T08:46:17","date_gmt":"2024-01-23T08:46:17","guid":{"rendered":"https:\/\/vikingforce.se\/vitamins\/vitamin-bar\/"},"modified":"2025-05-16T15:26:39","modified_gmt":"2025-05-16T15:26:39","slug":"vitamin-bar","status":"publish","type":"page","link":"https:\/\/vikingforce.se\/sv\/vitamins\/vitamin-bar\/","title":{"rendered":"vitamin bar"},"content":{"rendered":"<p><div class=\"fusion-fullwidth fullwidth-box fusion-builder-row-1 nonhundred-percent-fullwidth non-hundred-percent-height-scrolling\" style=\"--awb-background-position:center top;--awb-border-color:#f6f6f6;--awb-border-radius-top-left:0px;--awb-border-radius-top-right:0px;--awb-border-radius-bottom-right:0px;--awb-border-radius-bottom-left:0px;--awb-padding-top:1px;--awb-padding-right:0px;--awb-padding-bottom:30px;--awb-padding-left:0px;--awb-background-color:#fff;--awb-border-sizes-top:1px;--awb-border-sizes-bottom:1px;--awb-flex-wrap:wrap;\" ><div class=\"fusion-builder-row fusion-row\"><div class=\"fusion-layout-column fusion_builder_column fusion-builder-column-0 fusion_builder_column_1_2 1_2 fusion-one-half fusion-column-first\" style=\"--awb-bg-size:cover;width:48%; margin-right: 4%;\"><div class=\"fusion-column-wrapper fusion-flex-column-wrapper-legacy\"><div class=\"fusion-sep-clear\"><\/div><div class=\"fusion-separator fusion-full-width-sep\" style=\"margin-left: auto;margin-right: auto;margin-top:60px;width:100%;\"><\/div><div class=\"fusion-sep-clear\"><\/div><div class=\"fusion-image-element in-legacy-container\" style=\"--awb-caption-title-font-family:var(--h2_typography-font-family);--awb-caption-title-font-weight:var(--h2_typography-font-weight);--awb-caption-title-font-style:var(--h2_typography-font-style);--awb-caption-title-size:var(--h2_typography-font-size);--awb-caption-title-transform:var(--h2_typography-text-transform);--awb-caption-title-line-height:var(--h2_typography-line-height);--awb-caption-title-letter-spacing:var(--h2_typography-letter-spacing);\"><span class=\" fusion-imageframe imageframe-none imageframe-1 hover-type-none\"><img decoding=\"async\" width=\"2000\" height=\"2000\" title=\"VIKING Vitamin mineral Bar creamy chocolate flavour3-Current View\" src=\"https:\/\/vikingforce.se\/wp-content\/uploads\/2023\/10\/VIKING-Vitamin-mineral-Bar-creamy-chocolate-flavour3-Current-View.jpg\" alt class=\"img-responsive wp-image-21027\" srcset=\"https:\/\/vikingforce.se\/wp-content\/uploads\/2023\/10\/VIKING-Vitamin-mineral-Bar-creamy-chocolate-flavour3-Current-View-200x200.jpg 200w, https:\/\/vikingforce.se\/wp-content\/uploads\/2023\/10\/VIKING-Vitamin-mineral-Bar-creamy-chocolate-flavour3-Current-View-400x400.jpg 400w, https:\/\/vikingforce.se\/wp-content\/uploads\/2023\/10\/VIKING-Vitamin-mineral-Bar-creamy-chocolate-flavour3-Current-View-600x600.jpg 600w, https:\/\/vikingforce.se\/wp-content\/uploads\/2023\/10\/VIKING-Vitamin-mineral-Bar-creamy-chocolate-flavour3-Current-View-800x800.jpg 800w, https:\/\/vikingforce.se\/wp-content\/uploads\/2023\/10\/VIKING-Vitamin-mineral-Bar-creamy-chocolate-flavour3-Current-View-1200x1200.jpg 1200w, https:\/\/vikingforce.se\/wp-content\/uploads\/2023\/10\/VIKING-Vitamin-mineral-Bar-creamy-chocolate-flavour3-Current-View.jpg 2000w\" sizes=\"(max-width: 800px) 100vw, 600px\" \/><\/span><\/div><div class=\"fusion-clearfix\"><\/div><\/div><\/div><div class=\"fusion-layout-column fusion_builder_column fusion-builder-column-1 fusion_builder_column_1_2 1_2 fusion-one-half fusion-column-last\" style=\"--awb-bg-size:cover;width:48%;\"><div class=\"fusion-column-wrapper fusion-flex-column-wrapper-legacy\"><div class=\"fusion-title title fusion-title-1 fusion-sep-none fusion-title-text fusion-title-size-one title-wg\" style=\"--awb-margin-bottom:5px;\"><h1 class=\"fusion-title-heading title-heading-left\" style=\"margin:0;\"><div><\/div>\n<div style=\"text-align: center;\">MINERAL &amp; VITAMIN BAR<\/div><\/h1><\/div><div class=\"fusion-text fusion-text-1\"><p style=\"text-align: center;\">(Kosttillskott)<\/p>\n<\/div><div class=\"fusion-sep-clear\"><\/div><div class=\"fusion-separator fusion-full-width-sep\" style=\"margin-left: auto;margin-right: auto;margin-top:25px;width:100%;\"><\/div><div class=\"fusion-sep-clear\"><\/div><div class=\"fusion-sep-clear\"><\/div><div class=\"fusion-separator fusion-full-width-sep\" style=\"margin-left: auto;margin-right: auto;margin-top:10px;width:100%;\"><\/div><div class=\"fusion-sep-clear\"><\/div><div class=\"fusion-text fusion-text-2\"><p class=\"subtitle-wg\" style=\"text-align: center;\">Bar berikad med vitaminer och magnesium<\/p>\n<\/div><div class=\"fusion-text fusion-text-3\"><p class=\"subtitle-wg\" style=\"text-align: center;\">Nettovikt: 55g\/bar<\/p>\n<\/div><div class=\"fusion-clearfix\"><\/div><\/div><\/div><\/div><\/div><div class=\"fusion-fullwidth fullwidth-box fusion-builder-row-2 nonhundred-percent-fullwidth non-hundred-percent-height-scrolling\" style=\"--awb-border-color:#f6f6f6;--awb-border-radius-top-left:0px;--awb-border-radius-top-right:0px;--awb-border-radius-bottom-right:0px;--awb-border-radius-bottom-left:0px;--awb-padding-top:10px;--awb-padding-right:0px;--awb-padding-bottom:0px;--awb-padding-left:0px;--awb-background-color:#fff;--awb-border-sizes-top:0px;--awb-border-sizes-bottom:0px;--awb-flex-wrap:wrap;\" ><div class=\"fusion-builder-row fusion-row\"><div class=\"fusion-layout-column fusion_builder_column fusion-builder-column-2 fusion_builder_column_1_1 1_1 fusion-one-full fusion-column-first fusion-column-last\" style=\"--awb-bg-size:cover;\"><div class=\"fusion-column-wrapper fusion-flex-column-wrapper-legacy\"><div class=\"fusion-text fusion-text-4\"><p>Magnesium \u00e4r involverat i att nervsystemet fungerar korrekt. Vitaminer p\u00e5verkar bland annat immunf\u00f6rsvarets funktion.<\/p>\n<\/div><div class=\"fusion-text fusion-text-5\"><p class=\"subtitle-pl\">Smaker<\/p>\n<p>Kr\u00e4mig choklad<\/p>\n<\/div><div class=\"fusion-clearfix\"><\/div><\/div><\/div><div class=\"fusion-layout-column fusion_builder_column fusion-builder-column-3 fusion_builder_column_1_2 1_2 fusion-one-half fusion-column-first\" style=\"--awb-bg-size:cover;width:48%; margin-right: 4%;\"><div class=\"fusion-column-wrapper fusion-flex-column-wrapper-legacy\"><div class=\"fusion-text fusion-text-6\"><p class=\"subtitle-pl\">Anv\u00e4ndningsanvisning:<\/p>\n<p>Som kr\u00e4vs vad g\u00e4ller kostsammans\u00e4ttning och dagligt proteinbehov.<\/p>\n<p class=\"subtitle-pl\">Ingredienser:<\/p>\n<ul>Helmj\u00f6lks<\/ul>\n<p>pulver, maltitolsirap, m\u00f6rk chokladglasyr (kakaomassa, socker, kakaosm\u00f6r, emulgeringsmedel:<\/p>\n<ul>soja<\/ul>\n<p>lecitin, naturlig smak), spannm\u00e5lsbollar (mj\u00f6l 92 %: ris,<\/p>\n<ul>vete<\/ul>\n<p>, majs, socker, kornmaltextrakt, salt),<\/p>\n<ul>Mj\u00f6lk<\/ul>\n<p>gr\u00e4dde (socker, palmolja, solrosolja, kakaosm\u00f6r, mj\u00f6lkpulver,<\/p>\n<ul>vassle<\/ul>\n<p>pulver, emulgeringsmedel (rapslecitin), salt, arom), glukos-fruktossirap, majsst\u00e4rkelse, vegetabiliskt fett, kakao, magnesiumcitrat, salt, choklad Smak, vitaminblandning (B3, E, B5, B6, B2, B1, folsyra, biotin, B12).<\/p>\n<p class=\"subtitle-pl\">Allergiinformation:<\/p>\n<p>Kan inneh\u00e5lla sp\u00e5r av n\u00f6tter, jordn\u00f6tter.<\/p>\n<p class=\"subtitle-pl\">Viktig information:<\/p>\n<p>F\u00f6rvara p\u00e5 en torr plats vid temperaturer som inte \u00f6verstiger 25\u00b0C och borta fr\u00e5n direkt solljus. Frys inte. Ska konsumeras omedelbart efter \u00f6ppnandet och f\u00f6re utg\u00e5ngsdatumet skrivet p\u00e5 f\u00f6rpackningen.<\/p>\n<\/div><div class=\"fusion-clearfix\"><\/div><\/div><\/div><div class=\"fusion-layout-column fusion_builder_column fusion-builder-column-4 fusion_builder_column_1_2 1_2 fusion-one-half fusion-column-last\" style=\"--awb-bg-size:cover;width:48%;\"><div class=\"fusion-column-wrapper fusion-flex-column-wrapper-legacy\"><div class=\"fusion-text fusion-text-7\"><p class=\"subtitle-pl\">N\u00c4RINGSINNEH\u00c5LL<\/p>\n<\/div><div class=\"fusion-text fusion-text-8\"><div class=\"table-1\">\n<table class=\"tb\" width=\"100%\">\n<tbody>\n<tr class=\"table-row_border\">\n<td colspan=\"3\"><strong>N\u00e4ringsv\u00e4rden<\/strong><\/td>\n<td colspan=\"2\">100 g<\/td>\n<td colspan=\"2\">55 g<\/td>\n<\/tr>\n<tr>\n<td colspan=\"3\">Energi<\/td>\n<td colspan=\"2\">1808 kJ\/431 Kcal<\/td>\n<td colspan=\"2\">994 KJ\/237 Kcal<\/td>\n<\/tr>\n<tr>\n<td colspan=\"3\">Proteiner<\/td>\n<td colspan=\"2\">5 g<\/td>\n<td colspan=\"2\">83,3 g<\/td>\n<\/tr>\n<tr>\n<td colspan=\"3\">Kolhydrater<\/td>\n<td colspan=\"2\">50,34 g<\/td>\n<td colspan=\"2\">27,68 g<\/td>\n<\/tr>\n<tr>\n<td colspan=\"3\">&#8211; varav sockerarter<\/td>\n<td colspan=\"2\">8,42 g<\/td>\n<td colspan=\"2\">4,8 g<\/td>\n<\/tr>\n<tr>\n<td colspan=\"3\">&#8211; varav polyoler<\/td>\n<td colspan=\"2\">41,62 g<\/td>\n<td colspan=\"2\">27,89 g<\/td>\n<\/tr>\n<tr>\n<td colspan=\"3\">Fetter<\/td>\n<td colspan=\"2\">19,18 g<\/td>\n<td colspan=\"2\">10,55 g<\/td>\n<\/tr>\n<tr>\n<td colspan=\"3\">&#8211; varav m\u00e4ttade fettsyror<\/td>\n<td colspan=\"2\">11,13 g<\/td>\n<td colspan=\"2\">6,12 g<\/td>\n<\/tr>\n<tr>\n<td colspan=\"3\">Fibrer<\/td>\n<td colspan=\"2\">2,99 g<\/td>\n<td colspan=\"2\">1,64 g<\/td>\n<\/tr>\n<tr>\n<td colspan=\"3\">Protein<\/td>\n<td colspan=\"2\">10 g<\/td>\n<td colspan=\"2\">5,26 g<\/td>\n<\/tr>\n<tr>\n<td colspan=\"3\">Salt<\/td>\n<td colspan=\"2\">0,44g<\/td>\n<td colspan=\"2\">0,24 g<\/td>\n<\/tr>\n<tr>\n<td colspan=\"3\">Nikotinamid (vitamin B3)<\/td>\n<td colspan=\"2\">4,8 mg(30 %*)<\/td>\n<td colspan=\"2\">2,64 mg(16.5 %*)<\/td>\n<\/tr>\n<tr>\n<td colspan=\"3\">DL-alfa-tokoferolacetat (vitamin E)<\/td>\n<td colspan=\"2\">3,64 mg(30 %*)<\/td>\n<td colspan=\"2\">2 mg(16.5 %*)<\/td>\n<\/tr>\n<tr>\n<td colspan=\"3\">D-kalcium pantotenat (vitamin B5)<\/td>\n<td colspan=\"2\">1,82 mg(30 %*)<\/td>\n<td colspan=\"2\">1 mg(16.5 %*)<\/td>\n<\/tr>\n<tr>\n<td colspan=\"3\">Pyridoxinhydroklorid (vitamin B6)<\/td>\n<td colspan=\"2\">0,42 mg(30 %*)<\/td>\n<td colspan=\"2\">0,23 mg(16.5 %*)<\/td>\n<\/tr>\n<tr>\n<td colspan=\"3\">Tiaminmononitrat (vitamin B1)<\/td>\n<td colspan=\"2\">0,33 mg(30 %*)<\/td>\n<td colspan=\"2\">0,18 mg(16.5 %*)<\/td>\n<\/tr>\n<tr>\n<td colspan=\"3\">Cyanokobalamin (vitamin B12)<\/td>\n<td colspan=\"2\">0,85 \u00b5g(34 %*)<\/td>\n<td colspan=\"2\">0,47 \u00b5g(18.7 %*)<\/td>\n<\/tr>\n<tr>\n<td colspan=\"3\">Biotin (vitamin B7)<\/td>\n<td colspan=\"2\">15 \u00b5g(30 %*)<\/td>\n<td colspan=\"2\">8,3 \u00b5g(16.5 %*)<\/td>\n<\/tr>\n<tr>\n<td colspan=\"3\">Pteroylmonoglutamic acid (vitamin B9)<\/td>\n<td colspan=\"2\">60 \u00b5g(30 %*)<\/td>\n<td colspan=\"2\">33 \u00b5g(16.5 %*)<\/td>\n<\/tr>\n<tr>\n<td colspan=\"3\">Magnesium<\/td>\n<td colspan=\"2\">375 mg (100 %)<\/td>\n<td colspan=\"2\">206 mg (55 %)<\/td>\n<\/tr>\n<tr>\n<td colspan=\"6\">*%NRV &#8211; N\u00e4ringsreferensv\u00e4rden<\/td>\n<\/tr>\n<\/tbody>\n<\/table>\n<\/div>\n<\/div><div class=\"fusion-clearfix\"><\/div><\/div><\/div><\/div><\/div><\/p>\n","protected":false},"excerpt":{"rendered":"","protected":false},"author":1,"featured_media":0,"parent":12511,"menu_order":0,"comment_status":"closed","ping_status":"closed","template":"","meta":{"footnotes":""},"class_list":["post-21330","page","type-page","status-publish","hentry"],"_links":{"self":[{"href":"https:\/\/vikingforce.se\/sv\/wp-json\/wp\/v2\/pages\/21330","targetHints":{"allow":["GET"]}}],"collection":[{"href":"https:\/\/vikingforce.se\/sv\/wp-json\/wp\/v2\/pages"}],"about":[{"href":"https:\/\/vikingforce.se\/sv\/wp-json\/wp\/v2\/types\/page"}],"author":[{"embeddable":true,"href":"https:\/\/vikingforce.se\/sv\/wp-json\/wp\/v2\/users\/1"}],"replies":[{"embeddable":true,"href":"https:\/\/vikingforce.se\/sv\/wp-json\/wp\/v2\/comments?post=21330"}],"version-history":[{"count":14,"href":"https:\/\/vikingforce.se\/sv\/wp-json\/wp\/v2\/pages\/21330\/revisions"}],"predecessor-version":[{"id":23632,"href":"https:\/\/vikingforce.se\/sv\/wp-json\/wp\/v2\/pages\/21330\/revisions\/23632"}],"up":[{"embeddable":true,"href":"https:\/\/vikingforce.se\/sv\/wp-json\/wp\/v2\/pages\/12511"}],"wp:attachment":[{"href":"https:\/\/vikingforce.se\/sv\/wp-json\/wp\/v2\/media?parent=21330"}],"curies":[{"name":"wp","href":"https:\/\/api.w.org\/{rel}","templated":true}]}}