{"id":21317,"date":"2024-01-23T08:20:33","date_gmt":"2024-01-23T08:20:33","guid":{"rendered":"https:\/\/vikingforce.se\/stimulators\/gold-ashwagandha-tribulus\/"},"modified":"2025-05-15T08:55:20","modified_gmt":"2025-05-15T08:55:20","slug":"gold-ashwagandha-tribulus","status":"publish","type":"page","link":"https:\/\/vikingforce.se\/sv\/gold-line\/gold-ashwagandha-tribulus\/","title":{"rendered":"Gold ashwagandha &#038; tribulus"},"content":{"rendered":"<p><div class=\"fusion-fullwidth fullwidth-box fusion-builder-row-1 hundred-percent-fullwidth non-hundred-percent-height-scrolling fusion-equal-height-columns\" style=\"--awb-background-position:left top;--awb-border-color:#f6f6f6;--awb-border-radius-top-left:0px;--awb-border-radius-top-right:0px;--awb-border-radius-bottom-right:0px;--awb-border-radius-bottom-left:0px;--awb-padding-top:1px;--awb-padding-right:0px;--awb-padding-bottom:30px;--awb-padding-left:0px;--awb-background-color:#fff;--awb-border-sizes-top:0px;--awb-border-sizes-bottom:0px;--awb-flex-wrap:wrap;\" ><div class=\"fusion-builder-row fusion-row\"><div class=\"fusion-layout-column fusion_builder_column fusion-builder-column-0 fusion_builder_column_1_2 1_2 fusion-one-half fusion-column-first\" style=\"--awb-bg-size:cover;width:48%; margin-right: 4%;\"><div class=\"fusion-column-wrapper fusion-flex-column-wrapper-legacy\"><div class=\"fusion-sep-clear\"><\/div><div class=\"fusion-separator fusion-full-width-sep\" style=\"margin-left: auto;margin-right: auto;margin-top:60px;width:100%;\"><\/div><div class=\"fusion-sep-clear\"><\/div><div class=\"fusion-text fusion-text-1\"><p style=\"text-align: center;\"><a href=\"https:\/\/vikingforce.se\/wp-content\/uploads\/2023\/06\/VIKING-GOLD-ASHWAGANDHA-TRIBULUS-Current-View-1024x1024.png\"><img decoding=\"async\" class=\"alignnone wp-image-20880 size-large\" src=\"https:\/\/vikingforce.se\/wp-content\/uploads\/2023\/06\/VIKING-GOLD-ASHWAGANDHA-TRIBULUS-Current-View-1024x1024.png\" alt=\"\" width=\"1024\" height=\"1024\" srcset=\"https:\/\/vikingforce.se\/wp-content\/uploads\/2023\/06\/VIKING-GOLD-ASHWAGANDHA-TRIBULUS-Current-View-66x66.png 66w, https:\/\/vikingforce.se\/wp-content\/uploads\/2023\/06\/VIKING-GOLD-ASHWAGANDHA-TRIBULUS-Current-View-150x150.png 150w, https:\/\/vikingforce.se\/wp-content\/uploads\/2023\/06\/VIKING-GOLD-ASHWAGANDHA-TRIBULUS-Current-View-200x200.png 200w, https:\/\/vikingforce.se\/wp-content\/uploads\/2023\/06\/VIKING-GOLD-ASHWAGANDHA-TRIBULUS-Current-View-300x300.png 300w, https:\/\/vikingforce.se\/wp-content\/uploads\/2023\/06\/VIKING-GOLD-ASHWAGANDHA-TRIBULUS-Current-View-400x400.png 400w, https:\/\/vikingforce.se\/wp-content\/uploads\/2023\/06\/VIKING-GOLD-ASHWAGANDHA-TRIBULUS-Current-View-600x600.png 600w, https:\/\/vikingforce.se\/wp-content\/uploads\/2023\/06\/VIKING-GOLD-ASHWAGANDHA-TRIBULUS-Current-View-768x768.png 768w, https:\/\/vikingforce.se\/wp-content\/uploads\/2023\/06\/VIKING-GOLD-ASHWAGANDHA-TRIBULUS-Current-View-800x800.png 800w, https:\/\/vikingforce.se\/wp-content\/uploads\/2023\/06\/VIKING-GOLD-ASHWAGANDHA-TRIBULUS-Current-View-1024x1024.png 1024w, https:\/\/vikingforce.se\/wp-content\/uploads\/2023\/06\/VIKING-GOLD-ASHWAGANDHA-TRIBULUS-Current-View-1200x1200.png 1200w, https:\/\/vikingforce.se\/wp-content\/uploads\/2023\/06\/VIKING-GOLD-ASHWAGANDHA-TRIBULUS-Current-View.png 1400w\" sizes=\"(max-width: 1024px) 100vw, 1024px\" \/><\/a><\/p>\n<\/div><div class=\"fusion-clearfix\"><\/div><\/div><\/div><div class=\"fusion-layout-column fusion_builder_column fusion-builder-column-1 fusion_builder_column_1_2 1_2 fusion-one-half fusion-column-last\" style=\"--awb-bg-size:cover;width:48%;\"><div class=\"fusion-column-wrapper fusion-flex-column-wrapper-legacy\"><div class=\"fusion-title title fusion-title-1 fusion-sep-none fusion-title-text fusion-title-size-one title-wg\" style=\"--awb-margin-bottom:5px;\"><h1 class=\"fusion-title-heading title-heading-left\" style=\"margin:0;\"><div style=\"text-align: center;\"><span style=\"font-size: var(--h1_typography-font-size); font-style: var(--h1_typography-font-style,normal); font-weight: var(--h1_typography-font-weight); letter-spacing: var(--h1_typography-letter-spacing);\">GOLD ASHWAGANDHA &amp;TRIBULUS<\/span><\/div><\/h1><\/div><div class=\"fusion-text fusion-text-2\"><p style=\"text-align: center;\">(Kosttillskott)<\/p>\n<\/div><div class=\"fusion-text fusion-text-3\"><p class=\"subtitle-wg\" style=\"text-align: center;\">F\u00f6rpackning: 90 kapslar<\/p>\n<p class=\"subtitle-wg\" style=\"text-align: center;\">Nettovikt : 83,3 g<\/p>\n<\/div><div class=\"fusion-clearfix\"><\/div><\/div><\/div><\/div><\/div><div class=\"fusion-fullwidth fullwidth-box fusion-builder-row-2 nonhundred-percent-fullwidth non-hundred-percent-height-scrolling\" style=\"--awb-border-color:#f6f6f6;--awb-border-radius-top-left:0px;--awb-border-radius-top-right:0px;--awb-border-radius-bottom-right:0px;--awb-border-radius-bottom-left:0px;--awb-padding-top:10px;--awb-padding-right:0px;--awb-padding-bottom:0px;--awb-padding-left:0px;--awb-background-color:#fff;--awb-border-sizes-top:0px;--awb-border-sizes-bottom:0px;--awb-flex-wrap:wrap;\" ><div class=\"fusion-builder-row fusion-row\"><div class=\"fusion-layout-column fusion_builder_column fusion-builder-column-2 fusion_builder_column_2_5 2_5 fusion-two-fifth fusion-column-first\" style=\"--awb-bg-size:cover;width:37.6%; margin-right: 4%;\"><div class=\"fusion-column-wrapper fusion-flex-column-wrapper-legacy\"><div class=\"fusion-text fusion-text-4\"><p class=\"subtitle-st\">GULD ASHWAGANDHA &amp; TRIBULUS<\/p>\n<p class=\"subtitle-st\"><span style=\"color: var(--body_typography-color); font-family: var(--body_typography-font-family); font-size: var(--body_typography) -font-size);\">\u2022 Energiboost<\/span><\/p>\n<p>\u2022 St\u00f6dja manlig vitalitet<\/p>\n<p>\u2022 St\u00f6d \u00e5terh\u00e4mtning efter tr\u00e4ning<\/p>\n<p class=\"subtitle-st\"><span style=\"color: var(--body_typography-color); font-family: var(--body_typography-font-family); font-size: var(--body_typography -font-size);\">\u2022 St\u00f6dja atletisk prestation<\/span><\/p>\n<p class=\"subtitle-st\">Anv\u00e4ndningsanvisning:<\/p>\n<p><span style=\"color: var(--body_typography-color); font-family: var(--body_typography-font-family); font-size: var(--body_typography-font-size); font-style: var(--body_typography-font-style,normal: var(--body_typography-font-weight);\">Ta 1 kapsel tv\u00e5 g\u00e5nger); per dag, helst efter en m\u00e5ltid med vatten.<\/span><\/p>\n<p class=\"subtitle-st\">Viktig information:<\/p>\n<p>Denna produkt \u00e4r ett kosttillskott. Anv\u00e4nd denna produkt tillsammans med en del av en h\u00e4lsosam, balanserad kost, inte som en ers\u00e4ttning f\u00f6r s\u00e5dan. F\u00f6rvara utom r\u00e4ckh\u00e5ll f\u00f6r barn. Ej avsedd f\u00f6r anv\u00e4ndning av gravida eller ammande kvinnor! \u00d6verskrid inte den rekommenderade dagliga dosen. F\u00f6rvara p\u00e5 en kall och torr plats. Uts\u00e4tt inte f\u00f6r stark v\u00e4rme, fukt eller solljus. Anv\u00e4nd f\u00f6re utg\u00e5ngsdatumet skrivet p\u00e5 f\u00f6rpackningen<\/p>\n<p class=\"subtitle-st\">Inaktiva ingredienser:<\/p>\n<p class=\"subtitle-st\"><span style=\"color: #747474; font-weight: normal;\">Kapselskal (gelatin, vatten, kalciumkarbonat, st\u00e4rkelsenatriumoktenylsuccinat), antiklumpningsmedel (magnesium) stearat).<\/span><\/p>\n<p class=\"subtitle-st\">Ingredienser:<\/p>\n<p class=\"subtitle-st\" style=\"color: #747474;\"><span style=\"font-weight: normal; color: #747474;\">Tribulus Terrestris fruktextrakt (Tribulus terrestris L., 90 % saponiner) ), Ashwagandha rotextrakt (Withania somnifera L., 7 % withanolides)<\/span><\/p>\n<\/div><div class=\"fusion-clearfix\"><\/div><\/div><\/div><div class=\"fusion-layout-column fusion_builder_column fusion-builder-column-3 fusion_builder_column_3_5 3_5 fusion-three-fifth fusion-column-last\" style=\"--awb-bg-size:cover;width:58.4%;\"><div class=\"fusion-column-wrapper fusion-flex-column-wrapper-legacy\"><div class=\"fusion-text fusion-text-5\"><p class=\"subtitle-st\">N\u00c4RINGSINNEH\u00c5LL<\/p>\n<\/div><div class=\"fusion-text fusion-text-6\"><div class=\"table-1\">\n<table class=\"tb\" width=\"100%\">\n<tbody>\n<tr class=\"table-row_border\">\n<td colspan=\"3\"><strong>Portionsstorlek: 1 kapsel<\/strong><\/td>\n<td><strong>Portioner per beh\u00e5llare: 90<\/strong><\/td>\n<\/tr>\n<tr>\n<td colspan=\"3\">Tillskottsfakta per:<\/td>\n<td>1 kapsel<\/td>\n<\/tr>\n<tr>\n<td colspan=\"3\">Ashwagandha rot-extrakt<\/td>\n<td>480 mg<\/td>\n<\/tr>\n<tr>\n<td colspan=\"3\">varav withanolider<\/td>\n<td>33,6 mg<\/td>\n<\/tr>\n<tr>\n<td colspan=\"3\">Tribulus <span style=\"color: var(--body_typography-color); font-family: var(--body_typography-font-family); font-size: var(--body_typography-font-size); font-style: var(--body_typography-font-style,normal); font-weight: var(--body_typography-font-weight); letter-spacing: var(--body_typography-letter-spacing);\">terrestris<\/span> fruktextrakt<\/td>\n<td>320 mg<\/td>\n<\/tr>\n<tr>\n<td colspan=\"3\">varav saponiner<\/td>\n<td>22,4 mg<\/td>\n<\/tr>\n<\/tbody>\n<\/table>\n<\/div>\n<\/div><div class=\"fusion-clearfix\"><\/div><\/div><\/div><\/div><\/div><\/p>\n","protected":false},"excerpt":{"rendered":"","protected":false},"author":1,"featured_media":0,"parent":21546,"menu_order":0,"comment_status":"closed","ping_status":"closed","template":"","meta":{"footnotes":""},"class_list":["post-21317","page","type-page","status-publish","hentry"],"_links":{"self":[{"href":"https:\/\/vikingforce.se\/sv\/wp-json\/wp\/v2\/pages\/21317","targetHints":{"allow":["GET"]}}],"collection":[{"href":"https:\/\/vikingforce.se\/sv\/wp-json\/wp\/v2\/pages"}],"about":[{"href":"https:\/\/vikingforce.se\/sv\/wp-json\/wp\/v2\/types\/page"}],"author":[{"embeddable":true,"href":"https:\/\/vikingforce.se\/sv\/wp-json\/wp\/v2\/users\/1"}],"replies":[{"embeddable":true,"href":"https:\/\/vikingforce.se\/sv\/wp-json\/wp\/v2\/comments?post=21317"}],"version-history":[{"count":15,"href":"https:\/\/vikingforce.se\/sv\/wp-json\/wp\/v2\/pages\/21317\/revisions"}],"predecessor-version":[{"id":23500,"href":"https:\/\/vikingforce.se\/sv\/wp-json\/wp\/v2\/pages\/21317\/revisions\/23500"}],"up":[{"embeddable":true,"href":"https:\/\/vikingforce.se\/sv\/wp-json\/wp\/v2\/pages\/21546"}],"wp:attachment":[{"href":"https:\/\/vikingforce.se\/sv\/wp-json\/wp\/v2\/media?parent=21317"}],"curies":[{"name":"wp","href":"https:\/\/api.w.org\/{rel}","templated":true}]}}