{"id":21296,"date":"2024-01-23T07:32:09","date_gmt":"2024-01-23T07:32:09","guid":{"rendered":"https:\/\/vikingforce.se\/proteins\/protein-bar\/"},"modified":"2025-05-16T10:56:38","modified_gmt":"2025-05-16T10:56:38","slug":"protein-bar","status":"publish","type":"page","link":"https:\/\/vikingforce.se\/sv\/proteins\/protein-bar\/","title":{"rendered":"protein bar"},"content":{"rendered":"<p><div class=\"fusion-fullwidth fullwidth-box fusion-builder-row-1 hundred-percent-fullwidth non-hundred-percent-height-scrolling fusion-equal-height-columns\" style=\"--awb-background-position:left top;--awb-border-color:#f6f6f6;--awb-border-radius-top-left:0px;--awb-border-radius-top-right:0px;--awb-border-radius-bottom-right:0px;--awb-border-radius-bottom-left:0px;--awb-padding-top:1px;--awb-padding-right:0px;--awb-padding-bottom:30px;--awb-padding-left:0px;--awb-background-color:#fff;--awb-border-sizes-top:0px;--awb-border-sizes-bottom:0px;--awb-flex-wrap:wrap;\" ><div class=\"fusion-builder-row fusion-row\"><div class=\"fusion-layout-column fusion_builder_column fusion-builder-column-0 fusion_builder_column_1_2 1_2 fusion-one-half fusion-column-first\" style=\"--awb-bg-size:cover;width:48%; margin-right: 4%;\"><div class=\"fusion-column-wrapper fusion-flex-column-wrapper-legacy\"><div class=\"fusion-image-carousel fusion-image-carousel-auto fusion-image-carousel-1 fusion-carousel-border\"><div class=\"awb-carousel awb-swiper awb-swiper-carousel awb-swiper-dots-position-bottom awb-carousel--carousel\" data-layout=\"carousel\" data-autoplay=\"no\" data-autoplayspeed=\"2500\" data-autoplaypause=\"no\" data-columns=\"1\" data-itemmargin=\"13\" data-itemwidth=\"180\" data-touchscroll=\"no\" data-freemode=\"no\" data-imagesize=\"auto\" data-scrollitems=\"0\" data-centeredslides=\"no\" data-rotationangle=\"50\" data-depth=\"100\" data-speed=\"500\" data-shadow=\"no\" style=\"--awb-columns:1;--awb-border-width:1px;--awb-border-color:#e9eaee;\"><div class=\"swiper-wrapper awb-image-carousel-wrapper fusion-flex-align-items-center\"><div class=\"swiper-slide\"><div class=\"fusion-carousel-item-wrapper\"><div class=\"fusion-image-wrapper hover-type-zoomin\"><img decoding=\"async\" width=\"2000\" height=\"2000\" src=\"https:\/\/vikingforce.se\/wp-content\/uploads\/2023\/06\/VIKING-Protein-Bar-salted-chocolate_caramel-Current-View.jpg\" class=\"attachment-full size-full\" alt=\"\" srcset=\"https:\/\/vikingforce.se\/wp-content\/uploads\/2023\/06\/VIKING-Protein-Bar-salted-chocolate_caramel-Current-View-66x66.jpg 66w, https:\/\/vikingforce.se\/wp-content\/uploads\/2023\/06\/VIKING-Protein-Bar-salted-chocolate_caramel-Current-View-150x150.jpg 150w, https:\/\/vikingforce.se\/wp-content\/uploads\/2023\/06\/VIKING-Protein-Bar-salted-chocolate_caramel-Current-View-200x200.jpg 200w, https:\/\/vikingforce.se\/wp-content\/uploads\/2023\/06\/VIKING-Protein-Bar-salted-chocolate_caramel-Current-View-300x300.jpg 300w, https:\/\/vikingforce.se\/wp-content\/uploads\/2023\/06\/VIKING-Protein-Bar-salted-chocolate_caramel-Current-View-400x400.jpg 400w, https:\/\/vikingforce.se\/wp-content\/uploads\/2023\/06\/VIKING-Protein-Bar-salted-chocolate_caramel-Current-View-600x600.jpg 600w, https:\/\/vikingforce.se\/wp-content\/uploads\/2023\/06\/VIKING-Protein-Bar-salted-chocolate_caramel-Current-View-768x768.jpg 768w, https:\/\/vikingforce.se\/wp-content\/uploads\/2023\/06\/VIKING-Protein-Bar-salted-chocolate_caramel-Current-View-800x800.jpg 800w, https:\/\/vikingforce.se\/wp-content\/uploads\/2023\/06\/VIKING-Protein-Bar-salted-chocolate_caramel-Current-View-1024x1024.jpg 1024w, https:\/\/vikingforce.se\/wp-content\/uploads\/2023\/06\/VIKING-Protein-Bar-salted-chocolate_caramel-Current-View-1200x1200.jpg 1200w, https:\/\/vikingforce.se\/wp-content\/uploads\/2023\/06\/VIKING-Protein-Bar-salted-chocolate_caramel-Current-View-1536x1536.jpg 1536w, https:\/\/vikingforce.se\/wp-content\/uploads\/2023\/06\/VIKING-Protein-Bar-salted-chocolate_caramel-Current-View.jpg 2000w\" sizes=\"(max-width: 2000px) 100vw, 2000px\" \/><\/div><\/div><\/div><div class=\"swiper-slide\"><div class=\"fusion-carousel-item-wrapper\"><div class=\"fusion-image-wrapper hover-type-zoomin\"><img decoding=\"async\" width=\"2000\" height=\"2000\" src=\"https:\/\/vikingforce.se\/wp-content\/uploads\/2023\/10\/VIKING-protein-bar-coconut_strawberry-Current-View.jpg\" class=\"attachment-full size-full\" alt=\"\" srcset=\"https:\/\/vikingforce.se\/wp-content\/uploads\/2023\/10\/VIKING-protein-bar-coconut_strawberry-Current-View-66x66.jpg 66w, https:\/\/vikingforce.se\/wp-content\/uploads\/2023\/10\/VIKING-protein-bar-coconut_strawberry-Current-View-150x150.jpg 150w, https:\/\/vikingforce.se\/wp-content\/uploads\/2023\/10\/VIKING-protein-bar-coconut_strawberry-Current-View-200x200.jpg 200w, https:\/\/vikingforce.se\/wp-content\/uploads\/2023\/10\/VIKING-protein-bar-coconut_strawberry-Current-View-300x300.jpg 300w, https:\/\/vikingforce.se\/wp-content\/uploads\/2023\/10\/VIKING-protein-bar-coconut_strawberry-Current-View-400x400.jpg 400w, https:\/\/vikingforce.se\/wp-content\/uploads\/2023\/10\/VIKING-protein-bar-coconut_strawberry-Current-View-600x600.jpg 600w, https:\/\/vikingforce.se\/wp-content\/uploads\/2023\/10\/VIKING-protein-bar-coconut_strawberry-Current-View-768x768.jpg 768w, https:\/\/vikingforce.se\/wp-content\/uploads\/2023\/10\/VIKING-protein-bar-coconut_strawberry-Current-View-800x800.jpg 800w, https:\/\/vikingforce.se\/wp-content\/uploads\/2023\/10\/VIKING-protein-bar-coconut_strawberry-Current-View-1024x1024.jpg 1024w, https:\/\/vikingforce.se\/wp-content\/uploads\/2023\/10\/VIKING-protein-bar-coconut_strawberry-Current-View-1200x1200.jpg 1200w, https:\/\/vikingforce.se\/wp-content\/uploads\/2023\/10\/VIKING-protein-bar-coconut_strawberry-Current-View-1536x1536.jpg 1536w, https:\/\/vikingforce.se\/wp-content\/uploads\/2023\/10\/VIKING-protein-bar-coconut_strawberry-Current-View.jpg 2000w\" sizes=\"(max-width: 2000px) 100vw, 2000px\" \/><\/div><\/div><\/div><div class=\"swiper-slide\"><div class=\"fusion-carousel-item-wrapper\"><div class=\"fusion-image-wrapper hover-type-zoomin\"><img decoding=\"async\" width=\"2000\" height=\"2000\" src=\"https:\/\/vikingforce.se\/wp-content\/uploads\/2023\/10\/VIKING-Protein-Bar-forest-fruits-Current-View.jpg\" class=\"attachment-full size-full\" alt=\"\" srcset=\"https:\/\/vikingforce.se\/wp-content\/uploads\/2023\/10\/VIKING-Protein-Bar-forest-fruits-Current-View-66x66.jpg 66w, https:\/\/vikingforce.se\/wp-content\/uploads\/2023\/10\/VIKING-Protein-Bar-forest-fruits-Current-View-150x150.jpg 150w, https:\/\/vikingforce.se\/wp-content\/uploads\/2023\/10\/VIKING-Protein-Bar-forest-fruits-Current-View-200x200.jpg 200w, https:\/\/vikingforce.se\/wp-content\/uploads\/2023\/10\/VIKING-Protein-Bar-forest-fruits-Current-View-300x300.jpg 300w, https:\/\/vikingforce.se\/wp-content\/uploads\/2023\/10\/VIKING-Protein-Bar-forest-fruits-Current-View-400x400.jpg 400w, https:\/\/vikingforce.se\/wp-content\/uploads\/2023\/10\/VIKING-Protein-Bar-forest-fruits-Current-View-600x600.jpg 600w, https:\/\/vikingforce.se\/wp-content\/uploads\/2023\/10\/VIKING-Protein-Bar-forest-fruits-Current-View-768x768.jpg 768w, https:\/\/vikingforce.se\/wp-content\/uploads\/2023\/10\/VIKING-Protein-Bar-forest-fruits-Current-View-800x800.jpg 800w, https:\/\/vikingforce.se\/wp-content\/uploads\/2023\/10\/VIKING-Protein-Bar-forest-fruits-Current-View-1024x1024.jpg 1024w, https:\/\/vikingforce.se\/wp-content\/uploads\/2023\/10\/VIKING-Protein-Bar-forest-fruits-Current-View-1200x1200.jpg 1200w, https:\/\/vikingforce.se\/wp-content\/uploads\/2023\/10\/VIKING-Protein-Bar-forest-fruits-Current-View-1536x1536.jpg 1536w, https:\/\/vikingforce.se\/wp-content\/uploads\/2023\/10\/VIKING-Protein-Bar-forest-fruits-Current-View.jpg 2000w\" sizes=\"(max-width: 2000px) 100vw, 2000px\" \/><\/div><\/div><\/div><div class=\"swiper-slide\"><div class=\"fusion-carousel-item-wrapper\"><div class=\"fusion-image-wrapper hover-type-zoomin\"><img decoding=\"async\" width=\"2000\" height=\"2000\" src=\"https:\/\/vikingforce.se\/wp-content\/uploads\/2023\/10\/VIKING-Protein-Bar-salted-hazelnutcaramel-Current-View.jpg\" class=\"attachment-full size-full\" alt=\"\" srcset=\"https:\/\/vikingforce.se\/wp-content\/uploads\/2023\/10\/VIKING-Protein-Bar-salted-hazelnutcaramel-Current-View-66x66.jpg 66w, https:\/\/vikingforce.se\/wp-content\/uploads\/2023\/10\/VIKING-Protein-Bar-salted-hazelnutcaramel-Current-View-150x150.jpg 150w, https:\/\/vikingforce.se\/wp-content\/uploads\/2023\/10\/VIKING-Protein-Bar-salted-hazelnutcaramel-Current-View-200x200.jpg 200w, https:\/\/vikingforce.se\/wp-content\/uploads\/2023\/10\/VIKING-Protein-Bar-salted-hazelnutcaramel-Current-View-300x300.jpg 300w, https:\/\/vikingforce.se\/wp-content\/uploads\/2023\/10\/VIKING-Protein-Bar-salted-hazelnutcaramel-Current-View-400x400.jpg 400w, https:\/\/vikingforce.se\/wp-content\/uploads\/2023\/10\/VIKING-Protein-Bar-salted-hazelnutcaramel-Current-View-600x600.jpg 600w, https:\/\/vikingforce.se\/wp-content\/uploads\/2023\/10\/VIKING-Protein-Bar-salted-hazelnutcaramel-Current-View-768x768.jpg 768w, https:\/\/vikingforce.se\/wp-content\/uploads\/2023\/10\/VIKING-Protein-Bar-salted-hazelnutcaramel-Current-View-800x800.jpg 800w, https:\/\/vikingforce.se\/wp-content\/uploads\/2023\/10\/VIKING-Protein-Bar-salted-hazelnutcaramel-Current-View-1024x1024.jpg 1024w, https:\/\/vikingforce.se\/wp-content\/uploads\/2023\/10\/VIKING-Protein-Bar-salted-hazelnutcaramel-Current-View-1200x1200.jpg 1200w, https:\/\/vikingforce.se\/wp-content\/uploads\/2023\/10\/VIKING-Protein-Bar-salted-hazelnutcaramel-Current-View-1536x1536.jpg 1536w, https:\/\/vikingforce.se\/wp-content\/uploads\/2023\/10\/VIKING-Protein-Bar-salted-hazelnutcaramel-Current-View.jpg 2000w\" sizes=\"(max-width: 2000px) 100vw, 2000px\" \/><\/div><\/div><\/div><div class=\"swiper-slide\"><div class=\"fusion-carousel-item-wrapper\"><div class=\"fusion-image-wrapper hover-type-zoomin\"><img decoding=\"async\" width=\"2000\" height=\"2000\" src=\"https:\/\/vikingforce.se\/wp-content\/uploads\/2023\/10\/VIKING-Protein-Bar-caramel-Current-View.jpg\" class=\"attachment-full size-full\" alt=\"\" srcset=\"https:\/\/vikingforce.se\/wp-content\/uploads\/2023\/10\/VIKING-Protein-Bar-caramel-Current-View-66x66.jpg 66w, https:\/\/vikingforce.se\/wp-content\/uploads\/2023\/10\/VIKING-Protein-Bar-caramel-Current-View-150x150.jpg 150w, https:\/\/vikingforce.se\/wp-content\/uploads\/2023\/10\/VIKING-Protein-Bar-caramel-Current-View-200x200.jpg 200w, https:\/\/vikingforce.se\/wp-content\/uploads\/2023\/10\/VIKING-Protein-Bar-caramel-Current-View-300x300.jpg 300w, https:\/\/vikingforce.se\/wp-content\/uploads\/2023\/10\/VIKING-Protein-Bar-caramel-Current-View-400x400.jpg 400w, https:\/\/vikingforce.se\/wp-content\/uploads\/2023\/10\/VIKING-Protein-Bar-caramel-Current-View-600x600.jpg 600w, https:\/\/vikingforce.se\/wp-content\/uploads\/2023\/10\/VIKING-Protein-Bar-caramel-Current-View-768x768.jpg 768w, https:\/\/vikingforce.se\/wp-content\/uploads\/2023\/10\/VIKING-Protein-Bar-caramel-Current-View-800x800.jpg 800w, https:\/\/vikingforce.se\/wp-content\/uploads\/2023\/10\/VIKING-Protein-Bar-caramel-Current-View-1024x1024.jpg 1024w, https:\/\/vikingforce.se\/wp-content\/uploads\/2023\/10\/VIKING-Protein-Bar-caramel-Current-View-1200x1200.jpg 1200w, https:\/\/vikingforce.se\/wp-content\/uploads\/2023\/10\/VIKING-Protein-Bar-caramel-Current-View-1536x1536.jpg 1536w, https:\/\/vikingforce.se\/wp-content\/uploads\/2023\/10\/VIKING-Protein-Bar-caramel-Current-View.jpg 2000w\" sizes=\"(max-width: 2000px) 100vw, 2000px\" \/><\/div><\/div><\/div><\/div><div class=\"awb-swiper-button awb-swiper-button-prev\"><i class=\"awb-icon-angle-left\" aria-hidden=\"true\"><\/i><\/div><div class=\"awb-swiper-button awb-swiper-button-next\"><i class=\"awb-icon-angle-right\" aria-hidden=\"true\"><\/i><\/div><\/div><\/div><div class=\"fusion-sep-clear\"><\/div><div class=\"fusion-separator fusion-full-width-sep\" style=\"margin-left: auto;margin-right: auto;margin-top:60px;width:100%;\"><\/div><div class=\"fusion-sep-clear\"><\/div><div class=\"fusion-clearfix\"><\/div><\/div><\/div><div class=\"fusion-layout-column fusion_builder_column fusion-builder-column-1 fusion_builder_column_1_2 1_2 fusion-one-half fusion-column-last\" style=\"--awb-bg-size:cover;width:48%;\"><div class=\"fusion-column-wrapper fusion-flex-column-wrapper-legacy\"><div class=\"fusion-sep-clear\"><\/div><div class=\"fusion-separator fusion-full-width-sep\" style=\"margin-left: auto;margin-right: auto;margin-top:30px;width:100%;\"><\/div><div class=\"fusion-sep-clear\"><\/div><div class=\"fusion-title title fusion-title-1 fusion-sep-none fusion-title-text fusion-title-size-one title-wg\" style=\"--awb-margin-bottom:5px;\"><h1 class=\"fusion-title-heading title-heading-left\" style=\"margin:0;\">VIKING PROTEIN BAR<\/h1><\/div><div class=\"fusion-text fusion-text-1\"><p style=\"text-align: center;\">(Kosttillskott)<\/p>\n<\/div><div class=\"fusion-text fusion-text-2\"><p class=\"subtitle-wg\" style=\"text-align: center;\">Nettovikt : 55g\/bar<\/p>\n<\/div><div class=\"fusion-image-element fusion-image-align-center in-legacy-container\" style=\"text-align:center;--awb-caption-title-font-family:var(--h2_typography-font-family);--awb-caption-title-font-weight:var(--h2_typography-font-weight);--awb-caption-title-font-style:var(--h2_typography-font-style);--awb-caption-title-size:var(--h2_typography-font-size);--awb-caption-title-transform:var(--h2_typography-text-transform);--awb-caption-title-line-height:var(--h2_typography-line-height);--awb-caption-title-letter-spacing:var(--h2_typography-letter-spacing);\"><div class=\"imageframe-align-center\"><span class=\" fusion-imageframe imageframe-none imageframe-1 hover-type-none\"><img decoding=\"async\" width=\"300\" height=\"300\" title=\"PROTEIN BARS\" src=\"https:\/\/vikingforce.se\/wp-content\/uploads\/2023\/10\/PROTEIN-BARS-300x300.png\" alt class=\"img-responsive wp-image-21074\" srcset=\"https:\/\/vikingforce.se\/wp-content\/uploads\/2023\/10\/PROTEIN-BARS-200x200.png 200w, https:\/\/vikingforce.se\/wp-content\/uploads\/2023\/10\/PROTEIN-BARS-400x400.png 400w, https:\/\/vikingforce.se\/wp-content\/uploads\/2023\/10\/PROTEIN-BARS-600x600.png 600w, https:\/\/vikingforce.se\/wp-content\/uploads\/2023\/10\/PROTEIN-BARS-800x800.png 800w, https:\/\/vikingforce.se\/wp-content\/uploads\/2023\/10\/PROTEIN-BARS.png 1080w\" sizes=\"(max-width: 800px) 100vw, 600px\" \/><\/span><\/div><\/div><div class=\"fusion-clearfix\"><\/div><\/div><\/div><\/div><\/div><div class=\"fusion-fullwidth fullwidth-box fusion-builder-row-2 nonhundred-percent-fullwidth non-hundred-percent-height-scrolling\" style=\"--awb-border-color:#f6f6f6;--awb-border-radius-top-left:0px;--awb-border-radius-top-right:0px;--awb-border-radius-bottom-right:0px;--awb-border-radius-bottom-left:0px;--awb-padding-top:10px;--awb-padding-right:0px;--awb-padding-bottom:0px;--awb-padding-left:0px;--awb-background-color:#fff;--awb-border-sizes-top:0px;--awb-border-sizes-bottom:0px;--awb-flex-wrap:wrap;\" ><div class=\"fusion-builder-row fusion-row\"><div class=\"fusion-layout-column fusion_builder_column fusion-builder-column-2 fusion_builder_column_2_5 2_5 fusion-two-fifth fusion-column-first\" style=\"--awb-bg-size:cover;width:37.6%; margin-right: 4%;\"><div class=\"fusion-column-wrapper fusion-flex-column-wrapper-legacy\"><div class=\"fusion-text fusion-text-3\"><p class=\"subtitle-st\">Smaker:<\/p>\n<p class=\"subtitle-st\"><span style=\"color: #747474; font-weight: normal;\">Salted Caramel med Karamellager, Hasseln\u00f6t med Karamellager, Choklad med Karamellager, Skogsb\u00e4r med <\/span><span style=\"color: var(--body_typography-color); font-family: var(--body_typography-font-family); font-size: var(--body_typography-font-size); font-style: var(--body_typography-font-style,normal); font-weight: var(--body_typography-font-weight); letter-spacing: var(--body_typography-letter-spacing);\">Skogsb\u00e4rslager, <\/span><span style=\"color: var(--body_typography-color); font-family: var(--body_typography-font-family); font-size: var(--body_typography-font-size); font-style: var(--body_typography-font-style,normal); font-weight: var(--body_typography-font-weight); letter-spacing: var(--body_typography-letter-spacing);\">Kokos med Jordgubbslager.<\/span><\/p>\n<p class=\"subtitle-st\"><span style=\"font-family: var(--body_typography-font-family); font-size: var(--body_typography-font-size); font-style: var(--body_typography-font-style,normal); letter-spacing: var(--body_typography-letter-spacing);\">Anv\u00e4ndningsanvisningar:<\/span><\/p>\n<p>Enligt behov i termer av dietkomposition och dagligt proteinbehov.<\/p>\n<p class=\"subtitle-st\"><span style=\"font-family: var(--body_typography-font-family); font-size: var(--body_typography-font-size); font-style: var(--body_typography-font-style,normal); letter-spacing: var(--body_typography-letter-spacing);\">Ingredienser:<\/span><\/p>\n<p class=\"subtitle-st\"><span style=\"color: #747474; font-weight: normal;\">Proteinmatris (Vassleproteinkoncentrat, Kollagenpeptider, Sojaproteinisolerat, Helmj\u00f6lkspulver), Maltitolsirap, M\u00f6rk Chokladglasyr (Kakaomassa, Socker, Kakaosm\u00f6r, Emulgeringsmedel: Sojalecitin, Naturlig Arom), Glukos-Fruktossirap, Mj\u00f6lkr\u00e4m (Socker, Palmolja, Solrosolja, Kakaosm\u00f6r, Mj\u00f6lkpulver, Vasslepulver, Emulgeringsmedel (Rapslecitin), Salt, Arom), Karamellager (Socker, Kakaosm\u00f6r, Helmj\u00f6lkspulver, Emulgeringsmedel: Sojalecitin, Naturlig Vaniljarom), Vegetabiliskt Fett, Spannm\u00e5lsbollar (Mj\u00f6l 92%: Ris, Vete, Majs, Socker, Kornmaltextrakt, Salt), Fettkristalliserare, Kakao, Karamellarom, F\u00f6rtjockningsmedel (Xantangummi), Salt.<\/span><\/p>\n<p style=\"color: #e47822;\"><b>Viktig Information:<\/b><\/p>\n<p>\u00d6verdriven konsumtion kan orsaka laxerande effekter. F\u00f6rvara p\u00e5 en torr plats vid temperaturer som inte \u00f6verstiger 25\u00b0C och borta fr\u00e5n direkt solljus. Fryses ej. F\u00f6rbrukas omedelbart efter \u00f6ppnandet och f\u00f6re utg\u00e5ngsdatumet som st\u00e5r skrivet p\u00e5 f\u00f6rpackningen.<\/p>\n<p><span style=\"color: #e47822;\"><b>Allergiinformation:<\/b><\/span><\/p>\n<p>Kan inneh\u00e5lla sp\u00e5r av n\u00f6tter, jordn\u00f6tter.<span style=\"color: #e47822;\"><b><br \/>\n<\/b><\/span><\/p>\n<\/div><div class=\"fusion-clearfix\"><\/div><\/div><\/div><div class=\"fusion-layout-column fusion_builder_column fusion-builder-column-3 fusion_builder_column_3_5 3_5 fusion-three-fifth fusion-column-last\" style=\"--awb-bg-size:cover;width:58.4%;\"><div class=\"fusion-column-wrapper fusion-flex-column-wrapper-legacy\"><div class=\"fusion-text fusion-text-4\"><p class=\"subtitle-st\">N\u00c4RINGSINNEH\u00c5LL<\/p>\n<\/div><div class=\"fusion-text fusion-text-5\"><div class=\"table-1\">\n<table class=\"tb\" width=\"100%\">\n<tbody>\n<tr class=\"table-row_border\">\n<td colspan=\"3\"><b>N\u00e4ringsv\u00e4rden<\/b><\/td>\n<td><b>100 g<\/b><\/td>\n<td><b>55 g<\/b><\/td>\n<\/tr>\n<tr>\n<td colspan=\"3\">Energi<\/td>\n<td>1509 kJ\/360 kcal<\/td>\n<td>830 KJ\/198 Kcal<\/td>\n<\/tr>\n<tr>\n<td colspan=\"3\">Fett<\/td>\n<td>12,14 g<\/td>\n<td>6,6 g<\/td>\n<\/tr>\n<tr>\n<td colspan=\"3\">&#8211; varav m\u00e4ttade fettsyror<\/td>\n<td>4,80 g<\/td>\n<td>2,6 g<\/td>\n<\/tr>\n<tr>\n<td colspan=\"3\">Kolhydrater<\/td>\n<td>38,11 g<\/td>\n<td>20,96 g<\/td>\n<\/tr>\n<tr>\n<td colspan=\"3\">&#8211; <i>varav socker<\/i><\/td>\n<td>8,72 g<\/td>\n<td>4,80 g<\/td>\n<\/tr>\n<tr>\n<td colspan=\"3\">&#8211; <i>varav polyoler<\/i><\/td>\n<td>29,39 g<\/td>\n<td>16,16 g<\/td>\n<\/tr>\n<tr>\n<td colspan=\"3\">Protein<\/td>\n<td>36 g<\/td>\n<td>20 g<\/td>\n<\/tr>\n<tr>\n<td colspan=\"3\">Fiber<\/td>\n<td>0,84 g<\/td>\n<td>0,46 g<\/td>\n<\/tr>\n<tr>\n<td colspan=\"3\">Salt<\/td>\n<td>0,43 g<\/td>\n<td>0,24 g<\/td>\n<\/tr>\n<\/tbody>\n<\/table>\n<\/div>\n<\/div><div class=\"fusion-clearfix\"><\/div><\/div><\/div><\/div><\/div><\/p>\n","protected":false},"excerpt":{"rendered":"","protected":false},"author":1,"featured_media":0,"parent":12490,"menu_order":0,"comment_status":"closed","ping_status":"closed","template":"","meta":{"footnotes":""},"class_list":["post-21296","page","type-page","status-publish","hentry"],"_links":{"self":[{"href":"https:\/\/vikingforce.se\/sv\/wp-json\/wp\/v2\/pages\/21296","targetHints":{"allow":["GET"]}}],"collection":[{"href":"https:\/\/vikingforce.se\/sv\/wp-json\/wp\/v2\/pages"}],"about":[{"href":"https:\/\/vikingforce.se\/sv\/wp-json\/wp\/v2\/types\/page"}],"author":[{"embeddable":true,"href":"https:\/\/vikingforce.se\/sv\/wp-json\/wp\/v2\/users\/1"}],"replies":[{"embeddable":true,"href":"https:\/\/vikingforce.se\/sv\/wp-json\/wp\/v2\/comments?post=21296"}],"version-history":[{"count":5,"href":"https:\/\/vikingforce.se\/sv\/wp-json\/wp\/v2\/pages\/21296\/revisions"}],"predecessor-version":[{"id":23575,"href":"https:\/\/vikingforce.se\/sv\/wp-json\/wp\/v2\/pages\/21296\/revisions\/23575"}],"up":[{"embeddable":true,"href":"https:\/\/vikingforce.se\/sv\/wp-json\/wp\/v2\/pages\/12490"}],"wp:attachment":[{"href":"https:\/\/vikingforce.se\/sv\/wp-json\/wp\/v2\/media?parent=21296"}],"curies":[{"name":"wp","href":"https:\/\/api.w.org\/{rel}","templated":true}]}}