{"id":21286,"date":"2024-01-23T07:15:54","date_gmt":"2024-01-23T07:15:54","guid":{"rendered":"https:\/\/vikingforce.se\/proteins\/viking-clear-whey-protein\/"},"modified":"2025-05-16T10:54:44","modified_gmt":"2025-05-16T10:54:44","slug":"viking-clear-whey-protein","status":"publish","type":"page","link":"https:\/\/vikingforce.se\/sv\/proteins\/viking-clear-whey-protein\/","title":{"rendered":"VIKING CLEAR WHEY PROTEIN"},"content":{"rendered":"<p><div class=\"fusion-fullwidth fullwidth-box fusion-builder-row-1 hundred-percent-fullwidth non-hundred-percent-height-scrolling fusion-equal-height-columns\" style=\"--awb-background-position:left top;--awb-border-color:#f6f6f6;--awb-border-radius-top-left:0px;--awb-border-radius-top-right:0px;--awb-border-radius-bottom-right:0px;--awb-border-radius-bottom-left:0px;--awb-padding-top:1px;--awb-padding-right:0px;--awb-padding-bottom:30px;--awb-padding-left:0px;--awb-background-color:#fff;--awb-border-sizes-top:0px;--awb-border-sizes-bottom:0px;--awb-flex-wrap:wrap;\" ><div class=\"fusion-builder-row fusion-row\"><div class=\"fusion-layout-column fusion_builder_column fusion-builder-column-0 fusion_builder_column_1_2 1_2 fusion-one-half fusion-column-first\" style=\"--awb-bg-size:cover;width:48%; margin-right: 4%;\"><div class=\"fusion-column-wrapper fusion-flex-column-wrapper-legacy\"><div class=\"fusion-image-carousel fusion-image-carousel-auto fusion-image-carousel-1 fusion-carousel-border\"><div class=\"awb-carousel awb-swiper awb-swiper-carousel awb-swiper-dots-position-bottom awb-carousel--carousel\" data-layout=\"carousel\" data-autoplay=\"no\" data-autoplayspeed=\"2500\" data-autoplaypause=\"no\" data-columns=\"1\" data-itemmargin=\"13\" data-itemwidth=\"180\" data-touchscroll=\"no\" data-freemode=\"no\" data-imagesize=\"auto\" data-scrollitems=\"0\" data-centeredslides=\"no\" data-rotationangle=\"50\" data-depth=\"100\" data-speed=\"500\" data-shadow=\"no\" style=\"--awb-columns:1;--awb-border-width:1px;--awb-border-color:#e9eaee;\"><div class=\"swiper-wrapper awb-image-carousel-wrapper fusion-flex-align-items-center\"><div class=\"swiper-slide\"><div class=\"fusion-carousel-item-wrapper\"><div class=\"fusion-image-wrapper hover-type-zoomin\"><img decoding=\"async\" width=\"2000\" height=\"2000\" src=\"https:\/\/vikingforce.se\/wp-content\/uploads\/2023\/10\/VIKING-Clear-WHEY-mango-pineapple.jpg\" class=\"attachment-full size-full\" alt=\"\" srcset=\"https:\/\/vikingforce.se\/wp-content\/uploads\/2023\/10\/VIKING-Clear-WHEY-mango-pineapple-66x66.jpg 66w, https:\/\/vikingforce.se\/wp-content\/uploads\/2023\/10\/VIKING-Clear-WHEY-mango-pineapple-150x150.jpg 150w, https:\/\/vikingforce.se\/wp-content\/uploads\/2023\/10\/VIKING-Clear-WHEY-mango-pineapple-200x200.jpg 200w, https:\/\/vikingforce.se\/wp-content\/uploads\/2023\/10\/VIKING-Clear-WHEY-mango-pineapple-300x300.jpg 300w, https:\/\/vikingforce.se\/wp-content\/uploads\/2023\/10\/VIKING-Clear-WHEY-mango-pineapple-400x400.jpg 400w, https:\/\/vikingforce.se\/wp-content\/uploads\/2023\/10\/VIKING-Clear-WHEY-mango-pineapple-600x600.jpg 600w, https:\/\/vikingforce.se\/wp-content\/uploads\/2023\/10\/VIKING-Clear-WHEY-mango-pineapple-768x768.jpg 768w, https:\/\/vikingforce.se\/wp-content\/uploads\/2023\/10\/VIKING-Clear-WHEY-mango-pineapple-800x800.jpg 800w, https:\/\/vikingforce.se\/wp-content\/uploads\/2023\/10\/VIKING-Clear-WHEY-mango-pineapple-1024x1024.jpg 1024w, https:\/\/vikingforce.se\/wp-content\/uploads\/2023\/10\/VIKING-Clear-WHEY-mango-pineapple-1200x1200.jpg 1200w, https:\/\/vikingforce.se\/wp-content\/uploads\/2023\/10\/VIKING-Clear-WHEY-mango-pineapple-1536x1536.jpg 1536w, https:\/\/vikingforce.se\/wp-content\/uploads\/2023\/10\/VIKING-Clear-WHEY-mango-pineapple.jpg 2000w\" sizes=\"(max-width: 2000px) 100vw, 2000px\" \/><\/div><\/div><\/div><div class=\"swiper-slide\"><div class=\"fusion-carousel-item-wrapper\"><div class=\"fusion-image-wrapper hover-type-zoomin\"><img decoding=\"async\" width=\"2000\" height=\"2000\" src=\"https:\/\/vikingforce.se\/wp-content\/uploads\/2023\/10\/VIKING-Clear-WHEY-VIKING-Clear-WHEY_-Protein-Isolate_900g_Berry-mix.jpg\" class=\"attachment-full size-full\" alt=\"\" srcset=\"https:\/\/vikingforce.se\/wp-content\/uploads\/2023\/10\/VIKING-Clear-WHEY-VIKING-Clear-WHEY_-Protein-Isolate_900g_Berry-mix-66x66.jpg 66w, https:\/\/vikingforce.se\/wp-content\/uploads\/2023\/10\/VIKING-Clear-WHEY-VIKING-Clear-WHEY_-Protein-Isolate_900g_Berry-mix-150x150.jpg 150w, https:\/\/vikingforce.se\/wp-content\/uploads\/2023\/10\/VIKING-Clear-WHEY-VIKING-Clear-WHEY_-Protein-Isolate_900g_Berry-mix-200x200.jpg 200w, https:\/\/vikingforce.se\/wp-content\/uploads\/2023\/10\/VIKING-Clear-WHEY-VIKING-Clear-WHEY_-Protein-Isolate_900g_Berry-mix-300x300.jpg 300w, https:\/\/vikingforce.se\/wp-content\/uploads\/2023\/10\/VIKING-Clear-WHEY-VIKING-Clear-WHEY_-Protein-Isolate_900g_Berry-mix-400x400.jpg 400w, https:\/\/vikingforce.se\/wp-content\/uploads\/2023\/10\/VIKING-Clear-WHEY-VIKING-Clear-WHEY_-Protein-Isolate_900g_Berry-mix-600x600.jpg 600w, https:\/\/vikingforce.se\/wp-content\/uploads\/2023\/10\/VIKING-Clear-WHEY-VIKING-Clear-WHEY_-Protein-Isolate_900g_Berry-mix-768x768.jpg 768w, https:\/\/vikingforce.se\/wp-content\/uploads\/2023\/10\/VIKING-Clear-WHEY-VIKING-Clear-WHEY_-Protein-Isolate_900g_Berry-mix-800x800.jpg 800w, https:\/\/vikingforce.se\/wp-content\/uploads\/2023\/10\/VIKING-Clear-WHEY-VIKING-Clear-WHEY_-Protein-Isolate_900g_Berry-mix-1024x1024.jpg 1024w, https:\/\/vikingforce.se\/wp-content\/uploads\/2023\/10\/VIKING-Clear-WHEY-VIKING-Clear-WHEY_-Protein-Isolate_900g_Berry-mix-1200x1200.jpg 1200w, https:\/\/vikingforce.se\/wp-content\/uploads\/2023\/10\/VIKING-Clear-WHEY-VIKING-Clear-WHEY_-Protein-Isolate_900g_Berry-mix-1536x1536.jpg 1536w, https:\/\/vikingforce.se\/wp-content\/uploads\/2023\/10\/VIKING-Clear-WHEY-VIKING-Clear-WHEY_-Protein-Isolate_900g_Berry-mix.jpg 2000w\" sizes=\"(max-width: 2000px) 100vw, 2000px\" \/><\/div><\/div><\/div><div class=\"swiper-slide\"><div class=\"fusion-carousel-item-wrapper\"><div class=\"fusion-image-wrapper hover-type-zoomin\"><img decoding=\"async\" width=\"2000\" height=\"2000\" src=\"https:\/\/vikingforce.se\/wp-content\/uploads\/2023\/10\/VIKING-Clear-WHEY-watermelon.jpg\" class=\"attachment-full size-full\" alt=\"\" srcset=\"https:\/\/vikingforce.se\/wp-content\/uploads\/2023\/10\/VIKING-Clear-WHEY-watermelon-66x66.jpg 66w, https:\/\/vikingforce.se\/wp-content\/uploads\/2023\/10\/VIKING-Clear-WHEY-watermelon-150x150.jpg 150w, https:\/\/vikingforce.se\/wp-content\/uploads\/2023\/10\/VIKING-Clear-WHEY-watermelon-200x200.jpg 200w, https:\/\/vikingforce.se\/wp-content\/uploads\/2023\/10\/VIKING-Clear-WHEY-watermelon-300x300.jpg 300w, https:\/\/vikingforce.se\/wp-content\/uploads\/2023\/10\/VIKING-Clear-WHEY-watermelon-400x400.jpg 400w, https:\/\/vikingforce.se\/wp-content\/uploads\/2023\/10\/VIKING-Clear-WHEY-watermelon-600x600.jpg 600w, https:\/\/vikingforce.se\/wp-content\/uploads\/2023\/10\/VIKING-Clear-WHEY-watermelon-768x768.jpg 768w, https:\/\/vikingforce.se\/wp-content\/uploads\/2023\/10\/VIKING-Clear-WHEY-watermelon-800x800.jpg 800w, https:\/\/vikingforce.se\/wp-content\/uploads\/2023\/10\/VIKING-Clear-WHEY-watermelon-1024x1024.jpg 1024w, https:\/\/vikingforce.se\/wp-content\/uploads\/2023\/10\/VIKING-Clear-WHEY-watermelon-1200x1200.jpg 1200w, https:\/\/vikingforce.se\/wp-content\/uploads\/2023\/10\/VIKING-Clear-WHEY-watermelon-1536x1536.jpg 1536w, https:\/\/vikingforce.se\/wp-content\/uploads\/2023\/10\/VIKING-Clear-WHEY-watermelon.jpg 2000w\" sizes=\"(max-width: 2000px) 100vw, 2000px\" \/><\/div><\/div><\/div><\/div><div class=\"awb-swiper-button awb-swiper-button-prev\"><i class=\"awb-icon-angle-left\" aria-hidden=\"true\"><\/i><\/div><div class=\"awb-swiper-button awb-swiper-button-next\"><i class=\"awb-icon-angle-right\" aria-hidden=\"true\"><\/i><\/div><\/div><\/div><div class=\"fusion-sep-clear\"><\/div><div class=\"fusion-separator fusion-full-width-sep\" style=\"margin-left: auto;margin-right: auto;margin-top:60px;width:100%;\"><\/div><div class=\"fusion-sep-clear\"><\/div><div class=\"fusion-clearfix\"><\/div><\/div><\/div><div class=\"fusion-layout-column fusion_builder_column fusion-builder-column-1 fusion_builder_column_1_2 1_2 fusion-one-half fusion-column-last\" style=\"--awb-bg-size:cover;width:48%;\"><div class=\"fusion-column-wrapper fusion-flex-column-wrapper-legacy\"><div class=\"fusion-sep-clear\"><\/div><div class=\"fusion-separator fusion-full-width-sep\" style=\"margin-left: auto;margin-right: auto;margin-top:30px;width:100%;\"><\/div><div class=\"fusion-sep-clear\"><\/div><div class=\"fusion-title title fusion-title-1 fusion-sep-none fusion-title-text fusion-title-size-one title-wg\" style=\"--awb-margin-bottom:5px;\"><h1 class=\"fusion-title-heading title-heading-left\" style=\"margin:0;\"><div style=\"text-align: center;\"><span style=\"font-size: var(--h1_typography-font-size); font-style: var(--h1_typography-font-style,normal); font-weight: var(--h1_typography-font-weight); letter-spacing: var(--h1_typography-letter-spacing);\">CLEAR WHEY PROTEIN ISOLATE<\/span><\/div><\/h1><\/div><div class=\"fusion-text fusion-text-1\"><p style=\"text-align: center;\">(Kosttillskott)<\/p>\n<\/div><div class=\"fusion-text fusion-text-2\"><p class=\"subtitle-wg\" style=\"text-align: center;\">Nettovikt: 900 g<\/p>\n<p class=\"subtitle-wg\" style=\"text-align: center;\">Portioner\/Beh\u00e5llare: 36<\/p>\n<\/div><div class=\"fusion-clearfix\"><\/div><\/div><\/div><\/div><\/div><div class=\"fusion-fullwidth fullwidth-box fusion-builder-row-2 nonhundred-percent-fullwidth non-hundred-percent-height-scrolling\" style=\"--awb-border-color:#f6f6f6;--awb-border-radius-top-left:0px;--awb-border-radius-top-right:0px;--awb-border-radius-bottom-right:0px;--awb-border-radius-bottom-left:0px;--awb-padding-top:10px;--awb-padding-right:0px;--awb-padding-bottom:0px;--awb-padding-left:0px;--awb-background-color:#fff;--awb-border-sizes-top:0px;--awb-border-sizes-bottom:0px;--awb-flex-wrap:wrap;\" ><div class=\"fusion-builder-row fusion-row\"><div class=\"fusion-layout-column fusion_builder_column fusion-builder-column-2 fusion_builder_column_2_5 2_5 fusion-two-fifth fusion-column-first\" style=\"--awb-bg-size:cover;width:37.6%; margin-right: 4%;\"><div class=\"fusion-column-wrapper fusion-flex-column-wrapper-legacy\"><div class=\"fusion-text fusion-text-3\"><p class=\"subtitle-st\">Smaker:<\/p>\n<p class=\"subtitle-st\"><span style=\"font-weight: normal; color: #747474;\">B\u00e4r Mix, Mango, Vattenmelon<\/span><\/p>\n<p class=\"subtitle-st\"><span style=\"font-family: var(--body_typography-font-family); font-size: var(--body_typography-font-size); font-style: var(--body_typography-font-style,normal); letter-spacing: var(--body_typography-letter-spacing);\">Anv\u00e4ndningsanvisning:<\/span><\/p>\n<p>Blanda 1 skopa (~25g) pulver med 200-300 ml vatten och skaka v\u00e4l. Konsumera omedelbart efter beredning.<\/p>\n<p class=\"subtitle-st\"><span style=\"font-family: var(--body_typography-font-family); font-size: var(--body_typography-font-size); font-style: var(--body_typography-font-style,normal); letter-spacing: var(--body_typography-letter-spacing);\">Ingredienser:<\/span><\/p>\n<p>Vassleproteinisolat (Inneh\u00e5ller sojalecitin), Smaker, Surhetsreglerande medel (Citronsyra), Smakf\u00f6rst\u00e4rkare (Natriumklorid), S\u00f6tningsmedel (Sukralos, Acesulfam K), F\u00e4rg (Karmin och Spirulinabl\u00e5tt \u2013 f\u00f6r B\u00e4r Mix-smak, Riboflavin \u2013 f\u00f6r Mango-smak, R\u00f6dbetsr\u00f6tt \u2013 f\u00f6r Vattenmelonssmak), F\u00f6rtjockningsmedel (Xantangummi).<\/p>\n<p style=\"color: #e47822;\"><b>Viktig information:<\/b><\/p>\n<p>Denna produkt \u00e4r ett kosttillskott. Anv\u00e4nd produkten tillsammans med mat som en del av en h\u00e4lsosam och balanserad kost, inte som ett substitut f\u00f6r s\u00e5dan. F\u00f6rvara utom r\u00e4ckh\u00e5ll f\u00f6r barn. Inte avsedd f\u00f6r anv\u00e4ndning av barn, gravida eller ammande kvinnor! \u00d6verskrid inte rekommenderad daglig dosering.<br \/>\nF\u00f6rvara p\u00e5 en sval, torr plats. Uts\u00e4tt inte f\u00f6r \u00f6verdriven v\u00e4rme, fukt eller direkt solljus. B\u00e4st f\u00f6re datum \u00e4r angivet p\u00e5 f\u00f6rpackningen.<\/p>\n<p><span style=\"color: #e47822;\"><b>Allergiinformation:<\/b><\/span><\/p>\n<p>Tillverkad av mj\u00f6lk. Kan inneh\u00e5lla sp\u00e5r av \u00e4gg och vete (gluten).<\/p>\n<\/div><div class=\"fusion-clearfix\"><\/div><\/div><\/div><div class=\"fusion-layout-column fusion_builder_column fusion-builder-column-3 fusion_builder_column_3_5 3_5 fusion-three-fifth fusion-column-last\" style=\"--awb-bg-size:cover;width:58.4%;\"><div class=\"fusion-column-wrapper fusion-flex-column-wrapper-legacy\"><div class=\"fusion-text fusion-text-4\"><p>N\u00c4RINGSINNEH\u00c5LL<\/p>\n<\/div><div class=\"fusion-text fusion-text-5\"><div class=\"table-1\">\n<table class=\"tb\" width=\"100%\">\n<tbody>\n<tr class=\"table-row_border\">\n<td colspan=\"3\"><b>**N\u00e4ringsinneh\u00e5ll:<br \/>\n<\/b><span style=\"color: var(--body_typography-color); font-family: var(--body_typography-font-family); font-size: var(--body_typography-font-size); font-style: var(--body_typography-font-style,normal); letter-spacing: var(--body_typography-letter-spacing);\"> (<\/span><span style=\"color: var(--body_typography-color); font-family: var(--body_typography-font-family); font-size: var(--body_typography-font-size); font-style: var(--body_typography-font-style,normal); font-weight: var(--body_typography-font-weight); letter-spacing: var(--body_typography-letter-spacing);\">Portioner per f\u00f6rpackning: 36)<\/span><\/td>\n<td><b>25 g<\/b><\/td>\n<td><b>100 g<\/b><\/td>\n<\/tr>\n<tr>\n<td colspan=\"3\">Energi<\/td>\n<td>373,4 kJ\/89,3 kcal<\/td>\n<td>1493,5 kJ\/357,3 kcal<\/td>\n<\/tr>\n<tr>\n<td colspan=\"3\">Proteiner<\/td>\n<td>21,8 g<\/td>\n<td>81,1 g<\/td>\n<\/tr>\n<tr>\n<td colspan=\"3\">Kolhydrater<\/td>\n<td>0,02 g<\/td>\n<td>0,10 g<\/td>\n<\/tr>\n<tr>\n<td colspan=\"3\">&#8211; varav socker<\/td>\n<td>0,02 g<\/td>\n<td>0,10 g<\/td>\n<\/tr>\n<tr>\n<td colspan=\"3\">Fett<\/td>\n<td>0,24 g<\/td>\n<td>0,97 g<\/td>\n<\/tr>\n<tr>\n<td colspan=\"3\">&#8211; varav m\u00e4ttat fett<\/td>\n<td>0,15 g<\/td>\n<td>0,58 g<\/td>\n<\/tr>\n<tr>\n<td colspan=\"3\">Natrium<\/td>\n<td>0,28 g<\/td>\n<td>0,62 g<\/td>\n<\/tr>\n<tr>\n<td colspan=\"3\"><b>Typiskt aminosyrainneh\u00e5ll<\/b><\/td>\n<\/tr>\n<tr>\n<td colspan=\"3\">Alanin<\/td>\n<td>1432 mg<\/td>\n<td>5729 mg<\/td>\n<\/tr>\n<tr>\n<td colspan=\"3\">Arginin<\/td>\n<td>558 mg<\/td>\n<td>2233 mg<\/td>\n<\/tr>\n<tr>\n<td colspan=\"3\">Asparaginsyra<\/td>\n<td>2864 mg<\/td>\n<td>11458 mg<\/td>\n<\/tr>\n<tr>\n<td colspan=\"3\">Cystein<\/td>\n<td>461 mg<\/td>\n<td>1845 mg<\/td>\n<\/tr>\n<tr>\n<td colspan=\"3\">Glutaminsyra<\/td>\n<td>4806 mg<\/td>\n<td>19226 mg<\/td>\n<\/tr>\n<tr>\n<td colspan=\"3\">Glycin<\/td>\n<td>388 mg<\/td>\n<td>1554 mg<\/td>\n<\/tr>\n<tr>\n<td colspan=\"3\">Histidin<\/td>\n<td>413 mg<\/td>\n<td>1651 mg<\/td>\n<\/tr>\n<tr>\n<td colspan=\"3\">Isoleucin<\/td>\n<td>1748 mg<\/td>\n<td>6991 mg<\/td>\n<\/tr>\n<tr>\n<td colspan=\"3\">Leucin<\/td>\n<td>2889 mg<\/td>\n<td>11555 mg<\/td>\n<\/tr>\n<tr>\n<td colspan=\"3\">Lysin<\/td>\n<td>2597 mg<\/td>\n<td>10390 mg<\/td>\n<\/tr>\n<tr>\n<td colspan=\"3\">Metionin<\/td>\n<td>583 mg<\/td>\n<td>2330 mg<\/td>\n<\/tr>\n<tr>\n<td colspan=\"3\">Fenylalanin<\/td>\n<td>777 mg<\/td>\n<td>3107 mg<\/td>\n<\/tr>\n<tr>\n<td colspan=\"3\">Prolin<\/td>\n<td>1675 mg<\/td>\n<td>6700 mg<\/td>\n<\/tr>\n<tr>\n<td colspan=\"3\">Serin<\/td>\n<td>1238 mg<\/td>\n<td>4952 mg<\/td>\n<\/tr>\n<tr>\n<td colspan=\"3\">Treonin<\/td>\n<td>1918 mg<\/td>\n<td>7671 mg<\/td>\n<\/tr>\n<tr>\n<td colspan=\"3\">Tryptofan<\/td>\n<td>461 mg<\/td>\n<td>1845 mg<\/td>\n<\/tr>\n<tr>\n<td colspan=\"3\">Tyrosin<\/td>\n<td>728 mg<\/td>\n<td>2913 mg<\/td>\n<\/tr>\n<tr>\n<td colspan=\"3\">Valin<\/td>\n<td>1554 mg<\/td>\n<td>6214 mg<\/td>\n<\/tr>\n<tr>\n<td colspan=\"5\">**N\u00e4ringsinformation kan variera n\u00e5got mellan smaker<\/td>\n<\/tr>\n<\/tbody>\n<\/table>\n<\/div>\n<\/div><div class=\"fusion-clearfix\"><\/div><\/div><\/div><\/div><\/div><\/p>\n","protected":false},"excerpt":{"rendered":"","protected":false},"author":1,"featured_media":0,"parent":12490,"menu_order":0,"comment_status":"closed","ping_status":"closed","template":"","meta":{"footnotes":""},"class_list":["post-21286","page","type-page","status-publish","hentry"],"_links":{"self":[{"href":"https:\/\/vikingforce.se\/sv\/wp-json\/wp\/v2\/pages\/21286","targetHints":{"allow":["GET"]}}],"collection":[{"href":"https:\/\/vikingforce.se\/sv\/wp-json\/wp\/v2\/pages"}],"about":[{"href":"https:\/\/vikingforce.se\/sv\/wp-json\/wp\/v2\/types\/page"}],"author":[{"embeddable":true,"href":"https:\/\/vikingforce.se\/sv\/wp-json\/wp\/v2\/users\/1"}],"replies":[{"embeddable":true,"href":"https:\/\/vikingforce.se\/sv\/wp-json\/wp\/v2\/comments?post=21286"}],"version-history":[{"count":11,"href":"https:\/\/vikingforce.se\/sv\/wp-json\/wp\/v2\/pages\/21286\/revisions"}],"predecessor-version":[{"id":23574,"href":"https:\/\/vikingforce.se\/sv\/wp-json\/wp\/v2\/pages\/21286\/revisions\/23574"}],"up":[{"embeddable":true,"href":"https:\/\/vikingforce.se\/sv\/wp-json\/wp\/v2\/pages\/12490"}],"wp:attachment":[{"href":"https:\/\/vikingforce.se\/sv\/wp-json\/wp\/v2\/media?parent=21286"}],"curies":[{"name":"wp","href":"https:\/\/api.w.org\/{rel}","templated":true}]}}