{"id":21275,"date":"2024-01-22T11:56:47","date_gmt":"2024-01-22T11:56:47","guid":{"rendered":"https:\/\/vikingforce.se\/gold-carnitine-3000\/"},"modified":"2025-05-14T14:50:25","modified_gmt":"2025-05-14T14:50:25","slug":"gold-carnitine-3000","status":"publish","type":"page","link":"https:\/\/vikingforce.se\/sv\/gold-carnitine-3000\/","title":{"rendered":"GOLD CARNITINE 3000"},"content":{"rendered":"<p><div class=\"fusion-fullwidth fullwidth-box fusion-builder-row-1 hundred-percent-fullwidth non-hundred-percent-height-scrolling fusion-equal-height-columns\" style=\"--awb-background-position:left top;--awb-border-color:#f6f6f6;--awb-border-radius-top-left:0px;--awb-border-radius-top-right:0px;--awb-border-radius-bottom-right:0px;--awb-border-radius-bottom-left:0px;--awb-padding-top:1px;--awb-padding-right:0px;--awb-padding-bottom:30px;--awb-padding-left:0px;--awb-background-color:#fff;--awb-border-sizes-top:0px;--awb-border-sizes-bottom:0px;--awb-flex-wrap:wrap;\" ><div class=\"fusion-builder-row fusion-row\"><div class=\"fusion-layout-column fusion_builder_column fusion-builder-column-0 fusion_builder_column_1_2 1_2 fusion-one-half fusion-column-first\" style=\"--awb-bg-size:cover;width:48%; margin-right: 4%;\"><div class=\"fusion-column-wrapper fusion-flex-column-wrapper-legacy\"><div class=\"fusion-sep-clear\"><\/div><div class=\"fusion-separator fusion-full-width-sep\" style=\"margin-left: auto;margin-right: auto;margin-top:60px;width:100%;\"><\/div><div class=\"fusion-sep-clear\"><\/div><div class=\"fusion-text fusion-text-1\"><p style=\"text-align: center;\"><a href=\"https:\/\/vikingforce.se\/wp-content\/uploads\/2023\/06\/GOLD-CARNITINE-1024x1024.png\"><img decoding=\"async\" class=\"alignnone wp-image-20941 size-large\" src=\"https:\/\/vikingforce.se\/wp-content\/uploads\/2023\/06\/GOLD-CARNITINE-1024x1024.png\" alt=\"\" width=\"1024\" height=\"1024\" srcset=\"https:\/\/vikingforce.se\/wp-content\/uploads\/2023\/06\/GOLD-CARNITINE-66x66.png 66w, https:\/\/vikingforce.se\/wp-content\/uploads\/2023\/06\/GOLD-CARNITINE-150x150.png 150w, https:\/\/vikingforce.se\/wp-content\/uploads\/2023\/06\/GOLD-CARNITINE-200x200.png 200w, https:\/\/vikingforce.se\/wp-content\/uploads\/2023\/06\/GOLD-CARNITINE-300x300.png 300w, https:\/\/vikingforce.se\/wp-content\/uploads\/2023\/06\/GOLD-CARNITINE-400x400.png 400w, https:\/\/vikingforce.se\/wp-content\/uploads\/2023\/06\/GOLD-CARNITINE-600x600.png 600w, https:\/\/vikingforce.se\/wp-content\/uploads\/2023\/06\/GOLD-CARNITINE-768x768.png 768w, https:\/\/vikingforce.se\/wp-content\/uploads\/2023\/06\/GOLD-CARNITINE-800x800.png 800w, https:\/\/vikingforce.se\/wp-content\/uploads\/2023\/06\/GOLD-CARNITINE-1024x1024.png 1024w, https:\/\/vikingforce.se\/wp-content\/uploads\/2023\/06\/GOLD-CARNITINE.png 1080w\" sizes=\"(max-width: 1024px) 100vw, 1024px\" \/><\/a><\/p>\n<\/div><div class=\"fusion-clearfix\"><\/div><\/div><\/div><div class=\"fusion-layout-column fusion_builder_column fusion-builder-column-1 fusion_builder_column_1_2 1_2 fusion-one-half fusion-column-last\" style=\"--awb-bg-size:cover;width:48%;\"><div class=\"fusion-column-wrapper fusion-flex-column-wrapper-legacy\"><div class=\"fusion-sep-clear\"><\/div><div class=\"fusion-separator fusion-full-width-sep\" style=\"margin-left: auto;margin-right: auto;margin-top:30px;width:100%;\"><\/div><div class=\"fusion-sep-clear\"><\/div><div class=\"fusion-title title fusion-title-1 fusion-sep-none fusion-title-text fusion-title-size-one title-wg\" style=\"--awb-margin-bottom:5px;\"><h1 class=\"fusion-title-heading title-heading-left\" style=\"margin:0;\"><div style=\"text-align: center;\"><span style=\"font-size: var(--h1_typography-font-size); font-style: var(--h1_typography-font-style,normal); font-weight: var(--h1_typography-font-weight); letter-spacing: var(--h1_typography-letter-spacing);\">VIKING GOLD CARNITINE 3000<\/span><\/div><\/h1><\/div><div class=\"fusion-text fusion-text-2\"><p style=\"text-align: center;\">(Kosttillskott)<\/p>\n<\/div><div class=\"fusion-text fusion-text-3\"><p class=\"subtitle-wg\" style=\"text-align: center;\">Nettovikt: 1000 ml<\/p>\n<p class=\"subtitle-wg\" style=\"text-align: center;\">Portioner\/Beh\u00e5llare: 40<\/p>\n<\/div><div class=\"fusion-clearfix\"><\/div><\/div><\/div><\/div><\/div><div class=\"fusion-fullwidth fullwidth-box fusion-builder-row-2 nonhundred-percent-fullwidth non-hundred-percent-height-scrolling\" style=\"--awb-border-color:#f6f6f6;--awb-border-radius-top-left:0px;--awb-border-radius-top-right:0px;--awb-border-radius-bottom-right:0px;--awb-border-radius-bottom-left:0px;--awb-padding-top:10px;--awb-padding-right:0px;--awb-padding-bottom:0px;--awb-padding-left:0px;--awb-background-color:#fff;--awb-border-sizes-top:0px;--awb-border-sizes-bottom:0px;--awb-flex-wrap:wrap;\" ><div class=\"fusion-builder-row fusion-row\"><div class=\"fusion-layout-column fusion_builder_column fusion-builder-column-2 fusion_builder_column_2_5 2_5 fusion-two-fifth fusion-column-first\" style=\"--awb-bg-size:cover;width:37.6%; margin-right: 4%;\"><div class=\"fusion-column-wrapper fusion-flex-column-wrapper-legacy\"><div class=\"fusion-text fusion-text-4\"><p class=\"subtitle-st\">Smaker: <span style=\"font-weight: normal; color: #747474;\">Apelsin , blanda b\u00e4r<\/span><\/p>\n<p>Ta 25 ml, 30-60 minuter f\u00f6re tr\u00e4ning och\/eller mellan m\u00e5ltiderna.<\/p>\n<p class=\"subtitle-st\"><span style=\"color: #747474; font-weight: normal;\">Renat vatten, L-karnitin, surhetsmedel (citronsyra), vattenfritt koffein, aromer, guaranafr\u00f6extrakt ( Paullinia cupana Kunth) 22 % koffein, s\u00f6tningsmedel (sukralos, <\/span><span style=\"color: #747474; font-weight: normal;\">acesulfam K<\/span><span style=\"color: #747474; font-weight: normal;\">), konserveringsmedel (kaliumsorbatnatriumbensoat).<\/span><\/p>\n<p style=\"color: #e47822;\"><b>Viktig information<span style=\"color: #e47822;\">utformning<\/span>p\u00e5:<\/b><\/p>\n<p><b>H\u00f6gt koffeininneh\u00e5ll (165,5 mg\/portion)!<\/b> Denna produkt \u00e4r ett kosttillskott. Anv\u00e4nd denna produkt tillsammans med mat som en del av en h\u00e4lsosam, balanserad kost, inte som en ers\u00e4ttning f\u00f6r s\u00e5dan. F\u00f6rvara utom r\u00e4ckh\u00e5ll f\u00f6r barn. Den \u00e4r endast avsedd f\u00f6r 18 \u00e5r eller \u00e4ldre. Ej avsedd f\u00f6r anv\u00e4ndning av gravida eller ammande kvinnor! \u00d6verskrid inte den rekommenderade dagliga dosen.<\/p>\n<p>F\u00f6rvara p\u00e5 en kall och torr plats. Uts\u00e4tt inte f\u00f6r stark v\u00e4rme, fukt eller solljus. B\u00e4st f\u00f6re utg\u00e5ngsdatumet skrivet p\u00e5 f\u00f6rpackningen.<\/p>\n<p style=\"color: #e47822;\"><b>Allergiinformation:<\/b><\/p>\n<p style=\"color: #e47822;\"><span style=\"color: #747474;\">Kan inneh\u00e5lla sp\u00e5r av mj\u00f6lk, soja, \u00e4gg och vete (gluten).<\/span><b><br \/>\n<\/b><\/p>\n<\/div><div class=\"fusion-clearfix\"><\/div><\/div><\/div><div class=\"fusion-layout-column fusion_builder_column fusion-builder-column-3 fusion_builder_column_3_5 3_5 fusion-three-fifth fusion-column-last\" style=\"--awb-bg-size:cover;width:58.4%;\"><div class=\"fusion-column-wrapper fusion-flex-column-wrapper-legacy\"><div class=\"fusion-text fusion-text-5\"><p class=\"subtitle-st\">N\u00c4RINGSINNEH\u00c5LL<\/p>\n<\/div><div class=\"fusion-text fusion-text-6\"><div class=\"table-1\">\n<table class=\"tb\" width=\"100%\">\n<tbody>\n<tr class=\"table-row_border\">\n<td colspan=\"3\"><b>**N\u00e4ringsfakta<\/b><\/p>\n<p><b>Portionsstorlek: 25 ml<\/b><\/td>\n<td><strong>25 ml<\/strong><\/td>\n<td><strong>100 ml<\/strong><\/td>\n<\/tr>\n<tr>\n<td colspan=\"3\">L-karnitinbas<\/td>\n<td>3000 mg<\/td>\n<td>12000 mg<\/td>\n<\/tr>\n<tr>\n<td colspan=\"3\">Vattenfritt koffein<\/td>\n<td>150 mg<\/td>\n<td>600 mg<\/td>\n<\/tr>\n<tr>\n<td colspan=\"3\">Guaranafr\u00f6extrakt (Paullinia cupana Kunth)<\/td>\n<td>25 mg<\/td>\n<td>100 mg<\/td>\n<\/tr>\n<tr>\n<td colspan=\"3\">D\u00e4rav koffein<\/td>\n<td>5,5 mg<\/td>\n<td>22 mg<\/td>\n<\/tr>\n<tr>\n<td colspan=\"6\">**N\u00e4ringsinformation kan variera n\u00e5got mellan olika smaker.<\/td>\n<\/tr>\n<\/tbody>\n<\/table>\n<\/div>\n<\/div><div class=\"fusion-clearfix\"><\/div><\/div><\/div><\/div><\/div><\/p>\n","protected":false},"excerpt":{"rendered":"","protected":false},"author":1,"featured_media":0,"parent":0,"menu_order":0,"comment_status":"closed","ping_status":"closed","template":"","meta":{"footnotes":""},"class_list":["post-21275","page","type-page","status-publish","hentry"],"_links":{"self":[{"href":"https:\/\/vikingforce.se\/sv\/wp-json\/wp\/v2\/pages\/21275","targetHints":{"allow":["GET"]}}],"collection":[{"href":"https:\/\/vikingforce.se\/sv\/wp-json\/wp\/v2\/pages"}],"about":[{"href":"https:\/\/vikingforce.se\/sv\/wp-json\/wp\/v2\/types\/page"}],"author":[{"embeddable":true,"href":"https:\/\/vikingforce.se\/sv\/wp-json\/wp\/v2\/users\/1"}],"replies":[{"embeddable":true,"href":"https:\/\/vikingforce.se\/sv\/wp-json\/wp\/v2\/comments?post=21275"}],"version-history":[{"count":26,"href":"https:\/\/vikingforce.se\/sv\/wp-json\/wp\/v2\/pages\/21275\/revisions"}],"predecessor-version":[{"id":23485,"href":"https:\/\/vikingforce.se\/sv\/wp-json\/wp\/v2\/pages\/21275\/revisions\/23485"}],"wp:attachment":[{"href":"https:\/\/vikingforce.se\/sv\/wp-json\/wp\/v2\/media?parent=21275"}],"curies":[{"name":"wp","href":"https:\/\/api.w.org\/{rel}","templated":true}]}}