{"id":21259,"date":"2024-01-22T11:16:58","date_gmt":"2024-01-22T11:16:58","guid":{"rendered":"https:\/\/vikingforce.se\/bcaa-gold\/"},"modified":"2025-05-15T08:05:40","modified_gmt":"2025-05-15T08:05:40","slug":"bcaa-gold","status":"publish","type":"page","link":"https:\/\/vikingforce.se\/sv\/gold-line\/bcaa-gold\/","title":{"rendered":"BCAA GOLD"},"content":{"rendered":"<p><div class=\"fusion-fullwidth fullwidth-box fusion-builder-row-1 hundred-percent-fullwidth non-hundred-percent-height-scrolling fusion-equal-height-columns\" style=\"--awb-background-position:left top;--awb-border-color:#f6f6f6;--awb-border-radius-top-left:0px;--awb-border-radius-top-right:0px;--awb-border-radius-bottom-right:0px;--awb-border-radius-bottom-left:0px;--awb-padding-top:1px;--awb-padding-right:0px;--awb-padding-bottom:30px;--awb-padding-left:0px;--awb-background-color:#fff;--awb-border-sizes-top:0px;--awb-border-sizes-bottom:0px;--awb-flex-wrap:wrap;\" ><div class=\"fusion-builder-row fusion-row\"><div class=\"fusion-layout-column fusion_builder_column fusion-builder-column-0 fusion_builder_column_1_2 1_2 fusion-one-half fusion-column-first\" style=\"--awb-bg-size:cover;width:48%; margin-right: 4%;\"><div class=\"fusion-column-wrapper fusion-flex-column-wrapper-legacy\"><div class=\"fusion-sep-clear\"><\/div><div class=\"fusion-separator fusion-full-width-sep\" style=\"margin-left: auto;margin-right: auto;margin-top:60px;width:100%;\"><\/div><div class=\"fusion-sep-clear\"><\/div><div class=\"fusion-text fusion-text-1\"><p style=\"text-align: center;\"><a href=\"https:\/\/vikingforce.se\/wp-content\/uploads\/2023\/06\/GOLD-BCAA.png\"><img decoding=\"async\" class=\"alignnone wp-image-20903 size-full\" src=\"https:\/\/vikingforce.se\/wp-content\/uploads\/2023\/06\/GOLD-BCAA.png\" alt=\"\" width=\"1080\" height=\"1080\" srcset=\"https:\/\/vikingforce.se\/wp-content\/uploads\/2023\/06\/GOLD-BCAA-66x66.png 66w, https:\/\/vikingforce.se\/wp-content\/uploads\/2023\/06\/GOLD-BCAA-150x150.png 150w, https:\/\/vikingforce.se\/wp-content\/uploads\/2023\/06\/GOLD-BCAA-200x200.png 200w, https:\/\/vikingforce.se\/wp-content\/uploads\/2023\/06\/GOLD-BCAA-300x300.png 300w, https:\/\/vikingforce.se\/wp-content\/uploads\/2023\/06\/GOLD-BCAA-400x400.png 400w, https:\/\/vikingforce.se\/wp-content\/uploads\/2023\/06\/GOLD-BCAA-600x600.png 600w, https:\/\/vikingforce.se\/wp-content\/uploads\/2023\/06\/GOLD-BCAA-768x768.png 768w, https:\/\/vikingforce.se\/wp-content\/uploads\/2023\/06\/GOLD-BCAA-800x800.png 800w, https:\/\/vikingforce.se\/wp-content\/uploads\/2023\/06\/GOLD-BCAA-1024x1024.png 1024w, https:\/\/vikingforce.se\/wp-content\/uploads\/2023\/06\/GOLD-BCAA.png 1080w\" sizes=\"(max-width: 1080px) 100vw, 1080px\" \/><\/a><\/p>\n<\/div><div class=\"fusion-clearfix\"><\/div><\/div><\/div><div class=\"fusion-layout-column fusion_builder_column fusion-builder-column-1 fusion_builder_column_1_2 1_2 fusion-one-half fusion-column-last\" style=\"--awb-bg-size:cover;width:48%;\"><div class=\"fusion-column-wrapper fusion-flex-column-wrapper-legacy\"><div class=\"fusion-title title fusion-title-1 fusion-sep-none fusion-title-text fusion-title-size-one title-wg\" style=\"--awb-margin-bottom:5px;\"><h1 class=\"fusion-title-heading title-heading-left\" style=\"margin:0;\"><div style=\"text-align: center;\"><span style=\"font-size: var(--h1_typography-font-size); font-style: var(--h1_typography-font-style,normal); font-weight: var(--h1_typography-font-weight); letter-spacing: var(--h1_typography-letter-spacing);\">GOLD BCAA<\/span><\/div><\/h1><\/div><div class=\"fusion-text fusion-text-2\"><p style=\"text-align: center;\">(Kosttillskott)<\/p>\n<\/div><div class=\"fusion-text fusion-text-3\"><p class=\"subtitle-wg\" style=\"text-align: center;\">Nettovikt: 250 g<\/p>\n<p class=\"subtitle-wg\" style=\"text-align: center;\">Portioner\/Beh\u00e5llare: 25<\/p>\n<\/div><div class=\"fusion-clearfix\"><\/div><\/div><\/div><\/div><\/div><div class=\"fusion-fullwidth fullwidth-box fusion-builder-row-2 nonhundred-percent-fullwidth non-hundred-percent-height-scrolling\" style=\"--awb-border-color:#f6f6f6;--awb-border-radius-top-left:0px;--awb-border-radius-top-right:0px;--awb-border-radius-bottom-right:0px;--awb-border-radius-bottom-left:0px;--awb-padding-top:10px;--awb-padding-right:0px;--awb-padding-bottom:0px;--awb-padding-left:0px;--awb-background-color:#fff;--awb-border-sizes-top:0px;--awb-border-sizes-bottom:0px;--awb-flex-wrap:wrap;\" ><div class=\"fusion-builder-row fusion-row\"><div class=\"fusion-layout-column fusion_builder_column fusion-builder-column-2 fusion_builder_column_2_5 2_5 fusion-two-fifth fusion-column-first\" style=\"--awb-bg-size:cover;width:37.6%; margin-right: 4%;\"><div class=\"fusion-column-wrapper fusion-flex-column-wrapper-legacy\"><div class=\"fusion-text fusion-text-4\"><p class=\"subtitle-st\">Smaker : <span style=\"font-weight: normal; color: #747474;\">k\u00f6rsb\u00e4r, cola, vattenmelon<\/span><\/p>\n<p class=\"subtitle-st\">Riktning<span style=\"color: #e47822;\"> f\u00f6r anv\u00e4ndning:<\/span><\/p>\n<p>Blanda 10 gram (2 skopor) med 1,5 dl vatten i en shaker och skaka i 30 sekunder. F\u00f6r optimalt, ta 2 portioner f\u00f6re, under, efter tr\u00e4ning eller n\u00e4r som helst p\u00e5 dagen.<\/p>\n<p style=\"color: #e47822;\"><b>Ingredienser:<\/b><\/p>\n<p>BCAA 4:1:1 (L-leucin, L-isoleucin, L-valin), Maltodextrin, HMB-Ca (kalcium-\u03b2-hydroxi-\u03b2-metylbutyrat), surhetsmedel (citronsyra), magnesiumcitrat, aromer, s\u00f6tningsmedel ( Sukralos, acesulfam K), zinkcitrat, f\u00e4rg\u00e4mnen (karmin \u2013 f\u00f6r k\u00f6rsb\u00e4rs- och vattenmelonaromer, karamell \u2013 f\u00f6r colasmak), cyanokobalamin (vitamin B12), pyridoxinhydroklorid (vitamin B6).<\/p>\n<p class=\"subtitle-st\">Viktig information:<\/p>\n<p>Denna produkt \u00e4r ett kosttillskott. Anv\u00e4nd denna produkt tillsammans med mat som en del av en h\u00e4lsosam, balanserad kost, inte som en ers\u00e4ttning f\u00f6r s\u00e5dan. F\u00f6rvara utom r\u00e4ckh\u00e5ll f\u00f6r barn. Den \u00e4r endast avsedd f\u00f6r 18 \u00e5r eller \u00e4ldre. Ej avsedd f\u00f6r anv\u00e4ndning av gravida eller ammande kvinnor! \u00d6verskrid inte den rekommenderade dagliga dosen.<\/p>\n<p>F\u00f6rvara p\u00e5 en kall och torr plats. Uts\u00e4tt inte f\u00f6r \u00f6verdriven v\u00e4rme, fukt eller solljus. b\u00e4st f\u00f6re utg\u00e5ngsdatumet som st\u00e5r p\u00e5 f\u00f6rpackningen.<\/p>\n<p><b style=\"color: #e47822;\">Allergiinformation :<\/b><\/p>\n<p>Kan inneh\u00e5lla sp\u00e5r av mj\u00f6lk, soja, \u00e4gg och vete (gluten).<b style=\"color: #e47822;\"><br \/>\n<\/b><\/p>\n<p class=\"subtitle-st\">\n<\/div><div class=\"fusion-clearfix\"><\/div><\/div><\/div><div class=\"fusion-layout-column fusion_builder_column fusion-builder-column-3 fusion_builder_column_3_5 3_5 fusion-three-fifth fusion-column-last\" style=\"--awb-bg-size:cover;width:58.4%;\"><div class=\"fusion-column-wrapper fusion-flex-column-wrapper-legacy\"><div class=\"fusion-text fusion-text-5\"><p class=\"subtitle-wg\">N\u00c4RINGSINNEH\u00c5LL<\/p>\n<\/div><div class=\"fusion-text fusion-text-6\"><div class=\"table-1\">\n<table class=\"tb\" width=\"100%\">\n<tbody>\n<tr class=\"table-row_border\">\n<td colspan=\"3\"><strong>Antal portioner per beh\u00e5llare: 25<br \/>\n<\/strong><\/p>\n<p><b>Portionsstorlek: 2 skopor (ca 10 g)<\/b><strong><br \/>\n<\/strong><\/p>\n<\/td>\n<td><b>10 g<\/b><\/td>\n<td><b>100 g<\/b><\/td>\n<\/tr>\n<tr>\n<td colspan=\"3\">Energiv\u00e4rde<\/td>\n<td>132,9 kJ \/ 31,8 kcal<\/td>\n<td>1329,3 kJ \/ 318,0 kcal<\/td>\n<\/tr>\n<tr>\n<td colspan=\"3\">Proteiner <i>som fria aminosyror<\/i><\/td>\n<td>5,0 g<\/td>\n<td>50,0 g<\/td>\n<\/tr>\n<tr>\n<td colspan=\"3\">Kolhydrater<\/td>\n<td>2,6 g<\/td>\n<td>26 g<\/td>\n<\/tr>\n<tr>\n<td colspan=\"3\"><i>varav socker<\/i><\/td>\n<td>0,03 g<\/td>\n<td>0,27 g<\/td>\n<\/tr>\n<tr>\n<td colspan=\"3\">Fetter<\/td>\n<td>0 g<\/td>\n<td>0 g<\/td>\n<\/tr>\n<tr>\n<td colspan=\"3\">BCAA 4:1:1<\/td>\n<td>5000 mg<\/td>\n<td>50000 mg<\/td>\n<\/tr>\n<tr>\n<td colspan=\"3\">L-Leucin<\/td>\n<td>3334 mg<\/td>\n<td>33340 mg<\/td>\n<\/tr>\n<tr>\n<td colspan=\"3\">L-Isoleucin<\/td>\n<td>833 mg<\/td>\n<td>8330 mg<\/td>\n<\/tr>\n<tr>\n<td colspan=\"3\">L-Valin<\/td>\n<td>833 mg<\/td>\n<td>8330 mg<\/td>\n<\/tr>\n<tr>\n<td colspan=\"3\">HMB (Kalcium \u03b2-Hydroxi-\u03b2-Metyl Butyrat)<\/td>\n<td>1000 mg<\/td>\n<td>10000 mg<\/td>\n<\/tr>\n<tr>\n<td colspan=\"3\">Magnesium<\/td>\n<td>56 mg (15%*)<\/td>\n<td>560 mg (150%*)<\/td>\n<\/tr>\n<tr>\n<td colspan=\"3\">Zink<\/td>\n<td>5,0 mg (50%*)<\/td>\n<td>50 mg (500%*)<\/td>\n<\/tr>\n<tr>\n<td colspan=\"3\">Vitamin B6<\/td>\n<td>1,4 mg (100%*)<\/td>\n<td>14 mg (1000%*)<\/td>\n<\/tr>\n<tr>\n<td colspan=\"3\">Vitamin B12 <\/td>\n<td>0,88 \u00b5g (35%*)<\/td>\n<td>8,8 \u00b5g (350%*)<\/td>\n<\/tr>\n<tr>\n<td colspan=\"5\">**N\u00e4ringsinformationen kan variera n\u00e5got mellan smaker.<br \/>\n*NRV &#8211; N\u00e4ringsreferensv\u00e4rden<\/td>\n<\/tr>\n<\/tbody>\n<\/table>\n<\/div>\n<\/div><div class=\"fusion-clearfix\"><\/div><\/div><\/div><\/div><\/div><\/p>\n","protected":false},"excerpt":{"rendered":"","protected":false},"author":1,"featured_media":0,"parent":21546,"menu_order":0,"comment_status":"closed","ping_status":"closed","template":"","meta":{"footnotes":""},"class_list":["post-21259","page","type-page","status-publish","hentry"],"_links":{"self":[{"href":"https:\/\/vikingforce.se\/sv\/wp-json\/wp\/v2\/pages\/21259","targetHints":{"allow":["GET"]}}],"collection":[{"href":"https:\/\/vikingforce.se\/sv\/wp-json\/wp\/v2\/pages"}],"about":[{"href":"https:\/\/vikingforce.se\/sv\/wp-json\/wp\/v2\/types\/page"}],"author":[{"embeddable":true,"href":"https:\/\/vikingforce.se\/sv\/wp-json\/wp\/v2\/users\/1"}],"replies":[{"embeddable":true,"href":"https:\/\/vikingforce.se\/sv\/wp-json\/wp\/v2\/comments?post=21259"}],"version-history":[{"count":14,"href":"https:\/\/vikingforce.se\/sv\/wp-json\/wp\/v2\/pages\/21259\/revisions"}],"predecessor-version":[{"id":23495,"href":"https:\/\/vikingforce.se\/sv\/wp-json\/wp\/v2\/pages\/21259\/revisions\/23495"}],"up":[{"embeddable":true,"href":"https:\/\/vikingforce.se\/sv\/wp-json\/wp\/v2\/pages\/21546"}],"wp:attachment":[{"href":"https:\/\/vikingforce.se\/sv\/wp-json\/wp\/v2\/media?parent=21259"}],"curies":[{"name":"wp","href":"https:\/\/api.w.org\/{rel}","templated":true}]}}