{"id":21248,"date":"2024-01-22T10:43:01","date_gmt":"2024-01-22T10:43:01","guid":{"rendered":"https:\/\/vikingforce.se\/gold-glutamine-taurine\/"},"modified":"2025-05-14T14:54:05","modified_gmt":"2025-05-14T14:54:05","slug":"gold-glutamine-taurine","status":"publish","type":"page","link":"https:\/\/vikingforce.se\/sv\/gold-line\/gold-glutamine-taurine\/","title":{"rendered":"GOLD GLUTAMINE &#038; TAURINE"},"content":{"rendered":"<p><div class=\"fusion-fullwidth fullwidth-box fusion-builder-row-1 hundred-percent-fullwidth non-hundred-percent-height-scrolling fusion-equal-height-columns\" style=\"--awb-background-position:left top;--awb-border-color:#f6f6f6;--awb-border-radius-top-left:0px;--awb-border-radius-top-right:0px;--awb-border-radius-bottom-right:0px;--awb-border-radius-bottom-left:0px;--awb-padding-top:1px;--awb-padding-right:0px;--awb-padding-bottom:30px;--awb-padding-left:0px;--awb-background-color:#fff;--awb-border-sizes-top:0px;--awb-border-sizes-bottom:0px;--awb-flex-wrap:wrap;\" ><div class=\"fusion-builder-row fusion-row\"><div class=\"fusion-layout-column fusion_builder_column fusion-builder-column-0 fusion_builder_column_1_2 1_2 fusion-one-half fusion-column-first\" style=\"--awb-bg-size:cover;width:48%; margin-right: 4%;\"><div class=\"fusion-column-wrapper fusion-flex-column-wrapper-legacy\"><div class=\"fusion-sep-clear\"><\/div><div class=\"fusion-separator fusion-full-width-sep\" style=\"margin-left: auto;margin-right: auto;margin-top:60px;width:100%;\"><\/div><div class=\"fusion-sep-clear\"><\/div><div class=\"fusion-text fusion-text-1\"><p style=\"text-align: center;\"><a href=\"https:\/\/vikingforce.se\/wp-content\/uploads\/2024\/01\/gold-glutamine-and-taurine.png\"><img decoding=\"async\" class=\"alignnone size-full wp-image-21180\" src=\"https:\/\/vikingforce.se\/wp-content\/uploads\/2024\/01\/gold-glutamine-and-taurine.png\" alt=\"\" width=\"600\" height=\"600\" srcset=\"https:\/\/vikingforce.se\/wp-content\/uploads\/2024\/01\/gold-glutamine-and-taurine-66x66.png 66w, https:\/\/vikingforce.se\/wp-content\/uploads\/2024\/01\/gold-glutamine-and-taurine-150x150.png 150w, https:\/\/vikingforce.se\/wp-content\/uploads\/2024\/01\/gold-glutamine-and-taurine-200x200.png 200w, https:\/\/vikingforce.se\/wp-content\/uploads\/2024\/01\/gold-glutamine-and-taurine-300x300.png 300w, https:\/\/vikingforce.se\/wp-content\/uploads\/2024\/01\/gold-glutamine-and-taurine-400x400.png 400w, https:\/\/vikingforce.se\/wp-content\/uploads\/2024\/01\/gold-glutamine-and-taurine.png 600w\" sizes=\"(max-width: 600px) 100vw, 600px\" \/><\/a><\/p>\n<\/div><div class=\"fusion-clearfix\"><\/div><\/div><\/div><div class=\"fusion-layout-column fusion_builder_column fusion-builder-column-1 fusion_builder_column_1_2 1_2 fusion-one-half fusion-column-last\" style=\"--awb-bg-size:cover;width:48%;\"><div class=\"fusion-column-wrapper fusion-flex-column-wrapper-legacy\"><div class=\"fusion-title title fusion-title-1 fusion-sep-none fusion-title-text fusion-title-size-one title-wg\" style=\"--awb-margin-bottom:5px;\"><h1 class=\"fusion-title-heading title-heading-left\" style=\"margin:0;\">GOLD GLUTAMINE &amp; TAURINE<\/h1><\/div><div class=\"fusion-text fusion-text-2\"><p style=\"text-align: center;\">(Kosttillskott)<\/p>\n<\/div><div class=\"fusion-text fusion-text-3\"><p class=\"subtitle-wg\" style=\"text-align: center;\">Nettovikt: 300 g<\/p>\n<\/div><div class=\"fusion-clearfix\"><\/div><\/div><\/div><\/div><\/div><div class=\"fusion-fullwidth fullwidth-box fusion-builder-row-2 nonhundred-percent-fullwidth non-hundred-percent-height-scrolling\" style=\"--awb-border-color:#f6f6f6;--awb-border-radius-top-left:0px;--awb-border-radius-top-right:0px;--awb-border-radius-bottom-right:0px;--awb-border-radius-bottom-left:0px;--awb-padding-top:10px;--awb-padding-right:0px;--awb-padding-bottom:0px;--awb-padding-left:0px;--awb-background-color:#fff;--awb-border-sizes-top:0px;--awb-border-sizes-bottom:0px;--awb-flex-wrap:wrap;\" ><div class=\"fusion-builder-row fusion-row\"><div class=\"fusion-layout-column fusion_builder_column fusion-builder-column-2 fusion_builder_column_2_5 2_5 fusion-two-fifth fusion-column-first\" style=\"--awb-bg-size:cover;width:37.6%; margin-right: 4%;\"><div class=\"fusion-column-wrapper fusion-column-has-shadow fusion-flex-column-wrapper-legacy\"><div class=\"fusion-text fusion-text-4\"><p class=\"subtitle-st\">Smaker : <span style=\"color: #747474;\"><span style=\"font-weight: 400;\">Natur\u00a0<\/span><\/span><\/p>\n<p class=\"subtitle-st\">Riktning f\u00f6r anv\u00e4ndning:<\/p>\n<p>Blanda 5 gram pulver (1 skopa) med 150 \u2013 200 ml vatten i en shaker <span style=\"color: var(--body_typography-color); font-family: var(--body_typography-font-family); font -storlek: var(--body_typography-font-size); font-style: var(--body_typography-font-style,normal); font-weight: var(--body_typography-font-weight); bokstavsmellanrum: var(--body_typography-letter-spacing);\">och skaka i 30 sekunder. Drick en portion 20-30 minuter f\u00f6re tr\u00e4ning.<\/span><\/p>\n<p style=\"color: #e47822;\"><b>Ingredienser:<\/b><\/p>\n<p>L-glutamin, taurin<\/p>\n<p class=\"subtitle-st\">Viktig information:<\/p>\n<p>Denna produkt \u00e4r ett kosttillskott. Anv\u00e4nd denna produkt tillsammans med mat som en del av en h\u00e4lsosam, balanserad kost, inte som en ers\u00e4ttning f\u00f6r s\u00e5dan. F\u00f6rvara utom r\u00e4ckh\u00e5ll f\u00f6r barn. Den \u00e4r endast avsedd f\u00f6r 18 \u00e5r eller \u00e4ldre. Ej avsedd f\u00f6r anv\u00e4ndning av gravida eller ammande kvinnor! \u00d6verskrid inte den rekommenderade dagliga dosen.<\/p>\n<p>F\u00f6rvara p\u00e5 en kall och torr plats. Uts\u00e4tt inte f\u00f6r stark v\u00e4rme, fukt eller solljus. Anv\u00e4nds f\u00f6re utg\u00e5ngsdatumet som st\u00e5r p\u00e5 f\u00f6rpackningen.<\/p>\n<p><b style=\"color: #e47822;\">Allergiinformation :<\/b><\/p>\n<p>Kan inneh\u00e5lla sp\u00e5r av mj\u00f6lk, soja, \u00e4gg och vete (gluten).<b style=\"color: #e47822;\"><br \/>\n<\/b><\/p>\n<p class=\"subtitle-st\">\n<\/div><div class=\"fusion-clearfix\"><\/div><\/div><\/div><div class=\"fusion-layout-column fusion_builder_column fusion-builder-column-3 fusion_builder_column_3_5 3_5 fusion-three-fifth fusion-column-last\" style=\"--awb-bg-size:cover;width:58.4%;\"><div class=\"fusion-column-wrapper fusion-flex-column-wrapper-legacy\"><div class=\"fusion-text fusion-text-5\"><p>N\u00c4RINGSINNEH\u00c5LL<\/p>\n<\/div><div class=\"fusion-text fusion-text-6\"><div class=\"table-1\">\n<table class=\"tb\" width=\"100%\">\n<tbody>\n<tr class=\"table-row_border\">\n<td colspan=\"3\"><strong>Portioner per beh\u00e5llare : 60<br \/>\n<\/strong><b>Portionsstorlek: 1 skopa (cirka 5 g)<\/b><strong><br \/>\n<\/strong><\/td>\n<td><b>5 g<\/b><\/td>\n<td><b>100 g<\/b><\/td>\n<\/tr>\n<tr>\n<td colspan=\"3\">Energiv\u00e4rde<\/td>\n<td>71,1 kJ \/17,0 kcal<\/td>\n<td>1421,2 kJ\/340,0 kcal<\/td>\n<\/tr>\n<tr>\n<td colspan=\"3\">Fett<\/td>\n<td>0,0 g<\/td>\n<td>50,0 g<\/td>\n<\/tr>\n<tr>\n<td colspan=\"3\">Kolhydrater<\/td>\n<td>0,0 g<\/td>\n<td>0,0 g<\/td>\n<\/tr>\n<tr>\n<td colspan=\"3\"><i>-varav socker<\/i><\/td>\n<td>0,0 g<\/td>\n<td>0,0 g<\/td>\n<\/tr>\n<tr>\n<td colspan=\"3\">Proteiner (som fria aminosyror)<\/td>\n<td>4,3 g<\/td>\n<td>85 g<\/td>\n<\/tr>\n<tr>\n<td colspan=\"3\">L- Glutamin<\/td>\n<td>4250 mg<\/td>\n<td>85 g<\/td>\n<\/tr>\n<tr>\n<td colspan=\"3\">Taurine<\/td>\n<td>750 mg<\/td>\n<td>15 g<\/td>\n<\/tr>\n<\/tbody>\n<\/table>\n<\/div>\n<\/div><div class=\"fusion-clearfix\"><\/div><\/div><\/div><\/div><\/div><\/p>\n","protected":false},"excerpt":{"rendered":"","protected":false},"author":1,"featured_media":0,"parent":21546,"menu_order":0,"comment_status":"closed","ping_status":"closed","template":"","meta":{"footnotes":""},"class_list":["post-21248","page","type-page","status-publish","hentry"],"_links":{"self":[{"href":"https:\/\/vikingforce.se\/sv\/wp-json\/wp\/v2\/pages\/21248","targetHints":{"allow":["GET"]}}],"collection":[{"href":"https:\/\/vikingforce.se\/sv\/wp-json\/wp\/v2\/pages"}],"about":[{"href":"https:\/\/vikingforce.se\/sv\/wp-json\/wp\/v2\/types\/page"}],"author":[{"embeddable":true,"href":"https:\/\/vikingforce.se\/sv\/wp-json\/wp\/v2\/users\/1"}],"replies":[{"embeddable":true,"href":"https:\/\/vikingforce.se\/sv\/wp-json\/wp\/v2\/comments?post=21248"}],"version-history":[{"count":9,"href":"https:\/\/vikingforce.se\/sv\/wp-json\/wp\/v2\/pages\/21248\/revisions"}],"predecessor-version":[{"id":23489,"href":"https:\/\/vikingforce.se\/sv\/wp-json\/wp\/v2\/pages\/21248\/revisions\/23489"}],"up":[{"embeddable":true,"href":"https:\/\/vikingforce.se\/sv\/wp-json\/wp\/v2\/pages\/21546"}],"wp:attachment":[{"href":"https:\/\/vikingforce.se\/sv\/wp-json\/wp\/v2\/media?parent=21248"}],"curies":[{"name":"wp","href":"https:\/\/api.w.org\/{rel}","templated":true}]}}