{"id":21225,"date":"2024-01-22T08:26:29","date_gmt":"2024-01-22T08:26:29","guid":{"rendered":"https:\/\/vikingforce.se\/amino-acids\/gold-amino-whey\/"},"modified":"2025-05-14T14:49:07","modified_gmt":"2025-05-14T14:49:07","slug":"gold-amino-whey","status":"publish","type":"page","link":"https:\/\/vikingforce.se\/sv\/gold-line\/gold-amino-whey\/","title":{"rendered":"GOLD AMINO WHEY"},"content":{"rendered":"<p><div class=\"fusion-fullwidth fullwidth-box fusion-builder-row-1 hundred-percent-fullwidth non-hundred-percent-height-scrolling fusion-equal-height-columns\" style=\"--awb-background-position:left top;--awb-border-color:#f6f6f6;--awb-border-radius-top-left:0px;--awb-border-radius-top-right:0px;--awb-border-radius-bottom-right:0px;--awb-border-radius-bottom-left:0px;--awb-padding-top:1px;--awb-padding-right:0px;--awb-padding-bottom:30px;--awb-padding-left:0px;--awb-background-color:#fff;--awb-border-sizes-top:0px;--awb-border-sizes-bottom:0px;--awb-flex-wrap:wrap;\" ><div class=\"fusion-builder-row fusion-row\"><div class=\"fusion-layout-column fusion_builder_column fusion-builder-column-0 fusion_builder_column_1_2 1_2 fusion-one-half fusion-column-first\" style=\"--awb-bg-size:cover;width:48%; margin-right: 4%;\"><div class=\"fusion-column-wrapper fusion-flex-column-wrapper-legacy\"><div class=\"fusion-image-carousel fusion-image-carousel-auto fusion-image-carousel-1 fusion-carousel-border\"><div class=\"awb-carousel awb-swiper awb-swiper-carousel awb-swiper-dots-position-bottom awb-carousel--carousel\" data-layout=\"carousel\" data-autoplay=\"no\" data-autoplayspeed=\"2500\" data-autoplaypause=\"no\" data-columns=\"1\" data-itemmargin=\"13\" data-itemwidth=\"180\" data-touchscroll=\"no\" data-freemode=\"no\" data-imagesize=\"auto\" data-scrollitems=\"0\" data-centeredslides=\"no\" data-rotationangle=\"50\" data-depth=\"100\" data-speed=\"500\" data-shadow=\"no\" style=\"--awb-columns:1;--awb-border-width:1px;--awb-border-color:#e9eaee;\"><div class=\"swiper-wrapper awb-image-carousel-wrapper fusion-flex-align-items-center\"><div class=\"swiper-slide\"><div class=\"fusion-carousel-item-wrapper\"><div class=\"fusion-image-wrapper hover-type-none\"><img decoding=\"async\" width=\"600\" height=\"600\" src=\"https:\/\/vikingforce.se\/wp-content\/uploads\/2024\/05\/gold-amino-whey-strawberry.png\" class=\"attachment-full size-full\" alt=\"\" srcset=\"https:\/\/vikingforce.se\/wp-content\/uploads\/2024\/05\/gold-amino-whey-strawberry-66x66.png 66w, https:\/\/vikingforce.se\/wp-content\/uploads\/2024\/05\/gold-amino-whey-strawberry-150x150.png 150w, https:\/\/vikingforce.se\/wp-content\/uploads\/2024\/05\/gold-amino-whey-strawberry-200x200.png 200w, https:\/\/vikingforce.se\/wp-content\/uploads\/2024\/05\/gold-amino-whey-strawberry-300x300.png 300w, https:\/\/vikingforce.se\/wp-content\/uploads\/2024\/05\/gold-amino-whey-strawberry-400x400.png 400w, https:\/\/vikingforce.se\/wp-content\/uploads\/2024\/05\/gold-amino-whey-strawberry.png 600w\" sizes=\"(max-width: 600px) 100vw, 600px\" \/><\/div><\/div><\/div><div class=\"swiper-slide\"><div class=\"fusion-carousel-item-wrapper\"><div class=\"fusion-image-wrapper hover-type-none\"><img decoding=\"async\" width=\"600\" height=\"600\" src=\"https:\/\/vikingforce.se\/wp-content\/uploads\/2024\/05\/gold-amino-whey-banana.png\" class=\"attachment-full size-full\" alt=\"\" srcset=\"https:\/\/vikingforce.se\/wp-content\/uploads\/2024\/05\/gold-amino-whey-banana-66x66.png 66w, https:\/\/vikingforce.se\/wp-content\/uploads\/2024\/05\/gold-amino-whey-banana-150x150.png 150w, https:\/\/vikingforce.se\/wp-content\/uploads\/2024\/05\/gold-amino-whey-banana-200x200.png 200w, https:\/\/vikingforce.se\/wp-content\/uploads\/2024\/05\/gold-amino-whey-banana-300x300.png 300w, https:\/\/vikingforce.se\/wp-content\/uploads\/2024\/05\/gold-amino-whey-banana-400x400.png 400w, https:\/\/vikingforce.se\/wp-content\/uploads\/2024\/05\/gold-amino-whey-banana.png 600w\" sizes=\"(max-width: 600px) 100vw, 600px\" \/><\/div><\/div><\/div><div class=\"swiper-slide\"><div class=\"fusion-carousel-item-wrapper\"><div class=\"fusion-image-wrapper hover-type-none\"><img decoding=\"async\" width=\"600\" height=\"600\" src=\"https:\/\/vikingforce.se\/wp-content\/uploads\/2024\/05\/gold-amino-whey-chocolate.png\" class=\"attachment-full size-full\" alt=\"\" srcset=\"https:\/\/vikingforce.se\/wp-content\/uploads\/2024\/05\/gold-amino-whey-chocolate-66x66.png 66w, https:\/\/vikingforce.se\/wp-content\/uploads\/2024\/05\/gold-amino-whey-chocolate-150x150.png 150w, https:\/\/vikingforce.se\/wp-content\/uploads\/2024\/05\/gold-amino-whey-chocolate-200x200.png 200w, https:\/\/vikingforce.se\/wp-content\/uploads\/2024\/05\/gold-amino-whey-chocolate-300x300.png 300w, https:\/\/vikingforce.se\/wp-content\/uploads\/2024\/05\/gold-amino-whey-chocolate-400x400.png 400w, https:\/\/vikingforce.se\/wp-content\/uploads\/2024\/05\/gold-amino-whey-chocolate.png 600w\" sizes=\"(max-width: 600px) 100vw, 600px\" \/><\/div><\/div><\/div><\/div><div class=\"awb-swiper-button awb-swiper-button-prev\"><i class=\"awb-icon-angle-left\" aria-hidden=\"true\"><\/i><\/div><div class=\"awb-swiper-button awb-swiper-button-next\"><i class=\"awb-icon-angle-right\" aria-hidden=\"true\"><\/i><\/div><\/div><\/div><div class=\"fusion-clearfix\"><\/div><\/div><\/div><div class=\"fusion-layout-column fusion_builder_column fusion-builder-column-1 fusion_builder_column_1_2 1_2 fusion-one-half fusion-column-last\" style=\"--awb-bg-size:cover;width:48%;\"><div class=\"fusion-column-wrapper fusion-flex-column-wrapper-legacy\"><div class=\"fusion-title title fusion-title-1 fusion-sep-none fusion-title-text fusion-title-size-one title-wg\" style=\"--awb-margin-bottom:5px;\"><h1 class=\"fusion-title-heading title-heading-left\" style=\"margin:0;\"><div>GOLD AMINO WHEY<\/div><\/h1><\/div><div class=\"fusion-text fusion-text-1\"><p style=\"text-align: center;\">(Kosttillskott)<\/p>\n<\/div><div class=\"fusion-text fusion-text-2\"><p class=\"subtitle-wg\" style=\"text-align: center;\">Nettovikt: 450 g<\/p>\n<p class=\"subtitle-wg\" style=\"text-align: center;\">300 Tabletter<\/p>\n<\/div><div class=\"fusion-clearfix\"><\/div><\/div><\/div><\/div><\/div><div class=\"fusion-fullwidth fullwidth-box fusion-builder-row-2 nonhundred-percent-fullwidth non-hundred-percent-height-scrolling\" style=\"--awb-border-color:#f6f6f6;--awb-border-radius-top-left:0px;--awb-border-radius-top-right:0px;--awb-border-radius-bottom-right:0px;--awb-border-radius-bottom-left:0px;--awb-padding-top:10px;--awb-padding-right:0px;--awb-padding-bottom:0px;--awb-padding-left:0px;--awb-background-color:#fff;--awb-border-sizes-top:0px;--awb-border-sizes-bottom:0px;--awb-flex-wrap:wrap;\" ><div class=\"fusion-builder-row fusion-row\"><div class=\"fusion-layout-column fusion_builder_column fusion-builder-column-2 fusion_builder_column_2_5 2_5 fusion-two-fifth fusion-column-first\" style=\"--awb-bg-size:cover;width:37.6%; margin-right: 4%;\"><div class=\"fusion-column-wrapper fusion-column-has-shadow fusion-flex-column-wrapper-legacy\"><div class=\"fusion-text fusion-text-3\"><p class=\"subtitle-st\"><span style=\"font-family: var(--body_typography-font-family); font-size: var(--body_typography-font-size); font-style: var(--body_typography-font-style,normal); letter-spacing: var(--body_typography-letter-spacing);\">Smaker : <\/span><span style=\"font-family: var(--body_typography-font-family); font-size: var(--body_typography-font-size); font-style: var(--body_typography-font-style,normal); letter-spacing: var(--body_typography-letter-spacing); color: #747474;\"><span style=\"font-weight: 400;\">Choklad, Banan, Jordgubb<\/span><\/span><\/p>\n<p style=\"color: #e47822;\"><b>Produktbeskrivning:<\/b><\/p>\n<p>Viking Amino Whey levererar ett komplett spektrum av essentiella och icke-essentiella amino<span style=\"color: var(--body_typography-color); font-family: var(--body_typography-font-family); font-size: var(--body_typography-font-size); font-style: var(--body_typography-font-style,normal); font-weight: var(--body_typography-font-weight); letter-spacing: var(--body_typography-letter-spacing);\">syror i form av l\u00e4ckra tuggtabletter. Framst\u00e4lld av en blandning av vassleprotein <\/span><span style=\"color: var(--body_typography-color); font-family: var(--body_typography-font-family); font-size: var(--body_typography-font-size); font-style: var(--body_typography-font-style,normal); font-weight: var(--body_typography-font-weight); letter-spacing: var(--body_typography-letter-spacing);\">och vasslepeptider, \u00e4r Viking Amino Whey berikad med ytterligare grenade <\/span><span style=\"color: var(--body_typography-color); font-family: var(--body_typography-font-family); font-size: var(--body_typography-font-size); font-style: var(--body_typography-font-style,normal); font-weight: var(--body_typography-font-weight); letter-spacing: var(--body_typography-letter-spacing);\">aminosyror f\u00f6r att ge dig 3 g protein per portion.<\/span><\/p>\n<ul>\n<li>300 l\u00e4ckra tuggtabletter<\/li>\n<li><span style=\"color: var(--body_typography-color); font-family: var(--body_typography-font-family); font-size: var(--body_typography-font-size); font-style: var(--body_typography-font-style,normal); font-weight: var(--body_typography-font-weight); letter-spacing: var(--body_typography-letter-spacing);\">Framst\u00e4lld av h\u00f6gkvalitativt vassleprotein<\/span><\/li>\n<li>Komplett och optimal aminosyraprofil<\/li>\n<\/ul>\n<p class=\"subtitle-st\">Anvisningar<span style=\"color: #e47822;\"> f<span style=\"color: #e47822;\">\u00f6r anv\u00e4ndning<\/span>:<\/span><\/p>\n<p>Ta 1 portion (3 tabletter) 1 till 3 g\u00e5nger dagligen. Konsumera mellan m\u00e5ltider, 30-45 minuter <span style=\"color: var(--body_typography-color); font-family: var(--body_typography-font-family); font-size: var(--body_typography-font-size); font-style: var(--body_typography-font-style,normal); font-weight: var(--body_typography-font-weight); letter-spacing: var(--body_typography-letter-spacing);\">f\u00f6re tr\u00e4ning och\/eller direkt efter tr\u00e4ning.<\/span><\/p>\n<p style=\"color: #e47822;\"><b>Ingredienser:<\/b><\/p>\n<p style=\"color: #e47822;\">-f\u00f6r Chokladsmak<\/p>\n<p><strong>Vassle<\/strong>pulver, <strong>vassle<\/strong>proteinkoncentrat, enzymhydrolyserat vassleproteinisolat, l\u00e5g fetthalt <span style=\"color: var(--body_typography-color); font-family: var(--body_typography-font-family); font-size: var(--body_typography-font-size); font-style: var(--body_typography-font-style,normal); font-weight: var(--body_typography-font-weight); letter-spacing: var(--body_typography-letter-spacing);\">kakaopulver, BCAA &#8211; grenade aminosyror (L-leucin, L-valin, L-isoleucin), fyllnadsmedel (mikrokristallin <\/span><span style=\"color: var(--body_typography-color); font-family: var(--body_typography-font-family); font-size: var(--body_typography-font-size); font-style: var(--body_typography-font-style,normal); font-weight: var(--body_typography-font-weight); letter-spacing: var(--body_typography-letter-spacing);\">cellulosa, dikalciumfosfat), klumpf\u00f6rebyggande medel (magnesiumstearat, kiseldioxid, hydrerad bomullsfr\u00f6olja), smaker, s\u00f6tningsmedel (sukralos, acesulfam-K), bel\u00e4ggningsmedel (polyvinylalkohol, polyetylenglykol, talk).<\/span><\/p>\n<p style=\"color: #e47822;\">-f\u00f6r BananSmak<\/p>\n<p><strong>\u00a0Vassle<\/strong>pulver, <strong>vassle<\/strong>proteinkoncentrat, enzymhydrolyserat vassleproteinisolat, BCAA &#8211;<span style=\"color: var(--body_typography-color); font-family: var(--body_typography-font-family); font-size: var(--body_typography-font-size); font-style: var(--body_typography-font-style,normal); font-weight: var(--body_typography-font-weight); letter-spacing: var(--body_typography-letter-spacing);\">grenade aminosyror (L-leucin, L-valin, L-isoleucin), fyllnadsmedel (mikrokristallin cellulosa, dikalciumfosfat), klumpf\u00f6rebyggande medel (magnesiumstearat, kiseldioxid, hydrerad bomullsfr\u00f6olja), smaker, s\u00f6tningsmedel (sukralos, acesulfam-K), bel\u00e4ggningsmedel (polyvinylalkohol, polyetylenglykol, talk).<\/span><\/p>\n<p style=\"color: #e47822;\">-F\u00f6r jordgubbssmak:<\/p>\n<p><strong>\u00a0Vassle<\/strong>pulver,<strong> vassle<\/strong>proteinkoncentrat, enzymhydrolyserat vassleproteinisolat, BCAA &#8211;<span style=\"color: var(--body_typography-color); font-family: var(--body_typography-font-family); font-size: var(--body_typography-font-size); font-style: var(--body_typography-font-style,normal); font-weight: var(--body_typography-font-weight); letter-spacing: var(--body_typography-letter-spacing);\">grenade aminosyror (L-leucin, L-valin, L-isoleucin), fyllnadsmedel (mikrokristallin cellulosa, dikalciumfosfat), klumpf\u00f6rebyggande medel (magnesiumstearat, kiseldioxid, hydrerad bomullsfr\u00f6olja), smaker, s\u00f6tningsmedel (sukralos, acesulfam-K), bel\u00e4ggningsmedel (polyvinylalkohol, polyetylenglykol, talk).<\/span><\/p>\n<\/div><div class=\"fusion-clearfix\"><\/div><\/div><\/div><div class=\"fusion-layout-column fusion_builder_column fusion-builder-column-3 fusion_builder_column_3_5 3_5 fusion-three-fifth fusion-column-last\" style=\"--awb-bg-size:cover;width:58.4%;\"><div class=\"fusion-column-wrapper fusion-flex-column-wrapper-legacy\"><div class=\"fusion-text fusion-text-4\"><p class=\"subtitle-st\">N\u00c4RINGSINNEH\u00c5LL<\/p>\n<\/div><div class=\"fusion-text fusion-text-5\"><div class=\"table-1\">\n<table class=\"tb\" style=\"height: 477px;\" width=\"916\">\n<tbody>\n<tr class=\"table-row_border\">\n<td colspan=\"5\"><strong>N\u00e4ringsfakta<\/strong><br \/>\nPortioner per beh\u00e5llare: 100<\/td>\n<td colspan=\"5\"><strong>1 portion (3 tabletter 4,5 g)<\/strong><\/td>\n<td colspan=\"5\"><strong>100 g<\/strong><\/td>\n<\/tr>\n<tr>\n<td colspan=\"5\">Energiv\u00e4rde<\/td>\n<td colspan=\"5\">67,2 kJ \/ 16 kcal<\/td>\n<td colspan=\"5\">1493,3 kJ \/ 355,6 kcal<\/td>\n<\/tr>\n<tr>\n<td colspan=\"5\">Fett<\/td>\n<td colspan=\"5\">0 g<\/td>\n<td colspan=\"5\">0 g<\/td>\n<\/tr>\n<tr>\n<td colspan=\"5\">Kolhydrater<\/td>\n<td colspan=\"5\">1 g<\/td>\n<td colspan=\"5\">22,2 g<\/td>\n<\/tr>\n<tr>\n<td colspan=\"5\">-varav sockerarter<\/td>\n<td colspan=\"5\">1 g<\/td>\n<td colspan=\"5\">22,2 g<\/td>\n<\/tr>\n<tr>\n<td colspan=\"5\">Proteiner<\/td>\n<td colspan=\"5\">3 g<\/td>\n<td colspan=\"5\">66,7 g<\/td>\n<\/tr>\n<tr>\n<td colspan=\"15\"><strong>Typisk aminosyraprofil per 100 g<\/strong><\/td>\n<\/tr>\n<tr>\n<td colspan=\"3\">Leucin<\/td>\n<td colspan=\"2\">4650 mg<\/td>\n<td colspan=\"5\">Threonine<\/td>\n<td colspan=\"5\">3475 mg<\/td>\n<\/tr>\n<tr>\n<td colspan=\"3\">Isoleucin<\/td>\n<td colspan=\"2\">2400 mg<\/td>\n<td colspan=\"5\">Alanine<\/td>\n<td colspan=\"5\">2555 mg<\/td>\n<\/tr>\n<tr>\n<td colspan=\"3\">Valine<\/td>\n<td colspan=\"2\">2370 mg<\/td>\n<td colspan=\"5\">Proline<\/td>\n<td colspan=\"5\">2825 mg<\/td>\n<\/tr>\n<tr>\n<td colspan=\"3\">Asparaginsyra<\/td>\n<td colspan=\"2\">5525 mg<\/td>\n<td colspan=\"5\">Tyrosin<\/td>\n<td colspan=\"5\">1365 mg<\/td>\n<\/tr>\n<tr>\n<td colspan=\"3\">Glutaminsyra<\/td>\n<td colspan=\"2\">8050 mg<\/td>\n<td colspan=\"5\">Metionin<\/td>\n<td colspan=\"5\">1070 mg<\/td>\n<\/tr>\n<tr>\n<td colspan=\"3\">Serine<\/td>\n<td colspan=\"2\">2530 mg<\/td>\n<td colspan=\"5\">Cystein<\/td>\n<td colspan=\"5\">1165 mg<\/td>\n<\/tr>\n<tr>\n<td colspan=\"3\">Glycin<\/td>\n<td colspan=\"2\">820 mg<\/td>\n<td colspan=\"5\">Fenylalanin<\/td>\n<td colspan=\"5\">1460 mg<\/td>\n<\/tr>\n<tr>\n<td colspan=\"3\">Hystidine<\/td>\n<td colspan=\"2\">710 mg<\/td>\n<td colspan=\"5\">Lysine<\/td>\n<td colspan=\"5\">4360 mg<\/td>\n<\/tr>\n<tr>\n<td colspan=\"3\">Arginin<\/td>\n<td colspan=\"2\">925 mg<\/td>\n<td colspan=\"5\">Triptofan<\/td>\n<td colspan=\"5\">950 mg<\/td>\n<\/tr>\n<\/tbody>\n<\/table>\n<\/div>\n<\/div><div class=\"fusion-text fusion-text-6\"><p class=\"subtitle-st\">Viktig Information:<\/p>\n<p><span style=\"color: var(--body_typography-color); font-family: var(--body_typography-font-family); font-size: var(--body_typography-font-size); font-style: var(--body_typography-font-style,normal); font-weight: var(--body_typography-font-weight); letter-spacing: var(--body_typography-letter-spacing);\">Denna produkt \u00e4r ett kosttillskott. Anv\u00e4nd denna produkt i kombination med mat som en del av en h\u00e4lsosam, balanserad kost, inte som en ers\u00e4ttning f\u00f6r s\u00e5dan. F\u00f6rvara utom r\u00e4ckh\u00e5ll f\u00f6r barn. Den \u00e4r avsedd f\u00f6r endast personer 18 \u00e5r eller \u00e4ldre. Ej avsedd f\u00f6r anv\u00e4ndning av gravida eller ammande kvinnor! \u00d6verskrid inte den rekommenderade dagliga dosen. F\u00f6rvara p\u00e5 en sval, torr plats. Uts\u00e4tt inte f\u00f6r \u00f6verdriven v\u00e4rme, fukt eller solljus. B\u00e4st f\u00f6re utg\u00e5ngsdatumet skrivet p\u00e5 f\u00f6rpackningen.<\/span><\/p>\n<p><b style=\"font-family: var(--body_typography-font-family); font-size: var(--body_typography-font-size); font-style: var(--body_typography-font-style,normal); letter-spacing: var(--body_typography-letter-spacing); color: #e47822;\">Allergiinformation :<\/b><\/p>\n<p>Inneh\u00e5ller mj\u00f6lk. <b> <\/b><span style=\"color: var(--body_typography-color); font-family: var(--body_typography-font-family); font-size: var(--body_typography-font-size); font-style: var(--body_typography-font-style,normal); font-weight: var(--body_typography-font-weight); letter-spacing: var(--body_typography-letter-spacing);\">Tillverkad i en anl\u00e4ggning som ocks\u00e5 hanterar <\/span><span style=\"color: var(--body_typography-color); font-family: var(--body_typography-font-family); font-size: var(--body_typography-font-size); font-style: var(--body_typography-font-style,normal); letter-spacing: var(--body_typography-letter-spacing);\">\u00e4gg, soja och veteprotein!<\/span><b style=\"color: #e47822;\"><br \/>\n<\/b><\/p>\n<\/div><div class=\"fusion-clearfix\"><\/div><\/div><\/div><\/div><\/div><\/p>\n","protected":false},"excerpt":{"rendered":"","protected":false},"author":1,"featured_media":0,"parent":21546,"menu_order":0,"comment_status":"closed","ping_status":"closed","template":"","meta":{"footnotes":""},"class_list":["post-21225","page","type-page","status-publish","hentry"],"_links":{"self":[{"href":"https:\/\/vikingforce.se\/sv\/wp-json\/wp\/v2\/pages\/21225","targetHints":{"allow":["GET"]}}],"collection":[{"href":"https:\/\/vikingforce.se\/sv\/wp-json\/wp\/v2\/pages"}],"about":[{"href":"https:\/\/vikingforce.se\/sv\/wp-json\/wp\/v2\/types\/page"}],"author":[{"embeddable":true,"href":"https:\/\/vikingforce.se\/sv\/wp-json\/wp\/v2\/users\/1"}],"replies":[{"embeddable":true,"href":"https:\/\/vikingforce.se\/sv\/wp-json\/wp\/v2\/comments?post=21225"}],"version-history":[{"count":41,"href":"https:\/\/vikingforce.se\/sv\/wp-json\/wp\/v2\/pages\/21225\/revisions"}],"predecessor-version":[{"id":23483,"href":"https:\/\/vikingforce.se\/sv\/wp-json\/wp\/v2\/pages\/21225\/revisions\/23483"}],"up":[{"embeddable":true,"href":"https:\/\/vikingforce.se\/sv\/wp-json\/wp\/v2\/pages\/21546"}],"wp:attachment":[{"href":"https:\/\/vikingforce.se\/sv\/wp-json\/wp\/v2\/media?parent=21225"}],"curies":[{"name":"wp","href":"https:\/\/api.w.org\/{rel}","templated":true}]}}