{"id":21216,"date":"2024-01-22T08:03:42","date_gmt":"2024-01-22T08:03:42","guid":{"rendered":"https:\/\/vikingforce.se\/amino-acids\/gold-beta-alanine\/"},"modified":"2025-05-14T14:52:14","modified_gmt":"2025-05-14T14:52:14","slug":"gold-beta-alanine","status":"publish","type":"page","link":"https:\/\/vikingforce.se\/sv\/gold-line\/gold-beta-alanine\/","title":{"rendered":"GOLD BETA ALANINE"},"content":{"rendered":"<p><div class=\"fusion-fullwidth fullwidth-box fusion-builder-row-1 hundred-percent-fullwidth non-hundred-percent-height-scrolling fusion-equal-height-columns\" style=\"--awb-background-position:left top;--awb-border-color:#f6f6f6;--awb-border-radius-top-left:0px;--awb-border-radius-top-right:0px;--awb-border-radius-bottom-right:0px;--awb-border-radius-bottom-left:0px;--awb-padding-top:1px;--awb-padding-right:0px;--awb-padding-bottom:30px;--awb-padding-left:0px;--awb-background-color:#fff;--awb-border-sizes-top:0px;--awb-border-sizes-bottom:0px;--awb-flex-wrap:wrap;\" ><div class=\"fusion-builder-row fusion-row\"><div class=\"fusion-layout-column fusion_builder_column fusion-builder-column-0 fusion_builder_column_1_2 1_2 fusion-one-half fusion-column-first\" style=\"--awb-bg-size:cover;width:48%; margin-right: 4%;\"><div class=\"fusion-column-wrapper fusion-flex-column-wrapper-legacy\"><div class=\"fusion-sep-clear\"><\/div><div class=\"fusion-separator fusion-full-width-sep\" style=\"margin-left: auto;margin-right: auto;margin-top:60px;width:100%;\"><\/div><div class=\"fusion-sep-clear\"><\/div><div class=\"fusion-text fusion-text-1\"><p style=\"text-align: center;\"><a href=\"https:\/\/vikingforce.se\/wp-content\/uploads\/2024\/01\/gold-beta-alanine-1-300x300.png\"><img decoding=\"async\" class=\"alignnone size-medium wp-image-21185\" src=\"https:\/\/vikingforce.se\/wp-content\/uploads\/2024\/01\/gold-beta-alanine-1-300x300.png\" alt=\"\" width=\"300\" height=\"300\" srcset=\"https:\/\/vikingforce.se\/wp-content\/uploads\/2024\/01\/gold-beta-alanine-1-66x66.png 66w, https:\/\/vikingforce.se\/wp-content\/uploads\/2024\/01\/gold-beta-alanine-1-150x150.png 150w, https:\/\/vikingforce.se\/wp-content\/uploads\/2024\/01\/gold-beta-alanine-1-200x200.png 200w, https:\/\/vikingforce.se\/wp-content\/uploads\/2024\/01\/gold-beta-alanine-1-300x300.png 300w, https:\/\/vikingforce.se\/wp-content\/uploads\/2024\/01\/gold-beta-alanine-1-400x400.png 400w, https:\/\/vikingforce.se\/wp-content\/uploads\/2024\/01\/gold-beta-alanine-1.png 600w\" sizes=\"(max-width: 300px) 100vw, 300px\" \/><\/a><\/p>\n<\/div><div class=\"fusion-clearfix\"><\/div><\/div><\/div><div class=\"fusion-layout-column fusion_builder_column fusion-builder-column-1 fusion_builder_column_1_2 1_2 fusion-one-half fusion-column-last\" style=\"--awb-bg-size:cover;width:48%;\"><div class=\"fusion-column-wrapper fusion-flex-column-wrapper-legacy\"><div class=\"fusion-title title fusion-title-1 fusion-sep-none fusion-title-text fusion-title-size-one title-wg\" style=\"--awb-margin-bottom:5px;\"><h1 class=\"fusion-title-heading title-heading-left\" style=\"margin:0;\">GOLD BETA ALANINE<\/h1><\/div><div class=\"fusion-text fusion-text-2\"><p style=\"text-align: center;\">(Kosttillskott)<\/p>\n<\/div><div class=\"fusion-text fusion-text-3\"><p class=\"subtitle-wg\" style=\"text-align: center;\">nettovikt : 240 g<\/p>\n<\/div><div class=\"fusion-clearfix\"><\/div><\/div><\/div><\/div><\/div><div class=\"fusion-fullwidth fullwidth-box fusion-builder-row-2 nonhundred-percent-fullwidth non-hundred-percent-height-scrolling\" style=\"--awb-border-color:#f6f6f6;--awb-border-radius-top-left:0px;--awb-border-radius-top-right:0px;--awb-border-radius-bottom-right:0px;--awb-border-radius-bottom-left:0px;--awb-padding-top:10px;--awb-padding-right:0px;--awb-padding-bottom:0px;--awb-padding-left:0px;--awb-background-color:#fff;--awb-border-sizes-top:0px;--awb-border-sizes-bottom:0px;--awb-flex-wrap:wrap;\" ><div class=\"fusion-builder-row fusion-row\"><div class=\"fusion-layout-column fusion_builder_column fusion-builder-column-2 fusion_builder_column_2_5 2_5 fusion-two-fifth fusion-column-first\" style=\"--awb-bg-size:cover;width:37.6%; margin-right: 4%;\"><div class=\"fusion-column-wrapper fusion-column-has-shadow fusion-flex-column-wrapper-legacy\"><div class=\"fusion-text fusion-text-4\"><p class=\"subtitle-st\">smaker : <span style=\"color: #747474;\"><span style=\"font-weight: 400;\">Natur <\/span><\/span><\/p>\n<p class=\"subtitle-st\">Anv\u00e4ndning:<\/p>\n<p>Ta 2-4 g (ca \u00bd &#8211; 1 skopa) med \u00f6nskad m\u00e4ngd vatten 20-30 minuter f\u00f6re tr\u00e4ning. P\u00e5 vilodagar ta 1 portion om dagen, helst mellan m\u00e5ltiderna. F\u00f6r optimalt resultat, anv\u00e4nd produkten kontinuerligt i minst 8 veckor varefter ett uppeh\u00e5ll p\u00e5 2-3 veckor rekommenderas.<\/p>\n<p style=\"color: #e47822;\">Ingredienser:<\/p>\n<p>Beta Alanin<\/p>\n<p class=\"subtitle-st\">Viktig information:<\/p>\n<p>Denna produkt \u00e4r ett kosttillskott. Anv\u00e4nd denna produkt tillsammans med mat som en del av en h\u00e4lsosam, balanserad kost, inte som en ers\u00e4ttning f\u00f6r s\u00e5dan. F\u00f6rvara utom r\u00e4ckh\u00e5ll f\u00f6r barn. Den \u00e4r endast avsedd f\u00f6r 18 \u00e5r eller \u00e4ldre. Ej avsedd f\u00f6r anv\u00e4ndning av gravida eller ammande kvinnor! \u00d6verskrid inte den rekommenderade dagliga dosen. F\u00f6rvara p\u00e5 ett kallt, torrt st\u00e4lle. Uts\u00e4tt inte f\u00f6r stark v\u00e4rme, fukt eller solljus. Anv\u00e4nds f\u00f6re det utg\u00e5ngsdatum som \u00e4r skrivet p\u00e5 f\u00f6rpackningen.<\/p>\n<p>Allergiinformation:<\/p>\n<p>Tillverkad i en anl\u00e4ggning som \u00e4ven bearbetar mj\u00f6lk, soja, \u00e4gg och veteproteiner!<\/p>\n<\/div><div class=\"fusion-clearfix\"><\/div><\/div><\/div><div class=\"fusion-layout-column fusion_builder_column fusion-builder-column-3 fusion_builder_column_3_5 3_5 fusion-three-fifth fusion-column-last\" style=\"--awb-bg-size:cover;width:58.4%;\"><div class=\"fusion-column-wrapper fusion-flex-column-wrapper-legacy\"><div class=\"fusion-text fusion-text-5\"><p class=\"subtitle-st\">N\u00e4ringsinneh\u00e5ll:<\/p>\n<\/div><div class=\"fusion-text fusion-text-6\"><div class=\"table-1\">\n<table class=\"tb\" width=\"100%\">\n<tbody>\n<tr class=\"table-row_border\">\n<td colspan=\"3\"><strong>Serveringar per beh\u00e5llare: 120<br \/>\n<\/strong><b>portionsstorlek: 1 skopa (ca 2 g)<\/b><strong><br \/>\n<\/strong><\/td>\n<td><b>2 g<\/b><\/td>\n<td><b>100 g<\/b><\/td>\n<\/tr>\n<tr>\n<td colspan=\"3\">Beta Alanin<\/td>\n<td>2000 mg<\/td>\n<td>100 g<\/td>\n<\/tr>\n<\/tbody>\n<\/table>\n<\/div>\n<\/div><div class=\"fusion-clearfix\"><\/div><\/div><\/div><\/div><\/div><\/p>\n","protected":false},"excerpt":{"rendered":"","protected":false},"author":1,"featured_media":0,"parent":21546,"menu_order":0,"comment_status":"closed","ping_status":"closed","template":"","meta":{"footnotes":""},"class_list":["post-21216","page","type-page","status-publish","hentry"],"_links":{"self":[{"href":"https:\/\/vikingforce.se\/sv\/wp-json\/wp\/v2\/pages\/21216","targetHints":{"allow":["GET"]}}],"collection":[{"href":"https:\/\/vikingforce.se\/sv\/wp-json\/wp\/v2\/pages"}],"about":[{"href":"https:\/\/vikingforce.se\/sv\/wp-json\/wp\/v2\/types\/page"}],"author":[{"embeddable":true,"href":"https:\/\/vikingforce.se\/sv\/wp-json\/wp\/v2\/users\/1"}],"replies":[{"embeddable":true,"href":"https:\/\/vikingforce.se\/sv\/wp-json\/wp\/v2\/comments?post=21216"}],"version-history":[{"count":7,"href":"https:\/\/vikingforce.se\/sv\/wp-json\/wp\/v2\/pages\/21216\/revisions"}],"predecessor-version":[{"id":23487,"href":"https:\/\/vikingforce.se\/sv\/wp-json\/wp\/v2\/pages\/21216\/revisions\/23487"}],"up":[{"embeddable":true,"href":"https:\/\/vikingforce.se\/sv\/wp-json\/wp\/v2\/pages\/21546"}],"wp:attachment":[{"href":"https:\/\/vikingforce.se\/sv\/wp-json\/wp\/v2\/media?parent=21216"}],"curies":[{"name":"wp","href":"https:\/\/api.w.org\/{rel}","templated":true}]}}