{"id":20673,"date":"2022-12-28T08:15:28","date_gmt":"2022-12-28T08:15:28","guid":{"rendered":"https:\/\/vikingforce.se\/weight-gainers\/viking-fury-gainer\/"},"modified":"2025-06-13T08:52:33","modified_gmt":"2025-06-13T08:52:33","slug":"viking-fury-gainer","status":"publish","type":"page","link":"https:\/\/vikingforce.se\/sv\/fury-line\/viking-fury-gainer\/","title":{"rendered":"VIKING FURY GAINER"},"content":{"rendered":"<p><div class=\"fusion-fullwidth fullwidth-box fusion-builder-row-1 nonhundred-percent-fullwidth non-hundred-percent-height-scrolling\" style=\"--awb-background-position:center top;--awb-border-color:#f6f6f6;--awb-border-radius-top-left:0px;--awb-border-radius-top-right:0px;--awb-border-radius-bottom-right:0px;--awb-border-radius-bottom-left:0px;--awb-padding-top:1px;--awb-padding-right:0px;--awb-padding-bottom:30px;--awb-padding-left:0px;--awb-background-color:#fff;--awb-border-sizes-top:1px;--awb-border-sizes-bottom:1px;--awb-flex-wrap:wrap;\" ><div class=\"fusion-builder-row fusion-row\"><div class=\"fusion-layout-column fusion_builder_column fusion-builder-column-0 fusion_builder_column_1_2 1_2 fusion-one-half fusion-column-first\" style=\"--awb-bg-size:cover;width:48%; margin-right: 4%;\"><div class=\"fusion-column-wrapper fusion-flex-column-wrapper-legacy\"><div class=\"fusion-text fusion-text-1\"><p><a href=\"https:\/\/vikingforce.se\/wp-content\/uploads\/2022\/11\/VIKING-Fury-Gainer-12-lb-ZIPbag-2-1-1024x1024.jpg\"><img decoding=\"async\" class=\"alignnone size-large wp-image-20396\" src=\"https:\/\/vikingforce.se\/wp-content\/uploads\/2022\/11\/VIKING-Fury-Gainer-12-lb-ZIPbag-2-1-1024x1024.jpg\" alt=\"\" width=\"1024\" height=\"1024\" srcset=\"https:\/\/vikingforce.se\/wp-content\/uploads\/2022\/11\/VIKING-Fury-Gainer-12-lb-ZIPbag-2-1-66x66.jpg 66w, https:\/\/vikingforce.se\/wp-content\/uploads\/2022\/11\/VIKING-Fury-Gainer-12-lb-ZIPbag-2-1-150x150.jpg 150w, https:\/\/vikingforce.se\/wp-content\/uploads\/2022\/11\/VIKING-Fury-Gainer-12-lb-ZIPbag-2-1-200x200.jpg 200w, https:\/\/vikingforce.se\/wp-content\/uploads\/2022\/11\/VIKING-Fury-Gainer-12-lb-ZIPbag-2-1-300x300.jpg 300w, https:\/\/vikingforce.se\/wp-content\/uploads\/2022\/11\/VIKING-Fury-Gainer-12-lb-ZIPbag-2-1-400x400.jpg 400w, https:\/\/vikingforce.se\/wp-content\/uploads\/2022\/11\/VIKING-Fury-Gainer-12-lb-ZIPbag-2-1-600x600.jpg 600w, https:\/\/vikingforce.se\/wp-content\/uploads\/2022\/11\/VIKING-Fury-Gainer-12-lb-ZIPbag-2-1-768x768.jpg 768w, https:\/\/vikingforce.se\/wp-content\/uploads\/2022\/11\/VIKING-Fury-Gainer-12-lb-ZIPbag-2-1-800x800.jpg 800w, https:\/\/vikingforce.se\/wp-content\/uploads\/2022\/11\/VIKING-Fury-Gainer-12-lb-ZIPbag-2-1-1024x1024.jpg 1024w, https:\/\/vikingforce.se\/wp-content\/uploads\/2022\/11\/VIKING-Fury-Gainer-12-lb-ZIPbag-2-1-1200x1200.jpg 1200w, https:\/\/vikingforce.se\/wp-content\/uploads\/2022\/11\/VIKING-Fury-Gainer-12-lb-ZIPbag-2-1-1536x1536.jpg 1536w\" sizes=\"(max-width: 1024px) 100vw, 1024px\" \/><\/a><\/p>\n<p><a href=\"https:\/\/vikingforce.se\/wp-content\/uploads\/2022\/11\/VIKING-Fury-Gainer-12-lb-ZIPbag-4.jpg\"><img decoding=\"async\" class=\"alignnone size-large wp-image-20384\" src=\"https:\/\/vikingforce.se\/wp-content\/uploads\/2022\/11\/VIKING-Fury-Gainer-12-lb-ZIPbag-4.jpg\" alt=\"\" width=\"1\" height=\"1\" \/><\/a><\/p>\n<p><a href=\"https:\/\/vikingforce.se\/wp-content\/uploads\/2022\/11\/VIKING-Fury-Gainer-12-lb-ZIPbag-4.jpg\"><img decoding=\"async\" class=\"alignnone size-large wp-image-20384\" src=\"https:\/\/vikingforce.se\/wp-content\/uploads\/2022\/11\/VIKING-Fury-Gainer-12-lb-ZIPbag-4.jpg\" alt=\"\" width=\"1\" height=\"1\" \/><\/a><\/p>\n<\/div><div class=\"fusion-clearfix\"><\/div><\/div><\/div><div class=\"fusion-layout-column fusion_builder_column fusion-builder-column-1 fusion_builder_column_1_2 1_2 fusion-one-half fusion-column-last\" style=\"--awb-bg-size:cover;width:48%;\"><div class=\"fusion-column-wrapper fusion-flex-column-wrapper-legacy\"><div class=\"fusion-sep-clear\"><\/div><div class=\"fusion-separator fusion-full-width-sep\" style=\"margin-left: auto;margin-right: auto;margin-top:30px;width:100%;\"><\/div><div class=\"fusion-sep-clear\"><\/div><div class=\"fusion-title title fusion-title-1 fusion-sep-none fusion-title-text fusion-title-size-one title-wg\" style=\"--awb-margin-bottom:5px;\"><h1 class=\"fusion-title-heading title-heading-left\" style=\"margin:0;\"><p style=\"text-align: center;\">VIKING FURY GAINER<\/p>\n<p><\/h1><\/div><div class=\"fusion-text fusion-text-2\"><p style=\"text-align: center;\">(Kosttillskott)<\/p>\n<\/div><div class=\"fusion-text fusion-text-3\"><p class=\"subtitle-wg\" style=\"text-align: center;\">Nettovikt: 12 lb (5.45 kg)<\/p>\n<\/p>\n<p class=\"subtitle-wg\" style=\"text-align: center;\">Portioner\/F\u00f6rpackning: 54<\/p>\n<\/div><div class=\"fusion-clearfix\"><\/div><\/div><\/div><\/div><\/div><div class=\"fusion-fullwidth fullwidth-box fusion-builder-row-2 nonhundred-percent-fullwidth non-hundred-percent-height-scrolling\" style=\"--awb-border-color:#f6f6f6;--awb-border-radius-top-left:0px;--awb-border-radius-top-right:0px;--awb-border-radius-bottom-right:0px;--awb-border-radius-bottom-left:0px;--awb-padding-top:10px;--awb-padding-right:0px;--awb-padding-bottom:0px;--awb-padding-left:0px;--awb-background-color:#fff;--awb-border-sizes-top:0px;--awb-border-sizes-bottom:0px;--awb-flex-wrap:wrap;\" ><div class=\"fusion-builder-row fusion-row\"><div class=\"fusion-layout-column fusion_builder_column fusion-builder-column-2 fusion_builder_column_1_2 1_2 fusion-one-half fusion-column-first\" style=\"--awb-bg-size:cover;width:48%; margin-right: 4%;\"><div class=\"fusion-column-wrapper fusion-flex-column-wrapper-legacy\"><div class=\"fusion-text fusion-text-4\"><p style=\"color: #000000;\"><b>Smaker:<\/b><\/p>\n<p>choklad, kokosn\u00f6t, banan, bl\u00e5b\u00e4r, pistage<\/p>\n<p class=\"subtitle-wg\">Bruksanvisning:<\/p>\n<p>Blanda tv\u00e5 r\u00e5gade skopor (100g) pulver med 300ml och konsumera omedelbart efter tillredning. Ta 1-2 portioner dagligen \u00f6ver en period p\u00e5 2-3 m\u00e5nader: 1 portion 1 timme f\u00f6re tr\u00e4ning och 1 portion 1 timme efter tr\u00e4ning.<\/p>\n<p class=\"subtitle-wg\">Ingredienser:<\/p>\n<p>Kolhydratmix (maltodextrin, dextrosmonohydrat), Proteinmix (<u>vassle<\/u> proteinkoncentrat, kalcium<u>kaseinat<\/u>, total<u>mj\u00f6lk<\/u>protein), l\u00e5g fetthalt kakaopulver (inneh\u00e5ller emulgeringsmedel: <u>soja<\/u> lecitin) \u2013 endast f\u00f6r chokladsmak, klumpf\u00f6rebyggande medel (trikalciumfosfat, kiseloxid), Vitamin- och mineralmix (trisodiumcitrat, natriumklorid, kaliumklorid, trikalciumcitrat, vitamin C, trimagnesiumcitrat, niacin, pantotensyra, vitamin B6, tiamin, vitamin B12, folsyra), smaker, surhetsreglerande medel (citronsyra) \u2013 endast f\u00f6r bl\u00e5b\u00e4rssmak, f\u00e4rg\u00e4mne (kopparklorofyllin f\u00f6r pistagesmak; karmin och spirulinaextrakt f\u00f6r bl\u00e5b\u00e4rssmak), f\u00f6rtjockningsmedel (xantangummi), Digezyme\u00ae multienzymkomplex (alfa-amylas, proteas, laktas, lipas, cellulase), s\u00f6tningsmedel (sukralos, acesulfam K).<\/p>\n<p class=\"subtitle-wg\">Allergiinformation:<\/p>\n<p>Inneh\u00e5ller mj\u00f6lk- och sojakomponenter. Kan inneh\u00e5lla sp\u00e5r av \u00e4gg och vete (gluten).<\/p>\n<p class=\"subtitle-wg\">Viktig information:<\/p>\n<p>Denna produkt \u00e4r ett kosttillskott. Anv\u00e4nd denna produkt i samband med mat som en del av en h\u00e4lsosam, balanserad kost, inte som en ers\u00e4ttning f\u00f6r s\u00e5dan. F\u00f6rvaras utom r\u00e4ckh\u00e5ll f\u00f6r barn. Produkten \u00e4r endast avsedd f\u00f6r personer \u00f6ver 18 \u00e5r. Inte avsedd f\u00f6r barn, gravida eller ammande kvinnor! \u00d6verskrid inte den rekommenderade dagliga dosen.<br \/>F\u00f6rvara p\u00e5 en sval, torr plats. Uts\u00e4tt inte f\u00f6r \u00f6verdriven v\u00e4rme, fukt eller solljus. B\u00e4st f\u00f6re utg\u00e5ngsdatum som st\u00e5r p\u00e5 f\u00f6rpackningen.<\/p>\n<\/div><div class=\"fusion-clearfix\"><\/div><\/div><\/div><div class=\"fusion-layout-column fusion_builder_column fusion-builder-column-3 fusion_builder_column_1_2 1_2 fusion-one-half fusion-column-last\" style=\"--awb-bg-size:cover;width:48%;\"><div class=\"fusion-column-wrapper fusion-flex-column-wrapper-legacy\"><div class=\"fusion-text fusion-text-5\"><p class=\"subtitle-wg\">N\u00c4RINGSINNEH\u00c5LL<\/p>\n<\/div><div class=\"fusion-text fusion-text-6\"><div class=\"table-1\">\n<table class=\"tb\" width=\"100%\">\n<tbody>\n<tr class=\"table-row_border\">\n<td colspan=\"2\"><strong>**N\u00e4ringsinneh\u00e5ll per:<br \/>\nPortionsstorlek:<\/strong><\/td>\n<td colspan=\"2\"><b>2 r\u00e5gade skopor (100g)<\/b><\/td>\n<\/tr>\n<tr>\n<td colspan=\"2\">Energi<\/td>\n<td colspan=\"2\">1533,7 kJ \/ 361,1 kcal<\/td>\n<\/tr>\n<tr>\n<td colspan=\"2\">Kolhydrater<\/td>\n<td colspan=\"2\">67,5 g<\/td>\n<\/tr>\n<tr>\n<td colspan=\"2\">Protein<\/td>\n<td colspan=\"2\">21 g<\/td>\n<\/tr>\n<tr>\n<td colspan=\"2\">Totalt fett<\/td>\n<td colspan=\"2\">0,7 g<\/td>\n<\/tr>\n<tr>\n<td colspan=\"2\">Natrium<\/td>\n<td colspan=\"2\">287,4 mg<\/td>\n<\/tr>\n<tr>\n<td colspan=\"2\">Kalium<\/td>\n<td colspan=\"1\">123,1 mg<\/td>\n<td colspan=\"1\">6,2 %*<\/td>\n<\/tr>\n<tr>\n<td colspan=\"2\">Kalcium<\/td>\n<td colspan=\"1\">454,9 mg<\/td>\n<td colspan=\"1\">56,8 %*<\/td>\n<\/tr>\n<tr>\n<td colspan=\"2\">Klorid<\/td>\n<td colspan=\"1\">137,6 mg<\/td>\n<td colspan=\"1\">17,2 %*<\/td>\n<\/tr>\n<tr>\n<td colspan=\"2\">Magnesium<\/td>\n<td colspan=\"1\">16,9 mg<\/td>\n<td colspan=\"1\">4,5 %*<\/td>\n<\/tr>\n<tr>\n<td colspan=\"2\">Vitamin C<\/td>\n<td colspan=\"1\">83 mg<\/td>\n<td colspan=\"1\">103,8 %*<\/td>\n<\/tr>\n<tr>\n<td colspan=\"2\">Niacin<\/td>\n<td colspan=\"1\">15 mg<\/td>\n<td colspan=\"1\">93,8 %*<\/td>\n<\/tr>\n<tr>\n<td colspan=\"2\">Pantotensyra<\/td>\n<td colspan=\"1\">6 mg<\/td>\n<td colspan=\"1\">100 %*<\/td>\n<\/tr>\n<tr>\n<td colspan=\"2\">Vitamin B6<\/td>\n<td colspan=\"1\">2,0 mg<\/td>\n<td colspan=\"1\">142,9 %*<\/td>\n<\/tr>\n<tr>\n<td colspan=\"2\">Tiamin<\/td>\n<td colspan=\"1\">1,4 mg<\/td>\n<td colspan=\"1\">127,3 %*<\/td>\n<\/tr>\n<tr>\n<td colspan=\"2\">Folsyra<\/td>\n<td colspan=\"1\">190 \u00b5g<\/td>\n<td colspan=\"1\">95 %*<\/td>\n<\/tr>\n<tr>\n<td colspan=\"2\">Vitamin B12<\/td>\n<td colspan=\"1\">0,8 \u00b5g<\/td>\n<td colspan=\"1\">32 %*<\/td>\n<\/tr>\n<tr>\n<td colspan=\"2\">Digezyme\u00ae Multienzymkomplex<\/td>\n<td colspan=\"2\">150 mg<\/td>\n<\/tr>\n<tr>\n<td colspan=\"2\">&#8211; varav Alfa-Amylas<\/td>\n<td colspan=\"2\">90 mg<\/td>\n<\/tr>\n<tr>\n<td colspan=\"2\">&#8211; Proteas<\/td>\n<td colspan=\"2\">6,15 mg<\/td>\n<\/tr>\n<tr>\n<td colspan=\"2\">&#8211; Laktas<\/td>\n<td colspan=\"2\">44 mg<\/td>\n<\/tr>\n<tr>\n<td colspan=\"2\">&#8211; Lipas<\/td>\n<td colspan=\"2\">1 mg<\/td>\n<\/tr>\n<tr>\n<td colspan=\"2\">&#8211; Cellulas<\/td>\n<td colspan=\"2\">9,5 mg<\/td>\n<\/tr>\n<tr>\n<td colspan=\"4\">**N\u00e4ringsinformation kan variera n\u00e5got mellan smaker.<\/p>\n<p>*NRVs-N\u00e4ringsreferensv\u00e4rden<\/td>\n<\/tr>\n<\/tbody>\n<\/table>\n<\/div>\n<\/div><div class=\"fusion-clearfix\"><\/div><\/div><\/div><\/div><\/div><\/p>\n","protected":false},"excerpt":{"rendered":"","protected":false},"author":1,"featured_media":0,"parent":21557,"menu_order":0,"comment_status":"closed","ping_status":"closed","template":"","meta":{"footnotes":""},"class_list":["post-20673","page","type-page","status-publish","hentry"],"_links":{"self":[{"href":"https:\/\/vikingforce.se\/sv\/wp-json\/wp\/v2\/pages\/20673","targetHints":{"allow":["GET"]}}],"collection":[{"href":"https:\/\/vikingforce.se\/sv\/wp-json\/wp\/v2\/pages"}],"about":[{"href":"https:\/\/vikingforce.se\/sv\/wp-json\/wp\/v2\/types\/page"}],"author":[{"embeddable":true,"href":"https:\/\/vikingforce.se\/sv\/wp-json\/wp\/v2\/users\/1"}],"replies":[{"embeddable":true,"href":"https:\/\/vikingforce.se\/sv\/wp-json\/wp\/v2\/comments?post=20673"}],"version-history":[{"count":8,"href":"https:\/\/vikingforce.se\/sv\/wp-json\/wp\/v2\/pages\/20673\/revisions"}],"predecessor-version":[{"id":23694,"href":"https:\/\/vikingforce.se\/sv\/wp-json\/wp\/v2\/pages\/20673\/revisions\/23694"}],"up":[{"embeddable":true,"href":"https:\/\/vikingforce.se\/sv\/wp-json\/wp\/v2\/pages\/21557"}],"wp:attachment":[{"href":"https:\/\/vikingforce.se\/sv\/wp-json\/wp\/v2\/media?parent=20673"}],"curies":[{"name":"wp","href":"https:\/\/api.w.org\/{rel}","templated":true}]}}