{"id":20663,"date":"2022-12-28T08:01:05","date_gmt":"2022-12-28T08:01:05","guid":{"rendered":"https:\/\/vikingforce.se\/vitamins\/viking-b-complex\/"},"modified":"2025-05-16T15:28:11","modified_gmt":"2025-05-16T15:28:11","slug":"viking-b-complex","status":"publish","type":"page","link":"https:\/\/vikingforce.se\/sv\/vitamins\/viking-b-complex\/","title":{"rendered":"VIKING B Complex"},"content":{"rendered":"<p><div class=\"fusion-fullwidth fullwidth-box fusion-builder-row-1 nonhundred-percent-fullwidth non-hundred-percent-height-scrolling\" style=\"--awb-background-position:center top;--awb-border-color:#f6f6f6;--awb-border-radius-top-left:0px;--awb-border-radius-top-right:0px;--awb-border-radius-bottom-right:0px;--awb-border-radius-bottom-left:0px;--awb-padding-top:1px;--awb-padding-right:0px;--awb-padding-bottom:30px;--awb-padding-left:0px;--awb-background-color:#fff;--awb-border-sizes-top:1px;--awb-border-sizes-bottom:1px;--awb-flex-wrap:wrap;\" ><div class=\"fusion-builder-row fusion-row\"><div class=\"fusion-layout-column fusion_builder_column fusion-builder-column-0 fusion_builder_column_1_2 1_2 fusion-one-half fusion-column-first\" style=\"--awb-bg-size:cover;width:48%; margin-right: 4%;\"><div class=\"fusion-column-wrapper fusion-flex-column-wrapper-legacy\"><div class=\"fusion-sep-clear\"><\/div><div class=\"fusion-separator fusion-full-width-sep\" style=\"margin-left: auto;margin-right: auto;margin-top:60px;width:100%;\"><\/div><div class=\"fusion-sep-clear\"><\/div><div class=\"fusion-text fusion-text-1\"><p><a href=\"https:\/\/vikingforce.se\/wp-content\/uploads\/2024\/03\/VIKING-B-COMPLEX.png\"><img decoding=\"async\" class=\"alignnone wp-image-21796 size-full\" src=\"https:\/\/vikingforce.se\/wp-content\/uploads\/2024\/03\/VIKING-B-COMPLEX.png\" alt=\"\" width=\"800\" height=\"800\" srcset=\"https:\/\/vikingforce.se\/wp-content\/uploads\/2024\/03\/VIKING-B-COMPLEX-66x66.png 66w, https:\/\/vikingforce.se\/wp-content\/uploads\/2024\/03\/VIKING-B-COMPLEX-150x150.png 150w, https:\/\/vikingforce.se\/wp-content\/uploads\/2024\/03\/VIKING-B-COMPLEX-200x200.png 200w, https:\/\/vikingforce.se\/wp-content\/uploads\/2024\/03\/VIKING-B-COMPLEX-300x300.png 300w, https:\/\/vikingforce.se\/wp-content\/uploads\/2024\/03\/VIKING-B-COMPLEX-400x400.png 400w, https:\/\/vikingforce.se\/wp-content\/uploads\/2024\/03\/VIKING-B-COMPLEX-600x600.png 600w, https:\/\/vikingforce.se\/wp-content\/uploads\/2024\/03\/VIKING-B-COMPLEX-768x768.png 768w, https:\/\/vikingforce.se\/wp-content\/uploads\/2024\/03\/VIKING-B-COMPLEX.png 800w\" sizes=\"(max-width: 800px) 100vw, 800px\" \/><\/a><\/p>\n<\/div><div class=\"fusion-clearfix\"><\/div><\/div><\/div><div class=\"fusion-layout-column fusion_builder_column fusion-builder-column-1 fusion_builder_column_1_2 1_2 fusion-one-half fusion-column-last\" style=\"--awb-bg-size:cover;--awb-margin-bottom:0px;width:48%;\"><div class=\"fusion-column-wrapper fusion-flex-column-wrapper-legacy\"><div class=\"fusion-title title fusion-title-1 fusion-sep-none fusion-title-text fusion-title-size-one title-wg\" style=\"--awb-margin-top:50px;--awb-margin-bottom:5px;\"><h1 class=\"fusion-title-heading title-heading-left\" style=\"margin:0;\"><p style=\"text-align: center;\">VIKING B COMPLEX<\/p><\/h1><\/div><div class=\"fusion-text fusion-text-2\"><p style=\"text-align: center;\">(Kosttillskott)<\/p>\n<\/div><div class=\"fusion-text fusion-text-3\"><p><!--<img decoding=\"async\" class=\"size-large wp-image-11808 aligncenter\" src=\"https:\/\/vikingforce.se\/wp-content\/uploads\/2015\/12\/aroma-empire-whey-1024x110.jpg\" alt=\"aroma-empire-whey\" width=\"669\" height=\"72\" srcset=\"https:\/\/vikingforce.se\/wp-content\/uploads\/2015\/12\/aroma-empire-whey-300x32.jpg 300w, https:\/\/vikingforce.se\/wp-content\/uploads\/2015\/12\/aroma-empire-whey-1024x110.jpg 1024w\" sizes=\"(max-width: 669px) 100vw, 669px\" \/>--><\/p>\n<\/div><div class=\"fusion-text fusion-text-4\"><p><!--<img decoding=\"async\" class=\"wp-image-11807 aligncenter\" src=\"https:\/\/vikingforce.se\/wp-content\/uploads\/2015\/12\/serving-empire-whey.jpg\" alt=\"serving-empire-whey\" width=\"147\" height=\"115\" \/>--><\/p>\n<\/div><div class=\"fusion-text fusion-text-5\"><p class=\"subtitle-wg\" style=\"text-align: center;\">Nettovikt: 40 g<\/p>\n<p class=\"subtitle-wg\" style=\"text-align: center;\">90 Kapslar<\/p>\n<\/div><div class=\"fusion-clearfix\"><\/div><\/div><\/div><\/div><\/div><div class=\"fusion-fullwidth fullwidth-box fusion-builder-row-2 nonhundred-percent-fullwidth non-hundred-percent-height-scrolling\" style=\"--awb-border-color:#f6f6f6;--awb-border-radius-top-left:0px;--awb-border-radius-top-right:0px;--awb-border-radius-bottom-right:0px;--awb-border-radius-bottom-left:0px;--awb-padding-top:10px;--awb-padding-right:0px;--awb-padding-bottom:0px;--awb-padding-left:0px;--awb-background-color:#fff;--awb-border-sizes-top:0px;--awb-border-sizes-bottom:0px;--awb-flex-wrap:wrap;\" ><div class=\"fusion-builder-row fusion-row\"><div class=\"fusion-layout-column fusion_builder_column fusion-builder-column-2 fusion_builder_column_1_2 1_2 fusion-one-half fusion-column-first\" style=\"--awb-bg-size:cover;width:48%; margin-right: 4%;\"><div class=\"fusion-column-wrapper fusion-flex-column-wrapper-legacy\"><div class=\"fusion-text fusion-text-6\"><p class=\"subtitle-vit\">Anv\u00e4ndningsanvisning:<\/p>\n<p>Ta 1 kapsel dagligen, helst under frukosten.<\/p>\n<p class=\"subtitle-vit\">\u00d6vriga ingredienser:<\/p>\n<p>Kapselskal (gelatin), b\u00e4rare (maltodextrin), antiklumpningsmedel (magnesiumstearat).<\/p>\n<p class=\"subtitle-vit\">Allergiinformation:<\/p>\n<p>Kan inneh\u00e5lla sp\u00e5r av mj\u00f6lk, soja, \u00e4gg och vete (gluten).<\/p>\n<p class=\"subtitle-vit\">Viktig information:<\/p>\n<p>Denna produkt \u00e4r ett kosttillskott. Anv\u00e4nd denna produkt tillsammans med mat som en del av en h\u00e4lsosam, balanserad kost, inte som en ers\u00e4ttning f\u00f6r s\u00e5dan. F\u00f6rvara utom r\u00e4ckh\u00e5ll f\u00f6r barn. Ej avsedd f\u00f6r anv\u00e4ndning av gravida eller ammande kvinnor! \u00d6verskrid inte den rekommenderade dagliga dosen. F\u00f6rvara p\u00e5 en kall och torr plats. Uts\u00e4tt inte f\u00f6r stark v\u00e4rme, fukt eller solljus. Bast f\u00f6re det utg\u00e5ngsdatum som \u00e4r skrivet p\u00e5 f\u00f6rpackningen.<\/p>\n<\/div><div class=\"fusion-clearfix\"><\/div><\/div><\/div><div class=\"fusion-layout-column fusion_builder_column fusion-builder-column-3 fusion_builder_column_1_2 1_2 fusion-one-half fusion-column-last\" style=\"--awb-bg-size:cover;width:48%;\"><div class=\"fusion-column-wrapper fusion-flex-column-wrapper-legacy\"><div class=\"fusion-text fusion-text-7\"><p class=\"subtitle-vit\">N\u00c4RINGSINNEH\u00c5LL<\/p>\n<\/div><div class=\"fusion-text fusion-text-8\"><div class=\"table-1\">\n<table class=\"tb\" width=\"100%\">\n<tbody>\n<tr class=\"table-row_border\">\n<td colspan=\"6\">Portionsstorlek: 1 kapslar<\/td>\n<td style=\"text-align: center;\" colspan=\"4\">Portioner per beh\u00e5llare: 90<\/td>\n<\/tr>\n<tr>\n<td colspan=\"6\"><strong>Kompletterande fakta per:<\/strong><\/td>\n<td style=\"text-align: center;\" colspan=\"4\"><strong>1 portion(1 kapsel)<\/strong><\/td>\n<\/tr>\n<tr>\n<td colspan=\"6\">Niacin (som nikotinamid)<\/td>\n<td style=\"text-align: center;\" colspan=\"4\">32 mg (200 % *)<\/td>\n<\/tr>\n<tr>\n<td colspan=\"6\">Pantotensyra (som kalcium D-pantotenat)<\/td>\n<td style=\"text-align: center;\" colspan=\"4\">12 mg (200 % *)<\/td>\n<\/tr>\n<tr>\n<td colspan=\"6\">Vitamin B6 (som pyridoxinhydroklorid)<\/td>\n<td style=\"text-align: center;\" colspan=\"4\">3 mg (215 % *)<\/td>\n<\/tr>\n<tr>\n<td colspan=\"6\">Riboflavin<\/td>\n<td style=\"text-align: center;\" colspan=\"4\">2,8 mg (200\u00a0 %*)<\/td>\n<\/tr>\n<tr>\n<td colspan=\"6\">Tiamin (som tiaminmononitrat)<\/td>\n<td style=\"text-align: center;\" colspan=\"4\">2,2 mg (200 %*)<\/td>\n<\/tr>\n<tr>\n<td colspan=\"6\">\u00a0Folsyra (som pteroylmonoglutaminsyra)<\/td>\n<td style=\"text-align: center;\" colspan=\"4\">72 mg (394 DU-enheter*)<\/td>\n<\/tr>\n<tr>\n<td colspan=\"6\">Biotin<\/td>\n<td style=\"text-align: center;\" colspan=\"4\">100 \u00b5g (200 % *)<\/td>\n<\/tr>\n<tr>\n<td colspan=\"6\">Vitamin B12 (som metylkobalamin)<\/td>\n<td style=\"text-align: center;\" colspan=\"4\">8 \u00b5g (320 %*)<\/td>\n<\/tr>\n<tr>\n<td colspan=\"7\">NRV-N\u00e4ringsreferensv\u00e4rden<\/td>\n<\/tr>\n<\/tbody>\n<\/table>\n<p>&nbsp;<\/p>\n<\/div>\n<\/div><div class=\"fusion-clearfix\"><\/div><\/div><\/div><\/div><\/div><\/p>\n","protected":false},"excerpt":{"rendered":"","protected":false},"author":1,"featured_media":0,"parent":12511,"menu_order":0,"comment_status":"closed","ping_status":"closed","template":"","meta":{"footnotes":""},"class_list":["post-20663","page","type-page","status-publish","hentry"],"_links":{"self":[{"href":"https:\/\/vikingforce.se\/sv\/wp-json\/wp\/v2\/pages\/20663","targetHints":{"allow":["GET"]}}],"collection":[{"href":"https:\/\/vikingforce.se\/sv\/wp-json\/wp\/v2\/pages"}],"about":[{"href":"https:\/\/vikingforce.se\/sv\/wp-json\/wp\/v2\/types\/page"}],"author":[{"embeddable":true,"href":"https:\/\/vikingforce.se\/sv\/wp-json\/wp\/v2\/users\/1"}],"replies":[{"embeddable":true,"href":"https:\/\/vikingforce.se\/sv\/wp-json\/wp\/v2\/comments?post=20663"}],"version-history":[{"count":7,"href":"https:\/\/vikingforce.se\/sv\/wp-json\/wp\/v2\/pages\/20663\/revisions"}],"predecessor-version":[{"id":23634,"href":"https:\/\/vikingforce.se\/sv\/wp-json\/wp\/v2\/pages\/20663\/revisions\/23634"}],"up":[{"embeddable":true,"href":"https:\/\/vikingforce.se\/sv\/wp-json\/wp\/v2\/pages\/12511"}],"wp:attachment":[{"href":"https:\/\/vikingforce.se\/sv\/wp-json\/wp\/v2\/media?parent=20663"}],"curies":[{"name":"wp","href":"https:\/\/api.w.org\/{rel}","templated":true}]}}