{"id":20625,"date":"2022-12-28T07:21:16","date_gmt":"2022-12-28T07:21:16","guid":{"rendered":"https:\/\/vikingforce.se\/hgh\/"},"modified":"2025-05-16T15:12:22","modified_gmt":"2025-05-16T15:12:22","slug":"hgh","status":"publish","type":"page","link":"https:\/\/vikingforce.se\/sv\/hgh\/","title":{"rendered":"HGH"},"content":{"rendered":"<p><div class=\"fusion-fullwidth fullwidth-box fusion-builder-row-1 nonhundred-percent-fullwidth non-hundred-percent-height-scrolling\" style=\"--awb-background-position:center top;--awb-border-color:#f6f6f6;--awb-border-radius-top-left:0px;--awb-border-radius-top-right:0px;--awb-border-radius-bottom-right:0px;--awb-border-radius-bottom-left:0px;--awb-padding-top:1px;--awb-padding-right:0px;--awb-padding-bottom:30px;--awb-padding-left:0px;--awb-background-color:#fff;--awb-border-sizes-top:1px;--awb-border-sizes-bottom:1px;--awb-flex-wrap:wrap;\" ><div class=\"fusion-builder-row fusion-row\"><div class=\"fusion-layout-column fusion_builder_column fusion-builder-column-0 fusion_builder_column_1_2 1_2 fusion-one-half fusion-column-first\" style=\"--awb-bg-size:cover;width:48%; margin-right: 4%;\"><div class=\"fusion-column-wrapper fusion-flex-column-wrapper-legacy\"><div class=\"fusion-sep-clear\"><\/div><div class=\"fusion-separator fusion-full-width-sep\" style=\"margin-left: auto;margin-right: auto;margin-top:60px;width:100%;\"><\/div><div class=\"fusion-sep-clear\"><\/div><div class=\"fusion-text fusion-text-1\"><p><a href=\"https:\/\/vikingforce.se\/wp-content\/uploads\/2024\/03\/viking-hgh.png\"><img decoding=\"async\" width=\"400\" height=\"400\" class=\"alignnone wp-image-21780\" src=\"https:\/\/vikingforce.se\/wp-content\/uploads\/2024\/03\/viking-hgh.png\" alt=\"\" srcset=\"https:\/\/vikingforce.se\/wp-content\/uploads\/2024\/03\/viking-hgh-66x66.png 66w, https:\/\/vikingforce.se\/wp-content\/uploads\/2024\/03\/viking-hgh-150x150.png 150w, https:\/\/vikingforce.se\/wp-content\/uploads\/2024\/03\/viking-hgh-200x200.png 200w, https:\/\/vikingforce.se\/wp-content\/uploads\/2024\/03\/viking-hgh-300x300.png 300w, https:\/\/vikingforce.se\/wp-content\/uploads\/2024\/03\/viking-hgh.png 400w\" sizes=\"(max-width: 400px) 100vw, 400px\" \/><\/a><\/p>\n<\/div><div class=\"fusion-clearfix\"><\/div><\/div><\/div><div class=\"fusion-layout-column fusion_builder_column fusion-builder-column-1 fusion_builder_column_1_2 1_2 fusion-one-half fusion-column-last\" style=\"--awb-bg-size:cover;width:48%;\"><div class=\"fusion-column-wrapper fusion-flex-column-wrapper-legacy\"><div class=\"fusion-title title fusion-title-1 fusion-sep-none fusion-title-text fusion-title-size-one title-wg\" style=\"--awb-margin-bottom:5px;\"><h1 class=\"fusion-title-heading title-heading-left\" style=\"margin:0;\"><div style=\"text-align: center;\"><span style=\"font-size: var(--h1_typography-font-size); font-style: var(--h1_typography-font-style,normal); font-weight: var(--h1_typography-font-weight); letter-spacing: var(--h1_typography-letter-spacing);\">VIKING HGH<\/span><\/div><\/h1><\/div><div class=\"fusion-text fusion-text-2\"><p style=\"text-align: center;\">(Kosttillskott)<\/p>\n<\/div><div class=\"fusion-text fusion-text-3\"><p class=\"subtitle-wg\" style=\"text-align: center;\">Nettovikt: 69.6 g<\/p>\n<p class=\"subtitle-wg\" style=\"text-align: center;\">60 Kapslar<\/p>\n<\/div><div class=\"fusion-clearfix\"><\/div><\/div><\/div><\/div><\/div><div class=\"fusion-fullwidth fullwidth-box fusion-builder-row-2 nonhundred-percent-fullwidth non-hundred-percent-height-scrolling\" style=\"--awb-border-color:#f6f6f6;--awb-border-radius-top-left:0px;--awb-border-radius-top-right:0px;--awb-border-radius-bottom-right:0px;--awb-border-radius-bottom-left:0px;--awb-padding-top:10px;--awb-padding-right:0px;--awb-padding-bottom:0px;--awb-padding-left:0px;--awb-background-color:#fff;--awb-border-sizes-top:0px;--awb-border-sizes-bottom:0px;--awb-flex-wrap:wrap;\" ><div class=\"fusion-builder-row fusion-row\"><div class=\"fusion-layout-column fusion_builder_column fusion-builder-column-2 fusion_builder_column_1_1 1_1 fusion-one-full fusion-column-first fusion-column-last\" style=\"--awb-bg-size:cover;\"><div class=\"fusion-column-wrapper fusion-flex-column-wrapper-legacy\"><div class=\"fusion-text fusion-text-4\"><p class=\"subtitle-st\">VIKING HGH<\/p>\n<p>VIKING HGH \u00e4r en kombination av aminosyraingredienser som hj\u00e4lper till att st\u00f6dja kroppens f\u00f6rm\u00e5ga att producera HGH, s\u00e5 ta dessa kapslar med humant tillv\u00e4xthormon f\u00f6r att \u00f6ka dess niv\u00e5er. Denna tillv\u00e4xthormonsupplement fungerar f\u00f6r att f\u00f6rb\u00e4ttra din h\u00e4lsa. Den erbjuder en kombination av ingredienser som hj\u00e4lper till att h\u00f6ja kroppens f\u00f6rm\u00e5ga att producera HGH.<br \/>\n\u2022 HGH-produktion<br \/>\n\u2022 Muskeltillv\u00e4xt och benstyrka<br \/>\n\u2022 Manlig prestation<\/p>\n<\/div><div class=\"fusion-clearfix\"><\/div><\/div><\/div><div class=\"fusion-layout-column fusion_builder_column fusion-builder-column-3 fusion_builder_column_1_2 1_2 fusion-one-half fusion-column-first\" style=\"--awb-bg-size:cover;width:48%; margin-right: 4%;\"><div class=\"fusion-column-wrapper fusion-flex-column-wrapper-legacy\"><div class=\"fusion-text fusion-text-5\"><p class=\"subtitle-st\">Anv\u00e4ndningsriktning:<\/p>\n<p>Ta 2-3 kapslar dagligen f\u00f6re s\u00e4ngg\u00e5endet.<\/p>\n<p class=\"subtitle-st\">Ingredienser:<\/p>\n<p>kapselskal (gelatin), fyllnadsmedel (mikrokristallin cellulosa), klumpf\u00f6rebyggande medel (magnesiumstearat).<\/p>\n<p class=\"subtitle-st\">Allergiinformation:<\/p>\n<p>Kan inneh\u00e5lla sp\u00e5r av mj\u00f6lk, soja, \u00e4gg och vete (gluten).<\/p>\n<p class=\"subtitle-st\">Viktig information:<\/p>\n<p>Denna produkt \u00e4r ett kosttillskott. Anv\u00e4nd denna produkt i samband med mat som en del av en h\u00e4lsosam och balanserad kost, inte som ett substitut f\u00f6r s\u00e5dan. F\u00f6rvara utom r\u00e4ckh\u00e5ll f\u00f6r barn. Inte avsedd f\u00f6r anv\u00e4ndning av gravida eller ammande kvinnor! \u00d6verskrid inte den rekommenderade dagliga dosen. F\u00f6rvara p\u00e5 en sval, torr plats. Uts\u00e4tt inte f\u00f6r \u00f6verdriven v\u00e4rme, fuktighet eller solljus. Anv\u00e4nd f\u00f6re utg\u00e5ngsdatumet som anges p\u00e5 f\u00f6rpackningen.<\/p>\n<\/div><div class=\"fusion-clearfix\"><\/div><\/div><\/div><div class=\"fusion-layout-column fusion_builder_column fusion-builder-column-4 fusion_builder_column_1_2 1_2 fusion-one-half fusion-column-last\" style=\"--awb-bg-size:cover;width:48%;\"><div class=\"fusion-column-wrapper fusion-flex-column-wrapper-legacy\"><div class=\"fusion-text fusion-text-6\"><p class=\"subtitle-st\">N\u00c4RINGSFAKTA<\/p>\n<\/div><div class=\"fusion-text fusion-text-7\"><div class=\"table-1\">\n<table class=\"tb\" width=\"100%\">\n<tbody>\n<tr class=\"table-row_border\">\n<td colspan=\"5\">Portionsstorlek: 2 kapslar<\/td>\n<td colspan=\"5\">Portioner per beh\u00e5llare: 30<\/td>\n<\/tr>\n<tr class=\"table-row_border\">\n<td colspan=\"5\"><strong>Kompletterande fakta per:<\/strong><\/td>\n<td colspan=\"5\"><strong>2 kapslar<\/strong><\/td>\n<\/tr>\n<tr>\n<td colspan=\"5\">L-arginin alfaketoglutarat 2:1<\/td>\n<td colspan=\"5\">700 mg<\/td>\n<\/tr>\n<tr>\n<td colspan=\"5\">GABA (gamma-aminosm\u00f6rsyra)<\/td>\n<td colspan=\"5\">500 mg<\/td>\n<\/tr>\n<tr>\n<td colspan=\"5\">L-lysin HCI<\/td>\n<td colspan=\"5\">500 mg<\/td>\n<\/tr>\n<tr>\n<td colspan=\"5\">L-Ornithine HCl<\/td>\n<td colspan=\"5\">200 mg<\/td>\n<\/tr>\n<tr>\n<td colspan=\"5\">Vitamin B6 (som pyridoxinhydroklorid)<\/td>\n<td colspan=\"5\">2,8 mg (200 %*)<\/td>\n<\/tr>\n<tr>\n<td colspan=\"7\">*NRV \u2013 N\u00e4ringsreferensv\u00e4rden<\/td>\n<\/tr>\n<\/tbody>\n<\/table>\n<\/div>\n<\/div><div class=\"fusion-clearfix\"><\/div><\/div><\/div><\/div><\/div><div class=\"fusion-fullwidth fullwidth-box fusion-builder-row-3 nonhundred-percent-fullwidth non-hundred-percent-height-scrolling\" style=\"--awb-border-radius-top-left:0px;--awb-border-radius-top-right:0px;--awb-border-radius-bottom-right:0px;--awb-border-radius-bottom-left:0px;--awb-flex-wrap:wrap;\" ><div class=\"fusion-builder-row fusion-row\"><div class=\"fusion-layout-column fusion_builder_column fusion-builder-column-5 fusion_builder_column_1_1 1_1 fusion-one-full fusion-column-first fusion-column-last\" style=\"--awb-bg-size:cover;--awb-margin-bottom:0px;\"><div class=\"fusion-column-wrapper fusion-flex-column-wrapper-legacy\"><div class=\"fusion-text fusion-text-8\"><\/div><div class=\"fusion-clearfix\"><\/div><\/div><\/div><\/div><\/div><\/p>\n","protected":false},"excerpt":{"rendered":"","protected":false},"author":1,"featured_media":0,"parent":0,"menu_order":0,"comment_status":"closed","ping_status":"closed","template":"","meta":{"footnotes":""},"class_list":["post-20625","page","type-page","status-publish","hentry"],"_links":{"self":[{"href":"https:\/\/vikingforce.se\/sv\/wp-json\/wp\/v2\/pages\/20625","targetHints":{"allow":["GET"]}}],"collection":[{"href":"https:\/\/vikingforce.se\/sv\/wp-json\/wp\/v2\/pages"}],"about":[{"href":"https:\/\/vikingforce.se\/sv\/wp-json\/wp\/v2\/types\/page"}],"author":[{"embeddable":true,"href":"https:\/\/vikingforce.se\/sv\/wp-json\/wp\/v2\/users\/1"}],"replies":[{"embeddable":true,"href":"https:\/\/vikingforce.se\/sv\/wp-json\/wp\/v2\/comments?post=20625"}],"version-history":[{"count":6,"href":"https:\/\/vikingforce.se\/sv\/wp-json\/wp\/v2\/pages\/20625\/revisions"}],"predecessor-version":[{"id":23615,"href":"https:\/\/vikingforce.se\/sv\/wp-json\/wp\/v2\/pages\/20625\/revisions\/23615"}],"wp:attachment":[{"href":"https:\/\/vikingforce.se\/sv\/wp-json\/wp\/v2\/media?parent=20625"}],"curies":[{"name":"wp","href":"https:\/\/api.w.org\/{rel}","templated":true}]}}