{"id":20621,"date":"2022-12-28T07:17:19","date_gmt":"2022-12-28T07:17:19","guid":{"rendered":"https:\/\/vikingforce.se\/viking-ashwagandha\/"},"modified":"2025-05-16T15:08:24","modified_gmt":"2025-05-16T15:08:24","slug":"viking-ashwagandha","status":"publish","type":"page","link":"https:\/\/vikingforce.se\/sv\/viking-ashwagandha\/","title":{"rendered":"VIKING  ASHWAGANDHA"},"content":{"rendered":"<p><div class=\"fusion-fullwidth fullwidth-box fusion-builder-row-1 hundred-percent-fullwidth non-hundred-percent-height-scrolling fusion-equal-height-columns\" style=\"--awb-background-position:left top;--awb-border-color:#f6f6f6;--awb-border-radius-top-left:0px;--awb-border-radius-top-right:0px;--awb-border-radius-bottom-right:0px;--awb-border-radius-bottom-left:0px;--awb-padding-top:1px;--awb-padding-right:0px;--awb-padding-bottom:30px;--awb-padding-left:0px;--awb-background-color:#fff;--awb-border-sizes-top:0px;--awb-border-sizes-bottom:0px;--awb-flex-wrap:wrap;\" ><div class=\"fusion-builder-row fusion-row\"><div class=\"fusion-layout-column fusion_builder_column fusion-builder-column-0 fusion_builder_column_1_2 1_2 fusion-one-half fusion-column-first\" style=\"--awb-bg-size:cover;width:48%; margin-right: 4%;\"><div class=\"fusion-column-wrapper fusion-flex-column-wrapper-legacy\"><div class=\"fusion-sep-clear\"><\/div><div class=\"fusion-separator fusion-full-width-sep\" style=\"margin-left: auto;margin-right: auto;margin-top:60px;width:100%;\"><\/div><div class=\"fusion-sep-clear\"><\/div><div class=\"fusion-text fusion-text-1\"><p style=\"text-align: center;\"><a href=\"https:\/\/vikingforce.se\/wp-content\/uploads\/2024\/03\/VIKING-ASHWAGANDHA-60-caps-800x800-no-bg.png\"><img decoding=\"async\" class=\"alignnone wp-image-21775 size-full\" src=\"https:\/\/vikingforce.se\/wp-content\/uploads\/2024\/03\/VIKING-ASHWAGANDHA-60-caps-800x800-no-bg.png\" alt=\"\" width=\"800\" height=\"800\" srcset=\"https:\/\/vikingforce.se\/wp-content\/uploads\/2024\/03\/VIKING-ASHWAGANDHA-60-caps-800x800-no-bg-66x66.png 66w, https:\/\/vikingforce.se\/wp-content\/uploads\/2024\/03\/VIKING-ASHWAGANDHA-60-caps-800x800-no-bg-150x150.png 150w, https:\/\/vikingforce.se\/wp-content\/uploads\/2024\/03\/VIKING-ASHWAGANDHA-60-caps-800x800-no-bg-200x200.png 200w, https:\/\/vikingforce.se\/wp-content\/uploads\/2024\/03\/VIKING-ASHWAGANDHA-60-caps-800x800-no-bg-300x300.png 300w, https:\/\/vikingforce.se\/wp-content\/uploads\/2024\/03\/VIKING-ASHWAGANDHA-60-caps-800x800-no-bg-400x400.png 400w, https:\/\/vikingforce.se\/wp-content\/uploads\/2024\/03\/VIKING-ASHWAGANDHA-60-caps-800x800-no-bg-600x600.png 600w, https:\/\/vikingforce.se\/wp-content\/uploads\/2024\/03\/VIKING-ASHWAGANDHA-60-caps-800x800-no-bg-768x768.png 768w, https:\/\/vikingforce.se\/wp-content\/uploads\/2024\/03\/VIKING-ASHWAGANDHA-60-caps-800x800-no-bg.png 800w\" sizes=\"(max-width: 800px) 100vw, 800px\" \/><\/a><\/p>\n<\/div><div class=\"fusion-clearfix\"><\/div><\/div><\/div><div class=\"fusion-layout-column fusion_builder_column fusion-builder-column-1 fusion_builder_column_1_2 1_2 fusion-one-half fusion-column-last\" style=\"--awb-bg-size:cover;width:48%;\"><div class=\"fusion-column-wrapper fusion-flex-column-wrapper-legacy\"><div class=\"fusion-title title fusion-title-1 fusion-sep-none fusion-title-text fusion-title-size-one title-wg\" style=\"--awb-margin-bottom:5px;\"><h1 class=\"fusion-title-heading title-heading-left\" style=\"margin:0;\"><p style=\"text-align: center;\">VIKING ASHWAGANDHA<\/p><\/h1><\/div><div class=\"fusion-text fusion-text-2\"><p style=\"text-align: center;\">(Kosttillskott)<\/p>\n<\/div><div class=\"fusion-text fusion-text-3\"><p class=\"subtitle-wg\" style=\"text-align: center;\">Nettovikt: 60.6 g<\/p>\n<p class=\"subtitle-wg\" style=\"text-align: center;\">Serveringar \/ Beh\u00e5llare: 60<\/p>\n<\/div><div class=\"fusion-clearfix\"><\/div><\/div><\/div><\/div><\/div><div class=\"fusion-fullwidth fullwidth-box fusion-builder-row-2 nonhundred-percent-fullwidth non-hundred-percent-height-scrolling\" style=\"--awb-border-color:#f6f6f6;--awb-border-radius-top-left:0px;--awb-border-radius-top-right:0px;--awb-border-radius-bottom-right:0px;--awb-border-radius-bottom-left:0px;--awb-padding-top:10px;--awb-padding-right:0px;--awb-padding-bottom:0px;--awb-padding-left:0px;--awb-background-color:#fff;--awb-border-sizes-top:0px;--awb-border-sizes-bottom:0px;--awb-flex-wrap:wrap;\" ><div class=\"fusion-builder-row fusion-row\"><div class=\"fusion-layout-column fusion_builder_column fusion-builder-column-2 fusion_builder_column_2_5 2_5 fusion-two-fifth fusion-column-first\" style=\"--awb-bg-size:cover;width:37.6%; margin-right: 4%;\"><div class=\"fusion-column-wrapper fusion-flex-column-wrapper-legacy\"><div class=\"fusion-text fusion-text-4\"><p class=\"subtitle-st\">Viking ASHWAGANDHA<\/p>\n<p>Viking ashwagandha \u00e4r utformad f\u00f6r att ge dig effektivt, snabbverkande st\u00f6d mot stress. Varje kapsel inneh\u00e5ller 600 mg Ashwagandha-rotextrakt, vilket \u00e4r standardiserat f\u00f6r att inneh\u00e5lla minst 7% withanolider. Withanolider \u00e4r den viktigaste bioaktiva ingrediensen i ashwagandhapulver\/kapslar, vilket \u00e4r k\u00e4nt f\u00f6r att hj\u00e4lpa v\u00e5r kropp att beh\u00e5lla optimal energiniv\u00e5, fysisk styrka, muskelprestanda, fokus, koncentration och minne.<\/p>\n<p>\u2022 Stressavlastning<br \/>\n\u2022 Fokusera och koncentrera<br \/>\n\u2022 Adaptogena egenskaper<\/p>\n<p class=\"subtitle-st\">Anv\u00e4ndningsriktlinjer:<\/p>\n<p>Ta 1 kapsel dagligen med m\u00e5ltider.<\/p>\n<p class=\"subtitle-st\">\n<\/div><div class=\"fusion-clearfix\"><\/div><\/div><\/div><div class=\"fusion-layout-column fusion_builder_column fusion-builder-column-3 fusion_builder_column_3_5 3_5 fusion-three-fifth fusion-column-last\" style=\"--awb-bg-size:cover;width:58.4%;\"><div class=\"fusion-column-wrapper fusion-flex-column-wrapper-legacy\"><div class=\"fusion-text fusion-text-5\"><p class=\"subtitle-st\">N\u00c4RINGSFAKTA<\/p>\n<\/div><div class=\"fusion-text fusion-text-6\"><div class=\"table-1\">\n<table class=\"tb\" width=\"100%\">\n<tbody>\n<tr class=\"table-row_border\">\n<td colspan=\"3\"><strong>Serveringsstorlek: 1 kapsel<br \/>\n<\/strong><\/p>\n<p><b style=\"color: var(--body_typography-color); font-family: var(--body_typography-font-family); font-size: var(--body_typography-font-size); font-style: var(--body_typography-font-style,normal); letter-spacing: var(--body_typography-letter-spacing);\">N\u00e4ringsinneh\u00e5ll per:<\/b><\/p>\n<\/td>\n<td><b>1 kapsel<\/b><\/td>\n<\/tr>\n<tr>\n<td colspan=\"3\">Ashwagandha-rotextrakt (Withania somnifera L., 7% withanolider)<\/td>\n<td>600 mg<\/td>\n<\/tr>\n<\/tbody>\n<\/table>\n<\/div>\n<\/div><div class=\"fusion-text fusion-text-7\"><p class=\"subtitle-st\">Viktig Information:<\/p>\n<p>Denna produkt \u00e4r ett kosttillskott. Anv\u00e4nd denna produkt tillsammans med mat som en del av en h\u00e4lsosam och balanserad kost, inte som ett substitut f\u00f6r s\u00e5dan. F\u00f6rvaras o\u00e5tkomligt f\u00f6r barn. Inte avsedd f\u00f6r anv\u00e4ndning av gravida eller ammande kvinnor! \u00d6verskrid inte den rekommenderade dagliga dosen. F\u00f6rvara p\u00e5 en sval och torr plats. Uts\u00e4tt inte f\u00f6r \u00f6verdriven v\u00e4rme, fukt eller solljus. Anv\u00e4nd f\u00f6re utg\u00e5ngsdatumet som \u00e4r angivet p\u00e5 f\u00f6rpackningen.<\/p>\n<p class=\"subtitle-st\">Andra Ingredienser:<\/p>\n<p>Kapselskal (gelatin), fyllnadsmedel (mikrokristallin cellulosa), klumpf\u00f6rebyggande medel (magnesiumstearat).<\/p>\n<\/div><div class=\"fusion-clearfix\"><\/div><\/div><\/div><\/div><\/div><\/p>\n","protected":false},"excerpt":{"rendered":"","protected":false},"author":1,"featured_media":0,"parent":0,"menu_order":0,"comment_status":"closed","ping_status":"closed","template":"","meta":{"footnotes":""},"class_list":["post-20621","page","type-page","status-publish","hentry"],"_links":{"self":[{"href":"https:\/\/vikingforce.se\/sv\/wp-json\/wp\/v2\/pages\/20621","targetHints":{"allow":["GET"]}}],"collection":[{"href":"https:\/\/vikingforce.se\/sv\/wp-json\/wp\/v2\/pages"}],"about":[{"href":"https:\/\/vikingforce.se\/sv\/wp-json\/wp\/v2\/types\/page"}],"author":[{"embeddable":true,"href":"https:\/\/vikingforce.se\/sv\/wp-json\/wp\/v2\/users\/1"}],"replies":[{"embeddable":true,"href":"https:\/\/vikingforce.se\/sv\/wp-json\/wp\/v2\/comments?post=20621"}],"version-history":[{"count":6,"href":"https:\/\/vikingforce.se\/sv\/wp-json\/wp\/v2\/pages\/20621\/revisions"}],"predecessor-version":[{"id":23613,"href":"https:\/\/vikingforce.se\/sv\/wp-json\/wp\/v2\/pages\/20621\/revisions\/23613"}],"wp:attachment":[{"href":"https:\/\/vikingforce.se\/sv\/wp-json\/wp\/v2\/media?parent=20621"}],"curies":[{"name":"wp","href":"https:\/\/api.w.org\/{rel}","templated":true}]}}