{"id":20617,"date":"2022-12-28T07:11:43","date_gmt":"2022-12-28T07:11:43","guid":{"rendered":"https:\/\/vikingforce.se\/viking-ginseng\/"},"modified":"2025-05-16T15:06:42","modified_gmt":"2025-05-16T15:06:42","slug":"viking-ginseng","status":"publish","type":"page","link":"https:\/\/vikingforce.se\/sv\/viking-ginseng\/","title":{"rendered":"VIKING  GINSENG"},"content":{"rendered":"<p><div class=\"fusion-fullwidth fullwidth-box fusion-builder-row-1 hundred-percent-fullwidth non-hundred-percent-height-scrolling fusion-equal-height-columns\" style=\"--awb-background-position:left top;--awb-border-color:#f6f6f6;--awb-border-radius-top-left:0px;--awb-border-radius-top-right:0px;--awb-border-radius-bottom-right:0px;--awb-border-radius-bottom-left:0px;--awb-padding-top:1px;--awb-padding-right:0px;--awb-padding-bottom:30px;--awb-padding-left:0px;--awb-background-color:#fff;--awb-border-sizes-top:0px;--awb-border-sizes-bottom:0px;--awb-flex-wrap:wrap;\" ><div class=\"fusion-builder-row fusion-row\"><div class=\"fusion-layout-column fusion_builder_column fusion-builder-column-0 fusion_builder_column_1_2 1_2 fusion-one-half fusion-column-first\" style=\"--awb-bg-size:cover;width:48%; margin-right: 4%;\"><div class=\"fusion-column-wrapper fusion-flex-column-wrapper-legacy\"><div class=\"fusion-sep-clear\"><\/div><div class=\"fusion-separator fusion-full-width-sep\" style=\"margin-left: auto;margin-right: auto;margin-top:60px;width:100%;\"><\/div><div class=\"fusion-sep-clear\"><\/div><div class=\"fusion-text fusion-text-1\"><p style=\"text-align: center;\"><a href=\"https:\/\/vikingforce.se\/wp-content\/uploads\/2024\/03\/VIKING-GINSENG.png\"><img decoding=\"async\" class=\"alignnone wp-image-21768 size-full\" src=\"https:\/\/vikingforce.se\/wp-content\/uploads\/2024\/03\/VIKING-GINSENG.png\" alt=\"\" width=\"800\" height=\"800\" srcset=\"https:\/\/vikingforce.se\/wp-content\/uploads\/2024\/03\/VIKING-GINSENG-66x66.png 66w, https:\/\/vikingforce.se\/wp-content\/uploads\/2024\/03\/VIKING-GINSENG-150x150.png 150w, https:\/\/vikingforce.se\/wp-content\/uploads\/2024\/03\/VIKING-GINSENG-200x200.png 200w, https:\/\/vikingforce.se\/wp-content\/uploads\/2024\/03\/VIKING-GINSENG-300x300.png 300w, https:\/\/vikingforce.se\/wp-content\/uploads\/2024\/03\/VIKING-GINSENG-400x400.png 400w, https:\/\/vikingforce.se\/wp-content\/uploads\/2024\/03\/VIKING-GINSENG-600x600.png 600w, https:\/\/vikingforce.se\/wp-content\/uploads\/2024\/03\/VIKING-GINSENG-768x768.png 768w, https:\/\/vikingforce.se\/wp-content\/uploads\/2024\/03\/VIKING-GINSENG.png 800w\" sizes=\"(max-width: 800px) 100vw, 800px\" \/><\/a><\/p>\n<\/div><div class=\"fusion-clearfix\"><\/div><\/div><\/div><div class=\"fusion-layout-column fusion_builder_column fusion-builder-column-1 fusion_builder_column_1_2 1_2 fusion-one-half fusion-column-last\" style=\"--awb-bg-size:cover;width:48%;\"><div class=\"fusion-column-wrapper fusion-flex-column-wrapper-legacy\"><div class=\"fusion-title title fusion-title-1 fusion-sep-none fusion-title-text fusion-title-size-one title-wg\" style=\"--awb-margin-bottom:5px;\"><h1 class=\"fusion-title-heading title-heading-left\" style=\"margin:0;\"><div style=\"text-align: center;\">VIKING GINSENG<\/div><\/h1><\/div><div class=\"fusion-text fusion-text-2\"><p style=\"text-align: center;\">(Kosttillskott)<\/p>\n<\/div><div class=\"fusion-text fusion-text-3\"><p class=\"subtitle-wg\" style=\"text-align: center;\">Nettovikt: 52.2 g<\/p>\n<\/div><div class=\"fusion-clearfix\"><\/div><\/div><\/div><\/div><\/div><div class=\"fusion-fullwidth fullwidth-box fusion-builder-row-2 nonhundred-percent-fullwidth non-hundred-percent-height-scrolling\" style=\"--awb-border-color:#f6f6f6;--awb-border-radius-top-left:0px;--awb-border-radius-top-right:0px;--awb-border-radius-bottom-right:0px;--awb-border-radius-bottom-left:0px;--awb-padding-top:10px;--awb-padding-right:0px;--awb-padding-bottom:0px;--awb-padding-left:0px;--awb-background-color:#fff;--awb-border-sizes-top:0px;--awb-border-sizes-bottom:0px;--awb-flex-wrap:wrap;\" ><div class=\"fusion-builder-row fusion-row\"><div class=\"fusion-layout-column fusion_builder_column fusion-builder-column-2 fusion_builder_column_2_5 2_5 fusion-two-fifth fusion-column-first\" style=\"--awb-bg-size:cover;width:37.6%; margin-right: 4%;\"><div class=\"fusion-column-wrapper fusion-flex-column-wrapper-legacy\"><div class=\"fusion-text fusion-text-4\"><p class=\"subtitle-st\">Viking GINSENG<\/p>\n<p class=\"subtitle-st\">Anv\u00e4ndningsanvisning:<\/p>\n<p>Ta 1 kapsel dagligen f\u00f6re s\u00e4ngg\u00e5endet.<\/p>\n<p class=\"subtitle-st\">Allergiinformation:<\/p>\n<p>Kan inneh\u00e5lla sp\u00e5r av mj\u00f6lk, soja, \u00e4gg och vete (gluten)<\/p>\n<p class=\"subtitle-st\">Viktig information:<\/p>\n<p>Denna produkt \u00e4r ett kosttillskott. Anv\u00e4nd denna produkt tillsammans med mat som en del av en h\u00e4lsosam, balanserad kost, inte som en ers\u00e4ttning f\u00f6r s\u00e5dan. F\u00f6rvara utom r\u00e4ckh\u00e5ll f\u00f6r barn. Ej avsedd f\u00f6r anv\u00e4ndning av gravida eller ammande kvinnor! \u00d6verskrid inte den rekommenderade dagliga dosen. F\u00f6rvara p\u00e5 en kall och torr plats. Uts\u00e4tt inte f\u00f6r stark v\u00e4rme, fukt eller solljus. Anv\u00e4nds f\u00f6re det utg\u00e5ngsdatum som \u00e4r skrivet p\u00e5 f\u00f6rpackningen.<\/p>\n<p class=\"subtitle-st\">Andra ingrediens:<\/p>\n<p>Kapselskal (gelatin), antiklumpningsmedel (magnesiumstearat).<\/p>\n<\/div><div class=\"fusion-clearfix\"><\/div><\/div><\/div><div class=\"fusion-layout-column fusion_builder_column fusion-builder-column-3 fusion_builder_column_3_5 3_5 fusion-three-fifth fusion-column-last\" style=\"--awb-bg-size:cover;width:58.4%;\"><div class=\"fusion-column-wrapper fusion-flex-column-wrapper-legacy\"><div class=\"fusion-text fusion-text-5\"><p class=\"subtitle-st\">N\u00c4RINGSFAKTA<\/p>\n<\/div><div class=\"fusion-text fusion-text-6\"><div class=\"table-1\">\n<table class=\"tb\" width=\"100%\">\n<tbody>\n<tr class=\"table-row_border\">\n<td colspan=\"3\"><strong>Portionsstorlek: 1 kapsel<\/strong><\/td>\n<td><strong>Portioner per beh\u00e5llare: 60<\/strong><\/td>\n<\/tr>\n<tr>\n<td colspan=\"3\">Kompletterande fakta per:<\/td>\n<td>1 kapslar<\/td>\n<\/tr>\n<tr>\n<td colspan=\"3\">Koreansk ginsengrotextrakt (Panax Ginseng, 20 % ginsenosider) \/Koreansk ginsengrotextrakt (Panax Ginseng, 20<br \/>\n% ginsenosider)<\/td>\n<td>750 mg<\/td>\n<\/tr>\n<\/tbody>\n<\/table>\n<\/div>\n<\/div><div class=\"fusion-clearfix\"><\/div><\/div><\/div><\/div><\/div><\/p>\n","protected":false},"excerpt":{"rendered":"","protected":false},"author":1,"featured_media":0,"parent":0,"menu_order":0,"comment_status":"closed","ping_status":"closed","template":"","meta":{"footnotes":""},"class_list":["post-20617","page","type-page","status-publish","hentry"],"_links":{"self":[{"href":"https:\/\/vikingforce.se\/sv\/wp-json\/wp\/v2\/pages\/20617","targetHints":{"allow":["GET"]}}],"collection":[{"href":"https:\/\/vikingforce.se\/sv\/wp-json\/wp\/v2\/pages"}],"about":[{"href":"https:\/\/vikingforce.se\/sv\/wp-json\/wp\/v2\/types\/page"}],"author":[{"embeddable":true,"href":"https:\/\/vikingforce.se\/sv\/wp-json\/wp\/v2\/users\/1"}],"replies":[{"embeddable":true,"href":"https:\/\/vikingforce.se\/sv\/wp-json\/wp\/v2\/comments?post=20617"}],"version-history":[{"count":4,"href":"https:\/\/vikingforce.se\/sv\/wp-json\/wp\/v2\/pages\/20617\/revisions"}],"predecessor-version":[{"id":23611,"href":"https:\/\/vikingforce.se\/sv\/wp-json\/wp\/v2\/pages\/20617\/revisions\/23611"}],"wp:attachment":[{"href":"https:\/\/vikingforce.se\/sv\/wp-json\/wp\/v2\/media?parent=20617"}],"curies":[{"name":"wp","href":"https:\/\/api.w.org\/{rel}","templated":true}]}}