{"id":20561,"date":"2022-11-28T19:12:48","date_gmt":"2022-11-28T19:12:48","guid":{"rendered":"https:\/\/vikingforce.se\/amino-acids\/gold-blend-protein\/"},"modified":"2025-05-15T08:59:13","modified_gmt":"2025-05-15T08:59:13","slug":"gold-blend-protein","status":"publish","type":"page","link":"https:\/\/vikingforce.se\/sv\/gold-line\/gold-blend-protein\/","title":{"rendered":"GOLD BLEND PROTEIN"},"content":{"rendered":"<p><div class=\"fusion-fullwidth fullwidth-box fusion-builder-row-1 nonhundred-percent-fullwidth non-hundred-percent-height-scrolling\" style=\"--awb-background-position:center top;--awb-border-color:#f6f6f6;--awb-border-radius-top-left:0px;--awb-border-radius-top-right:0px;--awb-border-radius-bottom-right:0px;--awb-border-radius-bottom-left:0px;--awb-padding-top:1px;--awb-padding-right:0px;--awb-padding-bottom:30px;--awb-padding-left:0px;--awb-background-color:#fff;--awb-border-sizes-top:1px;--awb-border-sizes-bottom:1px;--awb-flex-wrap:wrap;\" ><div class=\"fusion-builder-row fusion-row\"><div class=\"fusion-layout-column fusion_builder_column fusion-builder-column-0 fusion_builder_column_1_2 1_2 fusion-one-half fusion-column-first\" style=\"--awb-bg-size:cover;width:48%; margin-right: 4%;\"><div class=\"fusion-column-wrapper fusion-flex-column-wrapper-legacy\"><div class=\"fusion-sep-clear\"><\/div><div class=\"fusion-separator fusion-full-width-sep\" style=\"margin-left: auto;margin-right: auto;margin-top:60px;width:100%;\"><\/div><div class=\"fusion-sep-clear\"><\/div><div class=\"fusion-text fusion-text-1\"><p><a href=\"https:\/\/vikingforce.se\/wp-content\/uploads\/2022\/11\/GOLDWHEY-1.jpg\"><img decoding=\"async\" class=\" wp-image-20352 alignleft\" src=\"https:\/\/vikingforce.se\/wp-content\/uploads\/2022\/11\/GOLDWHEY-1.jpg\" alt=\"\" width=\"646\" height=\"644\" srcset=\"https:\/\/vikingforce.se\/wp-content\/uploads\/2022\/11\/GOLDWHEY-1-66x66.jpg 66w, https:\/\/vikingforce.se\/wp-content\/uploads\/2022\/11\/GOLDWHEY-1-150x150.jpg 150w, https:\/\/vikingforce.se\/wp-content\/uploads\/2022\/11\/GOLDWHEY-1-200x199.jpg 200w, https:\/\/vikingforce.se\/wp-content\/uploads\/2022\/11\/GOLDWHEY-1-300x300.jpg 300w, https:\/\/vikingforce.se\/wp-content\/uploads\/2022\/11\/GOLDWHEY-1-400x399.jpg 400w, https:\/\/vikingforce.se\/wp-content\/uploads\/2022\/11\/GOLDWHEY-1.jpg 596w\" sizes=\"(max-width: 646px) 100vw, 646px\" \/><\/a><\/p>\n<\/div><div class=\"fusion-clearfix\"><\/div><\/div><\/div><div class=\"fusion-layout-column fusion_builder_column fusion-builder-column-1 fusion_builder_column_1_2 1_2 fusion-one-half fusion-column-last\" style=\"--awb-bg-size:cover;width:48%;\"><div class=\"fusion-column-wrapper fusion-flex-column-wrapper-legacy\"><div class=\"fusion-title title fusion-title-1 fusion-sep-none fusion-title-text fusion-title-size-one title-wg\" style=\"--awb-margin-bottom:5px;\"><h1 class=\"fusion-title-heading title-heading-left\" style=\"margin:0;\"><div style=\"text-align: center;\"><span style=\"font-size: var(--h1_typography-font-size); font-style: var(--h1_typography-font-style,normal); font-weight: var(--h1_typography-font-weight); letter-spacing: var(--h1_typography-letter-spacing);\">GOLD BLEND PROTEIN<\/span><\/div><\/h1><\/div><div class=\"fusion-text fusion-text-2\"><p style=\"text-align: center;\">(Kosttillskott)<\/p>\n<\/div><div class=\"fusion-text fusion-text-3\"><p class=\"subtitle-wg\" style=\"text-align: center;\">Nettovikt:<strong> 2000 g<\/strong><\/p>\n<p class=\"subtitle-wg\" style=\"text-align: center;\"><strong>Portioner\/beh\u00e5llare : 44<\/strong><\/p>\n<\/div><div class=\"fusion-clearfix\"><\/div><\/div><\/div><\/div><\/div><div class=\"fusion-fullwidth fullwidth-box fusion-builder-row-2 nonhundred-percent-fullwidth non-hundred-percent-height-scrolling\" style=\"--awb-border-color:#f6f6f6;--awb-border-radius-top-left:0px;--awb-border-radius-top-right:0px;--awb-border-radius-bottom-right:0px;--awb-border-radius-bottom-left:0px;--awb-padding-top:10px;--awb-padding-right:0px;--awb-padding-bottom:0px;--awb-padding-left:0px;--awb-background-color:#fff;--awb-border-sizes-top:0px;--awb-border-sizes-bottom:0px;--awb-flex-wrap:wrap;\" ><div class=\"fusion-builder-row fusion-row\"><div class=\"fusion-layout-column fusion_builder_column fusion-builder-column-2 fusion_builder_column_1_2 1_2 fusion-one-half fusion-column-first\" style=\"--awb-bg-size:cover;width:48%; margin-right: 4%;\"><div class=\"fusion-column-wrapper fusion-flex-column-wrapper-legacy\"><div class=\"fusion-text fusion-text-4\"><p class=\"subtitle-wg\">Smaker:<\/p>\n<p>Trippelchoklad, m\u00f6rka kakor, bl\u00e5b\u00e4rsvanilj<\/p>\n<p class=\"subtitle-wg\"><span style=\"font-family: var(--body_typography-font-family); font-size: var(--body_typography-font-size); font-style: var (--body_typography-font-style,normal letter-spacing: var(--body_typography-letter-spacing);\">Anv\u00e4ndningsanvisningar:<\/span><\/p>\n<p>Blanda 1 skopa (~35g) pulver med 150-200 ml vatten och skaka v\u00e4l. F\u00f6rt\u00e4r omedelbart efter beredning.<\/p>\n<p><b style=\"color: #000000;\">\u00d6vriga ingredienser:<\/b><\/p>\n<p><u>Vsle<\/u> proteinkoncentrat, l\u00f6sligt hydrolyserat <u>vete<\/u> protein, totalt <u>mj\u00f6lk<\/u> protein, <u>soja<\/u> proteinisolat, chokladbitar \u2013 f\u00f6r choklad och m\u00f6rka kaksmaker, bl\u00e5b\u00e4rsbitar \u2013 f\u00f6r bl\u00e5b\u00e4rsvaniljsmak, kakaopulver med l\u00e5g fetthalt \u2013 f\u00f6r smaker av choklad och m\u00f6rka kakor, smak\u00e4mnen, DigezymeTM, s\u00f6tningsmedel (sukralos, acesulfam K).<\/p>\n<p style=\"color: #000000;\"><b>Allergiinformation:<\/b><\/p>\n<p>Inneh\u00e5ller mj\u00f6lk-, soja- och vetekomponenter. Kan inneh\u00e5lla sp\u00e5r av \u00e4gg.<\/p>\n<p class=\"subtitle-wg\">Viktig information:<\/p>\n<p>Denna produkt \u00e4r ett kosttillskott. Anv\u00e4nd denna produkt tillsammans med mat som en del av en h\u00e4lsosam, balanserad kost, inte som en ers\u00e4ttning f\u00f6r s\u00e5dan. F\u00f6rvara utom r\u00e4ckh\u00e5ll f\u00f6r barn. Den \u00e4r endast avsedd f\u00f6r 18 \u00e5r eller \u00e4ldre. Ej avsedd f\u00f6r anv\u00e4ndning av barn och gravida eller ammande kvinnor! \u00d6verskrid inte den rekommenderade dagliga dosen.<\/p>\n<p>F\u00f6rvara p\u00e5 en kall och torr plats. Uts\u00e4tt inte f\u00f6r stark v\u00e4rme, fukt eller solljus. Anv\u00e4nds f\u00f6re det utg\u00e5ngsdatum som \u00e4r skrivet p\u00e5 f\u00f6rpackningen<\/p>\n<\/div><div class=\"fusion-clearfix\"><\/div><\/div><\/div><div class=\"fusion-layout-column fusion_builder_column fusion-builder-column-3 fusion_builder_column_1_2 1_2 fusion-one-half fusion-column-last\" style=\"--awb-bg-size:cover;width:48%;\"><div class=\"fusion-column-wrapper fusion-flex-column-wrapper-legacy\"><div class=\"fusion-text fusion-text-5\"><div class=\"table-1\">\n<p><b style=\"color: #000000;\">N\u00e4ringsinneh\u00e5ll:<\/b><\/p>\n<table class=\"tb\" style=\"height: 371px;\" width=\"859\">\n<tbody>\n<tr>\n<td><b>**N\u00e4ringsinneh\u00e5ll per: 57 g<\/b><\/td>\n<td><strong>100 g<\/strong><\/td>\n<td><strong>35 g <\/strong><\/td>\n<\/tr>\n<tr>\n<td>Energiv\u00e4rde<\/td>\n<td>1587,8 kJ \/ 374,5 kcal<\/td>\n<td><span style=\"color: var(--body_typography-color); font-family: var(--body_typography-font-family); font-size: var(--body_typography-font-size); font-style: var(--body_typography-font-style,normal); font-weight: var(--body_typography-font-weight); letter-spacing: var(--body_typography-letter-spacing);\">555,7 kJ \/ 131,1 kcal<\/span><\/td>\n<\/tr>\n<tr>\n<td>Proteiner<\/td>\n<td>80 g<\/td>\n<td>28,1 g<\/td>\n<\/tr>\n<tr>\n<td>Kolhydrater<\/td>\n<td>6,8 g<\/td>\n<td>2,4 g<\/td>\n<\/tr>\n<tr>\n<td>&#8211; varav socker<\/td>\n<td>6,3 g<\/td>\n<td>2,2 g<\/td>\n<\/tr>\n<tr>\n<td>Totalt fett<\/td>\n<td>3,3 g<\/td>\n<td>1,6 g<\/td>\n<\/tr>\n<tr>\n<td>&#8211; varav m\u00e4ttade fettsyror<\/td>\n<td>1,2 g<\/td>\n<td>0,42 g<\/td>\n<\/tr>\n<tr>\n<td>Natrium<\/td>\n<td>153 mg<\/td>\n<td>54 mg<\/td>\n<\/tr>\n<tr>\n<td>Kalcium<\/td>\n<td>716 mg (89,7%*)<\/td>\n<td>251 mg (31,4%*)<\/td>\n<\/tr>\n<tr>\n<td>Digezyme<sup>TM<\/sup><\/td>\n<td>334 mg<\/td>\n<td>117 mg<\/td>\n<\/tr>\n<tr>\n<td colspan=\"3\"><strong>Typisk aminosyraprofil<\/strong><\/td>\n<\/tr>\n<tr>\n<td>Leucin<\/td>\n<td>7509 mg<\/td>\n<td>2628 mg<\/td>\n<\/tr>\n<tr>\n<td>Isoleucin<\/td>\n<td>3864 mg<\/td>\n<td>1352 mg<\/td>\n<\/tr>\n<tr>\n<td>Valin<\/td>\n<td>4538 mg<\/td>\n<td>1588 mg<\/td>\n<\/tr>\n<tr>\n<td>Asparaginsyra<\/td>\n<td>4041 mg<\/td>\n<td>1414 mg<\/td>\n<\/tr>\n<tr>\n<td>Glutaminsyra<\/td>\n<td>11738 mg<\/td>\n<td>4108 mg<\/td>\n<\/tr>\n<tr>\n<td>Serin<\/td>\n<td>5107 mg<\/td>\n<td>1787 mg<\/td>\n<\/tr>\n<tr>\n<td>Glycin<\/td>\n<td>2644 mg<\/td>\n<td>925 mg<\/td>\n<\/tr>\n<tr>\n<td>Histidin<\/td>\n<td>2164 mg<\/td>\n<td>757 mg<\/td>\n<\/tr>\n<tr>\n<td>Arginin<\/td>\n<td>3285 mg<\/td>\n<td>1150 mg<\/td>\n<\/tr>\n<tr>\n<td>Treonin<\/td>\n<td>3161 mg<\/td>\n<td>1106 mg<\/td>\n<\/tr>\n<tr>\n<td>Alanin<\/td>\n<td>2620 mg<\/td>\n<td>917 mg<\/td>\n<\/tr>\n<tr>\n<td>Prolin<\/td>\n<td>11227 mg<\/td>\n<td>3929 mg<\/td>\n<\/tr>\n<tr>\n<td>Tyrosin<\/td>\n<td>3791 mg<\/td>\n<td>1327 mg<\/td>\n<\/tr>\n<tr>\n<td>Metionin<\/td>\n<td>1819 mg<\/td>\n<td>637 mg<\/td>\n<\/tr>\n<tr>\n<td>Cystein<\/td>\n<td>1081 mg<\/td>\n<td>378 mg<\/td>\n<\/tr>\n<tr>\n<td>Fenylalanin<\/td>\n<td>5046 mg<\/td>\n<td>1766 mg<\/td>\n<\/tr>\n<tr>\n<td>Lysin<\/td>\n<td>5174 mg<\/td>\n<td>1811 mg<\/td>\n<\/tr>\n<tr>\n<td>Trypofan<\/td>\n<td>1191 mg<\/td>\n<td>417 mg<\/td>\n<\/tr>\n<tr>\n<td colspan=\"3\">%*NRVs-N\u00e4ringsreferensv\u00e4rden (baserat p\u00e5 en diet med 2,000 kalorier)<\/p>\n<p>**N\u00e4ringsinformationen kan variera n\u00e5got mellan smaker.<\/td>\n<\/tr>\n<\/tbody>\n<\/table>\n<\/div>\n<\/div><div class=\"fusion-clearfix\"><\/div><\/div><\/div><\/div><\/div><\/p>\n","protected":false},"excerpt":{"rendered":"","protected":false},"author":1,"featured_media":0,"parent":21546,"menu_order":0,"comment_status":"closed","ping_status":"closed","template":"","meta":{"footnotes":""},"class_list":["post-20561","page","type-page","status-publish","hentry"],"_links":{"self":[{"href":"https:\/\/vikingforce.se\/sv\/wp-json\/wp\/v2\/pages\/20561","targetHints":{"allow":["GET"]}}],"collection":[{"href":"https:\/\/vikingforce.se\/sv\/wp-json\/wp\/v2\/pages"}],"about":[{"href":"https:\/\/vikingforce.se\/sv\/wp-json\/wp\/v2\/types\/page"}],"author":[{"embeddable":true,"href":"https:\/\/vikingforce.se\/sv\/wp-json\/wp\/v2\/users\/1"}],"replies":[{"embeddable":true,"href":"https:\/\/vikingforce.se\/sv\/wp-json\/wp\/v2\/comments?post=20561"}],"version-history":[{"count":20,"href":"https:\/\/vikingforce.se\/sv\/wp-json\/wp\/v2\/pages\/20561\/revisions"}],"predecessor-version":[{"id":23505,"href":"https:\/\/vikingforce.se\/sv\/wp-json\/wp\/v2\/pages\/20561\/revisions\/23505"}],"up":[{"embeddable":true,"href":"https:\/\/vikingforce.se\/sv\/wp-json\/wp\/v2\/pages\/21546"}],"wp:attachment":[{"href":"https:\/\/vikingforce.se\/sv\/wp-json\/wp\/v2\/media?parent=20561"}],"curies":[{"name":"wp","href":"https:\/\/api.w.org\/{rel}","templated":true}]}}