{"id":20523,"date":"2022-12-24T08:40:39","date_gmt":"2022-12-24T08:40:39","guid":{"rendered":"https:\/\/vikingforce.se\/beauty-line\/unique-beauty\/"},"modified":"2025-05-16T09:50:33","modified_gmt":"2025-05-16T09:50:33","slug":"unique-beauty","status":"publish","type":"page","link":"https:\/\/vikingforce.se\/sv\/beauty-line\/unique-beauty\/","title":{"rendered":"UNIQUE BEAUTY"},"content":{"rendered":"<p><div class=\"fusion-fullwidth fullwidth-box fusion-builder-row-1 nonhundred-percent-fullwidth non-hundred-percent-height-scrolling\" style=\"--awb-background-position:center top;--awb-border-color:#f6f6f6;--awb-border-radius-top-left:0px;--awb-border-radius-top-right:0px;--awb-border-radius-bottom-right:0px;--awb-border-radius-bottom-left:0px;--awb-padding-top:1px;--awb-padding-right:0px;--awb-padding-bottom:30px;--awb-padding-left:0px;--awb-background-color:#fff;--awb-border-sizes-top:1px;--awb-border-sizes-bottom:1px;--awb-flex-wrap:wrap;\" ><div class=\"fusion-builder-row fusion-row\"><div class=\"fusion-layout-column fusion_builder_column fusion-builder-column-0 fusion_builder_column_1_2 1_2 fusion-one-half fusion-column-first\" style=\"--awb-bg-size:cover;width:48%; margin-right: 4%;\"><div class=\"fusion-column-wrapper fusion-flex-column-wrapper-legacy\"><div class=\"fusion-sep-clear\"><\/div><div class=\"fusion-separator fusion-full-width-sep\" style=\"margin-left: auto;margin-right: auto;margin-top:60px;width:100%;\"><\/div><div class=\"fusion-sep-clear\"><\/div><div class=\"fusion-text fusion-text-1\"><p style=\"text-align: center;\"><a href=\"https:\/\/vikingforce.se\/wp-content\/uploads\/2022\/10\/Gummy-Bears-300x300.png\"><img decoding=\"async\" class=\"alignnone wp-image-20242 \" src=\"https:\/\/vikingforce.se\/wp-content\/uploads\/2022\/10\/Gummy-Bears-300x300.png\" alt=\"\" width=\"353\" height=\"353\" srcset=\"https:\/\/vikingforce.se\/wp-content\/uploads\/2022\/10\/Gummy-Bears-66x66.png 66w, https:\/\/vikingforce.se\/wp-content\/uploads\/2022\/10\/Gummy-Bears-150x150.png 150w, https:\/\/vikingforce.se\/wp-content\/uploads\/2022\/10\/Gummy-Bears-200x200.png 200w, https:\/\/vikingforce.se\/wp-content\/uploads\/2022\/10\/Gummy-Bears-300x300.png 300w, https:\/\/vikingforce.se\/wp-content\/uploads\/2022\/10\/Gummy-Bears-400x400.png 400w, https:\/\/vikingforce.se\/wp-content\/uploads\/2022\/10\/Gummy-Bears-600x600.png 600w, https:\/\/vikingforce.se\/wp-content\/uploads\/2022\/10\/Gummy-Bears-768x768.png 768w, https:\/\/vikingforce.se\/wp-content\/uploads\/2022\/10\/Gummy-Bears-800x800.png 800w, https:\/\/vikingforce.se\/wp-content\/uploads\/2022\/10\/Gummy-Bears.png 1024w\" sizes=\"(max-width: 353px) 100vw, 353px\" \/><\/a><\/p>\n<\/div><div class=\"fusion-clearfix\"><\/div><\/div><\/div><div class=\"fusion-layout-column fusion_builder_column fusion-builder-column-1 fusion_builder_column_1_2 1_2 fusion-one-half fusion-column-last\" style=\"--awb-bg-size:cover;width:48%;\"><div class=\"fusion-column-wrapper fusion-flex-column-wrapper-legacy\"><div class=\"fusion-title title fusion-title-1 fusion-sep-none fusion-title-text fusion-title-size-one title-wg\" style=\"--awb-margin-bottom:5px;\"><h1 class=\"fusion-title-heading title-heading-left\" style=\"margin:0;\"><div style=\"text-align: center;\"><span style=\"font-size: var(--h1_typography-font-size); font-style: var(--h1_typography-font-style,normal); font-weight: var(--h1_typography-font-weight); letter-spacing: var(--h1_typography-letter-spacing);\">VIKING UNIQUE BEAUTY<\/span><\/div><\/h1><\/div><div class=\"fusion-text fusion-text-2\"><p style=\"text-align: center;\">(Kosttillskott)<\/p>\n<\/div><div class=\"fusion-text fusion-text-3\"><p><!--<img decoding=\"async\" class=\"wp-image-11807 aligncenter\" src=\"https:\/\/vikingforce.se\/wp-content\/uploads\/2015\/12\/serving-empire-whey.jpg\" alt=\"serving-empire-whey\" width=\"147\" height=\"115\" \/>--><\/p>\n<\/div><div class=\"fusion-text fusion-text-4\"><p class=\"subtitle-wg\" style=\"text-align: center;\">Nettovikt: 150 g<\/p>\n<p class=\"subtitle-wg\" style=\"text-align: center;\">60 st per beh\u00e5llare<\/p>\n<\/div><div class=\"fusion-clearfix\"><\/div><\/div><\/div><\/div><\/div><div class=\"fusion-fullwidth fullwidth-box fusion-builder-row-2 nonhundred-percent-fullwidth non-hundred-percent-height-scrolling\" style=\"--awb-border-color:#f6f6f6;--awb-border-radius-top-left:0px;--awb-border-radius-top-right:0px;--awb-border-radius-bottom-right:0px;--awb-border-radius-bottom-left:0px;--awb-padding-top:10px;--awb-padding-right:0px;--awb-padding-bottom:0px;--awb-padding-left:0px;--awb-background-color:#fff;--awb-border-sizes-top:0px;--awb-border-sizes-bottom:0px;--awb-flex-wrap:wrap;\" ><div class=\"fusion-builder-row fusion-row\"><div class=\"fusion-layout-column fusion_builder_column fusion-builder-column-2 fusion_builder_column_1_1 1_1 fusion-one-full fusion-column-first fusion-column-last\" style=\"--awb-bg-size:cover;\"><div class=\"fusion-column-wrapper fusion-flex-column-wrapper-legacy\"><div class=\"fusion-sep-clear\"><\/div><div class=\"fusion-separator fusion-full-width-sep\" style=\"margin-left: auto;margin-right: auto;margin-top:25px;width:100%;\"><\/div><div class=\"fusion-sep-clear\"><\/div><div class=\"fusion-text fusion-text-5\"><p class=\"subtitle-b\">VIKING UNIK SK\u00d6NHET<\/p>\n<p>Beauty Gummies, berikade med vitaminer och mineraler.<br \/>\n<b style=\"color: #a23a06;\">Smak:<\/b> R\u00f6d b\u00e4r<\/p>\n<\/div><div class=\"fusion-clearfix\"><\/div><\/div><\/div><div class=\"fusion-layout-column fusion_builder_column fusion-builder-column-3 fusion_builder_column_1_2 1_2 fusion-one-half fusion-column-first\" style=\"--awb-bg-size:cover;width:48%; margin-right: 4%;\"><div class=\"fusion-column-wrapper fusion-flex-column-wrapper-legacy\"><div class=\"fusion-text fusion-text-6\"><p class=\"subtitle-b\">Bruksanvisning:<\/p>\n<p>Ta 2 unika gummies dagligen.<\/p>\n<p class=\"subtitle-b\"><strong>Ingredienser<\/strong>:<\/p>\n<p>Glukos, Socker, Kollagen, Vatten, Trikalciumfosfat, Naturligt f\u00e4rg\u00e4mne (Svart morotsjuice, Morotsjuice), Gelbildningsmedel (Pektin), Surhetsreglerande medel (Citronsyra), Askorbinsyra, Smak\u00e4mne (R\u00f6da b\u00e4r), Vitamin E-acetat, Zinksulfat, Cyanokobalamin, D-kalciumpantotenat, Pyridoxinhydroklorid, Vitamin A-acetat, Bel\u00e4ggning (Karnaubavax, Solrosolja), Folsyra, Kolinbitartrat, Selen, Kaliumjodid, D-biotin, Inositol, Vitamin D2.<\/p>\n<p class=\"subtitle-b\"><strong>F\u00f6rvaringsanvisningar:<\/strong><\/p>\n<p>F\u00f6rvaras svalt och torrt. Uts\u00e4tt inte f\u00f6r \u00f6verdriven v\u00e4rme, fukt eller solljus. B\u00e4st f\u00f6re utg\u00e5ngsdatumet som anges p\u00e5 f\u00f6rpackningen.<\/p>\n<p class=\"subtitle-b\"><strong>Allergeninformation:<\/strong><\/p>\n<p>Tillverkad av majs.<\/p>\n<p class=\"subtitle-b\"><strong>Varningar!<\/strong><\/p>\n<p>Kosttillskott ers\u00e4tter inte en varierad kost. \u00d6verskrid inte den rekommenderade dagliga dosen. Ej avsedd f\u00f6r barn, gravida eller ammande kvinnor!<\/p>\n<\/div><div class=\"fusion-clearfix\"><\/div><\/div><\/div><div class=\"fusion-layout-column fusion_builder_column fusion-builder-column-4 fusion_builder_column_1_2 1_2 fusion-one-half fusion-column-last\" style=\"--awb-bg-size:cover;width:48%;\"><div class=\"fusion-column-wrapper fusion-flex-column-wrapper-legacy\"><div class=\"fusion-text fusion-text-7\"><p class=\"subtitle-b\">N\u00c4RINGSFAKTA<\/p>\n<\/div><div class=\"fusion-text fusion-text-8\"><div class=\"table-1\">\n<table class=\"tb\" width=\"100%\">\n<tbody>\n<tr class=\"table-row_border\">\n<td colspan=\"3\"><strong>N\u00e4ringsv\u00e4rde*<\/strong><\/p>\n<p>Portionsstorlek: 2 st (2,5 g per st \u00b1 10%)<\/p>\n<p>Portioner per beh\u00e5llare: 30<\/td>\n<td style=\"text-align: center;\" colspan=\"3\"><strong>1 st (2,5 g)<\/strong><\/td>\n<td style=\"text-align: center;\" colspan=\"3\"><strong>100 g<\/strong><\/td>\n<\/tr>\n<tr>\n<td colspan=\"3\">Energi<\/td>\n<td style=\"text-align: center;\" colspan=\"3\">36,6 kJ \/ 8,75 kcal<\/td>\n<td style=\"text-align: center;\" colspan=\"3\">1464 kJ \/ 350 kcal<\/td>\n<\/tr>\n<tr>\n<td colspan=\"3\">Protein<\/td>\n<td style=\"text-align: center;\" colspan=\"3\">0,625 g<\/td>\n<td style=\"text-align: center;\" colspan=\"3\">25 g<\/td>\n<\/tr>\n<tr>\n<td colspan=\"3\">Kolhydrater<\/td>\n<td style=\"text-align: center;\" colspan=\"3\">1,9 g<\/td>\n<td style=\"text-align: center;\" colspan=\"3\">76 g<\/td>\n<\/tr>\n<tr>\n<td colspan=\"3\">Varav sockerarter<\/td>\n<td style=\"text-align: center;\" colspan=\"3\">1,05 g<\/td>\n<td style=\"text-align: center;\" colspan=\"3\">43 g<\/td>\n<\/tr>\n<tr>\n<td colspan=\"3\">Fr\u00e5n fibrer<\/td>\n<td style=\"text-align: center;\" colspan=\"3\">0,00 g<\/td>\n<td style=\"text-align: center;\" colspan=\"3\">0 g<\/td>\n<\/tr>\n<tr>\n<td colspan=\"3\">Fett<\/td>\n<td style=\"text-align: center;\" colspan=\"3\">0,01 g<\/td>\n<td style=\"text-align: center;\" colspan=\"3\">0,4 g<\/td>\n<\/tr>\n<tr>\n<td colspan=\"3\">M\u00e4ttat fett<\/td>\n<td style=\"text-align: center;\" colspan=\"3\">0,01 g<\/td>\n<td style=\"text-align: center;\" colspan=\"3\">0,4 g<\/td>\n<\/tr>\n<tr>\n<td colspan=\"3\">Transfett<\/td>\n<td style=\"text-align: center;\" colspan=\"3\">0,00 g<\/td>\n<td style=\"text-align: center;\" colspan=\"3\">0,00 g<\/td>\n<\/tr>\n<tr>\n<td colspan=\"3\">Natrium<\/td>\n<td style=\"text-align: center;\" colspan=\"3\">0,00 g<\/td>\n<td style=\"text-align: center;\" colspan=\"3\">0,00 g<\/td>\n<\/tr>\n<tr class=\"table-row_border\">\n<td colspan=\"3\"><\/td>\n<td style=\"text-align: center;\" colspan=\"3\">Deklarerat v\u00e4rde per portionsstorlek (2 st)<\/td>\n<td style=\"text-align: center;\" colspan=\"3\">NRV*<\/td>\n<\/tr>\n<tr>\n<td colspan=\"3\">Vitamin A (Vitamin A-Acetat 325)<\/td>\n<td style=\"text-align: center;\" colspan=\"3\">630 \u03bcg<\/td>\n<td style=\"text-align: center;\" colspan=\"3\">79%<\/td>\n<\/tr>\n<tr>\n<td colspan=\"3\">Vitamin C (Askorbinsyra)<\/td>\n<td style=\"text-align: center;\" colspan=\"3\">80 mg<\/td>\n<td style=\"text-align: center;\" colspan=\"3\">100%<\/td>\n<\/tr>\n<tr>\n<td colspan=\"3\">Vitamin D2 (Vitamin D2)<\/td>\n<td style=\"text-align: center;\" colspan=\"3\">10 \u03bcg<\/td>\n<td style=\"text-align: center;\" colspan=\"3\">200%<\/td>\n<\/tr>\n<tr>\n<td colspan=\"3\">Vitamin E (Vitamin E-Acetat)<\/td>\n<td style=\"text-align: center;\" colspan=\"3\">11 mg<\/td>\n<td style=\"text-align: center;\" colspan=\"3\">92%<\/td>\n<\/tr>\n<tr>\n<td colspan=\"3\">Vitamin B6 (Pyridoxin Hydroklorid)<\/td>\n<td style=\"text-align: center;\" colspan=\"3\">2 mg<\/td>\n<td style=\"text-align: center;\" colspan=\"3\">143%<\/td>\n<\/tr>\n<tr>\n<td colspan=\"3\">Folsyra<\/td>\n<td style=\"text-align: center;\" colspan=\"3\">260 \u03bcg<\/td>\n<td style=\"text-align: center;\" colspan=\"3\">130%<\/td>\n<\/tr>\n<tr>\n<td colspan=\"3\">Vitamin B12 (Cyanokobalamin)<\/td>\n<td style=\"text-align: center;\" colspan=\"3\">6 \u03bcg<\/td>\n<td style=\"text-align: center;\" colspan=\"3\">240%<\/td>\n<\/tr>\n<tr>\n<td colspan=\"3\">Biotin (D-Biotin)<\/td>\n<td style=\"text-align: center;\" colspan=\"3\">50 \u03bcg<\/td>\n<td style=\"text-align: center;\" colspan=\"3\">100%<\/td>\n<\/tr>\n<tr>\n<td colspan=\"3\">Pantotensyra (Kalcium D-Pantotenat)<\/td>\n<td style=\"text-align: center;\" colspan=\"3\">5,2 mg<\/td>\n<td style=\"text-align: center;\" colspan=\"3\">87%<\/td>\n<\/tr>\n<tr>\n<td colspan=\"3\">Zink (Zinksulfat)<\/td>\n<td style=\"text-align: center;\" colspan=\"3\">2,7 mg<\/td>\n<td style=\"text-align: center;\" colspan=\"3\">27%<\/td>\n<\/tr>\n<tr>\n<td colspan=\"3\">Jod (Kaliumjodid)<\/td>\n<td style=\"text-align: center;\" colspan=\"3\">42 \u03bcg<\/td>\n<td style=\"text-align: center;\" colspan=\"3\">28%<\/td>\n<\/tr>\n<tr>\n<td colspan=\"3\">Kollagen (naturligt animaliskt ursprung)<\/td>\n<td style=\"text-align: center;\" colspan=\"3\">500 mg<\/td>\n<td style=\"text-align: center;\" colspan=\"3\"><sup>**<\/sup><\/td>\n<\/tr>\n<tr>\n<td colspan=\"3\">Selen<\/td>\n<td style=\"text-align: center;\" colspan=\"3\">70 \u03bcg<\/td>\n<td style=\"text-align: center;\" colspan=\"3\">127,3%<\/td>\n<\/tr>\n<tr>\n<td colspan=\"3\">Kolin (Kolinbitartrat)<\/td>\n<td style=\"text-align: center;\" colspan=\"3\">40 \u03bcg<\/td>\n<td style=\"text-align: center;\" colspan=\"3\"><sup>**<\/sup><\/td>\n<\/tr>\n<tr>\n<td colspan=\"3\">Inositol<\/td>\n<td style=\"text-align: center;\" colspan=\"3\">40 \u03bcg<\/td>\n<td style=\"text-align: center;\" colspan=\"3\"><sup>**<\/sup><\/td>\n<\/tr>\n<tr>\n<td colspan=\"7\">*Referensv\u00e4rden f\u00f6r n\u00e4rings\u00e4mnen (NRV).<\/p>\n<p>**NRV inte fastst\u00e4lld<\/td>\n<\/tr>\n<\/tbody>\n<\/table>\n<\/div>\n<p>&nbsp;<\/p>\n<\/div><div class=\"fusion-clearfix\"><\/div><\/div><\/div><div class=\"fusion-layout-column fusion_builder_column fusion-builder-column-5 fusion_builder_column_3_4 3_4 fusion-three-fourth fusion-column-first\" style=\"--awb-bg-size:cover;width:74%; margin-right: 4%;\"><div class=\"fusion-column-wrapper fusion-flex-column-wrapper-legacy\"><div class=\"fusion-text fusion-text-9\"><\/div><div class=\"fusion-text fusion-text-10\"><\/div><div class=\"fusion-clearfix\"><\/div><\/div><\/div><\/div><\/div><\/p>\n","protected":false},"excerpt":{"rendered":"","protected":false},"author":1,"featured_media":0,"parent":18869,"menu_order":0,"comment_status":"closed","ping_status":"closed","template":"","meta":{"footnotes":""},"class_list":["post-20523","page","type-page","status-publish","hentry"],"_links":{"self":[{"href":"https:\/\/vikingforce.se\/sv\/wp-json\/wp\/v2\/pages\/20523","targetHints":{"allow":["GET"]}}],"collection":[{"href":"https:\/\/vikingforce.se\/sv\/wp-json\/wp\/v2\/pages"}],"about":[{"href":"https:\/\/vikingforce.se\/sv\/wp-json\/wp\/v2\/types\/page"}],"author":[{"embeddable":true,"href":"https:\/\/vikingforce.se\/sv\/wp-json\/wp\/v2\/users\/1"}],"replies":[{"embeddable":true,"href":"https:\/\/vikingforce.se\/sv\/wp-json\/wp\/v2\/comments?post=20523"}],"version-history":[{"count":11,"href":"https:\/\/vikingforce.se\/sv\/wp-json\/wp\/v2\/pages\/20523\/revisions"}],"predecessor-version":[{"id":23549,"href":"https:\/\/vikingforce.se\/sv\/wp-json\/wp\/v2\/pages\/20523\/revisions\/23549"}],"up":[{"embeddable":true,"href":"https:\/\/vikingforce.se\/sv\/wp-json\/wp\/v2\/pages\/18869"}],"wp:attachment":[{"href":"https:\/\/vikingforce.se\/sv\/wp-json\/wp\/v2\/media?parent=20523"}],"curies":[{"name":"wp","href":"https:\/\/api.w.org\/{rel}","templated":true}]}}