{"id":20468,"date":"2022-12-23T10:48:34","date_gmt":"2022-12-23T10:48:34","guid":{"rendered":"https:\/\/vikingforce.se\/amino-acids\/viking-gaba\/"},"modified":"2025-05-15T12:38:24","modified_gmt":"2025-05-15T12:38:24","slug":"viking-gaba","status":"publish","type":"page","link":"https:\/\/vikingforce.se\/sv\/amino-acids\/viking-gaba\/","title":{"rendered":"VIKING GABA"},"content":{"rendered":"<p><div class=\"fusion-fullwidth fullwidth-box fusion-builder-row-1 nonhundred-percent-fullwidth non-hundred-percent-height-scrolling\" style=\"--awb-background-position:center top;--awb-border-color:#f6f6f6;--awb-border-radius-top-left:0px;--awb-border-radius-top-right:0px;--awb-border-radius-bottom-right:0px;--awb-border-radius-bottom-left:0px;--awb-padding-top:1px;--awb-padding-right:0px;--awb-padding-bottom:30px;--awb-padding-left:0px;--awb-background-color:#fff;--awb-border-sizes-top:1px;--awb-border-sizes-bottom:1px;--awb-flex-wrap:wrap;\" ><div class=\"fusion-builder-row fusion-row\"><div class=\"fusion-layout-column fusion_builder_column fusion-builder-column-0 fusion_builder_column_1_2 1_2 fusion-one-half fusion-column-first\" style=\"--awb-bg-size:cover;width:48%; margin-right: 4%;\"><div class=\"fusion-column-wrapper fusion-flex-column-wrapper-legacy\"><div class=\"fusion-sep-clear\"><\/div><div class=\"fusion-separator fusion-full-width-sep\" style=\"margin-left: auto;margin-right: auto;margin-top:60px;width:100%;\"><\/div><div class=\"fusion-sep-clear\"><\/div><div class=\"fusion-text fusion-text-1\"><p><a href=\"https:\/\/vikingforce.se\/wp-content\/uploads\/2022\/08\/VIKING-GABA-90-caps.jpg\"><img decoding=\"async\" class=\"alignnone wp-image-20177 size-full\" src=\"https:\/\/vikingforce.se\/wp-content\/uploads\/2022\/08\/VIKING-GABA-90-caps.jpg\" alt=\"\" width=\"1772\" height=\"1772\" srcset=\"https:\/\/vikingforce.se\/wp-content\/uploads\/2022\/08\/VIKING-GABA-90-caps-66x66.jpg 66w, https:\/\/vikingforce.se\/wp-content\/uploads\/2022\/08\/VIKING-GABA-90-caps-150x150.jpg 150w, https:\/\/vikingforce.se\/wp-content\/uploads\/2022\/08\/VIKING-GABA-90-caps-200x200.jpg 200w, https:\/\/vikingforce.se\/wp-content\/uploads\/2022\/08\/VIKING-GABA-90-caps-300x300.jpg 300w, https:\/\/vikingforce.se\/wp-content\/uploads\/2022\/08\/VIKING-GABA-90-caps-400x400.jpg 400w, https:\/\/vikingforce.se\/wp-content\/uploads\/2022\/08\/VIKING-GABA-90-caps-600x600.jpg 600w, https:\/\/vikingforce.se\/wp-content\/uploads\/2022\/08\/VIKING-GABA-90-caps-768x768.jpg 768w, https:\/\/vikingforce.se\/wp-content\/uploads\/2022\/08\/VIKING-GABA-90-caps-800x800.jpg 800w, https:\/\/vikingforce.se\/wp-content\/uploads\/2022\/08\/VIKING-GABA-90-caps-1024x1024.jpg 1024w, https:\/\/vikingforce.se\/wp-content\/uploads\/2022\/08\/VIKING-GABA-90-caps-1200x1200.jpg 1200w, https:\/\/vikingforce.se\/wp-content\/uploads\/2022\/08\/VIKING-GABA-90-caps-1536x1536.jpg 1536w, https:\/\/vikingforce.se\/wp-content\/uploads\/2022\/08\/VIKING-GABA-90-caps.jpg 1772w\" sizes=\"(max-width: 1772px) 100vw, 1772px\" \/><\/a><\/p>\n<\/div><div class=\"fusion-clearfix\"><\/div><\/div><\/div><div class=\"fusion-layout-column fusion_builder_column fusion-builder-column-1 fusion_builder_column_1_2 1_2 fusion-one-half fusion-column-last\" style=\"--awb-bg-size:cover;width:48%;\"><div class=\"fusion-column-wrapper fusion-flex-column-wrapper-legacy\"><div class=\"fusion-title title fusion-title-1 fusion-sep-none fusion-title-text fusion-title-size-one title-wg\" style=\"--awb-margin-bottom:5px;\"><h1 class=\"fusion-title-heading title-heading-left\" style=\"margin:0;\"><div style=\"text-align: center;\"><span style=\"font-size: var(--h1_typography-font-size); font-style: var(--h1_typography-font-style,normal); font-weight: var(--h1_typography-font-weight); letter-spacing: var(--h1_typography-letter-spacing);\">VIKING GABA<\/span><\/div><\/h1><\/div><div class=\"fusion-text fusion-text-2\"><p style=\"text-align: center;\">(Kosttillskott)<\/p>\n<\/div><div class=\"fusion-text fusion-text-3\"><p class=\"subtitle-wg\" style=\"text-align: center;\">Nettovikt: 91.8 g<\/p>\n<p class=\"subtitle-wg\" style=\"text-align: center;\">90 Kapslar<\/p>\n<\/div><div class=\"fusion-clearfix\"><\/div><\/div><\/div><\/div><\/div><div class=\"fusion-fullwidth fullwidth-box fusion-builder-row-2 nonhundred-percent-fullwidth non-hundred-percent-height-scrolling\" style=\"--awb-border-color:#f6f6f6;--awb-border-radius-top-left:0px;--awb-border-radius-top-right:0px;--awb-border-radius-bottom-right:0px;--awb-border-radius-bottom-left:0px;--awb-padding-top:10px;--awb-padding-right:0px;--awb-padding-bottom:0px;--awb-padding-left:0px;--awb-background-color:#fff;--awb-border-sizes-top:0px;--awb-border-sizes-bottom:0px;--awb-flex-wrap:wrap;\" ><div class=\"fusion-builder-row fusion-row\"><div class=\"fusion-layout-column fusion_builder_column fusion-builder-column-2 fusion_builder_column_1_1 1_1 fusion-one-full fusion-column-first fusion-column-last\" style=\"--awb-bg-size:cover;\"><div class=\"fusion-column-wrapper fusion-flex-column-wrapper-legacy\"><div class=\"fusion-text fusion-text-4\"><p class=\"subtitle-aa\">Viking GABA<\/p>\n<p>GABA st\u00e5r f\u00f6r gamma-aminosm\u00f6rsyra (gamma-aminosm\u00f6rsyra), och har funktionen av en signalsubstans i kroppen. Finns naturligt i kroppen och fungerar som en h\u00e4mmande signalsubstans i det centrala nervsystemet. Med Viking Gaba f\u00e5r du hela 800 mg GABA per dos som ger en lugnande effekt och kan minska \u00e5ngest. D\u00e4rf\u00f6r kan Viking Gaba effektivt f\u00f6rb\u00e4ttra hum\u00f6ret och skapa en natt av frisk<br \/>\ns\u00f6mn.<br \/>\n\u2022 Fr\u00e4mjar avkoppling<br \/>\n\u2022 Snabbare vinster<br \/>\n\u2022 H\u00e4lsosam s\u00f6mn<\/p>\n<\/div><div class=\"fusion-clearfix\"><\/div><\/div><\/div><div class=\"fusion-layout-column fusion_builder_column fusion-builder-column-3 fusion_builder_column_1_2 1_2 fusion-one-half fusion-column-first\" style=\"--awb-bg-size:cover;width:48%; margin-right: 4%;\"><div class=\"fusion-column-wrapper fusion-flex-column-wrapper-legacy\"><div class=\"fusion-text fusion-text-5\"><p class=\"subtitle-aa\">Allergiinformation:<\/p>\n<p>Kan inneh\u00e5lla sp\u00e5r av mj\u00f6lk, soja, \u00e4gg och vete (gluten).<\/p>\n<p class=\"subtitle-aa\">\u00d6vriga ingredienser:<\/p>\n<p>Kapselskal (gelatin), bulkmedel (maltodextrin).<\/p>\n<p class=\"subtitle-aa\">Anv\u00e4ndningsanvisningar:<\/p>\n<p>Ta 1 kapsel dagligen f\u00f6re s\u00e4ngg\u00e5endet<\/p>\n<p class=\"subtitle-aa\">Viktig information:<\/p>\n<p>Denna produkt \u00e4r ett kosttillskott. Anv\u00e4nd denna produkt tillsammans med mat som en del av en h\u00e4lsosam, balanserad kost, inte som en ers\u00e4ttning f\u00f6r s\u00e5dan. F\u00f6rvara utom r\u00e4ckh\u00e5ll f\u00f6r barn. Ej avsedd f\u00f6r anv\u00e4ndning av gravida eller ammande kvinnor! \u00d6verskrid inte den rekommenderade dagliga dosen. F\u00f6rvara p\u00e5 en kall och torr plats. Uts\u00e4tt inte f\u00f6r stark v\u00e4rme, fukt eller solljus. B\u00e4st f\u00f6re det utg\u00e5ngsdatum som \u00e4r skrivet p\u00e5 f\u00f6rpackningen.<\/p>\n<\/div><div class=\"fusion-clearfix\"><\/div><\/div><\/div><div class=\"fusion-layout-column fusion_builder_column fusion-builder-column-4 fusion_builder_column_1_2 1_2 fusion-one-half fusion-column-last\" style=\"--awb-bg-size:cover;width:48%;\"><div class=\"fusion-column-wrapper fusion-flex-column-wrapper-legacy\"><div class=\"fusion-text fusion-text-6\"><p class=\"subtitle-aa\">N\u00c4RINGSINNEH\u00c5LL<\/p>\n<\/div><div class=\"fusion-text fusion-text-7\"><div class=\"table-1\">\n<table class=\"tb\" width=\"100%\">\n<tbody>\n<tr class=\"table-row_border\">\n<td colspan=\"3\"><strong>Portionsstorlek: 1 kapsel<\/strong><\/td>\n<td colspan=\"2\"><strong>Portioner per beh\u00e5llare: 90<\/strong><\/td>\n<\/tr>\n<tr>\n<td colspan=\"3\">Kompletterande fakta per:<\/td>\n<td colspan=\"2\">1 kapsel<\/td>\n<\/tr>\n<tr>\n<td colspan=\"3\">GABA (gamma-aminosm\u00f6rsyra)<\/td>\n<td colspan=\"2\">800 mg<\/td>\n<\/tr>\n<\/tbody>\n<\/table>\n<\/div>\n<\/div><div class=\"fusion-clearfix\"><\/div><\/div><\/div><\/div><\/div><\/p>\n","protected":false},"excerpt":{"rendered":"","protected":false},"author":1,"featured_media":0,"parent":12370,"menu_order":0,"comment_status":"closed","ping_status":"closed","template":"","meta":{"footnotes":""},"class_list":["post-20468","page","type-page","status-publish","hentry"],"_links":{"self":[{"href":"https:\/\/vikingforce.se\/sv\/wp-json\/wp\/v2\/pages\/20468","targetHints":{"allow":["GET"]}}],"collection":[{"href":"https:\/\/vikingforce.se\/sv\/wp-json\/wp\/v2\/pages"}],"about":[{"href":"https:\/\/vikingforce.se\/sv\/wp-json\/wp\/v2\/types\/page"}],"author":[{"embeddable":true,"href":"https:\/\/vikingforce.se\/sv\/wp-json\/wp\/v2\/users\/1"}],"replies":[{"embeddable":true,"href":"https:\/\/vikingforce.se\/sv\/wp-json\/wp\/v2\/comments?post=20468"}],"version-history":[{"count":6,"href":"https:\/\/vikingforce.se\/sv\/wp-json\/wp\/v2\/pages\/20468\/revisions"}],"predecessor-version":[{"id":23514,"href":"https:\/\/vikingforce.se\/sv\/wp-json\/wp\/v2\/pages\/20468\/revisions\/23514"}],"up":[{"embeddable":true,"href":"https:\/\/vikingforce.se\/sv\/wp-json\/wp\/v2\/pages\/12370"}],"wp:attachment":[{"href":"https:\/\/vikingforce.se\/sv\/wp-json\/wp\/v2\/media?parent=20468"}],"curies":[{"name":"wp","href":"https:\/\/api.w.org\/{rel}","templated":true}]}}