{"id":20458,"date":"2022-12-23T10:28:27","date_gmt":"2022-12-23T10:28:27","guid":{"rendered":"https:\/\/vikingforce.se\/amino-acids\/beta-alanine-2\/"},"modified":"2025-05-15T12:35:58","modified_gmt":"2025-05-15T12:35:58","slug":"beta-alanine-2","status":"publish","type":"page","link":"https:\/\/vikingforce.se\/sv\/amino-acids\/beta-alanine-2\/","title":{"rendered":"BETA ALANINE"},"content":{"rendered":"<p><div class=\"fusion-fullwidth fullwidth-box fusion-builder-row-1 nonhundred-percent-fullwidth non-hundred-percent-height-scrolling\" style=\"--awb-background-position:center top;--awb-border-color:#f6f6f6;--awb-border-radius-top-left:0px;--awb-border-radius-top-right:0px;--awb-border-radius-bottom-right:0px;--awb-border-radius-bottom-left:0px;--awb-padding-top:1px;--awb-padding-right:0px;--awb-padding-bottom:30px;--awb-padding-left:0px;--awb-background-color:#fff;--awb-border-sizes-top:1px;--awb-border-sizes-bottom:1px;--awb-flex-wrap:wrap;\" ><div class=\"fusion-builder-row fusion-row\"><div class=\"fusion-layout-column fusion_builder_column fusion-builder-column-0 fusion_builder_column_1_2 1_2 fusion-one-half fusion-column-first\" style=\"--awb-bg-size:cover;width:48%; margin-right: 4%;\"><div class=\"fusion-column-wrapper fusion-flex-column-wrapper-legacy\"><div class=\"fusion-sep-clear\"><\/div><div class=\"fusion-separator fusion-full-width-sep\" style=\"margin-left: auto;margin-right: auto;margin-top:60px;width:100%;\"><\/div><div class=\"fusion-sep-clear\"><\/div><div class=\"fusion-text fusion-text-1\"><p><a href=\"https:\/\/vikingforce.se\/wp-content\/uploads\/2022\/11\/VIKING-Beta-Alanine-Natur-300g-1-1024x1024.jpg\"><img decoding=\"async\" class=\" wp-image-20296 alignleft\" src=\"https:\/\/vikingforce.se\/wp-content\/uploads\/2022\/11\/VIKING-Beta-Alanine-Natur-300g-1-1024x1024.jpg\" alt=\"\" width=\"750\" height=\"750\" srcset=\"https:\/\/vikingforce.se\/wp-content\/uploads\/2022\/11\/VIKING-Beta-Alanine-Natur-300g-1-66x66.jpg 66w, https:\/\/vikingforce.se\/wp-content\/uploads\/2022\/11\/VIKING-Beta-Alanine-Natur-300g-1-150x150.jpg 150w, https:\/\/vikingforce.se\/wp-content\/uploads\/2022\/11\/VIKING-Beta-Alanine-Natur-300g-1-200x200.jpg 200w, https:\/\/vikingforce.se\/wp-content\/uploads\/2022\/11\/VIKING-Beta-Alanine-Natur-300g-1-300x300.jpg 300w, https:\/\/vikingforce.se\/wp-content\/uploads\/2022\/11\/VIKING-Beta-Alanine-Natur-300g-1-400x400.jpg 400w, https:\/\/vikingforce.se\/wp-content\/uploads\/2022\/11\/VIKING-Beta-Alanine-Natur-300g-1-600x600.jpg 600w, https:\/\/vikingforce.se\/wp-content\/uploads\/2022\/11\/VIKING-Beta-Alanine-Natur-300g-1-768x768.jpg 768w, https:\/\/vikingforce.se\/wp-content\/uploads\/2022\/11\/VIKING-Beta-Alanine-Natur-300g-1-800x800.jpg 800w, https:\/\/vikingforce.se\/wp-content\/uploads\/2022\/11\/VIKING-Beta-Alanine-Natur-300g-1.jpg 1024w\" sizes=\"(max-width: 750px) 100vw, 750px\" \/><\/a><\/p>\n<\/div><div class=\"fusion-clearfix\"><\/div><\/div><\/div><div class=\"fusion-layout-column fusion_builder_column fusion-builder-column-1 fusion_builder_column_1_2 1_2 fusion-one-half fusion-column-last\" style=\"--awb-bg-size:cover;width:48%;\"><div class=\"fusion-column-wrapper fusion-flex-column-wrapper-legacy\"><div class=\"fusion-title title fusion-title-1 fusion-sep-none fusion-title-text fusion-title-size-one title-wg\" style=\"--awb-margin-bottom:5px;\"><h1 class=\"fusion-title-heading title-heading-left\" style=\"margin:0;\"><div style=\"text-align: center;\"><span style=\"font-size: var(--h1_typography-font-size); font-style: var(--h1_typography-font-style,normal); font-weight: var(--h1_typography-font-weight); letter-spacing: var(--h1_typography-letter-spacing);\">BETA ALANINE<\/span><\/div><\/h1><\/div><div class=\"fusion-text fusion-text-2\"><p style=\"text-align: center;\">(Kosttillskott)<\/p>\n<\/div><div class=\"fusion-text fusion-text-3\"><p class=\"subtitle-wg\" style=\"text-align: center;\">Nettovikt: <strong>300 g<\/strong><\/p>\n<p class=\"subtitle-wg\" style=\"text-align: center;\"><strong>Portioner Per F\u00f6rpackning: 50<\/strong><\/p>\n<\/div><div class=\"fusion-clearfix\"><\/div><\/div><\/div><\/div><\/div><div class=\"fusion-fullwidth fullwidth-box fusion-builder-row-2 nonhundred-percent-fullwidth non-hundred-percent-height-scrolling\" style=\"--awb-border-color:#f6f6f6;--awb-border-radius-top-left:0px;--awb-border-radius-top-right:0px;--awb-border-radius-bottom-right:0px;--awb-border-radius-bottom-left:0px;--awb-padding-top:10px;--awb-padding-right:0px;--awb-padding-bottom:0px;--awb-padding-left:0px;--awb-background-color:#fff;--awb-border-sizes-top:0px;--awb-border-sizes-bottom:0px;--awb-flex-wrap:wrap;\" ><div class=\"fusion-builder-row fusion-row\"><div class=\"fusion-layout-column fusion_builder_column fusion-builder-column-2 fusion_builder_column_1_2 1_2 fusion-one-half fusion-column-first\" style=\"--awb-bg-size:cover;width:48%; margin-right: 4%;\"><div class=\"fusion-column-wrapper fusion-flex-column-wrapper-legacy\"><div class=\"fusion-text fusion-text-4\"><p class=\"subtitle-wg\">Smaker: <span style=\"font-weight: normal;\">Naturell<\/span><\/p>\n<p class=\"subtitle-wg\"><span style=\"font-family: var(--body_typography-font-family); font-size: var(--body_typography-font-size); font-style: var(--body_typography-font-style,normal); letter-spacing: var(--body_typography-letter-spacing);\">Ingredienser:<\/span><\/p>\n<p>Beta-alanin, L-histidin, di-kaliumfosfat, di-natriumfosfat, magnesiumkarbonat.<\/p>\n<p><span style=\"color: #000000; font-family: var(--body_typography-font-family); font-size: var(--body_typography-font-size); font-style: var(--body_typography-font-style,normal); letter-spacing: var(--body_typography-letter-spacing);\"><b>\u00d6vriga ingredienser:<\/b><\/span><\/p>\n<p>Klumf\u00f6rebyggande medel (magnesiumstearat, kiseldioxid), kapselskal (gelatin).<span style=\"color: #000000; font-family: var(--body_typography-font-family); font-size: var(--body_typography-font-size); font-style: var(--body_typography-font-style,normal); letter-spacing: var(--body_typography-letter-spacing);\"><b><br \/>\n<\/b><\/span><\/p>\n<p class=\"subtitle-wg\">Anvisningar f\u00f6r anv\u00e4ndning:<\/p>\n<p>En portion \u00e4r 2 skopor (ca 6 g) blandat med kallt vatten eller din favoritdryck. Blanda eller skaka noggrant i 15-20 sekunder eller tills pulvret \u00e4r helt uppl\u00f6st. Konsumera en portion per dag 20-30 minuter f\u00f6re tr\u00e4ning. Produkten \u00e4r formulerad med ingredienser som absorberar fukt och kan leda till klumpbildning av pulvret. Detta \u00e4r normalt och produkten kan konsumeras. Vissa individer kan m\u00e4rka en stickande och rodnande k\u00e4nsla p\u00e5 huden, vilket \u00e4r ofarligt och beror p\u00e5 beta-alanin.<\/p>\n<p class=\"subtitle-wg\">Viktig information:<\/p>\n<p>Denna produkt \u00e4r ett kosttillskott. Anv\u00e4nd denna produkt tillsammans med mat som en del av en h\u00e4lsosam, balanserad diet, inte som en ers\u00e4ttning f\u00f6r s\u00e5dan. F\u00f6rvaras utom r\u00e4ckh\u00e5ll f\u00f6r barn. Ej avsedd f\u00f6r anv\u00e4ndning av gravida eller ammande kvinnor! \u00d6verskrid inte den rekommenderade dagliga dosen. F\u00f6rvara p\u00e5 en sval, torr plats. Uts\u00e4tt inte f\u00f6r \u00f6verdriven v\u00e4rme, fukt eller solljus. B\u00e4st f\u00f6re utg\u00e5ngsdatumet som st\u00e5r p\u00e5 f\u00f6rpackningen.<\/p>\n<p><b style=\"color: #000000;\">Allergiinformation:<\/b><\/p>\n<p>Kan inneh\u00e5lla sp\u00e5r av mj\u00f6lk, soja, \u00e4gg och vete (gluten).<\/p>\n<\/div><div class=\"fusion-clearfix\"><\/div><\/div><\/div><div class=\"fusion-layout-column fusion_builder_column fusion-builder-column-3 fusion_builder_column_1_2 1_2 fusion-one-half fusion-column-last\" style=\"--awb-bg-size:cover;width:48%;\"><div class=\"fusion-column-wrapper fusion-flex-column-wrapper-legacy\"><div class=\"fusion-text fusion-text-5\"><p class=\"subtitle-wg\">N\u00c4RINGSINNEH\u00c5LL<\/p>\n<\/div><div class=\"fusion-text fusion-text-6\"><div class=\"table-1\">\n<table class=\"tb\" style=\"height: 371px;\" width=\"859\">\n<tbody>\n<tr>\n<td><strong>Portionsstorlek: 2 skopor (6 g)<\/strong><\/p>\n<p><strong style=\"color: var(--body_typography-color); font-family: var(--body_typography-font-family); font-size: var(--body_typography-font-size); font-style: var(--body_typography-font-style,normal); letter-spacing: var(--body_typography-letter-spacing);\">Portioner per f\u00f6rpackning: 50<\/strong><\/td>\n<td><strong>6 g<\/strong><\/td>\n<td><strong>100 g<\/strong><\/td>\n<\/tr>\n<tr>\n<td>Energiv\u00e4rde<\/td>\n<td>0 kJ\/0 kcal<\/td>\n<td>0 kJ\/0 kcal<\/td>\n<\/tr>\n<tr>\n<td>Proteiner<\/td>\n<td>0 g<\/td>\n<td>0 g<\/td>\n<\/tr>\n<tr>\n<td>Kolhydrater<\/td>\n<td>0 g<\/td>\n<td>0 g<\/td>\n<\/tr>\n<tr>\n<td>Fetter<\/td>\n<td>0 g<\/td>\n<td>0 g<\/td>\n<\/tr>\n<tr>\n<td>Beta-Alanin<\/td>\n<td>3200 mg<\/td>\n<td>53333 mg<\/td>\n<\/tr>\n<tr>\n<td>L-Histidin<\/td>\n<td>1100 mg<\/td>\n<td>18333 mg<\/td>\n<\/tr>\n<tr>\n<td>Magnesium<\/td>\n<td>15 mg (4 %*)<\/td>\n<td>250 mg (66,7 %*)<\/td>\n<\/tr>\n<tr>\n<td>Natrium<\/td>\n<td>20 mg<\/td>\n<td>333 mg<\/td>\n<\/tr>\n<tr>\n<td>Kalium<\/td>\n<td>55 mg (2,8 %*)<\/td>\n<td>917 mg (46,7 %*)<\/td>\n<\/tr>\n<tr>\n<td>Fosfor<\/td>\n<td>70 mg (1 %*)<\/td>\n<td>1167 mg (16,7 %*)<\/td>\n<\/tr>\n<tr>\n<td colspan=\"3\">* NRV- N\u00e4ringsreferensv\u00e4rden (baserat p\u00e5 en diet med 2 000 kalorier)<\/td>\n<\/tr>\n<\/tbody>\n<\/table>\n<\/div>\n<\/div><div class=\"fusion-clearfix\"><\/div><\/div><\/div><\/div><\/div><\/p>\n","protected":false},"excerpt":{"rendered":"","protected":false},"author":1,"featured_media":0,"parent":12370,"menu_order":0,"comment_status":"closed","ping_status":"closed","template":"","meta":{"footnotes":""},"class_list":["post-20458","page","type-page","status-publish","hentry"],"_links":{"self":[{"href":"https:\/\/vikingforce.se\/sv\/wp-json\/wp\/v2\/pages\/20458","targetHints":{"allow":["GET"]}}],"collection":[{"href":"https:\/\/vikingforce.se\/sv\/wp-json\/wp\/v2\/pages"}],"about":[{"href":"https:\/\/vikingforce.se\/sv\/wp-json\/wp\/v2\/types\/page"}],"author":[{"embeddable":true,"href":"https:\/\/vikingforce.se\/sv\/wp-json\/wp\/v2\/users\/1"}],"replies":[{"embeddable":true,"href":"https:\/\/vikingforce.se\/sv\/wp-json\/wp\/v2\/comments?post=20458"}],"version-history":[{"count":12,"href":"https:\/\/vikingforce.se\/sv\/wp-json\/wp\/v2\/pages\/20458\/revisions"}],"predecessor-version":[{"id":23512,"href":"https:\/\/vikingforce.se\/sv\/wp-json\/wp\/v2\/pages\/20458\/revisions\/23512"}],"up":[{"embeddable":true,"href":"https:\/\/vikingforce.se\/sv\/wp-json\/wp\/v2\/pages\/12370"}],"wp:attachment":[{"href":"https:\/\/vikingforce.se\/sv\/wp-json\/wp\/v2\/media?parent=20458"}],"curies":[{"name":"wp","href":"https:\/\/api.w.org\/{rel}","templated":true}]}}