{"id":20451,"date":"2022-12-23T10:14:31","date_gmt":"2022-12-23T10:14:31","guid":{"rendered":"https:\/\/vikingforce.se\/amino-acids\/viking-fury-whey-amino\/"},"modified":"2025-06-13T13:47:52","modified_gmt":"2025-06-13T13:47:52","slug":"viking-fury-whey-amino","status":"publish","type":"page","link":"https:\/\/vikingforce.se\/sv\/fury-line\/viking-fury-whey-amino\/","title":{"rendered":"VIKING FURY WHEY AMINO"},"content":{"rendered":"<p><div class=\"fusion-fullwidth fullwidth-box fusion-builder-row-1 nonhundred-percent-fullwidth non-hundred-percent-height-scrolling\" style=\"--awb-background-position:center top;--awb-border-color:#f6f6f6;--awb-border-radius-top-left:0px;--awb-border-radius-top-right:0px;--awb-border-radius-bottom-right:0px;--awb-border-radius-bottom-left:0px;--awb-padding-top:1px;--awb-padding-right:0px;--awb-padding-bottom:30px;--awb-padding-left:0px;--awb-background-color:#fff;--awb-border-sizes-top:1px;--awb-border-sizes-bottom:1px;--awb-flex-wrap:wrap;\" ><div class=\"fusion-builder-row fusion-row\"><div class=\"fusion-layout-column fusion_builder_column fusion-builder-column-0 fusion_builder_column_1_2 1_2 fusion-one-half fusion-column-first\" style=\"--awb-bg-size:cover;width:48%; margin-right: 4%;\"><div class=\"fusion-column-wrapper fusion-flex-column-wrapper-legacy\"><div class=\"fusion-sep-clear\"><\/div><div class=\"fusion-separator fusion-full-width-sep\" style=\"margin-left: auto;margin-right: auto;margin-top:60px;width:100%;\"><\/div><div class=\"fusion-sep-clear\"><\/div><div class=\"fusion-text fusion-text-1\"><p><a href=\"https:\/\/vikingforce.se\/wp-content\/uploads\/2022\/11\/FURYWHEY.jpg\"><img decoding=\"async\" class=\"wp-image-20325 alignleft\" src=\"https:\/\/vikingforce.se\/wp-content\/uploads\/2022\/11\/FURYWHEY.jpg\" alt=\"\" width=\"628\" height=\"626\" srcset=\"https:\/\/vikingforce.se\/wp-content\/uploads\/2022\/11\/FURYWHEY-66x66.jpg 66w, https:\/\/vikingforce.se\/wp-content\/uploads\/2022\/11\/FURYWHEY-150x150.jpg 150w, https:\/\/vikingforce.se\/wp-content\/uploads\/2022\/11\/FURYWHEY-200x199.jpg 200w, https:\/\/vikingforce.se\/wp-content\/uploads\/2022\/11\/FURYWHEY-300x300.jpg 300w, https:\/\/vikingforce.se\/wp-content\/uploads\/2022\/11\/FURYWHEY-400x399.jpg 400w, https:\/\/vikingforce.se\/wp-content\/uploads\/2022\/11\/FURYWHEY.jpg 596w\" sizes=\"(max-width: 628px) 100vw, 628px\" \/><\/a><\/p>\n<p>\n<\/div><div class=\"fusion-clearfix\"><\/div><\/div><\/div><div class=\"fusion-layout-column fusion_builder_column fusion-builder-column-1 fusion_builder_column_1_2 1_2 fusion-one-half fusion-column-last\" style=\"--awb-bg-size:cover;width:48%;\"><div class=\"fusion-column-wrapper fusion-flex-column-wrapper-legacy\"><div class=\"fusion-sep-clear\"><\/div><div class=\"fusion-separator fusion-full-width-sep\" style=\"margin-left: auto;margin-right: auto;margin-top:30px;width:100%;\"><\/div><div class=\"fusion-sep-clear\"><\/div><div class=\"fusion-title title fusion-title-1 fusion-sep-none fusion-title-text fusion-title-size-one title-wg\" style=\"--awb-margin-bottom:5px;\"><h1 class=\"fusion-title-heading title-heading-left\" style=\"margin:0;\"><p style=\"text-align: center;\"><strong>VIKING FURY AMINO <\/strong><\/p>\n<p><\/h1><\/div><div class=\"fusion-text fusion-text-2\"><p style=\"text-align: center;\">(Kosttillskott)<\/p>\n<\/div><div class=\"fusion-text fusion-text-3\"><p class=\"subtitle-wg\" style=\"text-align: center;\">Nettovikt:<strong> 540 g<\/strong><\/p>\n<\/p>\n<p class=\"subtitle-wg\" style=\"text-align: center;\"><strong>450 tabletter<\/strong><\/p>\n<\/div><div class=\"fusion-clearfix\"><\/div><\/div><\/div><\/div><\/div><div class=\"fusion-fullwidth fullwidth-box fusion-builder-row-2 nonhundred-percent-fullwidth non-hundred-percent-height-scrolling\" style=\"--awb-border-color:#f6f6f6;--awb-border-radius-top-left:0px;--awb-border-radius-top-right:0px;--awb-border-radius-bottom-right:0px;--awb-border-radius-bottom-left:0px;--awb-padding-top:10px;--awb-padding-right:0px;--awb-padding-bottom:0px;--awb-padding-left:0px;--awb-background-color:#fff;--awb-border-sizes-top:0px;--awb-border-sizes-bottom:0px;--awb-flex-wrap:wrap;\" ><div class=\"fusion-builder-row fusion-row\"><div class=\"fusion-layout-column fusion_builder_column fusion-builder-column-2 fusion_builder_column_1_2 1_2 fusion-one-half fusion-column-first\" style=\"--awb-bg-size:cover;width:48%; margin-right: 4%;\"><div class=\"fusion-column-wrapper fusion-flex-column-wrapper-legacy\"><div class=\"fusion-text fusion-text-4\"><p class=\"subtitle-wg\">Smaker: <span style=\"font-weight: normal;\">Naturell<\/span><\/p>\n<\/p>\n<p class=\"subtitle-wg\"><span style=\"font-family: var(--body_typography-font-family); font-size: var(--body_typography-font-size); font-style: var(--body_typography-font-style,normal); letter-spacing: var(--body_typography-letter-spacing);\">Allergiinformation:<\/span><\/p>\n<p>Inneh\u00e5ller mj\u00f6lk. Kan inneh\u00e5lla sp\u00e5r av soja och vete (gluten).<\/p>\n<p class=\"subtitle-wg\">Ingredienser:<\/p>\n<p><u>Vassle<\/u> proteinkoncentrat, enzymhydrolyserat <u>vassle<\/u> proteinisolat, <u>\u00e4gg<\/u> vitprotein, total <u>mj\u00f6lk<\/u> pulver, L-Glutamin, BCAA &#8211; grenade aminosyror (L-leucin, L-valin, L-isoleucin), fyllnadsmedel (mikrokristallin cellulosa, dikalciumfosfat), klumpf\u00f6rebyggande medel (magnesiumstearat, kiseldioxid, hydrogenerad bomullsfr\u00f6olja).<\/p>\n<p class=\"subtitle-wg\">Anvisningar f\u00f6r anv\u00e4ndning:<\/p>\n<p>Ta 1 portion (3 tabletter) 1 till 3 g\u00e5nger dagligen, f\u00f6re tr\u00e4ning och\/eller omedelbart efter tr\u00e4ning.<\/p>\n<p class=\"subtitle-wg\">Viktig information:<\/p>\n<p>Denna produkt \u00e4r ett kosttillskott. Anv\u00e4nd denna produkt i samband med mat som en del av en h\u00e4lsosam, balanserad kost, inte som en ers\u00e4ttning f\u00f6r s\u00e5dan. F\u00f6rvaras o\u00e5tkomligt f\u00f6r barn. Ej avsedd f\u00f6r barn och gravida eller ammande kvinnor! \u00d6verskrid inte den rekommenderade dagliga dosen.<\/p>\n<p>F\u00f6rvaras svalt och torrt. Uts\u00e4tt inte f\u00f6r \u00f6verdriven v\u00e4rme, fukt eller solljus. B\u00e4st f\u00f6re utg\u00e5ngsdatumet p\u00e5 f\u00f6rpackningen.<\/p>\n<\/div><div class=\"fusion-clearfix\"><\/div><\/div><\/div><div class=\"fusion-layout-column fusion_builder_column fusion-builder-column-3 fusion_builder_column_1_2 1_2 fusion-one-half fusion-column-last\" style=\"--awb-bg-size:cover;width:48%;\"><div class=\"fusion-column-wrapper fusion-flex-column-wrapper-legacy\"><div class=\"fusion-text fusion-text-5\"><p class=\"subtitle-wg\">N\u00c4RINGSINNEH\u00c5LL<\/p>\n<\/div><div class=\"fusion-text fusion-text-6\"><div class=\"table-1\">\n<table class=\"tb\" style=\"height: 371px;\" width=\"859\">\n<tbody>\n<tr class=\"table-row_border\">\n<td colspan=\"4\"><strong>N\u00e4ringsfakta<\/strong><\/td>\n<\/tr>\n<tr>\n<td colspan=\"2\"><strong>Portioner per beh\u00e5llare: 150<\/strong><\/td>\n<td><strong>1 portion (3 tabletter 3,6 g)<\/strong><\/td>\n<td><strong>1 portion (3 tabletter 3,6 g)<\/strong><\/td>\n<\/tr>\n<tr>\n<td colspan=\"2\">Energiv\u00e4rde<\/td>\n<td>14 kcal \/ 59,5 kJ<\/td>\n<td>388,4 kcal \/ 1650,7 kJ<\/td>\n<\/tr>\n<tr>\n<td colspan=\"2\">Proteiner<\/td>\n<td>3 g<\/td>\n<td>83,3 g<\/td>\n<\/tr>\n<tr>\n<td colspan=\"2\">Kolhydrater<\/td>\n<td>0,5 g<\/td>\n<td>13,8 g<\/td>\n<\/tr>\n<tr>\n<td colspan=\"2\">Fett<\/td>\n<td>0 g<\/td>\n<td>0 g<\/td>\n<\/tr>\n<tr>\n<td colspan=\"2\">L-glutamin<\/td>\n<td>97,2 mg<\/td>\n<td>2,7 g<\/td>\n<\/tr>\n<tr class=\"table-row_border\">\n<td colspan=\"4\"><strong>Typisk aminosyraprofil per 100 g<\/strong><\/td>\n<\/tr>\n<tr>\n<td>Leucin<\/td>\n<td>5580 mg<\/td>\n<td>Threonine<\/td>\n<td>4170 mg<\/td>\n<\/tr>\n<tr>\n<td>Isoleucin<\/td>\n<td>2880 mg<\/td>\n<td>Alanine<\/td>\n<td>3066 mg<\/td>\n<\/tr>\n<tr>\n<td>Valine<\/td>\n<td>2844 mg<\/td>\n<td>Proline<\/td>\n<td>3390 mg<\/td>\n<\/tr>\n<tr>\n<td>Asparaginsyra<\/td>\n<td>6630 mg<\/td>\n<td>Tyrosin<\/td>\n<td>1638 mg<\/td>\n<\/tr>\n<tr>\n<td>Glutaminsyra<\/td>\n<td>9660 mg<\/td>\n<td>Metionin<\/td>\n<td>1284 mg<\/td>\n<\/tr>\n<tr>\n<td>Serine<\/td>\n<td>3036 mg<\/td>\n<td>Cystein<\/td>\n<td>1398 mg<\/td>\n<\/tr>\n<tr>\n<td>Glycin<\/td>\n<td>984 mg<\/td>\n<td>Fenylalanin<\/td>\n<td>1752 mg<\/td>\n<\/tr>\n<tr>\n<td>Hystidine<\/td>\n<td>852 mg<\/td>\n<td>Lysine<\/td>\n<td>5232 mg<\/td>\n<\/tr>\n<tr>\n<td>Arginin<\/td>\n<td>1110 mg<\/td>\n<td>Triptofan<\/td>\n<td>1140 mg<\/td>\n<\/tr>\n<\/tbody>\n<\/table>\n<\/div>\n<\/div><div class=\"fusion-clearfix\"><\/div><\/div><\/div><\/div><\/div><\/p>\n","protected":false},"excerpt":{"rendered":"","protected":false},"author":1,"featured_media":0,"parent":21557,"menu_order":0,"comment_status":"closed","ping_status":"closed","template":"","meta":{"footnotes":""},"class_list":["post-20451","page","type-page","status-publish","hentry"],"_links":{"self":[{"href":"https:\/\/vikingforce.se\/sv\/wp-json\/wp\/v2\/pages\/20451","targetHints":{"allow":["GET"]}}],"collection":[{"href":"https:\/\/vikingforce.se\/sv\/wp-json\/wp\/v2\/pages"}],"about":[{"href":"https:\/\/vikingforce.se\/sv\/wp-json\/wp\/v2\/types\/page"}],"author":[{"embeddable":true,"href":"https:\/\/vikingforce.se\/sv\/wp-json\/wp\/v2\/users\/1"}],"replies":[{"embeddable":true,"href":"https:\/\/vikingforce.se\/sv\/wp-json\/wp\/v2\/comments?post=20451"}],"version-history":[{"count":13,"href":"https:\/\/vikingforce.se\/sv\/wp-json\/wp\/v2\/pages\/20451\/revisions"}],"predecessor-version":[{"id":23730,"href":"https:\/\/vikingforce.se\/sv\/wp-json\/wp\/v2\/pages\/20451\/revisions\/23730"}],"up":[{"embeddable":true,"href":"https:\/\/vikingforce.se\/sv\/wp-json\/wp\/v2\/pages\/21557"}],"wp:attachment":[{"href":"https:\/\/vikingforce.se\/sv\/wp-json\/wp\/v2\/media?parent=20451"}],"curies":[{"name":"wp","href":"https:\/\/api.w.org\/{rel}","templated":true}]}}