{"id":20438,"date":"2022-12-21T13:03:10","date_gmt":"2022-12-21T13:03:10","guid":{"rendered":"https:\/\/vikingforce.se\/proteins\/complete-protein\/"},"modified":"2025-05-16T11:01:39","modified_gmt":"2025-05-16T11:01:39","slug":"complete-protein","status":"publish","type":"page","link":"https:\/\/vikingforce.se\/sv\/proteins\/complete-protein\/","title":{"rendered":"Complete Protein"},"content":{"rendered":"<p><div class=\"fusion-fullwidth fullwidth-box fusion-builder-row-1 nonhundred-percent-fullwidth non-hundred-percent-height-scrolling\" style=\"--awb-background-position:center top;--awb-border-color:#f6f6f6;--awb-border-radius-top-left:0px;--awb-border-radius-top-right:0px;--awb-border-radius-bottom-right:0px;--awb-border-radius-bottom-left:0px;--awb-padding-top:1px;--awb-padding-right:0px;--awb-padding-bottom:30px;--awb-padding-left:0px;--awb-background-color:#fff;--awb-border-sizes-top:1px;--awb-border-sizes-bottom:1px;--awb-flex-wrap:wrap;\" ><div class=\"fusion-builder-row fusion-row\"><div class=\"fusion-layout-column fusion_builder_column fusion-builder-column-0 fusion_builder_column_1_2 1_2 fusion-one-half fusion-column-first\" style=\"--awb-bg-size:cover;width:48%; margin-right: 4%;\"><div class=\"fusion-column-wrapper fusion-flex-column-wrapper-legacy\"><div class=\"fusion-image-carousel fusion-image-carousel-auto fusion-image-carousel-1 fusion-carousel-border\"><div class=\"awb-carousel awb-swiper awb-swiper-carousel awb-swiper-dots-position-bottom awb-carousel--carousel\" data-layout=\"carousel\" data-autoplay=\"yes\" data-autoplayspeed=\"2500\" data-autoplaypause=\"no\" data-columns=\"1\" data-itemmargin=\"13\" data-itemwidth=\"180\" data-touchscroll=\"no\" data-freemode=\"no\" data-imagesize=\"auto\" data-scrollitems=\"0\" data-centeredslides=\"no\" data-rotationangle=\"50\" data-depth=\"100\" data-speed=\"500\" data-shadow=\"no\" style=\"--awb-columns:1;--awb-border-width:1px;--awb-border-color:#e9eaee;\"><div class=\"swiper-wrapper awb-image-carousel-wrapper fusion-flex-align-items-center\"><div class=\"swiper-slide\"><div class=\"fusion-carousel-item-wrapper\"><div class=\"fusion-image-wrapper hover-type-none\"><img decoding=\"async\" width=\"2000\" height=\"2000\" src=\"https:\/\/vikingforce.se\/wp-content\/uploads\/2024\/03\/100-Complete-Protein-raspberry-2.png\" class=\"attachment-full size-full\" alt=\"\" srcset=\"https:\/\/vikingforce.se\/wp-content\/uploads\/2024\/03\/100-Complete-Protein-raspberry-2-66x66.png 66w, https:\/\/vikingforce.se\/wp-content\/uploads\/2024\/03\/100-Complete-Protein-raspberry-2-150x150.png 150w, https:\/\/vikingforce.se\/wp-content\/uploads\/2024\/03\/100-Complete-Protein-raspberry-2-200x200.png 200w, https:\/\/vikingforce.se\/wp-content\/uploads\/2024\/03\/100-Complete-Protein-raspberry-2-300x300.png 300w, https:\/\/vikingforce.se\/wp-content\/uploads\/2024\/03\/100-Complete-Protein-raspberry-2-400x400.png 400w, https:\/\/vikingforce.se\/wp-content\/uploads\/2024\/03\/100-Complete-Protein-raspberry-2-600x600.png 600w, https:\/\/vikingforce.se\/wp-content\/uploads\/2024\/03\/100-Complete-Protein-raspberry-2-768x768.png 768w, https:\/\/vikingforce.se\/wp-content\/uploads\/2024\/03\/100-Complete-Protein-raspberry-2-800x800.png 800w, https:\/\/vikingforce.se\/wp-content\/uploads\/2024\/03\/100-Complete-Protein-raspberry-2-1024x1024.png 1024w, https:\/\/vikingforce.se\/wp-content\/uploads\/2024\/03\/100-Complete-Protein-raspberry-2-1200x1200.png 1200w, https:\/\/vikingforce.se\/wp-content\/uploads\/2024\/03\/100-Complete-Protein-raspberry-2-1536x1536.png 1536w, https:\/\/vikingforce.se\/wp-content\/uploads\/2024\/03\/100-Complete-Protein-raspberry-2.png 2000w\" sizes=\"(max-width: 2000px) 100vw, 2000px\" \/><\/div><\/div><\/div><div class=\"swiper-slide\"><div class=\"fusion-carousel-item-wrapper\"><div class=\"fusion-image-wrapper hover-type-none\"><img decoding=\"async\" width=\"2000\" height=\"2000\" src=\"https:\/\/vikingforce.se\/wp-content\/uploads\/2024\/03\/100-Complete-Protein-cappucino.png\" class=\"attachment-full size-full\" alt=\"\" srcset=\"https:\/\/vikingforce.se\/wp-content\/uploads\/2024\/03\/100-Complete-Protein-cappucino-66x66.png 66w, https:\/\/vikingforce.se\/wp-content\/uploads\/2024\/03\/100-Complete-Protein-cappucino-150x150.png 150w, https:\/\/vikingforce.se\/wp-content\/uploads\/2024\/03\/100-Complete-Protein-cappucino-200x200.png 200w, https:\/\/vikingforce.se\/wp-content\/uploads\/2024\/03\/100-Complete-Protein-cappucino-300x300.png 300w, https:\/\/vikingforce.se\/wp-content\/uploads\/2024\/03\/100-Complete-Protein-cappucino-400x400.png 400w, https:\/\/vikingforce.se\/wp-content\/uploads\/2024\/03\/100-Complete-Protein-cappucino-600x600.png 600w, https:\/\/vikingforce.se\/wp-content\/uploads\/2024\/03\/100-Complete-Protein-cappucino-768x768.png 768w, https:\/\/vikingforce.se\/wp-content\/uploads\/2024\/03\/100-Complete-Protein-cappucino-800x800.png 800w, https:\/\/vikingforce.se\/wp-content\/uploads\/2024\/03\/100-Complete-Protein-cappucino-1024x1024.png 1024w, https:\/\/vikingforce.se\/wp-content\/uploads\/2024\/03\/100-Complete-Protein-cappucino-1200x1200.png 1200w, https:\/\/vikingforce.se\/wp-content\/uploads\/2024\/03\/100-Complete-Protein-cappucino-1536x1536.png 1536w, https:\/\/vikingforce.se\/wp-content\/uploads\/2024\/03\/100-Complete-Protein-cappucino.png 2000w\" sizes=\"(max-width: 2000px) 100vw, 2000px\" \/><\/div><\/div><\/div><div class=\"swiper-slide\"><div class=\"fusion-carousel-item-wrapper\"><div class=\"fusion-image-wrapper hover-type-none\"><img decoding=\"async\" width=\"2000\" height=\"2000\" src=\"https:\/\/vikingforce.se\/wp-content\/uploads\/2024\/03\/100-Complete-Protein-blueberry-vanilla.png\" class=\"attachment-full size-full\" alt=\"\" srcset=\"https:\/\/vikingforce.se\/wp-content\/uploads\/2024\/03\/100-Complete-Protein-blueberry-vanilla-66x66.png 66w, https:\/\/vikingforce.se\/wp-content\/uploads\/2024\/03\/100-Complete-Protein-blueberry-vanilla-150x150.png 150w, https:\/\/vikingforce.se\/wp-content\/uploads\/2024\/03\/100-Complete-Protein-blueberry-vanilla-200x200.png 200w, https:\/\/vikingforce.se\/wp-content\/uploads\/2024\/03\/100-Complete-Protein-blueberry-vanilla-300x300.png 300w, https:\/\/vikingforce.se\/wp-content\/uploads\/2024\/03\/100-Complete-Protein-blueberry-vanilla-400x400.png 400w, https:\/\/vikingforce.se\/wp-content\/uploads\/2024\/03\/100-Complete-Protein-blueberry-vanilla-600x600.png 600w, https:\/\/vikingforce.se\/wp-content\/uploads\/2024\/03\/100-Complete-Protein-blueberry-vanilla-768x768.png 768w, https:\/\/vikingforce.se\/wp-content\/uploads\/2024\/03\/100-Complete-Protein-blueberry-vanilla-800x800.png 800w, https:\/\/vikingforce.se\/wp-content\/uploads\/2024\/03\/100-Complete-Protein-blueberry-vanilla-1024x1024.png 1024w, https:\/\/vikingforce.se\/wp-content\/uploads\/2024\/03\/100-Complete-Protein-blueberry-vanilla-1200x1200.png 1200w, https:\/\/vikingforce.se\/wp-content\/uploads\/2024\/03\/100-Complete-Protein-blueberry-vanilla-1536x1536.png 1536w, https:\/\/vikingforce.se\/wp-content\/uploads\/2024\/03\/100-Complete-Protein-blueberry-vanilla.png 2000w\" sizes=\"(max-width: 2000px) 100vw, 2000px\" \/><\/div><\/div><\/div><\/div><div class=\"awb-swiper-button awb-swiper-button-prev\"><i class=\"awb-icon-angle-left\" aria-hidden=\"true\"><\/i><\/div><div class=\"awb-swiper-button awb-swiper-button-next\"><i class=\"awb-icon-angle-right\" aria-hidden=\"true\"><\/i><\/div><\/div><\/div><div class=\"fusion-text fusion-text-1\"><\/div><div class=\"fusion-clearfix\"><\/div><\/div><\/div><div class=\"fusion-layout-column fusion_builder_column fusion-builder-column-1 fusion_builder_column_1_2 1_2 fusion-one-half fusion-column-last\" style=\"--awb-bg-size:cover;width:48%;\"><div class=\"fusion-column-wrapper fusion-flex-column-wrapper-legacy\"><div class=\"fusion-sep-clear\"><\/div><div class=\"fusion-separator fusion-full-width-sep\" style=\"margin-left: auto;margin-right: auto;margin-top:30px;width:100%;\"><\/div><div class=\"fusion-sep-clear\"><\/div><div class=\"fusion-title title fusion-title-1 fusion-sep-none fusion-title-text fusion-title-size-one title-wg\" style=\"--awb-margin-bottom:5px;\"><h1 class=\"fusion-title-heading title-heading-left\" style=\"margin:0;\"><div style=\"text-align: center;\"><span style=\"font-size: var(--h1_typography-font-size); font-style: var(--h1_typography-font-style,normal); font-weight: var(--h1_typography-font-weight); letter-spacing: var(--h1_typography-letter-spacing);\">100% COMPLETE PROTEIN<\/span><\/div><\/h1><\/div><div class=\"fusion-text fusion-text-2\"><p style=\"text-align: center;\">(Kosttillskott)<\/p>\n<\/div><div class=\"fusion-sep-clear\"><\/div><div class=\"fusion-separator fusion-full-width-sep\" style=\"margin-left: auto;margin-right: auto;margin-top:25px;width:100%;\"><\/div><div class=\"fusion-sep-clear\"><\/div><div class=\"fusion-text fusion-text-3\"><h2 style=\"text-align: center;\"><strong>Nettovikt: 1800 g<\/strong><\/h2>\n<p style=\"text-align: center;\"><strong>Portioner\/beh\u00e5llare : 51<\/strong><\/p>\n<\/div><div class=\"fusion-text fusion-text-4\"><h2 style=\"text-align: center;\"><\/h2>\n<\/div><div class=\"fusion-sep-clear\"><\/div><div class=\"fusion-separator fusion-full-width-sep\" style=\"margin-left: auto;margin-right: auto;margin-top:10px;width:100%;\"><\/div><div class=\"fusion-sep-clear\"><\/div><div class=\"fusion-clearfix\"><\/div><\/div><\/div><\/div><\/div><div class=\"fusion-fullwidth fullwidth-box fusion-builder-row-2 nonhundred-percent-fullwidth non-hundred-percent-height-scrolling\" style=\"--awb-border-color:#f6f6f6;--awb-border-radius-top-left:0px;--awb-border-radius-top-right:0px;--awb-border-radius-bottom-right:0px;--awb-border-radius-bottom-left:0px;--awb-padding-top:10px;--awb-padding-right:0px;--awb-padding-bottom:0px;--awb-padding-left:0px;--awb-background-color:#fff;--awb-border-sizes-top:0px;--awb-border-sizes-bottom:0px;--awb-flex-wrap:wrap;\" ><div class=\"fusion-builder-row fusion-row\"><div class=\"fusion-layout-column fusion_builder_column fusion-builder-column-2 fusion_builder_column_1_2 1_2 fusion-one-half fusion-column-first\" style=\"--awb-bg-size:cover;width:48%; margin-right: 4%;\"><div class=\"fusion-column-wrapper fusion-flex-column-wrapper-legacy\"><div class=\"fusion-text fusion-text-5\"><p class=\"subtitle\"><b>VIKING 100% KOMPLETT PROTEIN<\/b><\/p>\n<p>Det \u00e4r ett kosttillskott som passar f\u00f6r idrottare och \u00e4r baserat p\u00e5 hydrolyserat veteprotein och isolerat sojaprotein i pulverform, med omedelbar l\u00f6slighet. Protein bidrar till att \u00f6ka och bevara muskelmassan.<\/p>\n<ul>\n<li>Fullspektrum aminosyraprofil<\/li>\n<li>H\u00f6g l\u00f6slighet<\/li>\n<li>Maksimerar proteinsyntesen.<\/li>\n<\/ul>\n<p class=\"subtitle\"><b>Smaker <\/b>: Trippelchoklad, Bl\u00e5b\u00e4r-Vanilj, Cappuccino, Hallon<b><br \/>\n<\/b><\/p>\n<p class=\"subtitle\"><b>Anv\u00e4ndning:<\/b><\/p>\n<p>Blanda 1 r\u00e5gad skopa (~35 g) pulver med 150\u2013250 ml v\u00e4tska och konsumera direkt efter tillredning.<\/p>\n<p class=\"subtitle\"><b>Ingredienser:<\/b><\/p>\n<p>L\u00f6sligt hydrolyserat <b><u>vete<\/u><\/b>, skummat <b><u>mj\u00f6lkpulver<\/u><\/b>, <b>soja<\/b>proteinisolat, fettreducerat kakaopulver \u2013 f\u00f6r smakerna Trippelchoklad och Cappuccino, chokladbitar (inneh\u00e5ller emulgeringsmedel: sojalecitin) \u2013 endast f\u00f6r Trippelchoklad, bl\u00e5b\u00e4rsbitar \u2013 endast f\u00f6r Bl\u00e5b\u00e4r-Vanilj, hallonbitar \u2013 endast f\u00f6r Hallon, snabbkaffe \u2013 endast f\u00f6r Cappuccino, cappuccinobitar \u2013 endast f\u00f6r Cappuccino, aromer, f\u00e4rg\u00e4mne (karmin) \u2013 endast f\u00f6r Hallon, s\u00f6tningsmedel (sukralos, acesulfam K).<\/p>\n<\/div><div class=\"fusion-clearfix\"><\/div><\/div><\/div><div class=\"fusion-layout-column fusion_builder_column fusion-builder-column-3 fusion_builder_column_1_2 1_2 fusion-one-half fusion-column-last\" style=\"--awb-bg-size:cover;width:48%;\"><div class=\"fusion-column-wrapper fusion-flex-column-wrapper-legacy\"><div class=\"fusion-text fusion-text-6\"><p class=\"subtitle\"><b>Allergiinformation:<\/b><\/p>\n<p>Inneh\u00e5ller mj\u00f6lk, soja och vete. Kan inneh\u00e5lla sp\u00e5r av \u00e4gg.<\/p>\n<p class=\"subtitle\"><b>Viktig information:<\/b><\/p>\n<p>Denna produkt \u00e4r ett kosttillskott. Anv\u00e4nd produkten tillsammans med mat som en del av en h\u00e4lsosam och balanserad kost, inte som en ers\u00e4ttning f\u00f6r s\u00e5dan.<br \/>\nF\u00f6rvaras o\u00e5tkomligt f\u00f6r barn. Endast avsedd f\u00f6r personer \u00f6ver 18 \u00e5r. Ej avsedd f\u00f6r gravida eller ammande kvinnor! \u00d6verskrid inte den rekommenderade dagliga dosen.<br \/>\nF\u00f6rvaras p\u00e5 en sval och torr plats. Uts\u00e4tt inte f\u00f6r \u00f6verdriven v\u00e4rme, fukt eller solljus.<br \/>\nAnv\u00e4nds f\u00f6re utg\u00e5ngsdatumet som anges p\u00e5 f\u00f6rpackningen.<\/p>\n<\/div><div class=\"fusion-clearfix\"><\/div><\/div><\/div><\/div><\/div><div class=\"fusion-fullwidth fullwidth-box fusion-builder-row-3 nonhundred-percent-fullwidth non-hundred-percent-height-scrolling\" style=\"--awb-border-color:#f6f6f6;--awb-border-radius-top-left:0px;--awb-border-radius-top-right:0px;--awb-border-radius-bottom-right:0px;--awb-border-radius-bottom-left:0px;--awb-padding-top:10px;--awb-padding-right:0px;--awb-padding-bottom:0px;--awb-padding-left:0px;--awb-background-color:#fff;--awb-border-sizes-top:0px;--awb-border-sizes-bottom:0px;--awb-flex-wrap:wrap;\" ><div class=\"fusion-builder-row fusion-row\"><div class=\"fusion-layout-column fusion_builder_column fusion-builder-column-4 fusion_builder_column_1_1 1_1 fusion-one-full fusion-column-first fusion-column-last fusion-column-no-min-height\" style=\"--awb-bg-size:cover;--awb-margin-bottom:0px;\"><div class=\"fusion-column-wrapper fusion-flex-column-wrapper-legacy\"><div class=\"fusion-text fusion-text-7\"><p class=\"subtitle\" style=\"text-align: center;\"><b>N\u00c4RINGSFAKTA<\/b><\/p>\n<\/div><div class=\"fusion-clearfix\"><\/div><\/div><\/div><div class=\"fusion-layout-column fusion_builder_column fusion-builder-column-5 fusion_builder_column_1_1 1_1 fusion-one-full fusion-column-first fusion-column-last\" style=\"--awb-bg-size:cover;\"><div class=\"fusion-column-wrapper fusion-flex-column-wrapper-legacy\"><div class=\"fusion-text fusion-text-8\"><p>&nbsp;<\/p>\n<div class=\"table-1\">\n<table class=\"tb\" style=\"height: 1223px;\" width=\"477\">\n<tbody>\n<tr class=\"table-row_border\">\n<td colspan=\"3\"><strong>N\u00e4ringsinneh\u00e5ll per:<\/strong><\/p>\n<p>Portioner per f\u00f6rpackning: 40<br \/>\nPortionsstorlek: 1 r\u00e5gad skopa (45 g)<br \/>\nN\u00e4ringsinformationen kan variera n\u00e5got mellan smakerna.<\/td>\n<td colspan=\"2\">100 g<\/td>\n<td colspan=\"2\">35 g<\/td>\n<\/tr>\n<tr>\n<td colspan=\"3\">Energi<\/td>\n<td colspan=\"2\">1589,7 kJ \/ 374,8 kcal<\/td>\n<td colspan=\"2\">556,4 kJ \/ 131,2 kcal<\/td>\n<\/tr>\n<tr>\n<td colspan=\"3\">Proteiner<\/td>\n<td colspan=\"2\">68 g<\/td>\n<td colspan=\"2\">23,8 g<\/td>\n<\/tr>\n<tr>\n<td colspan=\"3\">Kolhydrater<\/td>\n<td colspan=\"2\">19,9 g<\/td>\n<td colspan=\"2\">7,0 g<\/td>\n<\/tr>\n<tr>\n<td colspan=\"3\">&#8211; varav sockerarter<\/td>\n<td colspan=\"2\">19,3 g<\/td>\n<td colspan=\"2\">6,8 g<\/td>\n<\/tr>\n<tr>\n<td colspan=\"3\">Totalt fett<\/td>\n<td colspan=\"2\">2,7 g<\/td>\n<td colspan=\"2\">0,95 g<\/td>\n<\/tr>\n<tr>\n<td colspan=\"3\">&#8211; varav m\u00e4ttat fett<\/td>\n<td colspan=\"2\">0,5 g<\/td>\n<td colspan=\"2\">0,18 g<\/td>\n<\/tr>\n<tr>\n<td colspan=\"3\">Natrium<\/td>\n<td colspan=\"2\">295 mg<\/td>\n<td colspan=\"2\">103 mg<\/td>\n<\/tr>\n<tr>\n<td colspan=\"3\">Kalcium<\/td>\n<td colspan=\"2\">341 mg (42,6 %*)<\/td>\n<td colspan=\"2\">119 mg (14,9 %*)<\/td>\n<\/tr>\n<tr>\n<td colspan=\"3\">Fosfor<\/td>\n<td colspan=\"2\">331 mg (47,3 %*)<\/td>\n<td colspan=\"2\">116 mg (16,6 %*)<\/td>\n<\/tr>\n<tr>\n<td colspan=\"3\">Leucin<\/td>\n<td colspan=\"2\">6550 mg<\/td>\n<td colspan=\"2\">2293 mg<\/td>\n<\/tr>\n<tr>\n<td colspan=\"3\">Isoleucin<\/td>\n<td colspan=\"2\">3305 mg<\/td>\n<td colspan=\"2\">1157 mg<\/td>\n<\/tr>\n<tr>\n<td colspan=\"3\">Valin<\/td>\n<td colspan=\"2\">3730 mg<\/td>\n<td colspan=\"2\">1306 mg<\/td>\n<\/tr>\n<tr>\n<td colspan=\"3\">Asparaginsyra<\/td>\n<td colspan=\"2\">2490 mg<\/td>\n<td colspan=\"2\">872 mg<\/td>\n<\/tr>\n<tr>\n<td colspan=\"3\">Glutaminsyra<\/td>\n<td colspan=\"2\">7484 mg<\/td>\n<td colspan=\"2\">2619 mg<\/td>\n<\/tr>\n<tr>\n<td colspan=\"3\">Serin<\/td>\n<td colspan=\"2\">4806 mg<\/td>\n<td colspan=\"2\">1682 mg<\/td>\n<\/tr>\n<tr>\n<td colspan=\"3\">Glycin<\/td>\n<td colspan=\"2\">2956 mg<\/td>\n<td colspan=\"2\">1035 mg<\/td>\n<\/tr>\n<tr>\n<td colspan=\"3\">Histidin<\/td>\n<td colspan=\"2\">1916 mg<\/td>\n<td colspan=\"2\">671 mg<\/td>\n<\/tr>\n<tr>\n<td colspan=\"3\">Arginin<\/td>\n<td colspan=\"2\">3107 mg<\/td>\n<td colspan=\"2\">1087 mg<\/td>\n<\/tr>\n<tr>\n<td colspan=\"3\">Treonin<\/td>\n<td colspan=\"2\">2561 mg<\/td>\n<td colspan=\"2\">896 mg<\/td>\n<\/tr>\n<tr>\n<td colspan=\"3\">Alanin<\/td>\n<td colspan=\"2\">2332 mg<\/td>\n<td colspan=\"2\">816 mg<\/td>\n<\/tr>\n<tr>\n<td colspan=\"3\">Prolin<\/td>\n<td colspan=\"2\">11552 mg<\/td>\n<td colspan=\"2\">4043 mg<\/td>\n<\/tr>\n<tr>\n<td colspan=\"3\">Tyrosin<\/td>\n<td colspan=\"2\">3047 mg<\/td>\n<td colspan=\"2\">1066 mg<\/td>\n<\/tr>\n<tr>\n<td colspan=\"3\">Metionin<\/td>\n<td colspan=\"2\">1369 mg<\/td>\n<td colspan=\"2\">479 mg<\/td>\n<\/tr>\n<tr>\n<td colspan=\"3\">Cystein<\/td>\n<td colspan=\"2\">981 mg<\/td>\n<td colspan=\"2\">343 mg<\/td>\n<\/tr>\n<tr>\n<td colspan=\"3\">Fenylalanin<\/td>\n<td colspan=\"2\">5021 mg<\/td>\n<td colspan=\"2\">1757 mg<\/td>\n<\/tr>\n<tr>\n<td colspan=\"3\">Lysin<\/td>\n<td colspan=\"2\">3707 mg<\/td>\n<td colspan=\"2\">1297 mg<\/td>\n<\/tr>\n<tr>\n<td colspan=\"3\">Tryptofan<\/td>\n<td colspan=\"2\">1084 mg<\/td>\n<td colspan=\"2\">379 mg<\/td>\n<\/tr>\n<tr>\n<td colspan=\"7\">%* NRV \u2013 Referensv\u00e4rden f\u00f6r n\u00e4rings\u00e4mnen (baserat p\u00e5 2000 kcal\/dag)<\/td>\n<\/tr>\n<\/tbody>\n<\/table>\n<\/div>\n<p>&nbsp;<\/p>\n<\/div><div class=\"fusion-clearfix\"><\/div><\/div><\/div><\/div><\/div><\/p>\n","protected":false},"excerpt":{"rendered":"","protected":false},"author":1,"featured_media":0,"parent":12490,"menu_order":0,"comment_status":"closed","ping_status":"closed","template":"","meta":{"footnotes":""},"class_list":["post-20438","page","type-page","status-publish","hentry"],"_links":{"self":[{"href":"https:\/\/vikingforce.se\/sv\/wp-json\/wp\/v2\/pages\/20438","targetHints":{"allow":["GET"]}}],"collection":[{"href":"https:\/\/vikingforce.se\/sv\/wp-json\/wp\/v2\/pages"}],"about":[{"href":"https:\/\/vikingforce.se\/sv\/wp-json\/wp\/v2\/types\/page"}],"author":[{"embeddable":true,"href":"https:\/\/vikingforce.se\/sv\/wp-json\/wp\/v2\/users\/1"}],"replies":[{"embeddable":true,"href":"https:\/\/vikingforce.se\/sv\/wp-json\/wp\/v2\/comments?post=20438"}],"version-history":[{"count":8,"href":"https:\/\/vikingforce.se\/sv\/wp-json\/wp\/v2\/pages\/20438\/revisions"}],"predecessor-version":[{"id":23578,"href":"https:\/\/vikingforce.se\/sv\/wp-json\/wp\/v2\/pages\/20438\/revisions\/23578"}],"up":[{"embeddable":true,"href":"https:\/\/vikingforce.se\/sv\/wp-json\/wp\/v2\/pages\/12490"}],"wp:attachment":[{"href":"https:\/\/vikingforce.se\/sv\/wp-json\/wp\/v2\/media?parent=20438"}],"curies":[{"name":"wp","href":"https:\/\/api.w.org\/{rel}","templated":true}]}}