{"id":20429,"date":"2022-12-17T08:39:32","date_gmt":"2022-12-17T08:39:32","guid":{"rendered":"https:\/\/vikingforce.se\/weight-gainers\/complete-creatine\/"},"modified":"2025-05-16T16:02:47","modified_gmt":"2025-05-16T16:02:47","slug":"complete-creatine","status":"publish","type":"page","link":"https:\/\/vikingforce.se\/sv\/weight-gainers\/complete-creatine\/","title":{"rendered":"Complete Creatine"},"content":{"rendered":"<p><div class=\"fusion-fullwidth fullwidth-box fusion-builder-row-1 nonhundred-percent-fullwidth non-hundred-percent-height-scrolling\" style=\"--awb-background-position:center top;--awb-border-color:#f6f6f6;--awb-border-radius-top-left:0px;--awb-border-radius-top-right:0px;--awb-border-radius-bottom-right:0px;--awb-border-radius-bottom-left:0px;--awb-padding-top:1px;--awb-padding-right:0px;--awb-padding-bottom:30px;--awb-padding-left:0px;--awb-background-color:#fff;--awb-border-sizes-top:1px;--awb-border-sizes-bottom:1px;--awb-flex-wrap:wrap;\" ><div class=\"fusion-builder-row fusion-row\"><div class=\"fusion-layout-column fusion_builder_column fusion-builder-column-0 fusion_builder_column_1_2 1_2 fusion-one-half fusion-column-first\" style=\"--awb-bg-size:cover;width:48%; margin-right: 4%;\"><div class=\"fusion-column-wrapper fusion-flex-column-wrapper-legacy\"><div class=\"fusion-text fusion-text-1\"><p><a href=\"https:\/\/vikingforce.se\/wp-content\/uploads\/2022\/08\/600ML-complete-creatine-raspberry-Current-View.png\"><img decoding=\"async\" class=\"alignnone wp-image-20167 size-full\" src=\"https:\/\/vikingforce.se\/wp-content\/uploads\/2022\/08\/600ML-complete-creatine-raspberry-Current-View.png\" alt=\"\" width=\"2000\" height=\"2000\" srcset=\"https:\/\/vikingforce.se\/wp-content\/uploads\/2022\/08\/600ML-complete-creatine-raspberry-Current-View-66x66.png 66w, https:\/\/vikingforce.se\/wp-content\/uploads\/2022\/08\/600ML-complete-creatine-raspberry-Current-View-150x150.png 150w, https:\/\/vikingforce.se\/wp-content\/uploads\/2022\/08\/600ML-complete-creatine-raspberry-Current-View-200x200.png 200w, https:\/\/vikingforce.se\/wp-content\/uploads\/2022\/08\/600ML-complete-creatine-raspberry-Current-View-300x300.png 300w, https:\/\/vikingforce.se\/wp-content\/uploads\/2022\/08\/600ML-complete-creatine-raspberry-Current-View-400x400.png 400w, https:\/\/vikingforce.se\/wp-content\/uploads\/2022\/08\/600ML-complete-creatine-raspberry-Current-View-600x600.png 600w, https:\/\/vikingforce.se\/wp-content\/uploads\/2022\/08\/600ML-complete-creatine-raspberry-Current-View-768x768.png 768w, https:\/\/vikingforce.se\/wp-content\/uploads\/2022\/08\/600ML-complete-creatine-raspberry-Current-View-800x800.png 800w, https:\/\/vikingforce.se\/wp-content\/uploads\/2022\/08\/600ML-complete-creatine-raspberry-Current-View-1024x1024.png 1024w, https:\/\/vikingforce.se\/wp-content\/uploads\/2022\/08\/600ML-complete-creatine-raspberry-Current-View-1200x1200.png 1200w, https:\/\/vikingforce.se\/wp-content\/uploads\/2022\/08\/600ML-complete-creatine-raspberry-Current-View-1536x1536.png 1536w, https:\/\/vikingforce.se\/wp-content\/uploads\/2022\/08\/600ML-complete-creatine-raspberry-Current-View.png 2000w\" sizes=\"(max-width: 2000px) 100vw, 2000px\" \/><\/a><\/p>\n<\/div><div class=\"fusion-clearfix\"><\/div><\/div><\/div><div class=\"fusion-layout-column fusion_builder_column fusion-builder-column-1 fusion_builder_column_1_2 1_2 fusion-one-half fusion-column-last\" style=\"--awb-bg-size:cover;width:48%;\"><div class=\"fusion-column-wrapper fusion-flex-column-wrapper-legacy\"><div class=\"fusion-sep-clear\"><\/div><div class=\"fusion-separator fusion-full-width-sep\" style=\"margin-left: auto;margin-right: auto;margin-top:30px;width:100%;\"><\/div><div class=\"fusion-sep-clear\"><\/div><div class=\"fusion-title title fusion-title-1 fusion-sep-none fusion-title-text fusion-title-size-one title-wg\" style=\"--awb-margin-bottom:5px;\"><h1 class=\"fusion-title-heading title-heading-left\" style=\"margin:0;\"><div style=\"text-align: center;\"><span style=\"font-size: var(--h1_typography-font-size); font-style: var(--h1_typography-font-style,normal); font-weight: var(--h1_typography-font-weight); letter-spacing: var(--h1_typography-letter-spacing);\">VIKING COMPLETE CREATINE<\/span><\/div><\/h1><\/div><div class=\"fusion-text fusion-text-2\"><p style=\"text-align: center;\">(Kosttillskott)<\/p>\n<\/div><div class=\"fusion-text fusion-text-3\"><p class=\"subtitle-wg\" style=\"text-align: center;\">Nettovikt: 300 g<\/p>\n<p class=\"subtitle-wg\" style=\"text-align: center;\">Portioner\/beh\u00e5llare : 30<\/p>\n<\/div><div class=\"fusion-clearfix\"><\/div><\/div><\/div><\/div><\/div><div class=\"fusion-fullwidth fullwidth-box fusion-builder-row-2 nonhundred-percent-fullwidth non-hundred-percent-height-scrolling\" style=\"--awb-border-color:#f6f6f6;--awb-border-radius-top-left:0px;--awb-border-radius-top-right:0px;--awb-border-radius-bottom-right:0px;--awb-border-radius-bottom-left:0px;--awb-padding-top:10px;--awb-padding-right:0px;--awb-padding-bottom:0px;--awb-padding-left:0px;--awb-background-color:#fff;--awb-border-sizes-top:0px;--awb-border-sizes-bottom:0px;--awb-flex-wrap:wrap;\" ><div class=\"fusion-builder-row fusion-row\"><div class=\"fusion-layout-column fusion_builder_column fusion-builder-column-2 fusion_builder_column_1_2 1_2 fusion-one-half fusion-column-first\" style=\"--awb-bg-size:cover;width:48%; margin-right: 4%;\"><div class=\"fusion-column-wrapper fusion-flex-column-wrapper-legacy\"><div class=\"fusion-text fusion-text-4\"><p><b style=\"color: rgb(0, 0, 0);\">Smaker:<\/b><\/p>\n<p>Bl\u00e5b\u00e4r, Hallon<\/p>\n<p class=\"subtitle-wg\">Bruksanvisning:<\/p>\n<p>Blanda 1 skopa (1 skopa = 10 g) av COMPLETE CREATINE med 150\u2013200 ml vatten. Konsumera en portion dagligen.<\/p>\n<p class=\"subtitle-wg\"><span style=\"font-family: var(--body_typography-font-family); font-size: var(--body_typography-font-size); font-style: var(--body_typography-font-style,normal); letter-spacing: var(--body_typography-letter-spacing);\">Ingredienser:<\/span><\/p>\n<p class=\"subtitle-wg\">\n<span style=\"font-family: var(--body_typography-font-family); font-size: var(--body_typography-font-size); font-style: var(--body_typography-font-style,normal); letter-spacing: var(--body_typography-letter-spacing);\"><br \/>\n&#8211;<span style=\"color: rgb(116, 116, 116);\">f\u00f6r hallonsmak<\/span><\/span>\n<\/p>\n<p>Complete Creatine Mix (Kreatinmonohydrat, Di-Kreatinmalat, Tri-Kreatincitrat, Kreatinetylester, Kreatin Alfa-Ketoglutarat),<br \/>\nTaurin, Inulin, Beta-Alanin, Arom, Surhetsreglerande medel (citronsyra), Klumpf\u00f6rebyggande medel (kiseloxid), S\u00f6tningsmedel (Sukralos, Acesulfam K), F\u00e4rg\u00e4mne (Karmin).<\/p>\n<p class=\"subtitle-wg\">Allergiinformation:<\/p>\n<p>Kan inneh\u00e5lla sp\u00e5r av mj\u00f6lk, soja, \u00e4gg och vete (gluten).<\/p>\n<p class=\"subtitle-wg\">Viktig information:<\/p>\n<p>Denna produkt \u00e4r ett kosttillskott. Anv\u00e4nd denna produkt tillsammans med mat som en del av en h\u00e4lsosam, balanserad kost, inte som ers\u00e4ttning f\u00f6r s\u00e5dan. Rekommenderas ej f\u00f6r barn, gravida eller ammande kvinnor. Endast avsedd f\u00f6r personer \u00f6ver 18 \u00e5r. \u00d6verskrid inte den rekommenderade dagliga dosen. F\u00f6rvara p\u00e5 en sval, torr plats. Uts\u00e4tt inte f\u00f6r \u00f6verdriven v\u00e4rme, fukt eller solljus. B\u00e4st f\u00f6re utg\u00e5ngsdatum angivet p\u00e5 f\u00f6rpackningen.<\/p>\n<\/div><div class=\"fusion-clearfix\"><\/div><\/div><\/div><div class=\"fusion-layout-column fusion_builder_column fusion-builder-column-3 fusion_builder_column_1_2 1_2 fusion-one-half fusion-column-last\" style=\"--awb-bg-size:cover;width:48%;\"><div class=\"fusion-column-wrapper fusion-flex-column-wrapper-legacy\"><div class=\"fusion-text fusion-text-5\"><p class=\"subtitle-wg\">N\u00c4RINGSINNEH\u00c5LL<\/p>\n<\/div><div class=\"fusion-text fusion-text-6\"><div class=\"table-1\">\n<table class=\"tb\" width=\"100%\">\n<tbody>\n<tr class=\"table-row_border\">\n<td colspan=\"3\"><strong>N\u00e4ringsinneh\u00e5ll per:<\/strong><\/p>\n<p>Portioner per beh\u00e5llare: 30<\/td>\n<td colspan=\"2\">1 portion (10 g)<\/td>\n<td colspan=\"2\">100 g<\/td>\n<\/tr>\n<tr>\n<td colspan=\"3\">Energiv\u00e4rde<\/td>\n<td colspan=\"2\">7,01\u00a0 kJ \/ 1,75 kcal<\/td>\n<td colspan=\"2\">70,14 kJ \/<br \/>\n17,54 kcal<\/td>\n<\/tr>\n<tr>\n<td colspan=\"3\">Kolhydrater<\/td>\n<td colspan=\"2\">0 g<\/td>\n<td colspan=\"2\">\u00a00 g<\/td>\n<\/tr>\n<tr>\n<td colspan=\"3\">\u00a0varav socker<\/td>\n<td colspan=\"2\">0 g<\/td>\n<td colspan=\"2\">\u00a0 0 g<\/td>\n<\/tr>\n<tr>\n<td colspan=\"3\">Fiber<\/td>\n<td colspan=\"2\">1,16 g<\/td>\n<td colspan=\"2\">11,6 g<\/td>\n<\/tr>\n<tr>\n<td colspan=\"3\">Kreatinmonohydrat<\/td>\n<td colspan=\"2\">3000 mg<\/td>\n<td colspan=\"2\">30000 mg<\/td>\n<\/tr>\n<tr>\n<td colspan=\"3\">Di-Creatine Malate<\/td>\n<td colspan=\"2\">500 mg<\/td>\n<td colspan=\"2\">5000 mg<\/td>\n<\/tr>\n<tr>\n<td colspan=\"3\">Tri-kreatincitrat<\/td>\n<td colspan=\"2\">500 mg<\/td>\n<td colspan=\"2\">5000 mg<\/td>\n<\/tr>\n<tr>\n<td colspan=\"3\">Kreatinetylester<\/td>\n<td colspan=\"2\">500 mg<\/td>\n<td colspan=\"2\">5000 mg<\/td>\n<\/tr>\n<tr>\n<td colspan=\"3\">Kreatin alfa-ketoglutarat<\/td>\n<td colspan=\"2\">500 mg<\/td>\n<td colspan=\"2\">5000 mg<\/td>\n<\/tr>\n<tr>\n<td colspan=\"3\">Taurine<\/td>\n<td colspan=\"2\">2000 mg<\/td>\n<td colspan=\"2\">20000 mg<\/td>\n<\/tr>\n<tr>\n<td colspan=\"3\">Beta-Alanine<\/td>\n<td colspan=\"2\">1000 mg<\/td>\n<td colspan=\"2\">10000 mg<\/td>\n<\/tr>\n<\/tbody>\n<\/table>\n<\/div>\n<\/div><div class=\"fusion-clearfix\"><\/div><\/div><\/div><\/div><\/div><\/p>\n","protected":false},"excerpt":{"rendered":"","protected":false},"author":1,"featured_media":0,"parent":12514,"menu_order":0,"comment_status":"closed","ping_status":"closed","template":"","meta":{"footnotes":""},"class_list":["post-20429","page","type-page","status-publish","hentry"],"_links":{"self":[{"href":"https:\/\/vikingforce.se\/sv\/wp-json\/wp\/v2\/pages\/20429","targetHints":{"allow":["GET"]}}],"collection":[{"href":"https:\/\/vikingforce.se\/sv\/wp-json\/wp\/v2\/pages"}],"about":[{"href":"https:\/\/vikingforce.se\/sv\/wp-json\/wp\/v2\/types\/page"}],"author":[{"embeddable":true,"href":"https:\/\/vikingforce.se\/sv\/wp-json\/wp\/v2\/users\/1"}],"replies":[{"embeddable":true,"href":"https:\/\/vikingforce.se\/sv\/wp-json\/wp\/v2\/comments?post=20429"}],"version-history":[{"count":5,"href":"https:\/\/vikingforce.se\/sv\/wp-json\/wp\/v2\/pages\/20429\/revisions"}],"predecessor-version":[{"id":23657,"href":"https:\/\/vikingforce.se\/sv\/wp-json\/wp\/v2\/pages\/20429\/revisions\/23657"}],"up":[{"embeddable":true,"href":"https:\/\/vikingforce.se\/sv\/wp-json\/wp\/v2\/pages\/12514"}],"wp:attachment":[{"href":"https:\/\/vikingforce.se\/sv\/wp-json\/wp\/v2\/media?parent=20429"}],"curies":[{"name":"wp","href":"https:\/\/api.w.org\/{rel}","templated":true}]}}