{"id":20014,"date":"2022-01-20T07:37:58","date_gmt":"2022-01-20T07:37:58","guid":{"rendered":"https:\/\/vikingforce.se\/vitamins\/enzyme-complex\/"},"modified":"2025-05-16T15:31:36","modified_gmt":"2025-05-16T15:31:36","slug":"enzyme-complex","status":"publish","type":"page","link":"https:\/\/vikingforce.se\/sv\/vitamins\/enzyme-complex\/","title":{"rendered":"ENZYME COMPLEX"},"content":{"rendered":"<p><div class=\"fusion-fullwidth fullwidth-box fusion-builder-row-1 nonhundred-percent-fullwidth non-hundred-percent-height-scrolling\" style=\"--awb-background-position:center top;--awb-border-color:#f6f6f6;--awb-border-radius-top-left:0px;--awb-border-radius-top-right:0px;--awb-border-radius-bottom-right:0px;--awb-border-radius-bottom-left:0px;--awb-padding-top:1px;--awb-padding-right:0px;--awb-padding-bottom:30px;--awb-padding-left:0px;--awb-background-color:#fff;--awb-border-sizes-top:1px;--awb-border-sizes-bottom:1px;--awb-flex-wrap:wrap;\" ><div class=\"fusion-builder-row fusion-row\"><div class=\"fusion-layout-column fusion_builder_column fusion-builder-column-0 fusion_builder_column_1_2 1_2 fusion-one-half fusion-column-first\" style=\"--awb-bg-size:cover;width:48%; margin-right: 4%;\"><div class=\"fusion-column-wrapper fusion-flex-column-wrapper-legacy\"><div class=\"fusion-sep-clear\"><\/div><div class=\"fusion-separator fusion-full-width-sep\" style=\"margin-left: auto;margin-right: auto;margin-top:60px;width:100%;\"><\/div><div class=\"fusion-sep-clear\"><\/div><div class=\"fusion-text fusion-text-1\"><p><a href=\"https:\/\/vikingforce.se\/wp-content\/uploads\/2024\/03\/VIKING-Enzyme-Complex-60-tablets-3-800x800-1.png\"><img decoding=\"async\" class=\"alignnone wp-image-21801 size-full\" src=\"https:\/\/vikingforce.se\/wp-content\/uploads\/2024\/03\/VIKING-Enzyme-Complex-60-tablets-3-800x800-1.png\" alt=\"\" width=\"800\" height=\"800\" srcset=\"https:\/\/vikingforce.se\/wp-content\/uploads\/2024\/03\/VIKING-Enzyme-Complex-60-tablets-3-800x800-1-66x66.png 66w, https:\/\/vikingforce.se\/wp-content\/uploads\/2024\/03\/VIKING-Enzyme-Complex-60-tablets-3-800x800-1-150x150.png 150w, https:\/\/vikingforce.se\/wp-content\/uploads\/2024\/03\/VIKING-Enzyme-Complex-60-tablets-3-800x800-1-200x200.png 200w, https:\/\/vikingforce.se\/wp-content\/uploads\/2024\/03\/VIKING-Enzyme-Complex-60-tablets-3-800x800-1-300x300.png 300w, https:\/\/vikingforce.se\/wp-content\/uploads\/2024\/03\/VIKING-Enzyme-Complex-60-tablets-3-800x800-1-400x400.png 400w, https:\/\/vikingforce.se\/wp-content\/uploads\/2024\/03\/VIKING-Enzyme-Complex-60-tablets-3-800x800-1-600x600.png 600w, https:\/\/vikingforce.se\/wp-content\/uploads\/2024\/03\/VIKING-Enzyme-Complex-60-tablets-3-800x800-1-768x768.png 768w, https:\/\/vikingforce.se\/wp-content\/uploads\/2024\/03\/VIKING-Enzyme-Complex-60-tablets-3-800x800-1.png 800w\" sizes=\"(max-width: 800px) 100vw, 800px\" \/><\/a><\/p>\n<\/div><div class=\"fusion-clearfix\"><\/div><\/div><\/div><div class=\"fusion-layout-column fusion_builder_column fusion-builder-column-1 fusion_builder_column_1_2 1_2 fusion-one-half fusion-column-last\" style=\"--awb-bg-size:cover;width:48%;\"><div class=\"fusion-column-wrapper fusion-flex-column-wrapper-legacy\"><div class=\"fusion-title title fusion-title-1 fusion-sep-none fusion-title-text fusion-title-size-one title-wg\" style=\"--awb-margin-bottom:5px;\"><h1 class=\"fusion-title-heading title-heading-left\" style=\"margin:0;\"><div style=\"text-align: center;\">VIKING ENZYME COMPLEX<\/div><\/h1><\/div><div class=\"fusion-text fusion-text-2\"><p style=\"text-align: center;\">(Kosttillskott)<\/p>\n<\/div><div class=\"fusion-text fusion-text-3\"><p><!--<img decoding=\"async\" class=\"size-large wp-image-11808 aligncenter\" src=\"https:\/\/vikingforce.se\/wp-content\/uploads\/2015\/12\/aroma-empire-whey-1024x110.jpg\" alt=\"aroma-empire-whey\" width=\"669\" height=\"72\" srcset=\"https:\/\/vikingforce.se\/wp-content\/uploads\/2015\/12\/aroma-empire-whey-300x32.jpg 300w, https:\/\/vikingforce.se\/wp-content\/uploads\/2015\/12\/aroma-empire-whey-1024x110.jpg 1024w\" sizes=\"(max-width: 669px) 100vw, 669px\" \/>--><\/p>\n<\/div><div class=\"fusion-text fusion-text-4\"><p><!--<img decoding=\"async\" class=\"wp-image-11807 aligncenter\" src=\"https:\/\/vikingforce.se\/wp-content\/uploads\/2015\/12\/serving-empire-whey.jpg\" alt=\"serving-empire-whey\" width=\"147\" height=\"115\" \/>--><\/p>\n<\/div><div class=\"fusion-text fusion-text-5\"><p class=\"subtitle-wg\" style=\"text-align: center;\">Nettovikt: 60 g<\/p>\n<p class=\"subtitle-wg\" style=\"text-align: center;\">60 surfplattor<\/p>\n<\/div><div class=\"fusion-clearfix\"><\/div><\/div><\/div><\/div><\/div><div class=\"fusion-fullwidth fullwidth-box fusion-builder-row-2 nonhundred-percent-fullwidth non-hundred-percent-height-scrolling\" style=\"--awb-border-color:#f6f6f6;--awb-border-radius-top-left:0px;--awb-border-radius-top-right:0px;--awb-border-radius-bottom-right:0px;--awb-border-radius-bottom-left:0px;--awb-padding-top:10px;--awb-padding-right:0px;--awb-padding-bottom:0px;--awb-padding-left:0px;--awb-background-color:#fff;--awb-border-sizes-top:0px;--awb-border-sizes-bottom:0px;--awb-flex-wrap:wrap;\" ><div class=\"fusion-builder-row fusion-row\"><div class=\"fusion-layout-column fusion_builder_column fusion-builder-column-2 fusion_builder_column_1_2 1_2 fusion-one-half fusion-column-first\" style=\"--awb-bg-size:cover;width:48%; margin-right: 4%;\"><div class=\"fusion-column-wrapper fusion-flex-column-wrapper-legacy\"><div class=\"fusion-text fusion-text-6\"><p class=\"subtitle-vit\">Anv\u00e4ndningsanvisning:<\/p>\n<p>En tablett tas dagligen i samband med en m\u00e5ltid, helst till frukost.<\/p>\n<p class=\"subtitle-vit\">Ingredienser:<\/p>\n<p>Digezyme\u00ae Multienzymkomplex (alfa-amylas, proteas, laktas, lipas, cellulase), klumpf\u00f6rebyggande medel (mikrokristallin cellulosa, kiseldioxid, magnesiumstearat).<\/p>\n<p class=\"subtitle-vit\">Allergiinformation:<\/p>\n<p>Tillverkad i en anl\u00e4ggning som hanterar mj\u00f6lk, \u00e4gg, vete och sojaprotein.<\/p>\n<p class=\"subtitle-vit\">Viktig information:<\/p>\n<p>Denna produkt \u00e4r ett kosttillskott. Anv\u00e4nd produkten tillsammans med mat som en del av en h\u00e4lsosam och balanserad kost, inte som ers\u00e4ttning f\u00f6r s\u00e5dan. F\u00f6rvaras o\u00e5tkomligt f\u00f6r barn. Ej avsedd f\u00f6r gravida eller ammande kvinnor! \u00d6verskrid inte rekommenderad daglig dos.<br \/>\nF\u00f6rvaras p\u00e5 en sval, torr plats. Uts\u00e4tts inte f\u00f6r \u00f6verdriven v\u00e4rme, fukt eller solljus. Anv\u00e4nd f\u00f6re utg\u00e5ngsdatumet som anges p\u00e5 f\u00f6rpackningen.<\/p>\n<\/div><div class=\"fusion-clearfix\"><\/div><\/div><\/div><div class=\"fusion-layout-column fusion_builder_column fusion-builder-column-3 fusion_builder_column_1_2 1_2 fusion-one-half fusion-column-last\" style=\"--awb-bg-size:cover;width:48%;\"><div class=\"fusion-column-wrapper fusion-flex-column-wrapper-legacy\"><div class=\"fusion-text fusion-text-7\"><p class=\"subtitle-vit\">N\u00c4RINGSFAKTA<\/p>\n<\/div><div class=\"fusion-text fusion-text-8\"><div class=\"table-1\">\n<table class=\"tb\" width=\"100%\">\n<tbody>\n<tr class=\"table-row_border\">\n<td colspan=\"6\">Portionsstorlek: 1 tablett<\/td>\n<td style=\"text-align: center;\" colspan=\"4\">Portioner per f\u00f6rpackning: 60<\/td>\n<\/tr>\n<tr>\n<td colspan=\"6\"><strong>Kosttillskottsfakta per:<\/strong><\/td>\n<td style=\"text-align: center;\" colspan=\"4\"><strong>1 portion (1 tablett)<\/strong><\/td>\n<\/tr>\n<tr>\n<td colspan=\"6\">Energiv\u00e4rde<\/td>\n<td style=\"text-align: center;\" colspan=\"4\">1,6 kcal \/ 6,8 kJ<\/td>\n<\/tr>\n<tr>\n<td colspan=\"6\">Proteiner<\/td>\n<td style=\"text-align: center;\" colspan=\"4\">0,12 g<\/td>\n<\/tr>\n<tr>\n<td colspan=\"6\">Kolhydrater<\/td>\n<td style=\"text-align: center;\" colspan=\"4\">0,28 g<\/td>\n<\/tr>\n<tr>\n<td colspan=\"6\">Fetter<\/td>\n<td style=\"text-align: center;\" colspan=\"4\">0 g<\/td>\n<\/tr>\n<tr>\n<td colspan=\"6\">Digezyme\u00ae Multienzymkomplex<\/td>\n<td style=\"text-align: center;\" colspan=\"4\">400 mg<\/td>\n<\/tr>\n<tr>\n<td colspan=\"6\">varav Alfa-Amylas<\/td>\n<td style=\"text-align: center;\" colspan=\"4\">72 mg (394 DU-enheter*)<\/td>\n<\/tr>\n<tr>\n<td colspan=\"6\">Proteas<\/td>\n<td style=\"text-align: center;\" colspan=\"4\">4,8 mg (2400 PC-enheter*)<\/td>\n<\/tr>\n<tr>\n<td colspan=\"6\">Laktas<\/td>\n<td style=\"text-align: center;\" colspan=\"4\">35 mg (1600 LAC-enheter*)<\/td>\n<\/tr>\n<tr>\n<td colspan=\"6\">Lipas<\/td>\n<td style=\"text-align: center;\" colspan=\"4\">0,8 mg (480 FIP-enheter*)<\/td>\n<\/tr>\n<tr>\n<td colspan=\"6\">Cellulas<\/td>\n<td style=\"text-align: center;\" colspan=\"4\">7,7 mg (440 CU-enheter*)<\/td>\n<\/tr>\n<\/tbody>\n<\/table>\n<p>* Enzymaktivitetsenheter enligt Food Chemical Codex.\n<\/p>\n<\/div>\n<\/div><div class=\"fusion-clearfix\"><\/div><\/div><\/div><\/div><\/div><\/p>\n","protected":false},"excerpt":{"rendered":"","protected":false},"author":1,"featured_media":0,"parent":12511,"menu_order":0,"comment_status":"closed","ping_status":"closed","template":"","meta":{"footnotes":""},"class_list":["post-20014","page","type-page","status-publish","hentry"],"_links":{"self":[{"href":"https:\/\/vikingforce.se\/sv\/wp-json\/wp\/v2\/pages\/20014","targetHints":{"allow":["GET"]}}],"collection":[{"href":"https:\/\/vikingforce.se\/sv\/wp-json\/wp\/v2\/pages"}],"about":[{"href":"https:\/\/vikingforce.se\/sv\/wp-json\/wp\/v2\/types\/page"}],"author":[{"embeddable":true,"href":"https:\/\/vikingforce.se\/sv\/wp-json\/wp\/v2\/users\/1"}],"replies":[{"embeddable":true,"href":"https:\/\/vikingforce.se\/sv\/wp-json\/wp\/v2\/comments?post=20014"}],"version-history":[{"count":5,"href":"https:\/\/vikingforce.se\/sv\/wp-json\/wp\/v2\/pages\/20014\/revisions"}],"predecessor-version":[{"id":23636,"href":"https:\/\/vikingforce.se\/sv\/wp-json\/wp\/v2\/pages\/20014\/revisions\/23636"}],"up":[{"embeddable":true,"href":"https:\/\/vikingforce.se\/sv\/wp-json\/wp\/v2\/pages\/12511"}],"wp:attachment":[{"href":"https:\/\/vikingforce.se\/sv\/wp-json\/wp\/v2\/media?parent=20014"}],"curies":[{"name":"wp","href":"https:\/\/api.w.org\/{rel}","templated":true}]}}