{"id":19997,"date":"2022-01-19T13:11:51","date_gmt":"2022-01-19T13:11:51","guid":{"rendered":"https:\/\/vikingforce.se\/vitamins\/vitamin-cd3-liquid\/"},"modified":"2025-05-16T15:35:38","modified_gmt":"2025-05-16T15:35:38","slug":"vitamin-cd3-liquid","status":"publish","type":"page","link":"https:\/\/vikingforce.se\/sv\/vitamins\/vitamin-cd3-liquid\/","title":{"rendered":"VITAMIN C+D3 LIQUID"},"content":{"rendered":"<p><div class=\"fusion-fullwidth fullwidth-box fusion-builder-row-1 nonhundred-percent-fullwidth non-hundred-percent-height-scrolling\" style=\"--awb-background-position:left top;--awb-border-radius-top-left:0px;--awb-border-radius-top-right:0px;--awb-border-radius-bottom-right:0px;--awb-border-radius-bottom-left:0px;--awb-padding-top:20px;--awb-padding-bottom:20px;--awb-border-sizes-top:0px;--awb-border-sizes-bottom:0px;--awb-flex-wrap:wrap;\" ><div class=\"fusion-builder-row fusion-row\"><div class=\"fusion-layout-column fusion_builder_column fusion-builder-column-0 fusion_builder_column_1_2 1_2 fusion-one-half fusion-column-first\" style=\"--awb-bg-size:cover;width:48%; margin-right: 4%;\"><div class=\"fusion-column-wrapper fusion-flex-column-wrapper-legacy\"><div class=\"fusion-sep-clear\"><\/div><div class=\"fusion-separator fusion-full-width-sep\" style=\"margin-left: auto;margin-right: auto;width:100%;\"><\/div><div class=\"fusion-sep-clear\"><\/div><div class=\"fusion-text fusion-text-1\"><p style=\"text-align: center;\"><a href=\"https:\/\/vikingforce.se\/wp-content\/uploads\/2021\/07\/VIKING-VITAMIN-CD3Zinc-Orange-Flavour-500ml-CurrentaView.png\"><img decoding=\"async\" class=\"alignnone wp-image-19596 size-full\" src=\"https:\/\/vikingforce.se\/wp-content\/uploads\/2021\/07\/VIKING-VITAMIN-CD3Zinc-Orange-Flavour-500ml-CurrentaView.png\" alt=\"\" width=\"600\" height=\"741\" srcset=\"https:\/\/vikingforce.se\/wp-content\/uploads\/2021\/07\/VIKING-VITAMIN-CD3Zinc-Orange-Flavour-500ml-CurrentaView-200x247.png 200w, https:\/\/vikingforce.se\/wp-content\/uploads\/2021\/07\/VIKING-VITAMIN-CD3Zinc-Orange-Flavour-500ml-CurrentaView-243x300.png 243w, https:\/\/vikingforce.se\/wp-content\/uploads\/2021\/07\/VIKING-VITAMIN-CD3Zinc-Orange-Flavour-500ml-CurrentaView-400x494.png 400w, https:\/\/vikingforce.se\/wp-content\/uploads\/2021\/07\/VIKING-VITAMIN-CD3Zinc-Orange-Flavour-500ml-CurrentaView.png 600w\" sizes=\"(max-width: 600px) 100vw, 600px\" \/><\/a><\/p>\n<\/div><div class=\"fusion-clearfix\"><\/div><\/div><\/div><div class=\"fusion-layout-column fusion_builder_column fusion-builder-column-1 fusion_builder_column_1_2 1_2 fusion-one-half fusion-column-last\" style=\"--awb-bg-size:cover;width:48%;\"><div class=\"fusion-column-wrapper fusion-flex-column-wrapper-legacy\"><div class=\"fusion-title title fusion-title-1 fusion-sep-none fusion-title-text fusion-title-size-one title-wg\" style=\"--awb-margin-bottom:5px;\"><h1 class=\"fusion-title-heading title-heading-left\" style=\"margin:0;\"><div style=\"text-align: center;\"><span style=\"background-color: rgba(255, 255, 255, 0);\">VIKING VITAMIN C+D3 LIQUID<\/span><\/div><\/h1><\/div><div class=\"fusion-text fusion-text-2\"><p style=\"text-align: center;\">(Kosttillskott)<\/p>\n<\/div><div class=\"fusion-text fusion-text-3 omega-widget\"><\/div><div class=\"fusion-text fusion-text-4\"><p class=\"subtitle-wg\" style=\"text-align: center;\">Nettovikt: 500 ml<\/p>\n<p class=\"subtitle-wg\" style=\"text-align: center;\">Portioner\/beh\u00e5llare : 20<\/p>\n<\/div><div class=\"fusion-clearfix\"><\/div><\/div><\/div><\/div><\/div><div class=\"fusion-fullwidth fullwidth-box fusion-builder-row-2 hundred-percent-fullwidth non-hundred-percent-height-scrolling\" style=\"--awb-border-radius-top-left:0px;--awb-border-radius-top-right:0px;--awb-border-radius-bottom-right:0px;--awb-border-radius-bottom-left:0px;--awb-overflow:visible;--awb-flex-wrap:wrap;\" ><div class=\"fusion-builder-row fusion-row\"><div class=\"fusion-layout-column fusion_builder_column fusion-builder-column-2 fusion_builder_column_1_2 1_2 fusion-one-half fusion-column-first\" style=\"--awb-bg-size:cover;width:48%; margin-right: 4%;\"><div class=\"fusion-column-wrapper fusion-flex-column-wrapper-legacy\"><div class=\"fusion-text fusion-text-5\"><p class=\"subtitle-vit\">BRUKSANVISNING:<\/p>\n<p>Skaka v\u00e4l innan anv\u00e4ndning. Ta 15-25 ml dagligen, helst p\u00e5 morgonen. Blanda i vatten eller juice, eller ta outsp\u00e4dd efter \u00f6nskem\u00e5l.<br \/>\n<b style=\"color: #7eb33f;\">SMAK<\/b><span style=\"color: #7eb33f;\"> :<\/span> apelsin<\/p>\n<p class=\"subtitle-vit\">ALLERGIINFORMATION:<\/p>\n<p>Tillverkad i en anl\u00e4ggning som \u00e4ven bearbetar mj\u00f6lk, soja, \u00e4gg och vete (gluten) protein.<\/p>\n<p class=\"subtitle-vit\">VIKTIG INFORMATION:<\/p>\n<p>Denna produkt \u00e4r ett kosttillskott. Anv\u00e4nd denna produkt tillsammans med mat som en del av en h\u00e4lsosam, balanserad kost, inte som en ers\u00e4ttning f\u00f6r s\u00e5dan. F\u00f6rvara utom r\u00e4ckh\u00e5ll f\u00f6r barn. Ej avsedd f\u00f6r anv\u00e4ndning av gravida eller ammande kvinnor! \u00d6verskrid inte den rekommenderade dagliga dosen.<br \/>\nF\u00f6rvara p\u00e5 en sval plats. H\u00e5ll borta fr\u00e5n direkt solljus. F\u00f6rvara i kylsk\u00e5p efter \u00f6ppnande och konsumera inom 2 m\u00e5nader. b\u00e4st f\u00f6re det utg\u00e5ngsdatum som \u00e4r skrivet p\u00e5 f\u00f6rpackningen.<\/p>\n<\/div><div class=\"fusion-text fusion-text-6\"><p class=\"subtitle-vit\">INGREDIENSER:<\/p>\n<p>Multifiltrerat vatten, \u00e4ppeljuicekoncentrat, askorbinsyra (vitamin C), surg\u00f6rande medel (citronsyra), apelsinsmak, zinkcitrat, konserveringsmedel (kaliumsorbat, natriumbensoat), kolekalciferol (vitamin D3), betakaroten, s\u00f6tningsmedel (sukralos, acesulfam k).<\/p>\n<\/div><div class=\"fusion-clearfix\"><\/div><\/div><\/div><div class=\"fusion-layout-column fusion_builder_column fusion-builder-column-3 fusion_builder_column_1_2 1_2 fusion-one-half fusion-column-last\" style=\"--awb-bg-size:cover;width:48%;\"><div class=\"fusion-column-wrapper fusion-flex-column-wrapper-legacy\"><div class=\"fusion-text fusion-text-7\"><p class=\"subtitle-vit\">N\u00c4RINGSINNEH\u00c5LL<\/p>\n<\/div><div class=\"fusion-text fusion-text-8\"><div class=\"table-1\">\n<table class=\"tb\" width=\"100%\">\n<tbody>\n<tr class=\"table-row_border\">\n<td colspan=\"3\"><strong>Kompletterande fakta per:<\/strong><\/p>\n<p>Serveringsstorlek: 25 ml<\/p>\n<p>Portioner per beh\u00e5llare: 20<\/td>\n<td colspan=\"2\"><strong>25 ml<\/strong><\/td>\n<td colspan=\"2\"><strong>100 ml<\/strong><\/td>\n<\/tr>\n<tr>\n<td colspan=\"3\">Energiv\u00e4rde<\/p>\n<p>Proteiner<\/p>\n<p>Kolhydrater<\/p>\n<p>Fetter<\/td>\n<td colspan=\"2\">21 Kcal\/89,3 KJ<\/p>\n<p>0 g<\/p>\n<p>5,3 g<\/p>\n<p>0 g<\/td>\n<td colspan=\"2\">84 Kcal\/357 KJ<\/p>\n<p>0 g<\/p>\n<p>21 g<\/p>\n<p>0 g<\/td>\n<\/tr>\n<tr>\n<td colspan=\"3\">C-vitamin<\/p>\n<p>Vitamin D3<\/p>\n<p>Zink<\/td>\n<td colspan=\"2\">1000 mg (1250 %<sup>*<\/sup>)<\/p>\n<p>10 \u00b5g (200 %<sup>*<\/sup>)<\/p>\n<p>5 mg (50 %<sup>*<\/sup>)<\/td>\n<td colspan=\"2\">4000 mg (5000 %<sup>*<\/sup>)<\/p>\n<p>40 \u00b5g (800 %<sup>*<\/sup>)<\/p>\n<p>20 mg (200 %<sup>*<\/sup>)<\/td>\n<\/tr>\n<tr>\n<td colspan=\"7\">*%NRV &#8211; N\u00e4ringsreferensv\u00e4rden (baserat p\u00e5 en 2000-kaloridiet)<\/td>\n<\/tr>\n<\/tbody>\n<\/table>\n<\/div>\n<\/div><div class=\"fusion-clearfix\"><\/div><\/div><\/div><\/div><\/div><\/p>\n","protected":false},"excerpt":{"rendered":"","protected":false},"author":1,"featured_media":0,"parent":12511,"menu_order":0,"comment_status":"closed","ping_status":"closed","template":"","meta":{"footnotes":""},"class_list":["post-19997","page","type-page","status-publish","hentry"],"_links":{"self":[{"href":"https:\/\/vikingforce.se\/sv\/wp-json\/wp\/v2\/pages\/19997","targetHints":{"allow":["GET"]}}],"collection":[{"href":"https:\/\/vikingforce.se\/sv\/wp-json\/wp\/v2\/pages"}],"about":[{"href":"https:\/\/vikingforce.se\/sv\/wp-json\/wp\/v2\/types\/page"}],"author":[{"embeddable":true,"href":"https:\/\/vikingforce.se\/sv\/wp-json\/wp\/v2\/users\/1"}],"replies":[{"embeddable":true,"href":"https:\/\/vikingforce.se\/sv\/wp-json\/wp\/v2\/comments?post=19997"}],"version-history":[{"count":11,"href":"https:\/\/vikingforce.se\/sv\/wp-json\/wp\/v2\/pages\/19997\/revisions"}],"predecessor-version":[{"id":23638,"href":"https:\/\/vikingforce.se\/sv\/wp-json\/wp\/v2\/pages\/19997\/revisions\/23638"}],"up":[{"embeddable":true,"href":"https:\/\/vikingforce.se\/sv\/wp-json\/wp\/v2\/pages\/12511"}],"wp:attachment":[{"href":"https:\/\/vikingforce.se\/sv\/wp-json\/wp\/v2\/media?parent=19997"}],"curies":[{"name":"wp","href":"https:\/\/api.w.org\/{rel}","templated":true}]}}