{"id":19994,"date":"2022-01-19T13:09:04","date_gmt":"2022-01-19T13:09:04","guid":{"rendered":"https:\/\/vikingforce.se\/stimulators\/viking-tnt-pre-workout-liquid\/"},"modified":"2025-06-13T14:15:58","modified_gmt":"2025-06-13T14:15:58","slug":"viking-tnt-pre-workout-liquid","status":"publish","type":"page","link":"https:\/\/vikingforce.se\/sv\/fury-line\/viking-tnt-pre-workout-liquid\/","title":{"rendered":"VIKING TNT PRE-WORKOUT LIQUID"},"content":{"rendered":"<p><div class=\"fusion-fullwidth fullwidth-box fusion-builder-row-1 nonhundred-percent-fullwidth non-hundred-percent-height-scrolling\" style=\"--awb-background-position:center top;--awb-border-color:#f6f6f6;--awb-border-radius-top-left:0px;--awb-border-radius-top-right:0px;--awb-border-radius-bottom-right:0px;--awb-border-radius-bottom-left:0px;--awb-padding-top:1px;--awb-padding-right:0px;--awb-padding-bottom:30px;--awb-padding-left:0px;--awb-background-color:#fff;--awb-border-sizes-top:1px;--awb-border-sizes-bottom:1px;--awb-flex-wrap:wrap;\" ><div class=\"fusion-builder-row fusion-row\"><div class=\"fusion-layout-column fusion_builder_column fusion-builder-column-0 fusion_builder_column_1_2 1_2 fusion-one-half fusion-column-first\" style=\"--awb-bg-size:cover;width:48%; margin-right: 4%;\"><div class=\"fusion-column-wrapper fusion-flex-column-wrapper-legacy\"><div class=\"fusion-sep-clear\"><\/div><div class=\"fusion-separator fusion-full-width-sep\" style=\"margin-left: auto;margin-right: auto;margin-top:60px;width:100%;\"><\/div><div class=\"fusion-sep-clear\"><\/div><div class=\"fusion-image-element in-legacy-container\" style=\"--awb-caption-title-font-family:var(--h2_typography-font-family);--awb-caption-title-font-weight:var(--h2_typography-font-weight);--awb-caption-title-font-style:var(--h2_typography-font-style);--awb-caption-title-size:var(--h2_typography-font-size);--awb-caption-title-transform:var(--h2_typography-text-transform);--awb-caption-title-line-height:var(--h2_typography-line-height);--awb-caption-title-letter-spacing:var(--h2_typography-letter-spacing);\"><span class=\" fusion-imageframe imageframe-none imageframe-1 hover-type-none\"><img decoding=\"async\" width=\"1024\" height=\"1024\" title=\"fury tnt viking\" src=\"https:\/\/vikingforce.se\/wp-content\/uploads\/2024\/06\/fury-tnt-viking-1024x1024.png\" alt class=\"img-responsive wp-image-22285\" srcset=\"https:\/\/vikingforce.se\/wp-content\/uploads\/2024\/06\/fury-tnt-viking-200x200.png 200w, https:\/\/vikingforce.se\/wp-content\/uploads\/2024\/06\/fury-tnt-viking-400x400.png 400w, https:\/\/vikingforce.se\/wp-content\/uploads\/2024\/06\/fury-tnt-viking-600x600.png 600w, https:\/\/vikingforce.se\/wp-content\/uploads\/2024\/06\/fury-tnt-viking-800x800.png 800w, https:\/\/vikingforce.se\/wp-content\/uploads\/2024\/06\/fury-tnt-viking.png 1080w\" sizes=\"(max-width: 800px) 100vw, 600px\" \/><\/span><\/div><div class=\"fusion-text fusion-text-1\"><\/div><div class=\"fusion-clearfix\"><\/div><\/div><\/div><div class=\"fusion-layout-column fusion_builder_column fusion-builder-column-1 fusion_builder_column_1_2 1_2 fusion-one-half fusion-column-last\" style=\"--awb-bg-size:cover;width:48%;\"><div class=\"fusion-column-wrapper fusion-flex-column-wrapper-legacy\"><div class=\"fusion-title title fusion-title-1 fusion-sep-none fusion-title-text fusion-title-size-one title-wg\" style=\"--awb-margin-bottom:5px;\"><h1 class=\"fusion-title-heading title-heading-left\" style=\"margin:0;\">VIKING TNT PRE -WORKOUT LIQUID<\/h1><\/div><div class=\"fusion-text fusion-text-2\"><p style=\"text-align: center;\">(Kosttillskott)<\/p>\n<\/div><div class=\"fusion-text fusion-text-3\"><\/div><div class=\"fusion-sep-clear\"><\/div><div class=\"fusion-separator fusion-full-width-sep\" style=\"margin-left: auto;margin-right: auto;margin-top:10px;width:100%;\"><\/div><div class=\"fusion-sep-clear\"><\/div><div class=\"fusion-text fusion-text-4\"><\/div><div class=\"fusion-text fusion-text-5\"><p class=\"subtitle-wg\" style=\"text-align: center;\">Nettovikt: 500 ml<\/p>\n<\/p>\n<p class=\"subtitle-wg\" style=\"text-align: center;\">Portioner\/Beh\u00e5llare: 16<\/p>\n<\/div><div class=\"fusion-clearfix\"><\/div><\/div><\/div><\/div><\/div><div class=\"fusion-fullwidth fullwidth-box fusion-builder-row-2 nonhundred-percent-fullwidth non-hundred-percent-height-scrolling\" style=\"--awb-border-color:#f6f6f6;--awb-border-radius-top-left:0px;--awb-border-radius-top-right:0px;--awb-border-radius-bottom-right:0px;--awb-border-radius-bottom-left:0px;--awb-padding-top:10px;--awb-padding-right:0px;--awb-padding-bottom:0px;--awb-padding-left:0px;--awb-background-color:#fff;--awb-border-sizes-top:0px;--awb-border-sizes-bottom:0px;--awb-flex-wrap:wrap;\" ><div class=\"fusion-builder-row fusion-row\"><div class=\"fusion-layout-column fusion_builder_column fusion-builder-column-2 fusion_builder_column_1_1 1_1 fusion-one-full fusion-column-first fusion-column-last\" style=\"--awb-bg-size:cover;\"><div class=\"fusion-column-wrapper fusion-flex-column-wrapper-legacy\"><div class=\"fusion-text fusion-text-6\"><h2><b style=\"color: rgb(228, 120, 34);\">VIKING TNT PRE-WORKOUT LIQUID<\/b><\/h2>\n<\/p>\n<p><strong style=\"color: rgb(228, 120, 34);\">Smaker:<\/strong> Apelsin, Aprikos, Skogsb\u00e4r<\/p>\n<p><u><span style=\"color: rgb(163, 108, 14);\">Apelsin<\/span><\/u><\/p>\n<\/p>\n<p><strong>Ingredienser: <\/strong>Multifiltrerat vatten, vegetabilisk glycerol, beta-alanin, L-citrullin DL-malat 2:1, L-arginin AKG 2:1, L-arginin, surhetsreglerande medel (citronsyra), taurin, L-teanin, vattenfri koffein, f\u00e4rg\u00e4mne (paprikaextrakt), L-tyrosin, apelsinsmak, guaranafr\u00f6extrakt (<em>Paullinia cupana,<\/em> 22 % koffein), s\u00f6tningsmedel (sukralos, acesulfam K), niacin (nikotinsyra), konserveringsmedel (kaliumsorbat), metylkobalamin (vitamin B12), pyridoxinhydroklorid (vitamin B6).<\/p>\n<p><u><span style=\"color: rgb(163, 108, 14);\">Aprikos<\/span><\/u><\/p>\n<\/p>\n<p><strong>Ingredienser: <\/strong>Multifiltrerat vatten, vegetabilisk glycerol, beta-alanin, L-citrullin DL-malat 2:1, L-arginin AKG 2:1, L-arginin, surhetsreglerande medel (citronsyra), taurin, L-teanin, vattenfri koffein, L-tyrosin, aprikossmak, guaranafr\u00f6extrakt (<em>Paullinia cupana,<\/em> 22 % koffein), s\u00f6tningsmedel (sukralos, acesulfam K), niacin (nikotinsyra), konserveringsmedel (kaliumsorbat), metylkobalamin (vitamin B12), pyridoxinhydroklorid (vitamin B6).<\/p>\n<p><u><span style=\"color: rgb(163, 108, 14);\">Skogsb\u00e4r<\/span><\/u><\/p>\n<\/p>\n<p><strong>Ingredienser: <\/strong>Multifiltrerat vatten, vegetabilisk glycerol, beta-alanin, L-citrullin DL-malat 2:1, L-arginin AKG 2:1, L-arginin, surhetsreglerande medel (citronsyra), taurin, L-teanin, vattenfri koffein, D-glukuronolakton, L-tyrosin, skogsb\u00e4rssmak (inneh\u00e5ller E122*), guaranafr\u00f6extrakt (<em>Paullinia cupana,<\/em> 22 % koffein), s\u00f6tningsmedel (sukralos, acesulfam K), niacin (nikotinsyra), konserveringsmedel (kaliumsorbat), metylkobalamin (vitamin B12), pyridoxinhydroklorid (vitamin B6). <sup>*Kan ha en negativ inverkan p\u00e5 barns aktivitet och uppm\u00e4rksamhet.<\/sup><\/p>\n<p>\n<\/div><div class=\"fusion-clearfix\"><\/div><\/div><\/div><div class=\"fusion-layout-column fusion_builder_column fusion-builder-column-3 fusion_builder_column_1_2 1_2 fusion-one-half fusion-column-first\" style=\"--awb-bg-size:cover;width:48%; margin-right: 4%;\"><div class=\"fusion-column-wrapper fusion-flex-column-wrapper-legacy\"><div class=\"fusion-text fusion-text-7\"><p class=\"subtitle-st\">Anv\u00e4ndningsanvisning:<\/p>\n<p>Skaka v\u00e4l innan anv\u00e4ndning. Drick f\u00f6rst endast 30 ml blandat med 350-450 ml vatten, och sedan kan du \u00f6ka till en portion p\u00e5 60 ml med 700-900 ml vatten, beroende p\u00e5 din tolerans. Konsumera 20-30 minuter innan tr\u00e4ning.<\/p>\n<p>&nbsp;<\/p>\n<p class=\"subtitle-st\">Allergiinformation:<\/p>\n<\/p>\n<p class=\"subtitle-st\">Tillverkad i en anl\u00e4ggning som \u00e4ven bearbetar mj\u00f6lk, soja, \u00e4gg och vete (gluten) protein.<\/p>\n<\/p>\n<p class=\"subtitle-st\">Viktig information:<\/p>\n<p>Denna produkt \u00e4r ett kosttillskott. Anv\u00e4nd denna produkt tillsammans med mat som en del av en h\u00e4lsosam, balanserad kost, inte som en ers\u00e4ttning f\u00f6r s\u00e5dan. <strong>H\u00f6gt koffeininneh\u00e5ll (150 mg \/ 30 ml portionsstorlek).<\/strong> Rekommenderas inte f\u00f6r barn, gravida och ammande kvinnor eller personer som \u00e4r k\u00e4nsliga f\u00f6r koffein. Den \u00e4r endast avsedd f\u00f6r 18 \u00e5r eller \u00e4ldre. \u00d6verskrid inte den rekommenderade dagliga dosen.<\/p>\n<p>F\u00f6rvara p\u00e5 en sval plats. H\u00e5ll borta fr\u00e5n direkt solljus. F\u00f6rvara i kylsk\u00e5p efter \u00f6ppnande och konsumera inom 2 m\u00e5nader. b\u00e4st f\u00f6re det utg\u00e5ngsdatum som \u00e4r skrivet p\u00e5 f\u00f6rpackningen.<\/p>\n<\/div><div class=\"fusion-clearfix\"><\/div><\/div><\/div><div class=\"fusion-layout-column fusion_builder_column fusion-builder-column-4 fusion_builder_column_1_2 1_2 fusion-one-half fusion-column-last\" style=\"--awb-bg-size:cover;width:48%;\"><div class=\"fusion-column-wrapper fusion-flex-column-wrapper-legacy\"><div class=\"fusion-text fusion-text-8\"><p class=\"subtitle-pl\">N\u00c4RINGSFAKTA<\/p>\n<\/div><div class=\"fusion-text fusion-text-9\"><div class=\"table-1\">\n<table width=\"100%\"><span data-mce-type=\"bookmark\" style=\"display: inline-block; width: 0px; overflow: hidden; line-height: 0;\" class=\"mce_SELRES_start\">\ufeff<\/span><\/p>\n<tbody>\n<tr>\n<td colspan=\"1\"><strong>N\u00e4ringsfakta<\/strong><br \/>\nPortionsstorlek: 30 ml<\/td>\n<td><b>30 ml<\/b><\/td>\n<td><b>60 ml<\/b><\/td>\n<td><b>100 ml<\/b><\/td>\n<\/tr>\n<tr>\n<td>Energi<\/td>\n<td>40 kcal \/ 170 kJ<\/td>\n<td>80 kcal \/ 340 kJ<\/td>\n<td>133,2 kcal \/ 566,1 kJ<\/td>\n<\/tr>\n<tr>\n<td>Fett<\/td>\n<td>10 g<\/td>\n<td>20 g<\/td>\n<td>33,3 g<\/td>\n<\/tr>\n<tr>\n<td>Glycerol<\/td>\n<td>10 g<\/td>\n<td>20 g<\/td>\n<td>33,3 g<\/td>\n<\/tr>\n<tr>\n<td>Beta-alanin<\/td>\n<td>2000 mg<\/td>\n<td>4000 mg<\/td>\n<td>6667 mg<\/td>\n<\/tr>\n<tr>\n<td>L-citrullin DL-malat 2:1<\/td>\n<td>2000 mg<\/td>\n<td>4000 mg<\/td>\n<td>6667 mg<\/td>\n<\/tr>\n<tr>\n<td>L-arginin AKG 2:1<\/td>\n<td>1750 mg<\/td>\n<td>3500 mg<\/td>\n<td>5833 mg<\/td>\n<\/tr>\n<tr>\n<td>L-arginin<\/td>\n<td>1000 mg<\/td>\n<td>2000 mg<\/td>\n<td>3333 mg<\/td>\n<\/tr>\n<tr>\n<td>Taurin<\/td>\n<td>600 mg<\/td>\n<td>1200 mg<\/td>\n<td>2000 mg<\/td>\n<\/tr>\n<tr>\n<td>L-teanin<\/td>\n<td>135 mg<\/td>\n<td>270 mg<\/td>\n<td>450 mg<\/td>\n<\/tr>\n<tr>\n<td>Koffein<\/td>\n<td>135 mg<\/td>\n<td>270 mg<\/td>\n<td>450 mg<\/td>\n<\/tr>\n<tr>\n<td>L-tyrosin<\/td>\n<td>125 mg<\/td>\n<td>250 mg<\/td>\n<td>417 mg<\/td>\n<\/tr>\n<tr>\n<td>D-glukuronolakton<\/td>\n<td>75 mg<\/td>\n<td>150 mg<\/td>\n<td>250 mg<\/td>\n<\/tr>\n<tr>\n<td>Guaranafr\u00f6extrakt<\/td>\n<td>68 mg<\/td>\n<td>136 mg<\/td>\n<td>82 mg<\/td>\n<\/tr>\n<tr>\n<td>&#8211; varav koffein<\/td>\n<td>15 mg<\/td>\n<td>30 mg<\/td>\n<td>50 mg<\/td>\n<\/tr>\n<tr>\n<td>Niacin<\/td>\n<td>40 mg (250 %*)<\/td>\n<td>80 mg (500 %*)<\/td>\n<td>133 mg (831,3 %*)<\/td>\n<\/tr>\n<tr>\n<td>Vitamin B12<\/td>\n<td>5,6 \u00b5g (225 %*)<\/td>\n<td>80 mg (500 %*)<\/td>\n<td>133 mg (831,3 %*)<\/td>\n<\/tr>\n<tr>\n<td>Vitamin B6<\/td>\n<td>2,8 mg (200 %*)<\/td>\n<td>5,6 mg (400 %*)<\/td>\n<td>9,3 mg (666,7 %*)<\/td>\n<\/tr>\n<tr>\n<td colspan=\"4\">*NRVs \u2013 N\u00e4ringsreferensv\u00e4rden<\/td>\n<\/tr>\n<\/tbody>\n<\/table>\n<p>&nbsp;\n<\/p>\n<\/div>\n<p>\n<\/div><div class=\"fusion-clearfix\"><\/div><\/div><\/div><\/div><\/div><\/p>\n","protected":false},"excerpt":{"rendered":"","protected":false},"author":3,"featured_media":0,"parent":21557,"menu_order":0,"comment_status":"closed","ping_status":"closed","template":"","meta":{"footnotes":""},"class_list":["post-19994","page","type-page","status-publish","hentry"],"_links":{"self":[{"href":"https:\/\/vikingforce.se\/sv\/wp-json\/wp\/v2\/pages\/19994","targetHints":{"allow":["GET"]}}],"collection":[{"href":"https:\/\/vikingforce.se\/sv\/wp-json\/wp\/v2\/pages"}],"about":[{"href":"https:\/\/vikingforce.se\/sv\/wp-json\/wp\/v2\/types\/page"}],"author":[{"embeddable":true,"href":"https:\/\/vikingforce.se\/sv\/wp-json\/wp\/v2\/users\/3"}],"replies":[{"embeddable":true,"href":"https:\/\/vikingforce.se\/sv\/wp-json\/wp\/v2\/comments?post=19994"}],"version-history":[{"count":10,"href":"https:\/\/vikingforce.se\/sv\/wp-json\/wp\/v2\/pages\/19994\/revisions"}],"predecessor-version":[{"id":23742,"href":"https:\/\/vikingforce.se\/sv\/wp-json\/wp\/v2\/pages\/19994\/revisions\/23742"}],"up":[{"embeddable":true,"href":"https:\/\/vikingforce.se\/sv\/wp-json\/wp\/v2\/pages\/21557"}],"wp:attachment":[{"href":"https:\/\/vikingforce.se\/sv\/wp-json\/wp\/v2\/media?parent=19994"}],"curies":[{"name":"wp","href":"https:\/\/api.w.org\/{rel}","templated":true}]}}