{"id":19991,"date":"2022-01-19T13:07:18","date_gmt":"2022-01-19T13:07:18","guid":{"rendered":"https:\/\/vikingforce.se\/stimulators\/viking-fury\/"},"modified":"2025-06-13T14:08:49","modified_gmt":"2025-06-13T14:08:49","slug":"viking-fury","status":"publish","type":"page","link":"https:\/\/vikingforce.se\/sv\/fury-line\/viking-fury\/","title":{"rendered":"VIKING FURY"},"content":{"rendered":"<p><div class=\"fusion-fullwidth fullwidth-box fusion-builder-row-1 nonhundred-percent-fullwidth non-hundred-percent-height-scrolling\" style=\"--awb-background-position:center top;--awb-border-color:#f6f6f6;--awb-border-radius-top-left:0px;--awb-border-radius-top-right:0px;--awb-border-radius-bottom-right:0px;--awb-border-radius-bottom-left:0px;--awb-padding-top:1px;--awb-padding-right:0px;--awb-padding-bottom:30px;--awb-padding-left:0px;--awb-background-color:#fff;--awb-border-sizes-top:1px;--awb-border-sizes-bottom:1px;--awb-flex-wrap:wrap;\" ><div class=\"fusion-builder-row fusion-row\"><div class=\"fusion-layout-column fusion_builder_column fusion-builder-column-0 fusion_builder_column_1_2 1_2 fusion-one-half fusion-column-first\" style=\"--awb-bg-size:cover;width:48%; margin-right: 4%;\"><div class=\"fusion-column-wrapper fusion-flex-column-wrapper-legacy\"><div class=\"fusion-sep-clear\"><\/div><div class=\"fusion-separator fusion-full-width-sep\" style=\"margin-left: auto;margin-right: auto;margin-top:60px;width:100%;\"><\/div><div class=\"fusion-sep-clear\"><\/div><div class=\"fusion-text fusion-text-1\"><p><a href=\"https:\/\/vikingforce.se\/wp-content\/uploads\/2024\/02\/VIKING-FURY-PRE-WORKOUT-BLOOD-ORANGE.png\"><img decoding=\"async\" class=\"alignnone size-full wp-image-21539\" src=\"https:\/\/vikingforce.se\/wp-content\/uploads\/2024\/02\/VIKING-FURY-PRE-WORKOUT-BLOOD-ORANGE.png\" alt=\"\" width=\"1024\" height=\"1024\" srcset=\"https:\/\/vikingforce.se\/wp-content\/uploads\/2024\/02\/VIKING-FURY-PRE-WORKOUT-BLOOD-ORANGE-66x66.png 66w, https:\/\/vikingforce.se\/wp-content\/uploads\/2024\/02\/VIKING-FURY-PRE-WORKOUT-BLOOD-ORANGE-150x150.png 150w, https:\/\/vikingforce.se\/wp-content\/uploads\/2024\/02\/VIKING-FURY-PRE-WORKOUT-BLOOD-ORANGE-200x200.png 200w, https:\/\/vikingforce.se\/wp-content\/uploads\/2024\/02\/VIKING-FURY-PRE-WORKOUT-BLOOD-ORANGE-300x300.png 300w, https:\/\/vikingforce.se\/wp-content\/uploads\/2024\/02\/VIKING-FURY-PRE-WORKOUT-BLOOD-ORANGE-400x400.png 400w, https:\/\/vikingforce.se\/wp-content\/uploads\/2024\/02\/VIKING-FURY-PRE-WORKOUT-BLOOD-ORANGE-600x600.png 600w, https:\/\/vikingforce.se\/wp-content\/uploads\/2024\/02\/VIKING-FURY-PRE-WORKOUT-BLOOD-ORANGE-768x768.png 768w, https:\/\/vikingforce.se\/wp-content\/uploads\/2024\/02\/VIKING-FURY-PRE-WORKOUT-BLOOD-ORANGE-800x800.png 800w, https:\/\/vikingforce.se\/wp-content\/uploads\/2024\/02\/VIKING-FURY-PRE-WORKOUT-BLOOD-ORANGE.png 1024w\" sizes=\"(max-width: 1024px) 100vw, 1024px\" \/><\/a><\/p>\n<p>\n<\/div><div class=\"fusion-clearfix\"><\/div><\/div><\/div><div class=\"fusion-layout-column fusion_builder_column fusion-builder-column-1 fusion_builder_column_1_2 1_2 fusion-one-half fusion-column-last\" style=\"--awb-bg-size:cover;width:48%;\"><div class=\"fusion-column-wrapper fusion-flex-column-wrapper-legacy\"><div class=\"fusion-title title fusion-title-1 fusion-sep-none fusion-title-text fusion-title-size-one title-wg\" style=\"--awb-margin-bottom:5px;\"><h1 class=\"fusion-title-heading title-heading-left\" style=\"margin:0;\">FURY PRE-WORKOUT<\/h1><\/div><div class=\"fusion-text fusion-text-2\"><p style=\"text-align: center;\">(Kosttillskott)<\/p>\n<\/div><div class=\"fusion-text fusion-text-3\"><\/div><div class=\"fusion-sep-clear\"><\/div><div class=\"fusion-separator fusion-full-width-sep\" style=\"margin-left: auto;margin-right: auto;margin-top:10px;width:100%;\"><\/div><div class=\"fusion-sep-clear\"><\/div><div class=\"fusion-text fusion-text-4\"><\/div><div class=\"fusion-text fusion-text-5\"><p class=\"subtitle-wg\" style=\"text-align: center;\">Nettovikt: 375 g<\/p>\n<\/p>\n<p class=\"subtitle-wg\" style=\"text-align: center;\">Portioner\/Beh\u00e5llare: 30<\/p>\n<\/div><div class=\"fusion-clearfix\"><\/div><\/div><\/div><\/div><\/div><div class=\"fusion-fullwidth fullwidth-box fusion-builder-row-2 nonhundred-percent-fullwidth non-hundred-percent-height-scrolling\" style=\"--awb-border-color:#f6f6f6;--awb-border-radius-top-left:0px;--awb-border-radius-top-right:0px;--awb-border-radius-bottom-right:0px;--awb-border-radius-bottom-left:0px;--awb-padding-top:10px;--awb-padding-right:0px;--awb-padding-bottom:0px;--awb-padding-left:0px;--awb-background-color:#fff;--awb-border-sizes-top:0px;--awb-border-sizes-bottom:0px;--awb-flex-wrap:wrap;\" ><div class=\"fusion-builder-row fusion-row\"><div class=\"fusion-layout-column fusion_builder_column fusion-builder-column-2 fusion_builder_column_1_1 1_1 fusion-one-full fusion-column-first fusion-column-last\" style=\"--awb-bg-size:cover;\"><div class=\"fusion-column-wrapper fusion-flex-column-wrapper-legacy\"><div class=\"fusion-text fusion-text-6\"><h2>VIKING FURY<\/h2>\n<p><strong>Smaker: <\/strong>Blodapelsin, skogsb\u00e4r, litchi-lime<\/p>\n<p><strong><u>Blodapelsin:<\/u><\/strong><\/p>\n<p><strong>Ingredienser: <\/strong>L-citrullin DL-malat, beta-alanin, glycerolmonostearat, D-asparaginsyra, L-arginin, L-arginin AKG 2:1, r\u00f6dbetsjuicepulverextrakt, L-ornitin HCl, betain HCl, taurin, L-tyrosin, isomaltulos*, surhetsreglerande medel (citronsyra), klumpf\u00f6rebyggande medel (kiseldioxid), trinatriumcitrat, kluster dextrin\u2122 (h\u00f6gf\u00f6rgrenad cyklisk dextrin), smak\u00e4mne, vattenfri koffein, L-teanin, coleus forskohlii rot extrakt (20 % forskolin), s\u00f6tningsmedel (sukralos, acesulfam K), kaliumklorid, vitamin c (askorbinsyra), magnesiumkarbonat, D-glukuronolakton, f\u00e4rg\u00e4mne (paprikaextrakt), cordyceps svampextrakt (mycelium) (cordyceps sinensis, 10 % polysackarider), niacin (nikotinsyra), svartpepparfruktextrakt (<i>piper nigrum<\/i>, 95 % piperin), vitamin B12 (cyanokobalamin). Isomaltulos* (Palatinose\u2122) \u00e4r en k\u00e4lla till fruktos och glukos.<\/p>\n<p><strong><u>Skogsb\u00e4r:<\/u><\/strong><\/p>\n<p><strong>Ingredienser: <\/strong>L-citrullin DL-malat, beta-alanin, glycerolmonostearat, D-asparaginsyra, L-arginin, L-arginin AKG 2:1, r\u00f6dbetsjuicepulverextrakt, L-ornitin HCl, betain HCl, taurin, L-tyrosin, isomaltulos*, surhetsreglerande medel (citronsyra), klumpf\u00f6rebyggande medel (kiseldioxid), trinatriumcitrat, kluster dextrin\u2122 (h\u00f6gf\u00f6rgrenad cyklisk dextrin), smak\u00e4mnen, vattenfri koffein, L-teanin, coleus forskohlii rot extrakt (20 % forskolin), s\u00f6tningsmedel (sukralos, acesulfam K), kaliumklorid, vitamin c (askorbinsyra), magnesiumkarbonat, D-glukuronolakton, cordyceps svampextrakt (mycelium) (cordyceps sinensis, 10 % polysackarider), niacin (nikotinsyra), svartpepparfruktextrakt (<i>piper nigrum<\/i>, 95 % piperin), vitamin B12 (cyanokobalamin). Isomaltulos* (Palatinose\u2122) \u00e4r en k\u00e4lla till fruktos och glukos.<\/p>\n<p><strong><u>Litchi-Lime:<\/u><\/strong><\/p>\n<p><strong>Ingredienser: <\/strong>L-citrullin DL-malat, beta-alanin, glycerolmonostearat, D-asparaginsyra, L-arginin, L-arginin AKG 2:1, r\u00f6dbetsjuicepulverextrakt, L-ornitin HCl, betain HCl, taurin, L-tyrosin, isomaltulos*, surhetsreglerande medel (citronsyra), klumpf\u00f6rebyggande medel (kiseldioxid), trinatriumcitrat, kluster dextrin\u2122 (h\u00f6gf\u00f6rgrenad cyklisk dextrin), smak\u00e4mnen, vattenfri koffein, L-teanin, coleus forskohlii rot extrakt (20 % forskolin), s\u00f6tningsmedel (sukralos, acesulfam K), kaliumklorid, vitamin c (askorbinsyra), magnesiumkarbonat, D-glukuronolakton, cordyceps svampextrakt (mycelium) (cordyceps sinensis, 10 % polysackarider), niacin (nikotinsyra), svartpepparfruktextrakt (<i>piper nigrum<\/i>, 95 % piperin), vitamin B12 (cyanokobalamin). Isomaltulos* (Palatinose\u2122) \u00e4r en k\u00e4lla till fruktos och glukos.<\/p>\n<\/div><div class=\"fusion-clearfix\"><\/div><\/div><\/div><div class=\"fusion-layout-column fusion_builder_column fusion-builder-column-3 fusion_builder_column_1_2 1_2 fusion-one-half fusion-column-first\" style=\"--awb-bg-size:cover;width:48%; margin-right: 4%;\"><div class=\"fusion-column-wrapper fusion-flex-column-wrapper-legacy\"><div class=\"fusion-text fusion-text-7\"><p class=\"subtitle-st\">Anv\u00e4ndningsinstruktioner:<\/p>\n<p>En portion \u00e4r 1 skopa (ungef\u00e4r 12,5 g) blandad med 150-200 ml vatten. Konsumera 1-2 portioner (12,5 g &#8211; 25 g) per dag 20-30 minuter f\u00f6re tr\u00e4ning. \u00d6verskrid inte tv\u00e5 portioner inom 24 timmar. B\u00f6rja med \u00bd portion f\u00f6r att testa toleransen. Denna produkt \u00e4r formulerad med ingredienser som absorberar fukt och kan leda till klumpbildning av pulvret. Detta \u00e4r normalt och produkten kan konsumeras. Vissa personer kan uppleva en stickande och rodnande k\u00e4nsla i huden, vilket \u00e4r ofarligt och tillskrivs beta-alanin och nikotinsyra.<\/p>\n<p class=\"subtitle-st\">Allergiinformation:<\/p>\n<\/p>\n<p class=\"subtitle-st\" style=\"color: #747474;\"><span style=\"font-weight: normal; color: #747474;\">Tillverkad i en anl\u00e4ggning som \u00e4ven hanterar mj\u00f6lk, soja, \u00e4gg och vete (gluten) protein.<\/span><\/p>\n<\/p>\n<p class=\"subtitle-st\">Viktig information:<\/p>\n<p>Denna produkt \u00e4r ett kosttillskott. Anv\u00e4nd denna produkt tillsammans med mat som en del av en h\u00e4lsosam och balanserad kost, inte som ett substitut f\u00f6r s\u00e5dan. <strong>H\u00f6gt koffeininnneh\u00e5ll (150 mg \/ portion p\u00e5 12,5 g).<\/strong> Rekommenderas inte f\u00f6r barn, gravida och ammande kvinnor eller personer k\u00e4nsliga f\u00f6r koffein. Den \u00e4r avsedd endast f\u00f6r personer \u00f6ver 18 \u00e5r. \u00d6verskrid inte den rekommenderade dagliga dosen.<\/p>\n<p>F\u00f6rvara svalt. F\u00f6rvara borta fr\u00e5n direkt solljus. F\u00f6rvara utom r\u00e4ckh\u00e5ll f\u00f6r barn! B\u00e4st f\u00f6re datumet som anges p\u00e5 f\u00f6rpackningen.<\/p>\n<\/div><div class=\"fusion-clearfix\"><\/div><\/div><\/div><div class=\"fusion-layout-column fusion_builder_column fusion-builder-column-4 fusion_builder_column_1_2 1_2 fusion-one-half fusion-column-last\" style=\"--awb-bg-size:cover;width:48%;\"><div class=\"fusion-column-wrapper fusion-flex-column-wrapper-legacy\"><div class=\"fusion-text fusion-text-8\"><p class=\"subtitle-pl\">N\u00c4RINGSFAKTA<\/p>\n<\/div><div class=\"fusion-text fusion-text-9\"><div class=\"table-1\">\n<table width=\"0\">\n<tbody>\n<tr>\n<td width=\"241\"><strong>N\u00e4ringsinformation<\/strong><\/p>\n<p><strong>Portionsstorlek: 1 skopa (12,5 g)<\/strong><\/p>\n<p><strong>Portioner per beh\u00e5llare: 30<\/strong><\/td>\n<td width=\"121\"><strong>12,5 g<\/strong><\/td>\n<td width=\"176\"><strong>25 g<\/strong><\/td>\n<td width=\"160\"><strong>100 g<\/strong><\/td>\n<\/tr>\n<tr>\n<td width=\"241\">Energiv\u00e4rde<\/p>\n<p>Proteiner<sup>som fria aminosyror<\/sup><\/p>\n<p>Kolhydrater<\/p>\n<p>Fetter<\/td>\n<td width=\"121\">79,6 kJ\/19 kcal<\/p>\n<p>2,4 g<\/p>\n<p>0,7 g<\/p>\n<p>0,7 g<\/td>\n<td width=\"176\">159,2 kJ\/37,9 kcal<\/p>\n<p>4,7 g<\/p>\n<p>1,4 g<\/p>\n<p>1,5 g<\/td>\n<td width=\"160\">636,8 kJ\/151,6 kcal<\/p>\n<p>18,9 g<\/p>\n<p>5,6 g<\/p>\n<p>6 g<\/td>\n<\/tr>\n<tr>\n<td width=\"241\"><strong>Pumpkomplex<\/strong><\/p>\n<p>L-Citrullin DL-Malat<\/p>\n<p>Glycerolmonostearat<\/p>\n<p>L-Arginin AKG 2:1<\/p>\n<p>L-Arginin<\/p>\n<p>R\u00f6dbetsjuicekoncentrat<\/p>\n<p>L-Ornitin HCl<\/p>\n<p>Niacin<\/td>\n<td width=\"121\"><strong>5785 mg<\/strong><\/p>\n<p>3000 mg<\/p>\n<p>750 mg<\/p>\n<p>500 mg<\/p>\n<p>500 mg<\/p>\n<p>500 mg<\/p>\n<p>500 mg<\/p>\n<p>35 mg (218,8 %<sup>*<\/sup>)<\/td>\n<td width=\"176\"><strong>11570 mg<\/strong><\/p>\n<p>6000 mg<\/p>\n<p>1500 mg<\/p>\n<p>1000 mg<\/p>\n<p>1000 mg<\/p>\n<p>1000 mg<\/p>\n<p>1000 mg<\/p>\n<p>70 mg (437,5%<sup>*<\/sup>)<\/td>\n<td width=\"160\"><strong>46280 mg<\/strong><\/p>\n<p>24000 mg<\/p>\n<p>6000 mg<\/p>\n<p>4000 mg<\/p>\n<p>4000 mg<\/p>\n<p>4000 mg<\/p>\n<p>4000 mg<\/p>\n<p>280 mg<\/td>\n<\/tr>\n<tr>\n<td width=\"241\"><strong>Styrka &amp; Prestandakomplex<\/strong><\/p>\n<p>Beta Alanin<\/p>\n<p>Betain HCl<\/p>\n<p>Vitamin C<\/p>\n<p>Sibirisk Ginsengrotextrakt<\/td>\n<td width=\"121\"><strong>1895 mg<\/strong><\/p>\n<p>1250 mg<\/p>\n<p>500 mg<\/p>\n<p>120 mg (150 % <sup>*<\/sup>)<\/p>\n<p>25 mg<\/td>\n<td width=\"176\"><strong>3790 mg<\/strong><\/p>\n<p>2500 mg<\/p>\n<p>1000 mg<\/p>\n<p>240 mg (300 % <sup>*<\/sup>)<\/p>\n<p>50 mg<\/td>\n<td width=\"160\"><strong>15160 mg<\/strong><\/p>\n<p>10000 mg<\/p>\n<p>4000 mg<\/p>\n<p>960 mg (1200 % *)<\/p>\n<p>200 mg<\/td>\n<\/tr>\n<tr>\n<td width=\"241\"><strong>\u00d6verl\u00e4gset energikomplex<\/strong><\/p>\n<p>Palatinose\u2122 &amp; Cluster Dextrin\u2122<\/p>\n<p>Taurin<\/p>\n<p>D-Glukuronolakton<\/p>\n<p>Vitamin B12<\/td>\n<td width=\"121\"><strong>1250 mg<\/strong><\/p>\n<p>688 mg<\/p>\n<p>500 mg<\/p>\n<p>62,5 mg<\/p>\n<p>0,5 \u00b5g (20 % <sup>*<\/sup>)<\/td>\n<td width=\"176\"><strong>2501 mg<\/strong><\/p>\n<p>1375 mg<\/p>\n<p>1000 mg<\/p>\n<p>125 mg<\/p>\n<p>1 \u00b5g (40 % <sup>*<\/sup>)<\/td>\n<td width=\"160\"><strong>10004 mg<\/strong><\/p>\n<p>5500 mg<\/p>\n<p>4000 mg<\/p>\n<p>500 mg<\/p>\n<p>4 \u00b5g (160 % *)<\/td>\n<\/tr>\n<tr>\n<td width=\"241\"><strong>Fokus &amp; Kognitionskomplex<\/strong><\/p>\n<p>L-Tyrosin<\/p>\n<p>Vattenfri koffein<\/p>\n<p>L-Teanin<\/td>\n<td width=\"121\"><strong>800 mg<\/strong><\/p>\n<p>500 mg<\/p>\n<p>150 mg<\/p>\n<p>150 mg<\/td>\n<td width=\"176\"><strong>1600 mg<\/strong><\/p>\n<p>1000 mg<\/p>\n<p>300 mg<\/p>\n<p>300 mg<\/td>\n<td width=\"160\"><strong>6400 mg<\/strong><\/p>\n<p>4000 mg<\/p>\n<p>1200 mg<\/p>\n<p>1200 mg<\/td>\n<\/tr>\n<tr>\n<td width=\"241\"><strong>T&amp;GH Boosterkomplex <\/strong><\/p>\n<p>D-Asparaginsyra<\/p>\n<p>Coleus Forskohlii rotextrakt<\/td>\n<td width=\"121\"><strong>775 mg<\/strong><\/p>\n<p>625 mg<\/p>\n<p>150 mg<\/td>\n<td width=\"176\"><b>1550 mg<\/b><\/p>\n<p>1250 mg<\/p>\n<p>300 mg<\/td>\n<td width=\"160\"><strong>6200 mg<\/strong><\/p>\n<p>5000 mg<\/p>\n<p>1200 mg<\/td>\n<\/tr>\n<tr>\n<td width=\"241\"><strong>N\u00e4ringsabsorptionsbooster<\/strong><\/p>\n<p>Natrium (fr\u00e5n trinatriumcitrat)<\/p>\n<p>Kalium (fr\u00e5n kaliumklorid)<\/p>\n<p>Magnesium (fr\u00e5n magnesiumkarbonat)<\/p>\n<p>Svartpepparfruktextrakt<\/p>\n<p><em>&#8211; varav piperin<\/em><\/td>\n<td width=\"121\"><strong>625,5 mg<\/strong><\/p>\n<p>100 mg<\/p>\n<p>75 mg (3,8 % <sup>*<\/sup>)<\/p>\n<p>22,5 mg (6 % <sup>*<\/sup>)<\/p>\n<p>4 mg<\/p>\n<p><em>3,8 mg<\/em><\/td>\n<td width=\"176\"><strong>1305 mg<\/strong><\/p>\n<p>200 mg<\/p>\n<p>150 mg (7,5 % <sup>*<\/sup>)<\/p>\n<p>45 mg (12 % <sup>*<\/sup>)<\/p>\n<p>7,9 mg<\/p>\n<p><em>7,5 mg<\/em><\/td>\n<td width=\"160\"><strong>5220 mg<\/strong><\/p>\n<p>800 mg<\/p>\n<p>600 mg (30 % <sup>*<\/sup>)<\/p>\n<p>180 mg (48 % <sup>*<\/sup>)<\/p>\n<p>31,6 mg<\/p>\n<p><em>30 mg<\/em><\/td>\n<\/tr>\n<\/tbody>\n<\/table>\n<p>%*NRV &#8211; N\u00e4ringsreferensv\u00e4rden (baserat p\u00e5 en diet p\u00e5 2 000 kalorier)<\/p>\n<\/div>\n<\/div><div class=\"fusion-clearfix\"><\/div><\/div><\/div><\/div><\/div><\/p>\n","protected":false},"excerpt":{"rendered":"","protected":false},"author":3,"featured_media":0,"parent":21557,"menu_order":0,"comment_status":"closed","ping_status":"closed","template":"","meta":{"footnotes":""},"class_list":["post-19991","page","type-page","status-publish","hentry"],"_links":{"self":[{"href":"https:\/\/vikingforce.se\/sv\/wp-json\/wp\/v2\/pages\/19991","targetHints":{"allow":["GET"]}}],"collection":[{"href":"https:\/\/vikingforce.se\/sv\/wp-json\/wp\/v2\/pages"}],"about":[{"href":"https:\/\/vikingforce.se\/sv\/wp-json\/wp\/v2\/types\/page"}],"author":[{"embeddable":true,"href":"https:\/\/vikingforce.se\/sv\/wp-json\/wp\/v2\/users\/3"}],"replies":[{"embeddable":true,"href":"https:\/\/vikingforce.se\/sv\/wp-json\/wp\/v2\/comments?post=19991"}],"version-history":[{"count":12,"href":"https:\/\/vikingforce.se\/sv\/wp-json\/wp\/v2\/pages\/19991\/revisions"}],"predecessor-version":[{"id":23736,"href":"https:\/\/vikingforce.se\/sv\/wp-json\/wp\/v2\/pages\/19991\/revisions\/23736"}],"up":[{"embeddable":true,"href":"https:\/\/vikingforce.se\/sv\/wp-json\/wp\/v2\/pages\/21557"}],"wp:attachment":[{"href":"https:\/\/vikingforce.se\/sv\/wp-json\/wp\/v2\/media?parent=19991"}],"curies":[{"name":"wp","href":"https:\/\/api.w.org\/{rel}","templated":true}]}}